{"id":3009,"date":"2021-02-17T15:12:55","date_gmt":"2021-02-17T13:12:55","guid":{"rendered":"https:\/\/bonfortuno.eu\/?post_type=product&#038;p=3009"},"modified":"2021-02-17T15:12:55","modified_gmt":"2021-02-17T13:12:55","slug":"vaga-hellus","status":"publish","type":"product","link":"https:\/\/bonfortuno.eu\/ru\/toode\/vaga-hellus\/","title":{"rendered":"&#187;\u0421\u0430\u043c\u0430 \u043d\u0435\u0436\u043d\u043e\u0441\u0442\u044c&#187;"},"content":{"rendered":"","protected":false},"excerpt":{"rendered":"<p>\u0423\u0434\u0438\u0432\u0438\u0442\u0435\u043b\u044c\u043d\u043e \u043a\u0440\u0430\u0441\u0438\u0432\u0430\u044f \u043a\u043e\u0440\u0437\u0438\u043d\u0430 \u0441 \u0440\u043e\u0437\u043e\u0432\u044b\u043c\u0438 \u0440\u043e\u0437\u0430\u043c\u0438 \u0438 \u044d\u043a\u0437\u043e\u0442\u0438\u0447\u0435\u0441\u043a\u0438\u043c\u0438 \u043e\u0440\u0445\u0438\u0434\u0435\u044f\u043c\u0438 .<br \/>\n\u0422\u0435\u043f\u0435\u0440\u044c \u0412\u044b \u0437\u043d\u0430\u0435\u0442\u0435, \u043a\u0430\u043a \u0443\u0434\u0438\u0432\u0438\u0442\u044c \u0431\u043b\u0438\u0437\u043a\u043e\u0433\u043e \u0447\u0435\u043b\u043e\u0432\u0435\u043a\u0430 \u0438 \u043a\u043e\u043b\u043b\u0435\u0433 \u043f\u043e \u0440\u0430\u0431\u043e\u0442\u0435!<\/p>\n","protected":false},"featured_media":2691,"template":"","meta":[],"product_brand":[],"product_cat":[76,36,35],"product_tag":[],"class_list":{"0":"post-3009","1":"product","2":"type-product","3":"status-publish","4":"has-post-thumbnail","6":"product_cat-koik-tooted","7":"product_cat-lilleseade-korvis","8":"product_cat-lilleseaded","10":"first","11":"instock","12":"shipping-taxable","13":"purchasable","14":"product-type-simple"},"yoast_head":"<!-- This site is optimized with the Yoast SEO plugin v27.3 - https:\/\/yoast.com\/product\/yoast-seo-wordpress\/ -->\n<title>&quot;\u0421\u0430\u043c\u0430 \u043d\u0435\u0436\u043d\u043e\u0441\u0442\u044c&quot; | Bonfortuno<\/title>\n<meta name=\"robots\" content=\"index, follow, max-snippet:-1, max-image-preview:large, max-video-preview:-1\" \/>\n<link rel=\"canonical\" href=\"https:\/\/bonfortuno.eu\/toode\/vaga-hellus\/\" \/>\n<meta property=\"og:locale\" content=\"ru_RU\" \/>\n<meta property=\"og:type\" content=\"article\" \/>\n<meta property=\"og:title\" content=\"[:et]&quot;V\u00e4ga hellus&quot;[:ru]&quot;\u0421\u0430\u043c\u0430 \u043d\u0435\u0436\u043d\u043e\u0441\u0442\u044c&quot;[:en]&quot;The very tenderness&quot;[:] | Bonfortuno\" \/>\n<meta property=\"og:description\" content=\"[:et]H\u00e4mmastavalt ilus korv roosade rooside ja eksootiliste orhideedega. N\u00fc\u00fcd teate, kuidas kallimat ja t\u00f6\u00f6kolleege \u00fcllatada![:ru]\u0423\u0434\u0438\u0432\u0438\u0442\u0435\u043b\u044c\u043d\u043e \u043a\u0440\u0430\u0441\u0438\u0432\u0430\u044f \u043a\u043e\u0440\u0437\u0438\u043d\u0430 \u0441 \u0440\u043e\u0437\u043e\u0432\u044b\u043c\u0438 \u0440\u043e\u0437\u0430\u043c\u0438 \u0438 \u044d\u043a\u0437\u043e\u0442\u0438\u0447\u0435\u0441\u043a\u0438\u043c\u0438 \u043e\u0440\u0445\u0438\u0434\u0435\u044f\u043c\u0438 .  \u0422\u0435\u043f\u0435\u0440\u044c \u0412\u044b \u0437\u043d\u0430\u0435\u0442\u0435, \u043a\u0430\u043a \u0443\u0434\u0438\u0432\u0438\u0442\u044c \u0431\u043b\u0438\u0437\u043a\u043e\u0433\u043e \u0447\u0435\u043b\u043e\u0432\u0435\u043a\u0430 \u0438 \u043a\u043e\u043b\u043b\u0435\u0433 \u043f\u043e \u0440\u0430\u0431\u043e\u0442\u0435![:en]Amazingly beautiful basket with pink roses and exotic orchids. Now you know how to surprise a loved one and work colleagues![:]\" \/>\n<meta property=\"og:url\" content=\"https:\/\/bonfortuno.eu\/toode\/vaga-hellus\/\" \/>\n<meta property=\"og:site_name\" content=\"Bonfortuno\" \/>\n<meta property=\"og:image\" content=\"https:\/\/bonfortuno.eu\/wp-content\/uploads\/2020\/05\/IMG_1078.jpg\" \/>\n\t<meta property=\"og:image:width\" content=\"800\" \/>\n\t<meta property=\"og:image:height\" content=\"800\" \/>\n\t<meta property=\"og:image:type\" content=\"image\/jpeg\" \/>\n<meta name=\"twitter:card\" content=\"summary_large_image\" \/>\n<script type=\"application\/ld+json\" class=\"yoast-schema-graph\">{\"@context\":\"https:\\\/\\\/schema.org\",\"@graph\":[{\"@type\":\"WebPage\",\"@id\":\"https:\\\/\\\/bonfortuno.eu\\\/toode\\\/vaga-hellus\\\/\",\"url\":\"https:\\\/\\\/bonfortuno.eu\\\/toode\\\/vaga-hellus\\\/\",\"name\":\"[:et]\\\"V\u00e4ga hellus\\\"[:ru]\\\"\u0421\u0430\u043c\u0430 \u043d\u0435\u0436\u043d\u043e\u0441\u0442\u044c\\\"[:en]\\\"The very tenderness\\\"[:] | Bonfortuno\",\"isPartOf\":{\"@id\":\"https:\\\/\\\/bonfortuno.eu\\\/ru\\\/#website\"},\"primaryImageOfPage\":{\"@id\":\"https:\\\/\\\/bonfortuno.eu\\\/toode\\\/vaga-hellus\\\/#primaryimage\"},\"image\":{\"@id\":\"https:\\\/\\\/bonfortuno.eu\\\/toode\\\/vaga-hellus\\\/#primaryimage\"},\"thumbnailUrl\":\"https:\\\/\\\/bonfortuno.eu\\\/wp-content\\\/uploads\\\/2020\\\/05\\\/IMG_1078.jpg\",\"datePublished\":\"2021-02-17T13:12:55+00:00\",\"breadcrumb\":{\"@id\":\"https:\\\/\\\/bonfortuno.eu\\\/toode\\\/vaga-hellus\\\/#breadcrumb\"},\"inLanguage\":\"ru-RU\",\"potentialAction\":[{\"@type\":\"ReadAction\",\"target\":[\"https:\\\/\\\/bonfortuno.eu\\\/toode\\\/vaga-hellus\\\/\"]}]},{\"@type\":\"ImageObject\",\"inLanguage\":\"ru-RU\",\"@id\":\"https:\\\/\\\/bonfortuno.eu\\\/toode\\\/vaga-hellus\\\/#primaryimage\",\"url\":\"https:\\\/\\\/bonfortuno.eu\\\/wp-content\\\/uploads\\\/2020\\\/05\\\/IMG_1078.jpg\",\"contentUrl\":\"https:\\\/\\\/bonfortuno.eu\\\/wp-content\\\/uploads\\\/2020\\\/05\\\/IMG_1078.jpg\",\"width\":800,\"height\":800},{\"@type\":\"BreadcrumbList\",\"@id\":\"https:\\\/\\\/bonfortuno.eu\\\/toode\\\/vaga-hellus\\\/#breadcrumb\",\"itemListElement\":[{\"@type\":\"ListItem\",\"position\":1,\"name\":\"\u0413\u043b\u0430\u0432\u043d\u0430\u044f \u0441\u0442\u0440\u0430\u043d\u0438\u0446\u0430\",\"item\":\"https:\\\/\\\/bonfortuno.eu\\\/\"},{\"@type\":\"ListItem\",\"position\":2,\"name\":\"\u041c\u0430\u0433\u0430\u0437\u0438\u043d\",\"item\":\"https:\\\/\\\/bonfortuno.eu\\\/\"},{\"@type\":\"ListItem\",\"position\":3,\"name\":\"&#8220;V\u00e4ga hellus&#8221;\"}]},{\"@type\":\"WebSite\",\"@id\":\"https:\\\/\\\/bonfortuno.eu\\\/ru\\\/#website\",\"url\":\"https:\\\/\\\/bonfortuno.eu\\\/ru\\\/\",\"name\":\"Bonfortuno\",\"description\":\"\u0414\u043e\u0431\u0440\u043e \u043f\u043e\u0436\u0430\u043b\u043e\u0432\u0430\u0442\u044c \u0432 \u043c\u0438\u0440 \u0441\u0432\u0435\u0436\u0438\u0445 \u0446\u0432\u0435\u0442\u043e\u0432\",\"potentialAction\":[{\"@type\":\"SearchAction\",\"target\":{\"@type\":\"EntryPoint\",\"urlTemplate\":\"https:\\\/\\\/bonfortuno.eu\\\/ru\\\/?s={search_term_string}\"},\"query-input\":{\"@type\":\"PropertyValueSpecification\",\"valueRequired\":true,\"valueName\":\"search_term_string\"}}],\"inLanguage\":\"ru-RU\"}]}<\/script>\n<!-- \/ Yoast SEO plugin. -->","yoast_head_json":{"title":"[:et]\"V\u00e4ga hellus\"[:ru]\"\u0421\u0430\u043c\u0430 \u043d\u0435\u0436\u043d\u043e\u0441\u0442\u044c\"[:en]\"The very tenderness\"[:] | Bonfortuno","robots":{"index":"index","follow":"follow","max-snippet":"max-snippet:-1","max-image-preview":"max-image-preview:large","max-video-preview":"max-video-preview:-1"},"canonical":"https:\/\/bonfortuno.eu\/toode\/vaga-hellus\/","og_locale":"ru_RU","og_type":"article","og_title":"[:et]\"V\u00e4ga hellus\"[:ru]\"\u0421\u0430\u043c\u0430 \u043d\u0435\u0436\u043d\u043e\u0441\u0442\u044c\"[:en]\"The very tenderness\"[:] | Bonfortuno","og_description":"[:et]H\u00e4mmastavalt ilus korv roosade rooside ja eksootiliste orhideedega. N\u00fc\u00fcd teate, kuidas kallimat ja t\u00f6\u00f6kolleege \u00fcllatada![:ru]\u0423\u0434\u0438\u0432\u0438\u0442\u0435\u043b\u044c\u043d\u043e \u043a\u0440\u0430\u0441\u0438\u0432\u0430\u044f \u043a\u043e\u0440\u0437\u0438\u043d\u0430 \u0441 \u0440\u043e\u0437\u043e\u0432\u044b\u043c\u0438 \u0440\u043e\u0437\u0430\u043c\u0438 \u0438 \u044d\u043a\u0437\u043e\u0442\u0438\u0447\u0435\u0441\u043a\u0438\u043c\u0438 \u043e\u0440\u0445\u0438\u0434\u0435\u044f\u043c\u0438 .  \u0422\u0435\u043f\u0435\u0440\u044c \u0412\u044b \u0437\u043d\u0430\u0435\u0442\u0435, \u043a\u0430\u043a \u0443\u0434\u0438\u0432\u0438\u0442\u044c \u0431\u043b\u0438\u0437\u043a\u043e\u0433\u043e \u0447\u0435\u043b\u043e\u0432\u0435\u043a\u0430 \u0438 \u043a\u043e\u043b\u043b\u0435\u0433 \u043f\u043e \u0440\u0430\u0431\u043e\u0442\u0435![:en]Amazingly beautiful basket with pink roses and exotic orchids. Now you know how to surprise a loved one and work colleagues![:]","og_url":"https:\/\/bonfortuno.eu\/toode\/vaga-hellus\/","og_site_name":"Bonfortuno","og_image":[{"width":800,"height":800,"url":"https:\/\/bonfortuno.eu\/wp-content\/uploads\/2020\/05\/IMG_1078.jpg","type":"image\/jpeg"}],"twitter_card":"summary_large_image","schema":{"@context":"https:\/\/schema.org","@graph":[{"@type":"WebPage","@id":"https:\/\/bonfortuno.eu\/toode\/vaga-hellus\/","url":"https:\/\/bonfortuno.eu\/toode\/vaga-hellus\/","name":"[:et]\"V\u00e4ga hellus\"[:ru]\"\u0421\u0430\u043c\u0430 \u043d\u0435\u0436\u043d\u043e\u0441\u0442\u044c\"[:en]\"The very tenderness\"[:] | Bonfortuno","isPartOf":{"@id":"https:\/\/bonfortuno.eu\/ru\/#website"},"primaryImageOfPage":{"@id":"https:\/\/bonfortuno.eu\/toode\/vaga-hellus\/#primaryimage"},"image":{"@id":"https:\/\/bonfortuno.eu\/toode\/vaga-hellus\/#primaryimage"},"thumbnailUrl":"https:\/\/bonfortuno.eu\/wp-content\/uploads\/2020\/05\/IMG_1078.jpg","datePublished":"2021-02-17T13:12:55+00:00","breadcrumb":{"@id":"https:\/\/bonfortuno.eu\/toode\/vaga-hellus\/#breadcrumb"},"inLanguage":"ru-RU","potentialAction":[{"@type":"ReadAction","target":["https:\/\/bonfortuno.eu\/toode\/vaga-hellus\/"]}]},{"@type":"ImageObject","inLanguage":"ru-RU","@id":"https:\/\/bonfortuno.eu\/toode\/vaga-hellus\/#primaryimage","url":"https:\/\/bonfortuno.eu\/wp-content\/uploads\/2020\/05\/IMG_1078.jpg","contentUrl":"https:\/\/bonfortuno.eu\/wp-content\/uploads\/2020\/05\/IMG_1078.jpg","width":800,"height":800},{"@type":"BreadcrumbList","@id":"https:\/\/bonfortuno.eu\/toode\/vaga-hellus\/#breadcrumb","itemListElement":[{"@type":"ListItem","position":1,"name":"\u0413\u043b\u0430\u0432\u043d\u0430\u044f \u0441\u0442\u0440\u0430\u043d\u0438\u0446\u0430","item":"https:\/\/bonfortuno.eu\/"},{"@type":"ListItem","position":2,"name":"\u041c\u0430\u0433\u0430\u0437\u0438\u043d","item":"https:\/\/bonfortuno.eu\/"},{"@type":"ListItem","position":3,"name":"&#8220;V\u00e4ga hellus&#8221;"}]},{"@type":"WebSite","@id":"https:\/\/bonfortuno.eu\/ru\/#website","url":"https:\/\/bonfortuno.eu\/ru\/","name":"Bonfortuno","description":"\u0414\u043e\u0431\u0440\u043e \u043f\u043e\u0436\u0430\u043b\u043e\u0432\u0430\u0442\u044c \u0432 \u043c\u0438\u0440 \u0441\u0432\u0435\u0436\u0438\u0445 \u0446\u0432\u0435\u0442\u043e\u0432","potentialAction":[{"@type":"SearchAction","target":{"@type":"EntryPoint","urlTemplate":"https:\/\/bonfortuno.eu\/ru\/?s={search_term_string}"},"query-input":{"@type":"PropertyValueSpecification","valueRequired":true,"valueName":"search_term_string"}}],"inLanguage":"ru-RU"}]}},"_links":{"self":[{"href":"https:\/\/bonfortuno.eu\/ru\/wp-json\/wp\/v2\/product\/3009","targetHints":{"allow":["GET"]}}],"collection":[{"href":"https:\/\/bonfortuno.eu\/ru\/wp-json\/wp\/v2\/product"}],"about":[{"href":"https:\/\/bonfortuno.eu\/ru\/wp-json\/wp\/v2\/types\/product"}],"wp:featuredmedia":[{"embeddable":true,"href":"https:\/\/bonfortuno.eu\/ru\/wp-json\/wp\/v2\/media\/2691"}],"wp:attachment":[{"href":"https:\/\/bonfortuno.eu\/ru\/wp-json\/wp\/v2\/media?parent=3009"}],"wp:term":[{"taxonomy":"product_brand","embeddable":true,"href":"https:\/\/bonfortuno.eu\/ru\/wp-json\/wp\/v2\/product_brand?post=3009"},{"taxonomy":"product_cat","embeddable":true,"href":"https:\/\/bonfortuno.eu\/ru\/wp-json\/wp\/v2\/product_cat?post=3009"},{"taxonomy":"product_tag","embeddable":true,"href":"https:\/\/bonfortuno.eu\/ru\/wp-json\/wp\/v2\/product_tag?post=3009"}],"curies":[{"name":"wp","href":"https:\/\/api.w.org\/{rel}","templated":true}]}}