{"id":3011,"date":"2021-02-17T15:26:04","date_gmt":"2021-02-17T13:26:04","guid":{"rendered":"https:\/\/bonfortuno.eu\/?post_type=product&#038;p=3011"},"modified":"2022-01-13T13:26:52","modified_gmt":"2022-01-13T11:26:52","slug":"roosa-kergus","status":"publish","type":"product","link":"https:\/\/bonfortuno.eu\/ru\/toode\/roosa-kergus\/","title":{"rendered":"&#187;\u0420\u043e\u0437\u043e\u0432\u0430\u044f \u043b\u0435\u0433\u043a\u043e\u0441\u0442\u044c&#187;"},"content":{"rendered":"","protected":false},"excerpt":{"rendered":"<p>\u0412\u0435\u0441\u0435\u043b\u0430\u044f \u0438 \u043e\u0447\u0430\u0440\u043e\u0432\u0430\u0442\u0435\u043b\u044c\u043d\u043e-\u043d\u0435\u0436\u043d\u0430\u044f \u0446\u0432\u0435\u0442\u043e\u0447\u043d\u0430\u044f \u043a\u043e\u0440\u0437\u0438\u043d\u0430 \u0441  \u0440\u043e\u0437\u0430\u043c\u0438 &#8212; \u043b\u0443\u0447\u0448\u0438\u0439 \u0441\u0435\u0437\u043e\u043d\u043d\u044b\u0439 \u043f\u043e\u0434\u0430\u0440\u043e\u043a \u0432 \u0433\u043e\u0434\u0443!<\/p>\n","protected":false},"featured_media":2692,"template":"","meta":[],"product_brand":[],"product_cat":[76,36,35],"product_tag":[],"class_list":{"0":"post-3011","1":"product","2":"type-product","3":"status-publish","4":"has-post-thumbnail","6":"product_cat-koik-tooted","7":"product_cat-lilleseade-korvis","8":"product_cat-lilleseaded","10":"first","11":"instock","12":"shipping-taxable","13":"purchasable","14":"product-type-simple"},"yoast_head":"<!-- This site is optimized with the Yoast SEO plugin v27.3 - https:\/\/yoast.com\/product\/yoast-seo-wordpress\/ -->\n<title>&quot;\u0420\u043e\u0437\u043e\u0432\u0430\u044f \u043b\u0435\u0433\u043a\u043e\u0441\u0442\u044c&quot; | Bonfortuno<\/title>\n<meta name=\"robots\" content=\"index, follow, max-snippet:-1, max-image-preview:large, max-video-preview:-1\" \/>\n<link rel=\"canonical\" href=\"https:\/\/bonfortuno.eu\/toode\/roosa-kergus\/\" \/>\n<meta property=\"og:locale\" content=\"ru_RU\" \/>\n<meta property=\"og:type\" content=\"article\" \/>\n<meta property=\"og:title\" content=\"[:et]&quot;Roosa kergus&quot;[:ru]&quot;\u0420\u043e\u0437\u043e\u0432\u0430\u044f \u043b\u0435\u0433\u043a\u043e\u0441\u0442\u044c&quot;[:en]&quot;Pink lightness&quot;[:] | Bonfortuno\" \/>\n<meta property=\"og:description\" content=\"[:et] R\u00f5\u00f5msameelne ja v\u00f5luvalt \u00f5rn roosidega lillekorv on selle aasta parim hooajaline kingitus![:ru]\u0412\u0435\u0441\u0435\u043b\u0430\u044f \u0438 \u043e\u0447\u0430\u0440\u043e\u0432\u0430\u0442\u0435\u043b\u044c\u043d\u043e-\u043d\u0435\u0436\u043d\u0430\u044f \u0446\u0432\u0435\u0442\u043e\u0447\u043d\u0430\u044f \u043a\u043e\u0440\u0437\u0438\u043d\u0430 \u0441 \u0440\u043e\u0437\u0430\u043c\u0438 - \u043b\u0443\u0447\u0448\u0438\u0439 \u0441\u0435\u0437\u043e\u043d\u043d\u044b\u0439 \u043f\u043e\u0434\u0430\u0440\u043e\u043a \u0432 \u0433\u043e\u0434\u0443![:en]A cheerful and charmingly delicate flower basket with roses is the best seasonal gift of the year![:]\" \/>\n<meta property=\"og:url\" content=\"https:\/\/bonfortuno.eu\/toode\/roosa-kergus\/\" \/>\n<meta property=\"og:site_name\" content=\"Bonfortuno\" \/>\n<meta property=\"article:modified_time\" content=\"2022-01-13T11:26:52+00:00\" \/>\n<meta property=\"og:image\" content=\"https:\/\/bonfortuno.eu\/wp-content\/uploads\/2020\/05\/IMG_1079.jpg\" \/>\n\t<meta property=\"og:image:width\" content=\"425\" \/>\n\t<meta property=\"og:image:height\" content=\"425\" \/>\n\t<meta property=\"og:image:type\" content=\"image\/jpeg\" \/>\n<meta name=\"twitter:card\" content=\"summary_large_image\" \/>\n<script type=\"application\/ld+json\" class=\"yoast-schema-graph\">{\"@context\":\"https:\\\/\\\/schema.org\",\"@graph\":[{\"@type\":\"WebPage\",\"@id\":\"https:\\\/\\\/bonfortuno.eu\\\/toode\\\/roosa-kergus\\\/\",\"url\":\"https:\\\/\\\/bonfortuno.eu\\\/toode\\\/roosa-kergus\\\/\",\"name\":\"[:et]\\\"Roosa kergus\\\"[:ru]\\\"\u0420\u043e\u0437\u043e\u0432\u0430\u044f \u043b\u0435\u0433\u043a\u043e\u0441\u0442\u044c\\\"[:en]\\\"Pink lightness\\\"[:] | Bonfortuno\",\"isPartOf\":{\"@id\":\"https:\\\/\\\/bonfortuno.eu\\\/ru\\\/#website\"},\"primaryImageOfPage\":{\"@id\":\"https:\\\/\\\/bonfortuno.eu\\\/toode\\\/roosa-kergus\\\/#primaryimage\"},\"image\":{\"@id\":\"https:\\\/\\\/bonfortuno.eu\\\/toode\\\/roosa-kergus\\\/#primaryimage\"},\"thumbnailUrl\":\"https:\\\/\\\/bonfortuno.eu\\\/wp-content\\\/uploads\\\/2020\\\/05\\\/IMG_1079.jpg\",\"datePublished\":\"2021-02-17T13:26:04+00:00\",\"dateModified\":\"2022-01-13T11:26:52+00:00\",\"breadcrumb\":{\"@id\":\"https:\\\/\\\/bonfortuno.eu\\\/toode\\\/roosa-kergus\\\/#breadcrumb\"},\"inLanguage\":\"ru-RU\",\"potentialAction\":[{\"@type\":\"ReadAction\",\"target\":[\"https:\\\/\\\/bonfortuno.eu\\\/toode\\\/roosa-kergus\\\/\"]}]},{\"@type\":\"ImageObject\",\"inLanguage\":\"ru-RU\",\"@id\":\"https:\\\/\\\/bonfortuno.eu\\\/toode\\\/roosa-kergus\\\/#primaryimage\",\"url\":\"https:\\\/\\\/bonfortuno.eu\\\/wp-content\\\/uploads\\\/2020\\\/05\\\/IMG_1079.jpg\",\"contentUrl\":\"https:\\\/\\\/bonfortuno.eu\\\/wp-content\\\/uploads\\\/2020\\\/05\\\/IMG_1079.jpg\",\"width\":425,\"height\":425},{\"@type\":\"BreadcrumbList\",\"@id\":\"https:\\\/\\\/bonfortuno.eu\\\/toode\\\/roosa-kergus\\\/#breadcrumb\",\"itemListElement\":[{\"@type\":\"ListItem\",\"position\":1,\"name\":\"\u0413\u043b\u0430\u0432\u043d\u0430\u044f \u0441\u0442\u0440\u0430\u043d\u0438\u0446\u0430\",\"item\":\"https:\\\/\\\/bonfortuno.eu\\\/\"},{\"@type\":\"ListItem\",\"position\":2,\"name\":\"\u041c\u0430\u0433\u0430\u0437\u0438\u043d\",\"item\":\"https:\\\/\\\/bonfortuno.eu\\\/\"},{\"@type\":\"ListItem\",\"position\":3,\"name\":\"&#8220;Roosa kergus&#8221;\"}]},{\"@type\":\"WebSite\",\"@id\":\"https:\\\/\\\/bonfortuno.eu\\\/ru\\\/#website\",\"url\":\"https:\\\/\\\/bonfortuno.eu\\\/ru\\\/\",\"name\":\"Bonfortuno\",\"description\":\"\u0414\u043e\u0431\u0440\u043e \u043f\u043e\u0436\u0430\u043b\u043e\u0432\u0430\u0442\u044c \u0432 \u043c\u0438\u0440 \u0441\u0432\u0435\u0436\u0438\u0445 \u0446\u0432\u0435\u0442\u043e\u0432\",\"potentialAction\":[{\"@type\":\"SearchAction\",\"target\":{\"@type\":\"EntryPoint\",\"urlTemplate\":\"https:\\\/\\\/bonfortuno.eu\\\/ru\\\/?s={search_term_string}\"},\"query-input\":{\"@type\":\"PropertyValueSpecification\",\"valueRequired\":true,\"valueName\":\"search_term_string\"}}],\"inLanguage\":\"ru-RU\"}]}<\/script>\n<!-- \/ Yoast SEO plugin. -->","yoast_head_json":{"title":"[:et]\"Roosa kergus\"[:ru]\"\u0420\u043e\u0437\u043e\u0432\u0430\u044f \u043b\u0435\u0433\u043a\u043e\u0441\u0442\u044c\"[:en]\"Pink lightness\"[:] | Bonfortuno","robots":{"index":"index","follow":"follow","max-snippet":"max-snippet:-1","max-image-preview":"max-image-preview:large","max-video-preview":"max-video-preview:-1"},"canonical":"https:\/\/bonfortuno.eu\/toode\/roosa-kergus\/","og_locale":"ru_RU","og_type":"article","og_title":"[:et]\"Roosa kergus\"[:ru]\"\u0420\u043e\u0437\u043e\u0432\u0430\u044f \u043b\u0435\u0433\u043a\u043e\u0441\u0442\u044c\"[:en]\"Pink lightness\"[:] | Bonfortuno","og_description":"[:et] R\u00f5\u00f5msameelne ja v\u00f5luvalt \u00f5rn roosidega lillekorv on selle aasta parim hooajaline kingitus![:ru]\u0412\u0435\u0441\u0435\u043b\u0430\u044f \u0438 \u043e\u0447\u0430\u0440\u043e\u0432\u0430\u0442\u0435\u043b\u044c\u043d\u043e-\u043d\u0435\u0436\u043d\u0430\u044f \u0446\u0432\u0435\u0442\u043e\u0447\u043d\u0430\u044f \u043a\u043e\u0440\u0437\u0438\u043d\u0430 \u0441 \u0440\u043e\u0437\u0430\u043c\u0438 - \u043b\u0443\u0447\u0448\u0438\u0439 \u0441\u0435\u0437\u043e\u043d\u043d\u044b\u0439 \u043f\u043e\u0434\u0430\u0440\u043e\u043a \u0432 \u0433\u043e\u0434\u0443![:en]A cheerful and charmingly delicate flower basket with roses is the best seasonal gift of the year![:]","og_url":"https:\/\/bonfortuno.eu\/toode\/roosa-kergus\/","og_site_name":"Bonfortuno","article_modified_time":"2022-01-13T11:26:52+00:00","og_image":[{"width":425,"height":425,"url":"https:\/\/bonfortuno.eu\/wp-content\/uploads\/2020\/05\/IMG_1079.jpg","type":"image\/jpeg"}],"twitter_card":"summary_large_image","schema":{"@context":"https:\/\/schema.org","@graph":[{"@type":"WebPage","@id":"https:\/\/bonfortuno.eu\/toode\/roosa-kergus\/","url":"https:\/\/bonfortuno.eu\/toode\/roosa-kergus\/","name":"[:et]\"Roosa kergus\"[:ru]\"\u0420\u043e\u0437\u043e\u0432\u0430\u044f \u043b\u0435\u0433\u043a\u043e\u0441\u0442\u044c\"[:en]\"Pink lightness\"[:] | Bonfortuno","isPartOf":{"@id":"https:\/\/bonfortuno.eu\/ru\/#website"},"primaryImageOfPage":{"@id":"https:\/\/bonfortuno.eu\/toode\/roosa-kergus\/#primaryimage"},"image":{"@id":"https:\/\/bonfortuno.eu\/toode\/roosa-kergus\/#primaryimage"},"thumbnailUrl":"https:\/\/bonfortuno.eu\/wp-content\/uploads\/2020\/05\/IMG_1079.jpg","datePublished":"2021-02-17T13:26:04+00:00","dateModified":"2022-01-13T11:26:52+00:00","breadcrumb":{"@id":"https:\/\/bonfortuno.eu\/toode\/roosa-kergus\/#breadcrumb"},"inLanguage":"ru-RU","potentialAction":[{"@type":"ReadAction","target":["https:\/\/bonfortuno.eu\/toode\/roosa-kergus\/"]}]},{"@type":"ImageObject","inLanguage":"ru-RU","@id":"https:\/\/bonfortuno.eu\/toode\/roosa-kergus\/#primaryimage","url":"https:\/\/bonfortuno.eu\/wp-content\/uploads\/2020\/05\/IMG_1079.jpg","contentUrl":"https:\/\/bonfortuno.eu\/wp-content\/uploads\/2020\/05\/IMG_1079.jpg","width":425,"height":425},{"@type":"BreadcrumbList","@id":"https:\/\/bonfortuno.eu\/toode\/roosa-kergus\/#breadcrumb","itemListElement":[{"@type":"ListItem","position":1,"name":"\u0413\u043b\u0430\u0432\u043d\u0430\u044f \u0441\u0442\u0440\u0430\u043d\u0438\u0446\u0430","item":"https:\/\/bonfortuno.eu\/"},{"@type":"ListItem","position":2,"name":"\u041c\u0430\u0433\u0430\u0437\u0438\u043d","item":"https:\/\/bonfortuno.eu\/"},{"@type":"ListItem","position":3,"name":"&#8220;Roosa kergus&#8221;"}]},{"@type":"WebSite","@id":"https:\/\/bonfortuno.eu\/ru\/#website","url":"https:\/\/bonfortuno.eu\/ru\/","name":"Bonfortuno","description":"\u0414\u043e\u0431\u0440\u043e \u043f\u043e\u0436\u0430\u043b\u043e\u0432\u0430\u0442\u044c \u0432 \u043c\u0438\u0440 \u0441\u0432\u0435\u0436\u0438\u0445 \u0446\u0432\u0435\u0442\u043e\u0432","potentialAction":[{"@type":"SearchAction","target":{"@type":"EntryPoint","urlTemplate":"https:\/\/bonfortuno.eu\/ru\/?s={search_term_string}"},"query-input":{"@type":"PropertyValueSpecification","valueRequired":true,"valueName":"search_term_string"}}],"inLanguage":"ru-RU"}]}},"_links":{"self":[{"href":"https:\/\/bonfortuno.eu\/ru\/wp-json\/wp\/v2\/product\/3011","targetHints":{"allow":["GET"]}}],"collection":[{"href":"https:\/\/bonfortuno.eu\/ru\/wp-json\/wp\/v2\/product"}],"about":[{"href":"https:\/\/bonfortuno.eu\/ru\/wp-json\/wp\/v2\/types\/product"}],"wp:featuredmedia":[{"embeddable":true,"href":"https:\/\/bonfortuno.eu\/ru\/wp-json\/wp\/v2\/media\/2692"}],"wp:attachment":[{"href":"https:\/\/bonfortuno.eu\/ru\/wp-json\/wp\/v2\/media?parent=3011"}],"wp:term":[{"taxonomy":"product_brand","embeddable":true,"href":"https:\/\/bonfortuno.eu\/ru\/wp-json\/wp\/v2\/product_brand?post=3011"},{"taxonomy":"product_cat","embeddable":true,"href":"https:\/\/bonfortuno.eu\/ru\/wp-json\/wp\/v2\/product_cat?post=3011"},{"taxonomy":"product_tag","embeddable":true,"href":"https:\/\/bonfortuno.eu\/ru\/wp-json\/wp\/v2\/product_tag?post=3011"}],"curies":[{"name":"wp","href":"https:\/\/api.w.org\/{rel}","templated":true}]}}