{"id":3013,"date":"2021-02-17T16:06:41","date_gmt":"2021-02-17T14:06:41","guid":{"rendered":"https:\/\/bonfortuno.eu\/?post_type=product&#038;p=3013"},"modified":"2024-03-05T15:20:06","modified_gmt":"2024-03-05T13:20:06","slug":"kevad","status":"publish","type":"product","link":"https:\/\/bonfortuno.eu\/ru\/toode\/kevad\/","title":{"rendered":"&#187;\u0412\u0435\u0441\u043d\u0430 &#171;"},"content":{"rendered":"","protected":false},"excerpt":{"rendered":"<p>\u041a\u043e\u0440\u0437\u0438\u043d\u0430 \u0438\u0437 29 \u043a\u0440\u0430\u0441\u043d\u044b\u0445 \u0442\u044e\u043b\u044c\u043f\u0430\u043d\u043e\u0432 \u0438 \u0437\u0435\u043b\u0435\u043d\u044c\u044e , \u0441\u0442\u0430\u043d\u0435\u0442 \u043f\u0440\u0435\u043a\u0440\u0430\u0441\u043d\u044b\u043c \u043f\u043e\u0434\u0430\u0440\u043a\u043e\u043c \u043d\u0430 8 \u043c\u0430\u0440\u0442\u0430 \u0438\u043b\u0438 \u043d\u0430 \u0434\u0440\u0443\u0433\u043e\u0439 \u043b\u044e\u0431\u043e\u0439 \u0442\u043e\u0440\u0436\u0435\u0441\u0442\u0432\u0435\u043d\u043d\u044b\u0439 \u043f\u043e\u0432\u043e\u0434 .\u0412\u043e\u0441\u0445\u0438\u0442\u0438\u0442\u0435\u043b\u044c\u043d\u044b\u0435 \u0442\u044e\u043b\u044c\u043f\u0430\u043d\u044b \u043f\u0440\u0435\u0434\u0432\u0435\u0441\u043d\u0438\u043a\u0438  \u0442\u0435\u043f\u043b\u044b\u0445 \u0441\u043e\u043b\u043d\u0435\u0447\u043d\u044b\u0445 \u0434\u043d\u0435\u0439.<\/p>\n","protected":false},"featured_media":2694,"template":"","meta":[],"product_brand":[],"product_cat":[76,36,35],"product_tag":[],"class_list":{"0":"post-3013","1":"product","2":"type-product","3":"status-publish","4":"has-post-thumbnail","6":"product_cat-koik-tooted","7":"product_cat-lilleseade-korvis","8":"product_cat-lilleseaded","10":"first","11":"instock","12":"shipping-taxable","13":"purchasable","14":"product-type-simple"},"yoast_head":"<!-- This site is optimized with the Yoast SEO plugin v27.3 - https:\/\/yoast.com\/product\/yoast-seo-wordpress\/ -->\n<title>&quot;\u0412\u0435\u0441\u043d\u0430 &quot; | Bonfortuno<\/title>\n<meta name=\"robots\" content=\"index, follow, max-snippet:-1, max-image-preview:large, max-video-preview:-1\" \/>\n<link rel=\"canonical\" href=\"https:\/\/bonfortuno.eu\/toode\/kevad\/\" \/>\n<meta property=\"og:locale\" content=\"ru_RU\" \/>\n<meta property=\"og:type\" content=\"article\" \/>\n<meta property=\"og:title\" content=\"[:et]&quot;Kevad&quot;[:ru]&quot;\u0412\u0435\u0441\u043d\u0430 &quot;[:en]&quot;Spring&quot;[:] | Bonfortuno\" \/>\n<meta property=\"og:description\" content=\"[:et]Korv 29 punase tulbi ja rohelusega on suurep\u00e4rane kingitus 8. m\u00e4rtsiks v\u00f5i muuks pidulikuks s\u00fcndmuseks. M\u00f5nusad tulbid on sooja p\u00e4ikesepaistelise p\u00e4eva eelk\u00e4ijad.[:ru]\u041a\u043e\u0440\u0437\u0438\u043d\u0430 \u0438\u0437 29 \u043a\u0440\u0430\u0441\u043d\u044b\u0445 \u0442\u044e\u043b\u044c\u043f\u0430\u043d\u043e\u0432 \u0438 \u0437\u0435\u043b\u0435\u043d\u044c\u044e , \u0441\u0442\u0430\u043d\u0435\u0442 \u043f\u0440\u0435\u043a\u0440\u0430\u0441\u043d\u044b\u043c \u043f\u043e\u0434\u0430\u0440\u043a\u043e\u043c \u043d\u0430 8 \u043c\u0430\u0440\u0442\u0430 \u0438\u043b\u0438 \u043d\u0430 \u0434\u0440\u0443\u0433\u043e\u0439 \u043b\u044e\u0431\u043e\u0439 \u0442\u043e\u0440\u0436\u0435\u0441\u0442\u0432\u0435\u043d\u043d\u044b\u0439 \u043f\u043e\u0432\u043e\u0434 .\u0412\u043e\u0441\u0445\u0438\u0442\u0438\u0442\u0435\u043b\u044c\u043d\u044b\u0435 \u0442\u044e\u043b\u044c\u043f\u0430\u043d\u044b \u043f\u0440\u0435\u0434\u0432\u0435\u0441\u043d\u0438\u043a\u0438 \u0442\u0435\u043f\u043b\u044b\u0445 \u0441\u043e\u043b\u043d\u0435\u0447\u043d\u044b\u0445 \u0434\u043d\u0435\u0439.[:en]A basket of 29 red tulips and greenery will be a wonderful gift for March 8 or any other solemn occasion. Delightful tulips are the precursors of warm sunny days.[:]\" \/>\n<meta property=\"og:url\" content=\"https:\/\/bonfortuno.eu\/toode\/kevad\/\" \/>\n<meta property=\"og:site_name\" content=\"Bonfortuno\" \/>\n<meta property=\"article:modified_time\" content=\"2024-03-05T13:20:06+00:00\" \/>\n<meta property=\"og:image\" content=\"https:\/\/bonfortuno.eu\/wp-content\/uploads\/2020\/05\/IMG_2761-scaled.jpg\" \/>\n\t<meta property=\"og:image:width\" content=\"1440\" \/>\n\t<meta property=\"og:image:height\" content=\"1920\" \/>\n\t<meta property=\"og:image:type\" content=\"image\/jpeg\" \/>\n<meta name=\"twitter:card\" content=\"summary_large_image\" \/>\n<script type=\"application\/ld+json\" class=\"yoast-schema-graph\">{\"@context\":\"https:\\\/\\\/schema.org\",\"@graph\":[{\"@type\":\"WebPage\",\"@id\":\"https:\\\/\\\/bonfortuno.eu\\\/toode\\\/kevad\\\/\",\"url\":\"https:\\\/\\\/bonfortuno.eu\\\/toode\\\/kevad\\\/\",\"name\":\"[:et]\\\"Kevad\\\"[:ru]\\\"\u0412\u0435\u0441\u043d\u0430 \\\"[:en]\\\"Spring\\\"[:] | Bonfortuno\",\"isPartOf\":{\"@id\":\"https:\\\/\\\/bonfortuno.eu\\\/ru\\\/#website\"},\"primaryImageOfPage\":{\"@id\":\"https:\\\/\\\/bonfortuno.eu\\\/toode\\\/kevad\\\/#primaryimage\"},\"image\":{\"@id\":\"https:\\\/\\\/bonfortuno.eu\\\/toode\\\/kevad\\\/#primaryimage\"},\"thumbnailUrl\":\"https:\\\/\\\/bonfortuno.eu\\\/wp-content\\\/uploads\\\/2020\\\/05\\\/IMG_2761-scaled.jpg\",\"datePublished\":\"2021-02-17T14:06:41+00:00\",\"dateModified\":\"2024-03-05T13:20:06+00:00\",\"breadcrumb\":{\"@id\":\"https:\\\/\\\/bonfortuno.eu\\\/toode\\\/kevad\\\/#breadcrumb\"},\"inLanguage\":\"ru-RU\",\"potentialAction\":[{\"@type\":\"ReadAction\",\"target\":[\"https:\\\/\\\/bonfortuno.eu\\\/toode\\\/kevad\\\/\"]}]},{\"@type\":\"ImageObject\",\"inLanguage\":\"ru-RU\",\"@id\":\"https:\\\/\\\/bonfortuno.eu\\\/toode\\\/kevad\\\/#primaryimage\",\"url\":\"https:\\\/\\\/bonfortuno.eu\\\/wp-content\\\/uploads\\\/2020\\\/05\\\/IMG_2761-scaled.jpg\",\"contentUrl\":\"https:\\\/\\\/bonfortuno.eu\\\/wp-content\\\/uploads\\\/2020\\\/05\\\/IMG_2761-scaled.jpg\",\"width\":1440,\"height\":1920},{\"@type\":\"BreadcrumbList\",\"@id\":\"https:\\\/\\\/bonfortuno.eu\\\/toode\\\/kevad\\\/#breadcrumb\",\"itemListElement\":[{\"@type\":\"ListItem\",\"position\":1,\"name\":\"\u0413\u043b\u0430\u0432\u043d\u0430\u044f \u0441\u0442\u0440\u0430\u043d\u0438\u0446\u0430\",\"item\":\"https:\\\/\\\/bonfortuno.eu\\\/\"},{\"@type\":\"ListItem\",\"position\":2,\"name\":\"\u041c\u0430\u0433\u0430\u0437\u0438\u043d\",\"item\":\"https:\\\/\\\/bonfortuno.eu\\\/\"},{\"@type\":\"ListItem\",\"position\":3,\"name\":\"&#8220;Kevad&#8221;\"}]},{\"@type\":\"WebSite\",\"@id\":\"https:\\\/\\\/bonfortuno.eu\\\/ru\\\/#website\",\"url\":\"https:\\\/\\\/bonfortuno.eu\\\/ru\\\/\",\"name\":\"Bonfortuno\",\"description\":\"\u0414\u043e\u0431\u0440\u043e \u043f\u043e\u0436\u0430\u043b\u043e\u0432\u0430\u0442\u044c \u0432 \u043c\u0438\u0440 \u0441\u0432\u0435\u0436\u0438\u0445 \u0446\u0432\u0435\u0442\u043e\u0432\",\"potentialAction\":[{\"@type\":\"SearchAction\",\"target\":{\"@type\":\"EntryPoint\",\"urlTemplate\":\"https:\\\/\\\/bonfortuno.eu\\\/ru\\\/?s={search_term_string}\"},\"query-input\":{\"@type\":\"PropertyValueSpecification\",\"valueRequired\":true,\"valueName\":\"search_term_string\"}}],\"inLanguage\":\"ru-RU\"}]}<\/script>\n<!-- \/ Yoast SEO plugin. -->","yoast_head_json":{"title":"[:et]\"Kevad\"[:ru]\"\u0412\u0435\u0441\u043d\u0430 \"[:en]\"Spring\"[:] | Bonfortuno","robots":{"index":"index","follow":"follow","max-snippet":"max-snippet:-1","max-image-preview":"max-image-preview:large","max-video-preview":"max-video-preview:-1"},"canonical":"https:\/\/bonfortuno.eu\/toode\/kevad\/","og_locale":"ru_RU","og_type":"article","og_title":"[:et]\"Kevad\"[:ru]\"\u0412\u0435\u0441\u043d\u0430 \"[:en]\"Spring\"[:] | Bonfortuno","og_description":"[:et]Korv 29 punase tulbi ja rohelusega on suurep\u00e4rane kingitus 8. m\u00e4rtsiks v\u00f5i muuks pidulikuks s\u00fcndmuseks. M\u00f5nusad tulbid on sooja p\u00e4ikesepaistelise p\u00e4eva eelk\u00e4ijad.[:ru]\u041a\u043e\u0440\u0437\u0438\u043d\u0430 \u0438\u0437 29 \u043a\u0440\u0430\u0441\u043d\u044b\u0445 \u0442\u044e\u043b\u044c\u043f\u0430\u043d\u043e\u0432 \u0438 \u0437\u0435\u043b\u0435\u043d\u044c\u044e , \u0441\u0442\u0430\u043d\u0435\u0442 \u043f\u0440\u0435\u043a\u0440\u0430\u0441\u043d\u044b\u043c \u043f\u043e\u0434\u0430\u0440\u043a\u043e\u043c \u043d\u0430 8 \u043c\u0430\u0440\u0442\u0430 \u0438\u043b\u0438 \u043d\u0430 \u0434\u0440\u0443\u0433\u043e\u0439 \u043b\u044e\u0431\u043e\u0439 \u0442\u043e\u0440\u0436\u0435\u0441\u0442\u0432\u0435\u043d\u043d\u044b\u0439 \u043f\u043e\u0432\u043e\u0434 .\u0412\u043e\u0441\u0445\u0438\u0442\u0438\u0442\u0435\u043b\u044c\u043d\u044b\u0435 \u0442\u044e\u043b\u044c\u043f\u0430\u043d\u044b \u043f\u0440\u0435\u0434\u0432\u0435\u0441\u043d\u0438\u043a\u0438 \u0442\u0435\u043f\u043b\u044b\u0445 \u0441\u043e\u043b\u043d\u0435\u0447\u043d\u044b\u0445 \u0434\u043d\u0435\u0439.[:en]A basket of 29 red tulips and greenery will be a wonderful gift for March 8 or any other solemn occasion. Delightful tulips are the precursors of warm sunny days.[:]","og_url":"https:\/\/bonfortuno.eu\/toode\/kevad\/","og_site_name":"Bonfortuno","article_modified_time":"2024-03-05T13:20:06+00:00","og_image":[{"width":1440,"height":1920,"url":"https:\/\/bonfortuno.eu\/wp-content\/uploads\/2020\/05\/IMG_2761-scaled.jpg","type":"image\/jpeg"}],"twitter_card":"summary_large_image","schema":{"@context":"https:\/\/schema.org","@graph":[{"@type":"WebPage","@id":"https:\/\/bonfortuno.eu\/toode\/kevad\/","url":"https:\/\/bonfortuno.eu\/toode\/kevad\/","name":"[:et]\"Kevad\"[:ru]\"\u0412\u0435\u0441\u043d\u0430 \"[:en]\"Spring\"[:] | Bonfortuno","isPartOf":{"@id":"https:\/\/bonfortuno.eu\/ru\/#website"},"primaryImageOfPage":{"@id":"https:\/\/bonfortuno.eu\/toode\/kevad\/#primaryimage"},"image":{"@id":"https:\/\/bonfortuno.eu\/toode\/kevad\/#primaryimage"},"thumbnailUrl":"https:\/\/bonfortuno.eu\/wp-content\/uploads\/2020\/05\/IMG_2761-scaled.jpg","datePublished":"2021-02-17T14:06:41+00:00","dateModified":"2024-03-05T13:20:06+00:00","breadcrumb":{"@id":"https:\/\/bonfortuno.eu\/toode\/kevad\/#breadcrumb"},"inLanguage":"ru-RU","potentialAction":[{"@type":"ReadAction","target":["https:\/\/bonfortuno.eu\/toode\/kevad\/"]}]},{"@type":"ImageObject","inLanguage":"ru-RU","@id":"https:\/\/bonfortuno.eu\/toode\/kevad\/#primaryimage","url":"https:\/\/bonfortuno.eu\/wp-content\/uploads\/2020\/05\/IMG_2761-scaled.jpg","contentUrl":"https:\/\/bonfortuno.eu\/wp-content\/uploads\/2020\/05\/IMG_2761-scaled.jpg","width":1440,"height":1920},{"@type":"BreadcrumbList","@id":"https:\/\/bonfortuno.eu\/toode\/kevad\/#breadcrumb","itemListElement":[{"@type":"ListItem","position":1,"name":"\u0413\u043b\u0430\u0432\u043d\u0430\u044f \u0441\u0442\u0440\u0430\u043d\u0438\u0446\u0430","item":"https:\/\/bonfortuno.eu\/"},{"@type":"ListItem","position":2,"name":"\u041c\u0430\u0433\u0430\u0437\u0438\u043d","item":"https:\/\/bonfortuno.eu\/"},{"@type":"ListItem","position":3,"name":"&#8220;Kevad&#8221;"}]},{"@type":"WebSite","@id":"https:\/\/bonfortuno.eu\/ru\/#website","url":"https:\/\/bonfortuno.eu\/ru\/","name":"Bonfortuno","description":"\u0414\u043e\u0431\u0440\u043e \u043f\u043e\u0436\u0430\u043b\u043e\u0432\u0430\u0442\u044c \u0432 \u043c\u0438\u0440 \u0441\u0432\u0435\u0436\u0438\u0445 \u0446\u0432\u0435\u0442\u043e\u0432","potentialAction":[{"@type":"SearchAction","target":{"@type":"EntryPoint","urlTemplate":"https:\/\/bonfortuno.eu\/ru\/?s={search_term_string}"},"query-input":{"@type":"PropertyValueSpecification","valueRequired":true,"valueName":"search_term_string"}}],"inLanguage":"ru-RU"}]}},"_links":{"self":[{"href":"https:\/\/bonfortuno.eu\/ru\/wp-json\/wp\/v2\/product\/3013","targetHints":{"allow":["GET"]}}],"collection":[{"href":"https:\/\/bonfortuno.eu\/ru\/wp-json\/wp\/v2\/product"}],"about":[{"href":"https:\/\/bonfortuno.eu\/ru\/wp-json\/wp\/v2\/types\/product"}],"wp:featuredmedia":[{"embeddable":true,"href":"https:\/\/bonfortuno.eu\/ru\/wp-json\/wp\/v2\/media\/2694"}],"wp:attachment":[{"href":"https:\/\/bonfortuno.eu\/ru\/wp-json\/wp\/v2\/media?parent=3013"}],"wp:term":[{"taxonomy":"product_brand","embeddable":true,"href":"https:\/\/bonfortuno.eu\/ru\/wp-json\/wp\/v2\/product_brand?post=3013"},{"taxonomy":"product_cat","embeddable":true,"href":"https:\/\/bonfortuno.eu\/ru\/wp-json\/wp\/v2\/product_cat?post=3013"},{"taxonomy":"product_tag","embeddable":true,"href":"https:\/\/bonfortuno.eu\/ru\/wp-json\/wp\/v2\/product_tag?post=3013"}],"curies":[{"name":"wp","href":"https:\/\/api.w.org\/{rel}","templated":true}]}}