{"id":3017,"date":"2021-02-17T19:11:09","date_gmt":"2021-02-17T17:11:09","guid":{"rendered":"https:\/\/bonfortuno.eu\/?post_type=product&#038;p=3017"},"modified":"2021-02-17T19:11:09","modified_gmt":"2021-02-17T17:11:09","slug":"armastuse-harmoonia","status":"publish","type":"product","link":"https:\/\/bonfortuno.eu\/ru\/toode\/armastuse-harmoonia\/","title":{"rendered":"&#187;\u0413\u0430\u0440\u043c\u043e\u043d\u0438\u044f \u043b\u044e\u0431\u0432\u0438 &#171;"},"content":{"rendered":"","protected":false},"excerpt":{"rendered":"<p>\u0410\u043b\u044b\u0435 \u0440\u043e\u0437\u044b \u0432 \u043a\u043e\u0440\u0437\u0438\u043d\u0435  &#8212; \u0441\u0438\u043c\u0432\u043e\u043b\u0438\u0447\u043d\u044b\u0439 \u043f\u043e\u0434\u0430\u0440\u043e\u043a. \u041f\u043e\u0434\u0430\u0440\u043e\u043a &#8212; \u043f\u043e\u0441\u043b\u0430\u043d\u0438\u0435, \u0440\u0430\u0441\u0441\u043a\u0430\u0437 \u043e \u0441\u0430\u043c\u044b\u0445 \u0441\u043e\u043a\u0440\u043e\u0432\u0435\u043d\u043d\u044b\u0445 \u0447\u0443\u0432\u0441\u0442\u0432\u0430\u0445. \u041e\u0442\u043a\u0440\u043e\u0432\u0435\u043d\u043d\u044b\u0439, \u0441 \u0433\u043b\u0443\u0431\u043e\u043a\u0438\u043c\u0438 \u043f\u0435\u0440\u0435\u0436\u0438\u0432\u0430\u043d\u0438\u044f\u043c\u0438 \u0431\u0443\u043a\u0435\u0442, \u0433\u0434\u0435 \u043a\u0430\u0436\u0434\u044b\u0439 \u043b\u0435\u043f\u0435\u0441\u0442\u043e\u043a &#8212; \u043f\u0440\u0438\u0437\u043d\u0430\u043d\u0438\u0435 \u0432 \u043b\u044e\u0431\u0432\u0438<\/p>\n","protected":false},"featured_media":2809,"template":"","meta":[],"product_brand":[],"product_cat":[76,36,35],"product_tag":[],"class_list":{"0":"post-3017","1":"product","2":"type-product","3":"status-publish","4":"has-post-thumbnail","6":"product_cat-koik-tooted","7":"product_cat-lilleseade-korvis","8":"product_cat-lilleseaded","10":"first","11":"instock","12":"shipping-taxable","13":"purchasable","14":"product-type-simple"},"yoast_head":"<!-- This site is optimized with the Yoast SEO plugin v27.3 - https:\/\/yoast.com\/product\/yoast-seo-wordpress\/ -->\n<title>&quot;\u0413\u0430\u0440\u043c\u043e\u043d\u0438\u044f \u043b\u044e\u0431\u0432\u0438 &quot; | Bonfortuno<\/title>\n<meta name=\"robots\" content=\"index, follow, max-snippet:-1, max-image-preview:large, max-video-preview:-1\" \/>\n<link rel=\"canonical\" href=\"https:\/\/bonfortuno.eu\/toode\/armastuse-harmoonia\/\" \/>\n<meta property=\"og:locale\" content=\"ru_RU\" \/>\n<meta property=\"og:type\" content=\"article\" \/>\n<meta property=\"og:title\" content=\"[:et]&quot;Armastuse harmoonia&quot;[:ru]&quot;\u0413\u0430\u0440\u043c\u043e\u043d\u0438\u044f \u043b\u044e\u0431\u0432\u0438 &quot;[:en]&quot;Harmony of love&quot;[:] | Bonfortuno\" \/>\n<meta property=\"og:description\" content=\"[:et]Scarlet roosid korvis on s\u00fcmboolne kingitus. Kingitus on s\u00f5num, lugu teie sisimistest tunnetest. S\u00fcgavate tunnetega aus kimp, kus iga kroonleht on armastusavaldus[:ru]\u0410\u043b\u044b\u0435 \u0440\u043e\u0437\u044b \u0432 \u043a\u043e\u0440\u0437\u0438\u043d\u0435 - \u0441\u0438\u043c\u0432\u043e\u043b\u0438\u0447\u043d\u044b\u0439 \u043f\u043e\u0434\u0430\u0440\u043e\u043a. \u041f\u043e\u0434\u0430\u0440\u043e\u043a - \u043f\u043e\u0441\u043b\u0430\u043d\u0438\u0435, \u0440\u0430\u0441\u0441\u043a\u0430\u0437 \u043e \u0441\u0430\u043c\u044b\u0445 \u0441\u043e\u043a\u0440\u043e\u0432\u0435\u043d\u043d\u044b\u0445 \u0447\u0443\u0432\u0441\u0442\u0432\u0430\u0445. \u041e\u0442\u043a\u0440\u043e\u0432\u0435\u043d\u043d\u044b\u0439, \u0441 \u0433\u043b\u0443\u0431\u043e\u043a\u0438\u043c\u0438 \u043f\u0435\u0440\u0435\u0436\u0438\u0432\u0430\u043d\u0438\u044f\u043c\u0438 \u0431\u0443\u043a\u0435\u0442, \u0433\u0434\u0435 \u043a\u0430\u0436\u0434\u044b\u0439 \u043b\u0435\u043f\u0435\u0441\u0442\u043e\u043a - \u043f\u0440\u0438\u0437\u043d\u0430\u043d\u0438\u0435 \u0432 \u043b\u044e\u0431\u0432\u0438[:en]Scarlet roses in a basket are a symbolic gift. A gift is a message, a story about your innermost feelings. A frank bouquet with deep feelings, where each petal is a declaration of love[:]\" \/>\n<meta property=\"og:url\" content=\"https:\/\/bonfortuno.eu\/toode\/armastuse-harmoonia\/\" \/>\n<meta property=\"og:site_name\" content=\"Bonfortuno\" \/>\n<meta property=\"og:image\" content=\"https:\/\/bonfortuno.eu\/wp-content\/uploads\/2020\/10\/F9DF76E6-A97E-4327-A9CC-88F0428361EA.jpeg\" \/>\n\t<meta property=\"og:image:width\" content=\"600\" \/>\n\t<meta property=\"og:image:height\" content=\"660\" \/>\n\t<meta property=\"og:image:type\" content=\"image\/jpeg\" \/>\n<meta name=\"twitter:card\" content=\"summary_large_image\" \/>\n<script type=\"application\/ld+json\" class=\"yoast-schema-graph\">{\"@context\":\"https:\\\/\\\/schema.org\",\"@graph\":[{\"@type\":\"WebPage\",\"@id\":\"https:\\\/\\\/bonfortuno.eu\\\/toode\\\/armastuse-harmoonia\\\/\",\"url\":\"https:\\\/\\\/bonfortuno.eu\\\/toode\\\/armastuse-harmoonia\\\/\",\"name\":\"[:et]\\\"Armastuse harmoonia\\\"[:ru]\\\"\u0413\u0430\u0440\u043c\u043e\u043d\u0438\u044f \u043b\u044e\u0431\u0432\u0438 \\\"[:en]\\\"Harmony of love\\\"[:] | Bonfortuno\",\"isPartOf\":{\"@id\":\"https:\\\/\\\/bonfortuno.eu\\\/ru\\\/#website\"},\"primaryImageOfPage\":{\"@id\":\"https:\\\/\\\/bonfortuno.eu\\\/toode\\\/armastuse-harmoonia\\\/#primaryimage\"},\"image\":{\"@id\":\"https:\\\/\\\/bonfortuno.eu\\\/toode\\\/armastuse-harmoonia\\\/#primaryimage\"},\"thumbnailUrl\":\"https:\\\/\\\/bonfortuno.eu\\\/wp-content\\\/uploads\\\/2020\\\/10\\\/F9DF76E6-A97E-4327-A9CC-88F0428361EA.jpeg\",\"datePublished\":\"2021-02-17T17:11:09+00:00\",\"breadcrumb\":{\"@id\":\"https:\\\/\\\/bonfortuno.eu\\\/toode\\\/armastuse-harmoonia\\\/#breadcrumb\"},\"inLanguage\":\"ru-RU\",\"potentialAction\":[{\"@type\":\"ReadAction\",\"target\":[\"https:\\\/\\\/bonfortuno.eu\\\/toode\\\/armastuse-harmoonia\\\/\"]}]},{\"@type\":\"ImageObject\",\"inLanguage\":\"ru-RU\",\"@id\":\"https:\\\/\\\/bonfortuno.eu\\\/toode\\\/armastuse-harmoonia\\\/#primaryimage\",\"url\":\"https:\\\/\\\/bonfortuno.eu\\\/wp-content\\\/uploads\\\/2020\\\/10\\\/F9DF76E6-A97E-4327-A9CC-88F0428361EA.jpeg\",\"contentUrl\":\"https:\\\/\\\/bonfortuno.eu\\\/wp-content\\\/uploads\\\/2020\\\/10\\\/F9DF76E6-A97E-4327-A9CC-88F0428361EA.jpeg\",\"width\":600,\"height\":660},{\"@type\":\"BreadcrumbList\",\"@id\":\"https:\\\/\\\/bonfortuno.eu\\\/toode\\\/armastuse-harmoonia\\\/#breadcrumb\",\"itemListElement\":[{\"@type\":\"ListItem\",\"position\":1,\"name\":\"\u0413\u043b\u0430\u0432\u043d\u0430\u044f \u0441\u0442\u0440\u0430\u043d\u0438\u0446\u0430\",\"item\":\"https:\\\/\\\/bonfortuno.eu\\\/\"},{\"@type\":\"ListItem\",\"position\":2,\"name\":\"\u041c\u0430\u0433\u0430\u0437\u0438\u043d\",\"item\":\"https:\\\/\\\/bonfortuno.eu\\\/\"},{\"@type\":\"ListItem\",\"position\":3,\"name\":\"&#8220;Armastuse harmoonia&#8221;\"}]},{\"@type\":\"WebSite\",\"@id\":\"https:\\\/\\\/bonfortuno.eu\\\/ru\\\/#website\",\"url\":\"https:\\\/\\\/bonfortuno.eu\\\/ru\\\/\",\"name\":\"Bonfortuno\",\"description\":\"\u0414\u043e\u0431\u0440\u043e \u043f\u043e\u0436\u0430\u043b\u043e\u0432\u0430\u0442\u044c \u0432 \u043c\u0438\u0440 \u0441\u0432\u0435\u0436\u0438\u0445 \u0446\u0432\u0435\u0442\u043e\u0432\",\"potentialAction\":[{\"@type\":\"SearchAction\",\"target\":{\"@type\":\"EntryPoint\",\"urlTemplate\":\"https:\\\/\\\/bonfortuno.eu\\\/ru\\\/?s={search_term_string}\"},\"query-input\":{\"@type\":\"PropertyValueSpecification\",\"valueRequired\":true,\"valueName\":\"search_term_string\"}}],\"inLanguage\":\"ru-RU\"}]}<\/script>\n<!-- \/ Yoast SEO plugin. -->","yoast_head_json":{"title":"[:et]\"Armastuse harmoonia\"[:ru]\"\u0413\u0430\u0440\u043c\u043e\u043d\u0438\u044f \u043b\u044e\u0431\u0432\u0438 \"[:en]\"Harmony of love\"[:] | Bonfortuno","robots":{"index":"index","follow":"follow","max-snippet":"max-snippet:-1","max-image-preview":"max-image-preview:large","max-video-preview":"max-video-preview:-1"},"canonical":"https:\/\/bonfortuno.eu\/toode\/armastuse-harmoonia\/","og_locale":"ru_RU","og_type":"article","og_title":"[:et]\"Armastuse harmoonia\"[:ru]\"\u0413\u0430\u0440\u043c\u043e\u043d\u0438\u044f \u043b\u044e\u0431\u0432\u0438 \"[:en]\"Harmony of love\"[:] | Bonfortuno","og_description":"[:et]Scarlet roosid korvis on s\u00fcmboolne kingitus. Kingitus on s\u00f5num, lugu teie sisimistest tunnetest. S\u00fcgavate tunnetega aus kimp, kus iga kroonleht on armastusavaldus[:ru]\u0410\u043b\u044b\u0435 \u0440\u043e\u0437\u044b \u0432 \u043a\u043e\u0440\u0437\u0438\u043d\u0435 - \u0441\u0438\u043c\u0432\u043e\u043b\u0438\u0447\u043d\u044b\u0439 \u043f\u043e\u0434\u0430\u0440\u043e\u043a. \u041f\u043e\u0434\u0430\u0440\u043e\u043a - \u043f\u043e\u0441\u043b\u0430\u043d\u0438\u0435, \u0440\u0430\u0441\u0441\u043a\u0430\u0437 \u043e \u0441\u0430\u043c\u044b\u0445 \u0441\u043e\u043a\u0440\u043e\u0432\u0435\u043d\u043d\u044b\u0445 \u0447\u0443\u0432\u0441\u0442\u0432\u0430\u0445. \u041e\u0442\u043a\u0440\u043e\u0432\u0435\u043d\u043d\u044b\u0439, \u0441 \u0433\u043b\u0443\u0431\u043e\u043a\u0438\u043c\u0438 \u043f\u0435\u0440\u0435\u0436\u0438\u0432\u0430\u043d\u0438\u044f\u043c\u0438 \u0431\u0443\u043a\u0435\u0442, \u0433\u0434\u0435 \u043a\u0430\u0436\u0434\u044b\u0439 \u043b\u0435\u043f\u0435\u0441\u0442\u043e\u043a - \u043f\u0440\u0438\u0437\u043d\u0430\u043d\u0438\u0435 \u0432 \u043b\u044e\u0431\u0432\u0438[:en]Scarlet roses in a basket are a symbolic gift. A gift is a message, a story about your innermost feelings. A frank bouquet with deep feelings, where each petal is a declaration of love[:]","og_url":"https:\/\/bonfortuno.eu\/toode\/armastuse-harmoonia\/","og_site_name":"Bonfortuno","og_image":[{"width":600,"height":660,"url":"https:\/\/bonfortuno.eu\/wp-content\/uploads\/2020\/10\/F9DF76E6-A97E-4327-A9CC-88F0428361EA.jpeg","type":"image\/jpeg"}],"twitter_card":"summary_large_image","schema":{"@context":"https:\/\/schema.org","@graph":[{"@type":"WebPage","@id":"https:\/\/bonfortuno.eu\/toode\/armastuse-harmoonia\/","url":"https:\/\/bonfortuno.eu\/toode\/armastuse-harmoonia\/","name":"[:et]\"Armastuse harmoonia\"[:ru]\"\u0413\u0430\u0440\u043c\u043e\u043d\u0438\u044f \u043b\u044e\u0431\u0432\u0438 \"[:en]\"Harmony of love\"[:] | Bonfortuno","isPartOf":{"@id":"https:\/\/bonfortuno.eu\/ru\/#website"},"primaryImageOfPage":{"@id":"https:\/\/bonfortuno.eu\/toode\/armastuse-harmoonia\/#primaryimage"},"image":{"@id":"https:\/\/bonfortuno.eu\/toode\/armastuse-harmoonia\/#primaryimage"},"thumbnailUrl":"https:\/\/bonfortuno.eu\/wp-content\/uploads\/2020\/10\/F9DF76E6-A97E-4327-A9CC-88F0428361EA.jpeg","datePublished":"2021-02-17T17:11:09+00:00","breadcrumb":{"@id":"https:\/\/bonfortuno.eu\/toode\/armastuse-harmoonia\/#breadcrumb"},"inLanguage":"ru-RU","potentialAction":[{"@type":"ReadAction","target":["https:\/\/bonfortuno.eu\/toode\/armastuse-harmoonia\/"]}]},{"@type":"ImageObject","inLanguage":"ru-RU","@id":"https:\/\/bonfortuno.eu\/toode\/armastuse-harmoonia\/#primaryimage","url":"https:\/\/bonfortuno.eu\/wp-content\/uploads\/2020\/10\/F9DF76E6-A97E-4327-A9CC-88F0428361EA.jpeg","contentUrl":"https:\/\/bonfortuno.eu\/wp-content\/uploads\/2020\/10\/F9DF76E6-A97E-4327-A9CC-88F0428361EA.jpeg","width":600,"height":660},{"@type":"BreadcrumbList","@id":"https:\/\/bonfortuno.eu\/toode\/armastuse-harmoonia\/#breadcrumb","itemListElement":[{"@type":"ListItem","position":1,"name":"\u0413\u043b\u0430\u0432\u043d\u0430\u044f \u0441\u0442\u0440\u0430\u043d\u0438\u0446\u0430","item":"https:\/\/bonfortuno.eu\/"},{"@type":"ListItem","position":2,"name":"\u041c\u0430\u0433\u0430\u0437\u0438\u043d","item":"https:\/\/bonfortuno.eu\/"},{"@type":"ListItem","position":3,"name":"&#8220;Armastuse harmoonia&#8221;"}]},{"@type":"WebSite","@id":"https:\/\/bonfortuno.eu\/ru\/#website","url":"https:\/\/bonfortuno.eu\/ru\/","name":"Bonfortuno","description":"\u0414\u043e\u0431\u0440\u043e \u043f\u043e\u0436\u0430\u043b\u043e\u0432\u0430\u0442\u044c \u0432 \u043c\u0438\u0440 \u0441\u0432\u0435\u0436\u0438\u0445 \u0446\u0432\u0435\u0442\u043e\u0432","potentialAction":[{"@type":"SearchAction","target":{"@type":"EntryPoint","urlTemplate":"https:\/\/bonfortuno.eu\/ru\/?s={search_term_string}"},"query-input":{"@type":"PropertyValueSpecification","valueRequired":true,"valueName":"search_term_string"}}],"inLanguage":"ru-RU"}]}},"_links":{"self":[{"href":"https:\/\/bonfortuno.eu\/ru\/wp-json\/wp\/v2\/product\/3017","targetHints":{"allow":["GET"]}}],"collection":[{"href":"https:\/\/bonfortuno.eu\/ru\/wp-json\/wp\/v2\/product"}],"about":[{"href":"https:\/\/bonfortuno.eu\/ru\/wp-json\/wp\/v2\/types\/product"}],"wp:featuredmedia":[{"embeddable":true,"href":"https:\/\/bonfortuno.eu\/ru\/wp-json\/wp\/v2\/media\/2809"}],"wp:attachment":[{"href":"https:\/\/bonfortuno.eu\/ru\/wp-json\/wp\/v2\/media?parent=3017"}],"wp:term":[{"taxonomy":"product_brand","embeddable":true,"href":"https:\/\/bonfortuno.eu\/ru\/wp-json\/wp\/v2\/product_brand?post=3017"},{"taxonomy":"product_cat","embeddable":true,"href":"https:\/\/bonfortuno.eu\/ru\/wp-json\/wp\/v2\/product_cat?post=3017"},{"taxonomy":"product_tag","embeddable":true,"href":"https:\/\/bonfortuno.eu\/ru\/wp-json\/wp\/v2\/product_tag?post=3017"}],"curies":[{"name":"wp","href":"https:\/\/api.w.org\/{rel}","templated":true}]}}