{"id":3076,"date":"2021-02-23T18:20:46","date_gmt":"2021-02-23T16:20:46","guid":{"rendered":"https:\/\/bonfortuno.eu\/?post_type=product&#038;p=3076"},"modified":"2021-02-23T18:20:47","modified_gmt":"2021-02-23T16:20:47","slug":"ohupallid-monsters-university","status":"publish","type":"product","link":"https:\/\/bonfortuno.eu\/ru\/toode\/ohupallid-monsters-university\/","title":{"rendered":"\u0412\u043e\u0437\u0434\u0443\u0448\u043d\u044b\u0439 \u0448\u0430\u0440 &#171;\u0423\u043d\u0438\u0432\u0435\u0440\u0441\u0438\u0442\u0435\u0442 \u041c\u043e\u043d\u0441\u0442\u0440\u043e\u0432&#187;"},"content":{"rendered":"","protected":false},"excerpt":{"rendered":"<p>\u041c\u0430\u0439\u043a \u0438 \u0421\u0430\u043b\u043b\u0438 \u2013 \u0441\u0430\u043c\u044b\u0435 \u043e\u043f\u044b\u0442\u043d\u044b\u0435 \u043f\u0443\u0433\u0430\u0442\u0435\u043b\u0438 \u0432 \u041c\u043e\u043d\u0441\u0442\u0440\u043e\u043f\u043e\u043b\u0438\u0441\u0435, \u043d\u043e \u0442\u0430\u043a \u0431\u044b\u043b\u043e \u0434\u0430\u043b\u0435\u043a\u043e \u043d\u0435 \u0432\u0441\u0435\u0433\u0434\u0430. \u041a\u043e\u0433\u0434\u0430 \u043e\u043d\u0438 \u0432\u0441\u0442\u0440\u0435\u0442\u0438\u043b\u0438\u0441\u044c \u0432\u043f\u0435\u0440\u0432\u044b\u0435, \u044d\u0442\u0438 \u043c\u043e\u043d\u0441\u0442\u0440\u044b \u0442\u0435\u0440\u043f\u0435\u0442\u044c \u0434\u0440\u0443\u0433 \u0434\u0440\u0443\u0433\u0430 \u043d\u0435 \u043c\u043e\u0433\u043b\u0438. \u00ab\u0423\u043d\u0438\u0432\u0435\u0440\u0441\u0438\u0442\u0435\u0442 \u041c\u043e\u043d\u0441\u0442\u0440\u043e\u0432\u00bb \u2014 \u0438\u0441\u0442\u043e\u0440\u0438\u044f \u043e \u0442\u043e\u043c, \u043a\u0430\u043a \u043d\u0430\u0448\u0438 \u0441\u0442\u0430\u0440\u044b\u0435 \u0437\u043d\u0430\u043a\u043e\u043c\u044b\u0435 \u043f\u0440\u043e\u0448\u043b\u0438 \u043f\u0443\u0442\u044c \u043e\u0442 \u0432\u0437\u0430\u0438\u043c\u043d\u043e\u0439 \u043d\u0435\u043f\u0440\u0438\u044f\u0437\u043d\u0438 \u043a \u043a\u0440\u0435\u043f\u043a\u043e\u0439 \u0434\u0440\u0443\u0436\u0431\u0435. 3D &#8212; 17in * 18in ( 43cm * 45cm )<\/p>\n","protected":false},"featured_media":2656,"template":"","meta":[],"product_brand":[],"product_cat":[31,76],"product_tag":[],"class_list":{"0":"post-3076","1":"product","2":"type-product","3":"status-publish","4":"has-post-thumbnail","6":"product_cat-ohupallid","7":"product_cat-koik-tooted","9":"first","10":"instock","11":"shipping-taxable","12":"purchasable","13":"product-type-simple"},"yoast_head":"<!-- This site is optimized with the Yoast SEO plugin v27.5 - https:\/\/yoast.com\/product\/yoast-seo-wordpress\/ -->\n<title>\u0412\u043e\u0437\u0434\u0443\u0448\u043d\u044b\u0439 \u0448\u0430\u0440 &quot;\u0423\u043d\u0438\u0432\u0435\u0440\u0441\u0438\u0442\u0435\u0442 \u041c\u043e\u043d\u0441\u0442\u0440\u043e\u0432&quot; | Bonfortuno<\/title>\n<meta name=\"robots\" content=\"index, follow, max-snippet:-1, max-image-preview:large, max-video-preview:-1\" \/>\n<link rel=\"canonical\" href=\"https:\/\/bonfortuno.eu\/toode\/ohupallid-monsters-university\/\" \/>\n<meta property=\"og:locale\" content=\"ru_RU\" \/>\n<meta property=\"og:type\" content=\"article\" \/>\n<meta property=\"og:title\" content=\"[:et]\u00d5hupallid &quot;Monsters university&quot;[:ru] \u0412\u043e\u0437\u0434\u0443\u0448\u043d\u044b\u0439 \u0448\u0430\u0440 &quot;\u0423\u043d\u0438\u0432\u0435\u0440\u0441\u0438\u0442\u0435\u0442 \u041c\u043e\u043d\u0441\u0442\u0440\u043e\u0432&quot;[:en]Balloons &quot;Monsters university&quot;[:] | Bonfortuno\" \/>\n<meta property=\"og:description\" content=\"[:et]Mike ja Sally on Monstropolis k\u00f5ige edukamad hirmupeletajad, kuid see ei olnud alati nii. Kui nad esimest korda kohtusid, vihkasid need koletised \u00fcksteist. &quot;Koletiste \u00fclikool&quot; on lugu sellest, kuidas meie vanad tuttavad l\u00e4ksid vastastikusest vastumeelsusest tugevaks s\u00f5pruseks. 3D - 17in * 18in ( 43cm * 45cm )[:ru]\u041c\u0430\u0439\u043a \u0438 \u0421\u0430\u043b\u043b\u0438 \u2013 \u0441\u0430\u043c\u044b\u0435 \u043e\u043f\u044b\u0442\u043d\u044b\u0435 \u043f\u0443\u0433\u0430\u0442\u0435\u043b\u0438 \u0432 \u041c\u043e\u043d\u0441\u0442\u0440\u043e\u043f\u043e\u043b\u0438\u0441\u0435, \u043d\u043e \u0442\u0430\u043a \u0431\u044b\u043b\u043e \u0434\u0430\u043b\u0435\u043a\u043e \u043d\u0435 \u0432\u0441\u0435\u0433\u0434\u0430. \u041a\u043e\u0433\u0434\u0430 \u043e\u043d\u0438 \u0432\u0441\u0442\u0440\u0435\u0442\u0438\u043b\u0438\u0441\u044c \u0432\u043f\u0435\u0440\u0432\u044b\u0435, \u044d\u0442\u0438 \u043c\u043e\u043d\u0441\u0442\u0440\u044b \u0442\u0435\u0440\u043f\u0435\u0442\u044c \u0434\u0440\u0443\u0433 \u0434\u0440\u0443\u0433\u0430 \u043d\u0435 \u043c\u043e\u0433\u043b\u0438. \u00ab\u0423\u043d\u0438\u0432\u0435\u0440\u0441\u0438\u0442\u0435\u0442 \u041c\u043e\u043d\u0441\u0442\u0440\u043e\u0432\u00bb \u2014 \u0438\u0441\u0442\u043e\u0440\u0438\u044f \u043e \u0442\u043e\u043c, \u043a\u0430\u043a \u043d\u0430\u0448\u0438 \u0441\u0442\u0430\u0440\u044b\u0435 \u0437\u043d\u0430\u043a\u043e\u043c\u044b\u0435 \u043f\u0440\u043e\u0448\u043b\u0438 \u043f\u0443\u0442\u044c \u043e\u0442 \u0432\u0437\u0430\u0438\u043c\u043d\u043e\u0439 \u043d\u0435\u043f\u0440\u0438\u044f\u0437\u043d\u0438 \u043a \u043a\u0440\u0435\u043f\u043a\u043e\u0439 \u0434\u0440\u0443\u0436\u0431\u0435. 3D - 17in * 18in ( 43cm * 45cm )[:en]Mike and Sally are the most accomplished scarecrows in Monstropolis, but that wasn&#039;t always the case. When they first met, these monsters hated each other. &quot;Monsters University&quot; is a story about how our old acquaintances went from mutual dislike to strong friendship. 3D - 17in * 18in ( 43cm * 45cm )[:]\" \/>\n<meta property=\"og:url\" content=\"https:\/\/bonfortuno.eu\/toode\/ohupallid-monsters-university\/\" \/>\n<meta property=\"og:site_name\" content=\"Bonfortuno\" \/>\n<meta property=\"article:modified_time\" content=\"2021-02-23T16:20:47+00:00\" \/>\n<meta property=\"og:image\" content=\"https:\/\/bonfortuno.eu\/wp-content\/uploads\/2020\/05\/\u043c\u043e\u043d\u0441\u0442\u0435\u0440.jpg\" \/>\n\t<meta property=\"og:image:width\" content=\"400\" \/>\n\t<meta property=\"og:image:height\" content=\"400\" \/>\n\t<meta property=\"og:image:type\" content=\"image\/jpeg\" \/>\n<meta name=\"twitter:card\" content=\"summary_large_image\" \/>\n<script type=\"application\/ld+json\" class=\"yoast-schema-graph\">{\"@context\":\"https:\\\/\\\/schema.org\",\"@graph\":[{\"@type\":\"WebPage\",\"@id\":\"https:\\\/\\\/bonfortuno.eu\\\/toode\\\/ohupallid-monsters-university\\\/\",\"url\":\"https:\\\/\\\/bonfortuno.eu\\\/toode\\\/ohupallid-monsters-university\\\/\",\"name\":\"[:et]\u00d5hupallid \\\"Monsters university\\\"[:ru] \u0412\u043e\u0437\u0434\u0443\u0448\u043d\u044b\u0439 \u0448\u0430\u0440 \\\"\u0423\u043d\u0438\u0432\u0435\u0440\u0441\u0438\u0442\u0435\u0442 \u041c\u043e\u043d\u0441\u0442\u0440\u043e\u0432\\\"[:en]Balloons \\\"Monsters university\\\"[:] | Bonfortuno\",\"isPartOf\":{\"@id\":\"https:\\\/\\\/bonfortuno.eu\\\/ru\\\/#website\"},\"primaryImageOfPage\":{\"@id\":\"https:\\\/\\\/bonfortuno.eu\\\/toode\\\/ohupallid-monsters-university\\\/#primaryimage\"},\"image\":{\"@id\":\"https:\\\/\\\/bonfortuno.eu\\\/toode\\\/ohupallid-monsters-university\\\/#primaryimage\"},\"thumbnailUrl\":\"https:\\\/\\\/bonfortuno.eu\\\/wp-content\\\/uploads\\\/2020\\\/05\\\/\u043c\u043e\u043d\u0441\u0442\u0435\u0440.jpg\",\"datePublished\":\"2021-02-23T16:20:46+00:00\",\"dateModified\":\"2021-02-23T16:20:47+00:00\",\"breadcrumb\":{\"@id\":\"https:\\\/\\\/bonfortuno.eu\\\/toode\\\/ohupallid-monsters-university\\\/#breadcrumb\"},\"inLanguage\":\"ru-RU\",\"potentialAction\":[{\"@type\":\"ReadAction\",\"target\":[\"https:\\\/\\\/bonfortuno.eu\\\/toode\\\/ohupallid-monsters-university\\\/\"]}]},{\"@type\":\"ImageObject\",\"inLanguage\":\"ru-RU\",\"@id\":\"https:\\\/\\\/bonfortuno.eu\\\/toode\\\/ohupallid-monsters-university\\\/#primaryimage\",\"url\":\"https:\\\/\\\/bonfortuno.eu\\\/wp-content\\\/uploads\\\/2020\\\/05\\\/\u043c\u043e\u043d\u0441\u0442\u0435\u0440.jpg\",\"contentUrl\":\"https:\\\/\\\/bonfortuno.eu\\\/wp-content\\\/uploads\\\/2020\\\/05\\\/\u043c\u043e\u043d\u0441\u0442\u0435\u0440.jpg\",\"width\":400,\"height\":400},{\"@type\":\"BreadcrumbList\",\"@id\":\"https:\\\/\\\/bonfortuno.eu\\\/toode\\\/ohupallid-monsters-university\\\/#breadcrumb\",\"itemListElement\":[{\"@type\":\"ListItem\",\"position\":1,\"name\":\"\u0413\u043b\u0430\u0432\u043d\u0430\u044f \u0441\u0442\u0440\u0430\u043d\u0438\u0446\u0430\",\"item\":\"https:\\\/\\\/bonfortuno.eu\\\/\"},{\"@type\":\"ListItem\",\"position\":2,\"name\":\"\u041c\u0430\u0433\u0430\u0437\u0438\u043d\",\"item\":\"https:\\\/\\\/bonfortuno.eu\\\/\"},{\"@type\":\"ListItem\",\"position\":3,\"name\":\"\u00d5hupallid &#8220;Monsters university&#8221;\"}]},{\"@type\":\"WebSite\",\"@id\":\"https:\\\/\\\/bonfortuno.eu\\\/ru\\\/#website\",\"url\":\"https:\\\/\\\/bonfortuno.eu\\\/ru\\\/\",\"name\":\"Bonfortuno\",\"description\":\"\u0414\u043e\u0431\u0440\u043e \u043f\u043e\u0436\u0430\u043b\u043e\u0432\u0430\u0442\u044c \u0432 \u043c\u0438\u0440 \u0441\u0432\u0435\u0436\u0438\u0445 \u0446\u0432\u0435\u0442\u043e\u0432\",\"potentialAction\":[{\"@type\":\"SearchAction\",\"target\":{\"@type\":\"EntryPoint\",\"urlTemplate\":\"https:\\\/\\\/bonfortuno.eu\\\/ru\\\/?s={search_term_string}\"},\"query-input\":{\"@type\":\"PropertyValueSpecification\",\"valueRequired\":true,\"valueName\":\"search_term_string\"}}],\"inLanguage\":\"ru-RU\"}]}<\/script>\n<!-- \/ Yoast SEO plugin. -->","yoast_head_json":{"title":"[:et]\u00d5hupallid \"Monsters university\"[:ru] \u0412\u043e\u0437\u0434\u0443\u0448\u043d\u044b\u0439 \u0448\u0430\u0440 \"\u0423\u043d\u0438\u0432\u0435\u0440\u0441\u0438\u0442\u0435\u0442 \u041c\u043e\u043d\u0441\u0442\u0440\u043e\u0432\"[:en]Balloons \"Monsters university\"[:] | Bonfortuno","robots":{"index":"index","follow":"follow","max-snippet":"max-snippet:-1","max-image-preview":"max-image-preview:large","max-video-preview":"max-video-preview:-1"},"canonical":"https:\/\/bonfortuno.eu\/toode\/ohupallid-monsters-university\/","og_locale":"ru_RU","og_type":"article","og_title":"[:et]\u00d5hupallid \"Monsters university\"[:ru] \u0412\u043e\u0437\u0434\u0443\u0448\u043d\u044b\u0439 \u0448\u0430\u0440 \"\u0423\u043d\u0438\u0432\u0435\u0440\u0441\u0438\u0442\u0435\u0442 \u041c\u043e\u043d\u0441\u0442\u0440\u043e\u0432\"[:en]Balloons \"Monsters university\"[:] | Bonfortuno","og_description":"[:et]Mike ja Sally on Monstropolis k\u00f5ige edukamad hirmupeletajad, kuid see ei olnud alati nii. Kui nad esimest korda kohtusid, vihkasid need koletised \u00fcksteist. \"Koletiste \u00fclikool\" on lugu sellest, kuidas meie vanad tuttavad l\u00e4ksid vastastikusest vastumeelsusest tugevaks s\u00f5pruseks. 3D - 17in * 18in ( 43cm * 45cm )[:ru]\u041c\u0430\u0439\u043a \u0438 \u0421\u0430\u043b\u043b\u0438 \u2013 \u0441\u0430\u043c\u044b\u0435 \u043e\u043f\u044b\u0442\u043d\u044b\u0435 \u043f\u0443\u0433\u0430\u0442\u0435\u043b\u0438 \u0432 \u041c\u043e\u043d\u0441\u0442\u0440\u043e\u043f\u043e\u043b\u0438\u0441\u0435, \u043d\u043e \u0442\u0430\u043a \u0431\u044b\u043b\u043e \u0434\u0430\u043b\u0435\u043a\u043e \u043d\u0435 \u0432\u0441\u0435\u0433\u0434\u0430. \u041a\u043e\u0433\u0434\u0430 \u043e\u043d\u0438 \u0432\u0441\u0442\u0440\u0435\u0442\u0438\u043b\u0438\u0441\u044c \u0432\u043f\u0435\u0440\u0432\u044b\u0435, \u044d\u0442\u0438 \u043c\u043e\u043d\u0441\u0442\u0440\u044b \u0442\u0435\u0440\u043f\u0435\u0442\u044c \u0434\u0440\u0443\u0433 \u0434\u0440\u0443\u0433\u0430 \u043d\u0435 \u043c\u043e\u0433\u043b\u0438. \u00ab\u0423\u043d\u0438\u0432\u0435\u0440\u0441\u0438\u0442\u0435\u0442 \u041c\u043e\u043d\u0441\u0442\u0440\u043e\u0432\u00bb \u2014 \u0438\u0441\u0442\u043e\u0440\u0438\u044f \u043e \u0442\u043e\u043c, \u043a\u0430\u043a \u043d\u0430\u0448\u0438 \u0441\u0442\u0430\u0440\u044b\u0435 \u0437\u043d\u0430\u043a\u043e\u043c\u044b\u0435 \u043f\u0440\u043e\u0448\u043b\u0438 \u043f\u0443\u0442\u044c \u043e\u0442 \u0432\u0437\u0430\u0438\u043c\u043d\u043e\u0439 \u043d\u0435\u043f\u0440\u0438\u044f\u0437\u043d\u0438 \u043a \u043a\u0440\u0435\u043f\u043a\u043e\u0439 \u0434\u0440\u0443\u0436\u0431\u0435. 3D - 17in * 18in ( 43cm * 45cm )[:en]Mike and Sally are the most accomplished scarecrows in Monstropolis, but that wasn't always the case. When they first met, these monsters hated each other. \"Monsters University\" is a story about how our old acquaintances went from mutual dislike to strong friendship. 3D - 17in * 18in ( 43cm * 45cm )[:]","og_url":"https:\/\/bonfortuno.eu\/toode\/ohupallid-monsters-university\/","og_site_name":"Bonfortuno","article_modified_time":"2021-02-23T16:20:47+00:00","og_image":[{"width":400,"height":400,"url":"https:\/\/bonfortuno.eu\/wp-content\/uploads\/2020\/05\/\u043c\u043e\u043d\u0441\u0442\u0435\u0440.jpg","type":"image\/jpeg"}],"twitter_card":"summary_large_image","schema":{"@context":"https:\/\/schema.org","@graph":[{"@type":"WebPage","@id":"https:\/\/bonfortuno.eu\/toode\/ohupallid-monsters-university\/","url":"https:\/\/bonfortuno.eu\/toode\/ohupallid-monsters-university\/","name":"[:et]\u00d5hupallid \"Monsters university\"[:ru] \u0412\u043e\u0437\u0434\u0443\u0448\u043d\u044b\u0439 \u0448\u0430\u0440 \"\u0423\u043d\u0438\u0432\u0435\u0440\u0441\u0438\u0442\u0435\u0442 \u041c\u043e\u043d\u0441\u0442\u0440\u043e\u0432\"[:en]Balloons \"Monsters university\"[:] | Bonfortuno","isPartOf":{"@id":"https:\/\/bonfortuno.eu\/ru\/#website"},"primaryImageOfPage":{"@id":"https:\/\/bonfortuno.eu\/toode\/ohupallid-monsters-university\/#primaryimage"},"image":{"@id":"https:\/\/bonfortuno.eu\/toode\/ohupallid-monsters-university\/#primaryimage"},"thumbnailUrl":"https:\/\/bonfortuno.eu\/wp-content\/uploads\/2020\/05\/\u043c\u043e\u043d\u0441\u0442\u0435\u0440.jpg","datePublished":"2021-02-23T16:20:46+00:00","dateModified":"2021-02-23T16:20:47+00:00","breadcrumb":{"@id":"https:\/\/bonfortuno.eu\/toode\/ohupallid-monsters-university\/#breadcrumb"},"inLanguage":"ru-RU","potentialAction":[{"@type":"ReadAction","target":["https:\/\/bonfortuno.eu\/toode\/ohupallid-monsters-university\/"]}]},{"@type":"ImageObject","inLanguage":"ru-RU","@id":"https:\/\/bonfortuno.eu\/toode\/ohupallid-monsters-university\/#primaryimage","url":"https:\/\/bonfortuno.eu\/wp-content\/uploads\/2020\/05\/\u043c\u043e\u043d\u0441\u0442\u0435\u0440.jpg","contentUrl":"https:\/\/bonfortuno.eu\/wp-content\/uploads\/2020\/05\/\u043c\u043e\u043d\u0441\u0442\u0435\u0440.jpg","width":400,"height":400},{"@type":"BreadcrumbList","@id":"https:\/\/bonfortuno.eu\/toode\/ohupallid-monsters-university\/#breadcrumb","itemListElement":[{"@type":"ListItem","position":1,"name":"\u0413\u043b\u0430\u0432\u043d\u0430\u044f \u0441\u0442\u0440\u0430\u043d\u0438\u0446\u0430","item":"https:\/\/bonfortuno.eu\/"},{"@type":"ListItem","position":2,"name":"\u041c\u0430\u0433\u0430\u0437\u0438\u043d","item":"https:\/\/bonfortuno.eu\/"},{"@type":"ListItem","position":3,"name":"\u00d5hupallid &#8220;Monsters university&#8221;"}]},{"@type":"WebSite","@id":"https:\/\/bonfortuno.eu\/ru\/#website","url":"https:\/\/bonfortuno.eu\/ru\/","name":"Bonfortuno","description":"\u0414\u043e\u0431\u0440\u043e \u043f\u043e\u0436\u0430\u043b\u043e\u0432\u0430\u0442\u044c \u0432 \u043c\u0438\u0440 \u0441\u0432\u0435\u0436\u0438\u0445 \u0446\u0432\u0435\u0442\u043e\u0432","potentialAction":[{"@type":"SearchAction","target":{"@type":"EntryPoint","urlTemplate":"https:\/\/bonfortuno.eu\/ru\/?s={search_term_string}"},"query-input":{"@type":"PropertyValueSpecification","valueRequired":true,"valueName":"search_term_string"}}],"inLanguage":"ru-RU"}]}},"_links":{"self":[{"href":"https:\/\/bonfortuno.eu\/ru\/wp-json\/wp\/v2\/product\/3076","targetHints":{"allow":["GET"]}}],"collection":[{"href":"https:\/\/bonfortuno.eu\/ru\/wp-json\/wp\/v2\/product"}],"about":[{"href":"https:\/\/bonfortuno.eu\/ru\/wp-json\/wp\/v2\/types\/product"}],"wp:featuredmedia":[{"embeddable":true,"href":"https:\/\/bonfortuno.eu\/ru\/wp-json\/wp\/v2\/media\/2656"}],"wp:attachment":[{"href":"https:\/\/bonfortuno.eu\/ru\/wp-json\/wp\/v2\/media?parent=3076"}],"wp:term":[{"taxonomy":"product_brand","embeddable":true,"href":"https:\/\/bonfortuno.eu\/ru\/wp-json\/wp\/v2\/product_brand?post=3076"},{"taxonomy":"product_cat","embeddable":true,"href":"https:\/\/bonfortuno.eu\/ru\/wp-json\/wp\/v2\/product_cat?post=3076"},{"taxonomy":"product_tag","embeddable":true,"href":"https:\/\/bonfortuno.eu\/ru\/wp-json\/wp\/v2\/product_tag?post=3076"}],"curies":[{"name":"wp","href":"https:\/\/api.w.org\/{rel}","templated":true}]}}