{"id":3100,"date":"2021-02-25T17:57:34","date_gmt":"2021-02-25T15:57:34","guid":{"rendered":"https:\/\/bonfortuno.eu\/?post_type=product&#038;p=3100"},"modified":"2025-02-11T19:03:09","modified_gmt":"2025-02-11T17:03:09","slug":"zinnia","status":"publish","type":"product","link":"https:\/\/bonfortuno.eu\/ru\/toode\/zinnia\/","title":{"rendered":"&#187;\u0426\u0438\u043d\u0438\u044f &#171;"},"content":{"rendered":"","protected":false},"excerpt":{"rendered":"<p>\u0411\u0443\u043a\u0435\u0442 &#187; \u0426\u0438\u043d\u043d\u0438\u044f &#187; \u043f\u0440\u0435\u0434\u0441\u0442\u0430\u0432\u043b\u044f\u0435\u0442 \u0441\u043e\u0431\u043e\u0439 \u0432\u0435\u043b\u0438\u043a\u043e\u043b\u0435\u043f\u043d\u044b\u0439 \u0446\u0432\u0435\u0442\u043e\u0432\u043e\u0439 \u043a\u043e\u043d\u0442\u0440\u0430\u0441\u0442 \u0438\u0437 \u0431\u0435\u043b\u044b\u0445 \u043e\u0440\u0445\u0438\u0434\u0435\u0439 \u0438 \u043a\u0440\u0430\u0441\u043d\u044b\u0445 \u0442\u044e\u043b\u044c\u043f\u0430\u043d\u043e\u0432. \u0415\u0441\u043b\u0438 \u0432\u044b \u043c\u0435\u0447\u0442\u0430\u0435\u0442\u0435 \u043f\u043e\u043a\u043e\u0440\u0438\u0442\u044c \u0441\u0435\u0440\u0434\u0446\u0435 \u043a\u0440\u0430\u0441\u0430\u0432\u0438\u0446\u044b , \u043f\u0440\u0435\u043f\u043e\u0434\u043d\u0435\u0441\u0438\u0442\u0435 \u0435\u0439 \u044d\u0442\u043e\u0442 \u043c\u0438\u043b\u044b\u0439 \u0431\u0443\u043a\u0435\u0442.<br \/>\n\u041f\u043e\u0434\u0430\u0440\u0438\u0442\u0435 \u0446\u0432\u0435\u0442\u043e\u0447\u043d\u0443\u044e \u043a\u043e\u043c\u043f\u043e\u0437\u0438\u0446\u0438\u044e \u0432 \u0434\u0435\u043d\u044c \u0440\u043e\u0436\u0434\u0435\u043d\u0438\u044f , \u0434\u0435\u043d\u044c \u0432\u043b\u044e\u0431\u043b\u0435\u043d\u043d\u044b\u0445 , 8 \u043c\u0430\u0440\u0442\u0430. \u0412\u0440\u0443\u0447\u0438\u0442\u0435 \u0446\u0432\u0435\u0442\u044b \u0431\u0435\u0437 \u043f\u043e\u0432\u043e\u0434\u0430 , \u0441\u0434\u0435\u043b\u0430\u0439\u0442\u0435 \u043d\u0435\u043e\u0436\u0438\u0434\u0430\u043d\u043d\u044b\u0439 \u0441\u044e\u0440\u043f\u0440\u0438\u0437 \u0432 \u0441\u0435\u0440\u044b\u0439 \u0431\u0443\u0434\u043d\u0438\u0439 \u0434\u0435\u043d\u044c, \u043f\u043e\u0432\u0435\u0440\u044c\u0442\u0435, \u043a\u0430\u0436\u0434\u0430\u044f \u0434\u0435\u0432\u0443\u0448\u043a\u0430 \u043e\u0446\u0435\u043d\u0438\u0442 \u0438\u0441\u043a\u0440\u0435\u043d\u043d\u0435\u0435 \u043f\u0440\u043e\u044f\u0432\u043b\u0435\u043d\u0438\u0435 \u0432\u043d\u0438\u043c\u0430\u043d\u0438\u044f.<br \/>\n\u0426\u0432\u0435\u0442 \u0446\u0432\u0435\u0442\u043e\u0432 \u043c\u043e\u0436\u0435\u0442 \u043c\u0435\u043d\u044f\u0442\u044c\u0441\u044f .<\/p>\n","protected":false},"featured_media":2988,"template":"","meta":[],"product_brand":[],"product_cat":[76,30],"product_tag":[],"class_list":{"0":"post-3100","1":"product","2":"type-product","3":"status-publish","4":"has-post-thumbnail","6":"product_cat-koik-tooted","7":"product_cat-lillekimbud","9":"first","10":"instock","11":"shipping-taxable","12":"purchasable","13":"product-type-simple"},"yoast_head":"<!-- This site is optimized with the Yoast SEO plugin v27.3 - https:\/\/yoast.com\/product\/yoast-seo-wordpress\/ -->\n<title>&quot;\u0426\u0438\u043d\u0438\u044f &quot; | Bonfortuno<\/title>\n<meta name=\"robots\" content=\"index, follow, max-snippet:-1, max-image-preview:large, max-video-preview:-1\" \/>\n<link rel=\"canonical\" href=\"https:\/\/bonfortuno.eu\/toode\/zinnia\/\" \/>\n<meta property=\"og:locale\" content=\"ru_RU\" \/>\n<meta property=\"og:type\" content=\"article\" \/>\n<meta property=\"og:title\" content=\"[:et]&quot;Zinnia&quot;[:ru]&quot;\u0426\u0438\u043d\u0438\u044f &quot;[:en]&quot;Zinnia&quot;[:] | Bonfortuno\" \/>\n<meta property=\"og:description\" content=\"[:et]Kimp &quot;Zinnia&quot; on valgete orhideede ja punaste tulpide suurep\u00e4rane v\u00e4rvikontrast. Kui unistate v\u00f5ita kaunitari s\u00fcda, kinkige talle see armas kimp. Esitage lilleseadet oma s\u00fcnnip\u00e4eval, s\u00f5brap\u00e4eval, 8. m\u00e4rtsil. Kinkige p\u00f5hjuseta lilli, tehke hallil argip\u00e4eval ootamatu \u00fcllatus, uskuge mind, iga t\u00fcdruk hindab siirast t\u00e4helepanu. Lillede v\u00e4rvus v\u00f5ib varieeruda.[:ru]\u0411\u0443\u043a\u0435\u0442 &quot; \u0426\u0438\u043d\u043d\u0438\u044f &quot; \u043f\u0440\u0435\u0434\u0441\u0442\u0430\u0432\u043b\u044f\u0435\u0442 \u0441\u043e\u0431\u043e\u0439 \u0432\u0435\u043b\u0438\u043a\u043e\u043b\u0435\u043f\u043d\u044b\u0439 \u0446\u0432\u0435\u0442\u043e\u0432\u043e\u0439 \u043a\u043e\u043d\u0442\u0440\u0430\u0441\u0442 \u0438\u0437 \u0431\u0435\u043b\u044b\u0445 \u043e\u0440\u0445\u0438\u0434\u0435\u0439 \u0438 \u043a\u0440\u0430\u0441\u043d\u044b\u0445 \u0442\u044e\u043b\u044c\u043f\u0430\u043d\u043e\u0432. \u0415\u0441\u043b\u0438 \u0432\u044b \u043c\u0435\u0447\u0442\u0430\u0435\u0442\u0435 \u043f\u043e\u043a\u043e\u0440\u0438\u0442\u044c \u0441\u0435\u0440\u0434\u0446\u0435 \u043a\u0440\u0430\u0441\u0430\u0432\u0438\u0446\u044b , \u043f\u0440\u0435\u043f\u043e\u0434\u043d\u0435\u0441\u0438\u0442\u0435 \u0435\u0439 \u044d\u0442\u043e\u0442 \u043c\u0438\u043b\u044b\u0439 \u0431\u0443\u043a\u0435\u0442.  \u041f\u043e\u0434\u0430\u0440\u0438\u0442\u0435 \u0446\u0432\u0435\u0442\u043e\u0447\u043d\u0443\u044e \u043a\u043e\u043c\u043f\u043e\u0437\u0438\u0446\u0438\u044e \u0432 \u0434\u0435\u043d\u044c \u0440\u043e\u0436\u0434\u0435\u043d\u0438\u044f , \u0434\u0435\u043d\u044c \u0432\u043b\u044e\u0431\u043b\u0435\u043d\u043d\u044b\u0445 , 8 \u043c\u0430\u0440\u0442\u0430. \u0412\u0440\u0443\u0447\u0438\u0442\u0435 \u0446\u0432\u0435\u0442\u044b \u0431\u0435\u0437 \u043f\u043e\u0432\u043e\u0434\u0430 , \u0441\u0434\u0435\u043b\u0430\u0439\u0442\u0435 \u043d\u0435\u043e\u0436\u0438\u0434\u0430\u043d\u043d\u044b\u0439 \u0441\u044e\u0440\u043f\u0440\u0438\u0437 \u0432 \u0441\u0435\u0440\u044b\u0439 \u0431\u0443\u0434\u043d\u0438\u0439 \u0434\u0435\u043d\u044c, \u043f\u043e\u0432\u0435\u0440\u044c\u0442\u0435, \u043a\u0430\u0436\u0434\u0430\u044f \u0434\u0435\u0432\u0443\u0448\u043a\u0430 \u043e\u0446\u0435\u043d\u0438\u0442 \u0438\u0441\u043a\u0440\u0435\u043d\u043d\u0435\u0435 \u043f\u0440\u043e\u044f\u0432\u043b\u0435\u043d\u0438\u0435 \u0432\u043d\u0438\u043c\u0430\u043d\u0438\u044f. \u0426\u0432\u0435\u0442 \u0446\u0432\u0435\u0442\u043e\u0432 \u043c\u043e\u0436\u0435\u0442 \u043c\u0435\u043d\u044f\u0442\u044c\u0441\u044f .[:en]The &quot;Zinnia&quot; bouquet is a magnificent color contrast of white orchids and red tulips. If you dream to win the heart of a beauty, present her with this cute bouquet. Present a flower arrangement on your birthday, Valentine&#039;s Day, March 8. Give flowers for no reason, make an unexpected surprise on a gray weekday, believe me, every girl will appreciate a sincere display of attention. Color of flowers may vary.[:]\" \/>\n<meta property=\"og:url\" content=\"https:\/\/bonfortuno.eu\/toode\/zinnia\/\" \/>\n<meta property=\"og:site_name\" content=\"Bonfortuno\" \/>\n<meta property=\"article:modified_time\" content=\"2025-02-11T17:03:09+00:00\" \/>\n<meta property=\"og:image\" content=\"https:\/\/bonfortuno.eu\/wp-content\/uploads\/2021\/02\/52z7_enl.jpg\" \/>\n\t<meta property=\"og:image:width\" content=\"570\" \/>\n\t<meta property=\"og:image:height\" content=\"570\" \/>\n\t<meta property=\"og:image:type\" content=\"image\/jpeg\" \/>\n<meta name=\"twitter:card\" content=\"summary_large_image\" \/>\n<script type=\"application\/ld+json\" class=\"yoast-schema-graph\">{\"@context\":\"https:\\\/\\\/schema.org\",\"@graph\":[{\"@type\":\"WebPage\",\"@id\":\"https:\\\/\\\/bonfortuno.eu\\\/toode\\\/zinnia\\\/\",\"url\":\"https:\\\/\\\/bonfortuno.eu\\\/toode\\\/zinnia\\\/\",\"name\":\"[:et]\\\"Zinnia\\\"[:ru]\\\"\u0426\u0438\u043d\u0438\u044f \\\"[:en]\\\"Zinnia\\\"[:] | Bonfortuno\",\"isPartOf\":{\"@id\":\"https:\\\/\\\/bonfortuno.eu\\\/ru\\\/#website\"},\"primaryImageOfPage\":{\"@id\":\"https:\\\/\\\/bonfortuno.eu\\\/toode\\\/zinnia\\\/#primaryimage\"},\"image\":{\"@id\":\"https:\\\/\\\/bonfortuno.eu\\\/toode\\\/zinnia\\\/#primaryimage\"},\"thumbnailUrl\":\"https:\\\/\\\/bonfortuno.eu\\\/wp-content\\\/uploads\\\/2021\\\/02\\\/52z7_enl.jpg\",\"datePublished\":\"2021-02-25T15:57:34+00:00\",\"dateModified\":\"2025-02-11T17:03:09+00:00\",\"breadcrumb\":{\"@id\":\"https:\\\/\\\/bonfortuno.eu\\\/toode\\\/zinnia\\\/#breadcrumb\"},\"inLanguage\":\"ru-RU\",\"potentialAction\":[{\"@type\":\"ReadAction\",\"target\":[\"https:\\\/\\\/bonfortuno.eu\\\/toode\\\/zinnia\\\/\"]}]},{\"@type\":\"ImageObject\",\"inLanguage\":\"ru-RU\",\"@id\":\"https:\\\/\\\/bonfortuno.eu\\\/toode\\\/zinnia\\\/#primaryimage\",\"url\":\"https:\\\/\\\/bonfortuno.eu\\\/wp-content\\\/uploads\\\/2021\\\/02\\\/52z7_enl.jpg\",\"contentUrl\":\"https:\\\/\\\/bonfortuno.eu\\\/wp-content\\\/uploads\\\/2021\\\/02\\\/52z7_enl.jpg\",\"width\":570,\"height\":570},{\"@type\":\"BreadcrumbList\",\"@id\":\"https:\\\/\\\/bonfortuno.eu\\\/toode\\\/zinnia\\\/#breadcrumb\",\"itemListElement\":[{\"@type\":\"ListItem\",\"position\":1,\"name\":\"\u0413\u043b\u0430\u0432\u043d\u0430\u044f \u0441\u0442\u0440\u0430\u043d\u0438\u0446\u0430\",\"item\":\"https:\\\/\\\/bonfortuno.eu\\\/\"},{\"@type\":\"ListItem\",\"position\":2,\"name\":\"\u041c\u0430\u0433\u0430\u0437\u0438\u043d\",\"item\":\"https:\\\/\\\/bonfortuno.eu\\\/\"},{\"@type\":\"ListItem\",\"position\":3,\"name\":\"&#8220;Zinnia&#8221;\"}]},{\"@type\":\"WebSite\",\"@id\":\"https:\\\/\\\/bonfortuno.eu\\\/ru\\\/#website\",\"url\":\"https:\\\/\\\/bonfortuno.eu\\\/ru\\\/\",\"name\":\"Bonfortuno\",\"description\":\"\u0414\u043e\u0431\u0440\u043e \u043f\u043e\u0436\u0430\u043b\u043e\u0432\u0430\u0442\u044c \u0432 \u043c\u0438\u0440 \u0441\u0432\u0435\u0436\u0438\u0445 \u0446\u0432\u0435\u0442\u043e\u0432\",\"potentialAction\":[{\"@type\":\"SearchAction\",\"target\":{\"@type\":\"EntryPoint\",\"urlTemplate\":\"https:\\\/\\\/bonfortuno.eu\\\/ru\\\/?s={search_term_string}\"},\"query-input\":{\"@type\":\"PropertyValueSpecification\",\"valueRequired\":true,\"valueName\":\"search_term_string\"}}],\"inLanguage\":\"ru-RU\"}]}<\/script>\n<!-- \/ Yoast SEO plugin. -->","yoast_head_json":{"title":"[:et]\"Zinnia\"[:ru]\"\u0426\u0438\u043d\u0438\u044f \"[:en]\"Zinnia\"[:] | Bonfortuno","robots":{"index":"index","follow":"follow","max-snippet":"max-snippet:-1","max-image-preview":"max-image-preview:large","max-video-preview":"max-video-preview:-1"},"canonical":"https:\/\/bonfortuno.eu\/toode\/zinnia\/","og_locale":"ru_RU","og_type":"article","og_title":"[:et]\"Zinnia\"[:ru]\"\u0426\u0438\u043d\u0438\u044f \"[:en]\"Zinnia\"[:] | Bonfortuno","og_description":"[:et]Kimp \"Zinnia\" on valgete orhideede ja punaste tulpide suurep\u00e4rane v\u00e4rvikontrast. Kui unistate v\u00f5ita kaunitari s\u00fcda, kinkige talle see armas kimp. Esitage lilleseadet oma s\u00fcnnip\u00e4eval, s\u00f5brap\u00e4eval, 8. m\u00e4rtsil. Kinkige p\u00f5hjuseta lilli, tehke hallil argip\u00e4eval ootamatu \u00fcllatus, uskuge mind, iga t\u00fcdruk hindab siirast t\u00e4helepanu. Lillede v\u00e4rvus v\u00f5ib varieeruda.[:ru]\u0411\u0443\u043a\u0435\u0442 \" \u0426\u0438\u043d\u043d\u0438\u044f \" \u043f\u0440\u0435\u0434\u0441\u0442\u0430\u0432\u043b\u044f\u0435\u0442 \u0441\u043e\u0431\u043e\u0439 \u0432\u0435\u043b\u0438\u043a\u043e\u043b\u0435\u043f\u043d\u044b\u0439 \u0446\u0432\u0435\u0442\u043e\u0432\u043e\u0439 \u043a\u043e\u043d\u0442\u0440\u0430\u0441\u0442 \u0438\u0437 \u0431\u0435\u043b\u044b\u0445 \u043e\u0440\u0445\u0438\u0434\u0435\u0439 \u0438 \u043a\u0440\u0430\u0441\u043d\u044b\u0445 \u0442\u044e\u043b\u044c\u043f\u0430\u043d\u043e\u0432. \u0415\u0441\u043b\u0438 \u0432\u044b \u043c\u0435\u0447\u0442\u0430\u0435\u0442\u0435 \u043f\u043e\u043a\u043e\u0440\u0438\u0442\u044c \u0441\u0435\u0440\u0434\u0446\u0435 \u043a\u0440\u0430\u0441\u0430\u0432\u0438\u0446\u044b , \u043f\u0440\u0435\u043f\u043e\u0434\u043d\u0435\u0441\u0438\u0442\u0435 \u0435\u0439 \u044d\u0442\u043e\u0442 \u043c\u0438\u043b\u044b\u0439 \u0431\u0443\u043a\u0435\u0442.  \u041f\u043e\u0434\u0430\u0440\u0438\u0442\u0435 \u0446\u0432\u0435\u0442\u043e\u0447\u043d\u0443\u044e \u043a\u043e\u043c\u043f\u043e\u0437\u0438\u0446\u0438\u044e \u0432 \u0434\u0435\u043d\u044c \u0440\u043e\u0436\u0434\u0435\u043d\u0438\u044f , \u0434\u0435\u043d\u044c \u0432\u043b\u044e\u0431\u043b\u0435\u043d\u043d\u044b\u0445 , 8 \u043c\u0430\u0440\u0442\u0430. \u0412\u0440\u0443\u0447\u0438\u0442\u0435 \u0446\u0432\u0435\u0442\u044b \u0431\u0435\u0437 \u043f\u043e\u0432\u043e\u0434\u0430 , \u0441\u0434\u0435\u043b\u0430\u0439\u0442\u0435 \u043d\u0435\u043e\u0436\u0438\u0434\u0430\u043d\u043d\u044b\u0439 \u0441\u044e\u0440\u043f\u0440\u0438\u0437 \u0432 \u0441\u0435\u0440\u044b\u0439 \u0431\u0443\u0434\u043d\u0438\u0439 \u0434\u0435\u043d\u044c, \u043f\u043e\u0432\u0435\u0440\u044c\u0442\u0435, \u043a\u0430\u0436\u0434\u0430\u044f \u0434\u0435\u0432\u0443\u0448\u043a\u0430 \u043e\u0446\u0435\u043d\u0438\u0442 \u0438\u0441\u043a\u0440\u0435\u043d\u043d\u0435\u0435 \u043f\u0440\u043e\u044f\u0432\u043b\u0435\u043d\u0438\u0435 \u0432\u043d\u0438\u043c\u0430\u043d\u0438\u044f. \u0426\u0432\u0435\u0442 \u0446\u0432\u0435\u0442\u043e\u0432 \u043c\u043e\u0436\u0435\u0442 \u043c\u0435\u043d\u044f\u0442\u044c\u0441\u044f .[:en]The \"Zinnia\" bouquet is a magnificent color contrast of white orchids and red tulips. If you dream to win the heart of a beauty, present her with this cute bouquet. Present a flower arrangement on your birthday, Valentine's Day, March 8. Give flowers for no reason, make an unexpected surprise on a gray weekday, believe me, every girl will appreciate a sincere display of attention. Color of flowers may vary.[:]","og_url":"https:\/\/bonfortuno.eu\/toode\/zinnia\/","og_site_name":"Bonfortuno","article_modified_time":"2025-02-11T17:03:09+00:00","og_image":[{"width":570,"height":570,"url":"https:\/\/bonfortuno.eu\/wp-content\/uploads\/2021\/02\/52z7_enl.jpg","type":"image\/jpeg"}],"twitter_card":"summary_large_image","schema":{"@context":"https:\/\/schema.org","@graph":[{"@type":"WebPage","@id":"https:\/\/bonfortuno.eu\/toode\/zinnia\/","url":"https:\/\/bonfortuno.eu\/toode\/zinnia\/","name":"[:et]\"Zinnia\"[:ru]\"\u0426\u0438\u043d\u0438\u044f \"[:en]\"Zinnia\"[:] | Bonfortuno","isPartOf":{"@id":"https:\/\/bonfortuno.eu\/ru\/#website"},"primaryImageOfPage":{"@id":"https:\/\/bonfortuno.eu\/toode\/zinnia\/#primaryimage"},"image":{"@id":"https:\/\/bonfortuno.eu\/toode\/zinnia\/#primaryimage"},"thumbnailUrl":"https:\/\/bonfortuno.eu\/wp-content\/uploads\/2021\/02\/52z7_enl.jpg","datePublished":"2021-02-25T15:57:34+00:00","dateModified":"2025-02-11T17:03:09+00:00","breadcrumb":{"@id":"https:\/\/bonfortuno.eu\/toode\/zinnia\/#breadcrumb"},"inLanguage":"ru-RU","potentialAction":[{"@type":"ReadAction","target":["https:\/\/bonfortuno.eu\/toode\/zinnia\/"]}]},{"@type":"ImageObject","inLanguage":"ru-RU","@id":"https:\/\/bonfortuno.eu\/toode\/zinnia\/#primaryimage","url":"https:\/\/bonfortuno.eu\/wp-content\/uploads\/2021\/02\/52z7_enl.jpg","contentUrl":"https:\/\/bonfortuno.eu\/wp-content\/uploads\/2021\/02\/52z7_enl.jpg","width":570,"height":570},{"@type":"BreadcrumbList","@id":"https:\/\/bonfortuno.eu\/toode\/zinnia\/#breadcrumb","itemListElement":[{"@type":"ListItem","position":1,"name":"\u0413\u043b\u0430\u0432\u043d\u0430\u044f \u0441\u0442\u0440\u0430\u043d\u0438\u0446\u0430","item":"https:\/\/bonfortuno.eu\/"},{"@type":"ListItem","position":2,"name":"\u041c\u0430\u0433\u0430\u0437\u0438\u043d","item":"https:\/\/bonfortuno.eu\/"},{"@type":"ListItem","position":3,"name":"&#8220;Zinnia&#8221;"}]},{"@type":"WebSite","@id":"https:\/\/bonfortuno.eu\/ru\/#website","url":"https:\/\/bonfortuno.eu\/ru\/","name":"Bonfortuno","description":"\u0414\u043e\u0431\u0440\u043e \u043f\u043e\u0436\u0430\u043b\u043e\u0432\u0430\u0442\u044c \u0432 \u043c\u0438\u0440 \u0441\u0432\u0435\u0436\u0438\u0445 \u0446\u0432\u0435\u0442\u043e\u0432","potentialAction":[{"@type":"SearchAction","target":{"@type":"EntryPoint","urlTemplate":"https:\/\/bonfortuno.eu\/ru\/?s={search_term_string}"},"query-input":{"@type":"PropertyValueSpecification","valueRequired":true,"valueName":"search_term_string"}}],"inLanguage":"ru-RU"}]}},"_links":{"self":[{"href":"https:\/\/bonfortuno.eu\/ru\/wp-json\/wp\/v2\/product\/3100","targetHints":{"allow":["GET"]}}],"collection":[{"href":"https:\/\/bonfortuno.eu\/ru\/wp-json\/wp\/v2\/product"}],"about":[{"href":"https:\/\/bonfortuno.eu\/ru\/wp-json\/wp\/v2\/types\/product"}],"wp:featuredmedia":[{"embeddable":true,"href":"https:\/\/bonfortuno.eu\/ru\/wp-json\/wp\/v2\/media\/2988"}],"wp:attachment":[{"href":"https:\/\/bonfortuno.eu\/ru\/wp-json\/wp\/v2\/media?parent=3100"}],"wp:term":[{"taxonomy":"product_brand","embeddable":true,"href":"https:\/\/bonfortuno.eu\/ru\/wp-json\/wp\/v2\/product_brand?post=3100"},{"taxonomy":"product_cat","embeddable":true,"href":"https:\/\/bonfortuno.eu\/ru\/wp-json\/wp\/v2\/product_cat?post=3100"},{"taxonomy":"product_tag","embeddable":true,"href":"https:\/\/bonfortuno.eu\/ru\/wp-json\/wp\/v2\/product_tag?post=3100"}],"curies":[{"name":"wp","href":"https:\/\/api.w.org\/{rel}","templated":true}]}}