{"id":3108,"date":"2021-02-25T19:02:03","date_gmt":"2021-02-25T17:02:03","guid":{"rendered":"https:\/\/bonfortuno.eu\/?post_type=product&#038;p=3108"},"modified":"2026-02-09T18:27:30","modified_gmt":"2026-02-09T16:27:30","slug":"ooper","status":"publish","type":"product","link":"https:\/\/bonfortuno.eu\/ru\/toode\/ooper\/","title":{"rendered":"&#187;\u041e\u043f\u0435\u0440\u0430 &#171;"},"content":{"rendered":"","protected":false},"excerpt":{"rendered":"<p>\u0411\u0443\u043a\u0435\u0442 \u0438\u0437 \u0440\u0430\u0437\u043d\u043e\u0446\u0432\u0435\u0442\u043d\u044b\u0445 \u0442\u044e\u043b\u044c\u043f\u0430\u043d\u043e\u0432 \u0434\u043e\u0441\u0442\u043e\u0439\u043d\u044b\u0439 \u043f\u043e\u0434\u0430\u0440\u043e\u043a \u0434\u043b\u044f \u043b\u044e\u0431\u043e\u0439 \u0436\u0435\u043d\u0449\u0438\u043d\u044b.<\/p>\n","protected":false},"featured_media":2983,"template":"","meta":[],"product_brand":[],"product_cat":[76,30],"product_tag":[],"class_list":{"0":"post-3108","1":"product","2":"type-product","3":"status-publish","4":"has-post-thumbnail","6":"product_cat-koik-tooted","7":"product_cat-lillekimbud","9":"first","10":"instock","11":"shipping-taxable","12":"purchasable","13":"product-type-simple"},"yoast_head":"<!-- This site is optimized with the Yoast SEO plugin v27.3 - https:\/\/yoast.com\/product\/yoast-seo-wordpress\/ -->\n<title>&quot;\u041e\u043f\u0435\u0440\u0430 &quot; | Bonfortuno<\/title>\n<meta name=\"robots\" content=\"index, follow, max-snippet:-1, max-image-preview:large, max-video-preview:-1\" \/>\n<link rel=\"canonical\" href=\"https:\/\/bonfortuno.eu\/toode\/ooper\/\" \/>\n<meta property=\"og:locale\" content=\"ru_RU\" \/>\n<meta property=\"og:type\" content=\"article\" \/>\n<meta property=\"og:title\" content=\"[:et]&quot;Ooper&quot;[:ru]&quot;\u041e\u043f\u0435\u0440\u0430 &quot;[:en]&quot;Opera&quot;[:] | Bonfortuno\" \/>\n<meta property=\"og:description\" content=\"[:et]Kimp mitmev\u00e4rvilisi tulpe on igale naisele v\u00e4\u00e4riline kingitus.[:ru]\u0411\u0443\u043a\u0435\u0442 \u0438\u0437 \u0440\u0430\u0437\u043d\u043e\u0446\u0432\u0435\u0442\u043d\u044b\u0445 \u0442\u044e\u043b\u044c\u043f\u0430\u043d\u043e\u0432 \u0434\u043e\u0441\u0442\u043e\u0439\u043d\u044b\u0439 \u043f\u043e\u0434\u0430\u0440\u043e\u043a \u0434\u043b\u044f \u043b\u044e\u0431\u043e\u0439 \u0436\u0435\u043d\u0449\u0438\u043d\u044b.[:en]A bouquet of multi-colored tulips is a worthy gift for any woman.[:]\" \/>\n<meta property=\"og:url\" content=\"https:\/\/bonfortuno.eu\/toode\/ooper\/\" \/>\n<meta property=\"og:site_name\" content=\"Bonfortuno\" \/>\n<meta property=\"article:modified_time\" content=\"2026-02-09T16:27:30+00:00\" \/>\n<meta property=\"og:image\" content=\"https:\/\/bonfortuno.eu\/wp-content\/uploads\/2021\/02\/20ho.jpg\" \/>\n\t<meta property=\"og:image:width\" content=\"500\" \/>\n\t<meta property=\"og:image:height\" content=\"500\" \/>\n\t<meta property=\"og:image:type\" content=\"image\/jpeg\" \/>\n<meta name=\"twitter:card\" content=\"summary_large_image\" \/>\n<script type=\"application\/ld+json\" class=\"yoast-schema-graph\">{\"@context\":\"https:\\\/\\\/schema.org\",\"@graph\":[{\"@type\":\"WebPage\",\"@id\":\"https:\\\/\\\/bonfortuno.eu\\\/toode\\\/ooper\\\/\",\"url\":\"https:\\\/\\\/bonfortuno.eu\\\/toode\\\/ooper\\\/\",\"name\":\"[:et]\\\"Ooper\\\"[:ru]\\\"\u041e\u043f\u0435\u0440\u0430 \\\"[:en]\\\"Opera\\\"[:] | Bonfortuno\",\"isPartOf\":{\"@id\":\"https:\\\/\\\/bonfortuno.eu\\\/ru\\\/#website\"},\"primaryImageOfPage\":{\"@id\":\"https:\\\/\\\/bonfortuno.eu\\\/toode\\\/ooper\\\/#primaryimage\"},\"image\":{\"@id\":\"https:\\\/\\\/bonfortuno.eu\\\/toode\\\/ooper\\\/#primaryimage\"},\"thumbnailUrl\":\"https:\\\/\\\/bonfortuno.eu\\\/wp-content\\\/uploads\\\/2021\\\/02\\\/20ho.jpg\",\"datePublished\":\"2021-02-25T17:02:03+00:00\",\"dateModified\":\"2026-02-09T16:27:30+00:00\",\"breadcrumb\":{\"@id\":\"https:\\\/\\\/bonfortuno.eu\\\/toode\\\/ooper\\\/#breadcrumb\"},\"inLanguage\":\"ru-RU\",\"potentialAction\":[{\"@type\":\"ReadAction\",\"target\":[\"https:\\\/\\\/bonfortuno.eu\\\/toode\\\/ooper\\\/\"]}]},{\"@type\":\"ImageObject\",\"inLanguage\":\"ru-RU\",\"@id\":\"https:\\\/\\\/bonfortuno.eu\\\/toode\\\/ooper\\\/#primaryimage\",\"url\":\"https:\\\/\\\/bonfortuno.eu\\\/wp-content\\\/uploads\\\/2021\\\/02\\\/20ho.jpg\",\"contentUrl\":\"https:\\\/\\\/bonfortuno.eu\\\/wp-content\\\/uploads\\\/2021\\\/02\\\/20ho.jpg\",\"width\":500,\"height\":500},{\"@type\":\"BreadcrumbList\",\"@id\":\"https:\\\/\\\/bonfortuno.eu\\\/toode\\\/ooper\\\/#breadcrumb\",\"itemListElement\":[{\"@type\":\"ListItem\",\"position\":1,\"name\":\"\u0413\u043b\u0430\u0432\u043d\u0430\u044f \u0441\u0442\u0440\u0430\u043d\u0438\u0446\u0430\",\"item\":\"https:\\\/\\\/bonfortuno.eu\\\/\"},{\"@type\":\"ListItem\",\"position\":2,\"name\":\"\u041c\u0430\u0433\u0430\u0437\u0438\u043d\",\"item\":\"https:\\\/\\\/bonfortuno.eu\\\/\"},{\"@type\":\"ListItem\",\"position\":3,\"name\":\"&#171;\u041e\u043f\u0435\u0440\u0430 &#171;\"}]},{\"@type\":\"WebSite\",\"@id\":\"https:\\\/\\\/bonfortuno.eu\\\/ru\\\/#website\",\"url\":\"https:\\\/\\\/bonfortuno.eu\\\/ru\\\/\",\"name\":\"Bonfortuno\",\"description\":\"\u0414\u043e\u0431\u0440\u043e \u043f\u043e\u0436\u0430\u043b\u043e\u0432\u0430\u0442\u044c \u0432 \u043c\u0438\u0440 \u0441\u0432\u0435\u0436\u0438\u0445 \u0446\u0432\u0435\u0442\u043e\u0432\",\"potentialAction\":[{\"@type\":\"SearchAction\",\"target\":{\"@type\":\"EntryPoint\",\"urlTemplate\":\"https:\\\/\\\/bonfortuno.eu\\\/ru\\\/?s={search_term_string}\"},\"query-input\":{\"@type\":\"PropertyValueSpecification\",\"valueRequired\":true,\"valueName\":\"search_term_string\"}}],\"inLanguage\":\"ru-RU\"}]}<\/script>\n<!-- \/ Yoast SEO plugin. -->","yoast_head_json":{"title":"[:et]\"Ooper\"[:ru]\"\u041e\u043f\u0435\u0440\u0430 \"[:en]\"Opera\"[:] | Bonfortuno","robots":{"index":"index","follow":"follow","max-snippet":"max-snippet:-1","max-image-preview":"max-image-preview:large","max-video-preview":"max-video-preview:-1"},"canonical":"https:\/\/bonfortuno.eu\/toode\/ooper\/","og_locale":"ru_RU","og_type":"article","og_title":"[:et]\"Ooper\"[:ru]\"\u041e\u043f\u0435\u0440\u0430 \"[:en]\"Opera\"[:] | Bonfortuno","og_description":"[:et]Kimp mitmev\u00e4rvilisi tulpe on igale naisele v\u00e4\u00e4riline kingitus.[:ru]\u0411\u0443\u043a\u0435\u0442 \u0438\u0437 \u0440\u0430\u0437\u043d\u043e\u0446\u0432\u0435\u0442\u043d\u044b\u0445 \u0442\u044e\u043b\u044c\u043f\u0430\u043d\u043e\u0432 \u0434\u043e\u0441\u0442\u043e\u0439\u043d\u044b\u0439 \u043f\u043e\u0434\u0430\u0440\u043e\u043a \u0434\u043b\u044f \u043b\u044e\u0431\u043e\u0439 \u0436\u0435\u043d\u0449\u0438\u043d\u044b.[:en]A bouquet of multi-colored tulips is a worthy gift for any woman.[:]","og_url":"https:\/\/bonfortuno.eu\/toode\/ooper\/","og_site_name":"Bonfortuno","article_modified_time":"2026-02-09T16:27:30+00:00","og_image":[{"width":500,"height":500,"url":"https:\/\/bonfortuno.eu\/wp-content\/uploads\/2021\/02\/20ho.jpg","type":"image\/jpeg"}],"twitter_card":"summary_large_image","schema":{"@context":"https:\/\/schema.org","@graph":[{"@type":"WebPage","@id":"https:\/\/bonfortuno.eu\/toode\/ooper\/","url":"https:\/\/bonfortuno.eu\/toode\/ooper\/","name":"[:et]\"Ooper\"[:ru]\"\u041e\u043f\u0435\u0440\u0430 \"[:en]\"Opera\"[:] | Bonfortuno","isPartOf":{"@id":"https:\/\/bonfortuno.eu\/ru\/#website"},"primaryImageOfPage":{"@id":"https:\/\/bonfortuno.eu\/toode\/ooper\/#primaryimage"},"image":{"@id":"https:\/\/bonfortuno.eu\/toode\/ooper\/#primaryimage"},"thumbnailUrl":"https:\/\/bonfortuno.eu\/wp-content\/uploads\/2021\/02\/20ho.jpg","datePublished":"2021-02-25T17:02:03+00:00","dateModified":"2026-02-09T16:27:30+00:00","breadcrumb":{"@id":"https:\/\/bonfortuno.eu\/toode\/ooper\/#breadcrumb"},"inLanguage":"ru-RU","potentialAction":[{"@type":"ReadAction","target":["https:\/\/bonfortuno.eu\/toode\/ooper\/"]}]},{"@type":"ImageObject","inLanguage":"ru-RU","@id":"https:\/\/bonfortuno.eu\/toode\/ooper\/#primaryimage","url":"https:\/\/bonfortuno.eu\/wp-content\/uploads\/2021\/02\/20ho.jpg","contentUrl":"https:\/\/bonfortuno.eu\/wp-content\/uploads\/2021\/02\/20ho.jpg","width":500,"height":500},{"@type":"BreadcrumbList","@id":"https:\/\/bonfortuno.eu\/toode\/ooper\/#breadcrumb","itemListElement":[{"@type":"ListItem","position":1,"name":"\u0413\u043b\u0430\u0432\u043d\u0430\u044f \u0441\u0442\u0440\u0430\u043d\u0438\u0446\u0430","item":"https:\/\/bonfortuno.eu\/"},{"@type":"ListItem","position":2,"name":"\u041c\u0430\u0433\u0430\u0437\u0438\u043d","item":"https:\/\/bonfortuno.eu\/"},{"@type":"ListItem","position":3,"name":"&#171;\u041e\u043f\u0435\u0440\u0430 &#171;"}]},{"@type":"WebSite","@id":"https:\/\/bonfortuno.eu\/ru\/#website","url":"https:\/\/bonfortuno.eu\/ru\/","name":"Bonfortuno","description":"\u0414\u043e\u0431\u0440\u043e \u043f\u043e\u0436\u0430\u043b\u043e\u0432\u0430\u0442\u044c \u0432 \u043c\u0438\u0440 \u0441\u0432\u0435\u0436\u0438\u0445 \u0446\u0432\u0435\u0442\u043e\u0432","potentialAction":[{"@type":"SearchAction","target":{"@type":"EntryPoint","urlTemplate":"https:\/\/bonfortuno.eu\/ru\/?s={search_term_string}"},"query-input":{"@type":"PropertyValueSpecification","valueRequired":true,"valueName":"search_term_string"}}],"inLanguage":"ru-RU"}]}},"_links":{"self":[{"href":"https:\/\/bonfortuno.eu\/ru\/wp-json\/wp\/v2\/product\/3108","targetHints":{"allow":["GET"]}}],"collection":[{"href":"https:\/\/bonfortuno.eu\/ru\/wp-json\/wp\/v2\/product"}],"about":[{"href":"https:\/\/bonfortuno.eu\/ru\/wp-json\/wp\/v2\/types\/product"}],"wp:featuredmedia":[{"embeddable":true,"href":"https:\/\/bonfortuno.eu\/ru\/wp-json\/wp\/v2\/media\/2983"}],"wp:attachment":[{"href":"https:\/\/bonfortuno.eu\/ru\/wp-json\/wp\/v2\/media?parent=3108"}],"wp:term":[{"taxonomy":"product_brand","embeddable":true,"href":"https:\/\/bonfortuno.eu\/ru\/wp-json\/wp\/v2\/product_brand?post=3108"},{"taxonomy":"product_cat","embeddable":true,"href":"https:\/\/bonfortuno.eu\/ru\/wp-json\/wp\/v2\/product_cat?post=3108"},{"taxonomy":"product_tag","embeddable":true,"href":"https:\/\/bonfortuno.eu\/ru\/wp-json\/wp\/v2\/product_tag?post=3108"}],"curies":[{"name":"wp","href":"https:\/\/api.w.org\/{rel}","templated":true}]}}