{"id":3329,"date":"2021-08-11T17:31:13","date_gmt":"2021-08-11T14:31:13","guid":{"rendered":"https:\/\/bonfortuno.eu\/?post_type=product&#038;p=3329"},"modified":"2022-01-13T12:58:36","modified_gmt":"2022-01-13T10:58:36","slug":"kompliment","status":"publish","type":"product","link":"https:\/\/bonfortuno.eu\/ru\/toode\/kompliment\/","title":{"rendered":"&#187;\u041a\u043e\u043c\u043f\u043b\u0438\u043c\u0435\u043d\u0442&#187;"},"content":{"rendered":"<p>\u0411\u0443\u043a\u0435\u0442 \u0438\u0437 \u043a\u0440\u0430\u0441\u043d\u044b\u0445 \u0440\u043e\u0437. \u0420\u043e\u0437\u0430 &#8212; \u0441\u0438\u043c\u0432\u043e\u043b \u0432\u043e\u0441\u0442\u043e\u0440\u0433\u0430 \u0438 \u0432\u043b\u0430\u0441\u0442\u0438, \u0412\u0435\u0434\u044c \u043d\u0435 \u0437\u0440\u044f \u043a\u043e\u0440\u043e\u043b\u0435\u0432\u0430 \u0446\u0432\u0435\u0442\u043e\u0432!<\/p>","protected":false},"excerpt":{"rendered":"<p>\u0411\u0443\u043a\u0435\u0442 \u0438\u0437 \u043a\u0440\u0430\u0441\u043d\u044b\u0445 \u0440\u043e\u0437. \u0420\u043e\u0437\u0430 &#8212; \u0441\u0438\u043c\u0432\u043e\u043b \u0432\u043e\u0441\u0442\u043e\u0440\u0433\u0430 \u0438 \u0432\u043b\u0430\u0441\u0442\u0438, \u0412\u0435\u0434\u044c \u043d\u0435 \u0437\u0440\u044f \u043a\u043e\u0440\u043e\u043b\u0435\u0432\u0430 \u0446\u0432\u0435\u0442\u043e\u0432!<\/p>\n","protected":false},"featured_media":2795,"template":"","meta":[],"product_brand":[],"product_cat":[76,30],"product_tag":[],"class_list":{"0":"post-3329","1":"product","2":"type-product","3":"status-publish","4":"has-post-thumbnail","6":"product_cat-koik-tooted","7":"product_cat-lillekimbud","9":"first","10":"instock","11":"shipping-taxable","12":"purchasable","13":"product-type-simple"},"yoast_head":"<!-- This site is optimized with the Yoast SEO plugin v27.3 - https:\/\/yoast.com\/product\/yoast-seo-wordpress\/ -->\n<title>&quot;\u041a\u043e\u043c\u043f\u043b\u0438\u043c\u0435\u043d\u0442&quot;  | Bonfortuno<\/title>\n<meta name=\"robots\" content=\"index, follow, max-snippet:-1, max-image-preview:large, max-video-preview:-1\" \/>\n<link rel=\"canonical\" href=\"https:\/\/bonfortuno.eu\/toode\/kompliment\/\" \/>\n<meta property=\"og:locale\" content=\"ru_RU\" \/>\n<meta property=\"og:type\" content=\"article\" \/>\n<meta property=\"og:title\" content=\"[:et]&quot;Kompliment&quot;[:ru]&quot;\u041a\u043e\u043c\u043f\u043b\u0438\u043c\u0435\u043d\u0442&quot; [:en]&quot;Compliment&quot;[:] | Bonfortuno\" \/>\n<meta property=\"og:description\" content=\"[:et]Kimp punaseid roose. Roos on r\u00f5\u00f5mu ja j\u00f5u s\u00fcmbol, Lillede kuninganna pole asjata![:ru]\u0411\u0443\u043a\u0435\u0442 \u0438\u0437 \u043a\u0440\u0430\u0441\u043d\u044b\u0445 \u0440\u043e\u0437. \u0420\u043e\u0437\u0430 - \u0441\u0438\u043c\u0432\u043e\u043b \u0432\u043e\u0441\u0442\u043e\u0440\u0433\u0430 \u0438 \u0432\u043b\u0430\u0441\u0442\u0438, \u0412\u0435\u0434\u044c \u043d\u0435 \u0437\u0440\u044f \u043a\u043e\u0440\u043e\u043b\u0435\u0432\u0430 \u0446\u0432\u0435\u0442\u043e\u0432![:en]Bouquet of red roses. Rose is a symbol of delight and power, It&#039;s not for nothing that the queen of flowers![:]\" \/>\n<meta property=\"og:url\" content=\"https:\/\/bonfortuno.eu\/toode\/kompliment\/\" \/>\n<meta property=\"og:site_name\" content=\"Bonfortuno\" \/>\n<meta property=\"article:modified_time\" content=\"2022-01-13T10:58:36+00:00\" \/>\n<meta property=\"og:image\" content=\"https:\/\/bonfortuno.eu\/wp-content\/uploads\/2020\/10\/AFFADB6D-9B7D-4E51-B04A-4B530B6C9B1C.jpeg\" \/>\n\t<meta property=\"og:image:width\" content=\"460\" \/>\n\t<meta property=\"og:image:height\" content=\"460\" \/>\n\t<meta property=\"og:image:type\" content=\"image\/jpeg\" \/>\n<meta name=\"twitter:card\" content=\"summary_large_image\" \/>\n<script type=\"application\/ld+json\" class=\"yoast-schema-graph\">{\"@context\":\"https:\\\/\\\/schema.org\",\"@graph\":[{\"@type\":\"WebPage\",\"@id\":\"https:\\\/\\\/bonfortuno.eu\\\/toode\\\/kompliment\\\/\",\"url\":\"https:\\\/\\\/bonfortuno.eu\\\/toode\\\/kompliment\\\/\",\"name\":\"[:et]\\\"Kompliment\\\"[:ru]\\\"\u041a\u043e\u043c\u043f\u043b\u0438\u043c\u0435\u043d\u0442\\\" [:en]\\\"Compliment\\\"[:] | Bonfortuno\",\"isPartOf\":{\"@id\":\"https:\\\/\\\/bonfortuno.eu\\\/ru\\\/#website\"},\"primaryImageOfPage\":{\"@id\":\"https:\\\/\\\/bonfortuno.eu\\\/toode\\\/kompliment\\\/#primaryimage\"},\"image\":{\"@id\":\"https:\\\/\\\/bonfortuno.eu\\\/toode\\\/kompliment\\\/#primaryimage\"},\"thumbnailUrl\":\"https:\\\/\\\/bonfortuno.eu\\\/wp-content\\\/uploads\\\/2020\\\/10\\\/AFFADB6D-9B7D-4E51-B04A-4B530B6C9B1C.jpeg\",\"datePublished\":\"2021-08-11T14:31:13+00:00\",\"dateModified\":\"2022-01-13T10:58:36+00:00\",\"breadcrumb\":{\"@id\":\"https:\\\/\\\/bonfortuno.eu\\\/toode\\\/kompliment\\\/#breadcrumb\"},\"inLanguage\":\"ru-RU\",\"potentialAction\":[{\"@type\":\"ReadAction\",\"target\":[\"https:\\\/\\\/bonfortuno.eu\\\/toode\\\/kompliment\\\/\"]}]},{\"@type\":\"ImageObject\",\"inLanguage\":\"ru-RU\",\"@id\":\"https:\\\/\\\/bonfortuno.eu\\\/toode\\\/kompliment\\\/#primaryimage\",\"url\":\"https:\\\/\\\/bonfortuno.eu\\\/wp-content\\\/uploads\\\/2020\\\/10\\\/AFFADB6D-9B7D-4E51-B04A-4B530B6C9B1C.jpeg\",\"contentUrl\":\"https:\\\/\\\/bonfortuno.eu\\\/wp-content\\\/uploads\\\/2020\\\/10\\\/AFFADB6D-9B7D-4E51-B04A-4B530B6C9B1C.jpeg\",\"width\":460,\"height\":460},{\"@type\":\"BreadcrumbList\",\"@id\":\"https:\\\/\\\/bonfortuno.eu\\\/toode\\\/kompliment\\\/#breadcrumb\",\"itemListElement\":[{\"@type\":\"ListItem\",\"position\":1,\"name\":\"\u0413\u043b\u0430\u0432\u043d\u0430\u044f \u0441\u0442\u0440\u0430\u043d\u0438\u0446\u0430\",\"item\":\"https:\\\/\\\/bonfortuno.eu\\\/\"},{\"@type\":\"ListItem\",\"position\":2,\"name\":\"\u041c\u0430\u0433\u0430\u0437\u0438\u043d\",\"item\":\"https:\\\/\\\/bonfortuno.eu\\\/\"},{\"@type\":\"ListItem\",\"position\":3,\"name\":\"&#8220;Kompliment&#8221;\"}]},{\"@type\":\"WebSite\",\"@id\":\"https:\\\/\\\/bonfortuno.eu\\\/ru\\\/#website\",\"url\":\"https:\\\/\\\/bonfortuno.eu\\\/ru\\\/\",\"name\":\"Bonfortuno\",\"description\":\"\u0414\u043e\u0431\u0440\u043e \u043f\u043e\u0436\u0430\u043b\u043e\u0432\u0430\u0442\u044c \u0432 \u043c\u0438\u0440 \u0441\u0432\u0435\u0436\u0438\u0445 \u0446\u0432\u0435\u0442\u043e\u0432\",\"potentialAction\":[{\"@type\":\"SearchAction\",\"target\":{\"@type\":\"EntryPoint\",\"urlTemplate\":\"https:\\\/\\\/bonfortuno.eu\\\/ru\\\/?s={search_term_string}\"},\"query-input\":{\"@type\":\"PropertyValueSpecification\",\"valueRequired\":true,\"valueName\":\"search_term_string\"}}],\"inLanguage\":\"ru-RU\"}]}<\/script>\n<!-- \/ Yoast SEO plugin. -->","yoast_head_json":{"title":"[:et]\"Kompliment\"[:ru]\"\u041a\u043e\u043c\u043f\u043b\u0438\u043c\u0435\u043d\u0442\" [:en]\"Compliment\"[:] | Bonfortuno","robots":{"index":"index","follow":"follow","max-snippet":"max-snippet:-1","max-image-preview":"max-image-preview:large","max-video-preview":"max-video-preview:-1"},"canonical":"https:\/\/bonfortuno.eu\/toode\/kompliment\/","og_locale":"ru_RU","og_type":"article","og_title":"[:et]\"Kompliment\"[:ru]\"\u041a\u043e\u043c\u043f\u043b\u0438\u043c\u0435\u043d\u0442\" [:en]\"Compliment\"[:] | Bonfortuno","og_description":"[:et]Kimp punaseid roose. Roos on r\u00f5\u00f5mu ja j\u00f5u s\u00fcmbol, Lillede kuninganna pole asjata![:ru]\u0411\u0443\u043a\u0435\u0442 \u0438\u0437 \u043a\u0440\u0430\u0441\u043d\u044b\u0445 \u0440\u043e\u0437. \u0420\u043e\u0437\u0430 - \u0441\u0438\u043c\u0432\u043e\u043b \u0432\u043e\u0441\u0442\u043e\u0440\u0433\u0430 \u0438 \u0432\u043b\u0430\u0441\u0442\u0438, \u0412\u0435\u0434\u044c \u043d\u0435 \u0437\u0440\u044f \u043a\u043e\u0440\u043e\u043b\u0435\u0432\u0430 \u0446\u0432\u0435\u0442\u043e\u0432![:en]Bouquet of red roses. Rose is a symbol of delight and power, It's not for nothing that the queen of flowers![:]","og_url":"https:\/\/bonfortuno.eu\/toode\/kompliment\/","og_site_name":"Bonfortuno","article_modified_time":"2022-01-13T10:58:36+00:00","og_image":[{"width":460,"height":460,"url":"https:\/\/bonfortuno.eu\/wp-content\/uploads\/2020\/10\/AFFADB6D-9B7D-4E51-B04A-4B530B6C9B1C.jpeg","type":"image\/jpeg"}],"twitter_card":"summary_large_image","schema":{"@context":"https:\/\/schema.org","@graph":[{"@type":"WebPage","@id":"https:\/\/bonfortuno.eu\/toode\/kompliment\/","url":"https:\/\/bonfortuno.eu\/toode\/kompliment\/","name":"[:et]\"Kompliment\"[:ru]\"\u041a\u043e\u043c\u043f\u043b\u0438\u043c\u0435\u043d\u0442\" [:en]\"Compliment\"[:] | Bonfortuno","isPartOf":{"@id":"https:\/\/bonfortuno.eu\/ru\/#website"},"primaryImageOfPage":{"@id":"https:\/\/bonfortuno.eu\/toode\/kompliment\/#primaryimage"},"image":{"@id":"https:\/\/bonfortuno.eu\/toode\/kompliment\/#primaryimage"},"thumbnailUrl":"https:\/\/bonfortuno.eu\/wp-content\/uploads\/2020\/10\/AFFADB6D-9B7D-4E51-B04A-4B530B6C9B1C.jpeg","datePublished":"2021-08-11T14:31:13+00:00","dateModified":"2022-01-13T10:58:36+00:00","breadcrumb":{"@id":"https:\/\/bonfortuno.eu\/toode\/kompliment\/#breadcrumb"},"inLanguage":"ru-RU","potentialAction":[{"@type":"ReadAction","target":["https:\/\/bonfortuno.eu\/toode\/kompliment\/"]}]},{"@type":"ImageObject","inLanguage":"ru-RU","@id":"https:\/\/bonfortuno.eu\/toode\/kompliment\/#primaryimage","url":"https:\/\/bonfortuno.eu\/wp-content\/uploads\/2020\/10\/AFFADB6D-9B7D-4E51-B04A-4B530B6C9B1C.jpeg","contentUrl":"https:\/\/bonfortuno.eu\/wp-content\/uploads\/2020\/10\/AFFADB6D-9B7D-4E51-B04A-4B530B6C9B1C.jpeg","width":460,"height":460},{"@type":"BreadcrumbList","@id":"https:\/\/bonfortuno.eu\/toode\/kompliment\/#breadcrumb","itemListElement":[{"@type":"ListItem","position":1,"name":"\u0413\u043b\u0430\u0432\u043d\u0430\u044f \u0441\u0442\u0440\u0430\u043d\u0438\u0446\u0430","item":"https:\/\/bonfortuno.eu\/"},{"@type":"ListItem","position":2,"name":"\u041c\u0430\u0433\u0430\u0437\u0438\u043d","item":"https:\/\/bonfortuno.eu\/"},{"@type":"ListItem","position":3,"name":"&#8220;Kompliment&#8221;"}]},{"@type":"WebSite","@id":"https:\/\/bonfortuno.eu\/ru\/#website","url":"https:\/\/bonfortuno.eu\/ru\/","name":"Bonfortuno","description":"\u0414\u043e\u0431\u0440\u043e \u043f\u043e\u0436\u0430\u043b\u043e\u0432\u0430\u0442\u044c \u0432 \u043c\u0438\u0440 \u0441\u0432\u0435\u0436\u0438\u0445 \u0446\u0432\u0435\u0442\u043e\u0432","potentialAction":[{"@type":"SearchAction","target":{"@type":"EntryPoint","urlTemplate":"https:\/\/bonfortuno.eu\/ru\/?s={search_term_string}"},"query-input":{"@type":"PropertyValueSpecification","valueRequired":true,"valueName":"search_term_string"}}],"inLanguage":"ru-RU"}]}},"_links":{"self":[{"href":"https:\/\/bonfortuno.eu\/ru\/wp-json\/wp\/v2\/product\/3329","targetHints":{"allow":["GET"]}}],"collection":[{"href":"https:\/\/bonfortuno.eu\/ru\/wp-json\/wp\/v2\/product"}],"about":[{"href":"https:\/\/bonfortuno.eu\/ru\/wp-json\/wp\/v2\/types\/product"}],"wp:featuredmedia":[{"embeddable":true,"href":"https:\/\/bonfortuno.eu\/ru\/wp-json\/wp\/v2\/media\/2795"}],"wp:attachment":[{"href":"https:\/\/bonfortuno.eu\/ru\/wp-json\/wp\/v2\/media?parent=3329"}],"wp:term":[{"taxonomy":"product_brand","embeddable":true,"href":"https:\/\/bonfortuno.eu\/ru\/wp-json\/wp\/v2\/product_brand?post=3329"},{"taxonomy":"product_cat","embeddable":true,"href":"https:\/\/bonfortuno.eu\/ru\/wp-json\/wp\/v2\/product_cat?post=3329"},{"taxonomy":"product_tag","embeddable":true,"href":"https:\/\/bonfortuno.eu\/ru\/wp-json\/wp\/v2\/product_tag?post=3329"}],"curies":[{"name":"wp","href":"https:\/\/api.w.org\/{rel}","templated":true}]}}