{"id":3338,"date":"2021-08-11T19:30:27","date_gmt":"2021-08-11T16:30:27","guid":{"rendered":"https:\/\/bonfortuno.eu\/?post_type=product&#038;p=3338"},"modified":"2022-01-13T12:56:32","modified_gmt":"2022-01-13T10:56:32","slug":"lillede-allee","status":"publish","type":"product","link":"https:\/\/bonfortuno.eu\/ru\/toode\/lillede-allee\/","title":{"rendered":"\u00ab\u0426\u0432\u0435\u0442\u043e\u0447\u043d\u0430\u044f \u0430\u043b\u043b\u0435\u044f\u00bb"},"content":{"rendered":"<p>\u00ab\u041c\u0438\u043b\u044b\u0439 \u0431\u0443\u043a\u0435\u0442\u0438\u043a \u0441 \u0441\u0430\u043c\u044b\u043c\u0438 \u043f\u043e\u043f\u0443\u043b\u044f\u0440\u043d\u044b\u043c\u0438 \u0438 \u043a\u0440\u0430\u0441\u0438\u0432\u044b\u043c\u0438 \u0446\u0432\u0435\u0442\u0430\u043c\u0438 \u0441\u0442\u0430\u043d\u0435\u0442 \u043e\u0442\u043b\u0438\u0447\u043d\u044b\u043c \u043f\u043e\u0434\u0430\u0440\u043a\u043e\u043c \u0432 \u043b\u044e\u0431\u043e\u0439 \u0434\u0435\u043d\u044c.\u00bb<\/p>\n<p>\u0426\u0432\u0435\u0442 \u0446\u0432\u0435\u0442\u043e\u0432 \u043c\u043e\u0436\u0435\u0442 \u043c\u0435\u043d\u044f\u0442\u044c\u0441\u044f.<\/p>","protected":false},"excerpt":{"rendered":"<p>\u00ab\u041c\u0438\u043b\u044b\u0439 \u0431\u0443\u043a\u0435\u0442\u0438\u043a \u0441 \u0441\u0430\u043c\u044b\u043c\u0438 \u043f\u043e\u043f\u0443\u043b\u044f\u0440\u043d\u044b\u043c\u0438 \u0438 \u043a\u0440\u0430\u0441\u0438\u0432\u044b\u043c\u0438 \u0446\u0432\u0435\u0442\u0430\u043c\u0438 \u0441\u0442\u0430\u043d\u0435\u0442 \u043e\u0442\u043b\u0438\u0447\u043d\u044b\u043c \u043f\u043e\u0434\u0430\u0440\u043a\u043e\u043c \u0432 \u043b\u044e\u0431\u043e\u0439 \u0434\u0435\u043d\u044c.\u00bb<\/p>\n<p>\u0426\u0432\u0435\u0442 \u0446\u0432\u0435\u0442\u043e\u0432 \u043c\u043e\u0436\u0435\u0442 \u043c\u0435\u043d\u044f\u0442\u044c\u0441\u044f.<\/p>\n","protected":false},"featured_media":2801,"template":"","meta":[],"product_brand":[],"product_cat":[76,30],"product_tag":[],"class_list":{"0":"post-3338","1":"product","2":"type-product","3":"status-publish","4":"has-post-thumbnail","6":"product_cat-koik-tooted","7":"product_cat-lillekimbud","9":"first","10":"instock","11":"shipping-taxable","12":"purchasable","13":"product-type-simple"},"yoast_head":"<!-- This site is optimized with the Yoast SEO plugin v27.3 - https:\/\/yoast.com\/product\/yoast-seo-wordpress\/ -->\n<title>\u00ab\u0426\u0432\u0435\u0442\u043e\u0447\u043d\u0430\u044f \u0430\u043b\u043b\u0435\u044f\u00bb | Bonfortuno<\/title>\n<meta name=\"robots\" content=\"index, follow, max-snippet:-1, max-image-preview:large, max-video-preview:-1\" \/>\n<link rel=\"canonical\" href=\"https:\/\/bonfortuno.eu\/toode\/lillede-allee\/\" \/>\n<meta property=\"og:locale\" content=\"ru_RU\" \/>\n<meta property=\"og:type\" content=\"article\" \/>\n<meta property=\"og:title\" content=\"[:et]&quot;Lillede allee&quot;[:ru]\u00ab\u0426\u0432\u0435\u0442\u043e\u0447\u043d\u0430\u044f \u0430\u043b\u043b\u0435\u044f\u00bb[:en]&quot;Flower Alley&quot;[:] | Bonfortuno\" \/>\n<meta property=\"og:description\" content=\"[:et]&quot;Armas kimp k\u00f5ige populaarsemate ja ilusamate lilledega on suurep\u00e4rane kingitus iga p\u00e4ev.&quot;   Lillede v\u00e4rvus v\u00f5ib olla erinev.[:ru]\u00ab\u041c\u0438\u043b\u044b\u0439 \u0431\u0443\u043a\u0435\u0442\u0438\u043a \u0441 \u0441\u0430\u043c\u044b\u043c\u0438 \u043f\u043e\u043f\u0443\u043b\u044f\u0440\u043d\u044b\u043c\u0438 \u0438 \u043a\u0440\u0430\u0441\u0438\u0432\u044b\u043c\u0438 \u0446\u0432\u0435\u0442\u0430\u043c\u0438 \u0441\u0442\u0430\u043d\u0435\u0442 \u043e\u0442\u043b\u0438\u0447\u043d\u044b\u043c \u043f\u043e\u0434\u0430\u0440\u043a\u043e\u043c \u0432 \u043b\u044e\u0431\u043e\u0439 \u0434\u0435\u043d\u044c.\u00bb   \u0426\u0432\u0435\u0442 \u0446\u0432\u0435\u0442\u043e\u0432 \u043c\u043e\u0436\u0435\u0442 \u043c\u0435\u043d\u044f\u0442\u044c\u0441\u044f.[:en]&quot;A cute bouquet with the most popular and beautiful flowers will be a great gift any day.&quot;   The color of the flowers may vary.[:]\" \/>\n<meta property=\"og:url\" content=\"https:\/\/bonfortuno.eu\/toode\/lillede-allee\/\" \/>\n<meta property=\"og:site_name\" content=\"Bonfortuno\" \/>\n<meta property=\"article:modified_time\" content=\"2022-01-13T10:56:32+00:00\" \/>\n<meta property=\"og:image\" content=\"https:\/\/bonfortuno.eu\/wp-content\/uploads\/2020\/10\/21648B0C-CCDF-482B-A03B-010A3F37ED66.jpeg\" \/>\n\t<meta property=\"og:image:width\" content=\"400\" \/>\n\t<meta property=\"og:image:height\" content=\"400\" \/>\n\t<meta property=\"og:image:type\" content=\"image\/jpeg\" \/>\n<meta name=\"twitter:card\" content=\"summary_large_image\" \/>\n<script type=\"application\/ld+json\" class=\"yoast-schema-graph\">{\"@context\":\"https:\\\/\\\/schema.org\",\"@graph\":[{\"@type\":\"WebPage\",\"@id\":\"https:\\\/\\\/bonfortuno.eu\\\/toode\\\/lillede-allee\\\/\",\"url\":\"https:\\\/\\\/bonfortuno.eu\\\/toode\\\/lillede-allee\\\/\",\"name\":\"[:et]\\\"Lillede allee\\\"[:ru]\u00ab\u0426\u0432\u0435\u0442\u043e\u0447\u043d\u0430\u044f \u0430\u043b\u043b\u0435\u044f\u00bb[:en]\\\"Flower Alley\\\"[:] | Bonfortuno\",\"isPartOf\":{\"@id\":\"https:\\\/\\\/bonfortuno.eu\\\/ru\\\/#website\"},\"primaryImageOfPage\":{\"@id\":\"https:\\\/\\\/bonfortuno.eu\\\/toode\\\/lillede-allee\\\/#primaryimage\"},\"image\":{\"@id\":\"https:\\\/\\\/bonfortuno.eu\\\/toode\\\/lillede-allee\\\/#primaryimage\"},\"thumbnailUrl\":\"https:\\\/\\\/bonfortuno.eu\\\/wp-content\\\/uploads\\\/2020\\\/10\\\/21648B0C-CCDF-482B-A03B-010A3F37ED66.jpeg\",\"datePublished\":\"2021-08-11T16:30:27+00:00\",\"dateModified\":\"2022-01-13T10:56:32+00:00\",\"breadcrumb\":{\"@id\":\"https:\\\/\\\/bonfortuno.eu\\\/toode\\\/lillede-allee\\\/#breadcrumb\"},\"inLanguage\":\"ru-RU\",\"potentialAction\":[{\"@type\":\"ReadAction\",\"target\":[\"https:\\\/\\\/bonfortuno.eu\\\/toode\\\/lillede-allee\\\/\"]}]},{\"@type\":\"ImageObject\",\"inLanguage\":\"ru-RU\",\"@id\":\"https:\\\/\\\/bonfortuno.eu\\\/toode\\\/lillede-allee\\\/#primaryimage\",\"url\":\"https:\\\/\\\/bonfortuno.eu\\\/wp-content\\\/uploads\\\/2020\\\/10\\\/21648B0C-CCDF-482B-A03B-010A3F37ED66.jpeg\",\"contentUrl\":\"https:\\\/\\\/bonfortuno.eu\\\/wp-content\\\/uploads\\\/2020\\\/10\\\/21648B0C-CCDF-482B-A03B-010A3F37ED66.jpeg\",\"width\":400,\"height\":400},{\"@type\":\"BreadcrumbList\",\"@id\":\"https:\\\/\\\/bonfortuno.eu\\\/toode\\\/lillede-allee\\\/#breadcrumb\",\"itemListElement\":[{\"@type\":\"ListItem\",\"position\":1,\"name\":\"\u0413\u043b\u0430\u0432\u043d\u0430\u044f \u0441\u0442\u0440\u0430\u043d\u0438\u0446\u0430\",\"item\":\"https:\\\/\\\/bonfortuno.eu\\\/\"},{\"@type\":\"ListItem\",\"position\":2,\"name\":\"\u041c\u0430\u0433\u0430\u0437\u0438\u043d\",\"item\":\"https:\\\/\\\/bonfortuno.eu\\\/\"},{\"@type\":\"ListItem\",\"position\":3,\"name\":\"&#8220;Lillede allee&#8221;\"}]},{\"@type\":\"WebSite\",\"@id\":\"https:\\\/\\\/bonfortuno.eu\\\/ru\\\/#website\",\"url\":\"https:\\\/\\\/bonfortuno.eu\\\/ru\\\/\",\"name\":\"Bonfortuno\",\"description\":\"\u0414\u043e\u0431\u0440\u043e \u043f\u043e\u0436\u0430\u043b\u043e\u0432\u0430\u0442\u044c \u0432 \u043c\u0438\u0440 \u0441\u0432\u0435\u0436\u0438\u0445 \u0446\u0432\u0435\u0442\u043e\u0432\",\"potentialAction\":[{\"@type\":\"SearchAction\",\"target\":{\"@type\":\"EntryPoint\",\"urlTemplate\":\"https:\\\/\\\/bonfortuno.eu\\\/ru\\\/?s={search_term_string}\"},\"query-input\":{\"@type\":\"PropertyValueSpecification\",\"valueRequired\":true,\"valueName\":\"search_term_string\"}}],\"inLanguage\":\"ru-RU\"}]}<\/script>\n<!-- \/ Yoast SEO plugin. -->","yoast_head_json":{"title":"[:et]\"Lillede allee\"[:ru]\u00ab\u0426\u0432\u0435\u0442\u043e\u0447\u043d\u0430\u044f \u0430\u043b\u043b\u0435\u044f\u00bb[:en]\"Flower Alley\"[:] | Bonfortuno","robots":{"index":"index","follow":"follow","max-snippet":"max-snippet:-1","max-image-preview":"max-image-preview:large","max-video-preview":"max-video-preview:-1"},"canonical":"https:\/\/bonfortuno.eu\/toode\/lillede-allee\/","og_locale":"ru_RU","og_type":"article","og_title":"[:et]\"Lillede allee\"[:ru]\u00ab\u0426\u0432\u0435\u0442\u043e\u0447\u043d\u0430\u044f \u0430\u043b\u043b\u0435\u044f\u00bb[:en]\"Flower Alley\"[:] | Bonfortuno","og_description":"[:et]\"Armas kimp k\u00f5ige populaarsemate ja ilusamate lilledega on suurep\u00e4rane kingitus iga p\u00e4ev.\"   Lillede v\u00e4rvus v\u00f5ib olla erinev.[:ru]\u00ab\u041c\u0438\u043b\u044b\u0439 \u0431\u0443\u043a\u0435\u0442\u0438\u043a \u0441 \u0441\u0430\u043c\u044b\u043c\u0438 \u043f\u043e\u043f\u0443\u043b\u044f\u0440\u043d\u044b\u043c\u0438 \u0438 \u043a\u0440\u0430\u0441\u0438\u0432\u044b\u043c\u0438 \u0446\u0432\u0435\u0442\u0430\u043c\u0438 \u0441\u0442\u0430\u043d\u0435\u0442 \u043e\u0442\u043b\u0438\u0447\u043d\u044b\u043c \u043f\u043e\u0434\u0430\u0440\u043a\u043e\u043c \u0432 \u043b\u044e\u0431\u043e\u0439 \u0434\u0435\u043d\u044c.\u00bb   \u0426\u0432\u0435\u0442 \u0446\u0432\u0435\u0442\u043e\u0432 \u043c\u043e\u0436\u0435\u0442 \u043c\u0435\u043d\u044f\u0442\u044c\u0441\u044f.[:en]\"A cute bouquet with the most popular and beautiful flowers will be a great gift any day.\"   The color of the flowers may vary.[:]","og_url":"https:\/\/bonfortuno.eu\/toode\/lillede-allee\/","og_site_name":"Bonfortuno","article_modified_time":"2022-01-13T10:56:32+00:00","og_image":[{"width":400,"height":400,"url":"https:\/\/bonfortuno.eu\/wp-content\/uploads\/2020\/10\/21648B0C-CCDF-482B-A03B-010A3F37ED66.jpeg","type":"image\/jpeg"}],"twitter_card":"summary_large_image","schema":{"@context":"https:\/\/schema.org","@graph":[{"@type":"WebPage","@id":"https:\/\/bonfortuno.eu\/toode\/lillede-allee\/","url":"https:\/\/bonfortuno.eu\/toode\/lillede-allee\/","name":"[:et]\"Lillede allee\"[:ru]\u00ab\u0426\u0432\u0435\u0442\u043e\u0447\u043d\u0430\u044f \u0430\u043b\u043b\u0435\u044f\u00bb[:en]\"Flower Alley\"[:] | Bonfortuno","isPartOf":{"@id":"https:\/\/bonfortuno.eu\/ru\/#website"},"primaryImageOfPage":{"@id":"https:\/\/bonfortuno.eu\/toode\/lillede-allee\/#primaryimage"},"image":{"@id":"https:\/\/bonfortuno.eu\/toode\/lillede-allee\/#primaryimage"},"thumbnailUrl":"https:\/\/bonfortuno.eu\/wp-content\/uploads\/2020\/10\/21648B0C-CCDF-482B-A03B-010A3F37ED66.jpeg","datePublished":"2021-08-11T16:30:27+00:00","dateModified":"2022-01-13T10:56:32+00:00","breadcrumb":{"@id":"https:\/\/bonfortuno.eu\/toode\/lillede-allee\/#breadcrumb"},"inLanguage":"ru-RU","potentialAction":[{"@type":"ReadAction","target":["https:\/\/bonfortuno.eu\/toode\/lillede-allee\/"]}]},{"@type":"ImageObject","inLanguage":"ru-RU","@id":"https:\/\/bonfortuno.eu\/toode\/lillede-allee\/#primaryimage","url":"https:\/\/bonfortuno.eu\/wp-content\/uploads\/2020\/10\/21648B0C-CCDF-482B-A03B-010A3F37ED66.jpeg","contentUrl":"https:\/\/bonfortuno.eu\/wp-content\/uploads\/2020\/10\/21648B0C-CCDF-482B-A03B-010A3F37ED66.jpeg","width":400,"height":400},{"@type":"BreadcrumbList","@id":"https:\/\/bonfortuno.eu\/toode\/lillede-allee\/#breadcrumb","itemListElement":[{"@type":"ListItem","position":1,"name":"\u0413\u043b\u0430\u0432\u043d\u0430\u044f \u0441\u0442\u0440\u0430\u043d\u0438\u0446\u0430","item":"https:\/\/bonfortuno.eu\/"},{"@type":"ListItem","position":2,"name":"\u041c\u0430\u0433\u0430\u0437\u0438\u043d","item":"https:\/\/bonfortuno.eu\/"},{"@type":"ListItem","position":3,"name":"&#8220;Lillede allee&#8221;"}]},{"@type":"WebSite","@id":"https:\/\/bonfortuno.eu\/ru\/#website","url":"https:\/\/bonfortuno.eu\/ru\/","name":"Bonfortuno","description":"\u0414\u043e\u0431\u0440\u043e \u043f\u043e\u0436\u0430\u043b\u043e\u0432\u0430\u0442\u044c \u0432 \u043c\u0438\u0440 \u0441\u0432\u0435\u0436\u0438\u0445 \u0446\u0432\u0435\u0442\u043e\u0432","potentialAction":[{"@type":"SearchAction","target":{"@type":"EntryPoint","urlTemplate":"https:\/\/bonfortuno.eu\/ru\/?s={search_term_string}"},"query-input":{"@type":"PropertyValueSpecification","valueRequired":true,"valueName":"search_term_string"}}],"inLanguage":"ru-RU"}]}},"_links":{"self":[{"href":"https:\/\/bonfortuno.eu\/ru\/wp-json\/wp\/v2\/product\/3338","targetHints":{"allow":["GET"]}}],"collection":[{"href":"https:\/\/bonfortuno.eu\/ru\/wp-json\/wp\/v2\/product"}],"about":[{"href":"https:\/\/bonfortuno.eu\/ru\/wp-json\/wp\/v2\/types\/product"}],"wp:featuredmedia":[{"embeddable":true,"href":"https:\/\/bonfortuno.eu\/ru\/wp-json\/wp\/v2\/media\/2801"}],"wp:attachment":[{"href":"https:\/\/bonfortuno.eu\/ru\/wp-json\/wp\/v2\/media?parent=3338"}],"wp:term":[{"taxonomy":"product_brand","embeddable":true,"href":"https:\/\/bonfortuno.eu\/ru\/wp-json\/wp\/v2\/product_brand?post=3338"},{"taxonomy":"product_cat","embeddable":true,"href":"https:\/\/bonfortuno.eu\/ru\/wp-json\/wp\/v2\/product_cat?post=3338"},{"taxonomy":"product_tag","embeddable":true,"href":"https:\/\/bonfortuno.eu\/ru\/wp-json\/wp\/v2\/product_tag?post=3338"}],"curies":[{"name":"wp","href":"https:\/\/api.w.org\/{rel}","templated":true}]}}