{"id":3357,"date":"2021-08-14T17:34:19","date_gmt":"2021-08-14T14:34:19","guid":{"rendered":"https:\/\/bonfortuno.eu\/?post_type=product&#038;p=3357"},"modified":"2021-08-14T17:34:19","modified_gmt":"2021-08-14T14:34:19","slug":"armastus","status":"publish","type":"product","link":"https:\/\/bonfortuno.eu\/ru\/toode\/armastus\/","title":{"rendered":"&#187; \u041b\u044e\u0431\u043e\u0432\u044c &#171;"},"content":{"rendered":"<p>\u00ab\u041c\u043e\u0436\u043d\u043e \u043c\u043d\u043e\u0433\u043e \u0433\u043e\u0432\u043e\u0440\u0438\u0442\u044c \u043a\u0440\u0430\u0441\u0438\u0432\u044b\u0445 \u0441\u043b\u043e\u0432 \u043e \u043b\u044e\u0431\u0432\u0438, \u0430 \u043c\u043e\u0436\u043d\u043e \u043f\u0440\u043e\u0441\u0442\u043e \u043f\u0440\u0435\u043f\u043e\u0434\u043d\u0435\u0441\u0442\u0438 \u044d\u0442\u043e\u0442 \u0431\u0443\u043a\u0435\u0442, \u043e\u0442\u0440\u0430\u0436\u0430\u044e\u0449\u0438\u0439 \u0438 \u0441\u0442\u0440\u0430\u0441\u0442\u044c, \u0438 \u043d\u0435\u0436\u043d\u043e\u0441\u0442\u044c.\u00bb<\/p>","protected":false},"excerpt":{"rendered":"<p>\u00ab\u041c\u043e\u0436\u043d\u043e \u043c\u043d\u043e\u0433\u043e \u0433\u043e\u0432\u043e\u0440\u0438\u0442\u044c \u043a\u0440\u0430\u0441\u0438\u0432\u044b\u0445 \u0441\u043b\u043e\u0432 \u043e \u043b\u044e\u0431\u0432\u0438, \u0430 \u043c\u043e\u0436\u043d\u043e \u043f\u0440\u043e\u0441\u0442\u043e \u043f\u0440\u0435\u043f\u043e\u0434\u043d\u0435\u0441\u0442\u0438 \u044d\u0442\u043e\u0442 \u0431\u0443\u043a\u0435\u0442, \u043e\u0442\u0440\u0430\u0436\u0430\u044e\u0449\u0438\u0439 \u0438 \u0441\u0442\u0440\u0430\u0441\u0442\u044c, \u0438 \u043d\u0435\u0436\u043d\u043e\u0441\u0442\u044c.\u00bb<\/p>\n","protected":false},"featured_media":3278,"template":"","meta":[],"product_brand":[],"product_cat":[76,30],"product_tag":[],"class_list":{"0":"post-3357","1":"product","2":"type-product","3":"status-publish","4":"has-post-thumbnail","6":"product_cat-koik-tooted","7":"product_cat-lillekimbud","9":"first","10":"instock","11":"shipping-taxable","12":"purchasable","13":"product-type-simple"},"yoast_head":"<!-- This site is optimized with the Yoast SEO plugin v27.3 - https:\/\/yoast.com\/product\/yoast-seo-wordpress\/ -->\n<title>&quot; \u041b\u044e\u0431\u043e\u0432\u044c &quot; | Bonfortuno<\/title>\n<meta name=\"robots\" content=\"index, follow, max-snippet:-1, max-image-preview:large, max-video-preview:-1\" \/>\n<link rel=\"canonical\" href=\"https:\/\/bonfortuno.eu\/toode\/armastus\/\" \/>\n<meta property=\"og:locale\" content=\"ru_RU\" \/>\n<meta property=\"og:type\" content=\"article\" \/>\n<meta property=\"og:title\" content=\"[:et]&quot;Armastus&quot;[:ru]&quot; \u041b\u044e\u0431\u043e\u0432\u044c &quot;[:en]&quot; Love &quot;[:] | Bonfortuno\" \/>\n<meta property=\"og:description\" content=\"[:et]&quot;V\u00f5ite \u00f6elda palju ilusaid s\u00f5nu armastuse kohta v\u00f5i lihtsalt esitada selle kimp, peegeldades nii kirge kui ka hellust.&quot;[:ru]\u00ab\u041c\u043e\u0436\u043d\u043e \u043c\u043d\u043e\u0433\u043e \u0433\u043e\u0432\u043e\u0440\u0438\u0442\u044c \u043a\u0440\u0430\u0441\u0438\u0432\u044b\u0445 \u0441\u043b\u043e\u0432 \u043e \u043b\u044e\u0431\u0432\u0438, \u0430 \u043c\u043e\u0436\u043d\u043e \u043f\u0440\u043e\u0441\u0442\u043e \u043f\u0440\u0435\u043f\u043e\u0434\u043d\u0435\u0441\u0442\u0438 \u044d\u0442\u043e\u0442 \u0431\u0443\u043a\u0435\u0442, \u043e\u0442\u0440\u0430\u0436\u0430\u044e\u0449\u0438\u0439 \u0438 \u0441\u0442\u0440\u0430\u0441\u0442\u044c, \u0438 \u043d\u0435\u0436\u043d\u043e\u0441\u0442\u044c.\u00bb[:en]&quot;You can say a lot of beautiful words about love, or you can simply present this bouquet, reflecting both passion and tenderness.&quot;[:]\" \/>\n<meta property=\"og:url\" content=\"https:\/\/bonfortuno.eu\/toode\/armastus\/\" \/>\n<meta property=\"og:site_name\" content=\"Bonfortuno\" \/>\n<meta property=\"og:image\" content=\"https:\/\/bonfortuno.eu\/wp-content\/uploads\/2021\/08\/91f580dd52b42fdb2cb19d48737827b1.jpg\" \/>\n\t<meta property=\"og:image:width\" content=\"450\" \/>\n\t<meta property=\"og:image:height\" content=\"450\" \/>\n\t<meta property=\"og:image:type\" content=\"image\/jpeg\" \/>\n<meta name=\"twitter:card\" content=\"summary_large_image\" \/>\n<script type=\"application\/ld+json\" class=\"yoast-schema-graph\">{\"@context\":\"https:\\\/\\\/schema.org\",\"@graph\":[{\"@type\":\"WebPage\",\"@id\":\"https:\\\/\\\/bonfortuno.eu\\\/toode\\\/armastus\\\/\",\"url\":\"https:\\\/\\\/bonfortuno.eu\\\/toode\\\/armastus\\\/\",\"name\":\"[:et]\\\"Armastus\\\"[:ru]\\\" \u041b\u044e\u0431\u043e\u0432\u044c \\\"[:en]\\\" Love \\\"[:] | Bonfortuno\",\"isPartOf\":{\"@id\":\"https:\\\/\\\/bonfortuno.eu\\\/ru\\\/#website\"},\"primaryImageOfPage\":{\"@id\":\"https:\\\/\\\/bonfortuno.eu\\\/toode\\\/armastus\\\/#primaryimage\"},\"image\":{\"@id\":\"https:\\\/\\\/bonfortuno.eu\\\/toode\\\/armastus\\\/#primaryimage\"},\"thumbnailUrl\":\"https:\\\/\\\/bonfortuno.eu\\\/wp-content\\\/uploads\\\/2021\\\/08\\\/91f580dd52b42fdb2cb19d48737827b1.jpg\",\"datePublished\":\"2021-08-14T14:34:19+00:00\",\"breadcrumb\":{\"@id\":\"https:\\\/\\\/bonfortuno.eu\\\/toode\\\/armastus\\\/#breadcrumb\"},\"inLanguage\":\"ru-RU\",\"potentialAction\":[{\"@type\":\"ReadAction\",\"target\":[\"https:\\\/\\\/bonfortuno.eu\\\/toode\\\/armastus\\\/\"]}]},{\"@type\":\"ImageObject\",\"inLanguage\":\"ru-RU\",\"@id\":\"https:\\\/\\\/bonfortuno.eu\\\/toode\\\/armastus\\\/#primaryimage\",\"url\":\"https:\\\/\\\/bonfortuno.eu\\\/wp-content\\\/uploads\\\/2021\\\/08\\\/91f580dd52b42fdb2cb19d48737827b1.jpg\",\"contentUrl\":\"https:\\\/\\\/bonfortuno.eu\\\/wp-content\\\/uploads\\\/2021\\\/08\\\/91f580dd52b42fdb2cb19d48737827b1.jpg\",\"width\":450,\"height\":450},{\"@type\":\"BreadcrumbList\",\"@id\":\"https:\\\/\\\/bonfortuno.eu\\\/toode\\\/armastus\\\/#breadcrumb\",\"itemListElement\":[{\"@type\":\"ListItem\",\"position\":1,\"name\":\"\u0413\u043b\u0430\u0432\u043d\u0430\u044f \u0441\u0442\u0440\u0430\u043d\u0438\u0446\u0430\",\"item\":\"https:\\\/\\\/bonfortuno.eu\\\/\"},{\"@type\":\"ListItem\",\"position\":2,\"name\":\"\u041c\u0430\u0433\u0430\u0437\u0438\u043d\",\"item\":\"https:\\\/\\\/bonfortuno.eu\\\/\"},{\"@type\":\"ListItem\",\"position\":3,\"name\":\"&#8220;Armastus&#8221;\"}]},{\"@type\":\"WebSite\",\"@id\":\"https:\\\/\\\/bonfortuno.eu\\\/ru\\\/#website\",\"url\":\"https:\\\/\\\/bonfortuno.eu\\\/ru\\\/\",\"name\":\"Bonfortuno\",\"description\":\"\u0414\u043e\u0431\u0440\u043e \u043f\u043e\u0436\u0430\u043b\u043e\u0432\u0430\u0442\u044c \u0432 \u043c\u0438\u0440 \u0441\u0432\u0435\u0436\u0438\u0445 \u0446\u0432\u0435\u0442\u043e\u0432\",\"potentialAction\":[{\"@type\":\"SearchAction\",\"target\":{\"@type\":\"EntryPoint\",\"urlTemplate\":\"https:\\\/\\\/bonfortuno.eu\\\/ru\\\/?s={search_term_string}\"},\"query-input\":{\"@type\":\"PropertyValueSpecification\",\"valueRequired\":true,\"valueName\":\"search_term_string\"}}],\"inLanguage\":\"ru-RU\"}]}<\/script>\n<!-- \/ Yoast SEO plugin. -->","yoast_head_json":{"title":"[:et]\"Armastus\"[:ru]\" \u041b\u044e\u0431\u043e\u0432\u044c \"[:en]\" Love \"[:] | Bonfortuno","robots":{"index":"index","follow":"follow","max-snippet":"max-snippet:-1","max-image-preview":"max-image-preview:large","max-video-preview":"max-video-preview:-1"},"canonical":"https:\/\/bonfortuno.eu\/toode\/armastus\/","og_locale":"ru_RU","og_type":"article","og_title":"[:et]\"Armastus\"[:ru]\" \u041b\u044e\u0431\u043e\u0432\u044c \"[:en]\" Love \"[:] | Bonfortuno","og_description":"[:et]\"V\u00f5ite \u00f6elda palju ilusaid s\u00f5nu armastuse kohta v\u00f5i lihtsalt esitada selle kimp, peegeldades nii kirge kui ka hellust.\"[:ru]\u00ab\u041c\u043e\u0436\u043d\u043e \u043c\u043d\u043e\u0433\u043e \u0433\u043e\u0432\u043e\u0440\u0438\u0442\u044c \u043a\u0440\u0430\u0441\u0438\u0432\u044b\u0445 \u0441\u043b\u043e\u0432 \u043e \u043b\u044e\u0431\u0432\u0438, \u0430 \u043c\u043e\u0436\u043d\u043e \u043f\u0440\u043e\u0441\u0442\u043e \u043f\u0440\u0435\u043f\u043e\u0434\u043d\u0435\u0441\u0442\u0438 \u044d\u0442\u043e\u0442 \u0431\u0443\u043a\u0435\u0442, \u043e\u0442\u0440\u0430\u0436\u0430\u044e\u0449\u0438\u0439 \u0438 \u0441\u0442\u0440\u0430\u0441\u0442\u044c, \u0438 \u043d\u0435\u0436\u043d\u043e\u0441\u0442\u044c.\u00bb[:en]\"You can say a lot of beautiful words about love, or you can simply present this bouquet, reflecting both passion and tenderness.\"[:]","og_url":"https:\/\/bonfortuno.eu\/toode\/armastus\/","og_site_name":"Bonfortuno","og_image":[{"width":450,"height":450,"url":"https:\/\/bonfortuno.eu\/wp-content\/uploads\/2021\/08\/91f580dd52b42fdb2cb19d48737827b1.jpg","type":"image\/jpeg"}],"twitter_card":"summary_large_image","schema":{"@context":"https:\/\/schema.org","@graph":[{"@type":"WebPage","@id":"https:\/\/bonfortuno.eu\/toode\/armastus\/","url":"https:\/\/bonfortuno.eu\/toode\/armastus\/","name":"[:et]\"Armastus\"[:ru]\" \u041b\u044e\u0431\u043e\u0432\u044c \"[:en]\" Love \"[:] | Bonfortuno","isPartOf":{"@id":"https:\/\/bonfortuno.eu\/ru\/#website"},"primaryImageOfPage":{"@id":"https:\/\/bonfortuno.eu\/toode\/armastus\/#primaryimage"},"image":{"@id":"https:\/\/bonfortuno.eu\/toode\/armastus\/#primaryimage"},"thumbnailUrl":"https:\/\/bonfortuno.eu\/wp-content\/uploads\/2021\/08\/91f580dd52b42fdb2cb19d48737827b1.jpg","datePublished":"2021-08-14T14:34:19+00:00","breadcrumb":{"@id":"https:\/\/bonfortuno.eu\/toode\/armastus\/#breadcrumb"},"inLanguage":"ru-RU","potentialAction":[{"@type":"ReadAction","target":["https:\/\/bonfortuno.eu\/toode\/armastus\/"]}]},{"@type":"ImageObject","inLanguage":"ru-RU","@id":"https:\/\/bonfortuno.eu\/toode\/armastus\/#primaryimage","url":"https:\/\/bonfortuno.eu\/wp-content\/uploads\/2021\/08\/91f580dd52b42fdb2cb19d48737827b1.jpg","contentUrl":"https:\/\/bonfortuno.eu\/wp-content\/uploads\/2021\/08\/91f580dd52b42fdb2cb19d48737827b1.jpg","width":450,"height":450},{"@type":"BreadcrumbList","@id":"https:\/\/bonfortuno.eu\/toode\/armastus\/#breadcrumb","itemListElement":[{"@type":"ListItem","position":1,"name":"\u0413\u043b\u0430\u0432\u043d\u0430\u044f \u0441\u0442\u0440\u0430\u043d\u0438\u0446\u0430","item":"https:\/\/bonfortuno.eu\/"},{"@type":"ListItem","position":2,"name":"\u041c\u0430\u0433\u0430\u0437\u0438\u043d","item":"https:\/\/bonfortuno.eu\/"},{"@type":"ListItem","position":3,"name":"&#8220;Armastus&#8221;"}]},{"@type":"WebSite","@id":"https:\/\/bonfortuno.eu\/ru\/#website","url":"https:\/\/bonfortuno.eu\/ru\/","name":"Bonfortuno","description":"\u0414\u043e\u0431\u0440\u043e \u043f\u043e\u0436\u0430\u043b\u043e\u0432\u0430\u0442\u044c \u0432 \u043c\u0438\u0440 \u0441\u0432\u0435\u0436\u0438\u0445 \u0446\u0432\u0435\u0442\u043e\u0432","potentialAction":[{"@type":"SearchAction","target":{"@type":"EntryPoint","urlTemplate":"https:\/\/bonfortuno.eu\/ru\/?s={search_term_string}"},"query-input":{"@type":"PropertyValueSpecification","valueRequired":true,"valueName":"search_term_string"}}],"inLanguage":"ru-RU"}]}},"_links":{"self":[{"href":"https:\/\/bonfortuno.eu\/ru\/wp-json\/wp\/v2\/product\/3357","targetHints":{"allow":["GET"]}}],"collection":[{"href":"https:\/\/bonfortuno.eu\/ru\/wp-json\/wp\/v2\/product"}],"about":[{"href":"https:\/\/bonfortuno.eu\/ru\/wp-json\/wp\/v2\/types\/product"}],"wp:featuredmedia":[{"embeddable":true,"href":"https:\/\/bonfortuno.eu\/ru\/wp-json\/wp\/v2\/media\/3278"}],"wp:attachment":[{"href":"https:\/\/bonfortuno.eu\/ru\/wp-json\/wp\/v2\/media?parent=3357"}],"wp:term":[{"taxonomy":"product_brand","embeddable":true,"href":"https:\/\/bonfortuno.eu\/ru\/wp-json\/wp\/v2\/product_brand?post=3357"},{"taxonomy":"product_cat","embeddable":true,"href":"https:\/\/bonfortuno.eu\/ru\/wp-json\/wp\/v2\/product_cat?post=3357"},{"taxonomy":"product_tag","embeddable":true,"href":"https:\/\/bonfortuno.eu\/ru\/wp-json\/wp\/v2\/product_tag?post=3357"}],"curies":[{"name":"wp","href":"https:\/\/api.w.org\/{rel}","templated":true}]}}