{"id":3372,"date":"2021-08-16T18:24:39","date_gmt":"2021-08-16T15:24:39","guid":{"rendered":"https:\/\/bonfortuno.eu\/?post_type=product&#038;p=3372"},"modified":"2022-01-13T12:43:58","modified_gmt":"2022-01-13T10:43:58","slug":"kimp-45-mitmevarvilisest-roosist","status":"publish","type":"product","link":"https:\/\/bonfortuno.eu\/ru\/toode\/kimp-45-mitmevarvilisest-roosist\/","title":{"rendered":"&#187; \u0411\u0443\u043a\u0435\u0442 \u0438\u0437 45 \u0440\u0430\u0437\u043d\u043e\u0446\u0432\u0435\u0442\u043d\u044b\u0445 \u0440\u043e\u0437.&#187;"},"content":{"rendered":"<p>\u0411\u0443\u043a\u0435\u0442 \u0438\u0437 45 \u0440\u0430\u0437\u043d\u043e\u0446\u0432\u0435\u0442\u043d\u044b\u0445 \u0440\u043e\u0437 &#8212; \u043e\u0447\u0435\u043d\u044c \u0432\u0435\u0441\u0435\u043b\u044b\u0439 \u0431\u0443\u043a\u0435\u0442 . \u041e\u043d \u0431\u0443\u0434\u0435\u0442 \u043e\u0441\u043e\u0431\u0435\u043d\u043d\u043e \u0430\u043a\u0442\u0443\u0430\u043b\u044c\u043d\u044b\u043c \u043f\u043e\u0434\u0430\u0440\u043a\u043e\u043c, \u0435\u0441\u043b\u0438 \u043d\u0430 \u0443\u043b\u0438\u0446\u0435 \u0432\u043e\u0432\u0441\u044e \u043d\u0430\u0447\u0430\u043b\u0430 \u0445\u043e\u0437\u044f\u0439\u043d\u0438\u0447\u0430\u0442\u044c \u0432\u0435\u0441\u043d\u0430. \u041a \u043f\u0440\u0438\u043c\u0435\u0440\u0443, \u0432 \u0434\u0435\u043d\u044c 8 \u043c\u0430\u0440\u0442\u0430. \u041d\u043e \u0442\u0430\u043a\u0436\u0435 \u044d\u0442\u043e\u0442 \u0431\u0443\u043a\u0435\u0442 \u0431\u0443\u0434\u0435\u0442 \u0430\u043a\u0442\u0443\u0430\u043b\u044c\u043d\u044b\u043c \u0432 \u0437\u0438\u043c\u043d\u0438\u0435 \u0438\u043b\u0438 \u043e\u0441\u0435\u043d\u043d\u0438\u0435 \u043f\u0440\u0430\u0437\u0434\u043d\u0438\u043a\u0438. \u0412 \u043f\u0430\u0441\u043c\u0443\u0440\u043d\u044b\u0435 \u043c\u043e\u043d\u043e\u0445\u0440\u043e\u043c\u043d\u044b\u0435 \u0434\u043d\u0438 \u044d\u0442\u043e\u0442 \u0431\u0443\u043a\u0435\u0442 \u0438\u0437 45 \u0440\u0430\u0437\u043d\u043e\u0446\u0432\u0435\u0442\u043d\u044b\u0445 \u0440\u043e\u0437 \u0434\u043e\u0431\u0430\u0432\u0438\u0442 \u0432 \u0436\u0438\u0437\u043d\u044c \u044f\u0440\u043a\u043e\u0441\u0442\u0438 \u0438 \u043a\u0440\u0430\u0441\u043e\u043a. \u0415\u0441\u043b\u0438 \u0432\u044b \u0438\u0449\u0438\u0442\u0435 \u0432\u0430\u0440\u0438\u0430\u043d\u0442, \u043a\u0430\u043a \u0443\u0441\u043f\u0435\u0448\u043d\u043e \u043f\u043e\u0434\u043d\u044f\u0442\u044c \u043d\u0430\u0441\u0442\u0440\u043e\u0435\u043d\u0438\u0435, \u0442\u043e \u0438\u043c\u0435\u043d\u043d\u043e \u044d\u0442\u043e\u0442 \u0431\u0443\u043a\u0435\u0442 \u043f\u043e\u043c\u043e\u0436\u0435\u0442 \u0432 \u044d\u0442\u043e\u043c \u0434\u0435\u043b\u0435. \u0410 \u0435\u0449\u0435 \u043e\u043d \u0441\u0442\u0430\u043d\u0435\u0442 \u043f\u0440\u0435\u043a\u0440\u0430\u0441\u043d\u044b\u043c \u043f\u043e\u0434\u0430\u0440\u043a\u043e\u043c \u043a \u043f\u0440\u0430\u0437\u0434\u043d\u0438\u0447\u043d\u043e\u043c\u0443 \u0441\u043e\u0431\u044b\u0442\u0438\u044e, \u0438 \u0441\u0434\u0435\u043b\u0430\u0442\u044c \u0435\u0435 \u0431\u043e\u043b\u0435\u0435 \u0442\u043e\u0440\u0436\u0435\u0441\u0442\u0432\u0435\u043d\u043d\u044b\u043c \u043b\u044e\u0431\u043e\u0439 \u043f\u0440\u0430\u0437\u0434\u043d\u0438\u0447\u043d\u044b\u0439 \u043f\u043e\u0432\u043e\u0434.<\/p>","protected":false},"excerpt":{"rendered":"<p>\u0411\u0443\u043a\u0435\u0442 \u0438\u0437 45 \u0440\u0430\u0437\u043d\u043e\u0446\u0432\u0435\u0442\u043d\u044b\u0445 \u0440\u043e\u0437 &#8212; \u043e\u0447\u0435\u043d\u044c \u0432\u0435\u0441\u0435\u043b\u044b\u0439 \u0431\u0443\u043a\u0435\u0442 . \u041e\u043d \u0431\u0443\u0434\u0435\u0442 \u043e\u0441\u043e\u0431\u0435\u043d\u043d\u043e \u0430\u043a\u0442\u0443\u0430\u043b\u044c\u043d\u044b\u043c \u043f\u043e\u0434\u0430\u0440\u043a\u043e\u043c, \u0435\u0441\u043b\u0438 \u043d\u0430 \u0443\u043b\u0438\u0446\u0435 \u0432\u043e\u0432\u0441\u044e \u043d\u0430\u0447\u0430\u043b\u0430 \u0445\u043e\u0437\u044f\u0439\u043d\u0438\u0447\u0430\u0442\u044c \u0432\u0435\u0441\u043d\u0430. \u041a \u043f\u0440\u0438\u043c\u0435\u0440\u0443, \u0432 \u0434\u0435\u043d\u044c 8 \u043c\u0430\u0440\u0442\u0430. \u041d\u043e \u0442\u0430\u043a\u0436\u0435 \u044d\u0442\u043e\u0442 \u0431\u0443\u043a\u0435\u0442 \u0431\u0443\u0434\u0435\u0442 \u0430\u043a\u0442\u0443\u0430\u043b\u044c\u043d\u044b\u043c \u0432 \u0437\u0438\u043c\u043d\u0438\u0435 \u0438\u043b\u0438 \u043e\u0441\u0435\u043d\u043d\u0438\u0435 \u043f\u0440\u0430\u0437\u0434\u043d\u0438\u043a\u0438. \u0412 \u043f\u0430\u0441\u043c\u0443\u0440\u043d\u044b\u0435 \u043c\u043e\u043d\u043e\u0445\u0440\u043e\u043c\u043d\u044b\u0435 \u0434\u043d\u0438 \u044d\u0442\u043e\u0442 \u0431\u0443\u043a\u0435\u0442 \u0438\u0437 45 \u0440\u0430\u0437\u043d\u043e\u0446\u0432\u0435\u0442\u043d\u044b\u0445 \u0440\u043e\u0437 \u0434\u043e\u0431\u0430\u0432\u0438\u0442 \u0432 \u0436\u0438\u0437\u043d\u044c \u044f\u0440\u043a\u043e\u0441\u0442\u0438 \u0438 \u043a\u0440\u0430\u0441\u043e\u043a. \u0415\u0441\u043b\u0438 \u0432\u044b \u0438\u0449\u0438\u0442\u0435 \u0432\u0430\u0440\u0438\u0430\u043d\u0442, \u043a\u0430\u043a \u0443\u0441\u043f\u0435\u0448\u043d\u043e \u043f\u043e\u0434\u043d\u044f\u0442\u044c \u043d\u0430\u0441\u0442\u0440\u043e\u0435\u043d\u0438\u0435, \u0442\u043e \u0438\u043c\u0435\u043d\u043d\u043e \u044d\u0442\u043e\u0442 \u0431\u0443\u043a\u0435\u0442 \u043f\u043e\u043c\u043e\u0436\u0435\u0442 \u0432 \u044d\u0442\u043e\u043c \u0434\u0435\u043b\u0435. \u0410 \u0435\u0449\u0435 \u043e\u043d \u0441\u0442\u0430\u043d\u0435\u0442 \u043f\u0440\u0435\u043a\u0440\u0430\u0441\u043d\u044b\u043c \u043f\u043e\u0434\u0430\u0440\u043a\u043e\u043c \u043a \u043f\u0440\u0430\u0437\u0434\u043d\u0438\u0447\u043d\u043e\u043c\u0443 \u0441\u043e\u0431\u044b\u0442\u0438\u044e, \u0438 \u0441\u0434\u0435\u043b\u0430\u0442\u044c \u0435\u0435 \u0431\u043e\u043b\u0435\u0435 \u0442\u043e\u0440\u0436\u0435\u0441\u0442\u0432\u0435\u043d\u043d\u044b\u043c \u043b\u044e\u0431\u043e\u0439 \u043f\u0440\u0430\u0437\u0434\u043d\u0438\u0447\u043d\u044b\u0439 \u043f\u043e\u0432\u043e\u0434.<\/p>\n","protected":false},"featured_media":3289,"template":"","meta":[],"product_brand":[],"product_cat":[76,30],"product_tag":[],"class_list":{"0":"post-3372","1":"product","2":"type-product","3":"status-publish","4":"has-post-thumbnail","6":"product_cat-koik-tooted","7":"product_cat-lillekimbud","9":"first","10":"instock","11":"shipping-taxable","12":"purchasable","13":"product-type-simple"},"yoast_head":"<!-- This site is optimized with the Yoast SEO plugin v27.3 - https:\/\/yoast.com\/product\/yoast-seo-wordpress\/ -->\n<title>&quot; \u0411\u0443\u043a\u0435\u0442 \u0438\u0437 45 \u0440\u0430\u0437\u043d\u043e\u0446\u0432\u0435\u0442\u043d\u044b\u0445 \u0440\u043e\u0437.&quot; | Bonfortuno<\/title>\n<meta name=\"robots\" content=\"index, follow, max-snippet:-1, max-image-preview:large, max-video-preview:-1\" \/>\n<link rel=\"canonical\" href=\"https:\/\/bonfortuno.eu\/toode\/kimp-45-mitmevarvilisest-roosist\/\" \/>\n<meta property=\"og:locale\" content=\"ru_RU\" \/>\n<meta property=\"og:type\" content=\"article\" \/>\n<meta property=\"og:title\" content=\"[:et]&quot;Kimp 45 mitmev\u00e4rvilisest roosist.&quot;[:ru]&quot; \u0411\u0443\u043a\u0435\u0442 \u0438\u0437 45 \u0440\u0430\u0437\u043d\u043e\u0446\u0432\u0435\u0442\u043d\u044b\u0445 \u0440\u043e\u0437.&quot;[:en]&quot;Bouquet of 45 multi-colored roses.&quot;[:] | Bonfortuno\" \/>\n<meta property=\"og:description\" content=\"[:et]45 mitmev\u00e4rvilisest roosist koosnev kimp on v\u00e4ga r\u00f5\u00f5msameelne kimp. See on eriti asjakohane kingitus, kui t\u00e4naval on hakanud valitsema kevad. N\u00e4iteks 8. m\u00e4rtsi p\u00e4eval. Kuid ka see kimp on asjakohane talve- v\u00f5i s\u00fcgisp\u00fchade ajal. Pilvistel \u00fchev\u00e4rvilistel p\u00e4evadel lisab see 45 mitmev\u00e4rvilisest roosist kimp elule s\u00e4ra ja v\u00e4rvi. Kui otsite v\u00f5imalust, kuidas edukalt r\u00f5\u00f5mustada, siis aitab see kimp selles k\u00fcsimuses. Ja see on ka suurep\u00e4rane kingitus pidulikule s\u00fcndmusele ja muudab selle pidulikumaks igaks pidulikuks s\u00fcndmuseks.[:ru]\u0411\u0443\u043a\u0435\u0442 \u0438\u0437 45 \u0440\u0430\u0437\u043d\u043e\u0446\u0432\u0435\u0442\u043d\u044b\u0445 \u0440\u043e\u0437 - \u043e\u0447\u0435\u043d\u044c \u0432\u0435\u0441\u0435\u043b\u044b\u0439 \u0431\u0443\u043a\u0435\u0442 . \u041e\u043d \u0431\u0443\u0434\u0435\u0442 \u043e\u0441\u043e\u0431\u0435\u043d\u043d\u043e \u0430\u043a\u0442\u0443\u0430\u043b\u044c\u043d\u044b\u043c \u043f\u043e\u0434\u0430\u0440\u043a\u043e\u043c, \u0435\u0441\u043b\u0438 \u043d\u0430 \u0443\u043b\u0438\u0446\u0435 \u0432\u043e\u0432\u0441\u044e \u043d\u0430\u0447\u0430\u043b\u0430 \u0445\u043e\u0437\u044f\u0439\u043d\u0438\u0447\u0430\u0442\u044c \u0432\u0435\u0441\u043d\u0430. \u041a \u043f\u0440\u0438\u043c\u0435\u0440\u0443, \u0432 \u0434\u0435\u043d\u044c 8 \u043c\u0430\u0440\u0442\u0430. \u041d\u043e \u0442\u0430\u043a\u0436\u0435 \u044d\u0442\u043e\u0442 \u0431\u0443\u043a\u0435\u0442 \u0431\u0443\u0434\u0435\u0442 \u0430\u043a\u0442\u0443\u0430\u043b\u044c\u043d\u044b\u043c \u0432 \u0437\u0438\u043c\u043d\u0438\u0435 \u0438\u043b\u0438 \u043e\u0441\u0435\u043d\u043d\u0438\u0435 \u043f\u0440\u0430\u0437\u0434\u043d\u0438\u043a\u0438. \u0412 \u043f\u0430\u0441\u043c\u0443\u0440\u043d\u044b\u0435 \u043c\u043e\u043d\u043e\u0445\u0440\u043e\u043c\u043d\u044b\u0435 \u0434\u043d\u0438 \u044d\u0442\u043e\u0442 \u0431\u0443\u043a\u0435\u0442 \u0438\u0437 45 \u0440\u0430\u0437\u043d\u043e\u0446\u0432\u0435\u0442\u043d\u044b\u0445 \u0440\u043e\u0437 \u0434\u043e\u0431\u0430\u0432\u0438\u0442 \u0432 \u0436\u0438\u0437\u043d\u044c \u044f\u0440\u043a\u043e\u0441\u0442\u0438 \u0438 \u043a\u0440\u0430\u0441\u043e\u043a. \u0415\u0441\u043b\u0438 \u0432\u044b \u0438\u0449\u0438\u0442\u0435 \u0432\u0430\u0440\u0438\u0430\u043d\u0442, \u043a\u0430\u043a \u0443\u0441\u043f\u0435\u0448\u043d\u043e \u043f\u043e\u0434\u043d\u044f\u0442\u044c \u043d\u0430\u0441\u0442\u0440\u043e\u0435\u043d\u0438\u0435, \u0442\u043e \u0438\u043c\u0435\u043d\u043d\u043e \u044d\u0442\u043e\u0442 \u0431\u0443\u043a\u0435\u0442 \u043f\u043e\u043c\u043e\u0436\u0435\u0442 \u0432 \u044d\u0442\u043e\u043c \u0434\u0435\u043b\u0435. \u0410 \u0435\u0449\u0435 \u043e\u043d \u0441\u0442\u0430\u043d\u0435\u0442 \u043f\u0440\u0435\u043a\u0440\u0430\u0441\u043d\u044b\u043c \u043f\u043e\u0434\u0430\u0440\u043a\u043e\u043c \u043a \u043f\u0440\u0430\u0437\u0434\u043d\u0438\u0447\u043d\u043e\u043c\u0443 \u0441\u043e\u0431\u044b\u0442\u0438\u044e, \u0438 \u0441\u0434\u0435\u043b\u0430\u0442\u044c \u0435\u0435 \u0431\u043e\u043b\u0435\u0435 \u0442\u043e\u0440\u0436\u0435\u0441\u0442\u0432\u0435\u043d\u043d\u044b\u043c \u043b\u044e\u0431\u043e\u0439 \u043f\u0440\u0430\u0437\u0434\u043d\u0438\u0447\u043d\u044b\u0439 \u043f\u043e\u0432\u043e\u0434.[:en]A bouquet of 45 multi-colored roses is a very cheerful bouquet. It will be an especially relevant gift if spring has begun to dominate the street. For example, on the day of March 8th. But also this bouquet will be relevant during winter or autumn holidays. On cloudy monochrome days, this bouquet of 45 multi-colored roses will add brightness and color to life. If you are looking for an option on how to successfully cheer up, then this particular bouquet will help in this matter. And it will also be a wonderful gift for a festive event, and make it more solemn for any festive occasion.[:]\" \/>\n<meta property=\"og:url\" content=\"https:\/\/bonfortuno.eu\/toode\/kimp-45-mitmevarvilisest-roosist\/\" \/>\n<meta property=\"og:site_name\" content=\"Bonfortuno\" \/>\n<meta property=\"article:modified_time\" content=\"2022-01-13T10:43:58+00:00\" \/>\n<meta property=\"og:image\" content=\"https:\/\/bonfortuno.eu\/wp-content\/uploads\/2021\/08\/BotteJauneRouge450_ProdId_6821.jpg\" \/>\n\t<meta property=\"og:image:width\" content=\"450\" \/>\n\t<meta property=\"og:image:height\" content=\"450\" \/>\n\t<meta property=\"og:image:type\" content=\"image\/jpeg\" \/>\n<meta name=\"twitter:card\" content=\"summary_large_image\" \/>\n<meta name=\"twitter:label1\" content=\"\u041f\u0440\u0438\u043c\u0435\u0440\u043d\u043e\u0435 \u0432\u0440\u0435\u043c\u044f \u0434\u043b\u044f \u0447\u0442\u0435\u043d\u0438\u044f\" \/>\n\t<meta name=\"twitter:data1\" content=\"1 \u043c\u0438\u043d\u0443\u0442\u0430\" \/>\n<script type=\"application\/ld+json\" class=\"yoast-schema-graph\">{\"@context\":\"https:\\\/\\\/schema.org\",\"@graph\":[{\"@type\":\"WebPage\",\"@id\":\"https:\\\/\\\/bonfortuno.eu\\\/toode\\\/kimp-45-mitmevarvilisest-roosist\\\/\",\"url\":\"https:\\\/\\\/bonfortuno.eu\\\/toode\\\/kimp-45-mitmevarvilisest-roosist\\\/\",\"name\":\"[:et]\\\"Kimp 45 mitmev\u00e4rvilisest roosist.\\\"[:ru]\\\" \u0411\u0443\u043a\u0435\u0442 \u0438\u0437 45 \u0440\u0430\u0437\u043d\u043e\u0446\u0432\u0435\u0442\u043d\u044b\u0445 \u0440\u043e\u0437.\\\"[:en]\\\"Bouquet of 45 multi-colored roses.\\\"[:] | Bonfortuno\",\"isPartOf\":{\"@id\":\"https:\\\/\\\/bonfortuno.eu\\\/ru\\\/#website\"},\"primaryImageOfPage\":{\"@id\":\"https:\\\/\\\/bonfortuno.eu\\\/toode\\\/kimp-45-mitmevarvilisest-roosist\\\/#primaryimage\"},\"image\":{\"@id\":\"https:\\\/\\\/bonfortuno.eu\\\/toode\\\/kimp-45-mitmevarvilisest-roosist\\\/#primaryimage\"},\"thumbnailUrl\":\"https:\\\/\\\/bonfortuno.eu\\\/wp-content\\\/uploads\\\/2021\\\/08\\\/BotteJauneRouge450_ProdId_6821.jpg\",\"datePublished\":\"2021-08-16T15:24:39+00:00\",\"dateModified\":\"2022-01-13T10:43:58+00:00\",\"breadcrumb\":{\"@id\":\"https:\\\/\\\/bonfortuno.eu\\\/toode\\\/kimp-45-mitmevarvilisest-roosist\\\/#breadcrumb\"},\"inLanguage\":\"ru-RU\",\"potentialAction\":[{\"@type\":\"ReadAction\",\"target\":[\"https:\\\/\\\/bonfortuno.eu\\\/toode\\\/kimp-45-mitmevarvilisest-roosist\\\/\"]}]},{\"@type\":\"ImageObject\",\"inLanguage\":\"ru-RU\",\"@id\":\"https:\\\/\\\/bonfortuno.eu\\\/toode\\\/kimp-45-mitmevarvilisest-roosist\\\/#primaryimage\",\"url\":\"https:\\\/\\\/bonfortuno.eu\\\/wp-content\\\/uploads\\\/2021\\\/08\\\/BotteJauneRouge450_ProdId_6821.jpg\",\"contentUrl\":\"https:\\\/\\\/bonfortuno.eu\\\/wp-content\\\/uploads\\\/2021\\\/08\\\/BotteJauneRouge450_ProdId_6821.jpg\",\"width\":450,\"height\":450},{\"@type\":\"BreadcrumbList\",\"@id\":\"https:\\\/\\\/bonfortuno.eu\\\/toode\\\/kimp-45-mitmevarvilisest-roosist\\\/#breadcrumb\",\"itemListElement\":[{\"@type\":\"ListItem\",\"position\":1,\"name\":\"\u0413\u043b\u0430\u0432\u043d\u0430\u044f \u0441\u0442\u0440\u0430\u043d\u0438\u0446\u0430\",\"item\":\"https:\\\/\\\/bonfortuno.eu\\\/\"},{\"@type\":\"ListItem\",\"position\":2,\"name\":\"\u041c\u0430\u0433\u0430\u0437\u0438\u043d\",\"item\":\"https:\\\/\\\/bonfortuno.eu\\\/\"},{\"@type\":\"ListItem\",\"position\":3,\"name\":\"&#8220;Kimp 45 mitmev\u00e4rvilisest roosist.&#8221;\"}]},{\"@type\":\"WebSite\",\"@id\":\"https:\\\/\\\/bonfortuno.eu\\\/ru\\\/#website\",\"url\":\"https:\\\/\\\/bonfortuno.eu\\\/ru\\\/\",\"name\":\"Bonfortuno\",\"description\":\"\u0414\u043e\u0431\u0440\u043e \u043f\u043e\u0436\u0430\u043b\u043e\u0432\u0430\u0442\u044c \u0432 \u043c\u0438\u0440 \u0441\u0432\u0435\u0436\u0438\u0445 \u0446\u0432\u0435\u0442\u043e\u0432\",\"potentialAction\":[{\"@type\":\"SearchAction\",\"target\":{\"@type\":\"EntryPoint\",\"urlTemplate\":\"https:\\\/\\\/bonfortuno.eu\\\/ru\\\/?s={search_term_string}\"},\"query-input\":{\"@type\":\"PropertyValueSpecification\",\"valueRequired\":true,\"valueName\":\"search_term_string\"}}],\"inLanguage\":\"ru-RU\"}]}<\/script>\n<!-- \/ Yoast SEO plugin. -->","yoast_head_json":{"title":"[:et]\"Kimp 45 mitmev\u00e4rvilisest roosist.\"[:ru]\" \u0411\u0443\u043a\u0435\u0442 \u0438\u0437 45 \u0440\u0430\u0437\u043d\u043e\u0446\u0432\u0435\u0442\u043d\u044b\u0445 \u0440\u043e\u0437.\"[:en]\"Bouquet of 45 multi-colored roses.\"[:] | Bonfortuno","robots":{"index":"index","follow":"follow","max-snippet":"max-snippet:-1","max-image-preview":"max-image-preview:large","max-video-preview":"max-video-preview:-1"},"canonical":"https:\/\/bonfortuno.eu\/toode\/kimp-45-mitmevarvilisest-roosist\/","og_locale":"ru_RU","og_type":"article","og_title":"[:et]\"Kimp 45 mitmev\u00e4rvilisest roosist.\"[:ru]\" \u0411\u0443\u043a\u0435\u0442 \u0438\u0437 45 \u0440\u0430\u0437\u043d\u043e\u0446\u0432\u0435\u0442\u043d\u044b\u0445 \u0440\u043e\u0437.\"[:en]\"Bouquet of 45 multi-colored roses.\"[:] | Bonfortuno","og_description":"[:et]45 mitmev\u00e4rvilisest roosist koosnev kimp on v\u00e4ga r\u00f5\u00f5msameelne kimp. See on eriti asjakohane kingitus, kui t\u00e4naval on hakanud valitsema kevad. N\u00e4iteks 8. m\u00e4rtsi p\u00e4eval. Kuid ka see kimp on asjakohane talve- v\u00f5i s\u00fcgisp\u00fchade ajal. Pilvistel \u00fchev\u00e4rvilistel p\u00e4evadel lisab see 45 mitmev\u00e4rvilisest roosist kimp elule s\u00e4ra ja v\u00e4rvi. Kui otsite v\u00f5imalust, kuidas edukalt r\u00f5\u00f5mustada, siis aitab see kimp selles k\u00fcsimuses. Ja see on ka suurep\u00e4rane kingitus pidulikule s\u00fcndmusele ja muudab selle pidulikumaks igaks pidulikuks s\u00fcndmuseks.[:ru]\u0411\u0443\u043a\u0435\u0442 \u0438\u0437 45 \u0440\u0430\u0437\u043d\u043e\u0446\u0432\u0435\u0442\u043d\u044b\u0445 \u0440\u043e\u0437 - \u043e\u0447\u0435\u043d\u044c \u0432\u0435\u0441\u0435\u043b\u044b\u0439 \u0431\u0443\u043a\u0435\u0442 . \u041e\u043d \u0431\u0443\u0434\u0435\u0442 \u043e\u0441\u043e\u0431\u0435\u043d\u043d\u043e \u0430\u043a\u0442\u0443\u0430\u043b\u044c\u043d\u044b\u043c \u043f\u043e\u0434\u0430\u0440\u043a\u043e\u043c, \u0435\u0441\u043b\u0438 \u043d\u0430 \u0443\u043b\u0438\u0446\u0435 \u0432\u043e\u0432\u0441\u044e \u043d\u0430\u0447\u0430\u043b\u0430 \u0445\u043e\u0437\u044f\u0439\u043d\u0438\u0447\u0430\u0442\u044c \u0432\u0435\u0441\u043d\u0430. \u041a \u043f\u0440\u0438\u043c\u0435\u0440\u0443, \u0432 \u0434\u0435\u043d\u044c 8 \u043c\u0430\u0440\u0442\u0430. \u041d\u043e \u0442\u0430\u043a\u0436\u0435 \u044d\u0442\u043e\u0442 \u0431\u0443\u043a\u0435\u0442 \u0431\u0443\u0434\u0435\u0442 \u0430\u043a\u0442\u0443\u0430\u043b\u044c\u043d\u044b\u043c \u0432 \u0437\u0438\u043c\u043d\u0438\u0435 \u0438\u043b\u0438 \u043e\u0441\u0435\u043d\u043d\u0438\u0435 \u043f\u0440\u0430\u0437\u0434\u043d\u0438\u043a\u0438. \u0412 \u043f\u0430\u0441\u043c\u0443\u0440\u043d\u044b\u0435 \u043c\u043e\u043d\u043e\u0445\u0440\u043e\u043c\u043d\u044b\u0435 \u0434\u043d\u0438 \u044d\u0442\u043e\u0442 \u0431\u0443\u043a\u0435\u0442 \u0438\u0437 45 \u0440\u0430\u0437\u043d\u043e\u0446\u0432\u0435\u0442\u043d\u044b\u0445 \u0440\u043e\u0437 \u0434\u043e\u0431\u0430\u0432\u0438\u0442 \u0432 \u0436\u0438\u0437\u043d\u044c \u044f\u0440\u043a\u043e\u0441\u0442\u0438 \u0438 \u043a\u0440\u0430\u0441\u043e\u043a. \u0415\u0441\u043b\u0438 \u0432\u044b \u0438\u0449\u0438\u0442\u0435 \u0432\u0430\u0440\u0438\u0430\u043d\u0442, \u043a\u0430\u043a \u0443\u0441\u043f\u0435\u0448\u043d\u043e \u043f\u043e\u0434\u043d\u044f\u0442\u044c \u043d\u0430\u0441\u0442\u0440\u043e\u0435\u043d\u0438\u0435, \u0442\u043e \u0438\u043c\u0435\u043d\u043d\u043e \u044d\u0442\u043e\u0442 \u0431\u0443\u043a\u0435\u0442 \u043f\u043e\u043c\u043e\u0436\u0435\u0442 \u0432 \u044d\u0442\u043e\u043c \u0434\u0435\u043b\u0435. \u0410 \u0435\u0449\u0435 \u043e\u043d \u0441\u0442\u0430\u043d\u0435\u0442 \u043f\u0440\u0435\u043a\u0440\u0430\u0441\u043d\u044b\u043c \u043f\u043e\u0434\u0430\u0440\u043a\u043e\u043c \u043a \u043f\u0440\u0430\u0437\u0434\u043d\u0438\u0447\u043d\u043e\u043c\u0443 \u0441\u043e\u0431\u044b\u0442\u0438\u044e, \u0438 \u0441\u0434\u0435\u043b\u0430\u0442\u044c \u0435\u0435 \u0431\u043e\u043b\u0435\u0435 \u0442\u043e\u0440\u0436\u0435\u0441\u0442\u0432\u0435\u043d\u043d\u044b\u043c \u043b\u044e\u0431\u043e\u0439 \u043f\u0440\u0430\u0437\u0434\u043d\u0438\u0447\u043d\u044b\u0439 \u043f\u043e\u0432\u043e\u0434.[:en]A bouquet of 45 multi-colored roses is a very cheerful bouquet. It will be an especially relevant gift if spring has begun to dominate the street. For example, on the day of March 8th. But also this bouquet will be relevant during winter or autumn holidays. On cloudy monochrome days, this bouquet of 45 multi-colored roses will add brightness and color to life. If you are looking for an option on how to successfully cheer up, then this particular bouquet will help in this matter. And it will also be a wonderful gift for a festive event, and make it more solemn for any festive occasion.[:]","og_url":"https:\/\/bonfortuno.eu\/toode\/kimp-45-mitmevarvilisest-roosist\/","og_site_name":"Bonfortuno","article_modified_time":"2022-01-13T10:43:58+00:00","og_image":[{"width":450,"height":450,"url":"https:\/\/bonfortuno.eu\/wp-content\/uploads\/2021\/08\/BotteJauneRouge450_ProdId_6821.jpg","type":"image\/jpeg"}],"twitter_card":"summary_large_image","twitter_misc":{"\u041f\u0440\u0438\u043c\u0435\u0440\u043d\u043e\u0435 \u0432\u0440\u0435\u043c\u044f \u0434\u043b\u044f \u0447\u0442\u0435\u043d\u0438\u044f":"1 \u043c\u0438\u043d\u0443\u0442\u0430"},"schema":{"@context":"https:\/\/schema.org","@graph":[{"@type":"WebPage","@id":"https:\/\/bonfortuno.eu\/toode\/kimp-45-mitmevarvilisest-roosist\/","url":"https:\/\/bonfortuno.eu\/toode\/kimp-45-mitmevarvilisest-roosist\/","name":"[:et]\"Kimp 45 mitmev\u00e4rvilisest roosist.\"[:ru]\" \u0411\u0443\u043a\u0435\u0442 \u0438\u0437 45 \u0440\u0430\u0437\u043d\u043e\u0446\u0432\u0435\u0442\u043d\u044b\u0445 \u0440\u043e\u0437.\"[:en]\"Bouquet of 45 multi-colored roses.\"[:] | Bonfortuno","isPartOf":{"@id":"https:\/\/bonfortuno.eu\/ru\/#website"},"primaryImageOfPage":{"@id":"https:\/\/bonfortuno.eu\/toode\/kimp-45-mitmevarvilisest-roosist\/#primaryimage"},"image":{"@id":"https:\/\/bonfortuno.eu\/toode\/kimp-45-mitmevarvilisest-roosist\/#primaryimage"},"thumbnailUrl":"https:\/\/bonfortuno.eu\/wp-content\/uploads\/2021\/08\/BotteJauneRouge450_ProdId_6821.jpg","datePublished":"2021-08-16T15:24:39+00:00","dateModified":"2022-01-13T10:43:58+00:00","breadcrumb":{"@id":"https:\/\/bonfortuno.eu\/toode\/kimp-45-mitmevarvilisest-roosist\/#breadcrumb"},"inLanguage":"ru-RU","potentialAction":[{"@type":"ReadAction","target":["https:\/\/bonfortuno.eu\/toode\/kimp-45-mitmevarvilisest-roosist\/"]}]},{"@type":"ImageObject","inLanguage":"ru-RU","@id":"https:\/\/bonfortuno.eu\/toode\/kimp-45-mitmevarvilisest-roosist\/#primaryimage","url":"https:\/\/bonfortuno.eu\/wp-content\/uploads\/2021\/08\/BotteJauneRouge450_ProdId_6821.jpg","contentUrl":"https:\/\/bonfortuno.eu\/wp-content\/uploads\/2021\/08\/BotteJauneRouge450_ProdId_6821.jpg","width":450,"height":450},{"@type":"BreadcrumbList","@id":"https:\/\/bonfortuno.eu\/toode\/kimp-45-mitmevarvilisest-roosist\/#breadcrumb","itemListElement":[{"@type":"ListItem","position":1,"name":"\u0413\u043b\u0430\u0432\u043d\u0430\u044f \u0441\u0442\u0440\u0430\u043d\u0438\u0446\u0430","item":"https:\/\/bonfortuno.eu\/"},{"@type":"ListItem","position":2,"name":"\u041c\u0430\u0433\u0430\u0437\u0438\u043d","item":"https:\/\/bonfortuno.eu\/"},{"@type":"ListItem","position":3,"name":"&#8220;Kimp 45 mitmev\u00e4rvilisest roosist.&#8221;"}]},{"@type":"WebSite","@id":"https:\/\/bonfortuno.eu\/ru\/#website","url":"https:\/\/bonfortuno.eu\/ru\/","name":"Bonfortuno","description":"\u0414\u043e\u0431\u0440\u043e \u043f\u043e\u0436\u0430\u043b\u043e\u0432\u0430\u0442\u044c \u0432 \u043c\u0438\u0440 \u0441\u0432\u0435\u0436\u0438\u0445 \u0446\u0432\u0435\u0442\u043e\u0432","potentialAction":[{"@type":"SearchAction","target":{"@type":"EntryPoint","urlTemplate":"https:\/\/bonfortuno.eu\/ru\/?s={search_term_string}"},"query-input":{"@type":"PropertyValueSpecification","valueRequired":true,"valueName":"search_term_string"}}],"inLanguage":"ru-RU"}]}},"_links":{"self":[{"href":"https:\/\/bonfortuno.eu\/ru\/wp-json\/wp\/v2\/product\/3372","targetHints":{"allow":["GET"]}}],"collection":[{"href":"https:\/\/bonfortuno.eu\/ru\/wp-json\/wp\/v2\/product"}],"about":[{"href":"https:\/\/bonfortuno.eu\/ru\/wp-json\/wp\/v2\/types\/product"}],"wp:featuredmedia":[{"embeddable":true,"href":"https:\/\/bonfortuno.eu\/ru\/wp-json\/wp\/v2\/media\/3289"}],"wp:attachment":[{"href":"https:\/\/bonfortuno.eu\/ru\/wp-json\/wp\/v2\/media?parent=3372"}],"wp:term":[{"taxonomy":"product_brand","embeddable":true,"href":"https:\/\/bonfortuno.eu\/ru\/wp-json\/wp\/v2\/product_brand?post=3372"},{"taxonomy":"product_cat","embeddable":true,"href":"https:\/\/bonfortuno.eu\/ru\/wp-json\/wp\/v2\/product_cat?post=3372"},{"taxonomy":"product_tag","embeddable":true,"href":"https:\/\/bonfortuno.eu\/ru\/wp-json\/wp\/v2\/product_tag?post=3372"}],"curies":[{"name":"wp","href":"https:\/\/api.w.org\/{rel}","templated":true}]}}