{"id":3373,"date":"2021-08-16T18:31:46","date_gmt":"2021-08-16T15:31:46","guid":{"rendered":"https:\/\/bonfortuno.eu\/?post_type=product&#038;p=3373"},"modified":"2021-08-16T18:31:46","modified_gmt":"2021-08-16T15:31:46","slug":"51-punase-ja-valge-roosi-kimp","status":"publish","type":"product","link":"https:\/\/bonfortuno.eu\/ru\/toode\/51-punase-ja-valge-roosi-kimp\/","title":{"rendered":"&#187; \u0411\u0443\u043a\u0435\u0442 \u0438\u0437 51 \u043a\u0440\u0430\u0441\u043d\u043e \u0431\u0435\u043b\u043e\u0439  \u0440\u043e\u0437\u044b .&#187;"},"content":{"rendered":"<p>\u0411\u0443\u043a\u0435\u0442 51 \u043a\u0440\u0430\u0441\u043d\u043e \u0431\u0435\u043b\u044b\u0445 \u0440\u043e\u0437 \u2013 \u043e\u043b\u0438\u0446\u0435\u0442\u0432\u043e\u0440\u0435\u043d\u0438\u0435 \u0442\u043e\u0433\u043e, \u0447\u0442\u043e \u0441 \u043a\u043b\u0430\u0441\u0441\u0438\u0447\u0435\u0441\u043a\u043e\u0439 \u043a\u0440\u0430\u0441\u043e\u0442\u043e\u0439 \u043d\u0435 \u043f\u043e\u0441\u043f\u043e\u0440\u0438\u0448\u044c. \u0421\u043e\u0447\u0435\u0442\u0430\u043d\u0438\u0435 \u043f\u044b\u043b\u0430\u044e\u0449\u0435\u0439 \u043b\u044e\u0431\u0432\u0438 \u0438 \u0437\u0440\u0435\u043b\u043e\u0441\u0442\u0438 \u0441 \u043d\u0435\u0432\u0438\u043d\u043d\u043e\u0441\u0442\u044c\u044e \u0438 \u044d\u043b\u0435\u0433\u0430\u043d\u0442\u043d\u043e\u0441\u0442\u044c\u044e \u2013 \u0434\u0432\u043e\u044f\u043a\u043e\u0435 \u043d\u0430\u0441\u0442\u0440\u043e\u0435\u043d\u0438\u0435 \u043d\u0435\u0441\u0435\u0442 \u0434\u0430\u043d\u043d\u043e\u0435 \u0441\u043e\u0447\u0435\u0442\u0430\u043d\u0438\u0435. \u0422\u0430\u043a\u043e\u0439 \u0431\u0443\u043a\u0435\u0442 \u0441\u0442\u0430\u043d\u0435\u0442 \u043f\u0440\u0438\u044f\u0442\u043d\u044b\u043c \u0431\u043e\u043d\u0443\u0441\u043e\u043c \u043a \u043e\u0441\u043d\u043e\u0432\u043d\u043e\u043c\u0443 \u043f\u043e\u0434\u0430\u0440\u043a\u0443. \u042d\u0433\u043e \u043f\u0440\u0438\u043d\u044f\u0442\u043e \u0434\u0430\u0440\u0438\u0442\u044c \u043d\u0430 \u0441\u0432\u0430\u0434\u044c\u0431\u0430\u0445, \u044e\u0431\u0438\u043b\u0435\u044f\u0445, \u0434\u0435\u043d\u044c \u0440\u043e\u0436\u0434\u0435\u043d\u0438\u044f\u0445 \u0438 \u0442.\u0434. \u041f\u043e\u0440\u0430\u0434\u0443\u0435\u0442 \u043e\u043d \u0438 \u043b\u044e\u0431\u0438\u043c\u044b\u0445. \u0411\u0443\u043a\u0435\u0442 51 \u043a\u0440\u0430\u0441\u043d\u043e \u0431\u0435\u043b\u044b\u0445 \u0440\u043e\u0437 \u2013 \u0440\u043e\u0441\u043a\u043e\u0448\u043d\u044b\u0439 \u043e\u0431\u044a\u0435\u043c\u043d\u044b\u0439 \u043f\u0435\u0440\u0435\u043f\u043b\u0435\u0442 \u043e\u0442\u0442\u0435\u043d\u043a\u043e\u0432. \u0426\u0432\u0435\u0442\u044b \u2013 \u0441\u0432\u0435\u0436\u0438\u0435, \u043f\u044c\u044f\u043d\u044f\u0442 \u0430\u0440\u043e\u043c\u0430\u0442\u043e\u043c. \u041d\u0435\u043b\u044c\u0437\u044f, \u0432\u043e\u0437\u0440\u0430\u0437\u0438\u0442\u044c \u0438 \u0442\u043e\u0442 \u0444\u0430\u043a\u0442, \u0447\u0442\u043e \u0441\u0435\u0439\u0447\u0430\u0441 \u0446\u0432\u0435\u0442\u044b \u0434\u0430\u0440\u044f\u0442 \u0438 \u043c\u0443\u0436\u0447\u0438\u043d\u0430\u043c (\u0440\u043e\u0441\u0442 \u043f\u043e \u043a\u0430\u0440\u044c\u0435\u0440\u043d\u043e\u0439 \u043b\u0435\u0441\u0442\u043d\u0438\u0446\u0435 \u0438\u043b\u0438 \u044e\u0431\u0438\u043b\u0435\u0439). \u0422\u0430\u043a\u043e\u0439 \u0431\u0443\u043a\u0435\u0442 \u043f\u043e\u0434\u043e\u0439\u0434\u0435\u0442 \u043f\u043e \u043f\u043e\u0432\u043e\u0434\u0443 \u0434\u0430\u043d\u043d\u043e\u0433\u043e \u0441\u043b\u0443\u0447\u0430\u044f.<br \/>\n<\/p>","protected":false},"excerpt":{"rendered":"<p>\u0411\u0443\u043a\u0435\u0442 51 \u043a\u0440\u0430\u0441\u043d\u043e \u0431\u0435\u043b\u044b\u0445 \u0440\u043e\u0437 \u2013 \u043e\u043b\u0438\u0446\u0435\u0442\u0432\u043e\u0440\u0435\u043d\u0438\u0435 \u0442\u043e\u0433\u043e, \u0447\u0442\u043e \u0441 \u043a\u043b\u0430\u0441\u0441\u0438\u0447\u0435\u0441\u043a\u043e\u0439 \u043a\u0440\u0430\u0441\u043e\u0442\u043e\u0439 \u043d\u0435 \u043f\u043e\u0441\u043f\u043e\u0440\u0438\u0448\u044c. \u0421\u043e\u0447\u0435\u0442\u0430\u043d\u0438\u0435 \u043f\u044b\u043b\u0430\u044e\u0449\u0435\u0439 \u043b\u044e\u0431\u0432\u0438 \u0438 \u0437\u0440\u0435\u043b\u043e\u0441\u0442\u0438 \u0441 \u043d\u0435\u0432\u0438\u043d\u043d\u043e\u0441\u0442\u044c\u044e \u0438 \u044d\u043b\u0435\u0433\u0430\u043d\u0442\u043d\u043e\u0441\u0442\u044c\u044e \u2013 \u0434\u0432\u043e\u044f\u043a\u043e\u0435 \u043d\u0430\u0441\u0442\u0440\u043e\u0435\u043d\u0438\u0435 \u043d\u0435\u0441\u0435\u0442 \u0434\u0430\u043d\u043d\u043e\u0435 \u0441\u043e\u0447\u0435\u0442\u0430\u043d\u0438\u0435. \u0422\u0430\u043a\u043e\u0439 \u0431\u0443\u043a\u0435\u0442 \u0441\u0442\u0430\u043d\u0435\u0442 \u043f\u0440\u0438\u044f\u0442\u043d\u044b\u043c \u0431\u043e\u043d\u0443\u0441\u043e\u043c \u043a \u043e\u0441\u043d\u043e\u0432\u043d\u043e\u043c\u0443 \u043f\u043e\u0434\u0430\u0440\u043a\u0443. \u042d\u0433\u043e \u043f\u0440\u0438\u043d\u044f\u0442\u043e \u0434\u0430\u0440\u0438\u0442\u044c \u043d\u0430 \u0441\u0432\u0430\u0434\u044c\u0431\u0430\u0445, \u044e\u0431\u0438\u043b\u0435\u044f\u0445, \u0434\u0435\u043d\u044c \u0440\u043e\u0436\u0434\u0435\u043d\u0438\u044f\u0445 \u0438 \u0442.\u0434. \u041f\u043e\u0440\u0430\u0434\u0443\u0435\u0442 \u043e\u043d \u0438 \u043b\u044e\u0431\u0438\u043c\u044b\u0445. \u0411\u0443\u043a\u0435\u0442 51 \u043a\u0440\u0430\u0441\u043d\u043e \u0431\u0435\u043b\u044b\u0445 \u0440\u043e\u0437 \u2013 \u0440\u043e\u0441\u043a\u043e\u0448\u043d\u044b\u0439 \u043e\u0431\u044a\u0435\u043c\u043d\u044b\u0439 \u043f\u0435\u0440\u0435\u043f\u043b\u0435\u0442 \u043e\u0442\u0442\u0435\u043d\u043a\u043e\u0432. \u0426\u0432\u0435\u0442\u044b \u2013 \u0441\u0432\u0435\u0436\u0438\u0435, \u043f\u044c\u044f\u043d\u044f\u0442 \u0430\u0440\u043e\u043c\u0430\u0442\u043e\u043c. \u041d\u0435\u043b\u044c\u0437\u044f, \u0432\u043e\u0437\u0440\u0430\u0437\u0438\u0442\u044c \u0438 \u0442\u043e\u0442 \u0444\u0430\u043a\u0442, \u0447\u0442\u043e \u0441\u0435\u0439\u0447\u0430\u0441 \u0446\u0432\u0435\u0442\u044b \u0434\u0430\u0440\u044f\u0442 \u0438 \u043c\u0443\u0436\u0447\u0438\u043d\u0430\u043c (\u0440\u043e\u0441\u0442 \u043f\u043e \u043a\u0430\u0440\u044c\u0435\u0440\u043d\u043e\u0439 \u043b\u0435\u0441\u0442\u043d\u0438\u0446\u0435 \u0438\u043b\u0438 \u044e\u0431\u0438\u043b\u0435\u0439). \u0422\u0430\u043a\u043e\u0439 \u0431\u0443\u043a\u0435\u0442 \u043f\u043e\u0434\u043e\u0439\u0434\u0435\u0442 \u043f\u043e \u043f\u043e\u0432\u043e\u0434\u0443 \u0434\u0430\u043d\u043d\u043e\u0433\u043e \u0441\u043b\u0443\u0447\u0430\u044f.<\/p>\n","protected":false},"featured_media":3290,"template":"","meta":[],"product_brand":[],"product_cat":[76,30],"product_tag":[],"class_list":{"0":"post-3373","1":"product","2":"type-product","3":"status-publish","4":"has-post-thumbnail","6":"product_cat-koik-tooted","7":"product_cat-lillekimbud","9":"first","10":"instock","11":"shipping-taxable","12":"purchasable","13":"product-type-simple"},"yoast_head":"<!-- This site is optimized with the Yoast SEO plugin v27.3 - https:\/\/yoast.com\/product\/yoast-seo-wordpress\/ -->\n<title>&quot; \u0411\u0443\u043a\u0435\u0442 \u0438\u0437 51 \u043a\u0440\u0430\u0441\u043d\u043e \u0431\u0435\u043b\u043e\u0439 \u0440\u043e\u0437\u044b .&quot; | Bonfortuno<\/title>\n<meta name=\"robots\" content=\"index, follow, max-snippet:-1, max-image-preview:large, max-video-preview:-1\" \/>\n<link rel=\"canonical\" href=\"https:\/\/bonfortuno.eu\/toode\/51-punase-ja-valge-roosi-kimp\/\" \/>\n<meta property=\"og:locale\" content=\"ru_RU\" \/>\n<meta property=\"og:type\" content=\"article\" \/>\n<meta property=\"og:title\" content=\"[:et]&quot;51 punase ja valge roosi kimp.&quot;[:ru]&quot; \u0411\u0443\u043a\u0435\u0442 \u0438\u0437 51 \u043a\u0440\u0430\u0441\u043d\u043e \u0431\u0435\u043b\u043e\u0439 \u0440\u043e\u0437\u044b .&quot;[:en]&quot;Bouquet of 51 red and white roses.&quot;[:] | Bonfortuno\" \/>\n<meta property=\"og:description\" content=\"[:et]51 punast ja valget roosi sisaldav kimp on kehastus asjaolule, et klassikalise iluga ei saa vaielda. P\u00f5leva armastuse ja k\u00fcpsuse kombinatsioon s\u00fc\u00fctuse ja elegantsiga - see kombinatsioon kannab kahekordset meeleolu. Selline kimp on peamiseks kingituseks kena boonus. Pulmadel, t\u00e4htp\u00e4evadel, s\u00fcnnip\u00e4evadel jne on tavaks anda ego. Ta r\u00f5\u00f5mustab ka l\u00e4hedasi. 51 punase ja valge roosi kimp on luksuslik mahuline toonide sidumine. Lilled - v\u00e4rsked, purjus l\u00f5hnaga. On v\u00f5imatu vaidlustada, et n\u00fc\u00fcd kingitakse lilli ka meestele (karj\u00e4\u00e4ri kasv v\u00f5i aastap\u00e4ev). Selline kimp sobib selleks puhuks.[:ru]\u0411\u0443\u043a\u0435\u0442 51 \u043a\u0440\u0430\u0441\u043d\u043e \u0431\u0435\u043b\u044b\u0445 \u0440\u043e\u0437 \u2013 \u043e\u043b\u0438\u0446\u0435\u0442\u0432\u043e\u0440\u0435\u043d\u0438\u0435 \u0442\u043e\u0433\u043e, \u0447\u0442\u043e \u0441 \u043a\u043b\u0430\u0441\u0441\u0438\u0447\u0435\u0441\u043a\u043e\u0439 \u043a\u0440\u0430\u0441\u043e\u0442\u043e\u0439 \u043d\u0435 \u043f\u043e\u0441\u043f\u043e\u0440\u0438\u0448\u044c. \u0421\u043e\u0447\u0435\u0442\u0430\u043d\u0438\u0435 \u043f\u044b\u043b\u0430\u044e\u0449\u0435\u0439 \u043b\u044e\u0431\u0432\u0438 \u0438 \u0437\u0440\u0435\u043b\u043e\u0441\u0442\u0438 \u0441 \u043d\u0435\u0432\u0438\u043d\u043d\u043e\u0441\u0442\u044c\u044e \u0438 \u044d\u043b\u0435\u0433\u0430\u043d\u0442\u043d\u043e\u0441\u0442\u044c\u044e \u2013 \u0434\u0432\u043e\u044f\u043a\u043e\u0435 \u043d\u0430\u0441\u0442\u0440\u043e\u0435\u043d\u0438\u0435 \u043d\u0435\u0441\u0435\u0442 \u0434\u0430\u043d\u043d\u043e\u0435 \u0441\u043e\u0447\u0435\u0442\u0430\u043d\u0438\u0435. \u0422\u0430\u043a\u043e\u0439 \u0431\u0443\u043a\u0435\u0442 \u0441\u0442\u0430\u043d\u0435\u0442 \u043f\u0440\u0438\u044f\u0442\u043d\u044b\u043c \u0431\u043e\u043d\u0443\u0441\u043e\u043c \u043a \u043e\u0441\u043d\u043e\u0432\u043d\u043e\u043c\u0443 \u043f\u043e\u0434\u0430\u0440\u043a\u0443. \u042d\u0433\u043e \u043f\u0440\u0438\u043d\u044f\u0442\u043e \u0434\u0430\u0440\u0438\u0442\u044c \u043d\u0430 \u0441\u0432\u0430\u0434\u044c\u0431\u0430\u0445, \u044e\u0431\u0438\u043b\u0435\u044f\u0445, \u0434\u0435\u043d\u044c \u0440\u043e\u0436\u0434\u0435\u043d\u0438\u044f\u0445 \u0438 \u0442.\u0434. \u041f\u043e\u0440\u0430\u0434\u0443\u0435\u0442 \u043e\u043d \u0438 \u043b\u044e\u0431\u0438\u043c\u044b\u0445. \u0411\u0443\u043a\u0435\u0442 51 \u043a\u0440\u0430\u0441\u043d\u043e \u0431\u0435\u043b\u044b\u0445 \u0440\u043e\u0437 \u2013 \u0440\u043e\u0441\u043a\u043e\u0448\u043d\u044b\u0439 \u043e\u0431\u044a\u0435\u043c\u043d\u044b\u0439 \u043f\u0435\u0440\u0435\u043f\u043b\u0435\u0442 \u043e\u0442\u0442\u0435\u043d\u043a\u043e\u0432. \u0426\u0432\u0435\u0442\u044b \u2013 \u0441\u0432\u0435\u0436\u0438\u0435, \u043f\u044c\u044f\u043d\u044f\u0442 \u0430\u0440\u043e\u043c\u0430\u0442\u043e\u043c. \u041d\u0435\u043b\u044c\u0437\u044f, \u0432\u043e\u0437\u0440\u0430\u0437\u0438\u0442\u044c \u0438 \u0442\u043e\u0442 \u0444\u0430\u043a\u0442, \u0447\u0442\u043e \u0441\u0435\u0439\u0447\u0430\u0441 \u0446\u0432\u0435\u0442\u044b \u0434\u0430\u0440\u044f\u0442 \u0438 \u043c\u0443\u0436\u0447\u0438\u043d\u0430\u043c (\u0440\u043e\u0441\u0442 \u043f\u043e \u043a\u0430\u0440\u044c\u0435\u0440\u043d\u043e\u0439 \u043b\u0435\u0441\u0442\u043d\u0438\u0446\u0435 \u0438\u043b\u0438 \u044e\u0431\u0438\u043b\u0435\u0439). \u0422\u0430\u043a\u043e\u0439 \u0431\u0443\u043a\u0435\u0442 \u043f\u043e\u0434\u043e\u0439\u0434\u0435\u0442 \u043f\u043e \u043f\u043e\u0432\u043e\u0434\u0443 \u0434\u0430\u043d\u043d\u043e\u0433\u043e \u0441\u043b\u0443\u0447\u0430\u044f. [:en]A bouquet of 51 red and white roses is the embodiment of the fact that you cannot argue with classical beauty. The combination of burning love and maturity with innocence and elegance - this combination carries a double mood. Such a bouquet will be a nice bonus to the main gift. It is customary to give ego at weddings, anniversaries, birthdays, etc. He will also delight loved ones. A bouquet of 51 red and white roses is a luxurious volumetric binding of shades. Flowers - fresh, drunk with aroma. It is impossible to object to the fact that now flowers are given to men as well (career growth or anniversary). Such a bouquet will suit this occasion.[:]\" \/>\n<meta property=\"og:url\" content=\"https:\/\/bonfortuno.eu\/toode\/51-punase-ja-valge-roosi-kimp\/\" \/>\n<meta property=\"og:site_name\" content=\"Bonfortuno\" \/>\n<meta property=\"og:image\" content=\"https:\/\/bonfortuno.eu\/wp-content\/uploads\/2021\/08\/Bouquets_Roses_White_background_512815_2048x2732-scaled.jpg\" \/>\n\t<meta property=\"og:image:width\" content=\"1439\" \/>\n\t<meta property=\"og:image:height\" content=\"1920\" \/>\n\t<meta property=\"og:image:type\" content=\"image\/jpeg\" \/>\n<meta name=\"twitter:card\" content=\"summary_large_image\" \/>\n<meta name=\"twitter:label1\" content=\"\u041f\u0440\u0438\u043c\u0435\u0440\u043d\u043e\u0435 \u0432\u0440\u0435\u043c\u044f \u0434\u043b\u044f \u0447\u0442\u0435\u043d\u0438\u044f\" \/>\n\t<meta name=\"twitter:data1\" content=\"1 \u043c\u0438\u043d\u0443\u0442\u0430\" \/>\n<script type=\"application\/ld+json\" class=\"yoast-schema-graph\">{\"@context\":\"https:\\\/\\\/schema.org\",\"@graph\":[{\"@type\":\"WebPage\",\"@id\":\"https:\\\/\\\/bonfortuno.eu\\\/toode\\\/51-punase-ja-valge-roosi-kimp\\\/\",\"url\":\"https:\\\/\\\/bonfortuno.eu\\\/toode\\\/51-punase-ja-valge-roosi-kimp\\\/\",\"name\":\"[:et]\\\"51 punase ja valge roosi kimp.\\\"[:ru]\\\" \u0411\u0443\u043a\u0435\u0442 \u0438\u0437 51 \u043a\u0440\u0430\u0441\u043d\u043e \u0431\u0435\u043b\u043e\u0439 \u0440\u043e\u0437\u044b .\\\"[:en]\\\"Bouquet of 51 red and white roses.\\\"[:] | Bonfortuno\",\"isPartOf\":{\"@id\":\"https:\\\/\\\/bonfortuno.eu\\\/ru\\\/#website\"},\"primaryImageOfPage\":{\"@id\":\"https:\\\/\\\/bonfortuno.eu\\\/toode\\\/51-punase-ja-valge-roosi-kimp\\\/#primaryimage\"},\"image\":{\"@id\":\"https:\\\/\\\/bonfortuno.eu\\\/toode\\\/51-punase-ja-valge-roosi-kimp\\\/#primaryimage\"},\"thumbnailUrl\":\"https:\\\/\\\/bonfortuno.eu\\\/wp-content\\\/uploads\\\/2021\\\/08\\\/Bouquets_Roses_White_background_512815_2048x2732-scaled.jpg\",\"datePublished\":\"2021-08-16T15:31:46+00:00\",\"breadcrumb\":{\"@id\":\"https:\\\/\\\/bonfortuno.eu\\\/toode\\\/51-punase-ja-valge-roosi-kimp\\\/#breadcrumb\"},\"inLanguage\":\"ru-RU\",\"potentialAction\":[{\"@type\":\"ReadAction\",\"target\":[\"https:\\\/\\\/bonfortuno.eu\\\/toode\\\/51-punase-ja-valge-roosi-kimp\\\/\"]}]},{\"@type\":\"ImageObject\",\"inLanguage\":\"ru-RU\",\"@id\":\"https:\\\/\\\/bonfortuno.eu\\\/toode\\\/51-punase-ja-valge-roosi-kimp\\\/#primaryimage\",\"url\":\"https:\\\/\\\/bonfortuno.eu\\\/wp-content\\\/uploads\\\/2021\\\/08\\\/Bouquets_Roses_White_background_512815_2048x2732-scaled.jpg\",\"contentUrl\":\"https:\\\/\\\/bonfortuno.eu\\\/wp-content\\\/uploads\\\/2021\\\/08\\\/Bouquets_Roses_White_background_512815_2048x2732-scaled.jpg\",\"width\":1439,\"height\":1920},{\"@type\":\"BreadcrumbList\",\"@id\":\"https:\\\/\\\/bonfortuno.eu\\\/toode\\\/51-punase-ja-valge-roosi-kimp\\\/#breadcrumb\",\"itemListElement\":[{\"@type\":\"ListItem\",\"position\":1,\"name\":\"\u0413\u043b\u0430\u0432\u043d\u0430\u044f \u0441\u0442\u0440\u0430\u043d\u0438\u0446\u0430\",\"item\":\"https:\\\/\\\/bonfortuno.eu\\\/\"},{\"@type\":\"ListItem\",\"position\":2,\"name\":\"\u041c\u0430\u0433\u0430\u0437\u0438\u043d\",\"item\":\"https:\\\/\\\/bonfortuno.eu\\\/\"},{\"@type\":\"ListItem\",\"position\":3,\"name\":\"&#8220;51 punase ja valge roosi kimp.&#8221;\"}]},{\"@type\":\"WebSite\",\"@id\":\"https:\\\/\\\/bonfortuno.eu\\\/ru\\\/#website\",\"url\":\"https:\\\/\\\/bonfortuno.eu\\\/ru\\\/\",\"name\":\"Bonfortuno\",\"description\":\"\u0414\u043e\u0431\u0440\u043e \u043f\u043e\u0436\u0430\u043b\u043e\u0432\u0430\u0442\u044c \u0432 \u043c\u0438\u0440 \u0441\u0432\u0435\u0436\u0438\u0445 \u0446\u0432\u0435\u0442\u043e\u0432\",\"potentialAction\":[{\"@type\":\"SearchAction\",\"target\":{\"@type\":\"EntryPoint\",\"urlTemplate\":\"https:\\\/\\\/bonfortuno.eu\\\/ru\\\/?s={search_term_string}\"},\"query-input\":{\"@type\":\"PropertyValueSpecification\",\"valueRequired\":true,\"valueName\":\"search_term_string\"}}],\"inLanguage\":\"ru-RU\"}]}<\/script>\n<!-- \/ Yoast SEO plugin. -->","yoast_head_json":{"title":"[:et]\"51 punase ja valge roosi kimp.\"[:ru]\" \u0411\u0443\u043a\u0435\u0442 \u0438\u0437 51 \u043a\u0440\u0430\u0441\u043d\u043e \u0431\u0435\u043b\u043e\u0439 \u0440\u043e\u0437\u044b .\"[:en]\"Bouquet of 51 red and white roses.\"[:] | Bonfortuno","robots":{"index":"index","follow":"follow","max-snippet":"max-snippet:-1","max-image-preview":"max-image-preview:large","max-video-preview":"max-video-preview:-1"},"canonical":"https:\/\/bonfortuno.eu\/toode\/51-punase-ja-valge-roosi-kimp\/","og_locale":"ru_RU","og_type":"article","og_title":"[:et]\"51 punase ja valge roosi kimp.\"[:ru]\" \u0411\u0443\u043a\u0435\u0442 \u0438\u0437 51 \u043a\u0440\u0430\u0441\u043d\u043e \u0431\u0435\u043b\u043e\u0439 \u0440\u043e\u0437\u044b .\"[:en]\"Bouquet of 51 red and white roses.\"[:] | Bonfortuno","og_description":"[:et]51 punast ja valget roosi sisaldav kimp on kehastus asjaolule, et klassikalise iluga ei saa vaielda. P\u00f5leva armastuse ja k\u00fcpsuse kombinatsioon s\u00fc\u00fctuse ja elegantsiga - see kombinatsioon kannab kahekordset meeleolu. Selline kimp on peamiseks kingituseks kena boonus. Pulmadel, t\u00e4htp\u00e4evadel, s\u00fcnnip\u00e4evadel jne on tavaks anda ego. Ta r\u00f5\u00f5mustab ka l\u00e4hedasi. 51 punase ja valge roosi kimp on luksuslik mahuline toonide sidumine. Lilled - v\u00e4rsked, purjus l\u00f5hnaga. On v\u00f5imatu vaidlustada, et n\u00fc\u00fcd kingitakse lilli ka meestele (karj\u00e4\u00e4ri kasv v\u00f5i aastap\u00e4ev). Selline kimp sobib selleks puhuks.[:ru]\u0411\u0443\u043a\u0435\u0442 51 \u043a\u0440\u0430\u0441\u043d\u043e \u0431\u0435\u043b\u044b\u0445 \u0440\u043e\u0437 \u2013 \u043e\u043b\u0438\u0446\u0435\u0442\u0432\u043e\u0440\u0435\u043d\u0438\u0435 \u0442\u043e\u0433\u043e, \u0447\u0442\u043e \u0441 \u043a\u043b\u0430\u0441\u0441\u0438\u0447\u0435\u0441\u043a\u043e\u0439 \u043a\u0440\u0430\u0441\u043e\u0442\u043e\u0439 \u043d\u0435 \u043f\u043e\u0441\u043f\u043e\u0440\u0438\u0448\u044c. \u0421\u043e\u0447\u0435\u0442\u0430\u043d\u0438\u0435 \u043f\u044b\u043b\u0430\u044e\u0449\u0435\u0439 \u043b\u044e\u0431\u0432\u0438 \u0438 \u0437\u0440\u0435\u043b\u043e\u0441\u0442\u0438 \u0441 \u043d\u0435\u0432\u0438\u043d\u043d\u043e\u0441\u0442\u044c\u044e \u0438 \u044d\u043b\u0435\u0433\u0430\u043d\u0442\u043d\u043e\u0441\u0442\u044c\u044e \u2013 \u0434\u0432\u043e\u044f\u043a\u043e\u0435 \u043d\u0430\u0441\u0442\u0440\u043e\u0435\u043d\u0438\u0435 \u043d\u0435\u0441\u0435\u0442 \u0434\u0430\u043d\u043d\u043e\u0435 \u0441\u043e\u0447\u0435\u0442\u0430\u043d\u0438\u0435. \u0422\u0430\u043a\u043e\u0439 \u0431\u0443\u043a\u0435\u0442 \u0441\u0442\u0430\u043d\u0435\u0442 \u043f\u0440\u0438\u044f\u0442\u043d\u044b\u043c \u0431\u043e\u043d\u0443\u0441\u043e\u043c \u043a \u043e\u0441\u043d\u043e\u0432\u043d\u043e\u043c\u0443 \u043f\u043e\u0434\u0430\u0440\u043a\u0443. \u042d\u0433\u043e \u043f\u0440\u0438\u043d\u044f\u0442\u043e \u0434\u0430\u0440\u0438\u0442\u044c \u043d\u0430 \u0441\u0432\u0430\u0434\u044c\u0431\u0430\u0445, \u044e\u0431\u0438\u043b\u0435\u044f\u0445, \u0434\u0435\u043d\u044c \u0440\u043e\u0436\u0434\u0435\u043d\u0438\u044f\u0445 \u0438 \u0442.\u0434. \u041f\u043e\u0440\u0430\u0434\u0443\u0435\u0442 \u043e\u043d \u0438 \u043b\u044e\u0431\u0438\u043c\u044b\u0445. \u0411\u0443\u043a\u0435\u0442 51 \u043a\u0440\u0430\u0441\u043d\u043e \u0431\u0435\u043b\u044b\u0445 \u0440\u043e\u0437 \u2013 \u0440\u043e\u0441\u043a\u043e\u0448\u043d\u044b\u0439 \u043e\u0431\u044a\u0435\u043c\u043d\u044b\u0439 \u043f\u0435\u0440\u0435\u043f\u043b\u0435\u0442 \u043e\u0442\u0442\u0435\u043d\u043a\u043e\u0432. \u0426\u0432\u0435\u0442\u044b \u2013 \u0441\u0432\u0435\u0436\u0438\u0435, \u043f\u044c\u044f\u043d\u044f\u0442 \u0430\u0440\u043e\u043c\u0430\u0442\u043e\u043c. \u041d\u0435\u043b\u044c\u0437\u044f, \u0432\u043e\u0437\u0440\u0430\u0437\u0438\u0442\u044c \u0438 \u0442\u043e\u0442 \u0444\u0430\u043a\u0442, \u0447\u0442\u043e \u0441\u0435\u0439\u0447\u0430\u0441 \u0446\u0432\u0435\u0442\u044b \u0434\u0430\u0440\u044f\u0442 \u0438 \u043c\u0443\u0436\u0447\u0438\u043d\u0430\u043c (\u0440\u043e\u0441\u0442 \u043f\u043e \u043a\u0430\u0440\u044c\u0435\u0440\u043d\u043e\u0439 \u043b\u0435\u0441\u0442\u043d\u0438\u0446\u0435 \u0438\u043b\u0438 \u044e\u0431\u0438\u043b\u0435\u0439). \u0422\u0430\u043a\u043e\u0439 \u0431\u0443\u043a\u0435\u0442 \u043f\u043e\u0434\u043e\u0439\u0434\u0435\u0442 \u043f\u043e \u043f\u043e\u0432\u043e\u0434\u0443 \u0434\u0430\u043d\u043d\u043e\u0433\u043e \u0441\u043b\u0443\u0447\u0430\u044f. [:en]A bouquet of 51 red and white roses is the embodiment of the fact that you cannot argue with classical beauty. The combination of burning love and maturity with innocence and elegance - this combination carries a double mood. Such a bouquet will be a nice bonus to the main gift. It is customary to give ego at weddings, anniversaries, birthdays, etc. He will also delight loved ones. A bouquet of 51 red and white roses is a luxurious volumetric binding of shades. Flowers - fresh, drunk with aroma. It is impossible to object to the fact that now flowers are given to men as well (career growth or anniversary). Such a bouquet will suit this occasion.[:]","og_url":"https:\/\/bonfortuno.eu\/toode\/51-punase-ja-valge-roosi-kimp\/","og_site_name":"Bonfortuno","og_image":[{"width":1439,"height":1920,"url":"https:\/\/bonfortuno.eu\/wp-content\/uploads\/2021\/08\/Bouquets_Roses_White_background_512815_2048x2732-scaled.jpg","type":"image\/jpeg"}],"twitter_card":"summary_large_image","twitter_misc":{"\u041f\u0440\u0438\u043c\u0435\u0440\u043d\u043e\u0435 \u0432\u0440\u0435\u043c\u044f \u0434\u043b\u044f \u0447\u0442\u0435\u043d\u0438\u044f":"1 \u043c\u0438\u043d\u0443\u0442\u0430"},"schema":{"@context":"https:\/\/schema.org","@graph":[{"@type":"WebPage","@id":"https:\/\/bonfortuno.eu\/toode\/51-punase-ja-valge-roosi-kimp\/","url":"https:\/\/bonfortuno.eu\/toode\/51-punase-ja-valge-roosi-kimp\/","name":"[:et]\"51 punase ja valge roosi kimp.\"[:ru]\" \u0411\u0443\u043a\u0435\u0442 \u0438\u0437 51 \u043a\u0440\u0430\u0441\u043d\u043e \u0431\u0435\u043b\u043e\u0439 \u0440\u043e\u0437\u044b .\"[:en]\"Bouquet of 51 red and white roses.\"[:] | Bonfortuno","isPartOf":{"@id":"https:\/\/bonfortuno.eu\/ru\/#website"},"primaryImageOfPage":{"@id":"https:\/\/bonfortuno.eu\/toode\/51-punase-ja-valge-roosi-kimp\/#primaryimage"},"image":{"@id":"https:\/\/bonfortuno.eu\/toode\/51-punase-ja-valge-roosi-kimp\/#primaryimage"},"thumbnailUrl":"https:\/\/bonfortuno.eu\/wp-content\/uploads\/2021\/08\/Bouquets_Roses_White_background_512815_2048x2732-scaled.jpg","datePublished":"2021-08-16T15:31:46+00:00","breadcrumb":{"@id":"https:\/\/bonfortuno.eu\/toode\/51-punase-ja-valge-roosi-kimp\/#breadcrumb"},"inLanguage":"ru-RU","potentialAction":[{"@type":"ReadAction","target":["https:\/\/bonfortuno.eu\/toode\/51-punase-ja-valge-roosi-kimp\/"]}]},{"@type":"ImageObject","inLanguage":"ru-RU","@id":"https:\/\/bonfortuno.eu\/toode\/51-punase-ja-valge-roosi-kimp\/#primaryimage","url":"https:\/\/bonfortuno.eu\/wp-content\/uploads\/2021\/08\/Bouquets_Roses_White_background_512815_2048x2732-scaled.jpg","contentUrl":"https:\/\/bonfortuno.eu\/wp-content\/uploads\/2021\/08\/Bouquets_Roses_White_background_512815_2048x2732-scaled.jpg","width":1439,"height":1920},{"@type":"BreadcrumbList","@id":"https:\/\/bonfortuno.eu\/toode\/51-punase-ja-valge-roosi-kimp\/#breadcrumb","itemListElement":[{"@type":"ListItem","position":1,"name":"\u0413\u043b\u0430\u0432\u043d\u0430\u044f \u0441\u0442\u0440\u0430\u043d\u0438\u0446\u0430","item":"https:\/\/bonfortuno.eu\/"},{"@type":"ListItem","position":2,"name":"\u041c\u0430\u0433\u0430\u0437\u0438\u043d","item":"https:\/\/bonfortuno.eu\/"},{"@type":"ListItem","position":3,"name":"&#8220;51 punase ja valge roosi kimp.&#8221;"}]},{"@type":"WebSite","@id":"https:\/\/bonfortuno.eu\/ru\/#website","url":"https:\/\/bonfortuno.eu\/ru\/","name":"Bonfortuno","description":"\u0414\u043e\u0431\u0440\u043e \u043f\u043e\u0436\u0430\u043b\u043e\u0432\u0430\u0442\u044c \u0432 \u043c\u0438\u0440 \u0441\u0432\u0435\u0436\u0438\u0445 \u0446\u0432\u0435\u0442\u043e\u0432","potentialAction":[{"@type":"SearchAction","target":{"@type":"EntryPoint","urlTemplate":"https:\/\/bonfortuno.eu\/ru\/?s={search_term_string}"},"query-input":{"@type":"PropertyValueSpecification","valueRequired":true,"valueName":"search_term_string"}}],"inLanguage":"ru-RU"}]}},"_links":{"self":[{"href":"https:\/\/bonfortuno.eu\/ru\/wp-json\/wp\/v2\/product\/3373","targetHints":{"allow":["GET"]}}],"collection":[{"href":"https:\/\/bonfortuno.eu\/ru\/wp-json\/wp\/v2\/product"}],"about":[{"href":"https:\/\/bonfortuno.eu\/ru\/wp-json\/wp\/v2\/types\/product"}],"wp:featuredmedia":[{"embeddable":true,"href":"https:\/\/bonfortuno.eu\/ru\/wp-json\/wp\/v2\/media\/3290"}],"wp:attachment":[{"href":"https:\/\/bonfortuno.eu\/ru\/wp-json\/wp\/v2\/media?parent=3373"}],"wp:term":[{"taxonomy":"product_brand","embeddable":true,"href":"https:\/\/bonfortuno.eu\/ru\/wp-json\/wp\/v2\/product_brand?post=3373"},{"taxonomy":"product_cat","embeddable":true,"href":"https:\/\/bonfortuno.eu\/ru\/wp-json\/wp\/v2\/product_cat?post=3373"},{"taxonomy":"product_tag","embeddable":true,"href":"https:\/\/bonfortuno.eu\/ru\/wp-json\/wp\/v2\/product_tag?post=3373"}],"curies":[{"name":"wp","href":"https:\/\/api.w.org\/{rel}","templated":true}]}}