{"id":3381,"date":"2021-08-18T18:26:13","date_gmt":"2021-08-18T15:26:13","guid":{"rendered":"https:\/\/bonfortuno.eu\/?post_type=product&#038;p=3381"},"modified":"2021-08-18T18:26:13","modified_gmt":"2021-08-18T15:26:13","slug":"varvilised-freesiad","status":"publish","type":"product","link":"https:\/\/bonfortuno.eu\/ru\/toode\/varvilised-freesiad\/","title":{"rendered":"\u00ab\u041a\u0440\u0430\u0441\u043e\u0447\u043d\u044b\u0435 \u0444\u0440\u0435\u0437\u0438\u0438\u00bb"},"content":{"rendered":"<p>\u00ab\u0412\u043e\u0441\u0445\u0438\u0442\u0438\u0442\u0435\u043b\u044c\u043d\u044b\u0439 \u0430\u0440\u043e\u043c\u0430\u0442 \u0444\u0440\u0435\u0437\u0438\u0439 \u043f\u0440\u0438\u0432\u043e\u0434\u0438\u0442 \u0432 \u0432\u043e\u0441\u0442\u043e\u0440\u0433!<br \/>\n\u041e\u0433\u0440\u043e\u043c\u043d\u044b\u0439 \u043a\u0440\u0430\u0441\u043e\u0447\u043d\u044b\u0439 \u0431\u0443\u043a\u0435\u0442 \u0441\u043e\u0431\u0440\u0430\u043d \u0440\u043e\u0432\u043d\u043e \u0438\u0437 101 \u0432\u0435\u0442\u043e\u0447\u043a\u0438 \u043d\u0435\u0436\u043d\u043e\u0439 \u0444\u0440\u0435\u0437\u0438\u0438 \u0441\u0430\u043c\u044b\u0445 \u043f\u0440\u0438\u0432\u0435\u0442\u043b\u0438\u0432\u044b\u0445 \u043e\u0442\u0442\u0435\u043d\u043a\u043e\u0432.\u00bb<\/p>","protected":false},"excerpt":{"rendered":"<p>\u00ab\u0412\u043e\u0441\u0445\u0438\u0442\u0438\u0442\u0435\u043b\u044c\u043d\u044b\u0439 \u0430\u0440\u043e\u043c\u0430\u0442 \u0444\u0440\u0435\u0437\u0438\u0439 \u043f\u0440\u0438\u0432\u043e\u0434\u0438\u0442 \u0432 \u0432\u043e\u0441\u0442\u043e\u0440\u0433!<br \/>\n\u041e\u0433\u0440\u043e\u043c\u043d\u044b\u0439 \u043a\u0440\u0430\u0441\u043e\u0447\u043d\u044b\u0439 \u0431\u0443\u043a\u0435\u0442 \u0441\u043e\u0431\u0440\u0430\u043d \u0440\u043e\u0432\u043d\u043e \u0438\u0437 101 \u0432\u0435\u0442\u043e\u0447\u043a\u0438 \u043d\u0435\u0436\u043d\u043e\u0439 \u0444\u0440\u0435\u0437\u0438\u0438 \u0441\u0430\u043c\u044b\u0445 \u043f\u0440\u0438\u0432\u0435\u0442\u043b\u0438\u0432\u044b\u0445 \u043e\u0442\u0442\u0435\u043d\u043a\u043e\u0432.\u00bb<\/p>\n","protected":false},"featured_media":3296,"template":"","meta":[],"product_brand":[],"product_cat":[76,30],"product_tag":[],"class_list":{"0":"post-3381","1":"product","2":"type-product","3":"status-publish","4":"has-post-thumbnail","6":"product_cat-koik-tooted","7":"product_cat-lillekimbud","9":"first","10":"instock","11":"shipping-taxable","12":"purchasable","13":"product-type-simple"},"yoast_head":"<!-- This site is optimized with the Yoast SEO plugin v27.3 - https:\/\/yoast.com\/product\/yoast-seo-wordpress\/ -->\n<title>\u00ab\u041a\u0440\u0430\u0441\u043e\u0447\u043d\u044b\u0435 \u0444\u0440\u0435\u0437\u0438\u0438\u00bb | Bonfortuno<\/title>\n<meta name=\"robots\" content=\"index, follow, max-snippet:-1, max-image-preview:large, max-video-preview:-1\" \/>\n<link rel=\"canonical\" href=\"https:\/\/bonfortuno.eu\/toode\/varvilised-freesiad\/\" \/>\n<meta property=\"og:locale\" content=\"ru_RU\" \/>\n<meta property=\"og:type\" content=\"article\" \/>\n<meta property=\"og:title\" content=\"[:et]&quot;V\u00e4rvilised freesiad&quot;[:ru]\u00ab\u041a\u0440\u0430\u0441\u043e\u0447\u043d\u044b\u0435 \u0444\u0440\u0435\u0437\u0438\u0438\u00bb[:en]&quot;Colorful freesias&quot;[:] | Bonfortuno\" \/>\n<meta property=\"og:description\" content=\"[:et]\u201cM\u00f5nus freesiate l\u00f5hn r\u00f5\u00f5mustab!  Tohutu v\u00e4rvikirev kimp on kokku pandud t\u00e4pselt 101 \u00f5rnast freesia oksast, mis on k\u00f5ige tervitatavamad. &quot;[:ru]\u00ab\u0412\u043e\u0441\u0445\u0438\u0442\u0438\u0442\u0435\u043b\u044c\u043d\u044b\u0439 \u0430\u0440\u043e\u043c\u0430\u0442 \u0444\u0440\u0435\u0437\u0438\u0439 \u043f\u0440\u0438\u0432\u043e\u0434\u0438\u0442 \u0432 \u0432\u043e\u0441\u0442\u043e\u0440\u0433!  \u041e\u0433\u0440\u043e\u043c\u043d\u044b\u0439 \u043a\u0440\u0430\u0441\u043e\u0447\u043d\u044b\u0439 \u0431\u0443\u043a\u0435\u0442 \u0441\u043e\u0431\u0440\u0430\u043d \u0440\u043e\u0432\u043d\u043e \u0438\u0437 101 \u0432\u0435\u0442\u043e\u0447\u043a\u0438 \u043d\u0435\u0436\u043d\u043e\u0439 \u0444\u0440\u0435\u0437\u0438\u0438 \u0441\u0430\u043c\u044b\u0445 \u043f\u0440\u0438\u0432\u0435\u0442\u043b\u0438\u0432\u044b\u0445 \u043e\u0442\u0442\u0435\u043d\u043a\u043e\u0432.\u00bb[:en]\u201cThe delightful scent of freesias delights!  A huge colorful bouquet is assembled from exactly 101 branches of delicate freesia of the most welcoming shades. &quot;[:]\" \/>\n<meta property=\"og:url\" content=\"https:\/\/bonfortuno.eu\/toode\/varvilised-freesiad\/\" \/>\n<meta property=\"og:site_name\" content=\"Bonfortuno\" \/>\n<meta property=\"og:image\" content=\"https:\/\/bonfortuno.eu\/wp-content\/uploads\/2021\/08\/fc67ccd89dcad8c71ca95c17556d310f.jpg\" \/>\n\t<meta property=\"og:image:width\" content=\"700\" \/>\n\t<meta property=\"og:image:height\" content=\"700\" \/>\n\t<meta property=\"og:image:type\" content=\"image\/jpeg\" \/>\n<meta name=\"twitter:card\" content=\"summary_large_image\" \/>\n<script type=\"application\/ld+json\" class=\"yoast-schema-graph\">{\"@context\":\"https:\\\/\\\/schema.org\",\"@graph\":[{\"@type\":\"WebPage\",\"@id\":\"https:\\\/\\\/bonfortuno.eu\\\/toode\\\/varvilised-freesiad\\\/\",\"url\":\"https:\\\/\\\/bonfortuno.eu\\\/toode\\\/varvilised-freesiad\\\/\",\"name\":\"[:et]\\\"V\u00e4rvilised freesiad\\\"[:ru]\u00ab\u041a\u0440\u0430\u0441\u043e\u0447\u043d\u044b\u0435 \u0444\u0440\u0435\u0437\u0438\u0438\u00bb[:en]\\\"Colorful freesias\\\"[:] | Bonfortuno\",\"isPartOf\":{\"@id\":\"https:\\\/\\\/bonfortuno.eu\\\/ru\\\/#website\"},\"primaryImageOfPage\":{\"@id\":\"https:\\\/\\\/bonfortuno.eu\\\/toode\\\/varvilised-freesiad\\\/#primaryimage\"},\"image\":{\"@id\":\"https:\\\/\\\/bonfortuno.eu\\\/toode\\\/varvilised-freesiad\\\/#primaryimage\"},\"thumbnailUrl\":\"https:\\\/\\\/bonfortuno.eu\\\/wp-content\\\/uploads\\\/2021\\\/08\\\/fc67ccd89dcad8c71ca95c17556d310f.jpg\",\"datePublished\":\"2021-08-18T15:26:13+00:00\",\"breadcrumb\":{\"@id\":\"https:\\\/\\\/bonfortuno.eu\\\/toode\\\/varvilised-freesiad\\\/#breadcrumb\"},\"inLanguage\":\"ru-RU\",\"potentialAction\":[{\"@type\":\"ReadAction\",\"target\":[\"https:\\\/\\\/bonfortuno.eu\\\/toode\\\/varvilised-freesiad\\\/\"]}]},{\"@type\":\"ImageObject\",\"inLanguage\":\"ru-RU\",\"@id\":\"https:\\\/\\\/bonfortuno.eu\\\/toode\\\/varvilised-freesiad\\\/#primaryimage\",\"url\":\"https:\\\/\\\/bonfortuno.eu\\\/wp-content\\\/uploads\\\/2021\\\/08\\\/fc67ccd89dcad8c71ca95c17556d310f.jpg\",\"contentUrl\":\"https:\\\/\\\/bonfortuno.eu\\\/wp-content\\\/uploads\\\/2021\\\/08\\\/fc67ccd89dcad8c71ca95c17556d310f.jpg\",\"width\":700,\"height\":700},{\"@type\":\"BreadcrumbList\",\"@id\":\"https:\\\/\\\/bonfortuno.eu\\\/toode\\\/varvilised-freesiad\\\/#breadcrumb\",\"itemListElement\":[{\"@type\":\"ListItem\",\"position\":1,\"name\":\"\u0413\u043b\u0430\u0432\u043d\u0430\u044f \u0441\u0442\u0440\u0430\u043d\u0438\u0446\u0430\",\"item\":\"https:\\\/\\\/bonfortuno.eu\\\/\"},{\"@type\":\"ListItem\",\"position\":2,\"name\":\"\u041c\u0430\u0433\u0430\u0437\u0438\u043d\",\"item\":\"https:\\\/\\\/bonfortuno.eu\\\/\"},{\"@type\":\"ListItem\",\"position\":3,\"name\":\"&#8220;V\u00e4rvilised freesiad&#8221;\"}]},{\"@type\":\"WebSite\",\"@id\":\"https:\\\/\\\/bonfortuno.eu\\\/ru\\\/#website\",\"url\":\"https:\\\/\\\/bonfortuno.eu\\\/ru\\\/\",\"name\":\"Bonfortuno\",\"description\":\"\u0414\u043e\u0431\u0440\u043e \u043f\u043e\u0436\u0430\u043b\u043e\u0432\u0430\u0442\u044c \u0432 \u043c\u0438\u0440 \u0441\u0432\u0435\u0436\u0438\u0445 \u0446\u0432\u0435\u0442\u043e\u0432\",\"potentialAction\":[{\"@type\":\"SearchAction\",\"target\":{\"@type\":\"EntryPoint\",\"urlTemplate\":\"https:\\\/\\\/bonfortuno.eu\\\/ru\\\/?s={search_term_string}\"},\"query-input\":{\"@type\":\"PropertyValueSpecification\",\"valueRequired\":true,\"valueName\":\"search_term_string\"}}],\"inLanguage\":\"ru-RU\"}]}<\/script>\n<!-- \/ Yoast SEO plugin. -->","yoast_head_json":{"title":"[:et]\"V\u00e4rvilised freesiad\"[:ru]\u00ab\u041a\u0440\u0430\u0441\u043e\u0447\u043d\u044b\u0435 \u0444\u0440\u0435\u0437\u0438\u0438\u00bb[:en]\"Colorful freesias\"[:] | Bonfortuno","robots":{"index":"index","follow":"follow","max-snippet":"max-snippet:-1","max-image-preview":"max-image-preview:large","max-video-preview":"max-video-preview:-1"},"canonical":"https:\/\/bonfortuno.eu\/toode\/varvilised-freesiad\/","og_locale":"ru_RU","og_type":"article","og_title":"[:et]\"V\u00e4rvilised freesiad\"[:ru]\u00ab\u041a\u0440\u0430\u0441\u043e\u0447\u043d\u044b\u0435 \u0444\u0440\u0435\u0437\u0438\u0438\u00bb[:en]\"Colorful freesias\"[:] | Bonfortuno","og_description":"[:et]\u201cM\u00f5nus freesiate l\u00f5hn r\u00f5\u00f5mustab!  Tohutu v\u00e4rvikirev kimp on kokku pandud t\u00e4pselt 101 \u00f5rnast freesia oksast, mis on k\u00f5ige tervitatavamad. \"[:ru]\u00ab\u0412\u043e\u0441\u0445\u0438\u0442\u0438\u0442\u0435\u043b\u044c\u043d\u044b\u0439 \u0430\u0440\u043e\u043c\u0430\u0442 \u0444\u0440\u0435\u0437\u0438\u0439 \u043f\u0440\u0438\u0432\u043e\u0434\u0438\u0442 \u0432 \u0432\u043e\u0441\u0442\u043e\u0440\u0433!  \u041e\u0433\u0440\u043e\u043c\u043d\u044b\u0439 \u043a\u0440\u0430\u0441\u043e\u0447\u043d\u044b\u0439 \u0431\u0443\u043a\u0435\u0442 \u0441\u043e\u0431\u0440\u0430\u043d \u0440\u043e\u0432\u043d\u043e \u0438\u0437 101 \u0432\u0435\u0442\u043e\u0447\u043a\u0438 \u043d\u0435\u0436\u043d\u043e\u0439 \u0444\u0440\u0435\u0437\u0438\u0438 \u0441\u0430\u043c\u044b\u0445 \u043f\u0440\u0438\u0432\u0435\u0442\u043b\u0438\u0432\u044b\u0445 \u043e\u0442\u0442\u0435\u043d\u043a\u043e\u0432.\u00bb[:en]\u201cThe delightful scent of freesias delights!  A huge colorful bouquet is assembled from exactly 101 branches of delicate freesia of the most welcoming shades. \"[:]","og_url":"https:\/\/bonfortuno.eu\/toode\/varvilised-freesiad\/","og_site_name":"Bonfortuno","og_image":[{"width":700,"height":700,"url":"https:\/\/bonfortuno.eu\/wp-content\/uploads\/2021\/08\/fc67ccd89dcad8c71ca95c17556d310f.jpg","type":"image\/jpeg"}],"twitter_card":"summary_large_image","schema":{"@context":"https:\/\/schema.org","@graph":[{"@type":"WebPage","@id":"https:\/\/bonfortuno.eu\/toode\/varvilised-freesiad\/","url":"https:\/\/bonfortuno.eu\/toode\/varvilised-freesiad\/","name":"[:et]\"V\u00e4rvilised freesiad\"[:ru]\u00ab\u041a\u0440\u0430\u0441\u043e\u0447\u043d\u044b\u0435 \u0444\u0440\u0435\u0437\u0438\u0438\u00bb[:en]\"Colorful freesias\"[:] | Bonfortuno","isPartOf":{"@id":"https:\/\/bonfortuno.eu\/ru\/#website"},"primaryImageOfPage":{"@id":"https:\/\/bonfortuno.eu\/toode\/varvilised-freesiad\/#primaryimage"},"image":{"@id":"https:\/\/bonfortuno.eu\/toode\/varvilised-freesiad\/#primaryimage"},"thumbnailUrl":"https:\/\/bonfortuno.eu\/wp-content\/uploads\/2021\/08\/fc67ccd89dcad8c71ca95c17556d310f.jpg","datePublished":"2021-08-18T15:26:13+00:00","breadcrumb":{"@id":"https:\/\/bonfortuno.eu\/toode\/varvilised-freesiad\/#breadcrumb"},"inLanguage":"ru-RU","potentialAction":[{"@type":"ReadAction","target":["https:\/\/bonfortuno.eu\/toode\/varvilised-freesiad\/"]}]},{"@type":"ImageObject","inLanguage":"ru-RU","@id":"https:\/\/bonfortuno.eu\/toode\/varvilised-freesiad\/#primaryimage","url":"https:\/\/bonfortuno.eu\/wp-content\/uploads\/2021\/08\/fc67ccd89dcad8c71ca95c17556d310f.jpg","contentUrl":"https:\/\/bonfortuno.eu\/wp-content\/uploads\/2021\/08\/fc67ccd89dcad8c71ca95c17556d310f.jpg","width":700,"height":700},{"@type":"BreadcrumbList","@id":"https:\/\/bonfortuno.eu\/toode\/varvilised-freesiad\/#breadcrumb","itemListElement":[{"@type":"ListItem","position":1,"name":"\u0413\u043b\u0430\u0432\u043d\u0430\u044f \u0441\u0442\u0440\u0430\u043d\u0438\u0446\u0430","item":"https:\/\/bonfortuno.eu\/"},{"@type":"ListItem","position":2,"name":"\u041c\u0430\u0433\u0430\u0437\u0438\u043d","item":"https:\/\/bonfortuno.eu\/"},{"@type":"ListItem","position":3,"name":"&#8220;V\u00e4rvilised freesiad&#8221;"}]},{"@type":"WebSite","@id":"https:\/\/bonfortuno.eu\/ru\/#website","url":"https:\/\/bonfortuno.eu\/ru\/","name":"Bonfortuno","description":"\u0414\u043e\u0431\u0440\u043e \u043f\u043e\u0436\u0430\u043b\u043e\u0432\u0430\u0442\u044c \u0432 \u043c\u0438\u0440 \u0441\u0432\u0435\u0436\u0438\u0445 \u0446\u0432\u0435\u0442\u043e\u0432","potentialAction":[{"@type":"SearchAction","target":{"@type":"EntryPoint","urlTemplate":"https:\/\/bonfortuno.eu\/ru\/?s={search_term_string}"},"query-input":{"@type":"PropertyValueSpecification","valueRequired":true,"valueName":"search_term_string"}}],"inLanguage":"ru-RU"}]}},"_links":{"self":[{"href":"https:\/\/bonfortuno.eu\/ru\/wp-json\/wp\/v2\/product\/3381","targetHints":{"allow":["GET"]}}],"collection":[{"href":"https:\/\/bonfortuno.eu\/ru\/wp-json\/wp\/v2\/product"}],"about":[{"href":"https:\/\/bonfortuno.eu\/ru\/wp-json\/wp\/v2\/types\/product"}],"wp:featuredmedia":[{"embeddable":true,"href":"https:\/\/bonfortuno.eu\/ru\/wp-json\/wp\/v2\/media\/3296"}],"wp:attachment":[{"href":"https:\/\/bonfortuno.eu\/ru\/wp-json\/wp\/v2\/media?parent=3381"}],"wp:term":[{"taxonomy":"product_brand","embeddable":true,"href":"https:\/\/bonfortuno.eu\/ru\/wp-json\/wp\/v2\/product_brand?post=3381"},{"taxonomy":"product_cat","embeddable":true,"href":"https:\/\/bonfortuno.eu\/ru\/wp-json\/wp\/v2\/product_cat?post=3381"},{"taxonomy":"product_tag","embeddable":true,"href":"https:\/\/bonfortuno.eu\/ru\/wp-json\/wp\/v2\/product_tag?post=3381"}],"curies":[{"name":"wp","href":"https:\/\/api.w.org\/{rel}","templated":true}]}}