{"id":3382,"date":"2021-08-18T18:32:14","date_gmt":"2021-08-18T15:32:14","guid":{"rendered":"https:\/\/bonfortuno.eu\/?post_type=product&#038;p=3382"},"modified":"2021-08-18T18:32:14","modified_gmt":"2021-08-18T15:32:14","slug":"101-mitmevarvilist-roosi","status":"publish","type":"product","link":"https:\/\/bonfortuno.eu\/ru\/toode\/101-mitmevarvilist-roosi\/","title":{"rendered":"&#187; 101 \u0440\u0430\u0437\u043d\u043e\u0446\u0432\u0435\u0442\u043d\u0430\u044f \u0440\u043e\u0437\u0430 &#171;"},"content":{"rendered":"<p>\u0414\u043e\u0440\u043e\u0433\u043e\u0439 \u0431\u0443\u043a\u0435\u0442 \u0440\u043e\u0437 \u2013 \u0432\u043e\u0441\u0445\u0438\u0442\u0438\u0442\u0435\u043b\u044c\u043d\u044b\u0439 \u0436\u0438\u0432\u043e\u0439 \u043d\u0430\u0442\u044e\u0440\u043c\u043e\u0440\u0442, \u0432\u044b\u0437\u044b\u0432\u0430\u044e\u0449\u0438\u0439 \u0441\u0430\u043c\u044b\u0435 \u0432\u043e\u0437\u0432\u044b\u0448\u0435\u043d\u043d\u044b\u0435 \u044d\u043c\u043e\u0446\u0438\u0438. \u0424\u043b\u043e\u0440\u0438\u0441\u0442\u044b \u0441\u043f\u0435\u0446\u0438\u0430\u043b\u044c\u043d\u043e \u043f\u043e\u0434\u043e\u0431\u0440\u0430\u043b\u0438 \u0432\u0435\u0441\u0435\u043b\u044b\u0435 \u0446\u0432\u0435\u0442\u0430, \u0447\u0442\u043e\u0431\u044b \u0443 \u0436\u0435\u043d\u0449\u0438\u043d\u044b, \u043a\u043e\u0442\u043e\u0440\u043e\u0439 \u0432\u0440\u0443\u0447\u0430\u0442 \u044d\u0442\u043e\u0442 \u0431\u0443\u043a\u0435\u0442, \u043d\u0430\u0441\u0442\u0440\u043e\u0435\u043d\u0438\u0435 \u0432\u0437\u043b\u0435\u0442\u0435\u043b\u043e \u0434\u043e \u043d\u0435\u0431\u0435\u0441. \u0414\u043e\u0440\u043e\u0433\u043e\u0439 \u0431\u0443\u043a\u0435\u0442 \u0440\u043e\u0437 \u0441\u0442\u0430\u043d\u0435\u0442 \u043b\u0443\u0447\u0448\u0438\u043c \u043f\u043e\u0434\u0430\u0440\u043a\u043e\u043c \u043d\u0430 \u0434\u0435\u043d\u044c \u0440\u043e\u0436\u0434\u0435\u043d\u044c\u044f, \u043a\u043e\u0442\u043e\u0440\u044b\u0439 \u043e\u0431\u044f\u0437\u0430\u0442\u0435\u043b\u044c\u043d\u043e \u043f\u0440\u043e\u0439\u0434\u0435\u0442 \u0438\u043d\u0442\u0435\u0440\u0435\u0441\u043d\u043e \u0438 \u0434\u0438\u043d\u0430\u043c\u0438\u0447\u043d\u043e \u2013 \u0432\u0435\u0434\u044c \u0438\u043c\u0435\u043d\u0438\u043d\u043d\u0438\u0446\u0430 \u0437\u0430\u0440\u044f\u0434\u0438\u0442\u0441\u044f \u043e\u0442 \u0446\u0432\u0435\u0442\u043e\u0432 \u044d\u043d\u0435\u0440\u0433\u0438\u0435\u0439 \u043d\u0430 \u0446\u0435\u043b\u044b\u0439 \u0434\u0435\u043d\u044c \u0432\u043f\u0435\u0440\u0435\u0434. \u041f\u0440\u0435\u043a\u0440\u0430\u0441\u043d\u0443\u044e \u044f\u0440\u043a\u0443\u044e \u043a\u043e\u043c\u043f\u043e\u0437\u0438\u0446\u0438\u044e \u0432\u044b \u043c\u043e\u0436\u0435\u0442\u0435 \u043f\u043e\u0434\u0430\u0440\u0438\u0442\u044c \u043c\u0430\u043c\u0435, \u0431\u0430\u0431\u0443\u0448\u043a\u0435, \u0441\u0435\u0441\u0442\u0440\u0435 \u2013 \u0442\u0435\u043c \u043b\u044e\u0434\u044f\u043c, \u043a\u043e\u0442\u043e\u0440\u044b\u0445 \u0445\u043e\u0442\u0438\u0442\u0435 \u0441\u043e\u0433\u0440\u0435\u0442\u044c \u0432\u0435\u0441\u0435\u043d\u043d\u0438\u043c \u0442\u0435\u043f\u043b\u043e\u043c. \u0421\u043e\u0447\u043d\u044b\u0435 \u0442\u043e\u043d\u0430 \u043a\u0440\u0430\u0441\u043d\u043e\u0433\u043e \u0441\u043f\u0435\u043a\u0442\u0440\u0430 \u043d\u0430 \u0444\u043e\u043d\u0435 \u0437\u0435\u043b\u0435\u043d\u044b\u0445 \u043b\u0438\u0441\u0442\u044c\u0435\u0432 \u043e\u0431\u044f\u0437\u0430\u0442\u0435\u043b\u044c\u043d\u043e \u0432\u044b\u0437\u043e\u0432\u0443\u0442 \u043d\u0430 \u0438\u0445 \u043b\u0438\u0446\u0430\u0445 \u0443\u043b\u044b\u0431\u043a\u0438. <\/p>","protected":false},"excerpt":{"rendered":"<p>\u0414\u043e\u0440\u043e\u0433\u043e\u0439 \u0431\u0443\u043a\u0435\u0442 \u0440\u043e\u0437 \u2013 \u0432\u043e\u0441\u0445\u0438\u0442\u0438\u0442\u0435\u043b\u044c\u043d\u044b\u0439 \u0436\u0438\u0432\u043e\u0439 \u043d\u0430\u0442\u044e\u0440\u043c\u043e\u0440\u0442, \u0432\u044b\u0437\u044b\u0432\u0430\u044e\u0449\u0438\u0439 \u0441\u0430\u043c\u044b\u0435 \u0432\u043e\u0437\u0432\u044b\u0448\u0435\u043d\u043d\u044b\u0435 \u044d\u043c\u043e\u0446\u0438\u0438. \u0424\u043b\u043e\u0440\u0438\u0441\u0442\u044b \u0441\u043f\u0435\u0446\u0438\u0430\u043b\u044c\u043d\u043e \u043f\u043e\u0434\u043e\u0431\u0440\u0430\u043b\u0438 \u0432\u0435\u0441\u0435\u043b\u044b\u0435 \u0446\u0432\u0435\u0442\u0430, \u0447\u0442\u043e\u0431\u044b \u0443 \u0436\u0435\u043d\u0449\u0438\u043d\u044b, \u043a\u043e\u0442\u043e\u0440\u043e\u0439 \u0432\u0440\u0443\u0447\u0430\u0442 \u044d\u0442\u043e\u0442 \u0431\u0443\u043a\u0435\u0442, \u043d\u0430\u0441\u0442\u0440\u043e\u0435\u043d\u0438\u0435 \u0432\u0437\u043b\u0435\u0442\u0435\u043b\u043e \u0434\u043e \u043d\u0435\u0431\u0435\u0441. \u0414\u043e\u0440\u043e\u0433\u043e\u0439 \u0431\u0443\u043a\u0435\u0442 \u0440\u043e\u0437 \u0441\u0442\u0430\u043d\u0435\u0442 \u043b\u0443\u0447\u0448\u0438\u043c \u043f\u043e\u0434\u0430\u0440\u043a\u043e\u043c \u043d\u0430 \u0434\u0435\u043d\u044c \u0440\u043e\u0436\u0434\u0435\u043d\u044c\u044f, \u043a\u043e\u0442\u043e\u0440\u044b\u0439 \u043e\u0431\u044f\u0437\u0430\u0442\u0435\u043b\u044c\u043d\u043e \u043f\u0440\u043e\u0439\u0434\u0435\u0442 \u0438\u043d\u0442\u0435\u0440\u0435\u0441\u043d\u043e \u0438 \u0434\u0438\u043d\u0430\u043c\u0438\u0447\u043d\u043e \u2013 \u0432\u0435\u0434\u044c \u0438\u043c\u0435\u043d\u0438\u043d\u043d\u0438\u0446\u0430 \u0437\u0430\u0440\u044f\u0434\u0438\u0442\u0441\u044f \u043e\u0442 \u0446\u0432\u0435\u0442\u043e\u0432 \u044d\u043d\u0435\u0440\u0433\u0438\u0435\u0439 \u043d\u0430 \u0446\u0435\u043b\u044b\u0439 \u0434\u0435\u043d\u044c \u0432\u043f\u0435\u0440\u0435\u0434. \u041f\u0440\u0435\u043a\u0440\u0430\u0441\u043d\u0443\u044e \u044f\u0440\u043a\u0443\u044e \u043a\u043e\u043c\u043f\u043e\u0437\u0438\u0446\u0438\u044e \u0432\u044b \u043c\u043e\u0436\u0435\u0442\u0435 \u043f\u043e\u0434\u0430\u0440\u0438\u0442\u044c \u043c\u0430\u043c\u0435, \u0431\u0430\u0431\u0443\u0448\u043a\u0435, \u0441\u0435\u0441\u0442\u0440\u0435 \u2013 \u0442\u0435\u043c \u043b\u044e\u0434\u044f\u043c, \u043a\u043e\u0442\u043e\u0440\u044b\u0445 \u0445\u043e\u0442\u0438\u0442\u0435 \u0441\u043e\u0433\u0440\u0435\u0442\u044c \u0432\u0435\u0441\u0435\u043d\u043d\u0438\u043c \u0442\u0435\u043f\u043b\u043e\u043c. \u0421\u043e\u0447\u043d\u044b\u0435 \u0442\u043e\u043d\u0430 \u043a\u0440\u0430\u0441\u043d\u043e\u0433\u043e \u0441\u043f\u0435\u043a\u0442\u0440\u0430 \u043d\u0430 \u0444\u043e\u043d\u0435 \u0437\u0435\u043b\u0435\u043d\u044b\u0445 \u043b\u0438\u0441\u0442\u044c\u0435\u0432 \u043e\u0431\u044f\u0437\u0430\u0442\u0435\u043b\u044c\u043d\u043e \u0432\u044b\u0437\u043e\u0432\u0443\u0442 \u043d\u0430 \u0438\u0445 \u043b\u0438\u0446\u0430\u0445 \u0443\u043b\u044b\u0431\u043a\u0438.<\/p>\n","protected":false},"featured_media":3298,"template":"","meta":[],"product_brand":[],"product_cat":[76,30],"product_tag":[],"class_list":{"0":"post-3382","1":"product","2":"type-product","3":"status-publish","4":"has-post-thumbnail","6":"product_cat-koik-tooted","7":"product_cat-lillekimbud","9":"first","10":"instock","11":"shipping-taxable","12":"purchasable","13":"product-type-simple"},"yoast_head":"<!-- This site is optimized with the Yoast SEO plugin v27.3 - https:\/\/yoast.com\/product\/yoast-seo-wordpress\/ -->\n<title>&quot; 101 \u0440\u0430\u0437\u043d\u043e\u0446\u0432\u0435\u0442\u043d\u0430\u044f \u0440\u043e\u0437\u0430 &quot; | Bonfortuno<\/title>\n<meta name=\"robots\" content=\"index, follow, max-snippet:-1, max-image-preview:large, max-video-preview:-1\" \/>\n<link rel=\"canonical\" href=\"https:\/\/bonfortuno.eu\/toode\/101-mitmevarvilist-roosi\/\" \/>\n<meta property=\"og:locale\" content=\"ru_RU\" \/>\n<meta property=\"og:type\" content=\"article\" \/>\n<meta property=\"og:title\" content=\"[:et]&quot;101 mitmev\u00e4rvilist roosi&quot;[:ru]&quot; 101 \u0440\u0430\u0437\u043d\u043e\u0446\u0432\u0435\u0442\u043d\u0430\u044f \u0440\u043e\u0437\u0430 &quot;[:en]&quot;101 multi-colored roses&quot;[:] | Bonfortuno\" \/>\n<meta property=\"og:description\" content=\"[:et]Kallis roosikimp on veetlev elav nat\u00fc\u00fcrmort, mis tekitab k\u00f5ige \u00fclevamaid emotsioone. Lillepoodid on spetsiaalselt valinud r\u00f5\u00f5msad v\u00e4rvid, et naisel, kellele see kimp kingitakse, oleks taevalik meeleolu. Kallis roosikimp on parim s\u00fcnnip\u00e4evakingitus, mis tuleb kindlasti huvitav ja d\u00fcnaamiline - l\u00f5ppude l\u00f5puks laetakse s\u00fcnnip\u00e4evalapsel kogu eelolevaks p\u00e4evaks lillede energia. Saate anda imelise s\u00e4rava kompositsiooni oma emale, vanaemale, \u00f5ele - neile inimestele, keda soovite kevadsoojusega soojendada. Punase spektri mahlased toonid roheliste lehtede taustal p\u00f5hjustavad kindlasti nende n\u00e4ol naeratusi.[:ru]\u0414\u043e\u0440\u043e\u0433\u043e\u0439 \u0431\u0443\u043a\u0435\u0442 \u0440\u043e\u0437 \u2013 \u0432\u043e\u0441\u0445\u0438\u0442\u0438\u0442\u0435\u043b\u044c\u043d\u044b\u0439 \u0436\u0438\u0432\u043e\u0439 \u043d\u0430\u0442\u044e\u0440\u043c\u043e\u0440\u0442, \u0432\u044b\u0437\u044b\u0432\u0430\u044e\u0449\u0438\u0439 \u0441\u0430\u043c\u044b\u0435 \u0432\u043e\u0437\u0432\u044b\u0448\u0435\u043d\u043d\u044b\u0435 \u044d\u043c\u043e\u0446\u0438\u0438. \u0424\u043b\u043e\u0440\u0438\u0441\u0442\u044b \u0441\u043f\u0435\u0446\u0438\u0430\u043b\u044c\u043d\u043e \u043f\u043e\u0434\u043e\u0431\u0440\u0430\u043b\u0438 \u0432\u0435\u0441\u0435\u043b\u044b\u0435 \u0446\u0432\u0435\u0442\u0430, \u0447\u0442\u043e\u0431\u044b \u0443 \u0436\u0435\u043d\u0449\u0438\u043d\u044b, \u043a\u043e\u0442\u043e\u0440\u043e\u0439 \u0432\u0440\u0443\u0447\u0430\u0442 \u044d\u0442\u043e\u0442 \u0431\u0443\u043a\u0435\u0442, \u043d\u0430\u0441\u0442\u0440\u043e\u0435\u043d\u0438\u0435 \u0432\u0437\u043b\u0435\u0442\u0435\u043b\u043e \u0434\u043e \u043d\u0435\u0431\u0435\u0441. \u0414\u043e\u0440\u043e\u0433\u043e\u0439 \u0431\u0443\u043a\u0435\u0442 \u0440\u043e\u0437 \u0441\u0442\u0430\u043d\u0435\u0442 \u043b\u0443\u0447\u0448\u0438\u043c \u043f\u043e\u0434\u0430\u0440\u043a\u043e\u043c \u043d\u0430 \u0434\u0435\u043d\u044c \u0440\u043e\u0436\u0434\u0435\u043d\u044c\u044f, \u043a\u043e\u0442\u043e\u0440\u044b\u0439 \u043e\u0431\u044f\u0437\u0430\u0442\u0435\u043b\u044c\u043d\u043e \u043f\u0440\u043e\u0439\u0434\u0435\u0442 \u0438\u043d\u0442\u0435\u0440\u0435\u0441\u043d\u043e \u0438 \u0434\u0438\u043d\u0430\u043c\u0438\u0447\u043d\u043e \u2013 \u0432\u0435\u0434\u044c \u0438\u043c\u0435\u043d\u0438\u043d\u043d\u0438\u0446\u0430 \u0437\u0430\u0440\u044f\u0434\u0438\u0442\u0441\u044f \u043e\u0442 \u0446\u0432\u0435\u0442\u043e\u0432 \u044d\u043d\u0435\u0440\u0433\u0438\u0435\u0439 \u043d\u0430 \u0446\u0435\u043b\u044b\u0439 \u0434\u0435\u043d\u044c \u0432\u043f\u0435\u0440\u0435\u0434. \u041f\u0440\u0435\u043a\u0440\u0430\u0441\u043d\u0443\u044e \u044f\u0440\u043a\u0443\u044e \u043a\u043e\u043c\u043f\u043e\u0437\u0438\u0446\u0438\u044e \u0432\u044b \u043c\u043e\u0436\u0435\u0442\u0435 \u043f\u043e\u0434\u0430\u0440\u0438\u0442\u044c \u043c\u0430\u043c\u0435, \u0431\u0430\u0431\u0443\u0448\u043a\u0435, \u0441\u0435\u0441\u0442\u0440\u0435 \u2013 \u0442\u0435\u043c \u043b\u044e\u0434\u044f\u043c, \u043a\u043e\u0442\u043e\u0440\u044b\u0445 \u0445\u043e\u0442\u0438\u0442\u0435 \u0441\u043e\u0433\u0440\u0435\u0442\u044c \u0432\u0435\u0441\u0435\u043d\u043d\u0438\u043c \u0442\u0435\u043f\u043b\u043e\u043c. \u0421\u043e\u0447\u043d\u044b\u0435 \u0442\u043e\u043d\u0430 \u043a\u0440\u0430\u0441\u043d\u043e\u0433\u043e \u0441\u043f\u0435\u043a\u0442\u0440\u0430 \u043d\u0430 \u0444\u043e\u043d\u0435 \u0437\u0435\u043b\u0435\u043d\u044b\u0445 \u043b\u0438\u0441\u0442\u044c\u0435\u0432 \u043e\u0431\u044f\u0437\u0430\u0442\u0435\u043b\u044c\u043d\u043e \u0432\u044b\u0437\u043e\u0432\u0443\u0442 \u043d\u0430 \u0438\u0445 \u043b\u0438\u0446\u0430\u0445 \u0443\u043b\u044b\u0431\u043a\u0438. [:en]An expensive bouquet of roses is a delightful living still life that evokes the most sublime emotions. Florists have specially selected cheerful colors so that the woman who will be presented with this bouquet will have a sky-high mood. An expensive bouquet of roses will be the best birthday present, which will surely be interesting and dynamic - after all, the birthday girl will be charged with energy from flowers for the whole day ahead. You can give a wonderful bright composition to your mother, grandmother, sister - those people whom you want to warm with spring warmth. The juicy tones of the red spectrum against the background of green leaves will surely cause smiles on their faces.[:]\" \/>\n<meta property=\"og:url\" content=\"https:\/\/bonfortuno.eu\/toode\/101-mitmevarvilist-roosi\/\" \/>\n<meta property=\"og:site_name\" content=\"Bonfortuno\" \/>\n<meta property=\"og:image\" content=\"https:\/\/bonfortuno.eu\/wp-content\/uploads\/2021\/08\/icon-5247.png\" \/>\n\t<meta property=\"og:image:width\" content=\"300\" \/>\n\t<meta property=\"og:image:height\" content=\"300\" \/>\n\t<meta property=\"og:image:type\" content=\"image\/png\" \/>\n<meta name=\"twitter:card\" content=\"summary_large_image\" \/>\n<meta name=\"twitter:label1\" content=\"\u041f\u0440\u0438\u043c\u0435\u0440\u043d\u043e\u0435 \u0432\u0440\u0435\u043c\u044f \u0434\u043b\u044f \u0447\u0442\u0435\u043d\u0438\u044f\" \/>\n\t<meta name=\"twitter:data1\" content=\"1 \u043c\u0438\u043d\u0443\u0442\u0430\" \/>\n<script type=\"application\/ld+json\" class=\"yoast-schema-graph\">{\"@context\":\"https:\\\/\\\/schema.org\",\"@graph\":[{\"@type\":\"WebPage\",\"@id\":\"https:\\\/\\\/bonfortuno.eu\\\/toode\\\/101-mitmevarvilist-roosi\\\/\",\"url\":\"https:\\\/\\\/bonfortuno.eu\\\/toode\\\/101-mitmevarvilist-roosi\\\/\",\"name\":\"[:et]\\\"101 mitmev\u00e4rvilist roosi\\\"[:ru]\\\" 101 \u0440\u0430\u0437\u043d\u043e\u0446\u0432\u0435\u0442\u043d\u0430\u044f \u0440\u043e\u0437\u0430 \\\"[:en]\\\"101 multi-colored roses\\\"[:] | Bonfortuno\",\"isPartOf\":{\"@id\":\"https:\\\/\\\/bonfortuno.eu\\\/ru\\\/#website\"},\"primaryImageOfPage\":{\"@id\":\"https:\\\/\\\/bonfortuno.eu\\\/toode\\\/101-mitmevarvilist-roosi\\\/#primaryimage\"},\"image\":{\"@id\":\"https:\\\/\\\/bonfortuno.eu\\\/toode\\\/101-mitmevarvilist-roosi\\\/#primaryimage\"},\"thumbnailUrl\":\"https:\\\/\\\/bonfortuno.eu\\\/wp-content\\\/uploads\\\/2021\\\/08\\\/icon-5247.png\",\"datePublished\":\"2021-08-18T15:32:14+00:00\",\"breadcrumb\":{\"@id\":\"https:\\\/\\\/bonfortuno.eu\\\/toode\\\/101-mitmevarvilist-roosi\\\/#breadcrumb\"},\"inLanguage\":\"ru-RU\",\"potentialAction\":[{\"@type\":\"ReadAction\",\"target\":[\"https:\\\/\\\/bonfortuno.eu\\\/toode\\\/101-mitmevarvilist-roosi\\\/\"]}]},{\"@type\":\"ImageObject\",\"inLanguage\":\"ru-RU\",\"@id\":\"https:\\\/\\\/bonfortuno.eu\\\/toode\\\/101-mitmevarvilist-roosi\\\/#primaryimage\",\"url\":\"https:\\\/\\\/bonfortuno.eu\\\/wp-content\\\/uploads\\\/2021\\\/08\\\/icon-5247.png\",\"contentUrl\":\"https:\\\/\\\/bonfortuno.eu\\\/wp-content\\\/uploads\\\/2021\\\/08\\\/icon-5247.png\",\"width\":300,\"height\":300},{\"@type\":\"BreadcrumbList\",\"@id\":\"https:\\\/\\\/bonfortuno.eu\\\/toode\\\/101-mitmevarvilist-roosi\\\/#breadcrumb\",\"itemListElement\":[{\"@type\":\"ListItem\",\"position\":1,\"name\":\"\u0413\u043b\u0430\u0432\u043d\u0430\u044f \u0441\u0442\u0440\u0430\u043d\u0438\u0446\u0430\",\"item\":\"https:\\\/\\\/bonfortuno.eu\\\/\"},{\"@type\":\"ListItem\",\"position\":2,\"name\":\"\u041c\u0430\u0433\u0430\u0437\u0438\u043d\",\"item\":\"https:\\\/\\\/bonfortuno.eu\\\/\"},{\"@type\":\"ListItem\",\"position\":3,\"name\":\"&#8220;101 mitmev\u00e4rvilist roosi&#8221;\"}]},{\"@type\":\"WebSite\",\"@id\":\"https:\\\/\\\/bonfortuno.eu\\\/ru\\\/#website\",\"url\":\"https:\\\/\\\/bonfortuno.eu\\\/ru\\\/\",\"name\":\"Bonfortuno\",\"description\":\"\u0414\u043e\u0431\u0440\u043e \u043f\u043e\u0436\u0430\u043b\u043e\u0432\u0430\u0442\u044c \u0432 \u043c\u0438\u0440 \u0441\u0432\u0435\u0436\u0438\u0445 \u0446\u0432\u0435\u0442\u043e\u0432\",\"potentialAction\":[{\"@type\":\"SearchAction\",\"target\":{\"@type\":\"EntryPoint\",\"urlTemplate\":\"https:\\\/\\\/bonfortuno.eu\\\/ru\\\/?s={search_term_string}\"},\"query-input\":{\"@type\":\"PropertyValueSpecification\",\"valueRequired\":true,\"valueName\":\"search_term_string\"}}],\"inLanguage\":\"ru-RU\"}]}<\/script>\n<!-- \/ Yoast SEO plugin. -->","yoast_head_json":{"title":"[:et]\"101 mitmev\u00e4rvilist roosi\"[:ru]\" 101 \u0440\u0430\u0437\u043d\u043e\u0446\u0432\u0435\u0442\u043d\u0430\u044f \u0440\u043e\u0437\u0430 \"[:en]\"101 multi-colored roses\"[:] | Bonfortuno","robots":{"index":"index","follow":"follow","max-snippet":"max-snippet:-1","max-image-preview":"max-image-preview:large","max-video-preview":"max-video-preview:-1"},"canonical":"https:\/\/bonfortuno.eu\/toode\/101-mitmevarvilist-roosi\/","og_locale":"ru_RU","og_type":"article","og_title":"[:et]\"101 mitmev\u00e4rvilist roosi\"[:ru]\" 101 \u0440\u0430\u0437\u043d\u043e\u0446\u0432\u0435\u0442\u043d\u0430\u044f \u0440\u043e\u0437\u0430 \"[:en]\"101 multi-colored roses\"[:] | Bonfortuno","og_description":"[:et]Kallis roosikimp on veetlev elav nat\u00fc\u00fcrmort, mis tekitab k\u00f5ige \u00fclevamaid emotsioone. Lillepoodid on spetsiaalselt valinud r\u00f5\u00f5msad v\u00e4rvid, et naisel, kellele see kimp kingitakse, oleks taevalik meeleolu. Kallis roosikimp on parim s\u00fcnnip\u00e4evakingitus, mis tuleb kindlasti huvitav ja d\u00fcnaamiline - l\u00f5ppude l\u00f5puks laetakse s\u00fcnnip\u00e4evalapsel kogu eelolevaks p\u00e4evaks lillede energia. Saate anda imelise s\u00e4rava kompositsiooni oma emale, vanaemale, \u00f5ele - neile inimestele, keda soovite kevadsoojusega soojendada. Punase spektri mahlased toonid roheliste lehtede taustal p\u00f5hjustavad kindlasti nende n\u00e4ol naeratusi.[:ru]\u0414\u043e\u0440\u043e\u0433\u043e\u0439 \u0431\u0443\u043a\u0435\u0442 \u0440\u043e\u0437 \u2013 \u0432\u043e\u0441\u0445\u0438\u0442\u0438\u0442\u0435\u043b\u044c\u043d\u044b\u0439 \u0436\u0438\u0432\u043e\u0439 \u043d\u0430\u0442\u044e\u0440\u043c\u043e\u0440\u0442, \u0432\u044b\u0437\u044b\u0432\u0430\u044e\u0449\u0438\u0439 \u0441\u0430\u043c\u044b\u0435 \u0432\u043e\u0437\u0432\u044b\u0448\u0435\u043d\u043d\u044b\u0435 \u044d\u043c\u043e\u0446\u0438\u0438. \u0424\u043b\u043e\u0440\u0438\u0441\u0442\u044b \u0441\u043f\u0435\u0446\u0438\u0430\u043b\u044c\u043d\u043e \u043f\u043e\u0434\u043e\u0431\u0440\u0430\u043b\u0438 \u0432\u0435\u0441\u0435\u043b\u044b\u0435 \u0446\u0432\u0435\u0442\u0430, \u0447\u0442\u043e\u0431\u044b \u0443 \u0436\u0435\u043d\u0449\u0438\u043d\u044b, \u043a\u043e\u0442\u043e\u0440\u043e\u0439 \u0432\u0440\u0443\u0447\u0430\u0442 \u044d\u0442\u043e\u0442 \u0431\u0443\u043a\u0435\u0442, \u043d\u0430\u0441\u0442\u0440\u043e\u0435\u043d\u0438\u0435 \u0432\u0437\u043b\u0435\u0442\u0435\u043b\u043e \u0434\u043e \u043d\u0435\u0431\u0435\u0441. \u0414\u043e\u0440\u043e\u0433\u043e\u0439 \u0431\u0443\u043a\u0435\u0442 \u0440\u043e\u0437 \u0441\u0442\u0430\u043d\u0435\u0442 \u043b\u0443\u0447\u0448\u0438\u043c \u043f\u043e\u0434\u0430\u0440\u043a\u043e\u043c \u043d\u0430 \u0434\u0435\u043d\u044c \u0440\u043e\u0436\u0434\u0435\u043d\u044c\u044f, \u043a\u043e\u0442\u043e\u0440\u044b\u0439 \u043e\u0431\u044f\u0437\u0430\u0442\u0435\u043b\u044c\u043d\u043e \u043f\u0440\u043e\u0439\u0434\u0435\u0442 \u0438\u043d\u0442\u0435\u0440\u0435\u0441\u043d\u043e \u0438 \u0434\u0438\u043d\u0430\u043c\u0438\u0447\u043d\u043e \u2013 \u0432\u0435\u0434\u044c \u0438\u043c\u0435\u043d\u0438\u043d\u043d\u0438\u0446\u0430 \u0437\u0430\u0440\u044f\u0434\u0438\u0442\u0441\u044f \u043e\u0442 \u0446\u0432\u0435\u0442\u043e\u0432 \u044d\u043d\u0435\u0440\u0433\u0438\u0435\u0439 \u043d\u0430 \u0446\u0435\u043b\u044b\u0439 \u0434\u0435\u043d\u044c \u0432\u043f\u0435\u0440\u0435\u0434. \u041f\u0440\u0435\u043a\u0440\u0430\u0441\u043d\u0443\u044e \u044f\u0440\u043a\u0443\u044e \u043a\u043e\u043c\u043f\u043e\u0437\u0438\u0446\u0438\u044e \u0432\u044b \u043c\u043e\u0436\u0435\u0442\u0435 \u043f\u043e\u0434\u0430\u0440\u0438\u0442\u044c \u043c\u0430\u043c\u0435, \u0431\u0430\u0431\u0443\u0448\u043a\u0435, \u0441\u0435\u0441\u0442\u0440\u0435 \u2013 \u0442\u0435\u043c \u043b\u044e\u0434\u044f\u043c, \u043a\u043e\u0442\u043e\u0440\u044b\u0445 \u0445\u043e\u0442\u0438\u0442\u0435 \u0441\u043e\u0433\u0440\u0435\u0442\u044c \u0432\u0435\u0441\u0435\u043d\u043d\u0438\u043c \u0442\u0435\u043f\u043b\u043e\u043c. \u0421\u043e\u0447\u043d\u044b\u0435 \u0442\u043e\u043d\u0430 \u043a\u0440\u0430\u0441\u043d\u043e\u0433\u043e \u0441\u043f\u0435\u043a\u0442\u0440\u0430 \u043d\u0430 \u0444\u043e\u043d\u0435 \u0437\u0435\u043b\u0435\u043d\u044b\u0445 \u043b\u0438\u0441\u0442\u044c\u0435\u0432 \u043e\u0431\u044f\u0437\u0430\u0442\u0435\u043b\u044c\u043d\u043e \u0432\u044b\u0437\u043e\u0432\u0443\u0442 \u043d\u0430 \u0438\u0445 \u043b\u0438\u0446\u0430\u0445 \u0443\u043b\u044b\u0431\u043a\u0438. [:en]An expensive bouquet of roses is a delightful living still life that evokes the most sublime emotions. Florists have specially selected cheerful colors so that the woman who will be presented with this bouquet will have a sky-high mood. An expensive bouquet of roses will be the best birthday present, which will surely be interesting and dynamic - after all, the birthday girl will be charged with energy from flowers for the whole day ahead. You can give a wonderful bright composition to your mother, grandmother, sister - those people whom you want to warm with spring warmth. The juicy tones of the red spectrum against the background of green leaves will surely cause smiles on their faces.[:]","og_url":"https:\/\/bonfortuno.eu\/toode\/101-mitmevarvilist-roosi\/","og_site_name":"Bonfortuno","og_image":[{"width":300,"height":300,"url":"https:\/\/bonfortuno.eu\/wp-content\/uploads\/2021\/08\/icon-5247.png","type":"image\/png"}],"twitter_card":"summary_large_image","twitter_misc":{"\u041f\u0440\u0438\u043c\u0435\u0440\u043d\u043e\u0435 \u0432\u0440\u0435\u043c\u044f \u0434\u043b\u044f \u0447\u0442\u0435\u043d\u0438\u044f":"1 \u043c\u0438\u043d\u0443\u0442\u0430"},"schema":{"@context":"https:\/\/schema.org","@graph":[{"@type":"WebPage","@id":"https:\/\/bonfortuno.eu\/toode\/101-mitmevarvilist-roosi\/","url":"https:\/\/bonfortuno.eu\/toode\/101-mitmevarvilist-roosi\/","name":"[:et]\"101 mitmev\u00e4rvilist roosi\"[:ru]\" 101 \u0440\u0430\u0437\u043d\u043e\u0446\u0432\u0435\u0442\u043d\u0430\u044f \u0440\u043e\u0437\u0430 \"[:en]\"101 multi-colored roses\"[:] | Bonfortuno","isPartOf":{"@id":"https:\/\/bonfortuno.eu\/ru\/#website"},"primaryImageOfPage":{"@id":"https:\/\/bonfortuno.eu\/toode\/101-mitmevarvilist-roosi\/#primaryimage"},"image":{"@id":"https:\/\/bonfortuno.eu\/toode\/101-mitmevarvilist-roosi\/#primaryimage"},"thumbnailUrl":"https:\/\/bonfortuno.eu\/wp-content\/uploads\/2021\/08\/icon-5247.png","datePublished":"2021-08-18T15:32:14+00:00","breadcrumb":{"@id":"https:\/\/bonfortuno.eu\/toode\/101-mitmevarvilist-roosi\/#breadcrumb"},"inLanguage":"ru-RU","potentialAction":[{"@type":"ReadAction","target":["https:\/\/bonfortuno.eu\/toode\/101-mitmevarvilist-roosi\/"]}]},{"@type":"ImageObject","inLanguage":"ru-RU","@id":"https:\/\/bonfortuno.eu\/toode\/101-mitmevarvilist-roosi\/#primaryimage","url":"https:\/\/bonfortuno.eu\/wp-content\/uploads\/2021\/08\/icon-5247.png","contentUrl":"https:\/\/bonfortuno.eu\/wp-content\/uploads\/2021\/08\/icon-5247.png","width":300,"height":300},{"@type":"BreadcrumbList","@id":"https:\/\/bonfortuno.eu\/toode\/101-mitmevarvilist-roosi\/#breadcrumb","itemListElement":[{"@type":"ListItem","position":1,"name":"\u0413\u043b\u0430\u0432\u043d\u0430\u044f \u0441\u0442\u0440\u0430\u043d\u0438\u0446\u0430","item":"https:\/\/bonfortuno.eu\/"},{"@type":"ListItem","position":2,"name":"\u041c\u0430\u0433\u0430\u0437\u0438\u043d","item":"https:\/\/bonfortuno.eu\/"},{"@type":"ListItem","position":3,"name":"&#8220;101 mitmev\u00e4rvilist roosi&#8221;"}]},{"@type":"WebSite","@id":"https:\/\/bonfortuno.eu\/ru\/#website","url":"https:\/\/bonfortuno.eu\/ru\/","name":"Bonfortuno","description":"\u0414\u043e\u0431\u0440\u043e \u043f\u043e\u0436\u0430\u043b\u043e\u0432\u0430\u0442\u044c \u0432 \u043c\u0438\u0440 \u0441\u0432\u0435\u0436\u0438\u0445 \u0446\u0432\u0435\u0442\u043e\u0432","potentialAction":[{"@type":"SearchAction","target":{"@type":"EntryPoint","urlTemplate":"https:\/\/bonfortuno.eu\/ru\/?s={search_term_string}"},"query-input":{"@type":"PropertyValueSpecification","valueRequired":true,"valueName":"search_term_string"}}],"inLanguage":"ru-RU"}]}},"_links":{"self":[{"href":"https:\/\/bonfortuno.eu\/ru\/wp-json\/wp\/v2\/product\/3382","targetHints":{"allow":["GET"]}}],"collection":[{"href":"https:\/\/bonfortuno.eu\/ru\/wp-json\/wp\/v2\/product"}],"about":[{"href":"https:\/\/bonfortuno.eu\/ru\/wp-json\/wp\/v2\/types\/product"}],"wp:featuredmedia":[{"embeddable":true,"href":"https:\/\/bonfortuno.eu\/ru\/wp-json\/wp\/v2\/media\/3298"}],"wp:attachment":[{"href":"https:\/\/bonfortuno.eu\/ru\/wp-json\/wp\/v2\/media?parent=3382"}],"wp:term":[{"taxonomy":"product_brand","embeddable":true,"href":"https:\/\/bonfortuno.eu\/ru\/wp-json\/wp\/v2\/product_brand?post=3382"},{"taxonomy":"product_cat","embeddable":true,"href":"https:\/\/bonfortuno.eu\/ru\/wp-json\/wp\/v2\/product_cat?post=3382"},{"taxonomy":"product_tag","embeddable":true,"href":"https:\/\/bonfortuno.eu\/ru\/wp-json\/wp\/v2\/product_tag?post=3382"}],"curies":[{"name":"wp","href":"https:\/\/api.w.org\/{rel}","templated":true}]}}