{"id":3383,"date":"2021-08-18T18:44:18","date_gmt":"2021-08-18T15:44:18","guid":{"rendered":"https:\/\/bonfortuno.eu\/?post_type=product&#038;p=3383"},"modified":"2021-08-18T18:44:19","modified_gmt":"2021-08-18T15:44:19","slug":"25-punast-roosi","status":"publish","type":"product","link":"https:\/\/bonfortuno.eu\/ru\/toode\/25-punast-roosi\/","title":{"rendered":"&#187; 25 \u043a\u0440\u0430\u0441\u043d\u044b\u0445 \u0440\u043e\u0437 &#171;"},"content":{"rendered":"<p>\u041a\u0440\u0430\u0441\u043d\u044b\u0435  \u0440\u043e\u0437\u044b &#8212; \u044d\u0442\u043e \u043e\u0440\u0438\u0433\u0438\u043d\u0430\u043b\u044c\u043d\u044b\u0439 \u0431\u0443\u043a\u0435\u0442 \u0441\u0438\u043b\u044c\u043d\u0435\u0435 \u0434\u0440\u0443\u0433\u0438\u0445 \u043f\u043e\u0434\u0430\u0440\u043a\u043e\u0432 \u0441\u043f\u043e\u0441\u043e\u0431\u0435\u043d \u0432\u0437\u0432\u043e\u043b\u043d\u043e\u0432\u0430\u0442\u044c \u0447\u0443\u0432\u0441\u0442\u0432\u0430. \u041d\u0435\u0434\u0430\u0440\u043e\u043c \u044d\u0442\u0438 \u043a\u0440\u0430\u0441\u0430\u0432\u0438\u0446\u044b \u0440\u043e\u0437\u044b \u0432\u0434\u043e\u0445\u043d\u043e\u0432\u0438\u043b\u0438 \u043f\u043e\u044d\u0442\u043e\u0432 \u043d\u0430 \u0441\u043e\u0437\u0434\u0430\u043d\u0438\u0435 \u0441\u0432\u043e\u0438\u0445 \u043f\u0435\u0441\u0435\u043d \u043e \u043b\u044e\u0431\u0432\u0438. \u0414\u0438\u0432\u043d\u044b\u0439 \u0437\u0430\u043f\u0430\u0445, \u0438\u0445 \u0432\u0435\u043b\u0438\u0447\u0430\u0432\u0430\u044f \u0441\u0442\u0430\u0442\u044c \u0438 \u043f\u0435\u0440\u0435\u043b\u0438\u0432\u044b \u043f\u0443\u0440\u043f\u0443\u0440\u043d\u044b\u0445 \u043b\u0435\u043f\u0435\u0441\u0442\u043a\u043e\u0432, \u043f\u043e\u0445\u043e\u0436\u0438\u0445 \u043d\u0430 \u0438\u0441\u043a\u0440\u044f\u0449\u0438\u0435\u0441\u044f \u0434\u0440\u0430\u0433\u043e\u0446\u0435\u043d\u043d\u044b\u0435 \u043a\u0430\u043c\u043d\u0438,\u2212 \u0432\u0441\u0451 \u044d\u0442\u043e \u043f\u0440\u0438\u0434\u0430\u0451\u0442 \u0431\u0443\u043a\u0435\u0442\u0443 \u0438\u0437 \u043a\u0440\u0430\u0441\u043d\u044b\u0445  \u0440\u043e\u0437 \u043e\u0441\u043e\u0431\u0435\u043d\u043d\u044b\u0439 \u0441\u0442\u0430\u0442\u0443\u0441. \u042f\u0440\u043a\u043e\u0441\u0442\u044c \u0438 \u0442\u043e\u0440\u0436\u0435\u0441\u0442\u0432\u0435\u043d\u043d\u043e\u0441\u0442\u044c \u0446\u0432\u0435\u0442\u043e\u0447\u043d\u043e\u0439 \u043a\u043e\u043c\u043f\u043e\u0437\u0438\u0446\u0438\u0438 \u0441\u0442\u0430\u043d\u0435\u0442 \u0437\u0430\u043c\u0435\u0447\u0430\u0442\u0435\u043b\u044c\u043d\u044b\u043c \u043f\u043e\u0434\u0430\u0440\u043a\u043e\u043c \u0434\u043b\u044f \u043d\u0435\u043e\u0440\u0434\u0438\u043d\u0430\u0440\u043d\u044b\u0445 \u043b\u0438\u0447\u043d\u043e\u0441\u0442\u0435\u0439 \u0432 \u0412\u0430\u0448\u0435\u043c \u043e\u043a\u0440\u0443\u0436\u0435\u043d\u0438\u0438. \u0411\u0443\u043a\u0435\u0442 \u0441\u0432\u043e\u0435\u0439 \u0432\u043d\u0443\u0442\u0440\u0435\u043d\u043d\u0435\u0439 \u0441\u0438\u043b\u043e\u0439 \u0438 \u0442\u043e\u043d\u043a\u0438\u043c \u0431\u043b\u0430\u0433\u043e\u0443\u0445\u0430\u043d\u0438\u0435\u043c \u0434\u043e\u0431\u0430\u0432\u0438\u0442 \u0443\u0432\u0435\u0440\u0435\u043d\u043d\u043e\u0441\u0442\u0438 \u0432 \u0441\u0435\u0431\u0435, \u0447\u0442\u043e\u0431\u044b \u043f\u0440\u0435\u043f\u043e\u0434\u043d\u0435\u0441\u0442\u0438 \u0435\u0433\u043e \u043e\u0447\u0430\u0440\u043e\u0432\u0430\u0442\u0435\u043b\u044c\u043d\u043e\u0439 \u043b\u0435\u0434\u0438 \u043f\u043e \u043a\u0430\u043a\u043e\u043c\u0443-\u043b\u0438\u0431\u043e \u043f\u043e\u0434\u0445\u043e\u0434\u044f\u0449\u0435\u043c\u0443 \u0441\u043b\u0443\u0447\u0430\u044e.<\/p>","protected":false},"excerpt":{"rendered":"<p>\u041a\u0440\u0430\u0441\u043d\u044b\u0435  \u0440\u043e\u0437\u044b &#8212; \u044d\u0442\u043e \u043e\u0440\u0438\u0433\u0438\u043d\u0430\u043b\u044c\u043d\u044b\u0439 \u0431\u0443\u043a\u0435\u0442 \u0441\u0438\u043b\u044c\u043d\u0435\u0435 \u0434\u0440\u0443\u0433\u0438\u0445 \u043f\u043e\u0434\u0430\u0440\u043a\u043e\u0432 \u0441\u043f\u043e\u0441\u043e\u0431\u0435\u043d \u0432\u0437\u0432\u043e\u043b\u043d\u043e\u0432\u0430\u0442\u044c \u0447\u0443\u0432\u0441\u0442\u0432\u0430. \u041d\u0435\u0434\u0430\u0440\u043e\u043c \u044d\u0442\u0438 \u043a\u0440\u0430\u0441\u0430\u0432\u0438\u0446\u044b \u0440\u043e\u0437\u044b \u0432\u0434\u043e\u0445\u043d\u043e\u0432\u0438\u043b\u0438 \u043f\u043e\u044d\u0442\u043e\u0432 \u043d\u0430 \u0441\u043e\u0437\u0434\u0430\u043d\u0438\u0435 \u0441\u0432\u043e\u0438\u0445 \u043f\u0435\u0441\u0435\u043d \u043e \u043b\u044e\u0431\u0432\u0438. \u0414\u0438\u0432\u043d\u044b\u0439 \u0437\u0430\u043f\u0430\u0445, \u0438\u0445 \u0432\u0435\u043b\u0438\u0447\u0430\u0432\u0430\u044f \u0441\u0442\u0430\u0442\u044c \u0438 \u043f\u0435\u0440\u0435\u043b\u0438\u0432\u044b \u043f\u0443\u0440\u043f\u0443\u0440\u043d\u044b\u0445 \u043b\u0435\u043f\u0435\u0441\u0442\u043a\u043e\u0432, \u043f\u043e\u0445\u043e\u0436\u0438\u0445 \u043d\u0430 \u0438\u0441\u043a\u0440\u044f\u0449\u0438\u0435\u0441\u044f \u0434\u0440\u0430\u0433\u043e\u0446\u0435\u043d\u043d\u044b\u0435 \u043a\u0430\u043c\u043d\u0438,\u2212 \u0432\u0441\u0451 \u044d\u0442\u043e \u043f\u0440\u0438\u0434\u0430\u0451\u0442 \u0431\u0443\u043a\u0435\u0442\u0443 \u0438\u0437 \u043a\u0440\u0430\u0441\u043d\u044b\u0445  \u0440\u043e\u0437 \u043e\u0441\u043e\u0431\u0435\u043d\u043d\u044b\u0439 \u0441\u0442\u0430\u0442\u0443\u0441. \u042f\u0440\u043a\u043e\u0441\u0442\u044c \u0438 \u0442\u043e\u0440\u0436\u0435\u0441\u0442\u0432\u0435\u043d\u043d\u043e\u0441\u0442\u044c \u0446\u0432\u0435\u0442\u043e\u0447\u043d\u043e\u0439 \u043a\u043e\u043c\u043f\u043e\u0437\u0438\u0446\u0438\u0438 \u0441\u0442\u0430\u043d\u0435\u0442 \u0437\u0430\u043c\u0435\u0447\u0430\u0442\u0435\u043b\u044c\u043d\u044b\u043c \u043f\u043e\u0434\u0430\u0440\u043a\u043e\u043c \u0434\u043b\u044f \u043d\u0435\u043e\u0440\u0434\u0438\u043d\u0430\u0440\u043d\u044b\u0445 \u043b\u0438\u0447\u043d\u043e\u0441\u0442\u0435\u0439 \u0432 \u0412\u0430\u0448\u0435\u043c \u043e\u043a\u0440\u0443\u0436\u0435\u043d\u0438\u0438. \u0411\u0443\u043a\u0435\u0442 \u0441\u0432\u043e\u0435\u0439 \u0432\u043d\u0443\u0442\u0440\u0435\u043d\u043d\u0435\u0439 \u0441\u0438\u043b\u043e\u0439 \u0438 \u0442\u043e\u043d\u043a\u0438\u043c \u0431\u043b\u0430\u0433\u043e\u0443\u0445\u0430\u043d\u0438\u0435\u043c \u0434\u043e\u0431\u0430\u0432\u0438\u0442 \u0443\u0432\u0435\u0440\u0435\u043d\u043d\u043e\u0441\u0442\u0438 \u0432 \u0441\u0435\u0431\u0435, \u0447\u0442\u043e\u0431\u044b \u043f\u0440\u0435\u043f\u043e\u0434\u043d\u0435\u0441\u0442\u0438 \u0435\u0433\u043e \u043e\u0447\u0430\u0440\u043e\u0432\u0430\u0442\u0435\u043b\u044c\u043d\u043e\u0439 \u043b\u0435\u0434\u0438 \u043f\u043e \u043a\u0430\u043a\u043e\u043c\u0443-\u043b\u0438\u0431\u043e \u043f\u043e\u0434\u0445\u043e\u0434\u044f\u0449\u0435\u043c\u0443 \u0441\u043b\u0443\u0447\u0430\u044e.<\/p>\n","protected":false},"featured_media":3299,"template":"","meta":[],"product_brand":[],"product_cat":[76,30],"product_tag":[],"class_list":{"0":"post-3383","1":"product","2":"type-product","3":"status-publish","4":"has-post-thumbnail","6":"product_cat-koik-tooted","7":"product_cat-lillekimbud","9":"first","10":"instock","11":"shipping-taxable","12":"purchasable","13":"product-type-simple"},"yoast_head":"<!-- This site is optimized with the Yoast SEO plugin v27.3 - https:\/\/yoast.com\/product\/yoast-seo-wordpress\/ -->\n<title>&quot; 25 \u043a\u0440\u0430\u0441\u043d\u044b\u0445 \u0440\u043e\u0437 &quot; | Bonfortuno<\/title>\n<meta name=\"robots\" content=\"index, follow, max-snippet:-1, max-image-preview:large, max-video-preview:-1\" \/>\n<link rel=\"canonical\" href=\"https:\/\/bonfortuno.eu\/toode\/25-punast-roosi\/\" \/>\n<meta property=\"og:locale\" content=\"ru_RU\" \/>\n<meta property=\"og:type\" content=\"article\" \/>\n<meta property=\"og:title\" content=\"[:et]&quot;25 punast roosi&quot;[:ru]&quot; 25 \u043a\u0440\u0430\u0441\u043d\u044b\u0445 \u0440\u043e\u0437 &quot;[:en]&quot;25 red roses&quot;[:] | Bonfortuno\" \/>\n<meta property=\"og:description\" content=\"[:et]Punased roosid - see originaalne kimp on v\u00f5imsam kui muud kingitused, mis v\u00f5ivad meeli erutada. Pole ime, et need rooside kaunitarid inspireerisid luuletajaid oma armastuslaule looma. Imeline l\u00f5hn, nende v\u00e4\u00e4rikas olemus ja lillade kroonlehtede m\u00e4ng, mis sarnaneb s\u00e4delevate v\u00e4\u00e4riskividega - k\u00f5ik see annab punaste rooside kimbu erilise staatuse. Lilleseade heledus ja pidulikkus on suurep\u00e4rane kingitus teie keskkonna erakordsetele isiksustele. Kimp oma sisemise tugevuse ja peene aroomiga lisab enesekindlust, et esitleda seda v\u00f5luval daamil igal sobival juhul.[:ru]\u041a\u0440\u0430\u0441\u043d\u044b\u0435 \u0440\u043e\u0437\u044b - \u044d\u0442\u043e \u043e\u0440\u0438\u0433\u0438\u043d\u0430\u043b\u044c\u043d\u044b\u0439 \u0431\u0443\u043a\u0435\u0442 \u0441\u0438\u043b\u044c\u043d\u0435\u0435 \u0434\u0440\u0443\u0433\u0438\u0445 \u043f\u043e\u0434\u0430\u0440\u043a\u043e\u0432 \u0441\u043f\u043e\u0441\u043e\u0431\u0435\u043d \u0432\u0437\u0432\u043e\u043b\u043d\u043e\u0432\u0430\u0442\u044c \u0447\u0443\u0432\u0441\u0442\u0432\u0430. \u041d\u0435\u0434\u0430\u0440\u043e\u043c \u044d\u0442\u0438 \u043a\u0440\u0430\u0441\u0430\u0432\u0438\u0446\u044b \u0440\u043e\u0437\u044b \u0432\u0434\u043e\u0445\u043d\u043e\u0432\u0438\u043b\u0438 \u043f\u043e\u044d\u0442\u043e\u0432 \u043d\u0430 \u0441\u043e\u0437\u0434\u0430\u043d\u0438\u0435 \u0441\u0432\u043e\u0438\u0445 \u043f\u0435\u0441\u0435\u043d \u043e \u043b\u044e\u0431\u0432\u0438. \u0414\u0438\u0432\u043d\u044b\u0439 \u0437\u0430\u043f\u0430\u0445, \u0438\u0445 \u0432\u0435\u043b\u0438\u0447\u0430\u0432\u0430\u044f \u0441\u0442\u0430\u0442\u044c \u0438 \u043f\u0435\u0440\u0435\u043b\u0438\u0432\u044b \u043f\u0443\u0440\u043f\u0443\u0440\u043d\u044b\u0445 \u043b\u0435\u043f\u0435\u0441\u0442\u043a\u043e\u0432, \u043f\u043e\u0445\u043e\u0436\u0438\u0445 \u043d\u0430 \u0438\u0441\u043a\u0440\u044f\u0449\u0438\u0435\u0441\u044f \u0434\u0440\u0430\u0433\u043e\u0446\u0435\u043d\u043d\u044b\u0435 \u043a\u0430\u043c\u043d\u0438,\u2212 \u0432\u0441\u0451 \u044d\u0442\u043e \u043f\u0440\u0438\u0434\u0430\u0451\u0442 \u0431\u0443\u043a\u0435\u0442\u0443 \u0438\u0437 \u043a\u0440\u0430\u0441\u043d\u044b\u0445 \u0440\u043e\u0437 \u043e\u0441\u043e\u0431\u0435\u043d\u043d\u044b\u0439 \u0441\u0442\u0430\u0442\u0443\u0441. \u042f\u0440\u043a\u043e\u0441\u0442\u044c \u0438 \u0442\u043e\u0440\u0436\u0435\u0441\u0442\u0432\u0435\u043d\u043d\u043e\u0441\u0442\u044c \u0446\u0432\u0435\u0442\u043e\u0447\u043d\u043e\u0439 \u043a\u043e\u043c\u043f\u043e\u0437\u0438\u0446\u0438\u0438 \u0441\u0442\u0430\u043d\u0435\u0442 \u0437\u0430\u043c\u0435\u0447\u0430\u0442\u0435\u043b\u044c\u043d\u044b\u043c \u043f\u043e\u0434\u0430\u0440\u043a\u043e\u043c \u0434\u043b\u044f \u043d\u0435\u043e\u0440\u0434\u0438\u043d\u0430\u0440\u043d\u044b\u0445 \u043b\u0438\u0447\u043d\u043e\u0441\u0442\u0435\u0439 \u0432 \u0412\u0430\u0448\u0435\u043c \u043e\u043a\u0440\u0443\u0436\u0435\u043d\u0438\u0438. \u0411\u0443\u043a\u0435\u0442 \u0441\u0432\u043e\u0435\u0439 \u0432\u043d\u0443\u0442\u0440\u0435\u043d\u043d\u0435\u0439 \u0441\u0438\u043b\u043e\u0439 \u0438 \u0442\u043e\u043d\u043a\u0438\u043c \u0431\u043b\u0430\u0433\u043e\u0443\u0445\u0430\u043d\u0438\u0435\u043c \u0434\u043e\u0431\u0430\u0432\u0438\u0442 \u0443\u0432\u0435\u0440\u0435\u043d\u043d\u043e\u0441\u0442\u0438 \u0432 \u0441\u0435\u0431\u0435, \u0447\u0442\u043e\u0431\u044b \u043f\u0440\u0435\u043f\u043e\u0434\u043d\u0435\u0441\u0442\u0438 \u0435\u0433\u043e \u043e\u0447\u0430\u0440\u043e\u0432\u0430\u0442\u0435\u043b\u044c\u043d\u043e\u0439 \u043b\u0435\u0434\u0438 \u043f\u043e \u043a\u0430\u043a\u043e\u043c\u0443-\u043b\u0438\u0431\u043e \u043f\u043e\u0434\u0445\u043e\u0434\u044f\u0449\u0435\u043c\u0443 \u0441\u043b\u0443\u0447\u0430\u044e.[:en]Red roses - this original bouquet is more powerful than other gifts that can excite the senses. No wonder these beauties of roses inspired poets to create their love songs. The wonderful smell, their stately become and the play of purple petals, similar to sparkling precious stones - all this gives the bouquet of red roses a special status. The brightness and solemnity of the flower arrangement will be a wonderful gift for extraordinary personalities in your environment. The bouquet, with its inner strength and subtle fragrance, will add self-confidence to present it to a charming lady on any suitable occasion.[:]\" \/>\n<meta property=\"og:url\" content=\"https:\/\/bonfortuno.eu\/toode\/25-punast-roosi\/\" \/>\n<meta property=\"og:site_name\" content=\"Bonfortuno\" \/>\n<meta property=\"article:modified_time\" content=\"2021-08-18T15:44:19+00:00\" \/>\n<meta property=\"og:image\" content=\"https:\/\/bonfortuno.eu\/wp-content\/uploads\/2021\/08\/images-4.jpeg\" \/>\n\t<meta property=\"og:image:width\" content=\"225\" \/>\n\t<meta property=\"og:image:height\" content=\"225\" \/>\n\t<meta property=\"og:image:type\" content=\"image\/jpeg\" \/>\n<meta name=\"twitter:card\" content=\"summary_large_image\" \/>\n<meta name=\"twitter:label1\" content=\"\u041f\u0440\u0438\u043c\u0435\u0440\u043d\u043e\u0435 \u0432\u0440\u0435\u043c\u044f \u0434\u043b\u044f \u0447\u0442\u0435\u043d\u0438\u044f\" \/>\n\t<meta name=\"twitter:data1\" content=\"1 \u043c\u0438\u043d\u0443\u0442\u0430\" \/>\n<script type=\"application\/ld+json\" class=\"yoast-schema-graph\">{\"@context\":\"https:\\\/\\\/schema.org\",\"@graph\":[{\"@type\":\"WebPage\",\"@id\":\"https:\\\/\\\/bonfortuno.eu\\\/toode\\\/25-punast-roosi\\\/\",\"url\":\"https:\\\/\\\/bonfortuno.eu\\\/toode\\\/25-punast-roosi\\\/\",\"name\":\"[:et]\\\"25 punast roosi\\\"[:ru]\\\" 25 \u043a\u0440\u0430\u0441\u043d\u044b\u0445 \u0440\u043e\u0437 \\\"[:en]\\\"25 red roses\\\"[:] | Bonfortuno\",\"isPartOf\":{\"@id\":\"https:\\\/\\\/bonfortuno.eu\\\/ru\\\/#website\"},\"primaryImageOfPage\":{\"@id\":\"https:\\\/\\\/bonfortuno.eu\\\/toode\\\/25-punast-roosi\\\/#primaryimage\"},\"image\":{\"@id\":\"https:\\\/\\\/bonfortuno.eu\\\/toode\\\/25-punast-roosi\\\/#primaryimage\"},\"thumbnailUrl\":\"https:\\\/\\\/bonfortuno.eu\\\/wp-content\\\/uploads\\\/2021\\\/08\\\/images-4.jpeg\",\"datePublished\":\"2021-08-18T15:44:18+00:00\",\"dateModified\":\"2021-08-18T15:44:19+00:00\",\"breadcrumb\":{\"@id\":\"https:\\\/\\\/bonfortuno.eu\\\/toode\\\/25-punast-roosi\\\/#breadcrumb\"},\"inLanguage\":\"ru-RU\",\"potentialAction\":[{\"@type\":\"ReadAction\",\"target\":[\"https:\\\/\\\/bonfortuno.eu\\\/toode\\\/25-punast-roosi\\\/\"]}]},{\"@type\":\"ImageObject\",\"inLanguage\":\"ru-RU\",\"@id\":\"https:\\\/\\\/bonfortuno.eu\\\/toode\\\/25-punast-roosi\\\/#primaryimage\",\"url\":\"https:\\\/\\\/bonfortuno.eu\\\/wp-content\\\/uploads\\\/2021\\\/08\\\/images-4.jpeg\",\"contentUrl\":\"https:\\\/\\\/bonfortuno.eu\\\/wp-content\\\/uploads\\\/2021\\\/08\\\/images-4.jpeg\",\"width\":225,\"height\":225},{\"@type\":\"BreadcrumbList\",\"@id\":\"https:\\\/\\\/bonfortuno.eu\\\/toode\\\/25-punast-roosi\\\/#breadcrumb\",\"itemListElement\":[{\"@type\":\"ListItem\",\"position\":1,\"name\":\"\u0413\u043b\u0430\u0432\u043d\u0430\u044f \u0441\u0442\u0440\u0430\u043d\u0438\u0446\u0430\",\"item\":\"https:\\\/\\\/bonfortuno.eu\\\/\"},{\"@type\":\"ListItem\",\"position\":2,\"name\":\"\u041c\u0430\u0433\u0430\u0437\u0438\u043d\",\"item\":\"https:\\\/\\\/bonfortuno.eu\\\/\"},{\"@type\":\"ListItem\",\"position\":3,\"name\":\"&#8220;25 punast roosi&#8221;\"}]},{\"@type\":\"WebSite\",\"@id\":\"https:\\\/\\\/bonfortuno.eu\\\/ru\\\/#website\",\"url\":\"https:\\\/\\\/bonfortuno.eu\\\/ru\\\/\",\"name\":\"Bonfortuno\",\"description\":\"\u0414\u043e\u0431\u0440\u043e \u043f\u043e\u0436\u0430\u043b\u043e\u0432\u0430\u0442\u044c \u0432 \u043c\u0438\u0440 \u0441\u0432\u0435\u0436\u0438\u0445 \u0446\u0432\u0435\u0442\u043e\u0432\",\"potentialAction\":[{\"@type\":\"SearchAction\",\"target\":{\"@type\":\"EntryPoint\",\"urlTemplate\":\"https:\\\/\\\/bonfortuno.eu\\\/ru\\\/?s={search_term_string}\"},\"query-input\":{\"@type\":\"PropertyValueSpecification\",\"valueRequired\":true,\"valueName\":\"search_term_string\"}}],\"inLanguage\":\"ru-RU\"}]}<\/script>\n<!-- \/ Yoast SEO plugin. -->","yoast_head_json":{"title":"[:et]\"25 punast roosi\"[:ru]\" 25 \u043a\u0440\u0430\u0441\u043d\u044b\u0445 \u0440\u043e\u0437 \"[:en]\"25 red roses\"[:] | Bonfortuno","robots":{"index":"index","follow":"follow","max-snippet":"max-snippet:-1","max-image-preview":"max-image-preview:large","max-video-preview":"max-video-preview:-1"},"canonical":"https:\/\/bonfortuno.eu\/toode\/25-punast-roosi\/","og_locale":"ru_RU","og_type":"article","og_title":"[:et]\"25 punast roosi\"[:ru]\" 25 \u043a\u0440\u0430\u0441\u043d\u044b\u0445 \u0440\u043e\u0437 \"[:en]\"25 red roses\"[:] | Bonfortuno","og_description":"[:et]Punased roosid - see originaalne kimp on v\u00f5imsam kui muud kingitused, mis v\u00f5ivad meeli erutada. Pole ime, et need rooside kaunitarid inspireerisid luuletajaid oma armastuslaule looma. Imeline l\u00f5hn, nende v\u00e4\u00e4rikas olemus ja lillade kroonlehtede m\u00e4ng, mis sarnaneb s\u00e4delevate v\u00e4\u00e4riskividega - k\u00f5ik see annab punaste rooside kimbu erilise staatuse. Lilleseade heledus ja pidulikkus on suurep\u00e4rane kingitus teie keskkonna erakordsetele isiksustele. Kimp oma sisemise tugevuse ja peene aroomiga lisab enesekindlust, et esitleda seda v\u00f5luval daamil igal sobival juhul.[:ru]\u041a\u0440\u0430\u0441\u043d\u044b\u0435 \u0440\u043e\u0437\u044b - \u044d\u0442\u043e \u043e\u0440\u0438\u0433\u0438\u043d\u0430\u043b\u044c\u043d\u044b\u0439 \u0431\u0443\u043a\u0435\u0442 \u0441\u0438\u043b\u044c\u043d\u0435\u0435 \u0434\u0440\u0443\u0433\u0438\u0445 \u043f\u043e\u0434\u0430\u0440\u043a\u043e\u0432 \u0441\u043f\u043e\u0441\u043e\u0431\u0435\u043d \u0432\u0437\u0432\u043e\u043b\u043d\u043e\u0432\u0430\u0442\u044c \u0447\u0443\u0432\u0441\u0442\u0432\u0430. \u041d\u0435\u0434\u0430\u0440\u043e\u043c \u044d\u0442\u0438 \u043a\u0440\u0430\u0441\u0430\u0432\u0438\u0446\u044b \u0440\u043e\u0437\u044b \u0432\u0434\u043e\u0445\u043d\u043e\u0432\u0438\u043b\u0438 \u043f\u043e\u044d\u0442\u043e\u0432 \u043d\u0430 \u0441\u043e\u0437\u0434\u0430\u043d\u0438\u0435 \u0441\u0432\u043e\u0438\u0445 \u043f\u0435\u0441\u0435\u043d \u043e \u043b\u044e\u0431\u0432\u0438. \u0414\u0438\u0432\u043d\u044b\u0439 \u0437\u0430\u043f\u0430\u0445, \u0438\u0445 \u0432\u0435\u043b\u0438\u0447\u0430\u0432\u0430\u044f \u0441\u0442\u0430\u0442\u044c \u0438 \u043f\u0435\u0440\u0435\u043b\u0438\u0432\u044b \u043f\u0443\u0440\u043f\u0443\u0440\u043d\u044b\u0445 \u043b\u0435\u043f\u0435\u0441\u0442\u043a\u043e\u0432, \u043f\u043e\u0445\u043e\u0436\u0438\u0445 \u043d\u0430 \u0438\u0441\u043a\u0440\u044f\u0449\u0438\u0435\u0441\u044f \u0434\u0440\u0430\u0433\u043e\u0446\u0435\u043d\u043d\u044b\u0435 \u043a\u0430\u043c\u043d\u0438,\u2212 \u0432\u0441\u0451 \u044d\u0442\u043e \u043f\u0440\u0438\u0434\u0430\u0451\u0442 \u0431\u0443\u043a\u0435\u0442\u0443 \u0438\u0437 \u043a\u0440\u0430\u0441\u043d\u044b\u0445 \u0440\u043e\u0437 \u043e\u0441\u043e\u0431\u0435\u043d\u043d\u044b\u0439 \u0441\u0442\u0430\u0442\u0443\u0441. \u042f\u0440\u043a\u043e\u0441\u0442\u044c \u0438 \u0442\u043e\u0440\u0436\u0435\u0441\u0442\u0432\u0435\u043d\u043d\u043e\u0441\u0442\u044c \u0446\u0432\u0435\u0442\u043e\u0447\u043d\u043e\u0439 \u043a\u043e\u043c\u043f\u043e\u0437\u0438\u0446\u0438\u0438 \u0441\u0442\u0430\u043d\u0435\u0442 \u0437\u0430\u043c\u0435\u0447\u0430\u0442\u0435\u043b\u044c\u043d\u044b\u043c \u043f\u043e\u0434\u0430\u0440\u043a\u043e\u043c \u0434\u043b\u044f \u043d\u0435\u043e\u0440\u0434\u0438\u043d\u0430\u0440\u043d\u044b\u0445 \u043b\u0438\u0447\u043d\u043e\u0441\u0442\u0435\u0439 \u0432 \u0412\u0430\u0448\u0435\u043c \u043e\u043a\u0440\u0443\u0436\u0435\u043d\u0438\u0438. \u0411\u0443\u043a\u0435\u0442 \u0441\u0432\u043e\u0435\u0439 \u0432\u043d\u0443\u0442\u0440\u0435\u043d\u043d\u0435\u0439 \u0441\u0438\u043b\u043e\u0439 \u0438 \u0442\u043e\u043d\u043a\u0438\u043c \u0431\u043b\u0430\u0433\u043e\u0443\u0445\u0430\u043d\u0438\u0435\u043c \u0434\u043e\u0431\u0430\u0432\u0438\u0442 \u0443\u0432\u0435\u0440\u0435\u043d\u043d\u043e\u0441\u0442\u0438 \u0432 \u0441\u0435\u0431\u0435, \u0447\u0442\u043e\u0431\u044b \u043f\u0440\u0435\u043f\u043e\u0434\u043d\u0435\u0441\u0442\u0438 \u0435\u0433\u043e \u043e\u0447\u0430\u0440\u043e\u0432\u0430\u0442\u0435\u043b\u044c\u043d\u043e\u0439 \u043b\u0435\u0434\u0438 \u043f\u043e \u043a\u0430\u043a\u043e\u043c\u0443-\u043b\u0438\u0431\u043e \u043f\u043e\u0434\u0445\u043e\u0434\u044f\u0449\u0435\u043c\u0443 \u0441\u043b\u0443\u0447\u0430\u044e.[:en]Red roses - this original bouquet is more powerful than other gifts that can excite the senses. No wonder these beauties of roses inspired poets to create their love songs. The wonderful smell, their stately become and the play of purple petals, similar to sparkling precious stones - all this gives the bouquet of red roses a special status. The brightness and solemnity of the flower arrangement will be a wonderful gift for extraordinary personalities in your environment. The bouquet, with its inner strength and subtle fragrance, will add self-confidence to present it to a charming lady on any suitable occasion.[:]","og_url":"https:\/\/bonfortuno.eu\/toode\/25-punast-roosi\/","og_site_name":"Bonfortuno","article_modified_time":"2021-08-18T15:44:19+00:00","og_image":[{"width":225,"height":225,"url":"https:\/\/bonfortuno.eu\/wp-content\/uploads\/2021\/08\/images-4.jpeg","type":"image\/jpeg"}],"twitter_card":"summary_large_image","twitter_misc":{"\u041f\u0440\u0438\u043c\u0435\u0440\u043d\u043e\u0435 \u0432\u0440\u0435\u043c\u044f \u0434\u043b\u044f \u0447\u0442\u0435\u043d\u0438\u044f":"1 \u043c\u0438\u043d\u0443\u0442\u0430"},"schema":{"@context":"https:\/\/schema.org","@graph":[{"@type":"WebPage","@id":"https:\/\/bonfortuno.eu\/toode\/25-punast-roosi\/","url":"https:\/\/bonfortuno.eu\/toode\/25-punast-roosi\/","name":"[:et]\"25 punast roosi\"[:ru]\" 25 \u043a\u0440\u0430\u0441\u043d\u044b\u0445 \u0440\u043e\u0437 \"[:en]\"25 red roses\"[:] | Bonfortuno","isPartOf":{"@id":"https:\/\/bonfortuno.eu\/ru\/#website"},"primaryImageOfPage":{"@id":"https:\/\/bonfortuno.eu\/toode\/25-punast-roosi\/#primaryimage"},"image":{"@id":"https:\/\/bonfortuno.eu\/toode\/25-punast-roosi\/#primaryimage"},"thumbnailUrl":"https:\/\/bonfortuno.eu\/wp-content\/uploads\/2021\/08\/images-4.jpeg","datePublished":"2021-08-18T15:44:18+00:00","dateModified":"2021-08-18T15:44:19+00:00","breadcrumb":{"@id":"https:\/\/bonfortuno.eu\/toode\/25-punast-roosi\/#breadcrumb"},"inLanguage":"ru-RU","potentialAction":[{"@type":"ReadAction","target":["https:\/\/bonfortuno.eu\/toode\/25-punast-roosi\/"]}]},{"@type":"ImageObject","inLanguage":"ru-RU","@id":"https:\/\/bonfortuno.eu\/toode\/25-punast-roosi\/#primaryimage","url":"https:\/\/bonfortuno.eu\/wp-content\/uploads\/2021\/08\/images-4.jpeg","contentUrl":"https:\/\/bonfortuno.eu\/wp-content\/uploads\/2021\/08\/images-4.jpeg","width":225,"height":225},{"@type":"BreadcrumbList","@id":"https:\/\/bonfortuno.eu\/toode\/25-punast-roosi\/#breadcrumb","itemListElement":[{"@type":"ListItem","position":1,"name":"\u0413\u043b\u0430\u0432\u043d\u0430\u044f \u0441\u0442\u0440\u0430\u043d\u0438\u0446\u0430","item":"https:\/\/bonfortuno.eu\/"},{"@type":"ListItem","position":2,"name":"\u041c\u0430\u0433\u0430\u0437\u0438\u043d","item":"https:\/\/bonfortuno.eu\/"},{"@type":"ListItem","position":3,"name":"&#8220;25 punast roosi&#8221;"}]},{"@type":"WebSite","@id":"https:\/\/bonfortuno.eu\/ru\/#website","url":"https:\/\/bonfortuno.eu\/ru\/","name":"Bonfortuno","description":"\u0414\u043e\u0431\u0440\u043e \u043f\u043e\u0436\u0430\u043b\u043e\u0432\u0430\u0442\u044c \u0432 \u043c\u0438\u0440 \u0441\u0432\u0435\u0436\u0438\u0445 \u0446\u0432\u0435\u0442\u043e\u0432","potentialAction":[{"@type":"SearchAction","target":{"@type":"EntryPoint","urlTemplate":"https:\/\/bonfortuno.eu\/ru\/?s={search_term_string}"},"query-input":{"@type":"PropertyValueSpecification","valueRequired":true,"valueName":"search_term_string"}}],"inLanguage":"ru-RU"}]}},"_links":{"self":[{"href":"https:\/\/bonfortuno.eu\/ru\/wp-json\/wp\/v2\/product\/3383","targetHints":{"allow":["GET"]}}],"collection":[{"href":"https:\/\/bonfortuno.eu\/ru\/wp-json\/wp\/v2\/product"}],"about":[{"href":"https:\/\/bonfortuno.eu\/ru\/wp-json\/wp\/v2\/types\/product"}],"wp:featuredmedia":[{"embeddable":true,"href":"https:\/\/bonfortuno.eu\/ru\/wp-json\/wp\/v2\/media\/3299"}],"wp:attachment":[{"href":"https:\/\/bonfortuno.eu\/ru\/wp-json\/wp\/v2\/media?parent=3383"}],"wp:term":[{"taxonomy":"product_brand","embeddable":true,"href":"https:\/\/bonfortuno.eu\/ru\/wp-json\/wp\/v2\/product_brand?post=3383"},{"taxonomy":"product_cat","embeddable":true,"href":"https:\/\/bonfortuno.eu\/ru\/wp-json\/wp\/v2\/product_cat?post=3383"},{"taxonomy":"product_tag","embeddable":true,"href":"https:\/\/bonfortuno.eu\/ru\/wp-json\/wp\/v2\/product_tag?post=3383"}],"curies":[{"name":"wp","href":"https:\/\/api.w.org\/{rel}","templated":true}]}}