{"id":367,"date":"2018-05-11T00:48:44","date_gmt":"2018-05-10T21:48:44","guid":{"rendered":"https:\/\/bonfortuno.eu\/?post_type=product&#038;p=367"},"modified":"2022-01-13T13:55:41","modified_gmt":"2022-01-13T11:55:41","slug":"saatan-kannab-pradat","status":"publish","type":"product","link":"https:\/\/bonfortuno.eu\/ru\/toode\/saatan-kannab-pradat\/","title":{"rendered":"\u201c\u0414\u044c\u044f\u0432\u043e\u043b \u043d\u043e\u0441\u0438\u0442 \u041f\u0440\u0430\u0434\u0430\u201d"},"content":{"rendered":"","protected":false},"excerpt":{"rendered":"<p style=\"text-align: justify;\">\u041a\u0430\u043a \u0436\u0435\u0441\u0442 \u0441\u0442\u0440\u0430\u0441\u0442\u043d\u043e\u0439 \u043b\u044e\u0431\u0432\u0438, \u044d\u0442\u043e\u0442 \u0449\u0435\u0434\u0440\u044b\u0439 \u0431\u0443\u043a\u0435\u0442 \u0440\u0430\u0441\u0441\u043a\u0430\u0436\u0435\u0442 \u043e \u0442\u0432\u043e\u0438\u0445 \u0433\u043b\u0443\u0431\u043e\u043a\u0438\u0445 \u0447\u0443\u0432\u0441\u0442\u0432\u0430\u0445. \u041d\u0435 \u0441\u0442\u0435\u0441\u043d\u044f\u0439\u0441\u044f, \u0437\u0430\u043a\u0430\u0436\u0438 19 \u043a\u0440\u0430\u0441\u043d\u044b\u0445 \u0440\u043e\u0437 \u0443\u0436\u0435 \u0441\u0435\u0433\u043e\u0434\u043d\u044f. \u0414\u043b\u0438\u043d\u0430 \u0440\u043e\u0437\u044b 70 \u0441\u043c!<\/p>\n","protected":false},"featured_media":488,"template":"","meta":[],"product_brand":[],"product_cat":[76,30,32],"product_tag":[79,39],"class_list":{"0":"post-367","1":"product","2":"type-product","3":"status-publish","4":"has-post-thumbnail","6":"product_cat-koik-tooted","7":"product_cat-lillekimbud","8":"product_cat-roosid","9":"product_tag-keskmine","10":"product_tag-roosid","12":"first","13":"instock","14":"shipping-taxable","15":"purchasable","16":"product-type-simple"},"yoast_head":"<!-- This site is optimized with the Yoast SEO plugin v27.3 - https:\/\/yoast.com\/product\/yoast-seo-wordpress\/ -->\n<title>\u201c\u0414\u044c\u044f\u0432\u043e\u043b \u043d\u043e\u0441\u0438\u0442 \u041f\u0440\u0430\u0434\u0430\u201d | Bonfortuno<\/title>\n<meta name=\"robots\" content=\"index, follow, max-snippet:-1, max-image-preview:large, max-video-preview:-1\" \/>\n<link rel=\"canonical\" href=\"https:\/\/bonfortuno.eu\/toode\/saatan-kannab-pradat\/\" \/>\n<meta property=\"og:locale\" content=\"ru_RU\" \/>\n<meta property=\"og:type\" content=\"article\" \/>\n<meta property=\"og:title\" content=\"[:et]\u201cSaatan kannab Pradat\u201d[:ru]\u201c\u0414\u044c\u044f\u0432\u043e\u043b \u043d\u043e\u0441\u0438\u0442 \u041f\u0440\u0430\u0434\u0430\u201d[:en]\u201cDevil wears Prada\u201d[:] | Bonfortuno\" \/>\n<meta property=\"og:description\" content=\"[:et]See helde kimp s\u00fcmboliseerib kirgliku armastust ja r\u00e4\u00e4gib sinu s\u00fcgavatest tunnetest. \u00c4ra ole h\u00e4belik, telli 19 v\u00f5imsat punast roosi juba t\u00e4na. Selles kimbus on 19 elegantset burgundi roosi pikkusega 70 cm.[:ru]\u041a\u0430\u043a \u0436\u0435\u0441\u0442 \u0441\u0442\u0440\u0430\u0441\u0442\u043d\u043e\u0439 \u043b\u044e\u0431\u0432\u0438, \u044d\u0442\u043e\u0442 \u0449\u0435\u0434\u0440\u044b\u0439 \u0431\u0443\u043a\u0435\u0442 \u0440\u0430\u0441\u0441\u043a\u0430\u0436\u0435\u0442 \u043e \u0442\u0432\u043e\u0438\u0445 \u0433\u043b\u0443\u0431\u043e\u043a\u0438\u0445 \u0447\u0443\u0432\u0441\u0442\u0432\u0430\u0445. \u041d\u0435 \u0441\u0442\u0435\u0441\u043d\u044f\u0439\u0441\u044f, \u0437\u0430\u043a\u0430\u0436\u0438 19 \u043a\u0440\u0430\u0441\u043d\u044b\u0445 \u0440\u043e\u0437 \u0443\u0436\u0435 \u0441\u0435\u0433\u043e\u0434\u043d\u044f. \u0414\u043b\u0438\u043d\u0430 \u0440\u043e\u0437\u044b 70 \u0441\u043c![:en]The quintessential gesture of passionate love, this generous bouquet is anything but bashful. Order 19 extraordinary 70cm red roses to display your affection. [:]\" \/>\n<meta property=\"og:url\" content=\"https:\/\/bonfortuno.eu\/toode\/saatan-kannab-pradat\/\" \/>\n<meta property=\"og:site_name\" content=\"Bonfortuno\" \/>\n<meta property=\"article:modified_time\" content=\"2022-01-13T11:55:41+00:00\" \/>\n<meta property=\"og:image\" content=\"https:\/\/bonfortuno.eu\/wp-content\/uploads\/2018\/05\/4-min.jpeg\" \/>\n\t<meta property=\"og:image:width\" content=\"1920\" \/>\n\t<meta property=\"og:image:height\" content=\"1280\" \/>\n\t<meta property=\"og:image:type\" content=\"image\/jpeg\" \/>\n<meta name=\"twitter:card\" content=\"summary_large_image\" \/>\n<script type=\"application\/ld+json\" class=\"yoast-schema-graph\">{\"@context\":\"https:\\\/\\\/schema.org\",\"@graph\":[{\"@type\":\"WebPage\",\"@id\":\"https:\\\/\\\/bonfortuno.eu\\\/toode\\\/saatan-kannab-pradat\\\/\",\"url\":\"https:\\\/\\\/bonfortuno.eu\\\/toode\\\/saatan-kannab-pradat\\\/\",\"name\":\"[:et]\u201cSaatan kannab Pradat\u201d[:ru]\u201c\u0414\u044c\u044f\u0432\u043e\u043b \u043d\u043e\u0441\u0438\u0442 \u041f\u0440\u0430\u0434\u0430\u201d[:en]\u201cDevil wears Prada\u201d[:] | Bonfortuno\",\"isPartOf\":{\"@id\":\"https:\\\/\\\/bonfortuno.eu\\\/ru\\\/#website\"},\"primaryImageOfPage\":{\"@id\":\"https:\\\/\\\/bonfortuno.eu\\\/toode\\\/saatan-kannab-pradat\\\/#primaryimage\"},\"image\":{\"@id\":\"https:\\\/\\\/bonfortuno.eu\\\/toode\\\/saatan-kannab-pradat\\\/#primaryimage\"},\"thumbnailUrl\":\"https:\\\/\\\/bonfortuno.eu\\\/wp-content\\\/uploads\\\/2018\\\/05\\\/4-min.jpeg\",\"datePublished\":\"2018-05-10T21:48:44+00:00\",\"dateModified\":\"2022-01-13T11:55:41+00:00\",\"breadcrumb\":{\"@id\":\"https:\\\/\\\/bonfortuno.eu\\\/toode\\\/saatan-kannab-pradat\\\/#breadcrumb\"},\"inLanguage\":\"ru-RU\",\"potentialAction\":[{\"@type\":\"ReadAction\",\"target\":[\"https:\\\/\\\/bonfortuno.eu\\\/toode\\\/saatan-kannab-pradat\\\/\"]}]},{\"@type\":\"ImageObject\",\"inLanguage\":\"ru-RU\",\"@id\":\"https:\\\/\\\/bonfortuno.eu\\\/toode\\\/saatan-kannab-pradat\\\/#primaryimage\",\"url\":\"https:\\\/\\\/bonfortuno.eu\\\/wp-content\\\/uploads\\\/2018\\\/05\\\/4-min.jpeg\",\"contentUrl\":\"https:\\\/\\\/bonfortuno.eu\\\/wp-content\\\/uploads\\\/2018\\\/05\\\/4-min.jpeg\",\"width\":1920,\"height\":1280,\"caption\":\"roosid 4\"},{\"@type\":\"BreadcrumbList\",\"@id\":\"https:\\\/\\\/bonfortuno.eu\\\/toode\\\/saatan-kannab-pradat\\\/#breadcrumb\",\"itemListElement\":[{\"@type\":\"ListItem\",\"position\":1,\"name\":\"\u0413\u043b\u0430\u0432\u043d\u0430\u044f \u0441\u0442\u0440\u0430\u043d\u0438\u0446\u0430\",\"item\":\"https:\\\/\\\/bonfortuno.eu\\\/\"},{\"@type\":\"ListItem\",\"position\":2,\"name\":\"\u041c\u0430\u0433\u0430\u0437\u0438\u043d\",\"item\":\"https:\\\/\\\/bonfortuno.eu\\\/\"},{\"@type\":\"ListItem\",\"position\":3,\"name\":\"\u201cSaatan kannab Pradat\u201d\"}]},{\"@type\":\"WebSite\",\"@id\":\"https:\\\/\\\/bonfortuno.eu\\\/ru\\\/#website\",\"url\":\"https:\\\/\\\/bonfortuno.eu\\\/ru\\\/\",\"name\":\"Bonfortuno\",\"description\":\"\u0414\u043e\u0431\u0440\u043e \u043f\u043e\u0436\u0430\u043b\u043e\u0432\u0430\u0442\u044c \u0432 \u043c\u0438\u0440 \u0441\u0432\u0435\u0436\u0438\u0445 \u0446\u0432\u0435\u0442\u043e\u0432\",\"potentialAction\":[{\"@type\":\"SearchAction\",\"target\":{\"@type\":\"EntryPoint\",\"urlTemplate\":\"https:\\\/\\\/bonfortuno.eu\\\/ru\\\/?s={search_term_string}\"},\"query-input\":{\"@type\":\"PropertyValueSpecification\",\"valueRequired\":true,\"valueName\":\"search_term_string\"}}],\"inLanguage\":\"ru-RU\"}]}<\/script>\n<!-- \/ Yoast SEO plugin. -->","yoast_head_json":{"title":"[:et]\u201cSaatan kannab Pradat\u201d[:ru]\u201c\u0414\u044c\u044f\u0432\u043e\u043b \u043d\u043e\u0441\u0438\u0442 \u041f\u0440\u0430\u0434\u0430\u201d[:en]\u201cDevil wears Prada\u201d[:] | Bonfortuno","robots":{"index":"index","follow":"follow","max-snippet":"max-snippet:-1","max-image-preview":"max-image-preview:large","max-video-preview":"max-video-preview:-1"},"canonical":"https:\/\/bonfortuno.eu\/toode\/saatan-kannab-pradat\/","og_locale":"ru_RU","og_type":"article","og_title":"[:et]\u201cSaatan kannab Pradat\u201d[:ru]\u201c\u0414\u044c\u044f\u0432\u043e\u043b \u043d\u043e\u0441\u0438\u0442 \u041f\u0440\u0430\u0434\u0430\u201d[:en]\u201cDevil wears Prada\u201d[:] | Bonfortuno","og_description":"[:et]See helde kimp s\u00fcmboliseerib kirgliku armastust ja r\u00e4\u00e4gib sinu s\u00fcgavatest tunnetest. \u00c4ra ole h\u00e4belik, telli 19 v\u00f5imsat punast roosi juba t\u00e4na. Selles kimbus on 19 elegantset burgundi roosi pikkusega 70 cm.[:ru]\u041a\u0430\u043a \u0436\u0435\u0441\u0442 \u0441\u0442\u0440\u0430\u0441\u0442\u043d\u043e\u0439 \u043b\u044e\u0431\u0432\u0438, \u044d\u0442\u043e\u0442 \u0449\u0435\u0434\u0440\u044b\u0439 \u0431\u0443\u043a\u0435\u0442 \u0440\u0430\u0441\u0441\u043a\u0430\u0436\u0435\u0442 \u043e \u0442\u0432\u043e\u0438\u0445 \u0433\u043b\u0443\u0431\u043e\u043a\u0438\u0445 \u0447\u0443\u0432\u0441\u0442\u0432\u0430\u0445. \u041d\u0435 \u0441\u0442\u0435\u0441\u043d\u044f\u0439\u0441\u044f, \u0437\u0430\u043a\u0430\u0436\u0438 19 \u043a\u0440\u0430\u0441\u043d\u044b\u0445 \u0440\u043e\u0437 \u0443\u0436\u0435 \u0441\u0435\u0433\u043e\u0434\u043d\u044f. \u0414\u043b\u0438\u043d\u0430 \u0440\u043e\u0437\u044b 70 \u0441\u043c![:en]The quintessential gesture of passionate love, this generous bouquet is anything but bashful. Order 19 extraordinary 70cm red roses to display your affection. [:]","og_url":"https:\/\/bonfortuno.eu\/toode\/saatan-kannab-pradat\/","og_site_name":"Bonfortuno","article_modified_time":"2022-01-13T11:55:41+00:00","og_image":[{"width":1920,"height":1280,"url":"https:\/\/bonfortuno.eu\/wp-content\/uploads\/2018\/05\/4-min.jpeg","type":"image\/jpeg"}],"twitter_card":"summary_large_image","schema":{"@context":"https:\/\/schema.org","@graph":[{"@type":"WebPage","@id":"https:\/\/bonfortuno.eu\/toode\/saatan-kannab-pradat\/","url":"https:\/\/bonfortuno.eu\/toode\/saatan-kannab-pradat\/","name":"[:et]\u201cSaatan kannab Pradat\u201d[:ru]\u201c\u0414\u044c\u044f\u0432\u043e\u043b \u043d\u043e\u0441\u0438\u0442 \u041f\u0440\u0430\u0434\u0430\u201d[:en]\u201cDevil wears Prada\u201d[:] | Bonfortuno","isPartOf":{"@id":"https:\/\/bonfortuno.eu\/ru\/#website"},"primaryImageOfPage":{"@id":"https:\/\/bonfortuno.eu\/toode\/saatan-kannab-pradat\/#primaryimage"},"image":{"@id":"https:\/\/bonfortuno.eu\/toode\/saatan-kannab-pradat\/#primaryimage"},"thumbnailUrl":"https:\/\/bonfortuno.eu\/wp-content\/uploads\/2018\/05\/4-min.jpeg","datePublished":"2018-05-10T21:48:44+00:00","dateModified":"2022-01-13T11:55:41+00:00","breadcrumb":{"@id":"https:\/\/bonfortuno.eu\/toode\/saatan-kannab-pradat\/#breadcrumb"},"inLanguage":"ru-RU","potentialAction":[{"@type":"ReadAction","target":["https:\/\/bonfortuno.eu\/toode\/saatan-kannab-pradat\/"]}]},{"@type":"ImageObject","inLanguage":"ru-RU","@id":"https:\/\/bonfortuno.eu\/toode\/saatan-kannab-pradat\/#primaryimage","url":"https:\/\/bonfortuno.eu\/wp-content\/uploads\/2018\/05\/4-min.jpeg","contentUrl":"https:\/\/bonfortuno.eu\/wp-content\/uploads\/2018\/05\/4-min.jpeg","width":1920,"height":1280,"caption":"roosid 4"},{"@type":"BreadcrumbList","@id":"https:\/\/bonfortuno.eu\/toode\/saatan-kannab-pradat\/#breadcrumb","itemListElement":[{"@type":"ListItem","position":1,"name":"\u0413\u043b\u0430\u0432\u043d\u0430\u044f \u0441\u0442\u0440\u0430\u043d\u0438\u0446\u0430","item":"https:\/\/bonfortuno.eu\/"},{"@type":"ListItem","position":2,"name":"\u041c\u0430\u0433\u0430\u0437\u0438\u043d","item":"https:\/\/bonfortuno.eu\/"},{"@type":"ListItem","position":3,"name":"\u201cSaatan kannab Pradat\u201d"}]},{"@type":"WebSite","@id":"https:\/\/bonfortuno.eu\/ru\/#website","url":"https:\/\/bonfortuno.eu\/ru\/","name":"Bonfortuno","description":"\u0414\u043e\u0431\u0440\u043e \u043f\u043e\u0436\u0430\u043b\u043e\u0432\u0430\u0442\u044c \u0432 \u043c\u0438\u0440 \u0441\u0432\u0435\u0436\u0438\u0445 \u0446\u0432\u0435\u0442\u043e\u0432","potentialAction":[{"@type":"SearchAction","target":{"@type":"EntryPoint","urlTemplate":"https:\/\/bonfortuno.eu\/ru\/?s={search_term_string}"},"query-input":{"@type":"PropertyValueSpecification","valueRequired":true,"valueName":"search_term_string"}}],"inLanguage":"ru-RU"}]}},"_links":{"self":[{"href":"https:\/\/bonfortuno.eu\/ru\/wp-json\/wp\/v2\/product\/367","targetHints":{"allow":["GET"]}}],"collection":[{"href":"https:\/\/bonfortuno.eu\/ru\/wp-json\/wp\/v2\/product"}],"about":[{"href":"https:\/\/bonfortuno.eu\/ru\/wp-json\/wp\/v2\/types\/product"}],"wp:featuredmedia":[{"embeddable":true,"href":"https:\/\/bonfortuno.eu\/ru\/wp-json\/wp\/v2\/media\/488"}],"wp:attachment":[{"href":"https:\/\/bonfortuno.eu\/ru\/wp-json\/wp\/v2\/media?parent=367"}],"wp:term":[{"taxonomy":"product_brand","embeddable":true,"href":"https:\/\/bonfortuno.eu\/ru\/wp-json\/wp\/v2\/product_brand?post=367"},{"taxonomy":"product_cat","embeddable":true,"href":"https:\/\/bonfortuno.eu\/ru\/wp-json\/wp\/v2\/product_cat?post=367"},{"taxonomy":"product_tag","embeddable":true,"href":"https:\/\/bonfortuno.eu\/ru\/wp-json\/wp\/v2\/product_tag?post=367"}],"curies":[{"name":"wp","href":"https:\/\/api.w.org\/{rel}","templated":true}]}}