{"id":3785,"date":"2022-08-18T11:17:54","date_gmt":"2022-08-18T08:17:54","guid":{"rendered":"https:\/\/bonfortuno.eu\/?post_type=product&#038;p=3785"},"modified":"2022-08-19T10:17:09","modified_gmt":"2022-08-19T07:17:09","slug":"casa-charlize-cuvee-oro-brut","status":"publish","type":"product","link":"https:\/\/bonfortuno.eu\/ru\/toode\/casa-charlize-cuvee-oro-brut\/","title":{"rendered":"Casa Charlize Cuvee Oro Brut"},"content":{"rendered":"","protected":false},"excerpt":{"rendered":"<p>Casa Charlize Cuv\u00e9e Oro Brut \u2014 \u0438\u0433\u0440\u0438\u0441\u0442\u043e\u0435 \u0432\u0438\u043d\u043e, \u0438\u0437\u0433\u043e\u0442\u043e\u0432\u043b\u0435\u043d\u043d\u043e\u0435 \u0438\u0437 \u0440\u0430\u0437\u043b\u0438\u0447\u043d\u044b\u0445 \u0441\u043e\u0440\u0442\u043e\u0432 \u0431\u0435\u043b\u043e\u0433\u043e \u0432\u0438\u043d\u043e\u0433\u0440\u0430\u0434\u0430, \u0441 \u0431\u043e\u0433\u0430\u0442\u044b\u043c\u0438 \u043f\u0443\u0437\u044b\u0440\u044c\u043a\u0430\u043c\u0438 \u0438 \u043d\u0435\u0436\u043d\u044b\u043c \u0432\u043a\u0443\u0441\u043e\u043c. \u0412\u043e \u0432\u043a\u0443\u0441\u0435 \u043e\u0449\u0443\u0449\u0430\u044e\u0442\u0441\u044f \u0441\u043b\u0430\u0434\u043a\u0438\u0435 \u043d\u043e\u0442\u043a\u0438 \u0446\u0432\u0435\u0442\u043e\u0432 \u0430\u043a\u0430\u0446\u0438\u0438, \u043f\u0435\u0440\u0441\u0438\u043a\u0430 \u0438 \u0430\u0431\u0440\u0438\u043a\u043e\u0441\u0430. \u0426\u0432\u0435\u0442 \u0441\u043e\u043b\u043e\u043c\u0435\u043d\u043d\u043e-\u0436\u0435\u043b\u0442\u044b\u0439, \u0441 \u043b\u0435\u0433\u043a\u0438\u043c \u0437\u0435\u043b\u0435\u043d\u043e\u0432\u0430\u0442\u044b\u043c \u043e\u0442\u0431\u043b\u0435\u0441\u043a\u043e\u043c.<\/p>\n<p>Made in Italia<\/p>\n","protected":false},"featured_media":3841,"template":"","meta":[],"product_brand":[],"product_cat":[76,85],"product_tag":[],"class_list":{"0":"post-3785","1":"product","2":"type-product","3":"status-publish","4":"has-post-thumbnail","6":"product_cat-koik-tooted","7":"product_cat-sampanja-ja-veinid","9":"first","10":"instock","11":"shipping-taxable","12":"purchasable","13":"product-type-simple"},"yoast_head":"<!-- This site is optimized with the Yoast SEO plugin v27.3 - https:\/\/yoast.com\/product\/yoast-seo-wordpress\/ -->\n<title>Casa Charlize Cuvee Oro Brut | Bonfortuno<\/title>\n<meta name=\"robots\" content=\"index, follow, max-snippet:-1, max-image-preview:large, max-video-preview:-1\" \/>\n<link rel=\"canonical\" href=\"https:\/\/bonfortuno.eu\/toode\/casa-charlize-cuvee-oro-brut\/\" \/>\n<meta property=\"og:locale\" content=\"ru_RU\" \/>\n<meta property=\"og:type\" content=\"article\" \/>\n<meta property=\"og:title\" content=\"Casa Charlize Cuvee Oro Brut | Bonfortuno\" \/>\n<meta property=\"og:description\" content=\"[:et]Casa Charlize Cuv\u00e9e Oro Brut on erinevatest valgetest viinamarjadest valmistatud, rikkalike mullide ja delikaatse maitsega vahuvein. Maitses tunda akaatsia\u00f5ite, virsiku ja aprikoosi magusaid noote. V\u00e4rvuselt \u00f5lgkollane, kergelt roheka helgiga.  Made in Italia[:ru]Casa Charlize Cuv\u00e9e Oro Brut \u2014 \u0438\u0433\u0440\u0438\u0441\u0442\u043e\u0435 \u0432\u0438\u043d\u043e, \u0438\u0437\u0433\u043e\u0442\u043e\u0432\u043b\u0435\u043d\u043d\u043e\u0435 \u0438\u0437 \u0440\u0430\u0437\u043b\u0438\u0447\u043d\u044b\u0445 \u0441\u043e\u0440\u0442\u043e\u0432 \u0431\u0435\u043b\u043e\u0433\u043e \u0432\u0438\u043d\u043e\u0433\u0440\u0430\u0434\u0430, \u0441 \u0431\u043e\u0433\u0430\u0442\u044b\u043c\u0438 \u043f\u0443\u0437\u044b\u0440\u044c\u043a\u0430\u043c\u0438 \u0438 \u043d\u0435\u0436\u043d\u044b\u043c \u0432\u043a\u0443\u0441\u043e\u043c. \u0412\u043e \u0432\u043a\u0443\u0441\u0435 \u043e\u0449\u0443\u0449\u0430\u044e\u0442\u0441\u044f \u0441\u043b\u0430\u0434\u043a\u0438\u0435 \u043d\u043e\u0442\u043a\u0438 \u0446\u0432\u0435\u0442\u043e\u0432 \u0430\u043a\u0430\u0446\u0438\u0438, \u043f\u0435\u0440\u0441\u0438\u043a\u0430 \u0438 \u0430\u0431\u0440\u0438\u043a\u043e\u0441\u0430. \u0426\u0432\u0435\u0442 \u0441\u043e\u043b\u043e\u043c\u0435\u043d\u043d\u043e-\u0436\u0435\u043b\u0442\u044b\u0439, \u0441 \u043b\u0435\u0433\u043a\u0438\u043c \u0437\u0435\u043b\u0435\u043d\u043e\u0432\u0430\u0442\u044b\u043c \u043e\u0442\u0431\u043b\u0435\u0441\u043a\u043e\u043c.   Made in Italia[:en]Casa Charlize Cuv\u00e9e Oro Brut is a sparkling wine made from various white grapes, with rich bubbles and a delicate taste. Sweet notes of acacia flowers, peach and apricot can be felt on the palate. Straw yellow in color, with a slight greenish glow.   Made in Italia[:]\" \/>\n<meta property=\"og:url\" content=\"https:\/\/bonfortuno.eu\/toode\/casa-charlize-cuvee-oro-brut\/\" \/>\n<meta property=\"og:site_name\" content=\"Bonfortuno\" \/>\n<meta property=\"article:modified_time\" content=\"2022-08-19T07:17:09+00:00\" \/>\n<meta property=\"og:image\" content=\"https:\/\/bonfortuno.eu\/wp-content\/uploads\/2022\/08\/3135208.jpeg\" \/>\n\t<meta property=\"og:image:width\" content=\"600\" \/>\n\t<meta property=\"og:image:height\" content=\"900\" \/>\n\t<meta property=\"og:image:type\" content=\"image\/jpeg\" \/>\n<meta name=\"twitter:card\" content=\"summary_large_image\" \/>\n<script type=\"application\/ld+json\" class=\"yoast-schema-graph\">{\"@context\":\"https:\\\/\\\/schema.org\",\"@graph\":[{\"@type\":\"WebPage\",\"@id\":\"https:\\\/\\\/bonfortuno.eu\\\/toode\\\/casa-charlize-cuvee-oro-brut\\\/\",\"url\":\"https:\\\/\\\/bonfortuno.eu\\\/toode\\\/casa-charlize-cuvee-oro-brut\\\/\",\"name\":\"Casa Charlize Cuvee Oro Brut | Bonfortuno\",\"isPartOf\":{\"@id\":\"https:\\\/\\\/bonfortuno.eu\\\/ru\\\/#website\"},\"primaryImageOfPage\":{\"@id\":\"https:\\\/\\\/bonfortuno.eu\\\/toode\\\/casa-charlize-cuvee-oro-brut\\\/#primaryimage\"},\"image\":{\"@id\":\"https:\\\/\\\/bonfortuno.eu\\\/toode\\\/casa-charlize-cuvee-oro-brut\\\/#primaryimage\"},\"thumbnailUrl\":\"https:\\\/\\\/bonfortuno.eu\\\/wp-content\\\/uploads\\\/2022\\\/08\\\/3135208.jpeg\",\"datePublished\":\"2022-08-18T08:17:54+00:00\",\"dateModified\":\"2022-08-19T07:17:09+00:00\",\"breadcrumb\":{\"@id\":\"https:\\\/\\\/bonfortuno.eu\\\/toode\\\/casa-charlize-cuvee-oro-brut\\\/#breadcrumb\"},\"inLanguage\":\"ru-RU\",\"potentialAction\":[{\"@type\":\"ReadAction\",\"target\":[\"https:\\\/\\\/bonfortuno.eu\\\/toode\\\/casa-charlize-cuvee-oro-brut\\\/\"]}]},{\"@type\":\"ImageObject\",\"inLanguage\":\"ru-RU\",\"@id\":\"https:\\\/\\\/bonfortuno.eu\\\/toode\\\/casa-charlize-cuvee-oro-brut\\\/#primaryimage\",\"url\":\"https:\\\/\\\/bonfortuno.eu\\\/wp-content\\\/uploads\\\/2022\\\/08\\\/3135208.jpeg\",\"contentUrl\":\"https:\\\/\\\/bonfortuno.eu\\\/wp-content\\\/uploads\\\/2022\\\/08\\\/3135208.jpeg\",\"width\":600,\"height\":900},{\"@type\":\"BreadcrumbList\",\"@id\":\"https:\\\/\\\/bonfortuno.eu\\\/toode\\\/casa-charlize-cuvee-oro-brut\\\/#breadcrumb\",\"itemListElement\":[{\"@type\":\"ListItem\",\"position\":1,\"name\":\"\u0413\u043b\u0430\u0432\u043d\u0430\u044f \u0441\u0442\u0440\u0430\u043d\u0438\u0446\u0430\",\"item\":\"https:\\\/\\\/bonfortuno.eu\\\/\"},{\"@type\":\"ListItem\",\"position\":2,\"name\":\"\u041c\u0430\u0433\u0430\u0437\u0438\u043d\",\"item\":\"https:\\\/\\\/bonfortuno.eu\\\/\"},{\"@type\":\"ListItem\",\"position\":3,\"name\":\"Casa Charlize Cuvee Oro Brut\"}]},{\"@type\":\"WebSite\",\"@id\":\"https:\\\/\\\/bonfortuno.eu\\\/ru\\\/#website\",\"url\":\"https:\\\/\\\/bonfortuno.eu\\\/ru\\\/\",\"name\":\"Bonfortuno\",\"description\":\"\u0414\u043e\u0431\u0440\u043e \u043f\u043e\u0436\u0430\u043b\u043e\u0432\u0430\u0442\u044c \u0432 \u043c\u0438\u0440 \u0441\u0432\u0435\u0436\u0438\u0445 \u0446\u0432\u0435\u0442\u043e\u0432\",\"potentialAction\":[{\"@type\":\"SearchAction\",\"target\":{\"@type\":\"EntryPoint\",\"urlTemplate\":\"https:\\\/\\\/bonfortuno.eu\\\/ru\\\/?s={search_term_string}\"},\"query-input\":{\"@type\":\"PropertyValueSpecification\",\"valueRequired\":true,\"valueName\":\"search_term_string\"}}],\"inLanguage\":\"ru-RU\"}]}<\/script>\n<!-- \/ Yoast SEO plugin. -->","yoast_head_json":{"title":"Casa Charlize Cuvee Oro Brut | Bonfortuno","robots":{"index":"index","follow":"follow","max-snippet":"max-snippet:-1","max-image-preview":"max-image-preview:large","max-video-preview":"max-video-preview:-1"},"canonical":"https:\/\/bonfortuno.eu\/toode\/casa-charlize-cuvee-oro-brut\/","og_locale":"ru_RU","og_type":"article","og_title":"Casa Charlize Cuvee Oro Brut | Bonfortuno","og_description":"[:et]Casa Charlize Cuv\u00e9e Oro Brut on erinevatest valgetest viinamarjadest valmistatud, rikkalike mullide ja delikaatse maitsega vahuvein. Maitses tunda akaatsia\u00f5ite, virsiku ja aprikoosi magusaid noote. V\u00e4rvuselt \u00f5lgkollane, kergelt roheka helgiga.  Made in Italia[:ru]Casa Charlize Cuv\u00e9e Oro Brut \u2014 \u0438\u0433\u0440\u0438\u0441\u0442\u043e\u0435 \u0432\u0438\u043d\u043e, \u0438\u0437\u0433\u043e\u0442\u043e\u0432\u043b\u0435\u043d\u043d\u043e\u0435 \u0438\u0437 \u0440\u0430\u0437\u043b\u0438\u0447\u043d\u044b\u0445 \u0441\u043e\u0440\u0442\u043e\u0432 \u0431\u0435\u043b\u043e\u0433\u043e \u0432\u0438\u043d\u043e\u0433\u0440\u0430\u0434\u0430, \u0441 \u0431\u043e\u0433\u0430\u0442\u044b\u043c\u0438 \u043f\u0443\u0437\u044b\u0440\u044c\u043a\u0430\u043c\u0438 \u0438 \u043d\u0435\u0436\u043d\u044b\u043c \u0432\u043a\u0443\u0441\u043e\u043c. \u0412\u043e \u0432\u043a\u0443\u0441\u0435 \u043e\u0449\u0443\u0449\u0430\u044e\u0442\u0441\u044f \u0441\u043b\u0430\u0434\u043a\u0438\u0435 \u043d\u043e\u0442\u043a\u0438 \u0446\u0432\u0435\u0442\u043e\u0432 \u0430\u043a\u0430\u0446\u0438\u0438, \u043f\u0435\u0440\u0441\u0438\u043a\u0430 \u0438 \u0430\u0431\u0440\u0438\u043a\u043e\u0441\u0430. \u0426\u0432\u0435\u0442 \u0441\u043e\u043b\u043e\u043c\u0435\u043d\u043d\u043e-\u0436\u0435\u043b\u0442\u044b\u0439, \u0441 \u043b\u0435\u0433\u043a\u0438\u043c \u0437\u0435\u043b\u0435\u043d\u043e\u0432\u0430\u0442\u044b\u043c \u043e\u0442\u0431\u043b\u0435\u0441\u043a\u043e\u043c.   Made in Italia[:en]Casa Charlize Cuv\u00e9e Oro Brut is a sparkling wine made from various white grapes, with rich bubbles and a delicate taste. Sweet notes of acacia flowers, peach and apricot can be felt on the palate. Straw yellow in color, with a slight greenish glow.   Made in Italia[:]","og_url":"https:\/\/bonfortuno.eu\/toode\/casa-charlize-cuvee-oro-brut\/","og_site_name":"Bonfortuno","article_modified_time":"2022-08-19T07:17:09+00:00","og_image":[{"width":600,"height":900,"url":"https:\/\/bonfortuno.eu\/wp-content\/uploads\/2022\/08\/3135208.jpeg","type":"image\/jpeg"}],"twitter_card":"summary_large_image","schema":{"@context":"https:\/\/schema.org","@graph":[{"@type":"WebPage","@id":"https:\/\/bonfortuno.eu\/toode\/casa-charlize-cuvee-oro-brut\/","url":"https:\/\/bonfortuno.eu\/toode\/casa-charlize-cuvee-oro-brut\/","name":"Casa Charlize Cuvee Oro Brut | Bonfortuno","isPartOf":{"@id":"https:\/\/bonfortuno.eu\/ru\/#website"},"primaryImageOfPage":{"@id":"https:\/\/bonfortuno.eu\/toode\/casa-charlize-cuvee-oro-brut\/#primaryimage"},"image":{"@id":"https:\/\/bonfortuno.eu\/toode\/casa-charlize-cuvee-oro-brut\/#primaryimage"},"thumbnailUrl":"https:\/\/bonfortuno.eu\/wp-content\/uploads\/2022\/08\/3135208.jpeg","datePublished":"2022-08-18T08:17:54+00:00","dateModified":"2022-08-19T07:17:09+00:00","breadcrumb":{"@id":"https:\/\/bonfortuno.eu\/toode\/casa-charlize-cuvee-oro-brut\/#breadcrumb"},"inLanguage":"ru-RU","potentialAction":[{"@type":"ReadAction","target":["https:\/\/bonfortuno.eu\/toode\/casa-charlize-cuvee-oro-brut\/"]}]},{"@type":"ImageObject","inLanguage":"ru-RU","@id":"https:\/\/bonfortuno.eu\/toode\/casa-charlize-cuvee-oro-brut\/#primaryimage","url":"https:\/\/bonfortuno.eu\/wp-content\/uploads\/2022\/08\/3135208.jpeg","contentUrl":"https:\/\/bonfortuno.eu\/wp-content\/uploads\/2022\/08\/3135208.jpeg","width":600,"height":900},{"@type":"BreadcrumbList","@id":"https:\/\/bonfortuno.eu\/toode\/casa-charlize-cuvee-oro-brut\/#breadcrumb","itemListElement":[{"@type":"ListItem","position":1,"name":"\u0413\u043b\u0430\u0432\u043d\u0430\u044f \u0441\u0442\u0440\u0430\u043d\u0438\u0446\u0430","item":"https:\/\/bonfortuno.eu\/"},{"@type":"ListItem","position":2,"name":"\u041c\u0430\u0433\u0430\u0437\u0438\u043d","item":"https:\/\/bonfortuno.eu\/"},{"@type":"ListItem","position":3,"name":"Casa Charlize Cuvee Oro Brut"}]},{"@type":"WebSite","@id":"https:\/\/bonfortuno.eu\/ru\/#website","url":"https:\/\/bonfortuno.eu\/ru\/","name":"Bonfortuno","description":"\u0414\u043e\u0431\u0440\u043e \u043f\u043e\u0436\u0430\u043b\u043e\u0432\u0430\u0442\u044c \u0432 \u043c\u0438\u0440 \u0441\u0432\u0435\u0436\u0438\u0445 \u0446\u0432\u0435\u0442\u043e\u0432","potentialAction":[{"@type":"SearchAction","target":{"@type":"EntryPoint","urlTemplate":"https:\/\/bonfortuno.eu\/ru\/?s={search_term_string}"},"query-input":{"@type":"PropertyValueSpecification","valueRequired":true,"valueName":"search_term_string"}}],"inLanguage":"ru-RU"}]}},"_links":{"self":[{"href":"https:\/\/bonfortuno.eu\/ru\/wp-json\/wp\/v2\/product\/3785","targetHints":{"allow":["GET"]}}],"collection":[{"href":"https:\/\/bonfortuno.eu\/ru\/wp-json\/wp\/v2\/product"}],"about":[{"href":"https:\/\/bonfortuno.eu\/ru\/wp-json\/wp\/v2\/types\/product"}],"wp:featuredmedia":[{"embeddable":true,"href":"https:\/\/bonfortuno.eu\/ru\/wp-json\/wp\/v2\/media\/3841"}],"wp:attachment":[{"href":"https:\/\/bonfortuno.eu\/ru\/wp-json\/wp\/v2\/media?parent=3785"}],"wp:term":[{"taxonomy":"product_brand","embeddable":true,"href":"https:\/\/bonfortuno.eu\/ru\/wp-json\/wp\/v2\/product_brand?post=3785"},{"taxonomy":"product_cat","embeddable":true,"href":"https:\/\/bonfortuno.eu\/ru\/wp-json\/wp\/v2\/product_cat?post=3785"},{"taxonomy":"product_tag","embeddable":true,"href":"https:\/\/bonfortuno.eu\/ru\/wp-json\/wp\/v2\/product_tag?post=3785"}],"curies":[{"name":"wp","href":"https:\/\/api.w.org\/{rel}","templated":true}]}}