{"id":3786,"date":"2022-08-18T11:23:25","date_gmt":"2022-08-18T08:23:25","guid":{"rendered":"https:\/\/bonfortuno.eu\/?post_type=product&#038;p=3786"},"modified":"2022-08-19T10:19:58","modified_gmt":"2022-08-19T07:19:58","slug":"casa-charlize-cuvee-rose-brut","status":"publish","type":"product","link":"https:\/\/bonfortuno.eu\/ru\/toode\/casa-charlize-cuvee-rose-brut\/","title":{"rendered":"Casa Charlize Cuvee Rose Brut"},"content":{"rendered":"","protected":false},"excerpt":{"rendered":"<p>Casa Charlize Cuv\u00e9e Ros\u00e9 Brut \u2014 \u0440\u043e\u0437\u043e\u0432\u043e\u0435 \u0438\u0433\u0440\u0438\u0441\u0442\u043e\u0435 \u0432\u0438\u043d\u043e \u0441 \u0431\u043e\u0433\u0430\u0442\u044b\u043c\u0438 \u043f\u0443\u0437\u044b\u0440\u044c\u043a\u0430\u043c\u0438, \u0438\u0437\u0433\u043e\u0442\u043e\u0432\u043b\u0435\u043d\u043d\u043e\u0435 \u0438\u0437 \u0441\u043e\u0440\u0442\u043e\u0432 \u0432\u0438\u043d\u043e\u0433\u0440\u0430\u0434\u0430 \u0413\u043b\u0435\u0440\u0430 \u0438 \u041f\u0438\u043d\u043e \u041d\u0443\u0430\u0440. \u041b\u0435\u0433\u043a\u0438\u0439 \u0438 \u043e\u0441\u0432\u0435\u0436\u0430\u044e\u0449\u0438\u0439 \u0432\u043a\u0443\u0441 \u0441 \u0442\u043e\u043d\u043a\u0438\u043c\u0438 \u043d\u043e\u0442\u043a\u0430\u043c\u0438 \u043a\u0440\u0430\u0441\u043d\u044b\u0445 \u044f\u0433\u043e\u0434, \u0440\u043e\u0437\u044b \u0438 \u0441\u0432\u0435\u0436\u0435\u0433\u043e \u0432\u0438\u043d\u043e\u0433\u0440\u0430\u0434\u0430. \u0411\u043b\u0435\u0434\u043d\u043e-\u043b\u043e\u0441\u043e\u0441\u0435\u0432\u043e-\u0440\u043e\u0437\u043e\u0432\u043e\u0433\u043e \u0446\u0432\u0435\u0442\u0430.<\/p>\n<p>Made in Italia<\/p>\n","protected":false},"featured_media":3840,"template":"","meta":[],"product_brand":[],"product_cat":[76,85],"product_tag":[],"class_list":{"0":"post-3786","1":"product","2":"type-product","3":"status-publish","4":"has-post-thumbnail","6":"product_cat-koik-tooted","7":"product_cat-sampanja-ja-veinid","9":"first","10":"instock","11":"shipping-taxable","12":"purchasable","13":"product-type-simple"},"yoast_head":"<!-- This site is optimized with the Yoast SEO plugin v27.3 - https:\/\/yoast.com\/product\/yoast-seo-wordpress\/ -->\n<title>Casa Charlize Cuvee Rose Brut | Bonfortuno<\/title>\n<meta name=\"robots\" content=\"index, follow, max-snippet:-1, max-image-preview:large, max-video-preview:-1\" \/>\n<link rel=\"canonical\" href=\"https:\/\/bonfortuno.eu\/toode\/casa-charlize-cuvee-rose-brut\/\" \/>\n<meta property=\"og:locale\" content=\"ru_RU\" \/>\n<meta property=\"og:type\" content=\"article\" \/>\n<meta property=\"og:title\" content=\"Casa Charlize Cuvee Rose Brut | Bonfortuno\" \/>\n<meta property=\"og:description\" content=\"[:et]Casa Charlize Cuv\u00e9e Ros\u00e9 Brut on Glera ja Pinot Noir viinamarjadest valmistatud, rikkalike mullidega roosa vahuvein. Maitselt kerge ja v\u00e4rskendav, kus tunda \u00f5rna punaste marjade, rooside ja v\u00e4rskelt purustatud viinamarjade noote. V\u00e4rvuselt kahvatu l\u00f5heroosa.   Made in Italia[:ru]Casa Charlize Cuv\u00e9e Ros\u00e9 Brut \u2014 \u0440\u043e\u0437\u043e\u0432\u043e\u0435 \u0438\u0433\u0440\u0438\u0441\u0442\u043e\u0435 \u0432\u0438\u043d\u043e \u0441 \u0431\u043e\u0433\u0430\u0442\u044b\u043c\u0438 \u043f\u0443\u0437\u044b\u0440\u044c\u043a\u0430\u043c\u0438, \u0438\u0437\u0433\u043e\u0442\u043e\u0432\u043b\u0435\u043d\u043d\u043e\u0435 \u0438\u0437 \u0441\u043e\u0440\u0442\u043e\u0432 \u0432\u0438\u043d\u043e\u0433\u0440\u0430\u0434\u0430 \u0413\u043b\u0435\u0440\u0430 \u0438 \u041f\u0438\u043d\u043e \u041d\u0443\u0430\u0440. \u041b\u0435\u0433\u043a\u0438\u0439 \u0438 \u043e\u0441\u0432\u0435\u0436\u0430\u044e\u0449\u0438\u0439 \u0432\u043a\u0443\u0441 \u0441 \u0442\u043e\u043d\u043a\u0438\u043c\u0438 \u043d\u043e\u0442\u043a\u0430\u043c\u0438 \u043a\u0440\u0430\u0441\u043d\u044b\u0445 \u044f\u0433\u043e\u0434, \u0440\u043e\u0437\u044b \u0438 \u0441\u0432\u0435\u0436\u0435\u0433\u043e \u0432\u0438\u043d\u043e\u0433\u0440\u0430\u0434\u0430. \u0411\u043b\u0435\u0434\u043d\u043e-\u043b\u043e\u0441\u043e\u0441\u0435\u0432\u043e-\u0440\u043e\u0437\u043e\u0432\u043e\u0433\u043e \u0446\u0432\u0435\u0442\u0430.   Made in Italia[:en]Casa Charlize Cuv\u00e9e Ros\u00e9 Brut is a ros\u00e9 sparkling wine with rich bubbles made from Glera and Pinot Noir grapes. Light and refreshing on the palate, with delicate notes of red berries, roses and freshly crushed grapes. Pale salmon pink in color.   Made in Italia.[:]\" \/>\n<meta property=\"og:url\" content=\"https:\/\/bonfortuno.eu\/toode\/casa-charlize-cuvee-rose-brut\/\" \/>\n<meta property=\"og:site_name\" content=\"Bonfortuno\" \/>\n<meta property=\"article:modified_time\" content=\"2022-08-19T07:19:58+00:00\" \/>\n<meta property=\"og:image\" content=\"https:\/\/bonfortuno.eu\/wp-content\/uploads\/2022\/08\/images-7.jpeg\" \/>\n\t<meta property=\"og:image:width\" content=\"180\" \/>\n\t<meta property=\"og:image:height\" content=\"180\" \/>\n\t<meta property=\"og:image:type\" content=\"image\/jpeg\" \/>\n<meta name=\"twitter:card\" content=\"summary_large_image\" \/>\n<script type=\"application\/ld+json\" class=\"yoast-schema-graph\">{\"@context\":\"https:\\\/\\\/schema.org\",\"@graph\":[{\"@type\":\"WebPage\",\"@id\":\"https:\\\/\\\/bonfortuno.eu\\\/toode\\\/casa-charlize-cuvee-rose-brut\\\/\",\"url\":\"https:\\\/\\\/bonfortuno.eu\\\/toode\\\/casa-charlize-cuvee-rose-brut\\\/\",\"name\":\"Casa Charlize Cuvee Rose Brut | Bonfortuno\",\"isPartOf\":{\"@id\":\"https:\\\/\\\/bonfortuno.eu\\\/ru\\\/#website\"},\"primaryImageOfPage\":{\"@id\":\"https:\\\/\\\/bonfortuno.eu\\\/toode\\\/casa-charlize-cuvee-rose-brut\\\/#primaryimage\"},\"image\":{\"@id\":\"https:\\\/\\\/bonfortuno.eu\\\/toode\\\/casa-charlize-cuvee-rose-brut\\\/#primaryimage\"},\"thumbnailUrl\":\"https:\\\/\\\/bonfortuno.eu\\\/wp-content\\\/uploads\\\/2022\\\/08\\\/images-7.jpeg\",\"datePublished\":\"2022-08-18T08:23:25+00:00\",\"dateModified\":\"2022-08-19T07:19:58+00:00\",\"breadcrumb\":{\"@id\":\"https:\\\/\\\/bonfortuno.eu\\\/toode\\\/casa-charlize-cuvee-rose-brut\\\/#breadcrumb\"},\"inLanguage\":\"ru-RU\",\"potentialAction\":[{\"@type\":\"ReadAction\",\"target\":[\"https:\\\/\\\/bonfortuno.eu\\\/toode\\\/casa-charlize-cuvee-rose-brut\\\/\"]}]},{\"@type\":\"ImageObject\",\"inLanguage\":\"ru-RU\",\"@id\":\"https:\\\/\\\/bonfortuno.eu\\\/toode\\\/casa-charlize-cuvee-rose-brut\\\/#primaryimage\",\"url\":\"https:\\\/\\\/bonfortuno.eu\\\/wp-content\\\/uploads\\\/2022\\\/08\\\/images-7.jpeg\",\"contentUrl\":\"https:\\\/\\\/bonfortuno.eu\\\/wp-content\\\/uploads\\\/2022\\\/08\\\/images-7.jpeg\",\"width\":180,\"height\":180},{\"@type\":\"BreadcrumbList\",\"@id\":\"https:\\\/\\\/bonfortuno.eu\\\/toode\\\/casa-charlize-cuvee-rose-brut\\\/#breadcrumb\",\"itemListElement\":[{\"@type\":\"ListItem\",\"position\":1,\"name\":\"\u0413\u043b\u0430\u0432\u043d\u0430\u044f \u0441\u0442\u0440\u0430\u043d\u0438\u0446\u0430\",\"item\":\"https:\\\/\\\/bonfortuno.eu\\\/\"},{\"@type\":\"ListItem\",\"position\":2,\"name\":\"\u041c\u0430\u0433\u0430\u0437\u0438\u043d\",\"item\":\"https:\\\/\\\/bonfortuno.eu\\\/\"},{\"@type\":\"ListItem\",\"position\":3,\"name\":\"Casa Charlize Cuvee Rose Brut\"}]},{\"@type\":\"WebSite\",\"@id\":\"https:\\\/\\\/bonfortuno.eu\\\/ru\\\/#website\",\"url\":\"https:\\\/\\\/bonfortuno.eu\\\/ru\\\/\",\"name\":\"Bonfortuno\",\"description\":\"\u0414\u043e\u0431\u0440\u043e \u043f\u043e\u0436\u0430\u043b\u043e\u0432\u0430\u0442\u044c \u0432 \u043c\u0438\u0440 \u0441\u0432\u0435\u0436\u0438\u0445 \u0446\u0432\u0435\u0442\u043e\u0432\",\"potentialAction\":[{\"@type\":\"SearchAction\",\"target\":{\"@type\":\"EntryPoint\",\"urlTemplate\":\"https:\\\/\\\/bonfortuno.eu\\\/ru\\\/?s={search_term_string}\"},\"query-input\":{\"@type\":\"PropertyValueSpecification\",\"valueRequired\":true,\"valueName\":\"search_term_string\"}}],\"inLanguage\":\"ru-RU\"}]}<\/script>\n<!-- \/ Yoast SEO plugin. -->","yoast_head_json":{"title":"Casa Charlize Cuvee Rose Brut | Bonfortuno","robots":{"index":"index","follow":"follow","max-snippet":"max-snippet:-1","max-image-preview":"max-image-preview:large","max-video-preview":"max-video-preview:-1"},"canonical":"https:\/\/bonfortuno.eu\/toode\/casa-charlize-cuvee-rose-brut\/","og_locale":"ru_RU","og_type":"article","og_title":"Casa Charlize Cuvee Rose Brut | Bonfortuno","og_description":"[:et]Casa Charlize Cuv\u00e9e Ros\u00e9 Brut on Glera ja Pinot Noir viinamarjadest valmistatud, rikkalike mullidega roosa vahuvein. Maitselt kerge ja v\u00e4rskendav, kus tunda \u00f5rna punaste marjade, rooside ja v\u00e4rskelt purustatud viinamarjade noote. V\u00e4rvuselt kahvatu l\u00f5heroosa.   Made in Italia[:ru]Casa Charlize Cuv\u00e9e Ros\u00e9 Brut \u2014 \u0440\u043e\u0437\u043e\u0432\u043e\u0435 \u0438\u0433\u0440\u0438\u0441\u0442\u043e\u0435 \u0432\u0438\u043d\u043e \u0441 \u0431\u043e\u0433\u0430\u0442\u044b\u043c\u0438 \u043f\u0443\u0437\u044b\u0440\u044c\u043a\u0430\u043c\u0438, \u0438\u0437\u0433\u043e\u0442\u043e\u0432\u043b\u0435\u043d\u043d\u043e\u0435 \u0438\u0437 \u0441\u043e\u0440\u0442\u043e\u0432 \u0432\u0438\u043d\u043e\u0433\u0440\u0430\u0434\u0430 \u0413\u043b\u0435\u0440\u0430 \u0438 \u041f\u0438\u043d\u043e \u041d\u0443\u0430\u0440. \u041b\u0435\u0433\u043a\u0438\u0439 \u0438 \u043e\u0441\u0432\u0435\u0436\u0430\u044e\u0449\u0438\u0439 \u0432\u043a\u0443\u0441 \u0441 \u0442\u043e\u043d\u043a\u0438\u043c\u0438 \u043d\u043e\u0442\u043a\u0430\u043c\u0438 \u043a\u0440\u0430\u0441\u043d\u044b\u0445 \u044f\u0433\u043e\u0434, \u0440\u043e\u0437\u044b \u0438 \u0441\u0432\u0435\u0436\u0435\u0433\u043e \u0432\u0438\u043d\u043e\u0433\u0440\u0430\u0434\u0430. \u0411\u043b\u0435\u0434\u043d\u043e-\u043b\u043e\u0441\u043e\u0441\u0435\u0432\u043e-\u0440\u043e\u0437\u043e\u0432\u043e\u0433\u043e \u0446\u0432\u0435\u0442\u0430.   Made in Italia[:en]Casa Charlize Cuv\u00e9e Ros\u00e9 Brut is a ros\u00e9 sparkling wine with rich bubbles made from Glera and Pinot Noir grapes. Light and refreshing on the palate, with delicate notes of red berries, roses and freshly crushed grapes. Pale salmon pink in color.   Made in Italia.[:]","og_url":"https:\/\/bonfortuno.eu\/toode\/casa-charlize-cuvee-rose-brut\/","og_site_name":"Bonfortuno","article_modified_time":"2022-08-19T07:19:58+00:00","og_image":[{"width":180,"height":180,"url":"https:\/\/bonfortuno.eu\/wp-content\/uploads\/2022\/08\/images-7.jpeg","type":"image\/jpeg"}],"twitter_card":"summary_large_image","schema":{"@context":"https:\/\/schema.org","@graph":[{"@type":"WebPage","@id":"https:\/\/bonfortuno.eu\/toode\/casa-charlize-cuvee-rose-brut\/","url":"https:\/\/bonfortuno.eu\/toode\/casa-charlize-cuvee-rose-brut\/","name":"Casa Charlize Cuvee Rose Brut | Bonfortuno","isPartOf":{"@id":"https:\/\/bonfortuno.eu\/ru\/#website"},"primaryImageOfPage":{"@id":"https:\/\/bonfortuno.eu\/toode\/casa-charlize-cuvee-rose-brut\/#primaryimage"},"image":{"@id":"https:\/\/bonfortuno.eu\/toode\/casa-charlize-cuvee-rose-brut\/#primaryimage"},"thumbnailUrl":"https:\/\/bonfortuno.eu\/wp-content\/uploads\/2022\/08\/images-7.jpeg","datePublished":"2022-08-18T08:23:25+00:00","dateModified":"2022-08-19T07:19:58+00:00","breadcrumb":{"@id":"https:\/\/bonfortuno.eu\/toode\/casa-charlize-cuvee-rose-brut\/#breadcrumb"},"inLanguage":"ru-RU","potentialAction":[{"@type":"ReadAction","target":["https:\/\/bonfortuno.eu\/toode\/casa-charlize-cuvee-rose-brut\/"]}]},{"@type":"ImageObject","inLanguage":"ru-RU","@id":"https:\/\/bonfortuno.eu\/toode\/casa-charlize-cuvee-rose-brut\/#primaryimage","url":"https:\/\/bonfortuno.eu\/wp-content\/uploads\/2022\/08\/images-7.jpeg","contentUrl":"https:\/\/bonfortuno.eu\/wp-content\/uploads\/2022\/08\/images-7.jpeg","width":180,"height":180},{"@type":"BreadcrumbList","@id":"https:\/\/bonfortuno.eu\/toode\/casa-charlize-cuvee-rose-brut\/#breadcrumb","itemListElement":[{"@type":"ListItem","position":1,"name":"\u0413\u043b\u0430\u0432\u043d\u0430\u044f \u0441\u0442\u0440\u0430\u043d\u0438\u0446\u0430","item":"https:\/\/bonfortuno.eu\/"},{"@type":"ListItem","position":2,"name":"\u041c\u0430\u0433\u0430\u0437\u0438\u043d","item":"https:\/\/bonfortuno.eu\/"},{"@type":"ListItem","position":3,"name":"Casa Charlize Cuvee Rose Brut"}]},{"@type":"WebSite","@id":"https:\/\/bonfortuno.eu\/ru\/#website","url":"https:\/\/bonfortuno.eu\/ru\/","name":"Bonfortuno","description":"\u0414\u043e\u0431\u0440\u043e \u043f\u043e\u0436\u0430\u043b\u043e\u0432\u0430\u0442\u044c \u0432 \u043c\u0438\u0440 \u0441\u0432\u0435\u0436\u0438\u0445 \u0446\u0432\u0435\u0442\u043e\u0432","potentialAction":[{"@type":"SearchAction","target":{"@type":"EntryPoint","urlTemplate":"https:\/\/bonfortuno.eu\/ru\/?s={search_term_string}"},"query-input":{"@type":"PropertyValueSpecification","valueRequired":true,"valueName":"search_term_string"}}],"inLanguage":"ru-RU"}]}},"_links":{"self":[{"href":"https:\/\/bonfortuno.eu\/ru\/wp-json\/wp\/v2\/product\/3786","targetHints":{"allow":["GET"]}}],"collection":[{"href":"https:\/\/bonfortuno.eu\/ru\/wp-json\/wp\/v2\/product"}],"about":[{"href":"https:\/\/bonfortuno.eu\/ru\/wp-json\/wp\/v2\/types\/product"}],"wp:featuredmedia":[{"embeddable":true,"href":"https:\/\/bonfortuno.eu\/ru\/wp-json\/wp\/v2\/media\/3840"}],"wp:attachment":[{"href":"https:\/\/bonfortuno.eu\/ru\/wp-json\/wp\/v2\/media?parent=3786"}],"wp:term":[{"taxonomy":"product_brand","embeddable":true,"href":"https:\/\/bonfortuno.eu\/ru\/wp-json\/wp\/v2\/product_brand?post=3786"},{"taxonomy":"product_cat","embeddable":true,"href":"https:\/\/bonfortuno.eu\/ru\/wp-json\/wp\/v2\/product_cat?post=3786"},{"taxonomy":"product_tag","embeddable":true,"href":"https:\/\/bonfortuno.eu\/ru\/wp-json\/wp\/v2\/product_tag?post=3786"}],"curies":[{"name":"wp","href":"https:\/\/api.w.org\/{rel}","templated":true}]}}