{"id":3820,"date":"2022-08-18T16:02:32","date_gmt":"2022-08-18T13:02:32","guid":{"rendered":"https:\/\/bonfortuno.eu\/?post_type=product&#038;p=3820"},"modified":"2022-08-19T10:09:55","modified_gmt":"2022-08-19T07:09:55","slug":"sakrament","status":"publish","type":"product","link":"https:\/\/bonfortuno.eu\/ru\/toode\/sakrament\/","title":{"rendered":"&#187;\u0422\u0430\u0438\u043d\u0441\u0442\u0432\u043e&#187;"},"content":{"rendered":"","protected":false},"excerpt":{"rendered":"<p>\u041a\u0440\u0430\u0441\u043d\u044b\u0435 \u0440\u043e\u0437\u044b \u2013 \u044d\u0442\u043e \u0441\u0438\u043c\u0432\u043e\u043b \u0432\u0441\u0435\u043e\u0431\u044a\u0435\u043c\u043b\u044e\u0449\u0435\u0439 \u043b\u044e\u0431\u0432\u0438, \u043d\u0435\u043e\u0431\u0443\u0437\u0434\u0430\u043d\u043d\u043e\u0439 \u0441\u0442\u0440\u0430\u0441\u0442\u0438 \u0438 \u0433\u043b\u0443\u0431\u043e\u043a\u043e\u0439 \u043f\u0440\u0438\u0432\u044f\u0437\u0430\u043d\u043d\u043e\u0441\u0442\u0438. \u0427\u0435\u043c \u044f\u0440\u0447\u0435 \u0446\u0432\u0435\u0442\u043a\u0438, \u0442\u0435\u043c \u0441\u0438\u043b\u044c\u043d\u0435\u0435 \u0447\u0443\u0432\u0441\u0442\u0432\u0430.<\/p>\n<p>\u0417\u043d\u0430\u0447\u0435\u043d\u0438\u0435 \u043a\u0440\u0430\u0441\u043d\u044b\u0445 \u0440\u043e\u0437 \u043c\u0435\u043d\u044f\u0435\u0442\u0441\u044f, \u0435\u0441\u043b\u0438 \u0438\u0445 \u0434\u0430\u0440\u044f\u0442 \u0434\u0440\u0443\u0433 \u0434\u0440\u0443\u0433\u0443 \u0436\u0435\u043d\u0449\u0438\u043d\u044b. \u0412 \u044d\u0442\u043e\u043c \u0441\u043b\u0443\u0447\u0430\u0435 \u0431\u0443\u043a\u0435\u0442 \u043e\u043b\u0438\u0446\u0435\u0442\u0432\u043e\u0440\u044f\u0435\u0442 \u0443\u0432\u0430\u0436\u0435\u043d\u0438\u0435 \u0438 \u0434\u0440\u0443\u0436\u0435\u0441\u043a\u0438\u0435 \u044d\u043c\u043e\u0446\u0438\u0438.<\/p>\n<p>\u041a\u0440\u0430\u0441\u043d\u044b\u0435 \u0440\u043e\u0437\u044b \u043c\u043e\u0436\u043d\u043e \u0434\u0430\u0440\u0438\u0442\u044c \u0438 \u043c\u0443\u0436\u0447\u0438\u043d\u0430\u043c. \u0412 \u044d\u0442\u043e\u043c \u0441\u043b\u0443\u0447\u0430\u0435 \u043e\u043d\u0438 \u043e\u0431\u043e\u0437\u043d\u0430\u0447\u0430\u044e\u0442 \u0432\u044b\u0441\u043e\u043a\u0438\u0439 \u0441\u0442\u0430\u0442\u0443\u0441 \u0438\u043b\u0438 \u0432\u043e\u0441\u0445\u0438\u0449\u0435\u043d\u0438\u0435 \u0435\u0433\u043e \u043c\u0443\u0436\u0435\u0441\u0442\u0432\u043e\u043c, \u0445\u0440\u0430\u0431\u0440\u043e\u0441\u0442\u044c\u044e \u0438 \u0434\u043e\u0441\u0442\u0438\u0436\u0435\u043d\u0438\u044f\u043c\u0438.<\/p>\n<p>\u0426\u0432\u0435\u0442 \u043a\u043e\u0440\u043e\u0431\u043a\u0438 \u043c\u043e\u0436\u0435\u0442 \u043c\u0435\u043d\u044f\u0442\u044c\u0441\u044f .<\/p>\n","protected":false},"featured_media":3815,"template":"","meta":[],"product_brand":[],"product_cat":[76,37,35],"product_tag":[],"class_list":{"0":"post-3820","1":"product","2":"type-product","3":"status-publish","4":"has-post-thumbnail","6":"product_cat-koik-tooted","7":"product_cat-lilleseade-karbis","8":"product_cat-lilleseaded","10":"first","11":"instock","12":"shipping-taxable","13":"purchasable","14":"product-type-simple"},"yoast_head":"<!-- This site is optimized with the Yoast SEO plugin v27.5 - https:\/\/yoast.com\/product\/yoast-seo-wordpress\/ -->\n<title>&quot;\u0422\u0430\u0438\u043d\u0441\u0442\u0432\u043e&quot; | Bonfortuno<\/title>\n<meta name=\"robots\" content=\"index, follow, max-snippet:-1, max-image-preview:large, max-video-preview:-1\" \/>\n<link rel=\"canonical\" href=\"https:\/\/bonfortuno.eu\/toode\/sakrament\/\" \/>\n<meta property=\"og:locale\" content=\"ru_RU\" \/>\n<meta property=\"og:type\" content=\"article\" \/>\n<meta property=\"og:title\" content=\"[:et]&quot;Sakrament&quot;[:ru]&quot;\u0422\u0430\u0438\u043d\u0441\u0442\u0432\u043e&quot;[:en]&quot;Sacrament&quot;[:] | Bonfortuno\" \/>\n<meta property=\"og:description\" content=\"[:et]Punased roosid on k\u00f5ikeh\u00f5lmava armastuse, ohjeldamatu kire ja s\u00fcgava kiindumuse s\u00fcmbol. Mida heledamad on lilled, seda tugevamad on tunded.  Punaste rooside t\u00e4hendus muutub, kui naised neid \u00fcksteisele kingivad. Sel juhul esindab kimp austust ja s\u00f5bralikke emotsioone.  Punaseid roose v\u00f5ib kinkida ka meestele. Sel juhul t\u00e4histavad need k\u00f5rget staatust v\u00f5i imetlust tema julguse, vapruse ja saavutuste \u00fcle.  Karbi v\u00e4rvus v\u00f5ib erineda.[:ru]\u041a\u0440\u0430\u0441\u043d\u044b\u0435 \u0440\u043e\u0437\u044b \u2013 \u044d\u0442\u043e \u0441\u0438\u043c\u0432\u043e\u043b \u0432\u0441\u0435\u043e\u0431\u044a\u0435\u043c\u043b\u044e\u0449\u0435\u0439 \u043b\u044e\u0431\u0432\u0438, \u043d\u0435\u043e\u0431\u0443\u0437\u0434\u0430\u043d\u043d\u043e\u0439 \u0441\u0442\u0440\u0430\u0441\u0442\u0438 \u0438 \u0433\u043b\u0443\u0431\u043e\u043a\u043e\u0439 \u043f\u0440\u0438\u0432\u044f\u0437\u0430\u043d\u043d\u043e\u0441\u0442\u0438. \u0427\u0435\u043c \u044f\u0440\u0447\u0435 \u0446\u0432\u0435\u0442\u043a\u0438, \u0442\u0435\u043c \u0441\u0438\u043b\u044c\u043d\u0435\u0435 \u0447\u0443\u0432\u0441\u0442\u0432\u0430.  \u0417\u043d\u0430\u0447\u0435\u043d\u0438\u0435 \u043a\u0440\u0430\u0441\u043d\u044b\u0445 \u0440\u043e\u0437 \u043c\u0435\u043d\u044f\u0435\u0442\u0441\u044f, \u0435\u0441\u043b\u0438 \u0438\u0445 \u0434\u0430\u0440\u044f\u0442 \u0434\u0440\u0443\u0433 \u0434\u0440\u0443\u0433\u0443 \u0436\u0435\u043d\u0449\u0438\u043d\u044b. \u0412 \u044d\u0442\u043e\u043c \u0441\u043b\u0443\u0447\u0430\u0435 \u0431\u0443\u043a\u0435\u0442 \u043e\u043b\u0438\u0446\u0435\u0442\u0432\u043e\u0440\u044f\u0435\u0442 \u0443\u0432\u0430\u0436\u0435\u043d\u0438\u0435 \u0438 \u0434\u0440\u0443\u0436\u0435\u0441\u043a\u0438\u0435 \u044d\u043c\u043e\u0446\u0438\u0438.  \u041a\u0440\u0430\u0441\u043d\u044b\u0435 \u0440\u043e\u0437\u044b \u043c\u043e\u0436\u043d\u043e \u0434\u0430\u0440\u0438\u0442\u044c \u0438 \u043c\u0443\u0436\u0447\u0438\u043d\u0430\u043c. \u0412 \u044d\u0442\u043e\u043c \u0441\u043b\u0443\u0447\u0430\u0435 \u043e\u043d\u0438 \u043e\u0431\u043e\u0437\u043d\u0430\u0447\u0430\u044e\u0442 \u0432\u044b\u0441\u043e\u043a\u0438\u0439 \u0441\u0442\u0430\u0442\u0443\u0441 \u0438\u043b\u0438 \u0432\u043e\u0441\u0445\u0438\u0449\u0435\u043d\u0438\u0435 \u0435\u0433\u043e \u043c\u0443\u0436\u0435\u0441\u0442\u0432\u043e\u043c, \u0445\u0440\u0430\u0431\u0440\u043e\u0441\u0442\u044c\u044e \u0438 \u0434\u043e\u0441\u0442\u0438\u0436\u0435\u043d\u0438\u044f\u043c\u0438.  \u0426\u0432\u0435\u0442 \u043a\u043e\u0440\u043e\u0431\u043a\u0438 \u043c\u043e\u0436\u0435\u0442 \u043c\u0435\u043d\u044f\u0442\u044c\u0441\u044f .[:en]Red roses are a symbol of all-encompassing love, unbridled passion and deep affection. The brighter the flowers, the stronger the feelings.  The meaning of red roses changes if women give them to each other. In this case, the bouquet represents respect and friendly emotions.  Red roses can also be given to men. In this case, they signify high status or admiration for his courage, bravery, and accomplishments.  Box color may vary.[:]\" \/>\n<meta property=\"og:url\" content=\"https:\/\/bonfortuno.eu\/toode\/sakrament\/\" \/>\n<meta property=\"og:site_name\" content=\"Bonfortuno\" \/>\n<meta property=\"article:modified_time\" content=\"2022-08-19T07:09:55+00:00\" \/>\n<meta property=\"og:image\" content=\"https:\/\/bonfortuno.eu\/wp-content\/uploads\/2022\/08\/c78926406f70f24cdf42e5f39ca9961e.jpg\" \/>\n\t<meta property=\"og:image:width\" content=\"370\" \/>\n\t<meta property=\"og:image:height\" content=\"370\" \/>\n\t<meta property=\"og:image:type\" content=\"image\/jpeg\" \/>\n<meta name=\"twitter:card\" content=\"summary_large_image\" \/>\n<script type=\"application\/ld+json\" class=\"yoast-schema-graph\">{\"@context\":\"https:\\\/\\\/schema.org\",\"@graph\":[{\"@type\":\"WebPage\",\"@id\":\"https:\\\/\\\/bonfortuno.eu\\\/toode\\\/sakrament\\\/\",\"url\":\"https:\\\/\\\/bonfortuno.eu\\\/toode\\\/sakrament\\\/\",\"name\":\"[:et]\\\"Sakrament\\\"[:ru]\\\"\u0422\u0430\u0438\u043d\u0441\u0442\u0432\u043e\\\"[:en]\\\"Sacrament\\\"[:] | Bonfortuno\",\"isPartOf\":{\"@id\":\"https:\\\/\\\/bonfortuno.eu\\\/ru\\\/#website\"},\"primaryImageOfPage\":{\"@id\":\"https:\\\/\\\/bonfortuno.eu\\\/toode\\\/sakrament\\\/#primaryimage\"},\"image\":{\"@id\":\"https:\\\/\\\/bonfortuno.eu\\\/toode\\\/sakrament\\\/#primaryimage\"},\"thumbnailUrl\":\"https:\\\/\\\/bonfortuno.eu\\\/wp-content\\\/uploads\\\/2022\\\/08\\\/c78926406f70f24cdf42e5f39ca9961e.jpg\",\"datePublished\":\"2022-08-18T13:02:32+00:00\",\"dateModified\":\"2022-08-19T07:09:55+00:00\",\"breadcrumb\":{\"@id\":\"https:\\\/\\\/bonfortuno.eu\\\/toode\\\/sakrament\\\/#breadcrumb\"},\"inLanguage\":\"ru-RU\",\"potentialAction\":[{\"@type\":\"ReadAction\",\"target\":[\"https:\\\/\\\/bonfortuno.eu\\\/toode\\\/sakrament\\\/\"]}]},{\"@type\":\"ImageObject\",\"inLanguage\":\"ru-RU\",\"@id\":\"https:\\\/\\\/bonfortuno.eu\\\/toode\\\/sakrament\\\/#primaryimage\",\"url\":\"https:\\\/\\\/bonfortuno.eu\\\/wp-content\\\/uploads\\\/2022\\\/08\\\/c78926406f70f24cdf42e5f39ca9961e.jpg\",\"contentUrl\":\"https:\\\/\\\/bonfortuno.eu\\\/wp-content\\\/uploads\\\/2022\\\/08\\\/c78926406f70f24cdf42e5f39ca9961e.jpg\",\"width\":370,\"height\":370},{\"@type\":\"BreadcrumbList\",\"@id\":\"https:\\\/\\\/bonfortuno.eu\\\/toode\\\/sakrament\\\/#breadcrumb\",\"itemListElement\":[{\"@type\":\"ListItem\",\"position\":1,\"name\":\"\u0413\u043b\u0430\u0432\u043d\u0430\u044f \u0441\u0442\u0440\u0430\u043d\u0438\u0446\u0430\",\"item\":\"https:\\\/\\\/bonfortuno.eu\\\/\"},{\"@type\":\"ListItem\",\"position\":2,\"name\":\"\u041c\u0430\u0433\u0430\u0437\u0438\u043d\",\"item\":\"https:\\\/\\\/bonfortuno.eu\\\/\"},{\"@type\":\"ListItem\",\"position\":3,\"name\":\"&#8220;Sakrament&#8221;\"}]},{\"@type\":\"WebSite\",\"@id\":\"https:\\\/\\\/bonfortuno.eu\\\/ru\\\/#website\",\"url\":\"https:\\\/\\\/bonfortuno.eu\\\/ru\\\/\",\"name\":\"Bonfortuno\",\"description\":\"\u0414\u043e\u0431\u0440\u043e \u043f\u043e\u0436\u0430\u043b\u043e\u0432\u0430\u0442\u044c \u0432 \u043c\u0438\u0440 \u0441\u0432\u0435\u0436\u0438\u0445 \u0446\u0432\u0435\u0442\u043e\u0432\",\"potentialAction\":[{\"@type\":\"SearchAction\",\"target\":{\"@type\":\"EntryPoint\",\"urlTemplate\":\"https:\\\/\\\/bonfortuno.eu\\\/ru\\\/?s={search_term_string}\"},\"query-input\":{\"@type\":\"PropertyValueSpecification\",\"valueRequired\":true,\"valueName\":\"search_term_string\"}}],\"inLanguage\":\"ru-RU\"}]}<\/script>\n<!-- \/ Yoast SEO plugin. -->","yoast_head_json":{"title":"[:et]\"Sakrament\"[:ru]\"\u0422\u0430\u0438\u043d\u0441\u0442\u0432\u043e\"[:en]\"Sacrament\"[:] | Bonfortuno","robots":{"index":"index","follow":"follow","max-snippet":"max-snippet:-1","max-image-preview":"max-image-preview:large","max-video-preview":"max-video-preview:-1"},"canonical":"https:\/\/bonfortuno.eu\/toode\/sakrament\/","og_locale":"ru_RU","og_type":"article","og_title":"[:et]\"Sakrament\"[:ru]\"\u0422\u0430\u0438\u043d\u0441\u0442\u0432\u043e\"[:en]\"Sacrament\"[:] | Bonfortuno","og_description":"[:et]Punased roosid on k\u00f5ikeh\u00f5lmava armastuse, ohjeldamatu kire ja s\u00fcgava kiindumuse s\u00fcmbol. Mida heledamad on lilled, seda tugevamad on tunded.  Punaste rooside t\u00e4hendus muutub, kui naised neid \u00fcksteisele kingivad. Sel juhul esindab kimp austust ja s\u00f5bralikke emotsioone.  Punaseid roose v\u00f5ib kinkida ka meestele. Sel juhul t\u00e4histavad need k\u00f5rget staatust v\u00f5i imetlust tema julguse, vapruse ja saavutuste \u00fcle.  Karbi v\u00e4rvus v\u00f5ib erineda.[:ru]\u041a\u0440\u0430\u0441\u043d\u044b\u0435 \u0440\u043e\u0437\u044b \u2013 \u044d\u0442\u043e \u0441\u0438\u043c\u0432\u043e\u043b \u0432\u0441\u0435\u043e\u0431\u044a\u0435\u043c\u043b\u044e\u0449\u0435\u0439 \u043b\u044e\u0431\u0432\u0438, \u043d\u0435\u043e\u0431\u0443\u0437\u0434\u0430\u043d\u043d\u043e\u0439 \u0441\u0442\u0440\u0430\u0441\u0442\u0438 \u0438 \u0433\u043b\u0443\u0431\u043e\u043a\u043e\u0439 \u043f\u0440\u0438\u0432\u044f\u0437\u0430\u043d\u043d\u043e\u0441\u0442\u0438. \u0427\u0435\u043c \u044f\u0440\u0447\u0435 \u0446\u0432\u0435\u0442\u043a\u0438, \u0442\u0435\u043c \u0441\u0438\u043b\u044c\u043d\u0435\u0435 \u0447\u0443\u0432\u0441\u0442\u0432\u0430.  \u0417\u043d\u0430\u0447\u0435\u043d\u0438\u0435 \u043a\u0440\u0430\u0441\u043d\u044b\u0445 \u0440\u043e\u0437 \u043c\u0435\u043d\u044f\u0435\u0442\u0441\u044f, \u0435\u0441\u043b\u0438 \u0438\u0445 \u0434\u0430\u0440\u044f\u0442 \u0434\u0440\u0443\u0433 \u0434\u0440\u0443\u0433\u0443 \u0436\u0435\u043d\u0449\u0438\u043d\u044b. \u0412 \u044d\u0442\u043e\u043c \u0441\u043b\u0443\u0447\u0430\u0435 \u0431\u0443\u043a\u0435\u0442 \u043e\u043b\u0438\u0446\u0435\u0442\u0432\u043e\u0440\u044f\u0435\u0442 \u0443\u0432\u0430\u0436\u0435\u043d\u0438\u0435 \u0438 \u0434\u0440\u0443\u0436\u0435\u0441\u043a\u0438\u0435 \u044d\u043c\u043e\u0446\u0438\u0438.  \u041a\u0440\u0430\u0441\u043d\u044b\u0435 \u0440\u043e\u0437\u044b \u043c\u043e\u0436\u043d\u043e \u0434\u0430\u0440\u0438\u0442\u044c \u0438 \u043c\u0443\u0436\u0447\u0438\u043d\u0430\u043c. \u0412 \u044d\u0442\u043e\u043c \u0441\u043b\u0443\u0447\u0430\u0435 \u043e\u043d\u0438 \u043e\u0431\u043e\u0437\u043d\u0430\u0447\u0430\u044e\u0442 \u0432\u044b\u0441\u043e\u043a\u0438\u0439 \u0441\u0442\u0430\u0442\u0443\u0441 \u0438\u043b\u0438 \u0432\u043e\u0441\u0445\u0438\u0449\u0435\u043d\u0438\u0435 \u0435\u0433\u043e \u043c\u0443\u0436\u0435\u0441\u0442\u0432\u043e\u043c, \u0445\u0440\u0430\u0431\u0440\u043e\u0441\u0442\u044c\u044e \u0438 \u0434\u043e\u0441\u0442\u0438\u0436\u0435\u043d\u0438\u044f\u043c\u0438.  \u0426\u0432\u0435\u0442 \u043a\u043e\u0440\u043e\u0431\u043a\u0438 \u043c\u043e\u0436\u0435\u0442 \u043c\u0435\u043d\u044f\u0442\u044c\u0441\u044f .[:en]Red roses are a symbol of all-encompassing love, unbridled passion and deep affection. The brighter the flowers, the stronger the feelings.  The meaning of red roses changes if women give them to each other. In this case, the bouquet represents respect and friendly emotions.  Red roses can also be given to men. In this case, they signify high status or admiration for his courage, bravery, and accomplishments.  Box color may vary.[:]","og_url":"https:\/\/bonfortuno.eu\/toode\/sakrament\/","og_site_name":"Bonfortuno","article_modified_time":"2022-08-19T07:09:55+00:00","og_image":[{"width":370,"height":370,"url":"https:\/\/bonfortuno.eu\/wp-content\/uploads\/2022\/08\/c78926406f70f24cdf42e5f39ca9961e.jpg","type":"image\/jpeg"}],"twitter_card":"summary_large_image","schema":{"@context":"https:\/\/schema.org","@graph":[{"@type":"WebPage","@id":"https:\/\/bonfortuno.eu\/toode\/sakrament\/","url":"https:\/\/bonfortuno.eu\/toode\/sakrament\/","name":"[:et]\"Sakrament\"[:ru]\"\u0422\u0430\u0438\u043d\u0441\u0442\u0432\u043e\"[:en]\"Sacrament\"[:] | Bonfortuno","isPartOf":{"@id":"https:\/\/bonfortuno.eu\/ru\/#website"},"primaryImageOfPage":{"@id":"https:\/\/bonfortuno.eu\/toode\/sakrament\/#primaryimage"},"image":{"@id":"https:\/\/bonfortuno.eu\/toode\/sakrament\/#primaryimage"},"thumbnailUrl":"https:\/\/bonfortuno.eu\/wp-content\/uploads\/2022\/08\/c78926406f70f24cdf42e5f39ca9961e.jpg","datePublished":"2022-08-18T13:02:32+00:00","dateModified":"2022-08-19T07:09:55+00:00","breadcrumb":{"@id":"https:\/\/bonfortuno.eu\/toode\/sakrament\/#breadcrumb"},"inLanguage":"ru-RU","potentialAction":[{"@type":"ReadAction","target":["https:\/\/bonfortuno.eu\/toode\/sakrament\/"]}]},{"@type":"ImageObject","inLanguage":"ru-RU","@id":"https:\/\/bonfortuno.eu\/toode\/sakrament\/#primaryimage","url":"https:\/\/bonfortuno.eu\/wp-content\/uploads\/2022\/08\/c78926406f70f24cdf42e5f39ca9961e.jpg","contentUrl":"https:\/\/bonfortuno.eu\/wp-content\/uploads\/2022\/08\/c78926406f70f24cdf42e5f39ca9961e.jpg","width":370,"height":370},{"@type":"BreadcrumbList","@id":"https:\/\/bonfortuno.eu\/toode\/sakrament\/#breadcrumb","itemListElement":[{"@type":"ListItem","position":1,"name":"\u0413\u043b\u0430\u0432\u043d\u0430\u044f \u0441\u0442\u0440\u0430\u043d\u0438\u0446\u0430","item":"https:\/\/bonfortuno.eu\/"},{"@type":"ListItem","position":2,"name":"\u041c\u0430\u0433\u0430\u0437\u0438\u043d","item":"https:\/\/bonfortuno.eu\/"},{"@type":"ListItem","position":3,"name":"&#8220;Sakrament&#8221;"}]},{"@type":"WebSite","@id":"https:\/\/bonfortuno.eu\/ru\/#website","url":"https:\/\/bonfortuno.eu\/ru\/","name":"Bonfortuno","description":"\u0414\u043e\u0431\u0440\u043e \u043f\u043e\u0436\u0430\u043b\u043e\u0432\u0430\u0442\u044c \u0432 \u043c\u0438\u0440 \u0441\u0432\u0435\u0436\u0438\u0445 \u0446\u0432\u0435\u0442\u043e\u0432","potentialAction":[{"@type":"SearchAction","target":{"@type":"EntryPoint","urlTemplate":"https:\/\/bonfortuno.eu\/ru\/?s={search_term_string}"},"query-input":{"@type":"PropertyValueSpecification","valueRequired":true,"valueName":"search_term_string"}}],"inLanguage":"ru-RU"}]}},"_links":{"self":[{"href":"https:\/\/bonfortuno.eu\/ru\/wp-json\/wp\/v2\/product\/3820","targetHints":{"allow":["GET"]}}],"collection":[{"href":"https:\/\/bonfortuno.eu\/ru\/wp-json\/wp\/v2\/product"}],"about":[{"href":"https:\/\/bonfortuno.eu\/ru\/wp-json\/wp\/v2\/types\/product"}],"wp:featuredmedia":[{"embeddable":true,"href":"https:\/\/bonfortuno.eu\/ru\/wp-json\/wp\/v2\/media\/3815"}],"wp:attachment":[{"href":"https:\/\/bonfortuno.eu\/ru\/wp-json\/wp\/v2\/media?parent=3820"}],"wp:term":[{"taxonomy":"product_brand","embeddable":true,"href":"https:\/\/bonfortuno.eu\/ru\/wp-json\/wp\/v2\/product_brand?post=3820"},{"taxonomy":"product_cat","embeddable":true,"href":"https:\/\/bonfortuno.eu\/ru\/wp-json\/wp\/v2\/product_cat?post=3820"},{"taxonomy":"product_tag","embeddable":true,"href":"https:\/\/bonfortuno.eu\/ru\/wp-json\/wp\/v2\/product_tag?post=3820"}],"curies":[{"name":"wp","href":"https:\/\/api.w.org\/{rel}","templated":true}]}}