{"id":3823,"date":"2022-08-18T16:26:09","date_gmt":"2022-08-18T13:26:09","guid":{"rendered":"https:\/\/bonfortuno.eu\/?post_type=product&#038;p=3823"},"modified":"2022-08-18T16:26:09","modified_gmt":"2022-08-18T13:26:09","slug":"orhideed-vikerkaarekipsidega","status":"publish","type":"product","link":"https:\/\/bonfortuno.eu\/ru\/toode\/orhideed-vikerkaarekipsidega\/","title":{"rendered":"&#187;\u041e\u0440\u0445\u0438\u0434\u0435\u0438 \u0441 \u0440\u0430\u0434\u0443\u0436\u043d\u043e\u0439 \u0433\u0438\u043f\u0441\u043e\u0444\u0438\u043b\u043e\u0439.&#187;"},"content":{"rendered":"","protected":false},"excerpt":{"rendered":"<p>\u0426\u0438\u043c\u0431\u0438\u0434\u0438\u0443\u043c, \u0432\u043e\u0437\u043c\u043e\u0436\u043d\u043e, \u0441\u0430\u043c\u0430\u044f \u043a\u0440\u0430\u0441\u0438\u0432\u0430\u044f \u043e\u0440\u0445\u0438\u0434\u0435\u044f. \u041d\u0435\u0436\u043d\u043e\u0441\u0442\u044c \u0438 \u0443\u0434\u0438\u0432\u0438\u0442\u0435\u043b\u044c\u043d\u0430\u044f \u043a\u0440\u0430\u0441\u043e\u0442\u0430, \u043c\u043d\u043e\u0433\u043e\u043e\u0431\u0440\u0430\u0437\u0438\u0435 \u043a\u0440\u0430\u0441\u043e\u043a \u0438 \u044f\u0440\u043a\u0438\u0439 \u043f\u0440\u0438\u044f\u0442\u043d\u044b\u0439 \u0430\u0440\u043e\u043c\u0430\u0442 \u2013 \u0432\u0441\u0435 \u0441\u043f\u043b\u0435\u043b\u043e\u0441\u044c \u0432\u043e\u0435\u0434\u0438\u043d\u043e \u0432 \u044d\u0442\u043e\u043c \u0444\u0430\u043d\u0442\u0430\u0441\u0442\u0438\u0447\u0435\u0441\u043a\u043e\u043c \u0446\u0432\u0435\u0442\u043a\u0435. \u0417\u0434\u0435\u0441\u044c \u043e\u043d\u0438 \u043f\u0440\u043e\u044f\u0432\u043b\u044f\u044e\u0442\u0441\u044f \u0432\u043e \u0432\u0441\u0435\u043c \u0441\u0432\u043e\u0435\u043c \u0432\u0435\u043b\u0438\u043a\u043e\u043b\u0435\u043f\u0438\u0438, \u043a\u043e\u0442\u043e\u0440\u043e\u0435 \u043d\u0438\u043a\u043e\u0433\u043e \u043d\u0435 \u043c\u043e\u0436\u0435\u0442 \u043e\u0441\u0442\u0430\u0432\u0438\u0442\u044c \u0440\u0430\u0432\u043d\u043e\u0434\u0443\u0448\u043d\u044b\u043c. \u0411\u0443\u043a\u0435\u0442\u044b \u0438\u0437 \u044d\u0442\u0438\u0445 \u043e\u0440\u0445\u0438\u0434\u0435\u0439 \u043d\u0430\u043f\u043e\u043b\u043d\u0435\u043d\u044b \u044d\u043a\u0437\u043e\u0442\u0438\u0447\u043d\u043e\u0441\u0442\u044c\u044e, \u0443\u0442\u043e\u043d\u0447\u0435\u043d\u043d\u043e\u0441\u0442\u044c\u044e \u0438 \u0435\u0441\u0442\u0435\u0441\u0442\u0432\u0435\u043d\u043d\u043e\u0439 \u043f\u0440\u0438\u0440\u043e\u0434\u043d\u043e\u0439 \u0433\u0440\u0430\u0446\u0438\u0435\u0439. <\/p>\n<p>\u0426\u0432\u0435\u0442 \u0446\u0432\u0435\u0442\u043e\u0432 \u0438 \u043a\u043e\u0440\u043e\u0431\u043a\u0438 \u043c\u043e\u0436\u0435\u0442 \u043c\u0435\u043d\u044f\u0442\u044c\u0441\u044f.<\/p>\n","protected":false},"featured_media":3814,"template":"","meta":[],"product_brand":[],"product_cat":[76,37,35],"product_tag":[],"class_list":{"0":"post-3823","1":"product","2":"type-product","3":"status-publish","4":"has-post-thumbnail","6":"product_cat-koik-tooted","7":"product_cat-lilleseade-karbis","8":"product_cat-lilleseaded","10":"first","11":"instock","12":"shipping-taxable","13":"purchasable","14":"product-type-simple"},"yoast_head":"<!-- This site is optimized with the Yoast SEO plugin v27.3 - https:\/\/yoast.com\/product\/yoast-seo-wordpress\/ -->\n<title>&quot;\u041e\u0440\u0445\u0438\u0434\u0435\u0438 \u0441 \u0440\u0430\u0434\u0443\u0436\u043d\u043e\u0439 \u0433\u0438\u043f\u0441\u043e\u0444\u0438\u043b\u043e\u0439.&quot; | Bonfortuno<\/title>\n<meta name=\"robots\" content=\"index, follow, max-snippet:-1, max-image-preview:large, max-video-preview:-1\" \/>\n<link rel=\"canonical\" href=\"https:\/\/bonfortuno.eu\/toode\/orhideed-vikerkaarekipsidega\/\" \/>\n<meta property=\"og:locale\" content=\"ru_RU\" \/>\n<meta property=\"og:type\" content=\"article\" \/>\n<meta property=\"og:title\" content=\"[:et]&quot;Orhideed vikerkaarekipsidega.&quot;[:ru]&quot;\u041e\u0440\u0445\u0438\u0434\u0435\u0438 \u0441 \u0440\u0430\u0434\u0443\u0436\u043d\u043e\u0439 \u0433\u0438\u043f\u0441\u043e\u0444\u0438\u043b\u043e\u0439.&quot;[:en]&quot;Orchids with rainbow gypsophila.&quot;[:] | Bonfortuno\" \/>\n<meta property=\"og:description\" content=\"[:et]Cymbidium on t\u00f5en\u00e4oliselt k\u00f5ige ilusam orhidee. \u00d5rnus ja h\u00e4mmastav ilu, v\u00e4rvide mitmekesisus ja s\u00e4rav meeldiv aroom \u2013 k\u00f5ik on selles fantastilises lilles kokku p\u00f5imitud. Siin ilmuvad nad kogu oma hiilguses, mis ei saa kedagi \u00fcksk\u00f5ikseks j\u00e4tta. Nende orhideede kimbud on t\u00e4idetud eksootika, rafineerituse ja loomuliku armuga.  Lilled ja karbid v\u00f5ivad olla erineva v\u00e4rviga.[:ru]\u0426\u0438\u043c\u0431\u0438\u0434\u0438\u0443\u043c, \u0432\u043e\u0437\u043c\u043e\u0436\u043d\u043e, \u0441\u0430\u043c\u0430\u044f \u043a\u0440\u0430\u0441\u0438\u0432\u0430\u044f \u043e\u0440\u0445\u0438\u0434\u0435\u044f. \u041d\u0435\u0436\u043d\u043e\u0441\u0442\u044c \u0438 \u0443\u0434\u0438\u0432\u0438\u0442\u0435\u043b\u044c\u043d\u0430\u044f \u043a\u0440\u0430\u0441\u043e\u0442\u0430, \u043c\u043d\u043e\u0433\u043e\u043e\u0431\u0440\u0430\u0437\u0438\u0435 \u043a\u0440\u0430\u0441\u043e\u043a \u0438 \u044f\u0440\u043a\u0438\u0439 \u043f\u0440\u0438\u044f\u0442\u043d\u044b\u0439 \u0430\u0440\u043e\u043c\u0430\u0442 \u2013 \u0432\u0441\u0435 \u0441\u043f\u043b\u0435\u043b\u043e\u0441\u044c \u0432\u043e\u0435\u0434\u0438\u043d\u043e \u0432 \u044d\u0442\u043e\u043c \u0444\u0430\u043d\u0442\u0430\u0441\u0442\u0438\u0447\u0435\u0441\u043a\u043e\u043c \u0446\u0432\u0435\u0442\u043a\u0435. \u0417\u0434\u0435\u0441\u044c \u043e\u043d\u0438 \u043f\u0440\u043e\u044f\u0432\u043b\u044f\u044e\u0442\u0441\u044f \u0432\u043e \u0432\u0441\u0435\u043c \u0441\u0432\u043e\u0435\u043c \u0432\u0435\u043b\u0438\u043a\u043e\u043b\u0435\u043f\u0438\u0438, \u043a\u043e\u0442\u043e\u0440\u043e\u0435 \u043d\u0438\u043a\u043e\u0433\u043e \u043d\u0435 \u043c\u043e\u0436\u0435\u0442 \u043e\u0441\u0442\u0430\u0432\u0438\u0442\u044c \u0440\u0430\u0432\u043d\u043e\u0434\u0443\u0448\u043d\u044b\u043c. \u0411\u0443\u043a\u0435\u0442\u044b \u0438\u0437 \u044d\u0442\u0438\u0445 \u043e\u0440\u0445\u0438\u0434\u0435\u0439 \u043d\u0430\u043f\u043e\u043b\u043d\u0435\u043d\u044b \u044d\u043a\u0437\u043e\u0442\u0438\u0447\u043d\u043e\u0441\u0442\u044c\u044e, \u0443\u0442\u043e\u043d\u0447\u0435\u043d\u043d\u043e\u0441\u0442\u044c\u044e \u0438 \u0435\u0441\u0442\u0435\u0441\u0442\u0432\u0435\u043d\u043d\u043e\u0439 \u043f\u0440\u0438\u0440\u043e\u0434\u043d\u043e\u0439 \u0433\u0440\u0430\u0446\u0438\u0435\u0439.   \u0426\u0432\u0435\u0442 \u0446\u0432\u0435\u0442\u043e\u0432 \u0438 \u043a\u043e\u0440\u043e\u0431\u043a\u0438 \u043c\u043e\u0436\u0435\u0442 \u043c\u0435\u043d\u044f\u0442\u044c\u0441\u044f.[:en]The Cymbidium is possibly the most beautiful orchid. Tenderness and amazing beauty, a variety of colors and a bright pleasant aroma - everything is woven together in this fantastic flower. Here they appear in all their splendor, which can not leave anyone indifferent. Bouquets of these orchids are filled with exoticism, sophistication and natural grace.  Flowers and boxes may vary in color.[:]\" \/>\n<meta property=\"og:url\" content=\"https:\/\/bonfortuno.eu\/toode\/orhideed-vikerkaarekipsidega\/\" \/>\n<meta property=\"og:site_name\" content=\"Bonfortuno\" \/>\n<meta property=\"og:image\" content=\"https:\/\/bonfortuno.eu\/wp-content\/uploads\/2022\/08\/c89c3761abe275ca3ac1ee76914104d4.jpg\" \/>\n\t<meta property=\"og:image:width\" content=\"500\" \/>\n\t<meta property=\"og:image:height\" content=\"500\" \/>\n\t<meta property=\"og:image:type\" content=\"image\/jpeg\" \/>\n<meta name=\"twitter:card\" content=\"summary_large_image\" \/>\n<script type=\"application\/ld+json\" class=\"yoast-schema-graph\">{\"@context\":\"https:\\\/\\\/schema.org\",\"@graph\":[{\"@type\":\"WebPage\",\"@id\":\"https:\\\/\\\/bonfortuno.eu\\\/toode\\\/orhideed-vikerkaarekipsidega\\\/\",\"url\":\"https:\\\/\\\/bonfortuno.eu\\\/toode\\\/orhideed-vikerkaarekipsidega\\\/\",\"name\":\"[:et]\\\"Orhideed vikerkaarekipsidega.\\\"[:ru]\\\"\u041e\u0440\u0445\u0438\u0434\u0435\u0438 \u0441 \u0440\u0430\u0434\u0443\u0436\u043d\u043e\u0439 \u0433\u0438\u043f\u0441\u043e\u0444\u0438\u043b\u043e\u0439.\\\"[:en]\\\"Orchids with rainbow gypsophila.\\\"[:] | Bonfortuno\",\"isPartOf\":{\"@id\":\"https:\\\/\\\/bonfortuno.eu\\\/ru\\\/#website\"},\"primaryImageOfPage\":{\"@id\":\"https:\\\/\\\/bonfortuno.eu\\\/toode\\\/orhideed-vikerkaarekipsidega\\\/#primaryimage\"},\"image\":{\"@id\":\"https:\\\/\\\/bonfortuno.eu\\\/toode\\\/orhideed-vikerkaarekipsidega\\\/#primaryimage\"},\"thumbnailUrl\":\"https:\\\/\\\/bonfortuno.eu\\\/wp-content\\\/uploads\\\/2022\\\/08\\\/c89c3761abe275ca3ac1ee76914104d4.jpg\",\"datePublished\":\"2022-08-18T13:26:09+00:00\",\"breadcrumb\":{\"@id\":\"https:\\\/\\\/bonfortuno.eu\\\/toode\\\/orhideed-vikerkaarekipsidega\\\/#breadcrumb\"},\"inLanguage\":\"ru-RU\",\"potentialAction\":[{\"@type\":\"ReadAction\",\"target\":[\"https:\\\/\\\/bonfortuno.eu\\\/toode\\\/orhideed-vikerkaarekipsidega\\\/\"]}]},{\"@type\":\"ImageObject\",\"inLanguage\":\"ru-RU\",\"@id\":\"https:\\\/\\\/bonfortuno.eu\\\/toode\\\/orhideed-vikerkaarekipsidega\\\/#primaryimage\",\"url\":\"https:\\\/\\\/bonfortuno.eu\\\/wp-content\\\/uploads\\\/2022\\\/08\\\/c89c3761abe275ca3ac1ee76914104d4.jpg\",\"contentUrl\":\"https:\\\/\\\/bonfortuno.eu\\\/wp-content\\\/uploads\\\/2022\\\/08\\\/c89c3761abe275ca3ac1ee76914104d4.jpg\",\"width\":500,\"height\":500},{\"@type\":\"BreadcrumbList\",\"@id\":\"https:\\\/\\\/bonfortuno.eu\\\/toode\\\/orhideed-vikerkaarekipsidega\\\/#breadcrumb\",\"itemListElement\":[{\"@type\":\"ListItem\",\"position\":1,\"name\":\"\u0413\u043b\u0430\u0432\u043d\u0430\u044f \u0441\u0442\u0440\u0430\u043d\u0438\u0446\u0430\",\"item\":\"https:\\\/\\\/bonfortuno.eu\\\/\"},{\"@type\":\"ListItem\",\"position\":2,\"name\":\"\u041c\u0430\u0433\u0430\u0437\u0438\u043d\",\"item\":\"https:\\\/\\\/bonfortuno.eu\\\/\"},{\"@type\":\"ListItem\",\"position\":3,\"name\":\"&#8220;Orhideed vikerkaarekipsidega.&#8221;\"}]},{\"@type\":\"WebSite\",\"@id\":\"https:\\\/\\\/bonfortuno.eu\\\/ru\\\/#website\",\"url\":\"https:\\\/\\\/bonfortuno.eu\\\/ru\\\/\",\"name\":\"Bonfortuno\",\"description\":\"\u0414\u043e\u0431\u0440\u043e \u043f\u043e\u0436\u0430\u043b\u043e\u0432\u0430\u0442\u044c \u0432 \u043c\u0438\u0440 \u0441\u0432\u0435\u0436\u0438\u0445 \u0446\u0432\u0435\u0442\u043e\u0432\",\"potentialAction\":[{\"@type\":\"SearchAction\",\"target\":{\"@type\":\"EntryPoint\",\"urlTemplate\":\"https:\\\/\\\/bonfortuno.eu\\\/ru\\\/?s={search_term_string}\"},\"query-input\":{\"@type\":\"PropertyValueSpecification\",\"valueRequired\":true,\"valueName\":\"search_term_string\"}}],\"inLanguage\":\"ru-RU\"}]}<\/script>\n<!-- \/ Yoast SEO plugin. -->","yoast_head_json":{"title":"[:et]\"Orhideed vikerkaarekipsidega.\"[:ru]\"\u041e\u0440\u0445\u0438\u0434\u0435\u0438 \u0441 \u0440\u0430\u0434\u0443\u0436\u043d\u043e\u0439 \u0433\u0438\u043f\u0441\u043e\u0444\u0438\u043b\u043e\u0439.\"[:en]\"Orchids with rainbow gypsophila.\"[:] | Bonfortuno","robots":{"index":"index","follow":"follow","max-snippet":"max-snippet:-1","max-image-preview":"max-image-preview:large","max-video-preview":"max-video-preview:-1"},"canonical":"https:\/\/bonfortuno.eu\/toode\/orhideed-vikerkaarekipsidega\/","og_locale":"ru_RU","og_type":"article","og_title":"[:et]\"Orhideed vikerkaarekipsidega.\"[:ru]\"\u041e\u0440\u0445\u0438\u0434\u0435\u0438 \u0441 \u0440\u0430\u0434\u0443\u0436\u043d\u043e\u0439 \u0433\u0438\u043f\u0441\u043e\u0444\u0438\u043b\u043e\u0439.\"[:en]\"Orchids with rainbow gypsophila.\"[:] | Bonfortuno","og_description":"[:et]Cymbidium on t\u00f5en\u00e4oliselt k\u00f5ige ilusam orhidee. \u00d5rnus ja h\u00e4mmastav ilu, v\u00e4rvide mitmekesisus ja s\u00e4rav meeldiv aroom \u2013 k\u00f5ik on selles fantastilises lilles kokku p\u00f5imitud. Siin ilmuvad nad kogu oma hiilguses, mis ei saa kedagi \u00fcksk\u00f5ikseks j\u00e4tta. Nende orhideede kimbud on t\u00e4idetud eksootika, rafineerituse ja loomuliku armuga.  Lilled ja karbid v\u00f5ivad olla erineva v\u00e4rviga.[:ru]\u0426\u0438\u043c\u0431\u0438\u0434\u0438\u0443\u043c, \u0432\u043e\u0437\u043c\u043e\u0436\u043d\u043e, \u0441\u0430\u043c\u0430\u044f \u043a\u0440\u0430\u0441\u0438\u0432\u0430\u044f \u043e\u0440\u0445\u0438\u0434\u0435\u044f. \u041d\u0435\u0436\u043d\u043e\u0441\u0442\u044c \u0438 \u0443\u0434\u0438\u0432\u0438\u0442\u0435\u043b\u044c\u043d\u0430\u044f \u043a\u0440\u0430\u0441\u043e\u0442\u0430, \u043c\u043d\u043e\u0433\u043e\u043e\u0431\u0440\u0430\u0437\u0438\u0435 \u043a\u0440\u0430\u0441\u043e\u043a \u0438 \u044f\u0440\u043a\u0438\u0439 \u043f\u0440\u0438\u044f\u0442\u043d\u044b\u0439 \u0430\u0440\u043e\u043c\u0430\u0442 \u2013 \u0432\u0441\u0435 \u0441\u043f\u043b\u0435\u043b\u043e\u0441\u044c \u0432\u043e\u0435\u0434\u0438\u043d\u043e \u0432 \u044d\u0442\u043e\u043c \u0444\u0430\u043d\u0442\u0430\u0441\u0442\u0438\u0447\u0435\u0441\u043a\u043e\u043c \u0446\u0432\u0435\u0442\u043a\u0435. \u0417\u0434\u0435\u0441\u044c \u043e\u043d\u0438 \u043f\u0440\u043e\u044f\u0432\u043b\u044f\u044e\u0442\u0441\u044f \u0432\u043e \u0432\u0441\u0435\u043c \u0441\u0432\u043e\u0435\u043c \u0432\u0435\u043b\u0438\u043a\u043e\u043b\u0435\u043f\u0438\u0438, \u043a\u043e\u0442\u043e\u0440\u043e\u0435 \u043d\u0438\u043a\u043e\u0433\u043e \u043d\u0435 \u043c\u043e\u0436\u0435\u0442 \u043e\u0441\u0442\u0430\u0432\u0438\u0442\u044c \u0440\u0430\u0432\u043d\u043e\u0434\u0443\u0448\u043d\u044b\u043c. \u0411\u0443\u043a\u0435\u0442\u044b \u0438\u0437 \u044d\u0442\u0438\u0445 \u043e\u0440\u0445\u0438\u0434\u0435\u0439 \u043d\u0430\u043f\u043e\u043b\u043d\u0435\u043d\u044b \u044d\u043a\u0437\u043e\u0442\u0438\u0447\u043d\u043e\u0441\u0442\u044c\u044e, \u0443\u0442\u043e\u043d\u0447\u0435\u043d\u043d\u043e\u0441\u0442\u044c\u044e \u0438 \u0435\u0441\u0442\u0435\u0441\u0442\u0432\u0435\u043d\u043d\u043e\u0439 \u043f\u0440\u0438\u0440\u043e\u0434\u043d\u043e\u0439 \u0433\u0440\u0430\u0446\u0438\u0435\u0439.   \u0426\u0432\u0435\u0442 \u0446\u0432\u0435\u0442\u043e\u0432 \u0438 \u043a\u043e\u0440\u043e\u0431\u043a\u0438 \u043c\u043e\u0436\u0435\u0442 \u043c\u0435\u043d\u044f\u0442\u044c\u0441\u044f.[:en]The Cymbidium is possibly the most beautiful orchid. Tenderness and amazing beauty, a variety of colors and a bright pleasant aroma - everything is woven together in this fantastic flower. Here they appear in all their splendor, which can not leave anyone indifferent. Bouquets of these orchids are filled with exoticism, sophistication and natural grace.  Flowers and boxes may vary in color.[:]","og_url":"https:\/\/bonfortuno.eu\/toode\/orhideed-vikerkaarekipsidega\/","og_site_name":"Bonfortuno","og_image":[{"width":500,"height":500,"url":"https:\/\/bonfortuno.eu\/wp-content\/uploads\/2022\/08\/c89c3761abe275ca3ac1ee76914104d4.jpg","type":"image\/jpeg"}],"twitter_card":"summary_large_image","schema":{"@context":"https:\/\/schema.org","@graph":[{"@type":"WebPage","@id":"https:\/\/bonfortuno.eu\/toode\/orhideed-vikerkaarekipsidega\/","url":"https:\/\/bonfortuno.eu\/toode\/orhideed-vikerkaarekipsidega\/","name":"[:et]\"Orhideed vikerkaarekipsidega.\"[:ru]\"\u041e\u0440\u0445\u0438\u0434\u0435\u0438 \u0441 \u0440\u0430\u0434\u0443\u0436\u043d\u043e\u0439 \u0433\u0438\u043f\u0441\u043e\u0444\u0438\u043b\u043e\u0439.\"[:en]\"Orchids with rainbow gypsophila.\"[:] | Bonfortuno","isPartOf":{"@id":"https:\/\/bonfortuno.eu\/ru\/#website"},"primaryImageOfPage":{"@id":"https:\/\/bonfortuno.eu\/toode\/orhideed-vikerkaarekipsidega\/#primaryimage"},"image":{"@id":"https:\/\/bonfortuno.eu\/toode\/orhideed-vikerkaarekipsidega\/#primaryimage"},"thumbnailUrl":"https:\/\/bonfortuno.eu\/wp-content\/uploads\/2022\/08\/c89c3761abe275ca3ac1ee76914104d4.jpg","datePublished":"2022-08-18T13:26:09+00:00","breadcrumb":{"@id":"https:\/\/bonfortuno.eu\/toode\/orhideed-vikerkaarekipsidega\/#breadcrumb"},"inLanguage":"ru-RU","potentialAction":[{"@type":"ReadAction","target":["https:\/\/bonfortuno.eu\/toode\/orhideed-vikerkaarekipsidega\/"]}]},{"@type":"ImageObject","inLanguage":"ru-RU","@id":"https:\/\/bonfortuno.eu\/toode\/orhideed-vikerkaarekipsidega\/#primaryimage","url":"https:\/\/bonfortuno.eu\/wp-content\/uploads\/2022\/08\/c89c3761abe275ca3ac1ee76914104d4.jpg","contentUrl":"https:\/\/bonfortuno.eu\/wp-content\/uploads\/2022\/08\/c89c3761abe275ca3ac1ee76914104d4.jpg","width":500,"height":500},{"@type":"BreadcrumbList","@id":"https:\/\/bonfortuno.eu\/toode\/orhideed-vikerkaarekipsidega\/#breadcrumb","itemListElement":[{"@type":"ListItem","position":1,"name":"\u0413\u043b\u0430\u0432\u043d\u0430\u044f \u0441\u0442\u0440\u0430\u043d\u0438\u0446\u0430","item":"https:\/\/bonfortuno.eu\/"},{"@type":"ListItem","position":2,"name":"\u041c\u0430\u0433\u0430\u0437\u0438\u043d","item":"https:\/\/bonfortuno.eu\/"},{"@type":"ListItem","position":3,"name":"&#8220;Orhideed vikerkaarekipsidega.&#8221;"}]},{"@type":"WebSite","@id":"https:\/\/bonfortuno.eu\/ru\/#website","url":"https:\/\/bonfortuno.eu\/ru\/","name":"Bonfortuno","description":"\u0414\u043e\u0431\u0440\u043e \u043f\u043e\u0436\u0430\u043b\u043e\u0432\u0430\u0442\u044c \u0432 \u043c\u0438\u0440 \u0441\u0432\u0435\u0436\u0438\u0445 \u0446\u0432\u0435\u0442\u043e\u0432","potentialAction":[{"@type":"SearchAction","target":{"@type":"EntryPoint","urlTemplate":"https:\/\/bonfortuno.eu\/ru\/?s={search_term_string}"},"query-input":{"@type":"PropertyValueSpecification","valueRequired":true,"valueName":"search_term_string"}}],"inLanguage":"ru-RU"}]}},"_links":{"self":[{"href":"https:\/\/bonfortuno.eu\/ru\/wp-json\/wp\/v2\/product\/3823","targetHints":{"allow":["GET"]}}],"collection":[{"href":"https:\/\/bonfortuno.eu\/ru\/wp-json\/wp\/v2\/product"}],"about":[{"href":"https:\/\/bonfortuno.eu\/ru\/wp-json\/wp\/v2\/types\/product"}],"wp:featuredmedia":[{"embeddable":true,"href":"https:\/\/bonfortuno.eu\/ru\/wp-json\/wp\/v2\/media\/3814"}],"wp:attachment":[{"href":"https:\/\/bonfortuno.eu\/ru\/wp-json\/wp\/v2\/media?parent=3823"}],"wp:term":[{"taxonomy":"product_brand","embeddable":true,"href":"https:\/\/bonfortuno.eu\/ru\/wp-json\/wp\/v2\/product_brand?post=3823"},{"taxonomy":"product_cat","embeddable":true,"href":"https:\/\/bonfortuno.eu\/ru\/wp-json\/wp\/v2\/product_cat?post=3823"},{"taxonomy":"product_tag","embeddable":true,"href":"https:\/\/bonfortuno.eu\/ru\/wp-json\/wp\/v2\/product_tag?post=3823"}],"curies":[{"name":"wp","href":"https:\/\/api.w.org\/{rel}","templated":true}]}}