{"id":3825,"date":"2022-08-18T16:42:27","date_gmt":"2022-08-18T13:42:27","guid":{"rendered":"https:\/\/bonfortuno.eu\/?post_type=product&#038;p=3825"},"modified":"2022-08-18T16:42:28","modified_gmt":"2022-08-18T13:42:28","slug":"kast-roose-ja-eustoma","status":"publish","type":"product","link":"https:\/\/bonfortuno.eu\/ru\/toode\/kast-roose-ja-eustoma\/","title":{"rendered":"&#187;\u041a\u043e\u0440\u043e\u0431\u043e\u0447\u043a\u0430 \u0438\u0437 \u0440\u043e\u0437 \u0438 \u044d\u0443\u0441\u0442\u043e\u043c\u044b.&#187;"},"content":{"rendered":"","protected":false},"excerpt":{"rendered":"<p>\u0426\u0432\u0435\u0442\u044b \u0432 \u043a\u043e\u0440\u043e\u0431\u043a\u0430\u0445 \u2013 \u044d\u0442\u043e \u043a\u0440\u0430\u0441\u043e\u0442\u0430, \u043d\u0435 \u043e\u0431\u0440\u0435\u043c\u0435\u043d\u0435\u043d\u043d\u0430\u044f \u043b\u0438\u0448\u043d\u0438\u043c\u0438 \u0434\u0435\u0442\u0430\u043b\u044f\u043c\u0438. \u041c\u044b \u0432\u0438\u0434\u0438\u043c \u0443\u0434\u0438\u0432\u0438\u0442\u0435\u043b\u044c\u043d\u0443\u044e \u043f\u0440\u0435\u043b\u0435\u0441\u0442\u044c \u0432 \u0441\u0434\u0435\u0440\u0436\u0430\u043d\u043d\u043e\u0441\u0442\u0438 \u0438 \u043c\u0438\u043d\u0438\u043c\u0430\u043b\u0438\u0437\u043c\u0435, \u043f\u043e\u044d\u0442\u043e\u043c\u0443 \u043d\u0430\u0448\u0438 \u0446\u0432\u0435\u0442\u044b \u0432 \u0448\u043b\u044f\u043f\u043d\u044b\u0445 \u043a\u043e\u0440\u043e\u0431\u043a\u0430\u0445 \u2013 \u043b\u0443\u0447\u0448\u0438\u0439 \u043f\u043e\u0434\u0430\u0440\u043e\u043a \u0434\u043b\u044f \u0442\u0435\u0445, \u043a\u0442\u043e \u0446\u0435\u043d\u0438\u0442 \u044d\u043b\u0435\u0433\u0430\u043d\u0442\u043d\u043e\u0441\u0442\u044c. \u041e\u0447\u0430\u0440\u043e\u0432\u0430\u0442\u0435\u043b\u044c\u043d\u044b\u0435 \u0440\u043e\u0437\u044b \u2013 \u0446\u0432\u0435\u0442\u044b, \u0441\u043f\u043e\u0441\u043e\u0431\u043d\u044b\u0435 \u0440\u0430\u0441\u0441\u043a\u0430\u0437\u0430\u0442\u044c \u0436\u0435\u043d\u0449\u0438\u043d\u0435 \u0432\u0441\u0451 \u043e \u043d\u0430\u0448\u0438\u0445 \u0441\u0430\u043c\u044b\u0445 \u043d\u0435\u0436\u043d\u044b\u0445 \u0447\u0443\u0432\u0441\u0442\u0432\u0430\u0445, \u0432\u044b\u0440\u0430\u0437\u0438\u0442\u044c \u0431\u043b\u0430\u0433\u043e\u0434\u0430\u0440\u043d\u043e\u0441\u0442\u044c \u0438\u043b\u0438 \u043f\u0440\u0438\u0437\u043d\u0430\u0442\u0435\u043b\u044c\u043d\u043e\u0441\u0442\u044c \u044d\u0442\u0430 \u043f\u0440\u0435\u043a\u0440\u0430\u0441\u043d\u0430\u044f \u0448\u043b\u044f\u043f\u043d\u0430\u044f \u043a\u043e\u0440\u043e\u0431\u043a\u0430 \u0441 \u0432\u0435\u043b\u0438\u043a\u043e\u043b\u0435\u043f\u043d\u044b\u043c\u0438 \u0440\u043e\u0437\u0430\u043c\u0438, \u0441\u0442\u0430\u043d\u0435\u0442 \u0437\u0430\u043c\u0435\u0447\u0430\u0442\u0435\u043b\u044c\u043d\u044b\u043c \u043f\u043e\u0434\u0430\u0440\u043a\u043e\u043c \u0432\u0430\u0448\u0435\u043c\u0443 \u043b\u044e\u0431\u0438\u043c\u043e\u043c\u0443 \u0447\u0435\u043b\u043e\u0432\u0435\u043a\u0443! <\/p>\n<p>\u0426\u0432\u0435\u0442 \u0446\u0432\u0435\u0442\u043e\u0432 \u0438 \u043a\u043e\u0440\u043e\u0431\u043a\u0438 \u043c\u043e\u0436\u0435\u0442 \u043c\u0435\u043d\u044f\u0442\u044c\u0441\u044f.<\/p>\n","protected":false},"featured_media":3807,"template":"","meta":[],"product_brand":[],"product_cat":[76,37,35],"product_tag":[],"class_list":{"0":"post-3825","1":"product","2":"type-product","3":"status-publish","4":"has-post-thumbnail","6":"product_cat-koik-tooted","7":"product_cat-lilleseade-karbis","8":"product_cat-lilleseaded","10":"first","11":"instock","12":"shipping-taxable","13":"purchasable","14":"product-type-simple"},"yoast_head":"<!-- This site is optimized with the Yoast SEO plugin v27.3 - https:\/\/yoast.com\/product\/yoast-seo-wordpress\/ -->\n<title>&quot;\u041a\u043e\u0440\u043e\u0431\u043e\u0447\u043a\u0430 \u0438\u0437 \u0440\u043e\u0437 \u0438 \u044d\u0443\u0441\u0442\u043e\u043c\u044b.&quot; | Bonfortuno<\/title>\n<meta name=\"robots\" content=\"index, follow, max-snippet:-1, max-image-preview:large, max-video-preview:-1\" \/>\n<link rel=\"canonical\" href=\"https:\/\/bonfortuno.eu\/toode\/kast-roose-ja-eustoma\/\" \/>\n<meta property=\"og:locale\" content=\"ru_RU\" \/>\n<meta property=\"og:type\" content=\"article\" \/>\n<meta property=\"og:title\" content=\"[:et]&quot;Kast roose ja eustoma.&quot;[:ru]&quot;\u041a\u043e\u0440\u043e\u0431\u043e\u0447\u043a\u0430 \u0438\u0437 \u0440\u043e\u0437 \u0438 \u044d\u0443\u0441\u0442\u043e\u043c\u044b.&quot;[:en]&quot;A box of roses and eustoma.&quot;[:] | Bonfortuno\" \/>\n<meta property=\"og:description\" content=\"[:et]Lilled kastides on ilu, mitte koormatud mittevajalike detailidega. N\u00e4eme vapustavat v\u00f5lu vaoshoituses ja minimalismis, seega on meie lilled k\u00fcbarakastides parim kingitus neile, kes hindavad elegantsi. V\u00f5luvad roosid \u2013 lilled, mis v\u00f5ivad naisele meie k\u00f5ige \u00f5rnematest tunnetest k\u00f5ike r\u00e4\u00e4kida, v\u00e4ljendada t\u00e4nu v\u00f5i tunnustust, see kaunis suurep\u00e4raste roosidega m\u00fctsikarp on suurep\u00e4rane kingitus Sinu kallimale!   Lilled ja karbid v\u00f5ivad olla erineva v\u00e4rviga.[:ru]\u0426\u0432\u0435\u0442\u044b \u0432 \u043a\u043e\u0440\u043e\u0431\u043a\u0430\u0445 \u2013 \u044d\u0442\u043e \u043a\u0440\u0430\u0441\u043e\u0442\u0430, \u043d\u0435 \u043e\u0431\u0440\u0435\u043c\u0435\u043d\u0435\u043d\u043d\u0430\u044f \u043b\u0438\u0448\u043d\u0438\u043c\u0438 \u0434\u0435\u0442\u0430\u043b\u044f\u043c\u0438. \u041c\u044b \u0432\u0438\u0434\u0438\u043c \u0443\u0434\u0438\u0432\u0438\u0442\u0435\u043b\u044c\u043d\u0443\u044e \u043f\u0440\u0435\u043b\u0435\u0441\u0442\u044c \u0432 \u0441\u0434\u0435\u0440\u0436\u0430\u043d\u043d\u043e\u0441\u0442\u0438 \u0438 \u043c\u0438\u043d\u0438\u043c\u0430\u043b\u0438\u0437\u043c\u0435, \u043f\u043e\u044d\u0442\u043e\u043c\u0443 \u043d\u0430\u0448\u0438 \u0446\u0432\u0435\u0442\u044b \u0432 \u0448\u043b\u044f\u043f\u043d\u044b\u0445 \u043a\u043e\u0440\u043e\u0431\u043a\u0430\u0445 \u2013 \u043b\u0443\u0447\u0448\u0438\u0439 \u043f\u043e\u0434\u0430\u0440\u043e\u043a \u0434\u043b\u044f \u0442\u0435\u0445, \u043a\u0442\u043e \u0446\u0435\u043d\u0438\u0442 \u044d\u043b\u0435\u0433\u0430\u043d\u0442\u043d\u043e\u0441\u0442\u044c. \u041e\u0447\u0430\u0440\u043e\u0432\u0430\u0442\u0435\u043b\u044c\u043d\u044b\u0435 \u0440\u043e\u0437\u044b \u2013 \u0446\u0432\u0435\u0442\u044b, \u0441\u043f\u043e\u0441\u043e\u0431\u043d\u044b\u0435 \u0440\u0430\u0441\u0441\u043a\u0430\u0437\u0430\u0442\u044c \u0436\u0435\u043d\u0449\u0438\u043d\u0435 \u0432\u0441\u0451 \u043e \u043d\u0430\u0448\u0438\u0445 \u0441\u0430\u043c\u044b\u0445 \u043d\u0435\u0436\u043d\u044b\u0445 \u0447\u0443\u0432\u0441\u0442\u0432\u0430\u0445, \u0432\u044b\u0440\u0430\u0437\u0438\u0442\u044c \u0431\u043b\u0430\u0433\u043e\u0434\u0430\u0440\u043d\u043e\u0441\u0442\u044c \u0438\u043b\u0438 \u043f\u0440\u0438\u0437\u043d\u0430\u0442\u0435\u043b\u044c\u043d\u043e\u0441\u0442\u044c \u044d\u0442\u0430 \u043f\u0440\u0435\u043a\u0440\u0430\u0441\u043d\u0430\u044f \u0448\u043b\u044f\u043f\u043d\u0430\u044f \u043a\u043e\u0440\u043e\u0431\u043a\u0430 \u0441 \u0432\u0435\u043b\u0438\u043a\u043e\u043b\u0435\u043f\u043d\u044b\u043c\u0438 \u0440\u043e\u0437\u0430\u043c\u0438, \u0441\u0442\u0430\u043d\u0435\u0442 \u0437\u0430\u043c\u0435\u0447\u0430\u0442\u0435\u043b\u044c\u043d\u044b\u043c \u043f\u043e\u0434\u0430\u0440\u043a\u043e\u043c \u0432\u0430\u0448\u0435\u043c\u0443 \u043b\u044e\u0431\u0438\u043c\u043e\u043c\u0443 \u0447\u0435\u043b\u043e\u0432\u0435\u043a\u0443!    \u0426\u0432\u0435\u0442 \u0446\u0432\u0435\u0442\u043e\u0432 \u0438 \u043a\u043e\u0440\u043e\u0431\u043a\u0438 \u043c\u043e\u0436\u0435\u0442 \u043c\u0435\u043d\u044f\u0442\u044c\u0441\u044f.[:en]Flowers in boxes are beauty, not burdened with unnecessary details. We see amazing charm in restraint and minimalism, so our flowers in hatboxes are the best gift for those who appreciate elegance. Charming roses - flowers that can tell a woman everything about our most tender feelings, express gratitude or appreciation, this beautiful hat box with magnificent roses will be a wonderful gift for your loved one!   Flowers and boxes may vary in color.[:]\" \/>\n<meta property=\"og:url\" content=\"https:\/\/bonfortuno.eu\/toode\/kast-roose-ja-eustoma\/\" \/>\n<meta property=\"og:site_name\" content=\"Bonfortuno\" \/>\n<meta property=\"article:modified_time\" content=\"2022-08-18T13:42:28+00:00\" \/>\n<meta property=\"og:image\" content=\"https:\/\/bonfortuno.eu\/wp-content\/uploads\/2022\/08\/456-2-min.png\" \/>\n\t<meta property=\"og:image:width\" content=\"465\" \/>\n\t<meta property=\"og:image:height\" content=\"445\" \/>\n\t<meta property=\"og:image:type\" content=\"image\/png\" \/>\n<meta name=\"twitter:card\" content=\"summary_large_image\" \/>\n<script type=\"application\/ld+json\" class=\"yoast-schema-graph\">{\"@context\":\"https:\\\/\\\/schema.org\",\"@graph\":[{\"@type\":\"WebPage\",\"@id\":\"https:\\\/\\\/bonfortuno.eu\\\/toode\\\/kast-roose-ja-eustoma\\\/\",\"url\":\"https:\\\/\\\/bonfortuno.eu\\\/toode\\\/kast-roose-ja-eustoma\\\/\",\"name\":\"[:et]\\\"Kast roose ja eustoma.\\\"[:ru]\\\"\u041a\u043e\u0440\u043e\u0431\u043e\u0447\u043a\u0430 \u0438\u0437 \u0440\u043e\u0437 \u0438 \u044d\u0443\u0441\u0442\u043e\u043c\u044b.\\\"[:en]\\\"A box of roses and eustoma.\\\"[:] | Bonfortuno\",\"isPartOf\":{\"@id\":\"https:\\\/\\\/bonfortuno.eu\\\/ru\\\/#website\"},\"primaryImageOfPage\":{\"@id\":\"https:\\\/\\\/bonfortuno.eu\\\/toode\\\/kast-roose-ja-eustoma\\\/#primaryimage\"},\"image\":{\"@id\":\"https:\\\/\\\/bonfortuno.eu\\\/toode\\\/kast-roose-ja-eustoma\\\/#primaryimage\"},\"thumbnailUrl\":\"https:\\\/\\\/bonfortuno.eu\\\/wp-content\\\/uploads\\\/2022\\\/08\\\/456-2-min.png\",\"datePublished\":\"2022-08-18T13:42:27+00:00\",\"dateModified\":\"2022-08-18T13:42:28+00:00\",\"breadcrumb\":{\"@id\":\"https:\\\/\\\/bonfortuno.eu\\\/toode\\\/kast-roose-ja-eustoma\\\/#breadcrumb\"},\"inLanguage\":\"ru-RU\",\"potentialAction\":[{\"@type\":\"ReadAction\",\"target\":[\"https:\\\/\\\/bonfortuno.eu\\\/toode\\\/kast-roose-ja-eustoma\\\/\"]}]},{\"@type\":\"ImageObject\",\"inLanguage\":\"ru-RU\",\"@id\":\"https:\\\/\\\/bonfortuno.eu\\\/toode\\\/kast-roose-ja-eustoma\\\/#primaryimage\",\"url\":\"https:\\\/\\\/bonfortuno.eu\\\/wp-content\\\/uploads\\\/2022\\\/08\\\/456-2-min.png\",\"contentUrl\":\"https:\\\/\\\/bonfortuno.eu\\\/wp-content\\\/uploads\\\/2022\\\/08\\\/456-2-min.png\",\"width\":465,\"height\":445},{\"@type\":\"BreadcrumbList\",\"@id\":\"https:\\\/\\\/bonfortuno.eu\\\/toode\\\/kast-roose-ja-eustoma\\\/#breadcrumb\",\"itemListElement\":[{\"@type\":\"ListItem\",\"position\":1,\"name\":\"\u0413\u043b\u0430\u0432\u043d\u0430\u044f \u0441\u0442\u0440\u0430\u043d\u0438\u0446\u0430\",\"item\":\"https:\\\/\\\/bonfortuno.eu\\\/\"},{\"@type\":\"ListItem\",\"position\":2,\"name\":\"\u041c\u0430\u0433\u0430\u0437\u0438\u043d\",\"item\":\"https:\\\/\\\/bonfortuno.eu\\\/\"},{\"@type\":\"ListItem\",\"position\":3,\"name\":\"&#8220;Kast roose ja eustoma.&#8221;\"}]},{\"@type\":\"WebSite\",\"@id\":\"https:\\\/\\\/bonfortuno.eu\\\/ru\\\/#website\",\"url\":\"https:\\\/\\\/bonfortuno.eu\\\/ru\\\/\",\"name\":\"Bonfortuno\",\"description\":\"\u0414\u043e\u0431\u0440\u043e \u043f\u043e\u0436\u0430\u043b\u043e\u0432\u0430\u0442\u044c \u0432 \u043c\u0438\u0440 \u0441\u0432\u0435\u0436\u0438\u0445 \u0446\u0432\u0435\u0442\u043e\u0432\",\"potentialAction\":[{\"@type\":\"SearchAction\",\"target\":{\"@type\":\"EntryPoint\",\"urlTemplate\":\"https:\\\/\\\/bonfortuno.eu\\\/ru\\\/?s={search_term_string}\"},\"query-input\":{\"@type\":\"PropertyValueSpecification\",\"valueRequired\":true,\"valueName\":\"search_term_string\"}}],\"inLanguage\":\"ru-RU\"}]}<\/script>\n<!-- \/ Yoast SEO plugin. -->","yoast_head_json":{"title":"[:et]\"Kast roose ja eustoma.\"[:ru]\"\u041a\u043e\u0440\u043e\u0431\u043e\u0447\u043a\u0430 \u0438\u0437 \u0440\u043e\u0437 \u0438 \u044d\u0443\u0441\u0442\u043e\u043c\u044b.\"[:en]\"A box of roses and eustoma.\"[:] | Bonfortuno","robots":{"index":"index","follow":"follow","max-snippet":"max-snippet:-1","max-image-preview":"max-image-preview:large","max-video-preview":"max-video-preview:-1"},"canonical":"https:\/\/bonfortuno.eu\/toode\/kast-roose-ja-eustoma\/","og_locale":"ru_RU","og_type":"article","og_title":"[:et]\"Kast roose ja eustoma.\"[:ru]\"\u041a\u043e\u0440\u043e\u0431\u043e\u0447\u043a\u0430 \u0438\u0437 \u0440\u043e\u0437 \u0438 \u044d\u0443\u0441\u0442\u043e\u043c\u044b.\"[:en]\"A box of roses and eustoma.\"[:] | Bonfortuno","og_description":"[:et]Lilled kastides on ilu, mitte koormatud mittevajalike detailidega. N\u00e4eme vapustavat v\u00f5lu vaoshoituses ja minimalismis, seega on meie lilled k\u00fcbarakastides parim kingitus neile, kes hindavad elegantsi. V\u00f5luvad roosid \u2013 lilled, mis v\u00f5ivad naisele meie k\u00f5ige \u00f5rnematest tunnetest k\u00f5ike r\u00e4\u00e4kida, v\u00e4ljendada t\u00e4nu v\u00f5i tunnustust, see kaunis suurep\u00e4raste roosidega m\u00fctsikarp on suurep\u00e4rane kingitus Sinu kallimale!   Lilled ja karbid v\u00f5ivad olla erineva v\u00e4rviga.[:ru]\u0426\u0432\u0435\u0442\u044b \u0432 \u043a\u043e\u0440\u043e\u0431\u043a\u0430\u0445 \u2013 \u044d\u0442\u043e \u043a\u0440\u0430\u0441\u043e\u0442\u0430, \u043d\u0435 \u043e\u0431\u0440\u0435\u043c\u0435\u043d\u0435\u043d\u043d\u0430\u044f \u043b\u0438\u0448\u043d\u0438\u043c\u0438 \u0434\u0435\u0442\u0430\u043b\u044f\u043c\u0438. \u041c\u044b \u0432\u0438\u0434\u0438\u043c \u0443\u0434\u0438\u0432\u0438\u0442\u0435\u043b\u044c\u043d\u0443\u044e \u043f\u0440\u0435\u043b\u0435\u0441\u0442\u044c \u0432 \u0441\u0434\u0435\u0440\u0436\u0430\u043d\u043d\u043e\u0441\u0442\u0438 \u0438 \u043c\u0438\u043d\u0438\u043c\u0430\u043b\u0438\u0437\u043c\u0435, \u043f\u043e\u044d\u0442\u043e\u043c\u0443 \u043d\u0430\u0448\u0438 \u0446\u0432\u0435\u0442\u044b \u0432 \u0448\u043b\u044f\u043f\u043d\u044b\u0445 \u043a\u043e\u0440\u043e\u0431\u043a\u0430\u0445 \u2013 \u043b\u0443\u0447\u0448\u0438\u0439 \u043f\u043e\u0434\u0430\u0440\u043e\u043a \u0434\u043b\u044f \u0442\u0435\u0445, \u043a\u0442\u043e \u0446\u0435\u043d\u0438\u0442 \u044d\u043b\u0435\u0433\u0430\u043d\u0442\u043d\u043e\u0441\u0442\u044c. \u041e\u0447\u0430\u0440\u043e\u0432\u0430\u0442\u0435\u043b\u044c\u043d\u044b\u0435 \u0440\u043e\u0437\u044b \u2013 \u0446\u0432\u0435\u0442\u044b, \u0441\u043f\u043e\u0441\u043e\u0431\u043d\u044b\u0435 \u0440\u0430\u0441\u0441\u043a\u0430\u0437\u0430\u0442\u044c \u0436\u0435\u043d\u0449\u0438\u043d\u0435 \u0432\u0441\u0451 \u043e \u043d\u0430\u0448\u0438\u0445 \u0441\u0430\u043c\u044b\u0445 \u043d\u0435\u0436\u043d\u044b\u0445 \u0447\u0443\u0432\u0441\u0442\u0432\u0430\u0445, \u0432\u044b\u0440\u0430\u0437\u0438\u0442\u044c \u0431\u043b\u0430\u0433\u043e\u0434\u0430\u0440\u043d\u043e\u0441\u0442\u044c \u0438\u043b\u0438 \u043f\u0440\u0438\u0437\u043d\u0430\u0442\u0435\u043b\u044c\u043d\u043e\u0441\u0442\u044c \u044d\u0442\u0430 \u043f\u0440\u0435\u043a\u0440\u0430\u0441\u043d\u0430\u044f \u0448\u043b\u044f\u043f\u043d\u0430\u044f \u043a\u043e\u0440\u043e\u0431\u043a\u0430 \u0441 \u0432\u0435\u043b\u0438\u043a\u043e\u043b\u0435\u043f\u043d\u044b\u043c\u0438 \u0440\u043e\u0437\u0430\u043c\u0438, \u0441\u0442\u0430\u043d\u0435\u0442 \u0437\u0430\u043c\u0435\u0447\u0430\u0442\u0435\u043b\u044c\u043d\u044b\u043c \u043f\u043e\u0434\u0430\u0440\u043a\u043e\u043c \u0432\u0430\u0448\u0435\u043c\u0443 \u043b\u044e\u0431\u0438\u043c\u043e\u043c\u0443 \u0447\u0435\u043b\u043e\u0432\u0435\u043a\u0443!    \u0426\u0432\u0435\u0442 \u0446\u0432\u0435\u0442\u043e\u0432 \u0438 \u043a\u043e\u0440\u043e\u0431\u043a\u0438 \u043c\u043e\u0436\u0435\u0442 \u043c\u0435\u043d\u044f\u0442\u044c\u0441\u044f.[:en]Flowers in boxes are beauty, not burdened with unnecessary details. We see amazing charm in restraint and minimalism, so our flowers in hatboxes are the best gift for those who appreciate elegance. Charming roses - flowers that can tell a woman everything about our most tender feelings, express gratitude or appreciation, this beautiful hat box with magnificent roses will be a wonderful gift for your loved one!   Flowers and boxes may vary in color.[:]","og_url":"https:\/\/bonfortuno.eu\/toode\/kast-roose-ja-eustoma\/","og_site_name":"Bonfortuno","article_modified_time":"2022-08-18T13:42:28+00:00","og_image":[{"width":465,"height":445,"url":"https:\/\/bonfortuno.eu\/wp-content\/uploads\/2022\/08\/456-2-min.png","type":"image\/png"}],"twitter_card":"summary_large_image","schema":{"@context":"https:\/\/schema.org","@graph":[{"@type":"WebPage","@id":"https:\/\/bonfortuno.eu\/toode\/kast-roose-ja-eustoma\/","url":"https:\/\/bonfortuno.eu\/toode\/kast-roose-ja-eustoma\/","name":"[:et]\"Kast roose ja eustoma.\"[:ru]\"\u041a\u043e\u0440\u043e\u0431\u043e\u0447\u043a\u0430 \u0438\u0437 \u0440\u043e\u0437 \u0438 \u044d\u0443\u0441\u0442\u043e\u043c\u044b.\"[:en]\"A box of roses and eustoma.\"[:] | Bonfortuno","isPartOf":{"@id":"https:\/\/bonfortuno.eu\/ru\/#website"},"primaryImageOfPage":{"@id":"https:\/\/bonfortuno.eu\/toode\/kast-roose-ja-eustoma\/#primaryimage"},"image":{"@id":"https:\/\/bonfortuno.eu\/toode\/kast-roose-ja-eustoma\/#primaryimage"},"thumbnailUrl":"https:\/\/bonfortuno.eu\/wp-content\/uploads\/2022\/08\/456-2-min.png","datePublished":"2022-08-18T13:42:27+00:00","dateModified":"2022-08-18T13:42:28+00:00","breadcrumb":{"@id":"https:\/\/bonfortuno.eu\/toode\/kast-roose-ja-eustoma\/#breadcrumb"},"inLanguage":"ru-RU","potentialAction":[{"@type":"ReadAction","target":["https:\/\/bonfortuno.eu\/toode\/kast-roose-ja-eustoma\/"]}]},{"@type":"ImageObject","inLanguage":"ru-RU","@id":"https:\/\/bonfortuno.eu\/toode\/kast-roose-ja-eustoma\/#primaryimage","url":"https:\/\/bonfortuno.eu\/wp-content\/uploads\/2022\/08\/456-2-min.png","contentUrl":"https:\/\/bonfortuno.eu\/wp-content\/uploads\/2022\/08\/456-2-min.png","width":465,"height":445},{"@type":"BreadcrumbList","@id":"https:\/\/bonfortuno.eu\/toode\/kast-roose-ja-eustoma\/#breadcrumb","itemListElement":[{"@type":"ListItem","position":1,"name":"\u0413\u043b\u0430\u0432\u043d\u0430\u044f \u0441\u0442\u0440\u0430\u043d\u0438\u0446\u0430","item":"https:\/\/bonfortuno.eu\/"},{"@type":"ListItem","position":2,"name":"\u041c\u0430\u0433\u0430\u0437\u0438\u043d","item":"https:\/\/bonfortuno.eu\/"},{"@type":"ListItem","position":3,"name":"&#8220;Kast roose ja eustoma.&#8221;"}]},{"@type":"WebSite","@id":"https:\/\/bonfortuno.eu\/ru\/#website","url":"https:\/\/bonfortuno.eu\/ru\/","name":"Bonfortuno","description":"\u0414\u043e\u0431\u0440\u043e \u043f\u043e\u0436\u0430\u043b\u043e\u0432\u0430\u0442\u044c \u0432 \u043c\u0438\u0440 \u0441\u0432\u0435\u0436\u0438\u0445 \u0446\u0432\u0435\u0442\u043e\u0432","potentialAction":[{"@type":"SearchAction","target":{"@type":"EntryPoint","urlTemplate":"https:\/\/bonfortuno.eu\/ru\/?s={search_term_string}"},"query-input":{"@type":"PropertyValueSpecification","valueRequired":true,"valueName":"search_term_string"}}],"inLanguage":"ru-RU"}]}},"_links":{"self":[{"href":"https:\/\/bonfortuno.eu\/ru\/wp-json\/wp\/v2\/product\/3825","targetHints":{"allow":["GET"]}}],"collection":[{"href":"https:\/\/bonfortuno.eu\/ru\/wp-json\/wp\/v2\/product"}],"about":[{"href":"https:\/\/bonfortuno.eu\/ru\/wp-json\/wp\/v2\/types\/product"}],"wp:featuredmedia":[{"embeddable":true,"href":"https:\/\/bonfortuno.eu\/ru\/wp-json\/wp\/v2\/media\/3807"}],"wp:attachment":[{"href":"https:\/\/bonfortuno.eu\/ru\/wp-json\/wp\/v2\/media?parent=3825"}],"wp:term":[{"taxonomy":"product_brand","embeddable":true,"href":"https:\/\/bonfortuno.eu\/ru\/wp-json\/wp\/v2\/product_brand?post=3825"},{"taxonomy":"product_cat","embeddable":true,"href":"https:\/\/bonfortuno.eu\/ru\/wp-json\/wp\/v2\/product_cat?post=3825"},{"taxonomy":"product_tag","embeddable":true,"href":"https:\/\/bonfortuno.eu\/ru\/wp-json\/wp\/v2\/product_tag?post=3825"}],"curies":[{"name":"wp","href":"https:\/\/api.w.org\/{rel}","templated":true}]}}