{"id":3830,"date":"2022-08-18T17:13:58","date_gmt":"2022-08-18T14:13:58","guid":{"rendered":"https:\/\/bonfortuno.eu\/?post_type=product&#038;p=3830"},"modified":"2022-08-18T17:13:58","modified_gmt":"2022-08-18T14:13:58","slug":"15-valget-roosi-kubarakarbis","status":"publish","type":"product","link":"https:\/\/bonfortuno.eu\/ru\/toode\/15-valget-roosi-kubarakarbis\/","title":{"rendered":"&#187;15 \u0431\u0435\u043b\u044b\u0445 \u0440\u043e\u0437 \u0432 \u0448\u043b\u044f\u043f\u043d\u043e\u0439 \u043a\u043e\u0440\u043e\u0431\u043a\u0435.&#187;"},"content":{"rendered":"","protected":false},"excerpt":{"rendered":"<p>15 \u0431\u0435\u043b\u044b\u0445 \u0440\u043e\u0437 \u0432 \u0448\u043b\u044f\u043f\u043d\u043e\u0439 \u043a\u043e\u0440\u043e\u0431\u043a\u0435 &#8212; \u0434\u043e\u0441\u0442\u0430\u0442\u043e\u0447\u043d\u043e \u043f\u0440\u043e\u0441\u0442 \u0438 \u043e\u0440\u0438\u0433\u0438\u043d\u0430\u043b\u0435\u043d, \u043d\u0430\u0432\u0435\u0432\u0430\u0435\u0442 \u0440\u043e\u043c\u0430\u043d\u0442\u0438\u0447\u0435\u0441\u043a\u043e\u0435 \u043d\u0430\u0441\u0442\u0440\u043e\u0435\u043d\u0438\u0435 \u0438 \u0431\u0443\u043a\u0432\u0430\u043b\u044c\u043d\u043e \u043f\u0440\u043e\u043d\u0438\u0437\u044b\u0432\u0430\u0435\u0442 \u043d\u043e\u0442\u0430\u043c\u0438 \u043b\u044e\u0431\u0432\u0438 \u0432\u0441\u0435 \u043e\u043a\u0440\u0443\u0436\u0430\u044e\u0449\u0435\u0435 \u043f\u0440\u043e\u0441\u0442\u0440\u0430\u043d\u0441\u0442\u0432\u043e. \u041a \u043d\u0435\u043c\u0443 \u043d\u0435\u0432\u043e\u0437\u043c\u043e\u0436\u043d\u043e \u043f\u0440\u0438\u0434\u0440\u0430\u0442\u044c\u0441\u044f, \u0432\u0435\u0434\u044c \u043e\u043d \u0438\u0434\u0435\u0430\u043b\u0435\u043d \u0438 \u0441\u043e\u0432\u0435\u0440\u0448\u0435\u043d\u0435\u043d. \u041e\u043d\u0430 \u0434\u043e\u0432\u043e\u043b\u044c\u043d\u043e \u043b\u0430\u043a\u043e\u043d\u0438\u0447\u043d\u043e \u0441\u043c\u043e\u0442\u0440\u0438\u0442\u0441\u044f, \u043d\u043e \u0432 \u0442\u043e \u0436\u0435 \u0432\u0440\u0435\u043c\u044f \u043f\u043e\u0434\u0447\u0435\u0440\u043a\u0438\u0432\u0430\u0435\u0442 \u043a\u0440\u0430\u0441\u043e\u0442\u0443 \u0438 \u0442\u043e\u0440\u0436\u0435\u0441\u0442\u0432\u0435\u043d\u043d\u043e\u0441\u0442\u044c \u043f\u0440\u0430\u0437\u0434\u043d\u0438\u043a\u0430.<\/p>\n<p>\u0426\u0432\u0435\u0442 \u043a\u043e\u0440\u043e\u0431\u043a\u0438 \u043c\u043e\u0436\u0435\u0442 \u043c\u0435\u043d\u044f\u0442\u044c\u0441\u044f.<\/p>\n","protected":false},"featured_media":3817,"template":"","meta":[],"product_brand":[],"product_cat":[76,37,35],"product_tag":[],"class_list":{"0":"post-3830","1":"product","2":"type-product","3":"status-publish","4":"has-post-thumbnail","6":"product_cat-koik-tooted","7":"product_cat-lilleseade-karbis","8":"product_cat-lilleseaded","10":"first","11":"instock","12":"shipping-taxable","13":"purchasable","14":"product-type-simple"},"yoast_head":"<!-- This site is optimized with the Yoast SEO plugin v27.3 - https:\/\/yoast.com\/product\/yoast-seo-wordpress\/ -->\n<title>&quot;15 \u0431\u0435\u043b\u044b\u0445 \u0440\u043e\u0437 \u0432 \u0448\u043b\u044f\u043f\u043d\u043e\u0439 \u043a\u043e\u0440\u043e\u0431\u043a\u0435.&quot; | Bonfortuno<\/title>\n<meta name=\"robots\" content=\"index, follow, max-snippet:-1, max-image-preview:large, max-video-preview:-1\" \/>\n<link rel=\"canonical\" href=\"https:\/\/bonfortuno.eu\/toode\/15-valget-roosi-kubarakarbis\/\" \/>\n<meta property=\"og:locale\" content=\"ru_RU\" \/>\n<meta property=\"og:type\" content=\"article\" \/>\n<meta property=\"og:title\" content=\"[:et]&quot;15 valget roosi k\u00fcbarakarbis.&quot;[:ru]&quot;15 \u0431\u0435\u043b\u044b\u0445 \u0440\u043e\u0437 \u0432 \u0448\u043b\u044f\u043f\u043d\u043e\u0439 \u043a\u043e\u0440\u043e\u0431\u043a\u0435.&quot;[:en]&quot;15 white roses in a hatbox.&quot;[:] | Bonfortuno\" \/>\n<meta property=\"og:description\" content=\"[:et]15 valget roosi m\u00fctsikarbis - \u00fcsna lihtne ja originaalne, tekitab romantilist meeleolu ja s\u00f5na otseses m\u00f5ttes imbub \u00fcmbritsevasse ruumi armastuse nootidega. Temas on v\u00f5imatu vigu leida, sest ta on t\u00e4iuslik ja t\u00e4iuslik. See n\u00e4eb v\u00e4lja \u00fcsna sisutihe, kuid samal ajal r\u00f5hutab puhkuse ilu ja pidulikkust.   Karbi v\u00e4rvus v\u00f5ib erineda.[:ru]15 \u0431\u0435\u043b\u044b\u0445 \u0440\u043e\u0437 \u0432 \u0448\u043b\u044f\u043f\u043d\u043e\u0439 \u043a\u043e\u0440\u043e\u0431\u043a\u0435 - \u0434\u043e\u0441\u0442\u0430\u0442\u043e\u0447\u043d\u043e \u043f\u0440\u043e\u0441\u0442 \u0438 \u043e\u0440\u0438\u0433\u0438\u043d\u0430\u043b\u0435\u043d, \u043d\u0430\u0432\u0435\u0432\u0430\u0435\u0442 \u0440\u043e\u043c\u0430\u043d\u0442\u0438\u0447\u0435\u0441\u043a\u043e\u0435 \u043d\u0430\u0441\u0442\u0440\u043e\u0435\u043d\u0438\u0435 \u0438 \u0431\u0443\u043a\u0432\u0430\u043b\u044c\u043d\u043e \u043f\u0440\u043e\u043d\u0438\u0437\u044b\u0432\u0430\u0435\u0442 \u043d\u043e\u0442\u0430\u043c\u0438 \u043b\u044e\u0431\u0432\u0438 \u0432\u0441\u0435 \u043e\u043a\u0440\u0443\u0436\u0430\u044e\u0449\u0435\u0435 \u043f\u0440\u043e\u0441\u0442\u0440\u0430\u043d\u0441\u0442\u0432\u043e. \u041a \u043d\u0435\u043c\u0443 \u043d\u0435\u0432\u043e\u0437\u043c\u043e\u0436\u043d\u043e \u043f\u0440\u0438\u0434\u0440\u0430\u0442\u044c\u0441\u044f, \u0432\u0435\u0434\u044c \u043e\u043d \u0438\u0434\u0435\u0430\u043b\u0435\u043d \u0438 \u0441\u043e\u0432\u0435\u0440\u0448\u0435\u043d\u0435\u043d. \u041e\u043d\u0430 \u0434\u043e\u0432\u043e\u043b\u044c\u043d\u043e \u043b\u0430\u043a\u043e\u043d\u0438\u0447\u043d\u043e \u0441\u043c\u043e\u0442\u0440\u0438\u0442\u0441\u044f, \u043d\u043e \u0432 \u0442\u043e \u0436\u0435 \u0432\u0440\u0435\u043c\u044f \u043f\u043e\u0434\u0447\u0435\u0440\u043a\u0438\u0432\u0430\u0435\u0442 \u043a\u0440\u0430\u0441\u043e\u0442\u0443 \u0438 \u0442\u043e\u0440\u0436\u0435\u0441\u0442\u0432\u0435\u043d\u043d\u043e\u0441\u0442\u044c \u043f\u0440\u0430\u0437\u0434\u043d\u0438\u043a\u0430.   \u0426\u0432\u0435\u0442 \u043a\u043e\u0440\u043e\u0431\u043a\u0438 \u043c\u043e\u0436\u0435\u0442 \u043c\u0435\u043d\u044f\u0442\u044c\u0441\u044f.[:en]15 white roses in a hat box - quite simple and original, evokes a romantic mood and literally permeates the surrounding space with notes of love. It is impossible to find fault with him, because he is perfect and perfect. It looks rather concise, but at the same time emphasizes the beauty and solemnity of the holiday.   Box color may vary.[:]\" \/>\n<meta property=\"og:url\" content=\"https:\/\/bonfortuno.eu\/toode\/15-valget-roosi-kubarakarbis\/\" \/>\n<meta property=\"og:site_name\" content=\"Bonfortuno\" \/>\n<meta property=\"og:image\" content=\"https:\/\/bonfortuno.eu\/wp-content\/uploads\/2022\/08\/465-2-min.png\" \/>\n\t<meta property=\"og:image:width\" content=\"465\" \/>\n\t<meta property=\"og:image:height\" content=\"445\" \/>\n\t<meta property=\"og:image:type\" content=\"image\/png\" \/>\n<meta name=\"twitter:card\" content=\"summary_large_image\" \/>\n<script type=\"application\/ld+json\" class=\"yoast-schema-graph\">{\"@context\":\"https:\\\/\\\/schema.org\",\"@graph\":[{\"@type\":\"WebPage\",\"@id\":\"https:\\\/\\\/bonfortuno.eu\\\/toode\\\/15-valget-roosi-kubarakarbis\\\/\",\"url\":\"https:\\\/\\\/bonfortuno.eu\\\/toode\\\/15-valget-roosi-kubarakarbis\\\/\",\"name\":\"[:et]\\\"15 valget roosi k\u00fcbarakarbis.\\\"[:ru]\\\"15 \u0431\u0435\u043b\u044b\u0445 \u0440\u043e\u0437 \u0432 \u0448\u043b\u044f\u043f\u043d\u043e\u0439 \u043a\u043e\u0440\u043e\u0431\u043a\u0435.\\\"[:en]\\\"15 white roses in a hatbox.\\\"[:] | Bonfortuno\",\"isPartOf\":{\"@id\":\"https:\\\/\\\/bonfortuno.eu\\\/ru\\\/#website\"},\"primaryImageOfPage\":{\"@id\":\"https:\\\/\\\/bonfortuno.eu\\\/toode\\\/15-valget-roosi-kubarakarbis\\\/#primaryimage\"},\"image\":{\"@id\":\"https:\\\/\\\/bonfortuno.eu\\\/toode\\\/15-valget-roosi-kubarakarbis\\\/#primaryimage\"},\"thumbnailUrl\":\"https:\\\/\\\/bonfortuno.eu\\\/wp-content\\\/uploads\\\/2022\\\/08\\\/465-2-min.png\",\"datePublished\":\"2022-08-18T14:13:58+00:00\",\"breadcrumb\":{\"@id\":\"https:\\\/\\\/bonfortuno.eu\\\/toode\\\/15-valget-roosi-kubarakarbis\\\/#breadcrumb\"},\"inLanguage\":\"ru-RU\",\"potentialAction\":[{\"@type\":\"ReadAction\",\"target\":[\"https:\\\/\\\/bonfortuno.eu\\\/toode\\\/15-valget-roosi-kubarakarbis\\\/\"]}]},{\"@type\":\"ImageObject\",\"inLanguage\":\"ru-RU\",\"@id\":\"https:\\\/\\\/bonfortuno.eu\\\/toode\\\/15-valget-roosi-kubarakarbis\\\/#primaryimage\",\"url\":\"https:\\\/\\\/bonfortuno.eu\\\/wp-content\\\/uploads\\\/2022\\\/08\\\/465-2-min.png\",\"contentUrl\":\"https:\\\/\\\/bonfortuno.eu\\\/wp-content\\\/uploads\\\/2022\\\/08\\\/465-2-min.png\",\"width\":465,\"height\":445},{\"@type\":\"BreadcrumbList\",\"@id\":\"https:\\\/\\\/bonfortuno.eu\\\/toode\\\/15-valget-roosi-kubarakarbis\\\/#breadcrumb\",\"itemListElement\":[{\"@type\":\"ListItem\",\"position\":1,\"name\":\"\u0413\u043b\u0430\u0432\u043d\u0430\u044f \u0441\u0442\u0440\u0430\u043d\u0438\u0446\u0430\",\"item\":\"https:\\\/\\\/bonfortuno.eu\\\/\"},{\"@type\":\"ListItem\",\"position\":2,\"name\":\"\u041c\u0430\u0433\u0430\u0437\u0438\u043d\",\"item\":\"https:\\\/\\\/bonfortuno.eu\\\/\"},{\"@type\":\"ListItem\",\"position\":3,\"name\":\"&#8220;15 valget roosi k\u00fcbarakarbis.&#8221;\"}]},{\"@type\":\"WebSite\",\"@id\":\"https:\\\/\\\/bonfortuno.eu\\\/ru\\\/#website\",\"url\":\"https:\\\/\\\/bonfortuno.eu\\\/ru\\\/\",\"name\":\"Bonfortuno\",\"description\":\"\u0414\u043e\u0431\u0440\u043e \u043f\u043e\u0436\u0430\u043b\u043e\u0432\u0430\u0442\u044c \u0432 \u043c\u0438\u0440 \u0441\u0432\u0435\u0436\u0438\u0445 \u0446\u0432\u0435\u0442\u043e\u0432\",\"potentialAction\":[{\"@type\":\"SearchAction\",\"target\":{\"@type\":\"EntryPoint\",\"urlTemplate\":\"https:\\\/\\\/bonfortuno.eu\\\/ru\\\/?s={search_term_string}\"},\"query-input\":{\"@type\":\"PropertyValueSpecification\",\"valueRequired\":true,\"valueName\":\"search_term_string\"}}],\"inLanguage\":\"ru-RU\"}]}<\/script>\n<!-- \/ Yoast SEO plugin. -->","yoast_head_json":{"title":"[:et]\"15 valget roosi k\u00fcbarakarbis.\"[:ru]\"15 \u0431\u0435\u043b\u044b\u0445 \u0440\u043e\u0437 \u0432 \u0448\u043b\u044f\u043f\u043d\u043e\u0439 \u043a\u043e\u0440\u043e\u0431\u043a\u0435.\"[:en]\"15 white roses in a hatbox.\"[:] | Bonfortuno","robots":{"index":"index","follow":"follow","max-snippet":"max-snippet:-1","max-image-preview":"max-image-preview:large","max-video-preview":"max-video-preview:-1"},"canonical":"https:\/\/bonfortuno.eu\/toode\/15-valget-roosi-kubarakarbis\/","og_locale":"ru_RU","og_type":"article","og_title":"[:et]\"15 valget roosi k\u00fcbarakarbis.\"[:ru]\"15 \u0431\u0435\u043b\u044b\u0445 \u0440\u043e\u0437 \u0432 \u0448\u043b\u044f\u043f\u043d\u043e\u0439 \u043a\u043e\u0440\u043e\u0431\u043a\u0435.\"[:en]\"15 white roses in a hatbox.\"[:] | Bonfortuno","og_description":"[:et]15 valget roosi m\u00fctsikarbis - \u00fcsna lihtne ja originaalne, tekitab romantilist meeleolu ja s\u00f5na otseses m\u00f5ttes imbub \u00fcmbritsevasse ruumi armastuse nootidega. Temas on v\u00f5imatu vigu leida, sest ta on t\u00e4iuslik ja t\u00e4iuslik. See n\u00e4eb v\u00e4lja \u00fcsna sisutihe, kuid samal ajal r\u00f5hutab puhkuse ilu ja pidulikkust.   Karbi v\u00e4rvus v\u00f5ib erineda.[:ru]15 \u0431\u0435\u043b\u044b\u0445 \u0440\u043e\u0437 \u0432 \u0448\u043b\u044f\u043f\u043d\u043e\u0439 \u043a\u043e\u0440\u043e\u0431\u043a\u0435 - \u0434\u043e\u0441\u0442\u0430\u0442\u043e\u0447\u043d\u043e \u043f\u0440\u043e\u0441\u0442 \u0438 \u043e\u0440\u0438\u0433\u0438\u043d\u0430\u043b\u0435\u043d, \u043d\u0430\u0432\u0435\u0432\u0430\u0435\u0442 \u0440\u043e\u043c\u0430\u043d\u0442\u0438\u0447\u0435\u0441\u043a\u043e\u0435 \u043d\u0430\u0441\u0442\u0440\u043e\u0435\u043d\u0438\u0435 \u0438 \u0431\u0443\u043a\u0432\u0430\u043b\u044c\u043d\u043e \u043f\u0440\u043e\u043d\u0438\u0437\u044b\u0432\u0430\u0435\u0442 \u043d\u043e\u0442\u0430\u043c\u0438 \u043b\u044e\u0431\u0432\u0438 \u0432\u0441\u0435 \u043e\u043a\u0440\u0443\u0436\u0430\u044e\u0449\u0435\u0435 \u043f\u0440\u043e\u0441\u0442\u0440\u0430\u043d\u0441\u0442\u0432\u043e. \u041a \u043d\u0435\u043c\u0443 \u043d\u0435\u0432\u043e\u0437\u043c\u043e\u0436\u043d\u043e \u043f\u0440\u0438\u0434\u0440\u0430\u0442\u044c\u0441\u044f, \u0432\u0435\u0434\u044c \u043e\u043d \u0438\u0434\u0435\u0430\u043b\u0435\u043d \u0438 \u0441\u043e\u0432\u0435\u0440\u0448\u0435\u043d\u0435\u043d. \u041e\u043d\u0430 \u0434\u043e\u0432\u043e\u043b\u044c\u043d\u043e \u043b\u0430\u043a\u043e\u043d\u0438\u0447\u043d\u043e \u0441\u043c\u043e\u0442\u0440\u0438\u0442\u0441\u044f, \u043d\u043e \u0432 \u0442\u043e \u0436\u0435 \u0432\u0440\u0435\u043c\u044f \u043f\u043e\u0434\u0447\u0435\u0440\u043a\u0438\u0432\u0430\u0435\u0442 \u043a\u0440\u0430\u0441\u043e\u0442\u0443 \u0438 \u0442\u043e\u0440\u0436\u0435\u0441\u0442\u0432\u0435\u043d\u043d\u043e\u0441\u0442\u044c \u043f\u0440\u0430\u0437\u0434\u043d\u0438\u043a\u0430.   \u0426\u0432\u0435\u0442 \u043a\u043e\u0440\u043e\u0431\u043a\u0438 \u043c\u043e\u0436\u0435\u0442 \u043c\u0435\u043d\u044f\u0442\u044c\u0441\u044f.[:en]15 white roses in a hat box - quite simple and original, evokes a romantic mood and literally permeates the surrounding space with notes of love. It is impossible to find fault with him, because he is perfect and perfect. It looks rather concise, but at the same time emphasizes the beauty and solemnity of the holiday.   Box color may vary.[:]","og_url":"https:\/\/bonfortuno.eu\/toode\/15-valget-roosi-kubarakarbis\/","og_site_name":"Bonfortuno","og_image":[{"width":465,"height":445,"url":"https:\/\/bonfortuno.eu\/wp-content\/uploads\/2022\/08\/465-2-min.png","type":"image\/png"}],"twitter_card":"summary_large_image","schema":{"@context":"https:\/\/schema.org","@graph":[{"@type":"WebPage","@id":"https:\/\/bonfortuno.eu\/toode\/15-valget-roosi-kubarakarbis\/","url":"https:\/\/bonfortuno.eu\/toode\/15-valget-roosi-kubarakarbis\/","name":"[:et]\"15 valget roosi k\u00fcbarakarbis.\"[:ru]\"15 \u0431\u0435\u043b\u044b\u0445 \u0440\u043e\u0437 \u0432 \u0448\u043b\u044f\u043f\u043d\u043e\u0439 \u043a\u043e\u0440\u043e\u0431\u043a\u0435.\"[:en]\"15 white roses in a hatbox.\"[:] | Bonfortuno","isPartOf":{"@id":"https:\/\/bonfortuno.eu\/ru\/#website"},"primaryImageOfPage":{"@id":"https:\/\/bonfortuno.eu\/toode\/15-valget-roosi-kubarakarbis\/#primaryimage"},"image":{"@id":"https:\/\/bonfortuno.eu\/toode\/15-valget-roosi-kubarakarbis\/#primaryimage"},"thumbnailUrl":"https:\/\/bonfortuno.eu\/wp-content\/uploads\/2022\/08\/465-2-min.png","datePublished":"2022-08-18T14:13:58+00:00","breadcrumb":{"@id":"https:\/\/bonfortuno.eu\/toode\/15-valget-roosi-kubarakarbis\/#breadcrumb"},"inLanguage":"ru-RU","potentialAction":[{"@type":"ReadAction","target":["https:\/\/bonfortuno.eu\/toode\/15-valget-roosi-kubarakarbis\/"]}]},{"@type":"ImageObject","inLanguage":"ru-RU","@id":"https:\/\/bonfortuno.eu\/toode\/15-valget-roosi-kubarakarbis\/#primaryimage","url":"https:\/\/bonfortuno.eu\/wp-content\/uploads\/2022\/08\/465-2-min.png","contentUrl":"https:\/\/bonfortuno.eu\/wp-content\/uploads\/2022\/08\/465-2-min.png","width":465,"height":445},{"@type":"BreadcrumbList","@id":"https:\/\/bonfortuno.eu\/toode\/15-valget-roosi-kubarakarbis\/#breadcrumb","itemListElement":[{"@type":"ListItem","position":1,"name":"\u0413\u043b\u0430\u0432\u043d\u0430\u044f \u0441\u0442\u0440\u0430\u043d\u0438\u0446\u0430","item":"https:\/\/bonfortuno.eu\/"},{"@type":"ListItem","position":2,"name":"\u041c\u0430\u0433\u0430\u0437\u0438\u043d","item":"https:\/\/bonfortuno.eu\/"},{"@type":"ListItem","position":3,"name":"&#8220;15 valget roosi k\u00fcbarakarbis.&#8221;"}]},{"@type":"WebSite","@id":"https:\/\/bonfortuno.eu\/ru\/#website","url":"https:\/\/bonfortuno.eu\/ru\/","name":"Bonfortuno","description":"\u0414\u043e\u0431\u0440\u043e \u043f\u043e\u0436\u0430\u043b\u043e\u0432\u0430\u0442\u044c \u0432 \u043c\u0438\u0440 \u0441\u0432\u0435\u0436\u0438\u0445 \u0446\u0432\u0435\u0442\u043e\u0432","potentialAction":[{"@type":"SearchAction","target":{"@type":"EntryPoint","urlTemplate":"https:\/\/bonfortuno.eu\/ru\/?s={search_term_string}"},"query-input":{"@type":"PropertyValueSpecification","valueRequired":true,"valueName":"search_term_string"}}],"inLanguage":"ru-RU"}]}},"_links":{"self":[{"href":"https:\/\/bonfortuno.eu\/ru\/wp-json\/wp\/v2\/product\/3830","targetHints":{"allow":["GET"]}}],"collection":[{"href":"https:\/\/bonfortuno.eu\/ru\/wp-json\/wp\/v2\/product"}],"about":[{"href":"https:\/\/bonfortuno.eu\/ru\/wp-json\/wp\/v2\/types\/product"}],"wp:featuredmedia":[{"embeddable":true,"href":"https:\/\/bonfortuno.eu\/ru\/wp-json\/wp\/v2\/media\/3817"}],"wp:attachment":[{"href":"https:\/\/bonfortuno.eu\/ru\/wp-json\/wp\/v2\/media?parent=3830"}],"wp:term":[{"taxonomy":"product_brand","embeddable":true,"href":"https:\/\/bonfortuno.eu\/ru\/wp-json\/wp\/v2\/product_brand?post=3830"},{"taxonomy":"product_cat","embeddable":true,"href":"https:\/\/bonfortuno.eu\/ru\/wp-json\/wp\/v2\/product_cat?post=3830"},{"taxonomy":"product_tag","embeddable":true,"href":"https:\/\/bonfortuno.eu\/ru\/wp-json\/wp\/v2\/product_tag?post=3830"}],"curies":[{"name":"wp","href":"https:\/\/api.w.org\/{rel}","templated":true}]}}