{"id":3836,"date":"2022-08-18T17:54:35","date_gmt":"2022-08-18T14:54:35","guid":{"rendered":"https:\/\/bonfortuno.eu\/?post_type=product&#038;p=3836"},"modified":"2026-02-09T18:01:07","modified_gmt":"2026-02-09T16:01:07","slug":"19-roosat-roosi-karbis","status":"publish","type":"product","link":"https:\/\/bonfortuno.eu\/ru\/toode\/19-roosat-roosi-karbis\/","title":{"rendered":"&#187;19 \u0440\u043e\u0437\u043e\u0432\u044b\u0445 \u0440\u043e\u0437 \u0432 \u043a\u043e\u0440\u043e\u0431\u043a\u0435.&#187;"},"content":{"rendered":"","protected":false},"excerpt":{"rendered":"<p>\u041a\u043e\u0440\u043e\u0431\u043a\u0430 \u0438\u0437 \u0440\u043e\u0437 \u043d\u0430\u0441\u044b\u0449\u0435\u043d\u043d\u043e\u0433\u043e \u0446\u0432\u0435\u0442\u0430 \u043a\u0440\u0430\u0441\u043d\u043e\u0440\u0435\u0447\u0438\u0432\u0435\u0435 \u043b\u044e\u0431\u044b\u0445 \u0441\u043b\u043e\u0432 \u0441\u043a\u0430\u0436\u0435\u0442 \u0436\u0435\u043d\u0449\u0438\u043d\u0435 \u043e \u043f\u044b\u043b\u043a\u0438\u0445 \u0447\u0443\u0432\u0441\u0442\u0432\u0430\u0445. \u0420\u043e\u0437\u0430 \u0432 \u0414\u0440\u0435\u0432\u043d\u0435\u0439 \u0413\u0440\u0435\u0446\u0438\u0438 \u0441\u0447\u0438\u0442\u0430\u043b\u0430\u0441\u044c \u0441\u0438\u043c\u0432\u043e\u043b\u043e\u043c \u043b\u044e\u0431\u0432\u0438, \u0430 \u0431\u0435\u043b\u044b\u0439 \u0446\u0432\u0435\u0442 \u043e\u043b\u0438\u0446\u0435\u0442\u0432\u043e\u0440\u044f\u0435\u0442 \u0441\u0442\u0440\u0430\u0441\u0442\u044c \u0438 \u043e\u0433\u043e\u043d\u044c, \u043f\u043e\u0440\u0430\u0437\u0438\u0432\u0448\u0438\u0435 \u0441\u0435\u0440\u0434\u0446\u0435 \u043c\u0443\u0436\u0447\u0438\u043d\u044b. \u0416\u0435\u043d\u0449\u0438\u043d\u0430, \u043d\u0435\u0441\u043e\u043c\u043d\u0435\u043d\u043d\u043e, \u043f\u043e\u0447\u0443\u0432\u0441\u0442\u0432\u0443\u0435\u0442 \u0441\u0435\u0431\u044f \u0441\u0430\u043c\u043e\u0439 \u043b\u044e\u0431\u0438\u043c\u043e\u0439 \u0438 \u0436\u0435\u043b\u0430\u043d\u043d\u043e\u0439. \u0412\u044b\u0440\u0430\u0436\u0430\u044f \u0441\u0438\u043c\u043f\u0430\u0442\u0438\u044e \u0438 \u0447\u0443\u0432\u0441\u0442\u0432\u043e \u0432\u043e\u0441\u0445\u0438\u0449\u0435\u043d\u0438\u044f \u0441\u0442\u043e\u043b\u044c \u044d\u0444\u0444\u0435\u043a\u0442\u043d\u044b\u043c \u043e\u0431\u0440\u0430\u0437\u043e\u043c, \u043c\u0443\u0436\u0447\u0438\u043d\u0430 \u0433\u043e\u0432\u043e\u0440\u0438\u0442 \u043e \u0442\u043e\u043c, \u0447\u0442\u043e \u043d\u0430\u0448\u0435\u043b \u0441\u0432\u043e\u044e \u0435\u0434\u0438\u043d\u0441\u0442\u0432\u0435\u043d\u043d\u0443\u044e \u0438 \u043d\u0435\u043f\u043e\u0432\u0442\u043e\u0440\u0438\u043c\u0443\u044e \u043f\u043e\u043b\u043e\u0432\u0438\u043d\u043a\u0443, \u0437\u0430\u0441\u043b\u0443\u0436\u0438\u0432\u0430\u044e\u0449\u0443\u044e \u0441\u0430\u043c\u044b\u0445 \u0440\u043e\u0441\u043a\u043e\u0448\u043d\u044b\u0445 \u043f\u043e\u0434\u0430\u0440\u043a\u043e\u0432 \u0438 \u0437\u043d\u0430\u043a\u043e\u0432 \u0432\u043d\u0438\u043c\u0430\u043d\u0438\u044f.<\/p>\n<p>\u0426\u0432\u0435\u0442 \u0446\u0432\u0435\u0442\u043e\u0432 \u0438 \u043a\u043e\u0440\u043e\u0431\u043a\u0438 \u043c\u043e\u0436\u0435\u0442 \u043c\u0435\u043d\u044f\u0442\u044c\u0441\u044f.<\/p>\n","protected":false},"featured_media":3837,"template":"","meta":[],"product_brand":[],"product_cat":[76,37,35],"product_tag":[],"class_list":{"0":"post-3836","1":"product","2":"type-product","3":"status-publish","4":"has-post-thumbnail","6":"product_cat-koik-tooted","7":"product_cat-lilleseade-karbis","8":"product_cat-lilleseaded","10":"first","11":"instock","12":"shipping-taxable","13":"purchasable","14":"product-type-simple"},"yoast_head":"<!-- This site is optimized with the Yoast SEO plugin v27.3 - https:\/\/yoast.com\/product\/yoast-seo-wordpress\/ -->\n<title>&quot;19 \u0440\u043e\u0437\u043e\u0432\u044b\u0445 \u0440\u043e\u0437 \u0432 \u043a\u043e\u0440\u043e\u0431\u043a\u0435.&quot; | Bonfortuno<\/title>\n<meta name=\"robots\" content=\"index, follow, max-snippet:-1, max-image-preview:large, max-video-preview:-1\" \/>\n<link rel=\"canonical\" href=\"https:\/\/bonfortuno.eu\/toode\/19-roosat-roosi-karbis\/\" \/>\n<meta property=\"og:locale\" content=\"ru_RU\" \/>\n<meta property=\"og:type\" content=\"article\" \/>\n<meta property=\"og:title\" content=\"[:et]&quot;19 roosat roosi karbis.&quot;[:ru]&quot;19 \u0440\u043e\u0437\u043e\u0432\u044b\u0445 \u0440\u043e\u0437 \u0432 \u043a\u043e\u0440\u043e\u0431\u043a\u0435.&quot;[:en]&quot;19 pink roses in a box.&quot;[:] | Bonfortuno\" \/>\n<meta property=\"og:description\" content=\"[:et]Kast rikkalike v\u00e4rvidega roose r\u00e4\u00e4gib naisele kirglikest tunnetest k\u00f5nekamalt kui mis tahes s\u00f5nad. Vana-Kreekas peeti roosi armastuse s\u00fcmboliks ja valge v\u00e4rv t\u00e4histab kirge ja tuld, mis tabasid mehe s\u00fcdant. Naine tunneb end kahtlemata k\u00f5ige armastatumalt ja ihaldatumalt. Nii suurejooneliselt kaastunnet ja imetlust avaldades \u00fctleb mees, et on leidnud oma \u00fche ja ainsa hingesugulase, v\u00e4\u00e4rides k\u00f5ige luksuslikumaid kingitusi ja t\u00e4helepanu m\u00e4rke.   Lilled ja karbid v\u00f5ivad olla erineva v\u00e4rviga.[:ru]\u041a\u043e\u0440\u043e\u0431\u043a\u0430 \u0438\u0437 \u0440\u043e\u0437 \u043d\u0430\u0441\u044b\u0449\u0435\u043d\u043d\u043e\u0433\u043e \u0446\u0432\u0435\u0442\u0430 \u043a\u0440\u0430\u0441\u043d\u043e\u0440\u0435\u0447\u0438\u0432\u0435\u0435 \u043b\u044e\u0431\u044b\u0445 \u0441\u043b\u043e\u0432 \u0441\u043a\u0430\u0436\u0435\u0442 \u0436\u0435\u043d\u0449\u0438\u043d\u0435 \u043e \u043f\u044b\u043b\u043a\u0438\u0445 \u0447\u0443\u0432\u0441\u0442\u0432\u0430\u0445. \u0420\u043e\u0437\u0430 \u0432 \u0414\u0440\u0435\u0432\u043d\u0435\u0439 \u0413\u0440\u0435\u0446\u0438\u0438 \u0441\u0447\u0438\u0442\u0430\u043b\u0430\u0441\u044c \u0441\u0438\u043c\u0432\u043e\u043b\u043e\u043c \u043b\u044e\u0431\u0432\u0438, \u0430 \u0431\u0435\u043b\u044b\u0439 \u0446\u0432\u0435\u0442 \u043e\u043b\u0438\u0446\u0435\u0442\u0432\u043e\u0440\u044f\u0435\u0442 \u0441\u0442\u0440\u0430\u0441\u0442\u044c \u0438 \u043e\u0433\u043e\u043d\u044c, \u043f\u043e\u0440\u0430\u0437\u0438\u0432\u0448\u0438\u0435 \u0441\u0435\u0440\u0434\u0446\u0435 \u043c\u0443\u0436\u0447\u0438\u043d\u044b. \u0416\u0435\u043d\u0449\u0438\u043d\u0430, \u043d\u0435\u0441\u043e\u043c\u043d\u0435\u043d\u043d\u043e, \u043f\u043e\u0447\u0443\u0432\u0441\u0442\u0432\u0443\u0435\u0442 \u0441\u0435\u0431\u044f \u0441\u0430\u043c\u043e\u0439 \u043b\u044e\u0431\u0438\u043c\u043e\u0439 \u0438 \u0436\u0435\u043b\u0430\u043d\u043d\u043e\u0439. \u0412\u044b\u0440\u0430\u0436\u0430\u044f \u0441\u0438\u043c\u043f\u0430\u0442\u0438\u044e \u0438 \u0447\u0443\u0432\u0441\u0442\u0432\u043e \u0432\u043e\u0441\u0445\u0438\u0449\u0435\u043d\u0438\u044f \u0441\u0442\u043e\u043b\u044c \u044d\u0444\u0444\u0435\u043a\u0442\u043d\u044b\u043c \u043e\u0431\u0440\u0430\u0437\u043e\u043c, \u043c\u0443\u0436\u0447\u0438\u043d\u0430 \u0433\u043e\u0432\u043e\u0440\u0438\u0442 \u043e \u0442\u043e\u043c, \u0447\u0442\u043e \u043d\u0430\u0448\u0435\u043b \u0441\u0432\u043e\u044e \u0435\u0434\u0438\u043d\u0441\u0442\u0432\u0435\u043d\u043d\u0443\u044e \u0438 \u043d\u0435\u043f\u043e\u0432\u0442\u043e\u0440\u0438\u043c\u0443\u044e \u043f\u043e\u043b\u043e\u0432\u0438\u043d\u043a\u0443, \u0437\u0430\u0441\u043b\u0443\u0436\u0438\u0432\u0430\u044e\u0449\u0443\u044e \u0441\u0430\u043c\u044b\u0445 \u0440\u043e\u0441\u043a\u043e\u0448\u043d\u044b\u0445 \u043f\u043e\u0434\u0430\u0440\u043a\u043e\u0432 \u0438 \u0437\u043d\u0430\u043a\u043e\u0432 \u0432\u043d\u0438\u043c\u0430\u043d\u0438\u044f.   \u0426\u0432\u0435\u0442 \u0446\u0432\u0435\u0442\u043e\u0432 \u0438 \u043a\u043e\u0440\u043e\u0431\u043a\u0438 \u043c\u043e\u0436\u0435\u0442 \u043c\u0435\u043d\u044f\u0442\u044c\u0441\u044f.[:en]A box of rich-colored roses will tell a woman about passionate feelings more eloquently than any words. The rose in ancient Greece was considered a symbol of love, and the white color represents the passion and fire that struck the heart of a man. A woman will undoubtedly feel most loved and desired. Expressing sympathy and admiration in such a spectacular way, the man says that he has found his one and only soul mate, deserving the most luxurious gifts and signs of attention.   Flowers and boxes may vary in color.[:]\" \/>\n<meta property=\"og:url\" content=\"https:\/\/bonfortuno.eu\/toode\/19-roosat-roosi-karbis\/\" \/>\n<meta property=\"og:site_name\" content=\"Bonfortuno\" \/>\n<meta property=\"article:modified_time\" content=\"2026-02-09T16:01:07+00:00\" \/>\n<meta property=\"og:image\" content=\"https:\/\/bonfortuno.eu\/wp-content\/uploads\/2022\/08\/19-rozovyh-roz-v-barhatnoj-korobke_612b6806dca34.jpeg\" \/>\n\t<meta property=\"og:image:width\" content=\"555\" \/>\n\t<meta property=\"og:image:height\" content=\"555\" \/>\n\t<meta property=\"og:image:type\" content=\"image\/jpeg\" \/>\n<meta name=\"twitter:card\" content=\"summary_large_image\" \/>\n<script type=\"application\/ld+json\" class=\"yoast-schema-graph\">{\"@context\":\"https:\\\/\\\/schema.org\",\"@graph\":[{\"@type\":\"WebPage\",\"@id\":\"https:\\\/\\\/bonfortuno.eu\\\/toode\\\/19-roosat-roosi-karbis\\\/\",\"url\":\"https:\\\/\\\/bonfortuno.eu\\\/toode\\\/19-roosat-roosi-karbis\\\/\",\"name\":\"[:et]\\\"19 roosat roosi karbis.\\\"[:ru]\\\"19 \u0440\u043e\u0437\u043e\u0432\u044b\u0445 \u0440\u043e\u0437 \u0432 \u043a\u043e\u0440\u043e\u0431\u043a\u0435.\\\"[:en]\\\"19 pink roses in a box.\\\"[:] | Bonfortuno\",\"isPartOf\":{\"@id\":\"https:\\\/\\\/bonfortuno.eu\\\/ru\\\/#website\"},\"primaryImageOfPage\":{\"@id\":\"https:\\\/\\\/bonfortuno.eu\\\/toode\\\/19-roosat-roosi-karbis\\\/#primaryimage\"},\"image\":{\"@id\":\"https:\\\/\\\/bonfortuno.eu\\\/toode\\\/19-roosat-roosi-karbis\\\/#primaryimage\"},\"thumbnailUrl\":\"https:\\\/\\\/bonfortuno.eu\\\/wp-content\\\/uploads\\\/2022\\\/08\\\/19-rozovyh-roz-v-barhatnoj-korobke_612b6806dca34.jpeg\",\"datePublished\":\"2022-08-18T14:54:35+00:00\",\"dateModified\":\"2026-02-09T16:01:07+00:00\",\"breadcrumb\":{\"@id\":\"https:\\\/\\\/bonfortuno.eu\\\/toode\\\/19-roosat-roosi-karbis\\\/#breadcrumb\"},\"inLanguage\":\"ru-RU\",\"potentialAction\":[{\"@type\":\"ReadAction\",\"target\":[\"https:\\\/\\\/bonfortuno.eu\\\/toode\\\/19-roosat-roosi-karbis\\\/\"]}]},{\"@type\":\"ImageObject\",\"inLanguage\":\"ru-RU\",\"@id\":\"https:\\\/\\\/bonfortuno.eu\\\/toode\\\/19-roosat-roosi-karbis\\\/#primaryimage\",\"url\":\"https:\\\/\\\/bonfortuno.eu\\\/wp-content\\\/uploads\\\/2022\\\/08\\\/19-rozovyh-roz-v-barhatnoj-korobke_612b6806dca34.jpeg\",\"contentUrl\":\"https:\\\/\\\/bonfortuno.eu\\\/wp-content\\\/uploads\\\/2022\\\/08\\\/19-rozovyh-roz-v-barhatnoj-korobke_612b6806dca34.jpeg\",\"width\":555,\"height\":555},{\"@type\":\"BreadcrumbList\",\"@id\":\"https:\\\/\\\/bonfortuno.eu\\\/toode\\\/19-roosat-roosi-karbis\\\/#breadcrumb\",\"itemListElement\":[{\"@type\":\"ListItem\",\"position\":1,\"name\":\"\u0413\u043b\u0430\u0432\u043d\u0430\u044f \u0441\u0442\u0440\u0430\u043d\u0438\u0446\u0430\",\"item\":\"https:\\\/\\\/bonfortuno.eu\\\/\"},{\"@type\":\"ListItem\",\"position\":2,\"name\":\"\u041c\u0430\u0433\u0430\u0437\u0438\u043d\",\"item\":\"https:\\\/\\\/bonfortuno.eu\\\/\"},{\"@type\":\"ListItem\",\"position\":3,\"name\":\"&#8220;19 roosat roosi karbis.&#8221;\"}]},{\"@type\":\"WebSite\",\"@id\":\"https:\\\/\\\/bonfortuno.eu\\\/ru\\\/#website\",\"url\":\"https:\\\/\\\/bonfortuno.eu\\\/ru\\\/\",\"name\":\"Bonfortuno\",\"description\":\"\u0414\u043e\u0431\u0440\u043e \u043f\u043e\u0436\u0430\u043b\u043e\u0432\u0430\u0442\u044c \u0432 \u043c\u0438\u0440 \u0441\u0432\u0435\u0436\u0438\u0445 \u0446\u0432\u0435\u0442\u043e\u0432\",\"potentialAction\":[{\"@type\":\"SearchAction\",\"target\":{\"@type\":\"EntryPoint\",\"urlTemplate\":\"https:\\\/\\\/bonfortuno.eu\\\/ru\\\/?s={search_term_string}\"},\"query-input\":{\"@type\":\"PropertyValueSpecification\",\"valueRequired\":true,\"valueName\":\"search_term_string\"}}],\"inLanguage\":\"ru-RU\"}]}<\/script>\n<!-- \/ Yoast SEO plugin. -->","yoast_head_json":{"title":"[:et]\"19 roosat roosi karbis.\"[:ru]\"19 \u0440\u043e\u0437\u043e\u0432\u044b\u0445 \u0440\u043e\u0437 \u0432 \u043a\u043e\u0440\u043e\u0431\u043a\u0435.\"[:en]\"19 pink roses in a box.\"[:] | Bonfortuno","robots":{"index":"index","follow":"follow","max-snippet":"max-snippet:-1","max-image-preview":"max-image-preview:large","max-video-preview":"max-video-preview:-1"},"canonical":"https:\/\/bonfortuno.eu\/toode\/19-roosat-roosi-karbis\/","og_locale":"ru_RU","og_type":"article","og_title":"[:et]\"19 roosat roosi karbis.\"[:ru]\"19 \u0440\u043e\u0437\u043e\u0432\u044b\u0445 \u0440\u043e\u0437 \u0432 \u043a\u043e\u0440\u043e\u0431\u043a\u0435.\"[:en]\"19 pink roses in a box.\"[:] | Bonfortuno","og_description":"[:et]Kast rikkalike v\u00e4rvidega roose r\u00e4\u00e4gib naisele kirglikest tunnetest k\u00f5nekamalt kui mis tahes s\u00f5nad. Vana-Kreekas peeti roosi armastuse s\u00fcmboliks ja valge v\u00e4rv t\u00e4histab kirge ja tuld, mis tabasid mehe s\u00fcdant. Naine tunneb end kahtlemata k\u00f5ige armastatumalt ja ihaldatumalt. Nii suurejooneliselt kaastunnet ja imetlust avaldades \u00fctleb mees, et on leidnud oma \u00fche ja ainsa hingesugulase, v\u00e4\u00e4rides k\u00f5ige luksuslikumaid kingitusi ja t\u00e4helepanu m\u00e4rke.   Lilled ja karbid v\u00f5ivad olla erineva v\u00e4rviga.[:ru]\u041a\u043e\u0440\u043e\u0431\u043a\u0430 \u0438\u0437 \u0440\u043e\u0437 \u043d\u0430\u0441\u044b\u0449\u0435\u043d\u043d\u043e\u0433\u043e \u0446\u0432\u0435\u0442\u0430 \u043a\u0440\u0430\u0441\u043d\u043e\u0440\u0435\u0447\u0438\u0432\u0435\u0435 \u043b\u044e\u0431\u044b\u0445 \u0441\u043b\u043e\u0432 \u0441\u043a\u0430\u0436\u0435\u0442 \u0436\u0435\u043d\u0449\u0438\u043d\u0435 \u043e \u043f\u044b\u043b\u043a\u0438\u0445 \u0447\u0443\u0432\u0441\u0442\u0432\u0430\u0445. \u0420\u043e\u0437\u0430 \u0432 \u0414\u0440\u0435\u0432\u043d\u0435\u0439 \u0413\u0440\u0435\u0446\u0438\u0438 \u0441\u0447\u0438\u0442\u0430\u043b\u0430\u0441\u044c \u0441\u0438\u043c\u0432\u043e\u043b\u043e\u043c \u043b\u044e\u0431\u0432\u0438, \u0430 \u0431\u0435\u043b\u044b\u0439 \u0446\u0432\u0435\u0442 \u043e\u043b\u0438\u0446\u0435\u0442\u0432\u043e\u0440\u044f\u0435\u0442 \u0441\u0442\u0440\u0430\u0441\u0442\u044c \u0438 \u043e\u0433\u043e\u043d\u044c, \u043f\u043e\u0440\u0430\u0437\u0438\u0432\u0448\u0438\u0435 \u0441\u0435\u0440\u0434\u0446\u0435 \u043c\u0443\u0436\u0447\u0438\u043d\u044b. \u0416\u0435\u043d\u0449\u0438\u043d\u0430, \u043d\u0435\u0441\u043e\u043c\u043d\u0435\u043d\u043d\u043e, \u043f\u043e\u0447\u0443\u0432\u0441\u0442\u0432\u0443\u0435\u0442 \u0441\u0435\u0431\u044f \u0441\u0430\u043c\u043e\u0439 \u043b\u044e\u0431\u0438\u043c\u043e\u0439 \u0438 \u0436\u0435\u043b\u0430\u043d\u043d\u043e\u0439. \u0412\u044b\u0440\u0430\u0436\u0430\u044f \u0441\u0438\u043c\u043f\u0430\u0442\u0438\u044e \u0438 \u0447\u0443\u0432\u0441\u0442\u0432\u043e \u0432\u043e\u0441\u0445\u0438\u0449\u0435\u043d\u0438\u044f \u0441\u0442\u043e\u043b\u044c \u044d\u0444\u0444\u0435\u043a\u0442\u043d\u044b\u043c \u043e\u0431\u0440\u0430\u0437\u043e\u043c, \u043c\u0443\u0436\u0447\u0438\u043d\u0430 \u0433\u043e\u0432\u043e\u0440\u0438\u0442 \u043e \u0442\u043e\u043c, \u0447\u0442\u043e \u043d\u0430\u0448\u0435\u043b \u0441\u0432\u043e\u044e \u0435\u0434\u0438\u043d\u0441\u0442\u0432\u0435\u043d\u043d\u0443\u044e \u0438 \u043d\u0435\u043f\u043e\u0432\u0442\u043e\u0440\u0438\u043c\u0443\u044e \u043f\u043e\u043b\u043e\u0432\u0438\u043d\u043a\u0443, \u0437\u0430\u0441\u043b\u0443\u0436\u0438\u0432\u0430\u044e\u0449\u0443\u044e \u0441\u0430\u043c\u044b\u0445 \u0440\u043e\u0441\u043a\u043e\u0448\u043d\u044b\u0445 \u043f\u043e\u0434\u0430\u0440\u043a\u043e\u0432 \u0438 \u0437\u043d\u0430\u043a\u043e\u0432 \u0432\u043d\u0438\u043c\u0430\u043d\u0438\u044f.   \u0426\u0432\u0435\u0442 \u0446\u0432\u0435\u0442\u043e\u0432 \u0438 \u043a\u043e\u0440\u043e\u0431\u043a\u0438 \u043c\u043e\u0436\u0435\u0442 \u043c\u0435\u043d\u044f\u0442\u044c\u0441\u044f.[:en]A box of rich-colored roses will tell a woman about passionate feelings more eloquently than any words. The rose in ancient Greece was considered a symbol of love, and the white color represents the passion and fire that struck the heart of a man. A woman will undoubtedly feel most loved and desired. Expressing sympathy and admiration in such a spectacular way, the man says that he has found his one and only soul mate, deserving the most luxurious gifts and signs of attention.   Flowers and boxes may vary in color.[:]","og_url":"https:\/\/bonfortuno.eu\/toode\/19-roosat-roosi-karbis\/","og_site_name":"Bonfortuno","article_modified_time":"2026-02-09T16:01:07+00:00","og_image":[{"width":555,"height":555,"url":"https:\/\/bonfortuno.eu\/wp-content\/uploads\/2022\/08\/19-rozovyh-roz-v-barhatnoj-korobke_612b6806dca34.jpeg","type":"image\/jpeg"}],"twitter_card":"summary_large_image","schema":{"@context":"https:\/\/schema.org","@graph":[{"@type":"WebPage","@id":"https:\/\/bonfortuno.eu\/toode\/19-roosat-roosi-karbis\/","url":"https:\/\/bonfortuno.eu\/toode\/19-roosat-roosi-karbis\/","name":"[:et]\"19 roosat roosi karbis.\"[:ru]\"19 \u0440\u043e\u0437\u043e\u0432\u044b\u0445 \u0440\u043e\u0437 \u0432 \u043a\u043e\u0440\u043e\u0431\u043a\u0435.\"[:en]\"19 pink roses in a box.\"[:] | Bonfortuno","isPartOf":{"@id":"https:\/\/bonfortuno.eu\/ru\/#website"},"primaryImageOfPage":{"@id":"https:\/\/bonfortuno.eu\/toode\/19-roosat-roosi-karbis\/#primaryimage"},"image":{"@id":"https:\/\/bonfortuno.eu\/toode\/19-roosat-roosi-karbis\/#primaryimage"},"thumbnailUrl":"https:\/\/bonfortuno.eu\/wp-content\/uploads\/2022\/08\/19-rozovyh-roz-v-barhatnoj-korobke_612b6806dca34.jpeg","datePublished":"2022-08-18T14:54:35+00:00","dateModified":"2026-02-09T16:01:07+00:00","breadcrumb":{"@id":"https:\/\/bonfortuno.eu\/toode\/19-roosat-roosi-karbis\/#breadcrumb"},"inLanguage":"ru-RU","potentialAction":[{"@type":"ReadAction","target":["https:\/\/bonfortuno.eu\/toode\/19-roosat-roosi-karbis\/"]}]},{"@type":"ImageObject","inLanguage":"ru-RU","@id":"https:\/\/bonfortuno.eu\/toode\/19-roosat-roosi-karbis\/#primaryimage","url":"https:\/\/bonfortuno.eu\/wp-content\/uploads\/2022\/08\/19-rozovyh-roz-v-barhatnoj-korobke_612b6806dca34.jpeg","contentUrl":"https:\/\/bonfortuno.eu\/wp-content\/uploads\/2022\/08\/19-rozovyh-roz-v-barhatnoj-korobke_612b6806dca34.jpeg","width":555,"height":555},{"@type":"BreadcrumbList","@id":"https:\/\/bonfortuno.eu\/toode\/19-roosat-roosi-karbis\/#breadcrumb","itemListElement":[{"@type":"ListItem","position":1,"name":"\u0413\u043b\u0430\u0432\u043d\u0430\u044f \u0441\u0442\u0440\u0430\u043d\u0438\u0446\u0430","item":"https:\/\/bonfortuno.eu\/"},{"@type":"ListItem","position":2,"name":"\u041c\u0430\u0433\u0430\u0437\u0438\u043d","item":"https:\/\/bonfortuno.eu\/"},{"@type":"ListItem","position":3,"name":"&#8220;19 roosat roosi karbis.&#8221;"}]},{"@type":"WebSite","@id":"https:\/\/bonfortuno.eu\/ru\/#website","url":"https:\/\/bonfortuno.eu\/ru\/","name":"Bonfortuno","description":"\u0414\u043e\u0431\u0440\u043e \u043f\u043e\u0436\u0430\u043b\u043e\u0432\u0430\u0442\u044c \u0432 \u043c\u0438\u0440 \u0441\u0432\u0435\u0436\u0438\u0445 \u0446\u0432\u0435\u0442\u043e\u0432","potentialAction":[{"@type":"SearchAction","target":{"@type":"EntryPoint","urlTemplate":"https:\/\/bonfortuno.eu\/ru\/?s={search_term_string}"},"query-input":{"@type":"PropertyValueSpecification","valueRequired":true,"valueName":"search_term_string"}}],"inLanguage":"ru-RU"}]}},"_links":{"self":[{"href":"https:\/\/bonfortuno.eu\/ru\/wp-json\/wp\/v2\/product\/3836","targetHints":{"allow":["GET"]}}],"collection":[{"href":"https:\/\/bonfortuno.eu\/ru\/wp-json\/wp\/v2\/product"}],"about":[{"href":"https:\/\/bonfortuno.eu\/ru\/wp-json\/wp\/v2\/types\/product"}],"wp:featuredmedia":[{"embeddable":true,"href":"https:\/\/bonfortuno.eu\/ru\/wp-json\/wp\/v2\/media\/3837"}],"wp:attachment":[{"href":"https:\/\/bonfortuno.eu\/ru\/wp-json\/wp\/v2\/media?parent=3836"}],"wp:term":[{"taxonomy":"product_brand","embeddable":true,"href":"https:\/\/bonfortuno.eu\/ru\/wp-json\/wp\/v2\/product_brand?post=3836"},{"taxonomy":"product_cat","embeddable":true,"href":"https:\/\/bonfortuno.eu\/ru\/wp-json\/wp\/v2\/product_cat?post=3836"},{"taxonomy":"product_tag","embeddable":true,"href":"https:\/\/bonfortuno.eu\/ru\/wp-json\/wp\/v2\/product_tag?post=3836"}],"curies":[{"name":"wp","href":"https:\/\/api.w.org\/{rel}","templated":true}]}}