{"id":514,"date":"2018-05-26T23:23:02","date_gmt":"2018-05-26T20:23:02","guid":{"rendered":"https:\/\/bonfortuno.eu\/?post_type=product&#038;p=514"},"modified":"2018-07-11T14:07:33","modified_gmt":"2018-07-11T11:07:33","slug":"english-forever-friends","status":"publish","type":"product","link":"https:\/\/bonfortuno.eu\/ru\/toode\/english-forever-friends\/","title":{"rendered":"\u201c\u0414\u0440\u0443\u0437\u044c\u044f \u043d\u0430\u0432\u0441\u0435\u0433\u0434\u0430&#187;"},"content":{"rendered":"","protected":false},"excerpt":{"rendered":"<p style=\"text-align: justify;\"><span style=\"font-weight: 400;\">\u0411\u0435\u043b\u044b\u0435 \u0440\u043e\u0437\u044b \u0442\u0440\u0430\u0434\u0438\u0446\u0438\u043e\u043d\u043d\u043e \u0441\u0432\u044f\u0437\u0430\u043d\u044b \u0441 \u0431\u0440\u0430\u043a\u0430\u043c\u0438 \u0438 \u043d\u043e\u0432\u044b\u043c\u0438 \u043d\u0430\u0447\u0430\u043b\u0430\u043c\u0438, \u043d\u043e \u0438\u0445 \u0442\u0438\u0445\u0430\u044f \u043a\u0440\u0430\u0441\u043e\u0442\u0430 \u0442\u0430\u043a\u0436\u0435 \u0441\u0434\u0435\u043b\u0430\u043b\u0430 \u0438\u0445 \u0441\u0438\u043c\u0432\u043e\u043b\u043e\u043c \u0432\u043e\u0441\u043f\u043e\u043c\u0438\u043d\u0430\u043d\u0438\u0439. \u0411\u0443\u0434\u044c \u0442\u043e \u0440\u0430\u0434\u043e\u0441\u0442\u043d\u044b\u0439 \u0438\u043b\u0438 \u043f\u0435\u0447\u0430\u043b\u044c\u043d\u044b\u0439 \u043f\u043e\u0432\u043e\u0434, \u0431\u0443\u043a\u0435\u0442 \u0438\u0437 \u0431\u0435\u043b\u044b\u0445 \u0440\u043e\u0437 &#8212; \u044d\u0442\u043e \u043f\u0440\u0435\u043a\u0440\u0430\u0441\u043d\u044b\u0439 \u0441\u043f\u043e\u0441\u043e\u0431 \u0441\u043a\u0430\u0437\u0430\u0442\u044c: \u00ab\u042f \u0434\u0443\u043c\u0430\u044e \u043e \u0442\u0435\u0431\u0435\u00bb. \u0412 \u0431\u0443\u043a\u0435\u0442\u0435 \u00ab\u0414\u0440\u0443\u0437\u044c\u044f \u043d\u0430\u0432\u0441\u0435\u0433\u0434\u0430\u00bb 13 \u043f\u0440\u0435\u043a\u0440\u0430\u0441\u043d\u044b\u0445 \u0431\u0435\u043b\u044b\u0445 \u0440\u043e\u0437.<\/span><\/p>\n","protected":false},"featured_media":490,"template":"","meta":[],"product_brand":[],"product_cat":[76,30,32],"product_tag":[39,80],"class_list":{"0":"post-514","1":"product","2":"type-product","3":"status-publish","4":"has-post-thumbnail","6":"product_cat-koik-tooted","7":"product_cat-lillekimbud","8":"product_cat-roosid","9":"product_tag-roosid","10":"product_tag-vaike","12":"first","13":"instock","14":"shipping-taxable","15":"purchasable","16":"product-type-simple"},"yoast_head":"<!-- This site is optimized with the Yoast SEO plugin v27.3 - https:\/\/yoast.com\/product\/yoast-seo-wordpress\/ -->\n<title>\u201c\u0414\u0440\u0443\u0437\u044c\u044f \u043d\u0430\u0432\u0441\u0435\u0433\u0434\u0430&quot; | Bonfortuno<\/title>\n<meta name=\"robots\" content=\"index, follow, max-snippet:-1, max-image-preview:large, max-video-preview:-1\" \/>\n<link rel=\"canonical\" href=\"https:\/\/bonfortuno.eu\/toode\/english-forever-friends\/\" \/>\n<meta property=\"og:locale\" content=\"ru_RU\" \/>\n<meta property=\"og:type\" content=\"article\" \/>\n<meta property=\"og:title\" content=\"[:et]&quot;Igavesti s\u00f5brad&quot;[:ru]\u201c\u0414\u0440\u0443\u0437\u044c\u044f \u043d\u0430\u0432\u0441\u0435\u0433\u0434\u0430&quot;[:en]\u201cForever friends\u201d[:] | Bonfortuno\" \/>\n<meta property=\"og:description\" content=\"[:et]Valged roosid on traditsiooniliselt seotud abielude ja uute alustega, kuid t\u00e4nu nende tagasihoidlikule ilule ka meeldivate m\u00e4lestustega. \u00a0Olgu see kurb v\u00f5i pidulik s\u00fcndmus valge roosi kimp on suurep\u00e4rane v\u00f5imalus \u00f6elda: &quot;Ma m\u00f5tlen sinust&quot;. Selles kimbus on 13 elegantset v\u00e4rsket roosi.[:ru]\u0411\u0435\u043b\u044b\u0435 \u0440\u043e\u0437\u044b \u0442\u0440\u0430\u0434\u0438\u0446\u0438\u043e\u043d\u043d\u043e \u0441\u0432\u044f\u0437\u0430\u043d\u044b \u0441 \u0431\u0440\u0430\u043a\u0430\u043c\u0438 \u0438 \u043d\u043e\u0432\u044b\u043c\u0438 \u043d\u0430\u0447\u0430\u043b\u0430\u043c\u0438, \u043d\u043e \u0438\u0445 \u0442\u0438\u0445\u0430\u044f \u043a\u0440\u0430\u0441\u043e\u0442\u0430 \u0442\u0430\u043a\u0436\u0435 \u0441\u0434\u0435\u043b\u0430\u043b\u0430 \u0438\u0445 \u0441\u0438\u043c\u0432\u043e\u043b\u043e\u043c \u0432\u043e\u0441\u043f\u043e\u043c\u0438\u043d\u0430\u043d\u0438\u0439. \u0411\u0443\u0434\u044c \u0442\u043e \u0440\u0430\u0434\u043e\u0441\u0442\u043d\u044b\u0439 \u0438\u043b\u0438 \u043f\u0435\u0447\u0430\u043b\u044c\u043d\u044b\u0439 \u043f\u043e\u0432\u043e\u0434, \u0431\u0443\u043a\u0435\u0442 \u0438\u0437 \u0431\u0435\u043b\u044b\u0445 \u0440\u043e\u0437 - \u044d\u0442\u043e \u043f\u0440\u0435\u043a\u0440\u0430\u0441\u043d\u044b\u0439 \u0441\u043f\u043e\u0441\u043e\u0431 \u0441\u043a\u0430\u0437\u0430\u0442\u044c: \u00ab\u042f \u0434\u0443\u043c\u0430\u044e \u043e \u0442\u0435\u0431\u0435\u00bb. \u0412 \u0431\u0443\u043a\u0435\u0442\u0435 \u00ab\u0414\u0440\u0443\u0437\u044c\u044f \u043d\u0430\u0432\u0441\u0435\u0433\u0434\u0430\u00bb 13 \u043f\u0440\u0435\u043a\u0440\u0430\u0441\u043d\u044b\u0445 \u0431\u0435\u043b\u044b\u0445 \u0440\u043e\u0437.[:en]White roses are traditionally associated with marriages and new beginnings, but their quiet beauty has also made them a gesture of remembrance. When the occasion calls for reverence, whether stately or somber, a bouquet of white rose is a perfect way to say, \u201cI\u2019m thinking of you.\u201d This bouquet has 13 roses.[:]\" \/>\n<meta property=\"og:url\" content=\"https:\/\/bonfortuno.eu\/toode\/english-forever-friends\/\" \/>\n<meta property=\"og:site_name\" content=\"Bonfortuno\" \/>\n<meta property=\"article:modified_time\" content=\"2018-07-11T11:07:33+00:00\" \/>\n<meta property=\"og:image\" content=\"https:\/\/bonfortuno.eu\/wp-content\/uploads\/2018\/05\/6-min.jpg\" \/>\n\t<meta property=\"og:image:width\" content=\"1920\" \/>\n\t<meta property=\"og:image:height\" content=\"1716\" \/>\n\t<meta property=\"og:image:type\" content=\"image\/jpeg\" \/>\n<meta name=\"twitter:card\" content=\"summary_large_image\" \/>\n<script type=\"application\/ld+json\" class=\"yoast-schema-graph\">{\"@context\":\"https:\\\/\\\/schema.org\",\"@graph\":[{\"@type\":\"WebPage\",\"@id\":\"https:\\\/\\\/bonfortuno.eu\\\/toode\\\/english-forever-friends\\\/\",\"url\":\"https:\\\/\\\/bonfortuno.eu\\\/toode\\\/english-forever-friends\\\/\",\"name\":\"[:et]\\\"Igavesti s\u00f5brad\\\"[:ru]\u201c\u0414\u0440\u0443\u0437\u044c\u044f \u043d\u0430\u0432\u0441\u0435\u0433\u0434\u0430\\\"[:en]\u201cForever friends\u201d[:] | Bonfortuno\",\"isPartOf\":{\"@id\":\"https:\\\/\\\/bonfortuno.eu\\\/ru\\\/#website\"},\"primaryImageOfPage\":{\"@id\":\"https:\\\/\\\/bonfortuno.eu\\\/toode\\\/english-forever-friends\\\/#primaryimage\"},\"image\":{\"@id\":\"https:\\\/\\\/bonfortuno.eu\\\/toode\\\/english-forever-friends\\\/#primaryimage\"},\"thumbnailUrl\":\"https:\\\/\\\/bonfortuno.eu\\\/wp-content\\\/uploads\\\/2018\\\/05\\\/6-min.jpg\",\"datePublished\":\"2018-05-26T20:23:02+00:00\",\"dateModified\":\"2018-07-11T11:07:33+00:00\",\"breadcrumb\":{\"@id\":\"https:\\\/\\\/bonfortuno.eu\\\/toode\\\/english-forever-friends\\\/#breadcrumb\"},\"inLanguage\":\"ru-RU\",\"potentialAction\":[{\"@type\":\"ReadAction\",\"target\":[\"https:\\\/\\\/bonfortuno.eu\\\/toode\\\/english-forever-friends\\\/\"]}]},{\"@type\":\"ImageObject\",\"inLanguage\":\"ru-RU\",\"@id\":\"https:\\\/\\\/bonfortuno.eu\\\/toode\\\/english-forever-friends\\\/#primaryimage\",\"url\":\"https:\\\/\\\/bonfortuno.eu\\\/wp-content\\\/uploads\\\/2018\\\/05\\\/6-min.jpg\",\"contentUrl\":\"https:\\\/\\\/bonfortuno.eu\\\/wp-content\\\/uploads\\\/2018\\\/05\\\/6-min.jpg\",\"width\":1920,\"height\":1716,\"caption\":\"roosid 4\"},{\"@type\":\"BreadcrumbList\",\"@id\":\"https:\\\/\\\/bonfortuno.eu\\\/toode\\\/english-forever-friends\\\/#breadcrumb\",\"itemListElement\":[{\"@type\":\"ListItem\",\"position\":1,\"name\":\"\u0413\u043b\u0430\u0432\u043d\u0430\u044f \u0441\u0442\u0440\u0430\u043d\u0438\u0446\u0430\",\"item\":\"https:\\\/\\\/bonfortuno.eu\\\/\"},{\"@type\":\"ListItem\",\"position\":2,\"name\":\"\u041c\u0430\u0433\u0430\u0437\u0438\u043d\",\"item\":\"https:\\\/\\\/bonfortuno.eu\\\/\"},{\"@type\":\"ListItem\",\"position\":3,\"name\":\"&#8220;Igavesti s\u00f5brad&#8221;\"}]},{\"@type\":\"WebSite\",\"@id\":\"https:\\\/\\\/bonfortuno.eu\\\/ru\\\/#website\",\"url\":\"https:\\\/\\\/bonfortuno.eu\\\/ru\\\/\",\"name\":\"Bonfortuno\",\"description\":\"\u0414\u043e\u0431\u0440\u043e \u043f\u043e\u0436\u0430\u043b\u043e\u0432\u0430\u0442\u044c \u0432 \u043c\u0438\u0440 \u0441\u0432\u0435\u0436\u0438\u0445 \u0446\u0432\u0435\u0442\u043e\u0432\",\"potentialAction\":[{\"@type\":\"SearchAction\",\"target\":{\"@type\":\"EntryPoint\",\"urlTemplate\":\"https:\\\/\\\/bonfortuno.eu\\\/ru\\\/?s={search_term_string}\"},\"query-input\":{\"@type\":\"PropertyValueSpecification\",\"valueRequired\":true,\"valueName\":\"search_term_string\"}}],\"inLanguage\":\"ru-RU\"}]}<\/script>\n<!-- \/ Yoast SEO plugin. -->","yoast_head_json":{"title":"[:et]\"Igavesti s\u00f5brad\"[:ru]\u201c\u0414\u0440\u0443\u0437\u044c\u044f \u043d\u0430\u0432\u0441\u0435\u0433\u0434\u0430\"[:en]\u201cForever friends\u201d[:] | Bonfortuno","robots":{"index":"index","follow":"follow","max-snippet":"max-snippet:-1","max-image-preview":"max-image-preview:large","max-video-preview":"max-video-preview:-1"},"canonical":"https:\/\/bonfortuno.eu\/toode\/english-forever-friends\/","og_locale":"ru_RU","og_type":"article","og_title":"[:et]\"Igavesti s\u00f5brad\"[:ru]\u201c\u0414\u0440\u0443\u0437\u044c\u044f \u043d\u0430\u0432\u0441\u0435\u0433\u0434\u0430\"[:en]\u201cForever friends\u201d[:] | Bonfortuno","og_description":"[:et]Valged roosid on traditsiooniliselt seotud abielude ja uute alustega, kuid t\u00e4nu nende tagasihoidlikule ilule ka meeldivate m\u00e4lestustega. \u00a0Olgu see kurb v\u00f5i pidulik s\u00fcndmus valge roosi kimp on suurep\u00e4rane v\u00f5imalus \u00f6elda: \"Ma m\u00f5tlen sinust\". Selles kimbus on 13 elegantset v\u00e4rsket roosi.[:ru]\u0411\u0435\u043b\u044b\u0435 \u0440\u043e\u0437\u044b \u0442\u0440\u0430\u0434\u0438\u0446\u0438\u043e\u043d\u043d\u043e \u0441\u0432\u044f\u0437\u0430\u043d\u044b \u0441 \u0431\u0440\u0430\u043a\u0430\u043c\u0438 \u0438 \u043d\u043e\u0432\u044b\u043c\u0438 \u043d\u0430\u0447\u0430\u043b\u0430\u043c\u0438, \u043d\u043e \u0438\u0445 \u0442\u0438\u0445\u0430\u044f \u043a\u0440\u0430\u0441\u043e\u0442\u0430 \u0442\u0430\u043a\u0436\u0435 \u0441\u0434\u0435\u043b\u0430\u043b\u0430 \u0438\u0445 \u0441\u0438\u043c\u0432\u043e\u043b\u043e\u043c \u0432\u043e\u0441\u043f\u043e\u043c\u0438\u043d\u0430\u043d\u0438\u0439. \u0411\u0443\u0434\u044c \u0442\u043e \u0440\u0430\u0434\u043e\u0441\u0442\u043d\u044b\u0439 \u0438\u043b\u0438 \u043f\u0435\u0447\u0430\u043b\u044c\u043d\u044b\u0439 \u043f\u043e\u0432\u043e\u0434, \u0431\u0443\u043a\u0435\u0442 \u0438\u0437 \u0431\u0435\u043b\u044b\u0445 \u0440\u043e\u0437 - \u044d\u0442\u043e \u043f\u0440\u0435\u043a\u0440\u0430\u0441\u043d\u044b\u0439 \u0441\u043f\u043e\u0441\u043e\u0431 \u0441\u043a\u0430\u0437\u0430\u0442\u044c: \u00ab\u042f \u0434\u0443\u043c\u0430\u044e \u043e \u0442\u0435\u0431\u0435\u00bb. \u0412 \u0431\u0443\u043a\u0435\u0442\u0435 \u00ab\u0414\u0440\u0443\u0437\u044c\u044f \u043d\u0430\u0432\u0441\u0435\u0433\u0434\u0430\u00bb 13 \u043f\u0440\u0435\u043a\u0440\u0430\u0441\u043d\u044b\u0445 \u0431\u0435\u043b\u044b\u0445 \u0440\u043e\u0437.[:en]White roses are traditionally associated with marriages and new beginnings, but their quiet beauty has also made them a gesture of remembrance. When the occasion calls for reverence, whether stately or somber, a bouquet of white rose is a perfect way to say, \u201cI\u2019m thinking of you.\u201d This bouquet has 13 roses.[:]","og_url":"https:\/\/bonfortuno.eu\/toode\/english-forever-friends\/","og_site_name":"Bonfortuno","article_modified_time":"2018-07-11T11:07:33+00:00","og_image":[{"width":1920,"height":1716,"url":"https:\/\/bonfortuno.eu\/wp-content\/uploads\/2018\/05\/6-min.jpg","type":"image\/jpeg"}],"twitter_card":"summary_large_image","schema":{"@context":"https:\/\/schema.org","@graph":[{"@type":"WebPage","@id":"https:\/\/bonfortuno.eu\/toode\/english-forever-friends\/","url":"https:\/\/bonfortuno.eu\/toode\/english-forever-friends\/","name":"[:et]\"Igavesti s\u00f5brad\"[:ru]\u201c\u0414\u0440\u0443\u0437\u044c\u044f \u043d\u0430\u0432\u0441\u0435\u0433\u0434\u0430\"[:en]\u201cForever friends\u201d[:] | Bonfortuno","isPartOf":{"@id":"https:\/\/bonfortuno.eu\/ru\/#website"},"primaryImageOfPage":{"@id":"https:\/\/bonfortuno.eu\/toode\/english-forever-friends\/#primaryimage"},"image":{"@id":"https:\/\/bonfortuno.eu\/toode\/english-forever-friends\/#primaryimage"},"thumbnailUrl":"https:\/\/bonfortuno.eu\/wp-content\/uploads\/2018\/05\/6-min.jpg","datePublished":"2018-05-26T20:23:02+00:00","dateModified":"2018-07-11T11:07:33+00:00","breadcrumb":{"@id":"https:\/\/bonfortuno.eu\/toode\/english-forever-friends\/#breadcrumb"},"inLanguage":"ru-RU","potentialAction":[{"@type":"ReadAction","target":["https:\/\/bonfortuno.eu\/toode\/english-forever-friends\/"]}]},{"@type":"ImageObject","inLanguage":"ru-RU","@id":"https:\/\/bonfortuno.eu\/toode\/english-forever-friends\/#primaryimage","url":"https:\/\/bonfortuno.eu\/wp-content\/uploads\/2018\/05\/6-min.jpg","contentUrl":"https:\/\/bonfortuno.eu\/wp-content\/uploads\/2018\/05\/6-min.jpg","width":1920,"height":1716,"caption":"roosid 4"},{"@type":"BreadcrumbList","@id":"https:\/\/bonfortuno.eu\/toode\/english-forever-friends\/#breadcrumb","itemListElement":[{"@type":"ListItem","position":1,"name":"\u0413\u043b\u0430\u0432\u043d\u0430\u044f \u0441\u0442\u0440\u0430\u043d\u0438\u0446\u0430","item":"https:\/\/bonfortuno.eu\/"},{"@type":"ListItem","position":2,"name":"\u041c\u0430\u0433\u0430\u0437\u0438\u043d","item":"https:\/\/bonfortuno.eu\/"},{"@type":"ListItem","position":3,"name":"&#8220;Igavesti s\u00f5brad&#8221;"}]},{"@type":"WebSite","@id":"https:\/\/bonfortuno.eu\/ru\/#website","url":"https:\/\/bonfortuno.eu\/ru\/","name":"Bonfortuno","description":"\u0414\u043e\u0431\u0440\u043e \u043f\u043e\u0436\u0430\u043b\u043e\u0432\u0430\u0442\u044c \u0432 \u043c\u0438\u0440 \u0441\u0432\u0435\u0436\u0438\u0445 \u0446\u0432\u0435\u0442\u043e\u0432","potentialAction":[{"@type":"SearchAction","target":{"@type":"EntryPoint","urlTemplate":"https:\/\/bonfortuno.eu\/ru\/?s={search_term_string}"},"query-input":{"@type":"PropertyValueSpecification","valueRequired":true,"valueName":"search_term_string"}}],"inLanguage":"ru-RU"}]}},"_links":{"self":[{"href":"https:\/\/bonfortuno.eu\/ru\/wp-json\/wp\/v2\/product\/514","targetHints":{"allow":["GET"]}}],"collection":[{"href":"https:\/\/bonfortuno.eu\/ru\/wp-json\/wp\/v2\/product"}],"about":[{"href":"https:\/\/bonfortuno.eu\/ru\/wp-json\/wp\/v2\/types\/product"}],"wp:featuredmedia":[{"embeddable":true,"href":"https:\/\/bonfortuno.eu\/ru\/wp-json\/wp\/v2\/media\/490"}],"wp:attachment":[{"href":"https:\/\/bonfortuno.eu\/ru\/wp-json\/wp\/v2\/media?parent=514"}],"wp:term":[{"taxonomy":"product_brand","embeddable":true,"href":"https:\/\/bonfortuno.eu\/ru\/wp-json\/wp\/v2\/product_brand?post=514"},{"taxonomy":"product_cat","embeddable":true,"href":"https:\/\/bonfortuno.eu\/ru\/wp-json\/wp\/v2\/product_cat?post=514"},{"taxonomy":"product_tag","embeddable":true,"href":"https:\/\/bonfortuno.eu\/ru\/wp-json\/wp\/v2\/product_tag?post=514"}],"curies":[{"name":"wp","href":"https:\/\/api.w.org\/{rel}","templated":true}]}}