{"id":520,"date":"2018-05-26T23:33:23","date_gmt":"2018-05-26T20:33:23","guid":{"rendered":"https:\/\/bonfortuno.eu\/?post_type=product&#038;p=520"},"modified":"2025-03-06T13:35:12","modified_gmt":"2025-03-06T11:35:12","slug":"520","status":"publish","type":"product","link":"https:\/\/bonfortuno.eu\/ru\/toode\/520\/","title":{"rendered":"\u201d\u041a\u043e\u0440\u043e\u043b\u0435\u0432\u0441\u043a\u0438\u0435 \u0434\u043b\u0438\u043d\u043d\u043e\u0441\u0442\u0435\u0431\u0435\u043b\u044c\u043d\u044b\u0435 \u0440\u043e\u0437\u044b\u201d"},"content":{"rendered":"","protected":false},"excerpt":{"rendered":"<p style=\"text-align: justify;\">\u0428\u0438\u043a\u0430\u0440\u043d\u044b\u0435 \u0434\u043b\u0438\u043d\u043d\u043e\u0441\u0442\u0435\u0431\u0435\u043b\u044c\u043d\u044b\u0435 \u0440\u043e\u0437\u044b \u0432\u044b\u0441\u0448\u0435\u0433\u043e \u043a\u0430\u0447\u0435\u0441\u0442\u0432\u0430. \u0426\u0432\u0435\u0442\u044b \u0432\u044b\u0441\u043e\u0442\u043e\u0439 70 \u0441\u043c. \u0426\u0435\u043d\u0430 \u043e\u0434\u043d\u043e\u0433\u043e \u0446\u0432\u0435\u0442\u043a\u0430 &#8212; 3.50 \u0435\u0432\u0440\u043e.<\/p>\n","protected":false},"featured_media":493,"template":"","meta":[],"product_brand":[],"product_cat":[76,38,32],"product_tag":[39],"class_list":{"0":"post-520","1":"product","2":"type-product","3":"status-publish","4":"has-post-thumbnail","6":"product_cat-koik-tooted","7":"product_cat-loikelilled","8":"product_cat-roosid","9":"product_tag-roosid","11":"first","12":"instock","13":"featured","14":"shipping-taxable","15":"purchasable","16":"product-type-simple"},"yoast_head":"<!-- This site is optimized with the Yoast SEO plugin v27.3 - https:\/\/yoast.com\/product\/yoast-seo-wordpress\/ -->\n<title>\u201d\u041a\u043e\u0440\u043e\u043b\u0435\u0432\u0441\u043a\u0438\u0435 \u0434\u043b\u0438\u043d\u043d\u043e\u0441\u0442\u0435\u0431\u0435\u043b\u044c\u043d\u044b\u0435 \u0440\u043e\u0437\u044b\u201d  | Bonfortuno<\/title>\n<meta name=\"robots\" content=\"index, follow, max-snippet:-1, max-image-preview:large, max-video-preview:-1\" \/>\n<link rel=\"canonical\" href=\"https:\/\/bonfortuno.eu\/toode\/520\/\" \/>\n<meta property=\"og:locale\" content=\"ru_RU\" \/>\n<meta property=\"og:type\" content=\"article\" \/>\n<meta property=\"og:title\" content=\"[:et]&quot;Kuninglik pikka varrega roos&quot;[:ru]\u201d\u041a\u043e\u0440\u043e\u043b\u0435\u0432\u0441\u043a\u0438\u0435 \u0434\u043b\u0438\u043d\u043d\u043e\u0441\u0442\u0435\u0431\u0435\u043b\u044c\u043d\u044b\u0435 \u0440\u043e\u0437\u044b\u201d [:en]\u201cRoyal stem roses\u201d[:] | Bonfortuno\" \/>\n<meta property=\"og:description\" content=\"[:et]Suurep\u00e4rase kvaliteediga \u0161ikid roosid. Roos on 70 cm pikk. \u00dche lille hind on 3.50 eur.[:ru]\u0428\u0438\u043a\u0430\u0440\u043d\u044b\u0435 \u0434\u043b\u0438\u043d\u043d\u043e\u0441\u0442\u0435\u0431\u0435\u043b\u044c\u043d\u044b\u0435 \u0440\u043e\u0437\u044b \u0432\u044b\u0441\u0448\u0435\u0433\u043e \u043a\u0430\u0447\u0435\u0441\u0442\u0432\u0430. \u0426\u0432\u0435\u0442\u044b \u0432\u044b\u0441\u043e\u0442\u043e\u0439 70 \u0441\u043c. \u0426\u0435\u043d\u0430 \u043e\u0434\u043d\u043e\u0433\u043e \u0446\u0432\u0435\u0442\u043a\u0430 - 3.50 \u0435\u0432\u0440\u043e.[:en]Chic long stem roses of premium quality. The Royal Stem Rose is 70 cm long. The price of one flower is 3.50 eur.[:]\" \/>\n<meta property=\"og:url\" content=\"https:\/\/bonfortuno.eu\/toode\/520\/\" \/>\n<meta property=\"og:site_name\" content=\"Bonfortuno\" \/>\n<meta property=\"article:modified_time\" content=\"2025-03-06T11:35:12+00:00\" \/>\n<meta property=\"og:image\" content=\"https:\/\/bonfortuno.eu\/wp-content\/uploads\/2018\/05\/9.jpg\" \/>\n\t<meta property=\"og:image:width\" content=\"700\" \/>\n\t<meta property=\"og:image:height\" content=\"700\" \/>\n\t<meta property=\"og:image:type\" content=\"image\/jpeg\" \/>\n<meta name=\"twitter:card\" content=\"summary_large_image\" \/>\n<script type=\"application\/ld+json\" class=\"yoast-schema-graph\">{\"@context\":\"https:\\\/\\\/schema.org\",\"@graph\":[{\"@type\":\"WebPage\",\"@id\":\"https:\\\/\\\/bonfortuno.eu\\\/toode\\\/520\\\/\",\"url\":\"https:\\\/\\\/bonfortuno.eu\\\/toode\\\/520\\\/\",\"name\":\"[:et]\\\"Kuninglik pikka varrega roos\\\"[:ru]\u201d\u041a\u043e\u0440\u043e\u043b\u0435\u0432\u0441\u043a\u0438\u0435 \u0434\u043b\u0438\u043d\u043d\u043e\u0441\u0442\u0435\u0431\u0435\u043b\u044c\u043d\u044b\u0435 \u0440\u043e\u0437\u044b\u201d [:en]\u201cRoyal stem roses\u201d[:] | Bonfortuno\",\"isPartOf\":{\"@id\":\"https:\\\/\\\/bonfortuno.eu\\\/ru\\\/#website\"},\"primaryImageOfPage\":{\"@id\":\"https:\\\/\\\/bonfortuno.eu\\\/toode\\\/520\\\/#primaryimage\"},\"image\":{\"@id\":\"https:\\\/\\\/bonfortuno.eu\\\/toode\\\/520\\\/#primaryimage\"},\"thumbnailUrl\":\"https:\\\/\\\/bonfortuno.eu\\\/wp-content\\\/uploads\\\/2018\\\/05\\\/9.jpg\",\"datePublished\":\"2018-05-26T20:33:23+00:00\",\"dateModified\":\"2025-03-06T11:35:12+00:00\",\"breadcrumb\":{\"@id\":\"https:\\\/\\\/bonfortuno.eu\\\/toode\\\/520\\\/#breadcrumb\"},\"inLanguage\":\"ru-RU\",\"potentialAction\":[{\"@type\":\"ReadAction\",\"target\":[\"https:\\\/\\\/bonfortuno.eu\\\/toode\\\/520\\\/\"]}]},{\"@type\":\"ImageObject\",\"inLanguage\":\"ru-RU\",\"@id\":\"https:\\\/\\\/bonfortuno.eu\\\/toode\\\/520\\\/#primaryimage\",\"url\":\"https:\\\/\\\/bonfortuno.eu\\\/wp-content\\\/uploads\\\/2018\\\/05\\\/9.jpg\",\"contentUrl\":\"https:\\\/\\\/bonfortuno.eu\\\/wp-content\\\/uploads\\\/2018\\\/05\\\/9.jpg\",\"width\":700,\"height\":700,\"caption\":\"roos\"},{\"@type\":\"BreadcrumbList\",\"@id\":\"https:\\\/\\\/bonfortuno.eu\\\/toode\\\/520\\\/#breadcrumb\",\"itemListElement\":[{\"@type\":\"ListItem\",\"position\":1,\"name\":\"\u0413\u043b\u0430\u0432\u043d\u0430\u044f \u0441\u0442\u0440\u0430\u043d\u0438\u0446\u0430\",\"item\":\"https:\\\/\\\/bonfortuno.eu\\\/\"},{\"@type\":\"ListItem\",\"position\":2,\"name\":\"\u041c\u0430\u0433\u0430\u0437\u0438\u043d\",\"item\":\"https:\\\/\\\/bonfortuno.eu\\\/\"},{\"@type\":\"ListItem\",\"position\":3,\"name\":\"&#8220;Kuninglik pikka varrega roos&#8221;\"}]},{\"@type\":\"WebSite\",\"@id\":\"https:\\\/\\\/bonfortuno.eu\\\/ru\\\/#website\",\"url\":\"https:\\\/\\\/bonfortuno.eu\\\/ru\\\/\",\"name\":\"Bonfortuno\",\"description\":\"\u0414\u043e\u0431\u0440\u043e \u043f\u043e\u0436\u0430\u043b\u043e\u0432\u0430\u0442\u044c \u0432 \u043c\u0438\u0440 \u0441\u0432\u0435\u0436\u0438\u0445 \u0446\u0432\u0435\u0442\u043e\u0432\",\"potentialAction\":[{\"@type\":\"SearchAction\",\"target\":{\"@type\":\"EntryPoint\",\"urlTemplate\":\"https:\\\/\\\/bonfortuno.eu\\\/ru\\\/?s={search_term_string}\"},\"query-input\":{\"@type\":\"PropertyValueSpecification\",\"valueRequired\":true,\"valueName\":\"search_term_string\"}}],\"inLanguage\":\"ru-RU\"}]}<\/script>\n<!-- \/ Yoast SEO plugin. -->","yoast_head_json":{"title":"[:et]\"Kuninglik pikka varrega roos\"[:ru]\u201d\u041a\u043e\u0440\u043e\u043b\u0435\u0432\u0441\u043a\u0438\u0435 \u0434\u043b\u0438\u043d\u043d\u043e\u0441\u0442\u0435\u0431\u0435\u043b\u044c\u043d\u044b\u0435 \u0440\u043e\u0437\u044b\u201d [:en]\u201cRoyal stem roses\u201d[:] | Bonfortuno","robots":{"index":"index","follow":"follow","max-snippet":"max-snippet:-1","max-image-preview":"max-image-preview:large","max-video-preview":"max-video-preview:-1"},"canonical":"https:\/\/bonfortuno.eu\/toode\/520\/","og_locale":"ru_RU","og_type":"article","og_title":"[:et]\"Kuninglik pikka varrega roos\"[:ru]\u201d\u041a\u043e\u0440\u043e\u043b\u0435\u0432\u0441\u043a\u0438\u0435 \u0434\u043b\u0438\u043d\u043d\u043e\u0441\u0442\u0435\u0431\u0435\u043b\u044c\u043d\u044b\u0435 \u0440\u043e\u0437\u044b\u201d [:en]\u201cRoyal stem roses\u201d[:] | Bonfortuno","og_description":"[:et]Suurep\u00e4rase kvaliteediga \u0161ikid roosid. Roos on 70 cm pikk. \u00dche lille hind on 3.50 eur.[:ru]\u0428\u0438\u043a\u0430\u0440\u043d\u044b\u0435 \u0434\u043b\u0438\u043d\u043d\u043e\u0441\u0442\u0435\u0431\u0435\u043b\u044c\u043d\u044b\u0435 \u0440\u043e\u0437\u044b \u0432\u044b\u0441\u0448\u0435\u0433\u043e \u043a\u0430\u0447\u0435\u0441\u0442\u0432\u0430. \u0426\u0432\u0435\u0442\u044b \u0432\u044b\u0441\u043e\u0442\u043e\u0439 70 \u0441\u043c. \u0426\u0435\u043d\u0430 \u043e\u0434\u043d\u043e\u0433\u043e \u0446\u0432\u0435\u0442\u043a\u0430 - 3.50 \u0435\u0432\u0440\u043e.[:en]Chic long stem roses of premium quality. The Royal Stem Rose is 70 cm long. The price of one flower is 3.50 eur.[:]","og_url":"https:\/\/bonfortuno.eu\/toode\/520\/","og_site_name":"Bonfortuno","article_modified_time":"2025-03-06T11:35:12+00:00","og_image":[{"width":700,"height":700,"url":"https:\/\/bonfortuno.eu\/wp-content\/uploads\/2018\/05\/9.jpg","type":"image\/jpeg"}],"twitter_card":"summary_large_image","schema":{"@context":"https:\/\/schema.org","@graph":[{"@type":"WebPage","@id":"https:\/\/bonfortuno.eu\/toode\/520\/","url":"https:\/\/bonfortuno.eu\/toode\/520\/","name":"[:et]\"Kuninglik pikka varrega roos\"[:ru]\u201d\u041a\u043e\u0440\u043e\u043b\u0435\u0432\u0441\u043a\u0438\u0435 \u0434\u043b\u0438\u043d\u043d\u043e\u0441\u0442\u0435\u0431\u0435\u043b\u044c\u043d\u044b\u0435 \u0440\u043e\u0437\u044b\u201d [:en]\u201cRoyal stem roses\u201d[:] | Bonfortuno","isPartOf":{"@id":"https:\/\/bonfortuno.eu\/ru\/#website"},"primaryImageOfPage":{"@id":"https:\/\/bonfortuno.eu\/toode\/520\/#primaryimage"},"image":{"@id":"https:\/\/bonfortuno.eu\/toode\/520\/#primaryimage"},"thumbnailUrl":"https:\/\/bonfortuno.eu\/wp-content\/uploads\/2018\/05\/9.jpg","datePublished":"2018-05-26T20:33:23+00:00","dateModified":"2025-03-06T11:35:12+00:00","breadcrumb":{"@id":"https:\/\/bonfortuno.eu\/toode\/520\/#breadcrumb"},"inLanguage":"ru-RU","potentialAction":[{"@type":"ReadAction","target":["https:\/\/bonfortuno.eu\/toode\/520\/"]}]},{"@type":"ImageObject","inLanguage":"ru-RU","@id":"https:\/\/bonfortuno.eu\/toode\/520\/#primaryimage","url":"https:\/\/bonfortuno.eu\/wp-content\/uploads\/2018\/05\/9.jpg","contentUrl":"https:\/\/bonfortuno.eu\/wp-content\/uploads\/2018\/05\/9.jpg","width":700,"height":700,"caption":"roos"},{"@type":"BreadcrumbList","@id":"https:\/\/bonfortuno.eu\/toode\/520\/#breadcrumb","itemListElement":[{"@type":"ListItem","position":1,"name":"\u0413\u043b\u0430\u0432\u043d\u0430\u044f \u0441\u0442\u0440\u0430\u043d\u0438\u0446\u0430","item":"https:\/\/bonfortuno.eu\/"},{"@type":"ListItem","position":2,"name":"\u041c\u0430\u0433\u0430\u0437\u0438\u043d","item":"https:\/\/bonfortuno.eu\/"},{"@type":"ListItem","position":3,"name":"&#8220;Kuninglik pikka varrega roos&#8221;"}]},{"@type":"WebSite","@id":"https:\/\/bonfortuno.eu\/ru\/#website","url":"https:\/\/bonfortuno.eu\/ru\/","name":"Bonfortuno","description":"\u0414\u043e\u0431\u0440\u043e \u043f\u043e\u0436\u0430\u043b\u043e\u0432\u0430\u0442\u044c \u0432 \u043c\u0438\u0440 \u0441\u0432\u0435\u0436\u0438\u0445 \u0446\u0432\u0435\u0442\u043e\u0432","potentialAction":[{"@type":"SearchAction","target":{"@type":"EntryPoint","urlTemplate":"https:\/\/bonfortuno.eu\/ru\/?s={search_term_string}"},"query-input":{"@type":"PropertyValueSpecification","valueRequired":true,"valueName":"search_term_string"}}],"inLanguage":"ru-RU"}]}},"_links":{"self":[{"href":"https:\/\/bonfortuno.eu\/ru\/wp-json\/wp\/v2\/product\/520","targetHints":{"allow":["GET"]}}],"collection":[{"href":"https:\/\/bonfortuno.eu\/ru\/wp-json\/wp\/v2\/product"}],"about":[{"href":"https:\/\/bonfortuno.eu\/ru\/wp-json\/wp\/v2\/types\/product"}],"wp:featuredmedia":[{"embeddable":true,"href":"https:\/\/bonfortuno.eu\/ru\/wp-json\/wp\/v2\/media\/493"}],"wp:attachment":[{"href":"https:\/\/bonfortuno.eu\/ru\/wp-json\/wp\/v2\/media?parent=520"}],"wp:term":[{"taxonomy":"product_brand","embeddable":true,"href":"https:\/\/bonfortuno.eu\/ru\/wp-json\/wp\/v2\/product_brand?post=520"},{"taxonomy":"product_cat","embeddable":true,"href":"https:\/\/bonfortuno.eu\/ru\/wp-json\/wp\/v2\/product_cat?post=520"},{"taxonomy":"product_tag","embeddable":true,"href":"https:\/\/bonfortuno.eu\/ru\/wp-json\/wp\/v2\/product_tag?post=520"}],"curies":[{"name":"wp","href":"https:\/\/api.w.org\/{rel}","templated":true}]}}