{"id":555,"date":"2018-06-09T15:09:57","date_gmt":"2018-06-09T12:09:57","guid":{"rendered":"https:\/\/bonfortuno.eu\/?post_type=product&#038;p=555"},"modified":"2023-03-08T08:23:38","modified_gmt":"2023-03-08T06:23:38","slug":"charlotte","status":"publish","type":"product","link":"https:\/\/bonfortuno.eu\/ru\/toode\/charlotte\/","title":{"rendered":"&#187;\u0428\u0430\u0440\u043b\u043e\u0442\u0442\u0430\u201d"},"content":{"rendered":"","protected":false},"excerpt":{"rendered":"<p style=\"text-align: justify;\"><span style=\"font-weight: 400;\">\u0412\u0435\u043b\u0438\u043a\u043e\u043b\u0435\u043f\u043d\u044b\u0439 \u0431\u0443\u043a\u0435\u0442 \u0438\u0437 31 \u041b\u0438\u0437\u0438\u0430\u043d\u0442\u0443\u0441\u043e\u0432 \u0432 \u043e\u0442\u0442\u0435\u043d\u043a\u0430\u0445 \u0431\u0435\u043b\u043e\u0433\u043e \u0438 \u0440\u043e\u0437\u043e\u0432\u043e\u0433\u043e. \u041a\u043e\u0433\u0434\u0430 \u044d\u0442\u043e\u0442 \u0446\u0432\u0435\u0442\u043e\u043a \u043f\u043e\u043b\u043d\u043e\u0441\u0442\u044c\u044e \u0440\u0430\u0441\u0446\u0432\u0435\u0442\u0430\u0435\u0442, \u0435\u0433\u043e \u043c\u043e\u0436\u043d\u043e \u043e\u0448\u0438\u0431\u043e\u0447\u043d\u043e \u043f\u0440\u0438\u043d\u044f\u0442\u044c \u0437\u0430 \u0440\u043e\u0437\u0443, \u043d\u043e \u043b\u0438\u0437\u0438\u0430\u043d\u0442\u0443\u0441 &#8212; \u0431\u043e\u043b\u0435\u0435 \u0441\u0442\u043e\u0439\u043a\u0438\u0439 \u0446\u0432\u0435\u0442\u043e\u043a. \u042d\u0442\u0438 \u043d\u0435\u043e\u0431\u044b\u0447\u043d\u044b\u0435 \u0446\u0432\u0435\u0442\u044b \u043a\u0430\u043a \u043f\u0440\u0430\u0432\u0438\u043b\u043e \u0434\u043e\u0441\u0442\u0443\u043f\u043d\u044b \u0432 \u0431\u0435\u043b\u043e\u043c, \u0444\u0438\u043e\u043b\u0435\u0442\u043e\u0432\u043e\u043c \u0438 \u0440\u043e\u0437\u043e\u0432\u043e\u043c \u043e\u0442\u0442\u0435\u043d\u043a\u0435. \u041a\u0440\u0430\u0441\u0438\u0432\u044b\u0435, \u0434\u043b\u0438\u043d\u043d\u044b\u0435 \u0441\u0442\u0435\u0431\u043b\u0438 \u0438 \u043c\u0438\u043d\u0434\u0430\u043b\u0435\u0432\u0438\u0434\u043d\u044b\u0435 \u0431\u0443\u0442\u043e\u043d\u044b \u0438\u043c\u0435\u044e\u0442 \u0435\u0441\u0442\u0435\u0441\u0442\u0432\u0435\u043d\u043d\u044b\u0439 \u0440\u043e\u043c\u0430\u043d\u0442\u0438\u0447\u0435\u0441\u043a\u0438\u0439 \u0432\u0438\u0434.<\/span><\/p>\n","protected":false},"featured_media":556,"template":"","meta":[],"product_brand":[],"product_cat":[76,30],"product_tag":[62,78],"class_list":{"0":"post-555","1":"product","2":"type-product","3":"status-publish","4":"has-post-thumbnail","6":"product_cat-koik-tooted","7":"product_cat-lillekimbud","8":"product_tag-eustoma","9":"product_tag-suur","11":"first","12":"instock","13":"featured","14":"shipping-taxable","15":"purchasable","16":"product-type-simple"},"yoast_head":"<!-- This site is optimized with the Yoast SEO plugin v27.3 - https:\/\/yoast.com\/product\/yoast-seo-wordpress\/ -->\n<title>&quot;\u0428\u0430\u0440\u043b\u043e\u0442\u0442\u0430\u201d | Bonfortuno<\/title>\n<meta name=\"robots\" content=\"index, follow, max-snippet:-1, max-image-preview:large, max-video-preview:-1\" \/>\n<link rel=\"canonical\" href=\"https:\/\/bonfortuno.eu\/en\/toode\/charlotte\/\" \/>\n<meta property=\"og:locale\" content=\"ru_RU\" \/>\n<meta property=\"og:type\" content=\"article\" \/>\n<meta property=\"og:title\" content=\"[:et]&quot;Charlotte&quot;[:ru]&quot;\u0428\u0430\u0440\u043b\u043e\u0442\u0442\u0430\u201d[:en]\u201cCharlotte\u201d[:] | Bonfortuno\" \/>\n<meta property=\"og:description\" content=\"[:et]Luksuslik preriakeele seade valge-roosates toonides. Seda lilli tihti eksitakse metsiku roosiga, kuid preeriakeel on palju tugevam lill. Preeriakeelel on erakordselt pikk vaasi elu! R\u00f5\u00f5msameelne kellukesekujuline \u00f5is on tavaliselt saadaval valge, lilla ja roosa v\u00e4rvides, lillel on looduslikult romantiline v\u00e4limus.  [:ru]\u0412\u0435\u043b\u0438\u043a\u043e\u043b\u0435\u043f\u043d\u044b\u0439 \u0431\u0443\u043a\u0435\u0442 \u0438\u0437 31 \u041b\u0438\u0437\u0438\u0430\u043d\u0442\u0443\u0441\u043e\u0432 \u0432 \u043e\u0442\u0442\u0435\u043d\u043a\u0430\u0445 \u0431\u0435\u043b\u043e\u0433\u043e \u0438 \u0440\u043e\u0437\u043e\u0432\u043e\u0433\u043e. \u041a\u043e\u0433\u0434\u0430 \u044d\u0442\u043e\u0442 \u0446\u0432\u0435\u0442\u043e\u043a \u043f\u043e\u043b\u043d\u043e\u0441\u0442\u044c\u044e \u0440\u0430\u0441\u0446\u0432\u0435\u0442\u0430\u0435\u0442, \u0435\u0433\u043e \u043c\u043e\u0436\u043d\u043e \u043e\u0448\u0438\u0431\u043e\u0447\u043d\u043e \u043f\u0440\u0438\u043d\u044f\u0442\u044c \u0437\u0430 \u0440\u043e\u0437\u0443, \u043d\u043e \u043b\u0438\u0437\u0438\u0430\u043d\u0442\u0443\u0441 - \u0431\u043e\u043b\u0435\u0435 \u0441\u0442\u043e\u0439\u043a\u0438\u0439 \u0446\u0432\u0435\u0442\u043e\u043a. \u042d\u0442\u0438 \u043d\u0435\u043e\u0431\u044b\u0447\u043d\u044b\u0435 \u0446\u0432\u0435\u0442\u044b \u043a\u0430\u043a \u043f\u0440\u0430\u0432\u0438\u043b\u043e \u0434\u043e\u0441\u0442\u0443\u043f\u043d\u044b \u0432 \u0431\u0435\u043b\u043e\u043c, \u0444\u0438\u043e\u043b\u0435\u0442\u043e\u0432\u043e\u043c \u0438 \u0440\u043e\u0437\u043e\u0432\u043e\u043c \u043e\u0442\u0442\u0435\u043d\u043a\u0435. \u041a\u0440\u0430\u0441\u0438\u0432\u044b\u0435, \u0434\u043b\u0438\u043d\u043d\u044b\u0435 \u0441\u0442\u0435\u0431\u043b\u0438 \u0438 \u043c\u0438\u043d\u0434\u0430\u043b\u0435\u0432\u0438\u0434\u043d\u044b\u0435 \u0431\u0443\u0442\u043e\u043d\u044b \u0438\u043c\u0435\u044e\u0442 \u0435\u0441\u0442\u0435\u0441\u0442\u0432\u0435\u043d\u043d\u044b\u0439 \u0440\u043e\u043c\u0430\u043d\u0442\u0438\u0447\u0435\u0441\u043a\u0438\u0439 \u0432\u0438\u0434.[:en]A gorgeous collection of 31 stems of Lisianthus in shades of white and pink. When this flower blooms to its fullest it can easily be mistaken for a rose, but lisianthus is a much hardier flower. It has exceptionally long vase life! The ruffled bell-shaped blooms are commonly available in white, purple, and pink. Beautiful, long-stemmed, almond-shaped buds have a naturally rustic and romantic look.[:]\" \/>\n<meta property=\"og:url\" content=\"https:\/\/bonfortuno.eu\/en\/toode\/charlotte\/\" \/>\n<meta property=\"og:site_name\" content=\"Bonfortuno\" \/>\n<meta property=\"article:modified_time\" content=\"2023-03-08T06:23:38+00:00\" \/>\n<meta property=\"og:image\" content=\"https:\/\/bonfortuno.eu\/wp-content\/uploads\/2018\/06\/13.jpg\" \/>\n\t<meta property=\"og:image:width\" content=\"1000\" \/>\n\t<meta property=\"og:image:height\" content=\"1000\" \/>\n\t<meta property=\"og:image:type\" content=\"image\/jpeg\" \/>\n<meta name=\"twitter:card\" content=\"summary_large_image\" \/>\n<script type=\"application\/ld+json\" class=\"yoast-schema-graph\">{\"@context\":\"https:\\\/\\\/schema.org\",\"@graph\":[{\"@type\":\"WebPage\",\"@id\":\"https:\\\/\\\/bonfortuno.eu\\\/en\\\/toode\\\/charlotte\\\/\",\"url\":\"https:\\\/\\\/bonfortuno.eu\\\/en\\\/toode\\\/charlotte\\\/\",\"name\":\"[:et]\\\"Charlotte\\\"[:ru]\\\"\u0428\u0430\u0440\u043b\u043e\u0442\u0442\u0430\u201d[:en]\u201cCharlotte\u201d[:] | Bonfortuno\",\"isPartOf\":{\"@id\":\"https:\\\/\\\/bonfortuno.eu\\\/ru\\\/#website\"},\"primaryImageOfPage\":{\"@id\":\"https:\\\/\\\/bonfortuno.eu\\\/en\\\/toode\\\/charlotte\\\/#primaryimage\"},\"image\":{\"@id\":\"https:\\\/\\\/bonfortuno.eu\\\/en\\\/toode\\\/charlotte\\\/#primaryimage\"},\"thumbnailUrl\":\"https:\\\/\\\/bonfortuno.eu\\\/wp-content\\\/uploads\\\/2018\\\/06\\\/13.jpg\",\"datePublished\":\"2018-06-09T12:09:57+00:00\",\"dateModified\":\"2023-03-08T06:23:38+00:00\",\"breadcrumb\":{\"@id\":\"https:\\\/\\\/bonfortuno.eu\\\/en\\\/toode\\\/charlotte\\\/#breadcrumb\"},\"inLanguage\":\"ru-RU\",\"potentialAction\":[{\"@type\":\"ReadAction\",\"target\":[\"https:\\\/\\\/bonfortuno.eu\\\/en\\\/toode\\\/charlotte\\\/\"]}]},{\"@type\":\"ImageObject\",\"inLanguage\":\"ru-RU\",\"@id\":\"https:\\\/\\\/bonfortuno.eu\\\/en\\\/toode\\\/charlotte\\\/#primaryimage\",\"url\":\"https:\\\/\\\/bonfortuno.eu\\\/wp-content\\\/uploads\\\/2018\\\/06\\\/13.jpg\",\"contentUrl\":\"https:\\\/\\\/bonfortuno.eu\\\/wp-content\\\/uploads\\\/2018\\\/06\\\/13.jpg\",\"width\":1000,\"height\":1000,\"caption\":\"lilled kulleriga\"},{\"@type\":\"BreadcrumbList\",\"@id\":\"https:\\\/\\\/bonfortuno.eu\\\/en\\\/toode\\\/charlotte\\\/#breadcrumb\",\"itemListElement\":[{\"@type\":\"ListItem\",\"position\":1,\"name\":\"\u0413\u043b\u0430\u0432\u043d\u0430\u044f \u0441\u0442\u0440\u0430\u043d\u0438\u0446\u0430\",\"item\":\"https:\\\/\\\/bonfortuno.eu\\\/\"},{\"@type\":\"ListItem\",\"position\":2,\"name\":\"\u041c\u0430\u0433\u0430\u0437\u0438\u043d\",\"item\":\"https:\\\/\\\/bonfortuno.eu\\\/\"},{\"@type\":\"ListItem\",\"position\":3,\"name\":\"\u201cCharlotte\u201d\"}]},{\"@type\":\"WebSite\",\"@id\":\"https:\\\/\\\/bonfortuno.eu\\\/ru\\\/#website\",\"url\":\"https:\\\/\\\/bonfortuno.eu\\\/ru\\\/\",\"name\":\"Bonfortuno\",\"description\":\"\u0414\u043e\u0431\u0440\u043e \u043f\u043e\u0436\u0430\u043b\u043e\u0432\u0430\u0442\u044c \u0432 \u043c\u0438\u0440 \u0441\u0432\u0435\u0436\u0438\u0445 \u0446\u0432\u0435\u0442\u043e\u0432\",\"potentialAction\":[{\"@type\":\"SearchAction\",\"target\":{\"@type\":\"EntryPoint\",\"urlTemplate\":\"https:\\\/\\\/bonfortuno.eu\\\/ru\\\/?s={search_term_string}\"},\"query-input\":{\"@type\":\"PropertyValueSpecification\",\"valueRequired\":true,\"valueName\":\"search_term_string\"}}],\"inLanguage\":\"ru-RU\"}]}<\/script>\n<!-- \/ Yoast SEO plugin. -->","yoast_head_json":{"title":"[:et]\"Charlotte\"[:ru]\"\u0428\u0430\u0440\u043b\u043e\u0442\u0442\u0430\u201d[:en]\u201cCharlotte\u201d[:] | Bonfortuno","robots":{"index":"index","follow":"follow","max-snippet":"max-snippet:-1","max-image-preview":"max-image-preview:large","max-video-preview":"max-video-preview:-1"},"canonical":"https:\/\/bonfortuno.eu\/en\/toode\/charlotte\/","og_locale":"ru_RU","og_type":"article","og_title":"[:et]\"Charlotte\"[:ru]\"\u0428\u0430\u0440\u043b\u043e\u0442\u0442\u0430\u201d[:en]\u201cCharlotte\u201d[:] | Bonfortuno","og_description":"[:et]Luksuslik preriakeele seade valge-roosates toonides. Seda lilli tihti eksitakse metsiku roosiga, kuid preeriakeel on palju tugevam lill. Preeriakeelel on erakordselt pikk vaasi elu! R\u00f5\u00f5msameelne kellukesekujuline \u00f5is on tavaliselt saadaval valge, lilla ja roosa v\u00e4rvides, lillel on looduslikult romantiline v\u00e4limus.  [:ru]\u0412\u0435\u043b\u0438\u043a\u043e\u043b\u0435\u043f\u043d\u044b\u0439 \u0431\u0443\u043a\u0435\u0442 \u0438\u0437 31 \u041b\u0438\u0437\u0438\u0430\u043d\u0442\u0443\u0441\u043e\u0432 \u0432 \u043e\u0442\u0442\u0435\u043d\u043a\u0430\u0445 \u0431\u0435\u043b\u043e\u0433\u043e \u0438 \u0440\u043e\u0437\u043e\u0432\u043e\u0433\u043e. \u041a\u043e\u0433\u0434\u0430 \u044d\u0442\u043e\u0442 \u0446\u0432\u0435\u0442\u043e\u043a \u043f\u043e\u043b\u043d\u043e\u0441\u0442\u044c\u044e \u0440\u0430\u0441\u0446\u0432\u0435\u0442\u0430\u0435\u0442, \u0435\u0433\u043e \u043c\u043e\u0436\u043d\u043e \u043e\u0448\u0438\u0431\u043e\u0447\u043d\u043e \u043f\u0440\u0438\u043d\u044f\u0442\u044c \u0437\u0430 \u0440\u043e\u0437\u0443, \u043d\u043e \u043b\u0438\u0437\u0438\u0430\u043d\u0442\u0443\u0441 - \u0431\u043e\u043b\u0435\u0435 \u0441\u0442\u043e\u0439\u043a\u0438\u0439 \u0446\u0432\u0435\u0442\u043e\u043a. \u042d\u0442\u0438 \u043d\u0435\u043e\u0431\u044b\u0447\u043d\u044b\u0435 \u0446\u0432\u0435\u0442\u044b \u043a\u0430\u043a \u043f\u0440\u0430\u0432\u0438\u043b\u043e \u0434\u043e\u0441\u0442\u0443\u043f\u043d\u044b \u0432 \u0431\u0435\u043b\u043e\u043c, \u0444\u0438\u043e\u043b\u0435\u0442\u043e\u0432\u043e\u043c \u0438 \u0440\u043e\u0437\u043e\u0432\u043e\u043c \u043e\u0442\u0442\u0435\u043d\u043a\u0435. \u041a\u0440\u0430\u0441\u0438\u0432\u044b\u0435, \u0434\u043b\u0438\u043d\u043d\u044b\u0435 \u0441\u0442\u0435\u0431\u043b\u0438 \u0438 \u043c\u0438\u043d\u0434\u0430\u043b\u0435\u0432\u0438\u0434\u043d\u044b\u0435 \u0431\u0443\u0442\u043e\u043d\u044b \u0438\u043c\u0435\u044e\u0442 \u0435\u0441\u0442\u0435\u0441\u0442\u0432\u0435\u043d\u043d\u044b\u0439 \u0440\u043e\u043c\u0430\u043d\u0442\u0438\u0447\u0435\u0441\u043a\u0438\u0439 \u0432\u0438\u0434.[:en]A gorgeous collection of 31 stems of Lisianthus in shades of white and pink. When this flower blooms to its fullest it can easily be mistaken for a rose, but lisianthus is a much hardier flower. It has exceptionally long vase life! The ruffled bell-shaped blooms are commonly available in white, purple, and pink. Beautiful, long-stemmed, almond-shaped buds have a naturally rustic and romantic look.[:]","og_url":"https:\/\/bonfortuno.eu\/en\/toode\/charlotte\/","og_site_name":"Bonfortuno","article_modified_time":"2023-03-08T06:23:38+00:00","og_image":[{"width":1000,"height":1000,"url":"https:\/\/bonfortuno.eu\/wp-content\/uploads\/2018\/06\/13.jpg","type":"image\/jpeg"}],"twitter_card":"summary_large_image","schema":{"@context":"https:\/\/schema.org","@graph":[{"@type":"WebPage","@id":"https:\/\/bonfortuno.eu\/en\/toode\/charlotte\/","url":"https:\/\/bonfortuno.eu\/en\/toode\/charlotte\/","name":"[:et]\"Charlotte\"[:ru]\"\u0428\u0430\u0440\u043b\u043e\u0442\u0442\u0430\u201d[:en]\u201cCharlotte\u201d[:] | Bonfortuno","isPartOf":{"@id":"https:\/\/bonfortuno.eu\/ru\/#website"},"primaryImageOfPage":{"@id":"https:\/\/bonfortuno.eu\/en\/toode\/charlotte\/#primaryimage"},"image":{"@id":"https:\/\/bonfortuno.eu\/en\/toode\/charlotte\/#primaryimage"},"thumbnailUrl":"https:\/\/bonfortuno.eu\/wp-content\/uploads\/2018\/06\/13.jpg","datePublished":"2018-06-09T12:09:57+00:00","dateModified":"2023-03-08T06:23:38+00:00","breadcrumb":{"@id":"https:\/\/bonfortuno.eu\/en\/toode\/charlotte\/#breadcrumb"},"inLanguage":"ru-RU","potentialAction":[{"@type":"ReadAction","target":["https:\/\/bonfortuno.eu\/en\/toode\/charlotte\/"]}]},{"@type":"ImageObject","inLanguage":"ru-RU","@id":"https:\/\/bonfortuno.eu\/en\/toode\/charlotte\/#primaryimage","url":"https:\/\/bonfortuno.eu\/wp-content\/uploads\/2018\/06\/13.jpg","contentUrl":"https:\/\/bonfortuno.eu\/wp-content\/uploads\/2018\/06\/13.jpg","width":1000,"height":1000,"caption":"lilled kulleriga"},{"@type":"BreadcrumbList","@id":"https:\/\/bonfortuno.eu\/en\/toode\/charlotte\/#breadcrumb","itemListElement":[{"@type":"ListItem","position":1,"name":"\u0413\u043b\u0430\u0432\u043d\u0430\u044f \u0441\u0442\u0440\u0430\u043d\u0438\u0446\u0430","item":"https:\/\/bonfortuno.eu\/"},{"@type":"ListItem","position":2,"name":"\u041c\u0430\u0433\u0430\u0437\u0438\u043d","item":"https:\/\/bonfortuno.eu\/"},{"@type":"ListItem","position":3,"name":"\u201cCharlotte\u201d"}]},{"@type":"WebSite","@id":"https:\/\/bonfortuno.eu\/ru\/#website","url":"https:\/\/bonfortuno.eu\/ru\/","name":"Bonfortuno","description":"\u0414\u043e\u0431\u0440\u043e \u043f\u043e\u0436\u0430\u043b\u043e\u0432\u0430\u0442\u044c \u0432 \u043c\u0438\u0440 \u0441\u0432\u0435\u0436\u0438\u0445 \u0446\u0432\u0435\u0442\u043e\u0432","potentialAction":[{"@type":"SearchAction","target":{"@type":"EntryPoint","urlTemplate":"https:\/\/bonfortuno.eu\/ru\/?s={search_term_string}"},"query-input":{"@type":"PropertyValueSpecification","valueRequired":true,"valueName":"search_term_string"}}],"inLanguage":"ru-RU"}]}},"_links":{"self":[{"href":"https:\/\/bonfortuno.eu\/ru\/wp-json\/wp\/v2\/product\/555","targetHints":{"allow":["GET"]}}],"collection":[{"href":"https:\/\/bonfortuno.eu\/ru\/wp-json\/wp\/v2\/product"}],"about":[{"href":"https:\/\/bonfortuno.eu\/ru\/wp-json\/wp\/v2\/types\/product"}],"wp:featuredmedia":[{"embeddable":true,"href":"https:\/\/bonfortuno.eu\/ru\/wp-json\/wp\/v2\/media\/556"}],"wp:attachment":[{"href":"https:\/\/bonfortuno.eu\/ru\/wp-json\/wp\/v2\/media?parent=555"}],"wp:term":[{"taxonomy":"product_brand","embeddable":true,"href":"https:\/\/bonfortuno.eu\/ru\/wp-json\/wp\/v2\/product_brand?post=555"},{"taxonomy":"product_cat","embeddable":true,"href":"https:\/\/bonfortuno.eu\/ru\/wp-json\/wp\/v2\/product_cat?post=555"},{"taxonomy":"product_tag","embeddable":true,"href":"https:\/\/bonfortuno.eu\/ru\/wp-json\/wp\/v2\/product_tag?post=555"}],"curies":[{"name":"wp","href":"https:\/\/api.w.org\/{rel}","templated":true}]}}