{"id":578,"date":"2018-06-14T22:51:07","date_gmt":"2018-06-14T19:51:07","guid":{"rendered":"https:\/\/bonfortuno.eu\/?post_type=product&#038;p=578"},"modified":"2025-02-11T22:22:52","modified_gmt":"2025-02-11T20:22:52","slug":"kollased-tulbid","status":"publish","type":"product","link":"https:\/\/bonfortuno.eu\/ru\/toode\/kollased-tulbid\/","title":{"rendered":"\u201c\u0416\u0435\u043b\u0442\u044b\u0435 \u0442\u044e\u043b\u044c\u043f\u0430\u043d\u044b\u201d"},"content":{"rendered":"","protected":false},"excerpt":{"rendered":"<p style=\"text-align: justify;\"><span style=\"font-weight: 400;\">\u0416\u0435\u043b\u0442\u044b\u0435 \u0442\u044e\u043b\u044c\u043f\u0430\u043d\u044b &#8212; \u0441\u0438\u043c\u0432\u043e\u043b \u043d\u0430\u0434\u0435\u0436\u0434\u044b. \u0416\u0451\u043b\u0442\u044b\u0439 \u0431\u0443\u043a\u0435\u0442 \u0442\u044e\u043b\u044c\u043f\u0430\u043d\u043e\u0432 \u043e\u0442\u043b\u0438\u0447\u043d\u044b\u0439 \u043f\u043e\u0434\u0430\u0440\u043e\u043a \u0434\u043b\u044f \u0434\u0440\u0443\u0433\u0430, \u0435\u0433\u043e \u0434\u0430\u0440\u044f\u0442 \u0432 \u0437\u043d\u0430\u043a \u0431\u043b\u0430\u0433\u043e\u0434\u0430\u0440\u043d\u043e\u0441\u0442\u0438 \u0438\u043b\u0438 \u0441 \u043f\u043e\u0436\u0435\u043b\u0430\u043d\u0438\u0435\u043c \u0441\u043a\u043e\u0440\u0435\u0439\u0448\u0435\u0433\u043e \u0432\u044b\u0437\u0434\u043e\u0440\u043e\u0432\u043b\u0435\u043d\u0438\u044f. \u0412 \u00a0\u00a0\u041d\u0430\u0448\u0435\u043c \u043c\u0430\u0433\u0430\u0437\u0438\u043d\u0435 \u0432 \u043d\u0430\u043b\u0438\u0447\u0438\u0435 \u0431\u043e\u043b\u044c\u0448\u043e\u0439 \u0432\u044b\u0431\u043e\u0440 \u0446\u0432\u0435\u0442\u043e\u0432 \u0438 \u0441\u043c\u0435\u0448\u0430\u043d\u043d\u044b\u0445 \u0431\u0443\u043a\u0435\u0442\u043e\u0432! \u0425\u043e\u0440\u043e\u0448\u0430\u044f \u0446\u0435\u043d\u0430! \u0412\u0441\u0435\u0433\u043e 1.50 \u0435\u0432\u0440\u043e \u0437\u0430 \u0446\u0432\u0435\u0442\u043e\u043a!<\/span><\/p>\n","protected":false},"featured_media":573,"template":"","meta":[],"product_brand":[],"product_cat":[76,38],"product_tag":[71],"class_list":{"0":"post-578","1":"product","2":"type-product","3":"status-publish","4":"has-post-thumbnail","6":"product_cat-koik-tooted","7":"product_cat-loikelilled","8":"product_tag-tulbid","10":"first","11":"instock","12":"featured","13":"shipping-taxable","14":"purchasable","15":"product-type-simple"},"yoast_head":"<!-- This site is optimized with the Yoast SEO plugin v27.3 - https:\/\/yoast.com\/product\/yoast-seo-wordpress\/ -->\n<title>\u201c\u0416\u0435\u043b\u0442\u044b\u0435 \u0442\u044e\u043b\u044c\u043f\u0430\u043d\u044b\u201d | Bonfortuno<\/title>\n<meta name=\"robots\" content=\"index, follow, max-snippet:-1, max-image-preview:large, max-video-preview:-1\" \/>\n<link rel=\"canonical\" href=\"https:\/\/bonfortuno.eu\/toode\/kollased-tulbid\/\" \/>\n<meta property=\"og:locale\" content=\"ru_RU\" \/>\n<meta property=\"og:type\" content=\"article\" \/>\n<meta property=\"og:title\" content=\"[:et]&quot;Kollased tulbid&quot;[:ru]\u201c\u0416\u0435\u043b\u0442\u044b\u0435 \u0442\u044e\u043b\u044c\u043f\u0430\u043d\u044b\u201d[:en]\u201cYellow tulips\u201d[:] | Bonfortuno\" \/>\n<meta property=\"og:description\" content=\"[:et]Kollased tulbid s\u00fcmboliseerivad lootust. Kollaste tulpide kimp on suurep\u00e4rane kingitus s\u00f5brale, seda kingitakse t\u00e4nu avaldamiseks v\u00f5i soovides kiiret paranemist. Meie kauplusest leiad palju erinevaid v\u00e4rvikombinatsioone ja segakimpe v\u00e4ga hea hinnaga! Tulbi hind ainult 1.50 eur\/tk![:ru]\u0416\u0435\u043b\u0442\u044b\u0435 \u0442\u044e\u043b\u044c\u043f\u0430\u043d\u044b - \u0441\u0438\u043c\u0432\u043e\u043b \u043d\u0430\u0434\u0435\u0436\u0434\u044b. \u0416\u0451\u043b\u0442\u044b\u0439 \u0431\u0443\u043a\u0435\u0442 \u0442\u044e\u043b\u044c\u043f\u0430\u043d\u043e\u0432 \u043e\u0442\u043b\u0438\u0447\u043d\u044b\u0439 \u043f\u043e\u0434\u0430\u0440\u043e\u043a \u0434\u043b\u044f \u0434\u0440\u0443\u0433\u0430, \u0435\u0433\u043e \u0434\u0430\u0440\u044f\u0442 \u0432 \u0437\u043d\u0430\u043a \u0431\u043b\u0430\u0433\u043e\u0434\u0430\u0440\u043d\u043e\u0441\u0442\u0438 \u0438\u043b\u0438 \u0441 \u043f\u043e\u0436\u0435\u043b\u0430\u043d\u0438\u0435\u043c \u0441\u043a\u043e\u0440\u0435\u0439\u0448\u0435\u0433\u043e \u0432\u044b\u0437\u0434\u043e\u0440\u043e\u0432\u043b\u0435\u043d\u0438\u044f. \u0412 \u00a0\u00a0\u041d\u0430\u0448\u0435\u043c \u043c\u0430\u0433\u0430\u0437\u0438\u043d\u0435 \u0432 \u043d\u0430\u043b\u0438\u0447\u0438\u0435 \u0431\u043e\u043b\u044c\u0448\u043e\u0439 \u0432\u044b\u0431\u043e\u0440 \u0446\u0432\u0435\u0442\u043e\u0432 \u0438 \u0441\u043c\u0435\u0448\u0430\u043d\u043d\u044b\u0445 \u0431\u0443\u043a\u0435\u0442\u043e\u0432! \u0425\u043e\u0440\u043e\u0448\u0430\u044f \u0446\u0435\u043d\u0430! \u0412\u0441\u0435\u0433\u043e 1.50 \u0435\u0432\u0440\u043e \u0437\u0430 \u0446\u0432\u0435\u0442\u043e\u043a![:en]Yellow tulips stand for hope and cheerful thoughts. Give a yellow tulip bouquet to a good friend as a caring get-well gift. Yellow is also the color of friendship, which makes it great for a just-because floral gift. Check for other colors and mixed bouquets! Awesome price! Just 1.50 EUR per flower![:]\" \/>\n<meta property=\"og:url\" content=\"https:\/\/bonfortuno.eu\/toode\/kollased-tulbid\/\" \/>\n<meta property=\"og:site_name\" content=\"Bonfortuno\" \/>\n<meta property=\"article:modified_time\" content=\"2025-02-11T20:22:52+00:00\" \/>\n<meta property=\"og:image\" content=\"https:\/\/bonfortuno.eu\/wp-content\/uploads\/2018\/06\/20-min.jpg\" \/>\n\t<meta property=\"og:image:width\" content=\"800\" \/>\n\t<meta property=\"og:image:height\" content=\"800\" \/>\n\t<meta property=\"og:image:type\" content=\"image\/jpeg\" \/>\n<meta name=\"twitter:card\" content=\"summary_large_image\" \/>\n<script type=\"application\/ld+json\" class=\"yoast-schema-graph\">{\"@context\":\"https:\\\/\\\/schema.org\",\"@graph\":[{\"@type\":\"WebPage\",\"@id\":\"https:\\\/\\\/bonfortuno.eu\\\/toode\\\/kollased-tulbid\\\/\",\"url\":\"https:\\\/\\\/bonfortuno.eu\\\/toode\\\/kollased-tulbid\\\/\",\"name\":\"[:et]\\\"Kollased tulbid\\\"[:ru]\u201c\u0416\u0435\u043b\u0442\u044b\u0435 \u0442\u044e\u043b\u044c\u043f\u0430\u043d\u044b\u201d[:en]\u201cYellow tulips\u201d[:] | Bonfortuno\",\"isPartOf\":{\"@id\":\"https:\\\/\\\/bonfortuno.eu\\\/ru\\\/#website\"},\"primaryImageOfPage\":{\"@id\":\"https:\\\/\\\/bonfortuno.eu\\\/toode\\\/kollased-tulbid\\\/#primaryimage\"},\"image\":{\"@id\":\"https:\\\/\\\/bonfortuno.eu\\\/toode\\\/kollased-tulbid\\\/#primaryimage\"},\"thumbnailUrl\":\"https:\\\/\\\/bonfortuno.eu\\\/wp-content\\\/uploads\\\/2018\\\/06\\\/20-min.jpg\",\"datePublished\":\"2018-06-14T19:51:07+00:00\",\"dateModified\":\"2025-02-11T20:22:52+00:00\",\"breadcrumb\":{\"@id\":\"https:\\\/\\\/bonfortuno.eu\\\/toode\\\/kollased-tulbid\\\/#breadcrumb\"},\"inLanguage\":\"ru-RU\",\"potentialAction\":[{\"@type\":\"ReadAction\",\"target\":[\"https:\\\/\\\/bonfortuno.eu\\\/toode\\\/kollased-tulbid\\\/\"]}]},{\"@type\":\"ImageObject\",\"inLanguage\":\"ru-RU\",\"@id\":\"https:\\\/\\\/bonfortuno.eu\\\/toode\\\/kollased-tulbid\\\/#primaryimage\",\"url\":\"https:\\\/\\\/bonfortuno.eu\\\/wp-content\\\/uploads\\\/2018\\\/06\\\/20-min.jpg\",\"contentUrl\":\"https:\\\/\\\/bonfortuno.eu\\\/wp-content\\\/uploads\\\/2018\\\/06\\\/20-min.jpg\",\"width\":800,\"height\":800,\"caption\":\"lilled kulleriga\"},{\"@type\":\"BreadcrumbList\",\"@id\":\"https:\\\/\\\/bonfortuno.eu\\\/toode\\\/kollased-tulbid\\\/#breadcrumb\",\"itemListElement\":[{\"@type\":\"ListItem\",\"position\":1,\"name\":\"\u0413\u043b\u0430\u0432\u043d\u0430\u044f \u0441\u0442\u0440\u0430\u043d\u0438\u0446\u0430\",\"item\":\"https:\\\/\\\/bonfortuno.eu\\\/\"},{\"@type\":\"ListItem\",\"position\":2,\"name\":\"\u041c\u0430\u0433\u0430\u0437\u0438\u043d\",\"item\":\"https:\\\/\\\/bonfortuno.eu\\\/\"},{\"@type\":\"ListItem\",\"position\":3,\"name\":\"&#8220;Kollased tulbid&#8221;\"}]},{\"@type\":\"WebSite\",\"@id\":\"https:\\\/\\\/bonfortuno.eu\\\/ru\\\/#website\",\"url\":\"https:\\\/\\\/bonfortuno.eu\\\/ru\\\/\",\"name\":\"Bonfortuno\",\"description\":\"\u0414\u043e\u0431\u0440\u043e \u043f\u043e\u0436\u0430\u043b\u043e\u0432\u0430\u0442\u044c \u0432 \u043c\u0438\u0440 \u0441\u0432\u0435\u0436\u0438\u0445 \u0446\u0432\u0435\u0442\u043e\u0432\",\"potentialAction\":[{\"@type\":\"SearchAction\",\"target\":{\"@type\":\"EntryPoint\",\"urlTemplate\":\"https:\\\/\\\/bonfortuno.eu\\\/ru\\\/?s={search_term_string}\"},\"query-input\":{\"@type\":\"PropertyValueSpecification\",\"valueRequired\":true,\"valueName\":\"search_term_string\"}}],\"inLanguage\":\"ru-RU\"}]}<\/script>\n<!-- \/ Yoast SEO plugin. -->","yoast_head_json":{"title":"[:et]\"Kollased tulbid\"[:ru]\u201c\u0416\u0435\u043b\u0442\u044b\u0435 \u0442\u044e\u043b\u044c\u043f\u0430\u043d\u044b\u201d[:en]\u201cYellow tulips\u201d[:] | Bonfortuno","robots":{"index":"index","follow":"follow","max-snippet":"max-snippet:-1","max-image-preview":"max-image-preview:large","max-video-preview":"max-video-preview:-1"},"canonical":"https:\/\/bonfortuno.eu\/toode\/kollased-tulbid\/","og_locale":"ru_RU","og_type":"article","og_title":"[:et]\"Kollased tulbid\"[:ru]\u201c\u0416\u0435\u043b\u0442\u044b\u0435 \u0442\u044e\u043b\u044c\u043f\u0430\u043d\u044b\u201d[:en]\u201cYellow tulips\u201d[:] | Bonfortuno","og_description":"[:et]Kollased tulbid s\u00fcmboliseerivad lootust. Kollaste tulpide kimp on suurep\u00e4rane kingitus s\u00f5brale, seda kingitakse t\u00e4nu avaldamiseks v\u00f5i soovides kiiret paranemist. Meie kauplusest leiad palju erinevaid v\u00e4rvikombinatsioone ja segakimpe v\u00e4ga hea hinnaga! Tulbi hind ainult 1.50 eur\/tk![:ru]\u0416\u0435\u043b\u0442\u044b\u0435 \u0442\u044e\u043b\u044c\u043f\u0430\u043d\u044b - \u0441\u0438\u043c\u0432\u043e\u043b \u043d\u0430\u0434\u0435\u0436\u0434\u044b. \u0416\u0451\u043b\u0442\u044b\u0439 \u0431\u0443\u043a\u0435\u0442 \u0442\u044e\u043b\u044c\u043f\u0430\u043d\u043e\u0432 \u043e\u0442\u043b\u0438\u0447\u043d\u044b\u0439 \u043f\u043e\u0434\u0430\u0440\u043e\u043a \u0434\u043b\u044f \u0434\u0440\u0443\u0433\u0430, \u0435\u0433\u043e \u0434\u0430\u0440\u044f\u0442 \u0432 \u0437\u043d\u0430\u043a \u0431\u043b\u0430\u0433\u043e\u0434\u0430\u0440\u043d\u043e\u0441\u0442\u0438 \u0438\u043b\u0438 \u0441 \u043f\u043e\u0436\u0435\u043b\u0430\u043d\u0438\u0435\u043c \u0441\u043a\u043e\u0440\u0435\u0439\u0448\u0435\u0433\u043e \u0432\u044b\u0437\u0434\u043e\u0440\u043e\u0432\u043b\u0435\u043d\u0438\u044f. \u0412 \u00a0\u00a0\u041d\u0430\u0448\u0435\u043c \u043c\u0430\u0433\u0430\u0437\u0438\u043d\u0435 \u0432 \u043d\u0430\u043b\u0438\u0447\u0438\u0435 \u0431\u043e\u043b\u044c\u0448\u043e\u0439 \u0432\u044b\u0431\u043e\u0440 \u0446\u0432\u0435\u0442\u043e\u0432 \u0438 \u0441\u043c\u0435\u0448\u0430\u043d\u043d\u044b\u0445 \u0431\u0443\u043a\u0435\u0442\u043e\u0432! \u0425\u043e\u0440\u043e\u0448\u0430\u044f \u0446\u0435\u043d\u0430! \u0412\u0441\u0435\u0433\u043e 1.50 \u0435\u0432\u0440\u043e \u0437\u0430 \u0446\u0432\u0435\u0442\u043e\u043a![:en]Yellow tulips stand for hope and cheerful thoughts. Give a yellow tulip bouquet to a good friend as a caring get-well gift. Yellow is also the color of friendship, which makes it great for a just-because floral gift. Check for other colors and mixed bouquets! Awesome price! Just 1.50 EUR per flower![:]","og_url":"https:\/\/bonfortuno.eu\/toode\/kollased-tulbid\/","og_site_name":"Bonfortuno","article_modified_time":"2025-02-11T20:22:52+00:00","og_image":[{"width":800,"height":800,"url":"https:\/\/bonfortuno.eu\/wp-content\/uploads\/2018\/06\/20-min.jpg","type":"image\/jpeg"}],"twitter_card":"summary_large_image","schema":{"@context":"https:\/\/schema.org","@graph":[{"@type":"WebPage","@id":"https:\/\/bonfortuno.eu\/toode\/kollased-tulbid\/","url":"https:\/\/bonfortuno.eu\/toode\/kollased-tulbid\/","name":"[:et]\"Kollased tulbid\"[:ru]\u201c\u0416\u0435\u043b\u0442\u044b\u0435 \u0442\u044e\u043b\u044c\u043f\u0430\u043d\u044b\u201d[:en]\u201cYellow tulips\u201d[:] | Bonfortuno","isPartOf":{"@id":"https:\/\/bonfortuno.eu\/ru\/#website"},"primaryImageOfPage":{"@id":"https:\/\/bonfortuno.eu\/toode\/kollased-tulbid\/#primaryimage"},"image":{"@id":"https:\/\/bonfortuno.eu\/toode\/kollased-tulbid\/#primaryimage"},"thumbnailUrl":"https:\/\/bonfortuno.eu\/wp-content\/uploads\/2018\/06\/20-min.jpg","datePublished":"2018-06-14T19:51:07+00:00","dateModified":"2025-02-11T20:22:52+00:00","breadcrumb":{"@id":"https:\/\/bonfortuno.eu\/toode\/kollased-tulbid\/#breadcrumb"},"inLanguage":"ru-RU","potentialAction":[{"@type":"ReadAction","target":["https:\/\/bonfortuno.eu\/toode\/kollased-tulbid\/"]}]},{"@type":"ImageObject","inLanguage":"ru-RU","@id":"https:\/\/bonfortuno.eu\/toode\/kollased-tulbid\/#primaryimage","url":"https:\/\/bonfortuno.eu\/wp-content\/uploads\/2018\/06\/20-min.jpg","contentUrl":"https:\/\/bonfortuno.eu\/wp-content\/uploads\/2018\/06\/20-min.jpg","width":800,"height":800,"caption":"lilled kulleriga"},{"@type":"BreadcrumbList","@id":"https:\/\/bonfortuno.eu\/toode\/kollased-tulbid\/#breadcrumb","itemListElement":[{"@type":"ListItem","position":1,"name":"\u0413\u043b\u0430\u0432\u043d\u0430\u044f \u0441\u0442\u0440\u0430\u043d\u0438\u0446\u0430","item":"https:\/\/bonfortuno.eu\/"},{"@type":"ListItem","position":2,"name":"\u041c\u0430\u0433\u0430\u0437\u0438\u043d","item":"https:\/\/bonfortuno.eu\/"},{"@type":"ListItem","position":3,"name":"&#8220;Kollased tulbid&#8221;"}]},{"@type":"WebSite","@id":"https:\/\/bonfortuno.eu\/ru\/#website","url":"https:\/\/bonfortuno.eu\/ru\/","name":"Bonfortuno","description":"\u0414\u043e\u0431\u0440\u043e \u043f\u043e\u0436\u0430\u043b\u043e\u0432\u0430\u0442\u044c \u0432 \u043c\u0438\u0440 \u0441\u0432\u0435\u0436\u0438\u0445 \u0446\u0432\u0435\u0442\u043e\u0432","potentialAction":[{"@type":"SearchAction","target":{"@type":"EntryPoint","urlTemplate":"https:\/\/bonfortuno.eu\/ru\/?s={search_term_string}"},"query-input":{"@type":"PropertyValueSpecification","valueRequired":true,"valueName":"search_term_string"}}],"inLanguage":"ru-RU"}]}},"_links":{"self":[{"href":"https:\/\/bonfortuno.eu\/ru\/wp-json\/wp\/v2\/product\/578","targetHints":{"allow":["GET"]}}],"collection":[{"href":"https:\/\/bonfortuno.eu\/ru\/wp-json\/wp\/v2\/product"}],"about":[{"href":"https:\/\/bonfortuno.eu\/ru\/wp-json\/wp\/v2\/types\/product"}],"wp:featuredmedia":[{"embeddable":true,"href":"https:\/\/bonfortuno.eu\/ru\/wp-json\/wp\/v2\/media\/573"}],"wp:attachment":[{"href":"https:\/\/bonfortuno.eu\/ru\/wp-json\/wp\/v2\/media?parent=578"}],"wp:term":[{"taxonomy":"product_brand","embeddable":true,"href":"https:\/\/bonfortuno.eu\/ru\/wp-json\/wp\/v2\/product_brand?post=578"},{"taxonomy":"product_cat","embeddable":true,"href":"https:\/\/bonfortuno.eu\/ru\/wp-json\/wp\/v2\/product_cat?post=578"},{"taxonomy":"product_tag","embeddable":true,"href":"https:\/\/bonfortuno.eu\/ru\/wp-json\/wp\/v2\/product_tag?post=578"}],"curies":[{"name":"wp","href":"https:\/\/api.w.org\/{rel}","templated":true}]}}