{"id":588,"date":"2018-06-14T23:29:24","date_gmt":"2018-06-14T20:29:24","guid":{"rendered":"https:\/\/bonfortuno.eu\/?post_type=product&#038;p=588"},"modified":"2022-10-17T10:20:06","modified_gmt":"2022-10-17T07:20:06","slug":"kollased-ecuadori-roosid-70-cm","status":"publish","type":"product","link":"https:\/\/bonfortuno.eu\/ru\/toode\/kollased-ecuadori-roosid-70-cm\/","title":{"rendered":"\u201c\u0416\u0451\u043b\u0442\u0430\u044f \u0440\u043e\u0437\u0430&#187;  70 \u0441\u043c"},"content":{"rendered":"","protected":false},"excerpt":{"rendered":"<p style=\"text-align: justify;\"><span style=\"font-weight: 400;\">\u042f\u0440\u043a\u0438\u0435 \u0441\u043e\u043b\u043d\u0435\u0447\u043d\u044b\u0435 \u0440\u043e\u0437\u044b \u0440\u0430\u0437\u043e\u0436\u0433\u0443\u0442 \u043f\u0440\u0435\u043a\u0440\u0430\u0441\u043d\u043e\u0435 \u043b\u0435\u0442\u043d\u0435\u0435 \u043d\u0430\u0441\u0442\u0440\u043e\u0435\u043d\u0438\u0435. \u0423\u043d\u0438\u043a\u0430\u043b\u044c\u043d\u044b\u0435 \u00a0\u044f\u0440\u043a\u0438\u0435 \u043e\u0442\u0442\u0435\u043d\u043a\u0438 \u043f\u0440\u0438\u0434\u0430\u0434\u0443\u0442 \u0442\u0435\u043f\u043b\u043e\u0442\u044b \u0438 \u0442\u043e\u0440\u0436\u0435\u0441\u0442\u0432\u0435\u043d\u043d\u043e\u0441\u0442\u0438 \u043b\u044e\u0431\u043e\u043c\u0443 \u0441\u043e\u0431\u044b\u0442\u0438\u044e. \u0418\u0434\u0435\u0430\u043b\u044c\u043d\u043e\u0435 \u0441\u043e\u0447\u0435\u0442\u0430\u043d\u0438\u0435 \u0441\u043e\u0432\u0440\u0435\u043c\u0435\u043d\u043d\u043e\u0433\u043e \u0438 \u043a\u043b\u0430\u0441\u0441\u0438\u0447\u0435\u0441\u043a\u043e\u0433\u043e. \u041e\u0442\u043b\u0438\u0447\u043d\u0430\u044f \u0446\u0435\u043d\u0430! \u0412\u0441\u0435\u0433\u043e 3.50 \u0435\u0432\u0440\u043e \u0437\u0430 \u0446\u0432\u0435\u0442\u043e\u043a!<\/span><\/p>\n<p>&nbsp;<\/p>\n<p>&nbsp;<\/p>\n","protected":false},"featured_media":576,"template":"","meta":[],"product_brand":[],"product_cat":[76,38],"product_tag":[39],"class_list":{"0":"post-588","1":"product","2":"type-product","3":"status-publish","4":"has-post-thumbnail","6":"product_cat-koik-tooted","7":"product_cat-loikelilled","8":"product_tag-roosid","10":"first","11":"instock","12":"featured","13":"shipping-taxable","14":"purchasable","15":"product-type-simple"},"yoast_head":"<!-- This site is optimized with the Yoast SEO plugin v27.3 - https:\/\/yoast.com\/product\/yoast-seo-wordpress\/ -->\n<title>\u201c\u0416\u0451\u043b\u0442\u0430\u044f \u0440\u043e\u0437\u0430&quot; 70 \u0441\u043c | Bonfortuno<\/title>\n<meta name=\"robots\" content=\"index, follow, max-snippet:-1, max-image-preview:large, max-video-preview:-1\" \/>\n<link rel=\"canonical\" href=\"https:\/\/bonfortuno.eu\/toode\/kollased-ecuadori-roosid-70-cm\/\" \/>\n<meta property=\"og:locale\" content=\"ru_RU\" \/>\n<meta property=\"og:type\" content=\"article\" \/>\n<meta property=\"og:title\" content=\"[:et]&quot;Kollane roos&quot; 70 cm[:ru]\u201c\u0416\u0451\u043b\u0442\u0430\u044f \u0440\u043e\u0437\u0430&quot; 70 \u0441\u043c[:en]\u201cYellow Rose\u201d 70 cm[:] | Bonfortuno\" \/>\n<meta property=\"og:description\" content=\"[:et]R\u00f5\u00f5msameelsed p\u00e4ikeselised kollased roosid s\u00fcttivad suurep\u00e4rast suve meeleolu. Eredad toonid lisavad \u00fcritusele pidulikkust. T\u00e4iuslik kaasaegse ja klassikalise kombinatsioon. Hea hind! Ainult 3.50 eur\/tk![:ru]\u042f\u0440\u043a\u0438\u0435 \u0441\u043e\u043b\u043d\u0435\u0447\u043d\u044b\u0435 \u0440\u043e\u0437\u044b \u0440\u0430\u0437\u043e\u0436\u0433\u0443\u0442 \u043f\u0440\u0435\u043a\u0440\u0430\u0441\u043d\u043e\u0435 \u043b\u0435\u0442\u043d\u0435\u0435 \u043d\u0430\u0441\u0442\u0440\u043e\u0435\u043d\u0438\u0435. \u0423\u043d\u0438\u043a\u0430\u043b\u044c\u043d\u044b\u0435 \u00a0\u044f\u0440\u043a\u0438\u0435 \u043e\u0442\u0442\u0435\u043d\u043a\u0438 \u043f\u0440\u0438\u0434\u0430\u0434\u0443\u0442 \u0442\u0435\u043f\u043b\u043e\u0442\u044b \u0438 \u0442\u043e\u0440\u0436\u0435\u0441\u0442\u0432\u0435\u043d\u043d\u043e\u0441\u0442\u0438 \u043b\u044e\u0431\u043e\u043c\u0443 \u0441\u043e\u0431\u044b\u0442\u0438\u044e. \u0418\u0434\u0435\u0430\u043b\u044c\u043d\u043e\u0435 \u0441\u043e\u0447\u0435\u0442\u0430\u043d\u0438\u0435 \u0441\u043e\u0432\u0440\u0435\u043c\u0435\u043d\u043d\u043e\u0433\u043e \u0438 \u043a\u043b\u0430\u0441\u0441\u0438\u0447\u0435\u0441\u043a\u043e\u0433\u043e. \u041e\u0442\u043b\u0438\u0447\u043d\u0430\u044f \u0446\u0435\u043d\u0430! \u0412\u0441\u0435\u0433\u043e 3.50 \u0435\u0432\u0440\u043e \u0437\u0430 \u0446\u0432\u0435\u0442\u043e\u043a! &nbsp;  &nbsp;[:en]Bright, cheerful and joyful are what come to mind when thinking of a yellow rose. Yellow roses create warm feelings and provide happiness. Giving yellow roses can tell someone the joy they bring you and the friendship you share. Great price! Only 3.50 EUR per flower! [:]\" \/>\n<meta property=\"og:url\" content=\"https:\/\/bonfortuno.eu\/toode\/kollased-ecuadori-roosid-70-cm\/\" \/>\n<meta property=\"og:site_name\" content=\"Bonfortuno\" \/>\n<meta property=\"article:modified_time\" content=\"2022-10-17T07:20:06+00:00\" \/>\n<meta property=\"og:image\" content=\"https:\/\/bonfortuno.eu\/wp-content\/uploads\/2018\/06\/24-min.jpg\" \/>\n\t<meta property=\"og:image:width\" content=\"800\" \/>\n\t<meta property=\"og:image:height\" content=\"532\" \/>\n\t<meta property=\"og:image:type\" content=\"image\/jpeg\" \/>\n<meta name=\"twitter:card\" content=\"summary_large_image\" \/>\n<script type=\"application\/ld+json\" class=\"yoast-schema-graph\">{\"@context\":\"https:\\\/\\\/schema.org\",\"@graph\":[{\"@type\":\"WebPage\",\"@id\":\"https:\\\/\\\/bonfortuno.eu\\\/toode\\\/kollased-ecuadori-roosid-70-cm\\\/\",\"url\":\"https:\\\/\\\/bonfortuno.eu\\\/toode\\\/kollased-ecuadori-roosid-70-cm\\\/\",\"name\":\"[:et]\\\"Kollane roos\\\" 70 cm[:ru]\u201c\u0416\u0451\u043b\u0442\u0430\u044f \u0440\u043e\u0437\u0430\\\" 70 \u0441\u043c[:en]\u201cYellow Rose\u201d 70 cm[:] | Bonfortuno\",\"isPartOf\":{\"@id\":\"https:\\\/\\\/bonfortuno.eu\\\/ru\\\/#website\"},\"primaryImageOfPage\":{\"@id\":\"https:\\\/\\\/bonfortuno.eu\\\/toode\\\/kollased-ecuadori-roosid-70-cm\\\/#primaryimage\"},\"image\":{\"@id\":\"https:\\\/\\\/bonfortuno.eu\\\/toode\\\/kollased-ecuadori-roosid-70-cm\\\/#primaryimage\"},\"thumbnailUrl\":\"https:\\\/\\\/bonfortuno.eu\\\/wp-content\\\/uploads\\\/2018\\\/06\\\/24-min.jpg\",\"datePublished\":\"2018-06-14T20:29:24+00:00\",\"dateModified\":\"2022-10-17T07:20:06+00:00\",\"breadcrumb\":{\"@id\":\"https:\\\/\\\/bonfortuno.eu\\\/toode\\\/kollased-ecuadori-roosid-70-cm\\\/#breadcrumb\"},\"inLanguage\":\"ru-RU\",\"potentialAction\":[{\"@type\":\"ReadAction\",\"target\":[\"https:\\\/\\\/bonfortuno.eu\\\/toode\\\/kollased-ecuadori-roosid-70-cm\\\/\"]}]},{\"@type\":\"ImageObject\",\"inLanguage\":\"ru-RU\",\"@id\":\"https:\\\/\\\/bonfortuno.eu\\\/toode\\\/kollased-ecuadori-roosid-70-cm\\\/#primaryimage\",\"url\":\"https:\\\/\\\/bonfortuno.eu\\\/wp-content\\\/uploads\\\/2018\\\/06\\\/24-min.jpg\",\"contentUrl\":\"https:\\\/\\\/bonfortuno.eu\\\/wp-content\\\/uploads\\\/2018\\\/06\\\/24-min.jpg\",\"width\":800,\"height\":532,\"caption\":\"lilled kulleriga\"},{\"@type\":\"BreadcrumbList\",\"@id\":\"https:\\\/\\\/bonfortuno.eu\\\/toode\\\/kollased-ecuadori-roosid-70-cm\\\/#breadcrumb\",\"itemListElement\":[{\"@type\":\"ListItem\",\"position\":1,\"name\":\"\u0413\u043b\u0430\u0432\u043d\u0430\u044f \u0441\u0442\u0440\u0430\u043d\u0438\u0446\u0430\",\"item\":\"https:\\\/\\\/bonfortuno.eu\\\/\"},{\"@type\":\"ListItem\",\"position\":2,\"name\":\"\u041c\u0430\u0433\u0430\u0437\u0438\u043d\",\"item\":\"https:\\\/\\\/bonfortuno.eu\\\/\"},{\"@type\":\"ListItem\",\"position\":3,\"name\":\"&#8220;Kollane roos&#8221; 70 cm\"}]},{\"@type\":\"WebSite\",\"@id\":\"https:\\\/\\\/bonfortuno.eu\\\/ru\\\/#website\",\"url\":\"https:\\\/\\\/bonfortuno.eu\\\/ru\\\/\",\"name\":\"Bonfortuno\",\"description\":\"\u0414\u043e\u0431\u0440\u043e \u043f\u043e\u0436\u0430\u043b\u043e\u0432\u0430\u0442\u044c \u0432 \u043c\u0438\u0440 \u0441\u0432\u0435\u0436\u0438\u0445 \u0446\u0432\u0435\u0442\u043e\u0432\",\"potentialAction\":[{\"@type\":\"SearchAction\",\"target\":{\"@type\":\"EntryPoint\",\"urlTemplate\":\"https:\\\/\\\/bonfortuno.eu\\\/ru\\\/?s={search_term_string}\"},\"query-input\":{\"@type\":\"PropertyValueSpecification\",\"valueRequired\":true,\"valueName\":\"search_term_string\"}}],\"inLanguage\":\"ru-RU\"}]}<\/script>\n<!-- \/ Yoast SEO plugin. -->","yoast_head_json":{"title":"[:et]\"Kollane roos\" 70 cm[:ru]\u201c\u0416\u0451\u043b\u0442\u0430\u044f \u0440\u043e\u0437\u0430\" 70 \u0441\u043c[:en]\u201cYellow Rose\u201d 70 cm[:] | Bonfortuno","robots":{"index":"index","follow":"follow","max-snippet":"max-snippet:-1","max-image-preview":"max-image-preview:large","max-video-preview":"max-video-preview:-1"},"canonical":"https:\/\/bonfortuno.eu\/toode\/kollased-ecuadori-roosid-70-cm\/","og_locale":"ru_RU","og_type":"article","og_title":"[:et]\"Kollane roos\" 70 cm[:ru]\u201c\u0416\u0451\u043b\u0442\u0430\u044f \u0440\u043e\u0437\u0430\" 70 \u0441\u043c[:en]\u201cYellow Rose\u201d 70 cm[:] | Bonfortuno","og_description":"[:et]R\u00f5\u00f5msameelsed p\u00e4ikeselised kollased roosid s\u00fcttivad suurep\u00e4rast suve meeleolu. Eredad toonid lisavad \u00fcritusele pidulikkust. T\u00e4iuslik kaasaegse ja klassikalise kombinatsioon. Hea hind! Ainult 3.50 eur\/tk![:ru]\u042f\u0440\u043a\u0438\u0435 \u0441\u043e\u043b\u043d\u0435\u0447\u043d\u044b\u0435 \u0440\u043e\u0437\u044b \u0440\u0430\u0437\u043e\u0436\u0433\u0443\u0442 \u043f\u0440\u0435\u043a\u0440\u0430\u0441\u043d\u043e\u0435 \u043b\u0435\u0442\u043d\u0435\u0435 \u043d\u0430\u0441\u0442\u0440\u043e\u0435\u043d\u0438\u0435. \u0423\u043d\u0438\u043a\u0430\u043b\u044c\u043d\u044b\u0435 \u00a0\u044f\u0440\u043a\u0438\u0435 \u043e\u0442\u0442\u0435\u043d\u043a\u0438 \u043f\u0440\u0438\u0434\u0430\u0434\u0443\u0442 \u0442\u0435\u043f\u043b\u043e\u0442\u044b \u0438 \u0442\u043e\u0440\u0436\u0435\u0441\u0442\u0432\u0435\u043d\u043d\u043e\u0441\u0442\u0438 \u043b\u044e\u0431\u043e\u043c\u0443 \u0441\u043e\u0431\u044b\u0442\u0438\u044e. \u0418\u0434\u0435\u0430\u043b\u044c\u043d\u043e\u0435 \u0441\u043e\u0447\u0435\u0442\u0430\u043d\u0438\u0435 \u0441\u043e\u0432\u0440\u0435\u043c\u0435\u043d\u043d\u043e\u0433\u043e \u0438 \u043a\u043b\u0430\u0441\u0441\u0438\u0447\u0435\u0441\u043a\u043e\u0433\u043e. \u041e\u0442\u043b\u0438\u0447\u043d\u0430\u044f \u0446\u0435\u043d\u0430! \u0412\u0441\u0435\u0433\u043e 3.50 \u0435\u0432\u0440\u043e \u0437\u0430 \u0446\u0432\u0435\u0442\u043e\u043a! &nbsp;  &nbsp;[:en]Bright, cheerful and joyful are what come to mind when thinking of a yellow rose. Yellow roses create warm feelings and provide happiness. Giving yellow roses can tell someone the joy they bring you and the friendship you share. Great price! Only 3.50 EUR per flower! [:]","og_url":"https:\/\/bonfortuno.eu\/toode\/kollased-ecuadori-roosid-70-cm\/","og_site_name":"Bonfortuno","article_modified_time":"2022-10-17T07:20:06+00:00","og_image":[{"width":800,"height":532,"url":"https:\/\/bonfortuno.eu\/wp-content\/uploads\/2018\/06\/24-min.jpg","type":"image\/jpeg"}],"twitter_card":"summary_large_image","schema":{"@context":"https:\/\/schema.org","@graph":[{"@type":"WebPage","@id":"https:\/\/bonfortuno.eu\/toode\/kollased-ecuadori-roosid-70-cm\/","url":"https:\/\/bonfortuno.eu\/toode\/kollased-ecuadori-roosid-70-cm\/","name":"[:et]\"Kollane roos\" 70 cm[:ru]\u201c\u0416\u0451\u043b\u0442\u0430\u044f \u0440\u043e\u0437\u0430\" 70 \u0441\u043c[:en]\u201cYellow Rose\u201d 70 cm[:] | Bonfortuno","isPartOf":{"@id":"https:\/\/bonfortuno.eu\/ru\/#website"},"primaryImageOfPage":{"@id":"https:\/\/bonfortuno.eu\/toode\/kollased-ecuadori-roosid-70-cm\/#primaryimage"},"image":{"@id":"https:\/\/bonfortuno.eu\/toode\/kollased-ecuadori-roosid-70-cm\/#primaryimage"},"thumbnailUrl":"https:\/\/bonfortuno.eu\/wp-content\/uploads\/2018\/06\/24-min.jpg","datePublished":"2018-06-14T20:29:24+00:00","dateModified":"2022-10-17T07:20:06+00:00","breadcrumb":{"@id":"https:\/\/bonfortuno.eu\/toode\/kollased-ecuadori-roosid-70-cm\/#breadcrumb"},"inLanguage":"ru-RU","potentialAction":[{"@type":"ReadAction","target":["https:\/\/bonfortuno.eu\/toode\/kollased-ecuadori-roosid-70-cm\/"]}]},{"@type":"ImageObject","inLanguage":"ru-RU","@id":"https:\/\/bonfortuno.eu\/toode\/kollased-ecuadori-roosid-70-cm\/#primaryimage","url":"https:\/\/bonfortuno.eu\/wp-content\/uploads\/2018\/06\/24-min.jpg","contentUrl":"https:\/\/bonfortuno.eu\/wp-content\/uploads\/2018\/06\/24-min.jpg","width":800,"height":532,"caption":"lilled kulleriga"},{"@type":"BreadcrumbList","@id":"https:\/\/bonfortuno.eu\/toode\/kollased-ecuadori-roosid-70-cm\/#breadcrumb","itemListElement":[{"@type":"ListItem","position":1,"name":"\u0413\u043b\u0430\u0432\u043d\u0430\u044f \u0441\u0442\u0440\u0430\u043d\u0438\u0446\u0430","item":"https:\/\/bonfortuno.eu\/"},{"@type":"ListItem","position":2,"name":"\u041c\u0430\u0433\u0430\u0437\u0438\u043d","item":"https:\/\/bonfortuno.eu\/"},{"@type":"ListItem","position":3,"name":"&#8220;Kollane roos&#8221; 70 cm"}]},{"@type":"WebSite","@id":"https:\/\/bonfortuno.eu\/ru\/#website","url":"https:\/\/bonfortuno.eu\/ru\/","name":"Bonfortuno","description":"\u0414\u043e\u0431\u0440\u043e \u043f\u043e\u0436\u0430\u043b\u043e\u0432\u0430\u0442\u044c \u0432 \u043c\u0438\u0440 \u0441\u0432\u0435\u0436\u0438\u0445 \u0446\u0432\u0435\u0442\u043e\u0432","potentialAction":[{"@type":"SearchAction","target":{"@type":"EntryPoint","urlTemplate":"https:\/\/bonfortuno.eu\/ru\/?s={search_term_string}"},"query-input":{"@type":"PropertyValueSpecification","valueRequired":true,"valueName":"search_term_string"}}],"inLanguage":"ru-RU"}]}},"_links":{"self":[{"href":"https:\/\/bonfortuno.eu\/ru\/wp-json\/wp\/v2\/product\/588","targetHints":{"allow":["GET"]}}],"collection":[{"href":"https:\/\/bonfortuno.eu\/ru\/wp-json\/wp\/v2\/product"}],"about":[{"href":"https:\/\/bonfortuno.eu\/ru\/wp-json\/wp\/v2\/types\/product"}],"wp:featuredmedia":[{"embeddable":true,"href":"https:\/\/bonfortuno.eu\/ru\/wp-json\/wp\/v2\/media\/576"}],"wp:attachment":[{"href":"https:\/\/bonfortuno.eu\/ru\/wp-json\/wp\/v2\/media?parent=588"}],"wp:term":[{"taxonomy":"product_brand","embeddable":true,"href":"https:\/\/bonfortuno.eu\/ru\/wp-json\/wp\/v2\/product_brand?post=588"},{"taxonomy":"product_cat","embeddable":true,"href":"https:\/\/bonfortuno.eu\/ru\/wp-json\/wp\/v2\/product_cat?post=588"},{"taxonomy":"product_tag","embeddable":true,"href":"https:\/\/bonfortuno.eu\/ru\/wp-json\/wp\/v2\/product_tag?post=588"}],"curies":[{"name":"wp","href":"https:\/\/api.w.org\/{rel}","templated":true}]}}