{"id":606,"date":"2018-06-26T16:16:30","date_gmt":"2018-06-26T13:16:30","guid":{"rendered":"https:\/\/bonfortuno.eu\/?post_type=product&#038;p=606"},"modified":"2025-02-11T22:18:57","modified_gmt":"2025-02-11T20:18:57","slug":"ohupallid-peppa","status":"publish","type":"product","link":"https:\/\/bonfortuno.eu\/ru\/toode\/ohupallid-peppa\/","title":{"rendered":"\u00ab\u0412\u043e\u0437\u0434\u0443\u0448\u043d\u044b\u0435 \u0448\u0430\u0440\u044b \u041f\u0435\u043f\u0430\u00bb"},"content":{"rendered":"","protected":false},"excerpt":{"rendered":"<p style=\"text-align: justify;\"><span style=\"font-weight: 400;\">\u0425\u043e\u0442\u0438\u0442\u0435 \u0441\u0434\u0435\u043b\u0430\u0442\u044c \u0434\u0435\u043d\u044c \u0440\u043e\u0436\u0434\u0435\u043d\u0438\u044f \u043e\u0441\u043e\u0431\u0435\u043d\u043d\u044b\u043c? \u0423\u0441\u0442\u0440\u043e\u0439\u0442\u0435 \u0432\u0435\u0447\u0435\u0440\u0438\u043d\u043a\u0443 \u0432 \u0441\u0442\u0438\u043b\u0435 \u0441\u0432\u0438\u043d\u043a\u0438 \u041f\u0435\u043f\u044b! \u041c\u0430\u043b\u0435\u043d\u044c\u043a\u0430\u044f \u0441\u0432\u0438\u043d\u043a\u0430 \u041f\u0435\u043f\u0430 \u0448\u0442\u0443\u0440\u043c\u043e\u043c \u0437\u0430\u0445\u0432\u0430\u0442\u0438\u043b\u0430 \u0432\u0435\u0441\u044c \u043c\u0438\u0440, \u0434\u043e\u0448\u043a\u043e\u043b\u044c\u043d\u0438\u043a\u0438 \u0432\u043e \u0432\u0441\u0451\u043c \u043c\u0438\u0440\u0435 \u0441\u043b\u0435\u0434\u044f\u0442 \u0437\u0430 \u043a\u0430\u0436\u0434\u044b\u043c \u0435\u0451 \u0448\u0430\u0433\u043e\u043c! \u041d\u0430\u0432\u0435\u0440\u043d\u044f\u043a\u0430, \u0438 \u0412\u0430\u0448 \u0440\u0435\u0431\u0435\u043d\u043e\u043a \u0431\u0443\u0434\u0435\u0442 \u0441\u0447\u0430\u0441\u0442\u043b\u0438\u0432 \u043e\u0442\u043f\u0440\u0430\u0437\u0434\u043d\u043e\u0432\u0430\u0442\u044c \u0441\u0432\u043e\u0439 \u0431\u043e\u043b\u044c\u0448\u043e\u0439 \u0434\u0435\u043d\u044c \u0432\u043c\u0435\u0441\u0442\u0435 \u0441 \u00a0\u043b\u044e\u0431\u0438\u043c\u044b\u043c \u043f\u0435\u0440\u0441\u043e\u043d\u0430\u0436\u0435\u043c \u043c\u0443\u043b\u044c\u0442\u0444\u0438\u043b\u044c\u043c\u0430! \u0418\u043d\u0444\u043e\u0440\u043c\u0430\u0446\u0438\u044f \u043e \u0442\u043e\u0432\u0430\u0440\u0435: \u0448\u0438\u0440\u0438\u043d\u0430 12 \u0441\u043c <\/span><\/p>\n","protected":false},"featured_media":607,"template":"","meta":[],"product_brand":[],"product_cat":[31,76],"product_tag":[],"class_list":{"0":"post-606","1":"product","2":"type-product","3":"status-publish","4":"has-post-thumbnail","6":"product_cat-ohupallid","7":"product_cat-koik-tooted","9":"first","10":"instock","11":"featured","12":"shipping-taxable","13":"purchasable","14":"product-type-simple"},"yoast_head":"<!-- This site is optimized with the Yoast SEO plugin v27.3 - https:\/\/yoast.com\/product\/yoast-seo-wordpress\/ -->\n<title>\u00ab\u0412\u043e\u0437\u0434\u0443\u0448\u043d\u044b\u0435 \u0448\u0430\u0440\u044b \u041f\u0435\u043f\u0430\u00bb | Bonfortuno<\/title>\n<meta name=\"robots\" content=\"index, follow, max-snippet:-1, max-image-preview:large, max-video-preview:-1\" \/>\n<link rel=\"canonical\" href=\"https:\/\/bonfortuno.eu\/toode\/ohupallid-peppa\/\" \/>\n<meta property=\"og:locale\" content=\"ru_RU\" \/>\n<meta property=\"og:type\" content=\"article\" \/>\n<meta property=\"og:title\" content=\"[:et]\u201c\u00d5hupallid Peppa\u201d[:ru]\u00ab\u0412\u043e\u0437\u0434\u0443\u0448\u043d\u044b\u0435 \u0448\u0430\u0440\u044b \u041f\u0435\u043f\u0430\u00bb[:en]\u201cPeppa pig balloons\u201d[:] | Bonfortuno\" \/>\n<meta property=\"og:description\" content=\"[:et]T\u00e4hista selle aasta s\u00fcnnip\u00e4eva koos Peppaga.  V\u00e4ike v\u00f5luv Peppa on tormiga vallutanud maailma, v\u00e4ikesed lapsed kogu maailmast j\u00e4lgivad tema igat sammu. Kindlasti ka sinu laps unistab t\u00e4histada enda s\u00fcnnip\u00e4eva koos lemmikfilmi tegelasega! Tootekirjeldus: laius 12 cm  [:ru]\u0425\u043e\u0442\u0438\u0442\u0435 \u0441\u0434\u0435\u043b\u0430\u0442\u044c \u0434\u0435\u043d\u044c \u0440\u043e\u0436\u0434\u0435\u043d\u0438\u044f \u043e\u0441\u043e\u0431\u0435\u043d\u043d\u044b\u043c? \u0423\u0441\u0442\u0440\u043e\u0439\u0442\u0435 \u0432\u0435\u0447\u0435\u0440\u0438\u043d\u043a\u0443 \u0432 \u0441\u0442\u0438\u043b\u0435 \u0441\u0432\u0438\u043d\u043a\u0438 \u041f\u0435\u043f\u044b! \u041c\u0430\u043b\u0435\u043d\u044c\u043a\u0430\u044f \u0441\u0432\u0438\u043d\u043a\u0430 \u041f\u0435\u043f\u0430 \u0448\u0442\u0443\u0440\u043c\u043e\u043c \u0437\u0430\u0445\u0432\u0430\u0442\u0438\u043b\u0430 \u0432\u0435\u0441\u044c \u043c\u0438\u0440, \u0434\u043e\u0448\u043a\u043e\u043b\u044c\u043d\u0438\u043a\u0438 \u0432\u043e \u0432\u0441\u0451\u043c \u043c\u0438\u0440\u0435 \u0441\u043b\u0435\u0434\u044f\u0442 \u0437\u0430 \u043a\u0430\u0436\u0434\u044b\u043c \u0435\u0451 \u0448\u0430\u0433\u043e\u043c! \u041d\u0430\u0432\u0435\u0440\u043d\u044f\u043a\u0430, \u0438 \u0412\u0430\u0448 \u0440\u0435\u0431\u0435\u043d\u043e\u043a \u0431\u0443\u0434\u0435\u0442 \u0441\u0447\u0430\u0441\u0442\u043b\u0438\u0432 \u043e\u0442\u043f\u0440\u0430\u0437\u0434\u043d\u043e\u0432\u0430\u0442\u044c \u0441\u0432\u043e\u0439 \u0431\u043e\u043b\u044c\u0448\u043e\u0439 \u0434\u0435\u043d\u044c \u0432\u043c\u0435\u0441\u0442\u0435 \u0441 \u00a0\u043b\u044e\u0431\u0438\u043c\u044b\u043c \u043f\u0435\u0440\u0441\u043e\u043d\u0430\u0436\u0435\u043c \u043c\u0443\u043b\u044c\u0442\u0444\u0438\u043b\u044c\u043c\u0430! \u0418\u043d\u0444\u043e\u0440\u043c\u0430\u0446\u0438\u044f \u043e \u0442\u043e\u0432\u0430\u0440\u0435: \u0448\u0438\u0440\u0438\u043d\u0430 12 \u0441\u043c [:en]Make this year\u2019s birthday extra special by throwing a Peppa Pig Party! The loveable little piggy from across the pond has taken the world by storm, with preschoolers in every continent obsessed with her every move. Your child is going to love celebrating their big day with their favorite cartoon character! Peppa pig balloons product details: 12 cm in wide[:]\" \/>\n<meta property=\"og:url\" content=\"https:\/\/bonfortuno.eu\/toode\/ohupallid-peppa\/\" \/>\n<meta property=\"og:site_name\" content=\"Bonfortuno\" \/>\n<meta property=\"article:modified_time\" content=\"2025-02-11T20:18:57+00:00\" \/>\n<meta property=\"og:image\" content=\"https:\/\/bonfortuno.eu\/wp-content\/uploads\/2018\/06\/28.jpg\" \/>\n\t<meta property=\"og:image:width\" content=\"400\" \/>\n\t<meta property=\"og:image:height\" content=\"400\" \/>\n\t<meta property=\"og:image:type\" content=\"image\/jpeg\" \/>\n<meta name=\"twitter:card\" content=\"summary_large_image\" \/>\n<script type=\"application\/ld+json\" class=\"yoast-schema-graph\">{\"@context\":\"https:\\\/\\\/schema.org\",\"@graph\":[{\"@type\":\"WebPage\",\"@id\":\"https:\\\/\\\/bonfortuno.eu\\\/toode\\\/ohupallid-peppa\\\/\",\"url\":\"https:\\\/\\\/bonfortuno.eu\\\/toode\\\/ohupallid-peppa\\\/\",\"name\":\"[:et]\u201c\u00d5hupallid Peppa\u201d[:ru]\u00ab\u0412\u043e\u0437\u0434\u0443\u0448\u043d\u044b\u0435 \u0448\u0430\u0440\u044b \u041f\u0435\u043f\u0430\u00bb[:en]\u201cPeppa pig balloons\u201d[:] | Bonfortuno\",\"isPartOf\":{\"@id\":\"https:\\\/\\\/bonfortuno.eu\\\/ru\\\/#website\"},\"primaryImageOfPage\":{\"@id\":\"https:\\\/\\\/bonfortuno.eu\\\/toode\\\/ohupallid-peppa\\\/#primaryimage\"},\"image\":{\"@id\":\"https:\\\/\\\/bonfortuno.eu\\\/toode\\\/ohupallid-peppa\\\/#primaryimage\"},\"thumbnailUrl\":\"https:\\\/\\\/bonfortuno.eu\\\/wp-content\\\/uploads\\\/2018\\\/06\\\/28.jpg\",\"datePublished\":\"2018-06-26T13:16:30+00:00\",\"dateModified\":\"2025-02-11T20:18:57+00:00\",\"breadcrumb\":{\"@id\":\"https:\\\/\\\/bonfortuno.eu\\\/toode\\\/ohupallid-peppa\\\/#breadcrumb\"},\"inLanguage\":\"ru-RU\",\"potentialAction\":[{\"@type\":\"ReadAction\",\"target\":[\"https:\\\/\\\/bonfortuno.eu\\\/toode\\\/ohupallid-peppa\\\/\"]}]},{\"@type\":\"ImageObject\",\"inLanguage\":\"ru-RU\",\"@id\":\"https:\\\/\\\/bonfortuno.eu\\\/toode\\\/ohupallid-peppa\\\/#primaryimage\",\"url\":\"https:\\\/\\\/bonfortuno.eu\\\/wp-content\\\/uploads\\\/2018\\\/06\\\/28.jpg\",\"contentUrl\":\"https:\\\/\\\/bonfortuno.eu\\\/wp-content\\\/uploads\\\/2018\\\/06\\\/28.jpg\",\"width\":400,\"height\":400,\"caption\":\"Heeliumi \u00f5hupallid\"},{\"@type\":\"BreadcrumbList\",\"@id\":\"https:\\\/\\\/bonfortuno.eu\\\/toode\\\/ohupallid-peppa\\\/#breadcrumb\",\"itemListElement\":[{\"@type\":\"ListItem\",\"position\":1,\"name\":\"\u0413\u043b\u0430\u0432\u043d\u0430\u044f \u0441\u0442\u0440\u0430\u043d\u0438\u0446\u0430\",\"item\":\"https:\\\/\\\/bonfortuno.eu\\\/\"},{\"@type\":\"ListItem\",\"position\":2,\"name\":\"\u041c\u0430\u0433\u0430\u0437\u0438\u043d\",\"item\":\"https:\\\/\\\/bonfortuno.eu\\\/\"},{\"@type\":\"ListItem\",\"position\":3,\"name\":\"\u201c\u00d5hupallid Peppa\u201d\"}]},{\"@type\":\"WebSite\",\"@id\":\"https:\\\/\\\/bonfortuno.eu\\\/ru\\\/#website\",\"url\":\"https:\\\/\\\/bonfortuno.eu\\\/ru\\\/\",\"name\":\"Bonfortuno\",\"description\":\"\u0414\u043e\u0431\u0440\u043e \u043f\u043e\u0436\u0430\u043b\u043e\u0432\u0430\u0442\u044c \u0432 \u043c\u0438\u0440 \u0441\u0432\u0435\u0436\u0438\u0445 \u0446\u0432\u0435\u0442\u043e\u0432\",\"potentialAction\":[{\"@type\":\"SearchAction\",\"target\":{\"@type\":\"EntryPoint\",\"urlTemplate\":\"https:\\\/\\\/bonfortuno.eu\\\/ru\\\/?s={search_term_string}\"},\"query-input\":{\"@type\":\"PropertyValueSpecification\",\"valueRequired\":true,\"valueName\":\"search_term_string\"}}],\"inLanguage\":\"ru-RU\"}]}<\/script>\n<!-- \/ Yoast SEO plugin. -->","yoast_head_json":{"title":"[:et]\u201c\u00d5hupallid Peppa\u201d[:ru]\u00ab\u0412\u043e\u0437\u0434\u0443\u0448\u043d\u044b\u0435 \u0448\u0430\u0440\u044b \u041f\u0435\u043f\u0430\u00bb[:en]\u201cPeppa pig balloons\u201d[:] | Bonfortuno","robots":{"index":"index","follow":"follow","max-snippet":"max-snippet:-1","max-image-preview":"max-image-preview:large","max-video-preview":"max-video-preview:-1"},"canonical":"https:\/\/bonfortuno.eu\/toode\/ohupallid-peppa\/","og_locale":"ru_RU","og_type":"article","og_title":"[:et]\u201c\u00d5hupallid Peppa\u201d[:ru]\u00ab\u0412\u043e\u0437\u0434\u0443\u0448\u043d\u044b\u0435 \u0448\u0430\u0440\u044b \u041f\u0435\u043f\u0430\u00bb[:en]\u201cPeppa pig balloons\u201d[:] | Bonfortuno","og_description":"[:et]T\u00e4hista selle aasta s\u00fcnnip\u00e4eva koos Peppaga.  V\u00e4ike v\u00f5luv Peppa on tormiga vallutanud maailma, v\u00e4ikesed lapsed kogu maailmast j\u00e4lgivad tema igat sammu. Kindlasti ka sinu laps unistab t\u00e4histada enda s\u00fcnnip\u00e4eva koos lemmikfilmi tegelasega! Tootekirjeldus: laius 12 cm  [:ru]\u0425\u043e\u0442\u0438\u0442\u0435 \u0441\u0434\u0435\u043b\u0430\u0442\u044c \u0434\u0435\u043d\u044c \u0440\u043e\u0436\u0434\u0435\u043d\u0438\u044f \u043e\u0441\u043e\u0431\u0435\u043d\u043d\u044b\u043c? \u0423\u0441\u0442\u0440\u043e\u0439\u0442\u0435 \u0432\u0435\u0447\u0435\u0440\u0438\u043d\u043a\u0443 \u0432 \u0441\u0442\u0438\u043b\u0435 \u0441\u0432\u0438\u043d\u043a\u0438 \u041f\u0435\u043f\u044b! \u041c\u0430\u043b\u0435\u043d\u044c\u043a\u0430\u044f \u0441\u0432\u0438\u043d\u043a\u0430 \u041f\u0435\u043f\u0430 \u0448\u0442\u0443\u0440\u043c\u043e\u043c \u0437\u0430\u0445\u0432\u0430\u0442\u0438\u043b\u0430 \u0432\u0435\u0441\u044c \u043c\u0438\u0440, \u0434\u043e\u0448\u043a\u043e\u043b\u044c\u043d\u0438\u043a\u0438 \u0432\u043e \u0432\u0441\u0451\u043c \u043c\u0438\u0440\u0435 \u0441\u043b\u0435\u0434\u044f\u0442 \u0437\u0430 \u043a\u0430\u0436\u0434\u044b\u043c \u0435\u0451 \u0448\u0430\u0433\u043e\u043c! \u041d\u0430\u0432\u0435\u0440\u043d\u044f\u043a\u0430, \u0438 \u0412\u0430\u0448 \u0440\u0435\u0431\u0435\u043d\u043e\u043a \u0431\u0443\u0434\u0435\u0442 \u0441\u0447\u0430\u0441\u0442\u043b\u0438\u0432 \u043e\u0442\u043f\u0440\u0430\u0437\u0434\u043d\u043e\u0432\u0430\u0442\u044c \u0441\u0432\u043e\u0439 \u0431\u043e\u043b\u044c\u0448\u043e\u0439 \u0434\u0435\u043d\u044c \u0432\u043c\u0435\u0441\u0442\u0435 \u0441 \u00a0\u043b\u044e\u0431\u0438\u043c\u044b\u043c \u043f\u0435\u0440\u0441\u043e\u043d\u0430\u0436\u0435\u043c \u043c\u0443\u043b\u044c\u0442\u0444\u0438\u043b\u044c\u043c\u0430! \u0418\u043d\u0444\u043e\u0440\u043c\u0430\u0446\u0438\u044f \u043e \u0442\u043e\u0432\u0430\u0440\u0435: \u0448\u0438\u0440\u0438\u043d\u0430 12 \u0441\u043c [:en]Make this year\u2019s birthday extra special by throwing a Peppa Pig Party! The loveable little piggy from across the pond has taken the world by storm, with preschoolers in every continent obsessed with her every move. Your child is going to love celebrating their big day with their favorite cartoon character! Peppa pig balloons product details: 12 cm in wide[:]","og_url":"https:\/\/bonfortuno.eu\/toode\/ohupallid-peppa\/","og_site_name":"Bonfortuno","article_modified_time":"2025-02-11T20:18:57+00:00","og_image":[{"width":400,"height":400,"url":"https:\/\/bonfortuno.eu\/wp-content\/uploads\/2018\/06\/28.jpg","type":"image\/jpeg"}],"twitter_card":"summary_large_image","schema":{"@context":"https:\/\/schema.org","@graph":[{"@type":"WebPage","@id":"https:\/\/bonfortuno.eu\/toode\/ohupallid-peppa\/","url":"https:\/\/bonfortuno.eu\/toode\/ohupallid-peppa\/","name":"[:et]\u201c\u00d5hupallid Peppa\u201d[:ru]\u00ab\u0412\u043e\u0437\u0434\u0443\u0448\u043d\u044b\u0435 \u0448\u0430\u0440\u044b \u041f\u0435\u043f\u0430\u00bb[:en]\u201cPeppa pig balloons\u201d[:] | Bonfortuno","isPartOf":{"@id":"https:\/\/bonfortuno.eu\/ru\/#website"},"primaryImageOfPage":{"@id":"https:\/\/bonfortuno.eu\/toode\/ohupallid-peppa\/#primaryimage"},"image":{"@id":"https:\/\/bonfortuno.eu\/toode\/ohupallid-peppa\/#primaryimage"},"thumbnailUrl":"https:\/\/bonfortuno.eu\/wp-content\/uploads\/2018\/06\/28.jpg","datePublished":"2018-06-26T13:16:30+00:00","dateModified":"2025-02-11T20:18:57+00:00","breadcrumb":{"@id":"https:\/\/bonfortuno.eu\/toode\/ohupallid-peppa\/#breadcrumb"},"inLanguage":"ru-RU","potentialAction":[{"@type":"ReadAction","target":["https:\/\/bonfortuno.eu\/toode\/ohupallid-peppa\/"]}]},{"@type":"ImageObject","inLanguage":"ru-RU","@id":"https:\/\/bonfortuno.eu\/toode\/ohupallid-peppa\/#primaryimage","url":"https:\/\/bonfortuno.eu\/wp-content\/uploads\/2018\/06\/28.jpg","contentUrl":"https:\/\/bonfortuno.eu\/wp-content\/uploads\/2018\/06\/28.jpg","width":400,"height":400,"caption":"Heeliumi \u00f5hupallid"},{"@type":"BreadcrumbList","@id":"https:\/\/bonfortuno.eu\/toode\/ohupallid-peppa\/#breadcrumb","itemListElement":[{"@type":"ListItem","position":1,"name":"\u0413\u043b\u0430\u0432\u043d\u0430\u044f \u0441\u0442\u0440\u0430\u043d\u0438\u0446\u0430","item":"https:\/\/bonfortuno.eu\/"},{"@type":"ListItem","position":2,"name":"\u041c\u0430\u0433\u0430\u0437\u0438\u043d","item":"https:\/\/bonfortuno.eu\/"},{"@type":"ListItem","position":3,"name":"\u201c\u00d5hupallid Peppa\u201d"}]},{"@type":"WebSite","@id":"https:\/\/bonfortuno.eu\/ru\/#website","url":"https:\/\/bonfortuno.eu\/ru\/","name":"Bonfortuno","description":"\u0414\u043e\u0431\u0440\u043e \u043f\u043e\u0436\u0430\u043b\u043e\u0432\u0430\u0442\u044c \u0432 \u043c\u0438\u0440 \u0441\u0432\u0435\u0436\u0438\u0445 \u0446\u0432\u0435\u0442\u043e\u0432","potentialAction":[{"@type":"SearchAction","target":{"@type":"EntryPoint","urlTemplate":"https:\/\/bonfortuno.eu\/ru\/?s={search_term_string}"},"query-input":{"@type":"PropertyValueSpecification","valueRequired":true,"valueName":"search_term_string"}}],"inLanguage":"ru-RU"}]}},"_links":{"self":[{"href":"https:\/\/bonfortuno.eu\/ru\/wp-json\/wp\/v2\/product\/606","targetHints":{"allow":["GET"]}}],"collection":[{"href":"https:\/\/bonfortuno.eu\/ru\/wp-json\/wp\/v2\/product"}],"about":[{"href":"https:\/\/bonfortuno.eu\/ru\/wp-json\/wp\/v2\/types\/product"}],"wp:featuredmedia":[{"embeddable":true,"href":"https:\/\/bonfortuno.eu\/ru\/wp-json\/wp\/v2\/media\/607"}],"wp:attachment":[{"href":"https:\/\/bonfortuno.eu\/ru\/wp-json\/wp\/v2\/media?parent=606"}],"wp:term":[{"taxonomy":"product_brand","embeddable":true,"href":"https:\/\/bonfortuno.eu\/ru\/wp-json\/wp\/v2\/product_brand?post=606"},{"taxonomy":"product_cat","embeddable":true,"href":"https:\/\/bonfortuno.eu\/ru\/wp-json\/wp\/v2\/product_cat?post=606"},{"taxonomy":"product_tag","embeddable":true,"href":"https:\/\/bonfortuno.eu\/ru\/wp-json\/wp\/v2\/product_tag?post=606"}],"curies":[{"name":"wp","href":"https:\/\/api.w.org\/{rel}","templated":true}]}}