{"id":617,"date":"2018-06-26T16:23:58","date_gmt":"2018-06-26T13:23:58","guid":{"rendered":"https:\/\/bonfortuno.eu\/?post_type=product&#038;p=617"},"modified":"2018-06-26T16:25:48","modified_gmt":"2018-06-26T13:25:48","slug":"valge-freesia","status":"publish","type":"product","link":"https:\/\/bonfortuno.eu\/ru\/toode\/valge-freesia\/","title":{"rendered":"\u00ab\u0411\u0435\u043b\u0430\u044f \u0424\u0440\u0435\u0437\u0438\u044f\u00bb"},"content":{"rendered":"","protected":false},"excerpt":{"rendered":"<p style=\"text-align: justify;\"><span style=\"font-weight: 400;\">\u0411\u043b\u0430\u0433\u043e\u0434\u044f \u0441\u0432\u043e\u0435\u043c\u0443 \u043d\u0435\u0436\u043d\u043e\u043c\u0443, \u0441\u043b\u0430\u0434\u043a\u043e\u043c\u0443, \u0446\u0438\u0442\u0440\u0443\u0441\u043e\u0432\u043e\u043c\u0443 \u0437\u0430\u043f\u0430\u0445\u0443, \u0444\u0440\u0435\u0437\u0438\u0438 \u044f\u0432\u043b\u044f\u044e\u0442\u0441\u044f \u043e\u0434\u043d\u0438\u043c \u0438\u0437 \u0441\u0430\u043c\u044b\u0445 \u043f\u043e\u043f\u0443\u043b\u044f\u0440\u043d\u044b\u0445 \u0446\u0432\u0435\u0442\u043e\u0432 \u0432 \u043c\u0438\u0440\u0435. \u0413\u043e\u0432\u043e\u0440\u044f\u0442, \u0447\u0442\u043e \u043d\u0430 \u044f\u0437\u044b\u043a\u0435 \u0446\u0432\u0435\u0442\u043e\u0432 \u0444\u0440\u0435\u0437\u0438\u044f \u043e\u0437\u043d\u0430\u0447\u0430\u0435\u0442 \u043d\u0435\u0432\u0438\u043d\u043d\u043e\u0441\u0442\u044c \u0438 \u0434\u0440\u0443\u0436\u0431\u0443. \u0410 Bonfortuno \u043f\u0440\u0435\u0434\u043b\u0430\u0433\u0430\u0435\u0442 \u0434\u0440\u0443\u0436\u0435\u043b\u044e\u0431\u043d\u044b\u0435 \u0446\u0435\u043d\u044b \u0437\u0430 \u044d\u0442\u043e\u0442 \u0447\u0443\u0434\u0435\u0441\u043d\u044b\u0439 \u0446\u0432\u0435\u0442\u043e\u043a!<\/span><\/p>\n","protected":false},"featured_media":609,"template":"","meta":[],"product_brand":[],"product_cat":[76,38],"product_tag":[53],"class_list":{"0":"post-617","1":"product","2":"type-product","3":"status-publish","4":"has-post-thumbnail","6":"product_cat-koik-tooted","7":"product_cat-loikelilled","8":"product_tag-freesia","10":"first","11":"instock","12":"featured","13":"shipping-taxable","14":"purchasable","15":"product-type-simple"},"yoast_head":"<!-- This site is optimized with the Yoast SEO plugin v27.3 - https:\/\/yoast.com\/product\/yoast-seo-wordpress\/ -->\n<title>\u00ab\u0411\u0435\u043b\u0430\u044f \u0424\u0440\u0435\u0437\u0438\u044f\u00bb | Bonfortuno<\/title>\n<meta name=\"robots\" content=\"index, follow, max-snippet:-1, max-image-preview:large, max-video-preview:-1\" \/>\n<link rel=\"canonical\" href=\"https:\/\/bonfortuno.eu\/toode\/valge-freesia\/\" \/>\n<meta property=\"og:locale\" content=\"ru_RU\" \/>\n<meta property=\"og:type\" content=\"article\" \/>\n<meta property=\"og:title\" content=\"[:et]\u201cValge Freesia\u201d[:ru]\u00ab\u0411\u0435\u043b\u0430\u044f \u0424\u0440\u0435\u0437\u0438\u044f\u00bb[:en]\u201cWhite Freesia\u201d[:] | Bonfortuno\" \/>\n<meta property=\"og:description\" content=\"[:et]T\u00e4nu enda magusale tsitruse noodiga l\u00f5hnale freesia on \u00fcks populaarsemaid lilli maailmas. Lillede keeles nimetatakse freesiat s\u00fc\u00fctuse ja s\u00f5pruse s\u00fcmboliks. Bonfortunost leiad laia valiku freesiaid hea hinna![:ru]\u0411\u043b\u0430\u0433\u043e\u0434\u044f \u0441\u0432\u043e\u0435\u043c\u0443 \u043d\u0435\u0436\u043d\u043e\u043c\u0443, \u0441\u043b\u0430\u0434\u043a\u043e\u043c\u0443, \u0446\u0438\u0442\u0440\u0443\u0441\u043e\u0432\u043e\u043c\u0443 \u0437\u0430\u043f\u0430\u0445\u0443, \u0444\u0440\u0435\u0437\u0438\u0438 \u044f\u0432\u043b\u044f\u044e\u0442\u0441\u044f \u043e\u0434\u043d\u0438\u043c \u0438\u0437 \u0441\u0430\u043c\u044b\u0445 \u043f\u043e\u043f\u0443\u043b\u044f\u0440\u043d\u044b\u0445 \u0446\u0432\u0435\u0442\u043e\u0432 \u0432 \u043c\u0438\u0440\u0435. \u0413\u043e\u0432\u043e\u0440\u044f\u0442, \u0447\u0442\u043e \u043d\u0430 \u044f\u0437\u044b\u043a\u0435 \u0446\u0432\u0435\u0442\u043e\u0432 \u0444\u0440\u0435\u0437\u0438\u044f \u043e\u0437\u043d\u0430\u0447\u0430\u0435\u0442 \u043d\u0435\u0432\u0438\u043d\u043d\u043e\u0441\u0442\u044c \u0438 \u0434\u0440\u0443\u0436\u0431\u0443. \u0410 Bonfortuno \u043f\u0440\u0435\u0434\u043b\u0430\u0433\u0430\u0435\u0442 \u0434\u0440\u0443\u0436\u0435\u043b\u044e\u0431\u043d\u044b\u0435 \u0446\u0435\u043d\u044b \u0437\u0430 \u044d\u0442\u043e\u0442 \u0447\u0443\u0434\u0435\u0441\u043d\u044b\u0439 \u0446\u0432\u0435\u0442\u043e\u043a![:en]Due to their delicate sweet, citrus scent, freesias are one of the most popular flowers in the world. \u00a0In the language of flowers, freesia are said to symbolize innocence and friendship. And we offer a good price for this wonderful flower! [:]\" \/>\n<meta property=\"og:url\" content=\"https:\/\/bonfortuno.eu\/toode\/valge-freesia\/\" \/>\n<meta property=\"og:site_name\" content=\"Bonfortuno\" \/>\n<meta property=\"article:modified_time\" content=\"2018-06-26T13:25:48+00:00\" \/>\n<meta property=\"og:image\" content=\"https:\/\/bonfortuno.eu\/wp-content\/uploads\/2018\/06\/30.jpg\" \/>\n\t<meta property=\"og:image:width\" content=\"1280\" \/>\n\t<meta property=\"og:image:height\" content=\"800\" \/>\n\t<meta property=\"og:image:type\" content=\"image\/jpeg\" \/>\n<meta name=\"twitter:card\" content=\"summary_large_image\" \/>\n<script type=\"application\/ld+json\" class=\"yoast-schema-graph\">{\"@context\":\"https:\\\/\\\/schema.org\",\"@graph\":[{\"@type\":\"WebPage\",\"@id\":\"https:\\\/\\\/bonfortuno.eu\\\/toode\\\/valge-freesia\\\/\",\"url\":\"https:\\\/\\\/bonfortuno.eu\\\/toode\\\/valge-freesia\\\/\",\"name\":\"[:et]\u201cValge Freesia\u201d[:ru]\u00ab\u0411\u0435\u043b\u0430\u044f \u0424\u0440\u0435\u0437\u0438\u044f\u00bb[:en]\u201cWhite Freesia\u201d[:] | Bonfortuno\",\"isPartOf\":{\"@id\":\"https:\\\/\\\/bonfortuno.eu\\\/ru\\\/#website\"},\"primaryImageOfPage\":{\"@id\":\"https:\\\/\\\/bonfortuno.eu\\\/toode\\\/valge-freesia\\\/#primaryimage\"},\"image\":{\"@id\":\"https:\\\/\\\/bonfortuno.eu\\\/toode\\\/valge-freesia\\\/#primaryimage\"},\"thumbnailUrl\":\"https:\\\/\\\/bonfortuno.eu\\\/wp-content\\\/uploads\\\/2018\\\/06\\\/30.jpg\",\"datePublished\":\"2018-06-26T13:23:58+00:00\",\"dateModified\":\"2018-06-26T13:25:48+00:00\",\"breadcrumb\":{\"@id\":\"https:\\\/\\\/bonfortuno.eu\\\/toode\\\/valge-freesia\\\/#breadcrumb\"},\"inLanguage\":\"ru-RU\",\"potentialAction\":[{\"@type\":\"ReadAction\",\"target\":[\"https:\\\/\\\/bonfortuno.eu\\\/toode\\\/valge-freesia\\\/\"]}]},{\"@type\":\"ImageObject\",\"inLanguage\":\"ru-RU\",\"@id\":\"https:\\\/\\\/bonfortuno.eu\\\/toode\\\/valge-freesia\\\/#primaryimage\",\"url\":\"https:\\\/\\\/bonfortuno.eu\\\/wp-content\\\/uploads\\\/2018\\\/06\\\/30.jpg\",\"contentUrl\":\"https:\\\/\\\/bonfortuno.eu\\\/wp-content\\\/uploads\\\/2018\\\/06\\\/30.jpg\",\"width\":1280,\"height\":800,\"caption\":\"lilled\"},{\"@type\":\"BreadcrumbList\",\"@id\":\"https:\\\/\\\/bonfortuno.eu\\\/toode\\\/valge-freesia\\\/#breadcrumb\",\"itemListElement\":[{\"@type\":\"ListItem\",\"position\":1,\"name\":\"\u0413\u043b\u0430\u0432\u043d\u0430\u044f \u0441\u0442\u0440\u0430\u043d\u0438\u0446\u0430\",\"item\":\"https:\\\/\\\/bonfortuno.eu\\\/\"},{\"@type\":\"ListItem\",\"position\":2,\"name\":\"\u041c\u0430\u0433\u0430\u0437\u0438\u043d\",\"item\":\"https:\\\/\\\/bonfortuno.eu\\\/\"},{\"@type\":\"ListItem\",\"position\":3,\"name\":\"\u201cValge Freesia\u201d\"}]},{\"@type\":\"WebSite\",\"@id\":\"https:\\\/\\\/bonfortuno.eu\\\/ru\\\/#website\",\"url\":\"https:\\\/\\\/bonfortuno.eu\\\/ru\\\/\",\"name\":\"Bonfortuno\",\"description\":\"\u0414\u043e\u0431\u0440\u043e \u043f\u043e\u0436\u0430\u043b\u043e\u0432\u0430\u0442\u044c \u0432 \u043c\u0438\u0440 \u0441\u0432\u0435\u0436\u0438\u0445 \u0446\u0432\u0435\u0442\u043e\u0432\",\"potentialAction\":[{\"@type\":\"SearchAction\",\"target\":{\"@type\":\"EntryPoint\",\"urlTemplate\":\"https:\\\/\\\/bonfortuno.eu\\\/ru\\\/?s={search_term_string}\"},\"query-input\":{\"@type\":\"PropertyValueSpecification\",\"valueRequired\":true,\"valueName\":\"search_term_string\"}}],\"inLanguage\":\"ru-RU\"}]}<\/script>\n<!-- \/ Yoast SEO plugin. -->","yoast_head_json":{"title":"[:et]\u201cValge Freesia\u201d[:ru]\u00ab\u0411\u0435\u043b\u0430\u044f \u0424\u0440\u0435\u0437\u0438\u044f\u00bb[:en]\u201cWhite Freesia\u201d[:] | Bonfortuno","robots":{"index":"index","follow":"follow","max-snippet":"max-snippet:-1","max-image-preview":"max-image-preview:large","max-video-preview":"max-video-preview:-1"},"canonical":"https:\/\/bonfortuno.eu\/toode\/valge-freesia\/","og_locale":"ru_RU","og_type":"article","og_title":"[:et]\u201cValge Freesia\u201d[:ru]\u00ab\u0411\u0435\u043b\u0430\u044f \u0424\u0440\u0435\u0437\u0438\u044f\u00bb[:en]\u201cWhite Freesia\u201d[:] | Bonfortuno","og_description":"[:et]T\u00e4nu enda magusale tsitruse noodiga l\u00f5hnale freesia on \u00fcks populaarsemaid lilli maailmas. Lillede keeles nimetatakse freesiat s\u00fc\u00fctuse ja s\u00f5pruse s\u00fcmboliks. Bonfortunost leiad laia valiku freesiaid hea hinna![:ru]\u0411\u043b\u0430\u0433\u043e\u0434\u044f \u0441\u0432\u043e\u0435\u043c\u0443 \u043d\u0435\u0436\u043d\u043e\u043c\u0443, \u0441\u043b\u0430\u0434\u043a\u043e\u043c\u0443, \u0446\u0438\u0442\u0440\u0443\u0441\u043e\u0432\u043e\u043c\u0443 \u0437\u0430\u043f\u0430\u0445\u0443, \u0444\u0440\u0435\u0437\u0438\u0438 \u044f\u0432\u043b\u044f\u044e\u0442\u0441\u044f \u043e\u0434\u043d\u0438\u043c \u0438\u0437 \u0441\u0430\u043c\u044b\u0445 \u043f\u043e\u043f\u0443\u043b\u044f\u0440\u043d\u044b\u0445 \u0446\u0432\u0435\u0442\u043e\u0432 \u0432 \u043c\u0438\u0440\u0435. \u0413\u043e\u0432\u043e\u0440\u044f\u0442, \u0447\u0442\u043e \u043d\u0430 \u044f\u0437\u044b\u043a\u0435 \u0446\u0432\u0435\u0442\u043e\u0432 \u0444\u0440\u0435\u0437\u0438\u044f \u043e\u0437\u043d\u0430\u0447\u0430\u0435\u0442 \u043d\u0435\u0432\u0438\u043d\u043d\u043e\u0441\u0442\u044c \u0438 \u0434\u0440\u0443\u0436\u0431\u0443. \u0410 Bonfortuno \u043f\u0440\u0435\u0434\u043b\u0430\u0433\u0430\u0435\u0442 \u0434\u0440\u0443\u0436\u0435\u043b\u044e\u0431\u043d\u044b\u0435 \u0446\u0435\u043d\u044b \u0437\u0430 \u044d\u0442\u043e\u0442 \u0447\u0443\u0434\u0435\u0441\u043d\u044b\u0439 \u0446\u0432\u0435\u0442\u043e\u043a![:en]Due to their delicate sweet, citrus scent, freesias are one of the most popular flowers in the world. \u00a0In the language of flowers, freesia are said to symbolize innocence and friendship. And we offer a good price for this wonderful flower! [:]","og_url":"https:\/\/bonfortuno.eu\/toode\/valge-freesia\/","og_site_name":"Bonfortuno","article_modified_time":"2018-06-26T13:25:48+00:00","og_image":[{"width":1280,"height":800,"url":"https:\/\/bonfortuno.eu\/wp-content\/uploads\/2018\/06\/30.jpg","type":"image\/jpeg"}],"twitter_card":"summary_large_image","schema":{"@context":"https:\/\/schema.org","@graph":[{"@type":"WebPage","@id":"https:\/\/bonfortuno.eu\/toode\/valge-freesia\/","url":"https:\/\/bonfortuno.eu\/toode\/valge-freesia\/","name":"[:et]\u201cValge Freesia\u201d[:ru]\u00ab\u0411\u0435\u043b\u0430\u044f \u0424\u0440\u0435\u0437\u0438\u044f\u00bb[:en]\u201cWhite Freesia\u201d[:] | Bonfortuno","isPartOf":{"@id":"https:\/\/bonfortuno.eu\/ru\/#website"},"primaryImageOfPage":{"@id":"https:\/\/bonfortuno.eu\/toode\/valge-freesia\/#primaryimage"},"image":{"@id":"https:\/\/bonfortuno.eu\/toode\/valge-freesia\/#primaryimage"},"thumbnailUrl":"https:\/\/bonfortuno.eu\/wp-content\/uploads\/2018\/06\/30.jpg","datePublished":"2018-06-26T13:23:58+00:00","dateModified":"2018-06-26T13:25:48+00:00","breadcrumb":{"@id":"https:\/\/bonfortuno.eu\/toode\/valge-freesia\/#breadcrumb"},"inLanguage":"ru-RU","potentialAction":[{"@type":"ReadAction","target":["https:\/\/bonfortuno.eu\/toode\/valge-freesia\/"]}]},{"@type":"ImageObject","inLanguage":"ru-RU","@id":"https:\/\/bonfortuno.eu\/toode\/valge-freesia\/#primaryimage","url":"https:\/\/bonfortuno.eu\/wp-content\/uploads\/2018\/06\/30.jpg","contentUrl":"https:\/\/bonfortuno.eu\/wp-content\/uploads\/2018\/06\/30.jpg","width":1280,"height":800,"caption":"lilled"},{"@type":"BreadcrumbList","@id":"https:\/\/bonfortuno.eu\/toode\/valge-freesia\/#breadcrumb","itemListElement":[{"@type":"ListItem","position":1,"name":"\u0413\u043b\u0430\u0432\u043d\u0430\u044f \u0441\u0442\u0440\u0430\u043d\u0438\u0446\u0430","item":"https:\/\/bonfortuno.eu\/"},{"@type":"ListItem","position":2,"name":"\u041c\u0430\u0433\u0430\u0437\u0438\u043d","item":"https:\/\/bonfortuno.eu\/"},{"@type":"ListItem","position":3,"name":"\u201cValge Freesia\u201d"}]},{"@type":"WebSite","@id":"https:\/\/bonfortuno.eu\/ru\/#website","url":"https:\/\/bonfortuno.eu\/ru\/","name":"Bonfortuno","description":"\u0414\u043e\u0431\u0440\u043e \u043f\u043e\u0436\u0430\u043b\u043e\u0432\u0430\u0442\u044c \u0432 \u043c\u0438\u0440 \u0441\u0432\u0435\u0436\u0438\u0445 \u0446\u0432\u0435\u0442\u043e\u0432","potentialAction":[{"@type":"SearchAction","target":{"@type":"EntryPoint","urlTemplate":"https:\/\/bonfortuno.eu\/ru\/?s={search_term_string}"},"query-input":{"@type":"PropertyValueSpecification","valueRequired":true,"valueName":"search_term_string"}}],"inLanguage":"ru-RU"}]}},"_links":{"self":[{"href":"https:\/\/bonfortuno.eu\/ru\/wp-json\/wp\/v2\/product\/617","targetHints":{"allow":["GET"]}}],"collection":[{"href":"https:\/\/bonfortuno.eu\/ru\/wp-json\/wp\/v2\/product"}],"about":[{"href":"https:\/\/bonfortuno.eu\/ru\/wp-json\/wp\/v2\/types\/product"}],"wp:featuredmedia":[{"embeddable":true,"href":"https:\/\/bonfortuno.eu\/ru\/wp-json\/wp\/v2\/media\/609"}],"wp:attachment":[{"href":"https:\/\/bonfortuno.eu\/ru\/wp-json\/wp\/v2\/media?parent=617"}],"wp:term":[{"taxonomy":"product_brand","embeddable":true,"href":"https:\/\/bonfortuno.eu\/ru\/wp-json\/wp\/v2\/product_brand?post=617"},{"taxonomy":"product_cat","embeddable":true,"href":"https:\/\/bonfortuno.eu\/ru\/wp-json\/wp\/v2\/product_cat?post=617"},{"taxonomy":"product_tag","embeddable":true,"href":"https:\/\/bonfortuno.eu\/ru\/wp-json\/wp\/v2\/product_tag?post=617"}],"curies":[{"name":"wp","href":"https:\/\/api.w.org\/{rel}","templated":true}]}}