{"id":715,"date":"2018-07-04T14:02:48","date_gmt":"2018-07-04T11:02:48","guid":{"rendered":"https:\/\/bonfortuno.eu\/?post_type=product&#038;p=715"},"modified":"2025-02-11T22:27:43","modified_gmt":"2025-02-11T20:27:43","slug":"ohupallid-teddy-bear","status":"publish","type":"product","link":"https:\/\/bonfortuno.eu\/ru\/toode\/ohupallid-teddy-bear\/","title":{"rendered":"\u00ab\u0412\u043e\u0437\u0434\u0443\u0448\u043d\u044b\u0435 \u0448\u0430\u0440\u044b Teddy Bear \u00bb"},"content":{"rendered":"","protected":false},"excerpt":{"rendered":"<p style=\"text-align: justify;\">\u0417\u0430\u043a\u0430\u0436\u0438\u0442\u0435 \u0448\u0430\u0440\u0438\u043a\u0438 \u0441 \u043c\u0438\u043b\u044b\u043c\u0438 \u043f\u043b\u044e\u0448\u0435\u0432\u044b\u043c\u0438 \u043c\u0438\u0448\u043a\u0430\u043c\u0438 \u0432 \u0433\u043e\u043b\u0443\u0431\u043e\u043c, \u0436\u0435\u043b\u0442\u043e\u043c \u0438\u043b\u0438 \u0440\u043e\u0437\u043e\u0432\u043e\u043c \u0446\u0432\u0435\u0442\u0435. \u0418\u0434\u0435\u0430\u043b\u044c\u043d\u043e \u043f\u043e\u0434\u0445\u043e\u0434\u0438\u0442 \u0434\u043b\u044f \u0434\u043e\u043f\u043e\u043b\u043d\u0435\u043d\u0438\u044f \u043a \u0434\u0435\u043a\u043e\u0440\u0443 \u043d\u0430 \u043b\u044e\u0431\u043e\u043c \u043f\u0440\u0430\u0437\u0434\u043d\u0438\u043a\u0435, \u043c\u043e\u0436\u043d\u043e \u0441\u043e\u0432\u043c\u0435\u0441\u0442\u0438\u0442\u044c \u0441 \u0434\u0440\u0443\u0433\u0438\u043c\u0438 \u0432\u043e\u0437\u0434\u0443\u0448\u043d\u044b\u043c\u0438 \u0448\u0430\u0440\u0430\u043c\u0438! \u0418\u043d\u0444\u043e\u0440\u043c\u0430\u0446\u0438\u044f \u043e \u0442\u043e\u0432\u0430\u0440\u0435: \u0448\u0438\u0440\u0438\u043d\u0430 12 \u0441\u043c<\/p>\n","protected":false},"featured_media":3061,"template":"","meta":[],"product_brand":[],"product_cat":[31,76],"product_tag":[],"class_list":{"0":"post-715","1":"product","2":"type-product","3":"status-publish","4":"has-post-thumbnail","6":"product_cat-ohupallid","7":"product_cat-koik-tooted","9":"first","10":"instock","11":"featured","12":"shipping-taxable","13":"purchasable","14":"product-type-simple"},"yoast_head":"<!-- This site is optimized with the Yoast SEO plugin v27.3 - https:\/\/yoast.com\/product\/yoast-seo-wordpress\/ -->\n<title>\u00ab\u0412\u043e\u0437\u0434\u0443\u0448\u043d\u044b\u0435 \u0448\u0430\u0440\u044b Teddy Bear \u00bb | Bonfortuno<\/title>\n<meta name=\"robots\" content=\"index, follow, max-snippet:-1, max-image-preview:large, max-video-preview:-1\" \/>\n<link rel=\"canonical\" href=\"https:\/\/bonfortuno.eu\/toode\/ohupallid-teddy-bear\/\" \/>\n<meta property=\"og:locale\" content=\"ru_RU\" \/>\n<meta property=\"og:type\" content=\"article\" \/>\n<meta property=\"og:title\" content=\"[:et]&quot;\u00d5hupallid Teddy Bear &quot;[:ru]\u00ab\u0412\u043e\u0437\u0434\u0443\u0448\u043d\u044b\u0435 \u0448\u0430\u0440\u044b Teddy Bear \u00bb[:en]\u201cTeddy Bear Balloons\u201d[:] | Bonfortuno\" \/>\n<meta property=\"og:description\" content=\"[:et]Armsad Teddy Bear \u00f5hupallid erinevates v\u00e4rvides: helesinine, kollane v\u00f5i roosa. Sobib peoruumi dekoreerimiseks , saab kombineerida ka teiste \u00f5hupallidega! Tootekirjeldus: laius 12 cm[:ru]\u0417\u0430\u043a\u0430\u0436\u0438\u0442\u0435 \u0448\u0430\u0440\u0438\u043a\u0438 \u0441 \u043c\u0438\u043b\u044b\u043c\u0438 \u043f\u043b\u044e\u0448\u0435\u0432\u044b\u043c\u0438 \u043c\u0438\u0448\u043a\u0430\u043c\u0438 \u0432 \u0433\u043e\u043b\u0443\u0431\u043e\u043c, \u0436\u0435\u043b\u0442\u043e\u043c \u0438\u043b\u0438 \u0440\u043e\u0437\u043e\u0432\u043e\u043c \u0446\u0432\u0435\u0442\u0435. \u0418\u0434\u0435\u0430\u043b\u044c\u043d\u043e \u043f\u043e\u0434\u0445\u043e\u0434\u0438\u0442 \u0434\u043b\u044f \u0434\u043e\u043f\u043e\u043b\u043d\u0435\u043d\u0438\u044f \u043a \u0434\u0435\u043a\u043e\u0440\u0443 \u043d\u0430 \u043b\u044e\u0431\u043e\u043c \u043f\u0440\u0430\u0437\u0434\u043d\u0438\u043a\u0435, \u043c\u043e\u0436\u043d\u043e \u0441\u043e\u0432\u043c\u0435\u0441\u0442\u0438\u0442\u044c \u0441 \u0434\u0440\u0443\u0433\u0438\u043c\u0438 \u0432\u043e\u0437\u0434\u0443\u0448\u043d\u044b\u043c\u0438 \u0448\u0430\u0440\u0430\u043c\u0438! \u0418\u043d\u0444\u043e\u0440\u043c\u0430\u0446\u0438\u044f \u043e \u0442\u043e\u0432\u0430\u0440\u0435: \u0448\u0438\u0440\u0438\u043d\u0430 12 \u0441\u043c[:en]Order cute Teddy Bear Balloons in light blue, yellow or pink. Perfect for complementing the decor at any celebration, can be mixed in with other balloons! Product details: 12 cm in wide[:]\" \/>\n<meta property=\"og:url\" content=\"https:\/\/bonfortuno.eu\/toode\/ohupallid-teddy-bear\/\" \/>\n<meta property=\"og:site_name\" content=\"Bonfortuno\" \/>\n<meta property=\"article:modified_time\" content=\"2025-02-11T20:27:43+00:00\" \/>\n<meta property=\"og:image\" content=\"https:\/\/bonfortuno.eu\/wp-content\/uploads\/2021\/02\/images-2.jpeg\" \/>\n\t<meta property=\"og:image:width\" content=\"229\" \/>\n\t<meta property=\"og:image:height\" content=\"220\" \/>\n\t<meta property=\"og:image:type\" content=\"image\/jpeg\" \/>\n<meta name=\"twitter:card\" content=\"summary_large_image\" \/>\n<script type=\"application\/ld+json\" class=\"yoast-schema-graph\">{\"@context\":\"https:\\\/\\\/schema.org\",\"@graph\":[{\"@type\":\"WebPage\",\"@id\":\"https:\\\/\\\/bonfortuno.eu\\\/toode\\\/ohupallid-teddy-bear\\\/\",\"url\":\"https:\\\/\\\/bonfortuno.eu\\\/toode\\\/ohupallid-teddy-bear\\\/\",\"name\":\"[:et]\\\"\u00d5hupallid Teddy Bear \\\"[:ru]\u00ab\u0412\u043e\u0437\u0434\u0443\u0448\u043d\u044b\u0435 \u0448\u0430\u0440\u044b Teddy Bear \u00bb[:en]\u201cTeddy Bear Balloons\u201d[:] | Bonfortuno\",\"isPartOf\":{\"@id\":\"https:\\\/\\\/bonfortuno.eu\\\/ru\\\/#website\"},\"primaryImageOfPage\":{\"@id\":\"https:\\\/\\\/bonfortuno.eu\\\/toode\\\/ohupallid-teddy-bear\\\/#primaryimage\"},\"image\":{\"@id\":\"https:\\\/\\\/bonfortuno.eu\\\/toode\\\/ohupallid-teddy-bear\\\/#primaryimage\"},\"thumbnailUrl\":\"https:\\\/\\\/bonfortuno.eu\\\/wp-content\\\/uploads\\\/2021\\\/02\\\/images-2.jpeg\",\"datePublished\":\"2018-07-04T11:02:48+00:00\",\"dateModified\":\"2025-02-11T20:27:43+00:00\",\"breadcrumb\":{\"@id\":\"https:\\\/\\\/bonfortuno.eu\\\/toode\\\/ohupallid-teddy-bear\\\/#breadcrumb\"},\"inLanguage\":\"ru-RU\",\"potentialAction\":[{\"@type\":\"ReadAction\",\"target\":[\"https:\\\/\\\/bonfortuno.eu\\\/toode\\\/ohupallid-teddy-bear\\\/\"]}]},{\"@type\":\"ImageObject\",\"inLanguage\":\"ru-RU\",\"@id\":\"https:\\\/\\\/bonfortuno.eu\\\/toode\\\/ohupallid-teddy-bear\\\/#primaryimage\",\"url\":\"https:\\\/\\\/bonfortuno.eu\\\/wp-content\\\/uploads\\\/2021\\\/02\\\/images-2.jpeg\",\"contentUrl\":\"https:\\\/\\\/bonfortuno.eu\\\/wp-content\\\/uploads\\\/2021\\\/02\\\/images-2.jpeg\",\"width\":229,\"height\":220},{\"@type\":\"BreadcrumbList\",\"@id\":\"https:\\\/\\\/bonfortuno.eu\\\/toode\\\/ohupallid-teddy-bear\\\/#breadcrumb\",\"itemListElement\":[{\"@type\":\"ListItem\",\"position\":1,\"name\":\"\u0413\u043b\u0430\u0432\u043d\u0430\u044f \u0441\u0442\u0440\u0430\u043d\u0438\u0446\u0430\",\"item\":\"https:\\\/\\\/bonfortuno.eu\\\/\"},{\"@type\":\"ListItem\",\"position\":2,\"name\":\"\u041c\u0430\u0433\u0430\u0437\u0438\u043d\",\"item\":\"https:\\\/\\\/bonfortuno.eu\\\/\"},{\"@type\":\"ListItem\",\"position\":3,\"name\":\"&#8220;\u00d5hupallid Teddy Bear &#8220;\"}]},{\"@type\":\"WebSite\",\"@id\":\"https:\\\/\\\/bonfortuno.eu\\\/ru\\\/#website\",\"url\":\"https:\\\/\\\/bonfortuno.eu\\\/ru\\\/\",\"name\":\"Bonfortuno\",\"description\":\"\u0414\u043e\u0431\u0440\u043e \u043f\u043e\u0436\u0430\u043b\u043e\u0432\u0430\u0442\u044c \u0432 \u043c\u0438\u0440 \u0441\u0432\u0435\u0436\u0438\u0445 \u0446\u0432\u0435\u0442\u043e\u0432\",\"potentialAction\":[{\"@type\":\"SearchAction\",\"target\":{\"@type\":\"EntryPoint\",\"urlTemplate\":\"https:\\\/\\\/bonfortuno.eu\\\/ru\\\/?s={search_term_string}\"},\"query-input\":{\"@type\":\"PropertyValueSpecification\",\"valueRequired\":true,\"valueName\":\"search_term_string\"}}],\"inLanguage\":\"ru-RU\"}]}<\/script>\n<!-- \/ Yoast SEO plugin. -->","yoast_head_json":{"title":"[:et]\"\u00d5hupallid Teddy Bear \"[:ru]\u00ab\u0412\u043e\u0437\u0434\u0443\u0448\u043d\u044b\u0435 \u0448\u0430\u0440\u044b Teddy Bear \u00bb[:en]\u201cTeddy Bear Balloons\u201d[:] | Bonfortuno","robots":{"index":"index","follow":"follow","max-snippet":"max-snippet:-1","max-image-preview":"max-image-preview:large","max-video-preview":"max-video-preview:-1"},"canonical":"https:\/\/bonfortuno.eu\/toode\/ohupallid-teddy-bear\/","og_locale":"ru_RU","og_type":"article","og_title":"[:et]\"\u00d5hupallid Teddy Bear \"[:ru]\u00ab\u0412\u043e\u0437\u0434\u0443\u0448\u043d\u044b\u0435 \u0448\u0430\u0440\u044b Teddy Bear \u00bb[:en]\u201cTeddy Bear Balloons\u201d[:] | Bonfortuno","og_description":"[:et]Armsad Teddy Bear \u00f5hupallid erinevates v\u00e4rvides: helesinine, kollane v\u00f5i roosa. Sobib peoruumi dekoreerimiseks , saab kombineerida ka teiste \u00f5hupallidega! Tootekirjeldus: laius 12 cm[:ru]\u0417\u0430\u043a\u0430\u0436\u0438\u0442\u0435 \u0448\u0430\u0440\u0438\u043a\u0438 \u0441 \u043c\u0438\u043b\u044b\u043c\u0438 \u043f\u043b\u044e\u0448\u0435\u0432\u044b\u043c\u0438 \u043c\u0438\u0448\u043a\u0430\u043c\u0438 \u0432 \u0433\u043e\u043b\u0443\u0431\u043e\u043c, \u0436\u0435\u043b\u0442\u043e\u043c \u0438\u043b\u0438 \u0440\u043e\u0437\u043e\u0432\u043e\u043c \u0446\u0432\u0435\u0442\u0435. \u0418\u0434\u0435\u0430\u043b\u044c\u043d\u043e \u043f\u043e\u0434\u0445\u043e\u0434\u0438\u0442 \u0434\u043b\u044f \u0434\u043e\u043f\u043e\u043b\u043d\u0435\u043d\u0438\u044f \u043a \u0434\u0435\u043a\u043e\u0440\u0443 \u043d\u0430 \u043b\u044e\u0431\u043e\u043c \u043f\u0440\u0430\u0437\u0434\u043d\u0438\u043a\u0435, \u043c\u043e\u0436\u043d\u043e \u0441\u043e\u0432\u043c\u0435\u0441\u0442\u0438\u0442\u044c \u0441 \u0434\u0440\u0443\u0433\u0438\u043c\u0438 \u0432\u043e\u0437\u0434\u0443\u0448\u043d\u044b\u043c\u0438 \u0448\u0430\u0440\u0430\u043c\u0438! \u0418\u043d\u0444\u043e\u0440\u043c\u0430\u0446\u0438\u044f \u043e \u0442\u043e\u0432\u0430\u0440\u0435: \u0448\u0438\u0440\u0438\u043d\u0430 12 \u0441\u043c[:en]Order cute Teddy Bear Balloons in light blue, yellow or pink. Perfect for complementing the decor at any celebration, can be mixed in with other balloons! Product details: 12 cm in wide[:]","og_url":"https:\/\/bonfortuno.eu\/toode\/ohupallid-teddy-bear\/","og_site_name":"Bonfortuno","article_modified_time":"2025-02-11T20:27:43+00:00","og_image":[{"width":229,"height":220,"url":"https:\/\/bonfortuno.eu\/wp-content\/uploads\/2021\/02\/images-2.jpeg","type":"image\/jpeg"}],"twitter_card":"summary_large_image","schema":{"@context":"https:\/\/schema.org","@graph":[{"@type":"WebPage","@id":"https:\/\/bonfortuno.eu\/toode\/ohupallid-teddy-bear\/","url":"https:\/\/bonfortuno.eu\/toode\/ohupallid-teddy-bear\/","name":"[:et]\"\u00d5hupallid Teddy Bear \"[:ru]\u00ab\u0412\u043e\u0437\u0434\u0443\u0448\u043d\u044b\u0435 \u0448\u0430\u0440\u044b Teddy Bear \u00bb[:en]\u201cTeddy Bear Balloons\u201d[:] | Bonfortuno","isPartOf":{"@id":"https:\/\/bonfortuno.eu\/ru\/#website"},"primaryImageOfPage":{"@id":"https:\/\/bonfortuno.eu\/toode\/ohupallid-teddy-bear\/#primaryimage"},"image":{"@id":"https:\/\/bonfortuno.eu\/toode\/ohupallid-teddy-bear\/#primaryimage"},"thumbnailUrl":"https:\/\/bonfortuno.eu\/wp-content\/uploads\/2021\/02\/images-2.jpeg","datePublished":"2018-07-04T11:02:48+00:00","dateModified":"2025-02-11T20:27:43+00:00","breadcrumb":{"@id":"https:\/\/bonfortuno.eu\/toode\/ohupallid-teddy-bear\/#breadcrumb"},"inLanguage":"ru-RU","potentialAction":[{"@type":"ReadAction","target":["https:\/\/bonfortuno.eu\/toode\/ohupallid-teddy-bear\/"]}]},{"@type":"ImageObject","inLanguage":"ru-RU","@id":"https:\/\/bonfortuno.eu\/toode\/ohupallid-teddy-bear\/#primaryimage","url":"https:\/\/bonfortuno.eu\/wp-content\/uploads\/2021\/02\/images-2.jpeg","contentUrl":"https:\/\/bonfortuno.eu\/wp-content\/uploads\/2021\/02\/images-2.jpeg","width":229,"height":220},{"@type":"BreadcrumbList","@id":"https:\/\/bonfortuno.eu\/toode\/ohupallid-teddy-bear\/#breadcrumb","itemListElement":[{"@type":"ListItem","position":1,"name":"\u0413\u043b\u0430\u0432\u043d\u0430\u044f \u0441\u0442\u0440\u0430\u043d\u0438\u0446\u0430","item":"https:\/\/bonfortuno.eu\/"},{"@type":"ListItem","position":2,"name":"\u041c\u0430\u0433\u0430\u0437\u0438\u043d","item":"https:\/\/bonfortuno.eu\/"},{"@type":"ListItem","position":3,"name":"&#8220;\u00d5hupallid Teddy Bear &#8220;"}]},{"@type":"WebSite","@id":"https:\/\/bonfortuno.eu\/ru\/#website","url":"https:\/\/bonfortuno.eu\/ru\/","name":"Bonfortuno","description":"\u0414\u043e\u0431\u0440\u043e \u043f\u043e\u0436\u0430\u043b\u043e\u0432\u0430\u0442\u044c \u0432 \u043c\u0438\u0440 \u0441\u0432\u0435\u0436\u0438\u0445 \u0446\u0432\u0435\u0442\u043e\u0432","potentialAction":[{"@type":"SearchAction","target":{"@type":"EntryPoint","urlTemplate":"https:\/\/bonfortuno.eu\/ru\/?s={search_term_string}"},"query-input":{"@type":"PropertyValueSpecification","valueRequired":true,"valueName":"search_term_string"}}],"inLanguage":"ru-RU"}]}},"_links":{"self":[{"href":"https:\/\/bonfortuno.eu\/ru\/wp-json\/wp\/v2\/product\/715","targetHints":{"allow":["GET"]}}],"collection":[{"href":"https:\/\/bonfortuno.eu\/ru\/wp-json\/wp\/v2\/product"}],"about":[{"href":"https:\/\/bonfortuno.eu\/ru\/wp-json\/wp\/v2\/types\/product"}],"wp:featuredmedia":[{"embeddable":true,"href":"https:\/\/bonfortuno.eu\/ru\/wp-json\/wp\/v2\/media\/3061"}],"wp:attachment":[{"href":"https:\/\/bonfortuno.eu\/ru\/wp-json\/wp\/v2\/media?parent=715"}],"wp:term":[{"taxonomy":"product_brand","embeddable":true,"href":"https:\/\/bonfortuno.eu\/ru\/wp-json\/wp\/v2\/product_brand?post=715"},{"taxonomy":"product_cat","embeddable":true,"href":"https:\/\/bonfortuno.eu\/ru\/wp-json\/wp\/v2\/product_cat?post=715"},{"taxonomy":"product_tag","embeddable":true,"href":"https:\/\/bonfortuno.eu\/ru\/wp-json\/wp\/v2\/product_tag?post=715"}],"curies":[{"name":"wp","href":"https:\/\/api.w.org\/{rel}","templated":true}]}}