{"id":717,"date":"2018-07-04T14:05:23","date_gmt":"2018-07-04T11:05:23","guid":{"rendered":"https:\/\/bonfortuno.eu\/?post_type=product&#038;p=717"},"modified":"2022-10-17T10:24:42","modified_gmt":"2022-10-17T07:24:42","slug":"101-roosad-ecuadori-roosid","status":"publish","type":"product","link":"https:\/\/bonfortuno.eu\/ru\/toode\/101-roosad-ecuadori-roosid\/","title":{"rendered":"\u201c101 \u041c\u0430\u043b\u0438\u043d\u043e\u0432\u0430\u044f \u0440\u043e\u0437\u0430\u201d70cm"},"content":{"rendered":"","protected":false},"excerpt":{"rendered":"<p style=\"text-align: justify;\">\u041a\u043e\u0440\u043e\u043b\u0435\u0432\u0441\u043a\u0438\u0439 \u0431\u0443\u043a\u0435\u0442 \u0438\u0437 101 \u0440\u043e\u0437\u044b! \u041a\u0430\u043a \u0441\u0438\u043c\u0432\u043e\u043b \u0438\u0437\u044f\u0449\u0435\u0441\u0442\u0432\u0430 \u0438 \u044d\u043b\u0435\u0433\u0430\u043d\u0442\u043d\u043e\u0441\u0442\u0438, \u0440\u043e\u0437\u043e\u0432\u044b\u0435 \u0440\u043e\u0437\u044b \u0447\u0430\u0441\u0442\u043e \u0434\u0430\u0440\u044f\u0442 \u0432 \u0437\u043d\u0430\u043a \u0432\u043e\u0441\u0445\u0438\u0449\u0435\u043d\u0438\u044f \u0438 \u0431\u043b\u0430\u0433\u043e\u0434\u0430\u0440\u043d\u043e\u0441\u0442\u0438. \u0411\u0443\u0434\u044c \u0442\u043e \u0434\u043b\u044f \u0432\u0430\u0448\u0435\u0433\u043e \u043b\u0443\u0447\u0448\u0435\u0433\u043e \u0434\u0440\u0443\u0433\u0430 \u0438\u043b\u0438 \u043d\u0435\u0432\u0435\u0441\u0442\u044b, \u0431\u0443\u043a\u0435\u0442 \u0438\u0437 \u0440\u043e\u0437\u043e\u0432\u044b\u0445 \u0440\u043e\u0437 \u043e\u0441\u0442\u0430\u0432\u0438\u0442 \u044f\u0440\u043a\u043e\u0435 \u0432\u043f\u0435\u0447\u0430\u0442\u043b\u0435\u043d\u0438\u0435. \u0415\u0441\u043b\u0438 \u0432\u044b \u0445\u043e\u0442\u0438\u0442\u0435 \u0441\u0434\u0435\u043b\u0430\u0442\u044c \u043e\u0441\u043e\u0431\u044b\u0439 \u043f\u043e\u0434\u0430\u0440\u043e\u043a, \u0442\u043e 101 &#8212; \u043f\u0440\u0430\u0432\u0438\u043b\u044c\u043d\u044b\u0439 \u043d\u043e\u043c\u0435\u0440!<\/p>\n","protected":false},"featured_media":636,"template":"","meta":[],"product_brand":[],"product_cat":[76,30,32],"product_tag":[39,78],"class_list":{"0":"post-717","1":"product","2":"type-product","3":"status-publish","4":"has-post-thumbnail","6":"product_cat-koik-tooted","7":"product_cat-lillekimbud","8":"product_cat-roosid","9":"product_tag-roosid","10":"product_tag-suur","12":"first","13":"instock","14":"featured","15":"shipping-taxable","16":"purchasable","17":"product-type-simple"},"yoast_head":"<!-- This site is optimized with the Yoast SEO plugin v27.3 - https:\/\/yoast.com\/product\/yoast-seo-wordpress\/ -->\n<title>\u201c101 \u041c\u0430\u043b\u0438\u043d\u043e\u0432\u0430\u044f \u0440\u043e\u0437\u0430\u201d70cm | Bonfortuno<\/title>\n<meta name=\"robots\" content=\"index, follow, max-snippet:-1, max-image-preview:large, max-video-preview:-1\" \/>\n<link rel=\"canonical\" href=\"https:\/\/bonfortuno.eu\/toode\/101-roosad-ecuadori-roosid\/\" \/>\n<meta property=\"og:locale\" content=\"ru_RU\" \/>\n<meta property=\"og:type\" content=\"article\" \/>\n<meta property=\"og:title\" content=\"[:et]&quot;101 Vaarika roos&quot; 70cm[:ru]\u201c101 \u041c\u0430\u043b\u0438\u043d\u043e\u0432\u0430\u044f \u0440\u043e\u0437\u0430\u201d70cm[:en]\u201c101 Pink Rose\u201d[:] | Bonfortuno\" \/>\n<meta property=\"og:description\" content=\"[:et]Kuninglik 101 roosi kimp! Roosid on klassikaline ja ajatu kingitus, mis sobib igat t\u00fc\u00fcpi s\u00fcndmusele. Roosa roos on imetluse ja tunnustuse m\u00e4rgiks. Sobib nii parimale s\u00f5brale kui ka kihlveo puhul. Kui kavatsete teha super erilist kingitust, on 101 \u00f5ige number![:ru]\u041a\u043e\u0440\u043e\u043b\u0435\u0432\u0441\u043a\u0438\u0439 \u0431\u0443\u043a\u0435\u0442 \u0438\u0437 101 \u0440\u043e\u0437\u044b! \u041a\u0430\u043a \u0441\u0438\u043c\u0432\u043e\u043b \u0438\u0437\u044f\u0449\u0435\u0441\u0442\u0432\u0430 \u0438 \u044d\u043b\u0435\u0433\u0430\u043d\u0442\u043d\u043e\u0441\u0442\u0438, \u0440\u043e\u0437\u043e\u0432\u044b\u0435 \u0440\u043e\u0437\u044b \u0447\u0430\u0441\u0442\u043e \u0434\u0430\u0440\u044f\u0442 \u0432 \u0437\u043d\u0430\u043a \u0432\u043e\u0441\u0445\u0438\u0449\u0435\u043d\u0438\u044f \u0438 \u0431\u043b\u0430\u0433\u043e\u0434\u0430\u0440\u043d\u043e\u0441\u0442\u0438. \u0411\u0443\u0434\u044c \u0442\u043e \u0434\u043b\u044f \u0432\u0430\u0448\u0435\u0433\u043e \u043b\u0443\u0447\u0448\u0435\u0433\u043e \u0434\u0440\u0443\u0433\u0430 \u0438\u043b\u0438 \u043d\u0435\u0432\u0435\u0441\u0442\u044b, \u0431\u0443\u043a\u0435\u0442 \u0438\u0437 \u0440\u043e\u0437\u043e\u0432\u044b\u0445 \u0440\u043e\u0437 \u043e\u0441\u0442\u0430\u0432\u0438\u0442 \u044f\u0440\u043a\u043e\u0435 \u0432\u043f\u0435\u0447\u0430\u0442\u043b\u0435\u043d\u0438\u0435. \u0415\u0441\u043b\u0438 \u0432\u044b \u0445\u043e\u0442\u0438\u0442\u0435 \u0441\u0434\u0435\u043b\u0430\u0442\u044c \u043e\u0441\u043e\u0431\u044b\u0439 \u043f\u043e\u0434\u0430\u0440\u043e\u043a, \u0442\u043e 101 - \u043f\u0440\u0430\u0432\u0438\u043b\u044c\u043d\u044b\u0439 \u043d\u043e\u043c\u0435\u0440![:en]Royal bouquet of 101 roses! A classic symbol of grace and elegance, the pink rose is often given as a token of admiration and appreciation. Whether they&#039;re for your best friend or fianc\u00e9e a pink rose bouquet will create a bright spot in a special someone&#039;s day. If you\u2019re planning to make a super special gift, 101 is the right number![:]\" \/>\n<meta property=\"og:url\" content=\"https:\/\/bonfortuno.eu\/toode\/101-roosad-ecuadori-roosid\/\" \/>\n<meta property=\"og:site_name\" content=\"Bonfortuno\" \/>\n<meta property=\"article:modified_time\" content=\"2022-10-17T07:24:42+00:00\" \/>\n<meta property=\"og:image\" content=\"https:\/\/bonfortuno.eu\/wp-content\/uploads\/2018\/06\/42.jpg\" \/>\n\t<meta property=\"og:image:width\" content=\"987\" \/>\n\t<meta property=\"og:image:height\" content=\"1024\" \/>\n\t<meta property=\"og:image:type\" content=\"image\/jpeg\" \/>\n<meta name=\"twitter:card\" content=\"summary_large_image\" \/>\n<script type=\"application\/ld+json\" class=\"yoast-schema-graph\">{\"@context\":\"https:\\\/\\\/schema.org\",\"@graph\":[{\"@type\":\"WebPage\",\"@id\":\"https:\\\/\\\/bonfortuno.eu\\\/toode\\\/101-roosad-ecuadori-roosid\\\/\",\"url\":\"https:\\\/\\\/bonfortuno.eu\\\/toode\\\/101-roosad-ecuadori-roosid\\\/\",\"name\":\"[:et]\\\"101 Vaarika roos\\\" 70cm[:ru]\u201c101 \u041c\u0430\u043b\u0438\u043d\u043e\u0432\u0430\u044f \u0440\u043e\u0437\u0430\u201d70cm[:en]\u201c101 Pink Rose\u201d[:] | Bonfortuno\",\"isPartOf\":{\"@id\":\"https:\\\/\\\/bonfortuno.eu\\\/ru\\\/#website\"},\"primaryImageOfPage\":{\"@id\":\"https:\\\/\\\/bonfortuno.eu\\\/toode\\\/101-roosad-ecuadori-roosid\\\/#primaryimage\"},\"image\":{\"@id\":\"https:\\\/\\\/bonfortuno.eu\\\/toode\\\/101-roosad-ecuadori-roosid\\\/#primaryimage\"},\"thumbnailUrl\":\"https:\\\/\\\/bonfortuno.eu\\\/wp-content\\\/uploads\\\/2018\\\/06\\\/42.jpg\",\"datePublished\":\"2018-07-04T11:05:23+00:00\",\"dateModified\":\"2022-10-17T07:24:42+00:00\",\"breadcrumb\":{\"@id\":\"https:\\\/\\\/bonfortuno.eu\\\/toode\\\/101-roosad-ecuadori-roosid\\\/#breadcrumb\"},\"inLanguage\":\"ru-RU\",\"potentialAction\":[{\"@type\":\"ReadAction\",\"target\":[\"https:\\\/\\\/bonfortuno.eu\\\/toode\\\/101-roosad-ecuadori-roosid\\\/\"]}]},{\"@type\":\"ImageObject\",\"inLanguage\":\"ru-RU\",\"@id\":\"https:\\\/\\\/bonfortuno.eu\\\/toode\\\/101-roosad-ecuadori-roosid\\\/#primaryimage\",\"url\":\"https:\\\/\\\/bonfortuno.eu\\\/wp-content\\\/uploads\\\/2018\\\/06\\\/42.jpg\",\"contentUrl\":\"https:\\\/\\\/bonfortuno.eu\\\/wp-content\\\/uploads\\\/2018\\\/06\\\/42.jpg\",\"width\":987,\"height\":1024,\"caption\":\"lilled kulleriga\"},{\"@type\":\"BreadcrumbList\",\"@id\":\"https:\\\/\\\/bonfortuno.eu\\\/toode\\\/101-roosad-ecuadori-roosid\\\/#breadcrumb\",\"itemListElement\":[{\"@type\":\"ListItem\",\"position\":1,\"name\":\"\u0413\u043b\u0430\u0432\u043d\u0430\u044f \u0441\u0442\u0440\u0430\u043d\u0438\u0446\u0430\",\"item\":\"https:\\\/\\\/bonfortuno.eu\\\/\"},{\"@type\":\"ListItem\",\"position\":2,\"name\":\"\u041c\u0430\u0433\u0430\u0437\u0438\u043d\",\"item\":\"https:\\\/\\\/bonfortuno.eu\\\/\"},{\"@type\":\"ListItem\",\"position\":3,\"name\":\"&#8220;101 Vaarika roos&#8221; 70cm\"}]},{\"@type\":\"WebSite\",\"@id\":\"https:\\\/\\\/bonfortuno.eu\\\/ru\\\/#website\",\"url\":\"https:\\\/\\\/bonfortuno.eu\\\/ru\\\/\",\"name\":\"Bonfortuno\",\"description\":\"\u0414\u043e\u0431\u0440\u043e \u043f\u043e\u0436\u0430\u043b\u043e\u0432\u0430\u0442\u044c \u0432 \u043c\u0438\u0440 \u0441\u0432\u0435\u0436\u0438\u0445 \u0446\u0432\u0435\u0442\u043e\u0432\",\"potentialAction\":[{\"@type\":\"SearchAction\",\"target\":{\"@type\":\"EntryPoint\",\"urlTemplate\":\"https:\\\/\\\/bonfortuno.eu\\\/ru\\\/?s={search_term_string}\"},\"query-input\":{\"@type\":\"PropertyValueSpecification\",\"valueRequired\":true,\"valueName\":\"search_term_string\"}}],\"inLanguage\":\"ru-RU\"}]}<\/script>\n<!-- \/ Yoast SEO plugin. -->","yoast_head_json":{"title":"[:et]\"101 Vaarika roos\" 70cm[:ru]\u201c101 \u041c\u0430\u043b\u0438\u043d\u043e\u0432\u0430\u044f \u0440\u043e\u0437\u0430\u201d70cm[:en]\u201c101 Pink Rose\u201d[:] | Bonfortuno","robots":{"index":"index","follow":"follow","max-snippet":"max-snippet:-1","max-image-preview":"max-image-preview:large","max-video-preview":"max-video-preview:-1"},"canonical":"https:\/\/bonfortuno.eu\/toode\/101-roosad-ecuadori-roosid\/","og_locale":"ru_RU","og_type":"article","og_title":"[:et]\"101 Vaarika roos\" 70cm[:ru]\u201c101 \u041c\u0430\u043b\u0438\u043d\u043e\u0432\u0430\u044f \u0440\u043e\u0437\u0430\u201d70cm[:en]\u201c101 Pink Rose\u201d[:] | Bonfortuno","og_description":"[:et]Kuninglik 101 roosi kimp! Roosid on klassikaline ja ajatu kingitus, mis sobib igat t\u00fc\u00fcpi s\u00fcndmusele. Roosa roos on imetluse ja tunnustuse m\u00e4rgiks. Sobib nii parimale s\u00f5brale kui ka kihlveo puhul. Kui kavatsete teha super erilist kingitust, on 101 \u00f5ige number![:ru]\u041a\u043e\u0440\u043e\u043b\u0435\u0432\u0441\u043a\u0438\u0439 \u0431\u0443\u043a\u0435\u0442 \u0438\u0437 101 \u0440\u043e\u0437\u044b! \u041a\u0430\u043a \u0441\u0438\u043c\u0432\u043e\u043b \u0438\u0437\u044f\u0449\u0435\u0441\u0442\u0432\u0430 \u0438 \u044d\u043b\u0435\u0433\u0430\u043d\u0442\u043d\u043e\u0441\u0442\u0438, \u0440\u043e\u0437\u043e\u0432\u044b\u0435 \u0440\u043e\u0437\u044b \u0447\u0430\u0441\u0442\u043e \u0434\u0430\u0440\u044f\u0442 \u0432 \u0437\u043d\u0430\u043a \u0432\u043e\u0441\u0445\u0438\u0449\u0435\u043d\u0438\u044f \u0438 \u0431\u043b\u0430\u0433\u043e\u0434\u0430\u0440\u043d\u043e\u0441\u0442\u0438. \u0411\u0443\u0434\u044c \u0442\u043e \u0434\u043b\u044f \u0432\u0430\u0448\u0435\u0433\u043e \u043b\u0443\u0447\u0448\u0435\u0433\u043e \u0434\u0440\u0443\u0433\u0430 \u0438\u043b\u0438 \u043d\u0435\u0432\u0435\u0441\u0442\u044b, \u0431\u0443\u043a\u0435\u0442 \u0438\u0437 \u0440\u043e\u0437\u043e\u0432\u044b\u0445 \u0440\u043e\u0437 \u043e\u0441\u0442\u0430\u0432\u0438\u0442 \u044f\u0440\u043a\u043e\u0435 \u0432\u043f\u0435\u0447\u0430\u0442\u043b\u0435\u043d\u0438\u0435. \u0415\u0441\u043b\u0438 \u0432\u044b \u0445\u043e\u0442\u0438\u0442\u0435 \u0441\u0434\u0435\u043b\u0430\u0442\u044c \u043e\u0441\u043e\u0431\u044b\u0439 \u043f\u043e\u0434\u0430\u0440\u043e\u043a, \u0442\u043e 101 - \u043f\u0440\u0430\u0432\u0438\u043b\u044c\u043d\u044b\u0439 \u043d\u043e\u043c\u0435\u0440![:en]Royal bouquet of 101 roses! A classic symbol of grace and elegance, the pink rose is often given as a token of admiration and appreciation. Whether they're for your best friend or fianc\u00e9e a pink rose bouquet will create a bright spot in a special someone's day. If you\u2019re planning to make a super special gift, 101 is the right number![:]","og_url":"https:\/\/bonfortuno.eu\/toode\/101-roosad-ecuadori-roosid\/","og_site_name":"Bonfortuno","article_modified_time":"2022-10-17T07:24:42+00:00","og_image":[{"width":987,"height":1024,"url":"https:\/\/bonfortuno.eu\/wp-content\/uploads\/2018\/06\/42.jpg","type":"image\/jpeg"}],"twitter_card":"summary_large_image","schema":{"@context":"https:\/\/schema.org","@graph":[{"@type":"WebPage","@id":"https:\/\/bonfortuno.eu\/toode\/101-roosad-ecuadori-roosid\/","url":"https:\/\/bonfortuno.eu\/toode\/101-roosad-ecuadori-roosid\/","name":"[:et]\"101 Vaarika roos\" 70cm[:ru]\u201c101 \u041c\u0430\u043b\u0438\u043d\u043e\u0432\u0430\u044f \u0440\u043e\u0437\u0430\u201d70cm[:en]\u201c101 Pink Rose\u201d[:] | Bonfortuno","isPartOf":{"@id":"https:\/\/bonfortuno.eu\/ru\/#website"},"primaryImageOfPage":{"@id":"https:\/\/bonfortuno.eu\/toode\/101-roosad-ecuadori-roosid\/#primaryimage"},"image":{"@id":"https:\/\/bonfortuno.eu\/toode\/101-roosad-ecuadori-roosid\/#primaryimage"},"thumbnailUrl":"https:\/\/bonfortuno.eu\/wp-content\/uploads\/2018\/06\/42.jpg","datePublished":"2018-07-04T11:05:23+00:00","dateModified":"2022-10-17T07:24:42+00:00","breadcrumb":{"@id":"https:\/\/bonfortuno.eu\/toode\/101-roosad-ecuadori-roosid\/#breadcrumb"},"inLanguage":"ru-RU","potentialAction":[{"@type":"ReadAction","target":["https:\/\/bonfortuno.eu\/toode\/101-roosad-ecuadori-roosid\/"]}]},{"@type":"ImageObject","inLanguage":"ru-RU","@id":"https:\/\/bonfortuno.eu\/toode\/101-roosad-ecuadori-roosid\/#primaryimage","url":"https:\/\/bonfortuno.eu\/wp-content\/uploads\/2018\/06\/42.jpg","contentUrl":"https:\/\/bonfortuno.eu\/wp-content\/uploads\/2018\/06\/42.jpg","width":987,"height":1024,"caption":"lilled kulleriga"},{"@type":"BreadcrumbList","@id":"https:\/\/bonfortuno.eu\/toode\/101-roosad-ecuadori-roosid\/#breadcrumb","itemListElement":[{"@type":"ListItem","position":1,"name":"\u0413\u043b\u0430\u0432\u043d\u0430\u044f \u0441\u0442\u0440\u0430\u043d\u0438\u0446\u0430","item":"https:\/\/bonfortuno.eu\/"},{"@type":"ListItem","position":2,"name":"\u041c\u0430\u0433\u0430\u0437\u0438\u043d","item":"https:\/\/bonfortuno.eu\/"},{"@type":"ListItem","position":3,"name":"&#8220;101 Vaarika roos&#8221; 70cm"}]},{"@type":"WebSite","@id":"https:\/\/bonfortuno.eu\/ru\/#website","url":"https:\/\/bonfortuno.eu\/ru\/","name":"Bonfortuno","description":"\u0414\u043e\u0431\u0440\u043e \u043f\u043e\u0436\u0430\u043b\u043e\u0432\u0430\u0442\u044c \u0432 \u043c\u0438\u0440 \u0441\u0432\u0435\u0436\u0438\u0445 \u0446\u0432\u0435\u0442\u043e\u0432","potentialAction":[{"@type":"SearchAction","target":{"@type":"EntryPoint","urlTemplate":"https:\/\/bonfortuno.eu\/ru\/?s={search_term_string}"},"query-input":{"@type":"PropertyValueSpecification","valueRequired":true,"valueName":"search_term_string"}}],"inLanguage":"ru-RU"}]}},"_links":{"self":[{"href":"https:\/\/bonfortuno.eu\/ru\/wp-json\/wp\/v2\/product\/717","targetHints":{"allow":["GET"]}}],"collection":[{"href":"https:\/\/bonfortuno.eu\/ru\/wp-json\/wp\/v2\/product"}],"about":[{"href":"https:\/\/bonfortuno.eu\/ru\/wp-json\/wp\/v2\/types\/product"}],"wp:featuredmedia":[{"embeddable":true,"href":"https:\/\/bonfortuno.eu\/ru\/wp-json\/wp\/v2\/media\/636"}],"wp:attachment":[{"href":"https:\/\/bonfortuno.eu\/ru\/wp-json\/wp\/v2\/media?parent=717"}],"wp:term":[{"taxonomy":"product_brand","embeddable":true,"href":"https:\/\/bonfortuno.eu\/ru\/wp-json\/wp\/v2\/product_brand?post=717"},{"taxonomy":"product_cat","embeddable":true,"href":"https:\/\/bonfortuno.eu\/ru\/wp-json\/wp\/v2\/product_cat?post=717"},{"taxonomy":"product_tag","embeddable":true,"href":"https:\/\/bonfortuno.eu\/ru\/wp-json\/wp\/v2\/product_tag?post=717"}],"curies":[{"name":"wp","href":"https:\/\/api.w.org\/{rel}","templated":true}]}}