{"id":723,"date":"2018-07-05T23:15:23","date_gmt":"2018-07-05T20:15:23","guid":{"rendered":"https:\/\/bonfortuno.eu\/?post_type=product&#038;p=723"},"modified":"2022-01-13T13:46:35","modified_gmt":"2022-01-13T11:46:35","slug":"elisabeth","status":"publish","type":"product","link":"https:\/\/bonfortuno.eu\/ru\/toode\/elisabeth\/","title":{"rendered":"\u201cElisabeth\u201d"},"content":{"rendered":"","protected":false},"excerpt":{"rendered":"<p style=\"text-align: justify;\">\u0414\u043e\u0431\u0430\u0432\u044c\u0442\u0435 \u043a \u044d\u0442\u043e\u043c\u0443 \u0431\u0443\u043a\u0435\u0442\u0443 \u0432\u043e\u0437\u0434\u0443\u0448\u043d\u044b\u0439 \u0448\u0430\u0440 \u0438 \u0437\u0430\u043a\u0430\u0436\u0438\u0442\u0435 \u0434\u043e\u0441\u0442\u0430\u0432\u043a\u0443 \u043d\u0430 \u0434\u043e\u043c \u0438\u043b\u0438 \u0432 \u043e\u0444\u0438\u0441. \u041b\u0451\u0433\u043a\u0430\u044f, \u043a\u0440\u0430\u0441\u0438\u0432\u0430\u044f \u0434\u0435\u0440\u0435\u0432\u044f\u043d\u043d\u0430\u044f \u043a\u043e\u0440\u0437\u0438\u043d\u0430 \u043d\u0430\u043f\u043e\u043b\u043d\u0435\u043d\u0430 \u0441\u0432\u0435\u0436\u0435\u0441\u0440\u0435\u0437\u0430\u043d\u043d\u044b\u043c\u0438 \u0440\u043e\u0437\u0430\u043c\u0438 \u0438 \u044f\u0440\u043a\u043e\u0439 \u0437\u0435\u043b\u0435\u043d\u044c\u044e. \u0412 \u0437\u0430\u0432\u0438\u0441\u0438\u043c\u043e\u0441\u0442\u0438 \u043e\u0442 \u0441\u0435\u0437\u043e\u043d\u0430 \u0441\u043e\u0441\u0442\u0430\u0432 \u0431\u0443\u043a\u0435\u0442\u0430 \u043c\u043e\u0436\u0435\u0442 \u043c\u0435\u043d\u044f\u0442\u044c\u0441\u044f.<\/p>\n","protected":false},"featured_media":639,"template":"","meta":[],"product_brand":[],"product_cat":[76,36],"product_tag":[39,78],"class_list":{"0":"post-723","1":"product","2":"type-product","3":"status-publish","4":"has-post-thumbnail","6":"product_cat-koik-tooted","7":"product_cat-lilleseade-korvis","8":"product_tag-roosid","9":"product_tag-suur","11":"first","12":"instock","13":"featured","14":"shipping-taxable","15":"purchasable","16":"product-type-simple"},"yoast_head":"<!-- This site is optimized with the Yoast SEO plugin v27.3 - https:\/\/yoast.com\/product\/yoast-seo-wordpress\/ -->\n<title>\u201cElisabeth\u201d | Bonfortuno<\/title>\n<meta name=\"robots\" content=\"index, follow, max-snippet:-1, max-image-preview:large, max-video-preview:-1\" \/>\n<link rel=\"canonical\" href=\"https:\/\/bonfortuno.eu\/toode\/elisabeth\/\" \/>\n<meta property=\"og:locale\" content=\"ru_RU\" \/>\n<meta property=\"og:type\" content=\"article\" \/>\n<meta property=\"og:title\" content=\"\u201cElisabeth\u201d | Bonfortuno\" \/>\n<meta property=\"og:description\" content=\"[:et]Lisa lille korvikesele \u00f5hupalli, ja lase kulleril tuua kingitust koju v\u00f5i kontorisse. Nii lihtne see ongi! Lilleseades on v\u00e4rskelt l\u00f5igatud roosid ja rohkelt rohelisi noote. T\u00f5eline v\u00e4rvide s\u00fcmfoonia, mis \u00fcllatab ja r\u00f5\u00f5mustab igat saajat. H\u00e4sti sobib nii t\u00e4nut\u00e4heks kui armsamale tunnete avaldamiseks. S\u00f5ltuvalt hooajast v\u00f5ivad kimbu koostisosad varieeruda.[:ru]\u0414\u043e\u0431\u0430\u0432\u044c\u0442\u0435 \u043a \u044d\u0442\u043e\u043c\u0443 \u0431\u0443\u043a\u0435\u0442\u0443 \u0432\u043e\u0437\u0434\u0443\u0448\u043d\u044b\u0439 \u0448\u0430\u0440 \u0438 \u0437\u0430\u043a\u0430\u0436\u0438\u0442\u0435 \u0434\u043e\u0441\u0442\u0430\u0432\u043a\u0443 \u043d\u0430 \u0434\u043e\u043c \u0438\u043b\u0438 \u0432 \u043e\u0444\u0438\u0441. \u041b\u0451\u0433\u043a\u0430\u044f, \u043a\u0440\u0430\u0441\u0438\u0432\u0430\u044f \u0434\u0435\u0440\u0435\u0432\u044f\u043d\u043d\u0430\u044f \u043a\u043e\u0440\u0437\u0438\u043d\u0430 \u043d\u0430\u043f\u043e\u043b\u043d\u0435\u043d\u0430 \u0441\u0432\u0435\u0436\u0435\u0441\u0440\u0435\u0437\u0430\u043d\u043d\u044b\u043c\u0438 \u0440\u043e\u0437\u0430\u043c\u0438 \u0438 \u044f\u0440\u043a\u043e\u0439 \u0437\u0435\u043b\u0435\u043d\u044c\u044e. \u0412 \u0437\u0430\u0432\u0438\u0441\u0438\u043c\u043e\u0441\u0442\u0438 \u043e\u0442 \u0441\u0435\u0437\u043e\u043d\u0430 \u0441\u043e\u0441\u0442\u0430\u0432 \u0431\u0443\u043a\u0435\u0442\u0430 \u043c\u043e\u0436\u0435\u0442 \u043c\u0435\u043d\u044f\u0442\u044c\u0441\u044f.[:en]You can add a balloon and have your gift delivered to someone\u2019s home or office. Send a pretty light wooden basket filled with freshly cut roses and bright sparkling greens. A true celebration of color and life to surprise and delight your special recipient on their big day![:]\" \/>\n<meta property=\"og:url\" content=\"https:\/\/bonfortuno.eu\/toode\/elisabeth\/\" \/>\n<meta property=\"og:site_name\" content=\"Bonfortuno\" \/>\n<meta property=\"article:modified_time\" content=\"2022-01-13T11:46:35+00:00\" \/>\n<meta property=\"og:image\" content=\"https:\/\/bonfortuno.eu\/wp-content\/uploads\/2018\/06\/45.jpg\" \/>\n\t<meta property=\"og:image:width\" content=\"600\" \/>\n\t<meta property=\"og:image:height\" content=\"600\" \/>\n\t<meta property=\"og:image:type\" content=\"image\/jpeg\" \/>\n<meta name=\"twitter:card\" content=\"summary_large_image\" \/>\n<script type=\"application\/ld+json\" class=\"yoast-schema-graph\">{\"@context\":\"https:\\\/\\\/schema.org\",\"@graph\":[{\"@type\":\"WebPage\",\"@id\":\"https:\\\/\\\/bonfortuno.eu\\\/toode\\\/elisabeth\\\/\",\"url\":\"https:\\\/\\\/bonfortuno.eu\\\/toode\\\/elisabeth\\\/\",\"name\":\"\u201cElisabeth\u201d | Bonfortuno\",\"isPartOf\":{\"@id\":\"https:\\\/\\\/bonfortuno.eu\\\/ru\\\/#website\"},\"primaryImageOfPage\":{\"@id\":\"https:\\\/\\\/bonfortuno.eu\\\/toode\\\/elisabeth\\\/#primaryimage\"},\"image\":{\"@id\":\"https:\\\/\\\/bonfortuno.eu\\\/toode\\\/elisabeth\\\/#primaryimage\"},\"thumbnailUrl\":\"https:\\\/\\\/bonfortuno.eu\\\/wp-content\\\/uploads\\\/2018\\\/06\\\/45.jpg\",\"datePublished\":\"2018-07-05T20:15:23+00:00\",\"dateModified\":\"2022-01-13T11:46:35+00:00\",\"breadcrumb\":{\"@id\":\"https:\\\/\\\/bonfortuno.eu\\\/toode\\\/elisabeth\\\/#breadcrumb\"},\"inLanguage\":\"ru-RU\",\"potentialAction\":[{\"@type\":\"ReadAction\",\"target\":[\"https:\\\/\\\/bonfortuno.eu\\\/toode\\\/elisabeth\\\/\"]}]},{\"@type\":\"ImageObject\",\"inLanguage\":\"ru-RU\",\"@id\":\"https:\\\/\\\/bonfortuno.eu\\\/toode\\\/elisabeth\\\/#primaryimage\",\"url\":\"https:\\\/\\\/bonfortuno.eu\\\/wp-content\\\/uploads\\\/2018\\\/06\\\/45.jpg\",\"contentUrl\":\"https:\\\/\\\/bonfortuno.eu\\\/wp-content\\\/uploads\\\/2018\\\/06\\\/45.jpg\",\"width\":600,\"height\":600,\"caption\":\"lillseade korvis\"},{\"@type\":\"BreadcrumbList\",\"@id\":\"https:\\\/\\\/bonfortuno.eu\\\/toode\\\/elisabeth\\\/#breadcrumb\",\"itemListElement\":[{\"@type\":\"ListItem\",\"position\":1,\"name\":\"\u0413\u043b\u0430\u0432\u043d\u0430\u044f \u0441\u0442\u0440\u0430\u043d\u0438\u0446\u0430\",\"item\":\"https:\\\/\\\/bonfortuno.eu\\\/\"},{\"@type\":\"ListItem\",\"position\":2,\"name\":\"\u041c\u0430\u0433\u0430\u0437\u0438\u043d\",\"item\":\"https:\\\/\\\/bonfortuno.eu\\\/\"},{\"@type\":\"ListItem\",\"position\":3,\"name\":\"\u201cElisabeth\u201d\"}]},{\"@type\":\"WebSite\",\"@id\":\"https:\\\/\\\/bonfortuno.eu\\\/ru\\\/#website\",\"url\":\"https:\\\/\\\/bonfortuno.eu\\\/ru\\\/\",\"name\":\"Bonfortuno\",\"description\":\"\u0414\u043e\u0431\u0440\u043e \u043f\u043e\u0436\u0430\u043b\u043e\u0432\u0430\u0442\u044c \u0432 \u043c\u0438\u0440 \u0441\u0432\u0435\u0436\u0438\u0445 \u0446\u0432\u0435\u0442\u043e\u0432\",\"potentialAction\":[{\"@type\":\"SearchAction\",\"target\":{\"@type\":\"EntryPoint\",\"urlTemplate\":\"https:\\\/\\\/bonfortuno.eu\\\/ru\\\/?s={search_term_string}\"},\"query-input\":{\"@type\":\"PropertyValueSpecification\",\"valueRequired\":true,\"valueName\":\"search_term_string\"}}],\"inLanguage\":\"ru-RU\"}]}<\/script>\n<!-- \/ Yoast SEO plugin. -->","yoast_head_json":{"title":"\u201cElisabeth\u201d | Bonfortuno","robots":{"index":"index","follow":"follow","max-snippet":"max-snippet:-1","max-image-preview":"max-image-preview:large","max-video-preview":"max-video-preview:-1"},"canonical":"https:\/\/bonfortuno.eu\/toode\/elisabeth\/","og_locale":"ru_RU","og_type":"article","og_title":"\u201cElisabeth\u201d | Bonfortuno","og_description":"[:et]Lisa lille korvikesele \u00f5hupalli, ja lase kulleril tuua kingitust koju v\u00f5i kontorisse. Nii lihtne see ongi! Lilleseades on v\u00e4rskelt l\u00f5igatud roosid ja rohkelt rohelisi noote. T\u00f5eline v\u00e4rvide s\u00fcmfoonia, mis \u00fcllatab ja r\u00f5\u00f5mustab igat saajat. H\u00e4sti sobib nii t\u00e4nut\u00e4heks kui armsamale tunnete avaldamiseks. S\u00f5ltuvalt hooajast v\u00f5ivad kimbu koostisosad varieeruda.[:ru]\u0414\u043e\u0431\u0430\u0432\u044c\u0442\u0435 \u043a \u044d\u0442\u043e\u043c\u0443 \u0431\u0443\u043a\u0435\u0442\u0443 \u0432\u043e\u0437\u0434\u0443\u0448\u043d\u044b\u0439 \u0448\u0430\u0440 \u0438 \u0437\u0430\u043a\u0430\u0436\u0438\u0442\u0435 \u0434\u043e\u0441\u0442\u0430\u0432\u043a\u0443 \u043d\u0430 \u0434\u043e\u043c \u0438\u043b\u0438 \u0432 \u043e\u0444\u0438\u0441. \u041b\u0451\u0433\u043a\u0430\u044f, \u043a\u0440\u0430\u0441\u0438\u0432\u0430\u044f \u0434\u0435\u0440\u0435\u0432\u044f\u043d\u043d\u0430\u044f \u043a\u043e\u0440\u0437\u0438\u043d\u0430 \u043d\u0430\u043f\u043e\u043b\u043d\u0435\u043d\u0430 \u0441\u0432\u0435\u0436\u0435\u0441\u0440\u0435\u0437\u0430\u043d\u043d\u044b\u043c\u0438 \u0440\u043e\u0437\u0430\u043c\u0438 \u0438 \u044f\u0440\u043a\u043e\u0439 \u0437\u0435\u043b\u0435\u043d\u044c\u044e. \u0412 \u0437\u0430\u0432\u0438\u0441\u0438\u043c\u043e\u0441\u0442\u0438 \u043e\u0442 \u0441\u0435\u0437\u043e\u043d\u0430 \u0441\u043e\u0441\u0442\u0430\u0432 \u0431\u0443\u043a\u0435\u0442\u0430 \u043c\u043e\u0436\u0435\u0442 \u043c\u0435\u043d\u044f\u0442\u044c\u0441\u044f.[:en]You can add a balloon and have your gift delivered to someone\u2019s home or office. Send a pretty light wooden basket filled with freshly cut roses and bright sparkling greens. A true celebration of color and life to surprise and delight your special recipient on their big day![:]","og_url":"https:\/\/bonfortuno.eu\/toode\/elisabeth\/","og_site_name":"Bonfortuno","article_modified_time":"2022-01-13T11:46:35+00:00","og_image":[{"width":600,"height":600,"url":"https:\/\/bonfortuno.eu\/wp-content\/uploads\/2018\/06\/45.jpg","type":"image\/jpeg"}],"twitter_card":"summary_large_image","schema":{"@context":"https:\/\/schema.org","@graph":[{"@type":"WebPage","@id":"https:\/\/bonfortuno.eu\/toode\/elisabeth\/","url":"https:\/\/bonfortuno.eu\/toode\/elisabeth\/","name":"\u201cElisabeth\u201d | Bonfortuno","isPartOf":{"@id":"https:\/\/bonfortuno.eu\/ru\/#website"},"primaryImageOfPage":{"@id":"https:\/\/bonfortuno.eu\/toode\/elisabeth\/#primaryimage"},"image":{"@id":"https:\/\/bonfortuno.eu\/toode\/elisabeth\/#primaryimage"},"thumbnailUrl":"https:\/\/bonfortuno.eu\/wp-content\/uploads\/2018\/06\/45.jpg","datePublished":"2018-07-05T20:15:23+00:00","dateModified":"2022-01-13T11:46:35+00:00","breadcrumb":{"@id":"https:\/\/bonfortuno.eu\/toode\/elisabeth\/#breadcrumb"},"inLanguage":"ru-RU","potentialAction":[{"@type":"ReadAction","target":["https:\/\/bonfortuno.eu\/toode\/elisabeth\/"]}]},{"@type":"ImageObject","inLanguage":"ru-RU","@id":"https:\/\/bonfortuno.eu\/toode\/elisabeth\/#primaryimage","url":"https:\/\/bonfortuno.eu\/wp-content\/uploads\/2018\/06\/45.jpg","contentUrl":"https:\/\/bonfortuno.eu\/wp-content\/uploads\/2018\/06\/45.jpg","width":600,"height":600,"caption":"lillseade korvis"},{"@type":"BreadcrumbList","@id":"https:\/\/bonfortuno.eu\/toode\/elisabeth\/#breadcrumb","itemListElement":[{"@type":"ListItem","position":1,"name":"\u0413\u043b\u0430\u0432\u043d\u0430\u044f \u0441\u0442\u0440\u0430\u043d\u0438\u0446\u0430","item":"https:\/\/bonfortuno.eu\/"},{"@type":"ListItem","position":2,"name":"\u041c\u0430\u0433\u0430\u0437\u0438\u043d","item":"https:\/\/bonfortuno.eu\/"},{"@type":"ListItem","position":3,"name":"\u201cElisabeth\u201d"}]},{"@type":"WebSite","@id":"https:\/\/bonfortuno.eu\/ru\/#website","url":"https:\/\/bonfortuno.eu\/ru\/","name":"Bonfortuno","description":"\u0414\u043e\u0431\u0440\u043e \u043f\u043e\u0436\u0430\u043b\u043e\u0432\u0430\u0442\u044c \u0432 \u043c\u0438\u0440 \u0441\u0432\u0435\u0436\u0438\u0445 \u0446\u0432\u0435\u0442\u043e\u0432","potentialAction":[{"@type":"SearchAction","target":{"@type":"EntryPoint","urlTemplate":"https:\/\/bonfortuno.eu\/ru\/?s={search_term_string}"},"query-input":{"@type":"PropertyValueSpecification","valueRequired":true,"valueName":"search_term_string"}}],"inLanguage":"ru-RU"}]}},"_links":{"self":[{"href":"https:\/\/bonfortuno.eu\/ru\/wp-json\/wp\/v2\/product\/723","targetHints":{"allow":["GET"]}}],"collection":[{"href":"https:\/\/bonfortuno.eu\/ru\/wp-json\/wp\/v2\/product"}],"about":[{"href":"https:\/\/bonfortuno.eu\/ru\/wp-json\/wp\/v2\/types\/product"}],"wp:featuredmedia":[{"embeddable":true,"href":"https:\/\/bonfortuno.eu\/ru\/wp-json\/wp\/v2\/media\/639"}],"wp:attachment":[{"href":"https:\/\/bonfortuno.eu\/ru\/wp-json\/wp\/v2\/media?parent=723"}],"wp:term":[{"taxonomy":"product_brand","embeddable":true,"href":"https:\/\/bonfortuno.eu\/ru\/wp-json\/wp\/v2\/product_brand?post=723"},{"taxonomy":"product_cat","embeddable":true,"href":"https:\/\/bonfortuno.eu\/ru\/wp-json\/wp\/v2\/product_cat?post=723"},{"taxonomy":"product_tag","embeddable":true,"href":"https:\/\/bonfortuno.eu\/ru\/wp-json\/wp\/v2\/product_tag?post=723"}],"curies":[{"name":"wp","href":"https:\/\/api.w.org\/{rel}","templated":true}]}}