{"id":741,"date":"2018-07-05T23:40:22","date_gmt":"2018-07-05T20:40:22","guid":{"rendered":"https:\/\/bonfortuno.eu\/?post_type=product&#038;p=741"},"modified":"2025-02-11T22:25:16","modified_gmt":"2025-02-11T20:25:16","slug":"ohupallid-happy-birthday-2","status":"publish","type":"product","link":"https:\/\/bonfortuno.eu\/ru\/toode\/ohupallid-happy-birthday-2\/","title":{"rendered":"\u201c\u0412\u043e\u0437\u0434\u0443\u0448\u043d\u044b\u0435 \u0448\u0430\u0440\u044b Happy Birthday\u201d"},"content":{"rendered":"","protected":false},"excerpt":{"rendered":"<p style=\"text-align: justify;\">\u041d\u0430\u0448\u0438 \u044f\u0440\u043a\u0438\u0435 \u0432\u043e\u0437\u0434\u0443\u0448\u043d\u044b\u0435 \u0448\u0430\u0440\u044b \u043f\u0440\u0438\u0434\u0430\u0434\u0443\u0442 \u0432\u0435\u0447\u0435\u0440\u0438\u043d\u043a\u0435 \u043e\u0441\u043e\u0431\u043e\u0435 \u043d\u0430\u0441\u0442\u0440\u043e\u0435\u043d\u0438\u0435! \u0412\u044b\u0431\u0435\u0440\u0438\u0442\u0435 \u0441\u0438\u043d\u0438\u0439, \u0436\u0451\u043b\u0442\u044b\u0439, \u0437\u0435\u043b\u0451\u043d\u044b\u0439, \u0440\u043e\u0437\u043e\u0432\u044b\u0439 \u0438\u043b\u0438 \u0444\u0438\u043e\u043b\u0435\u0442\u043e\u0432\u044b\u0439. \u041b\u0430\u0442\u0435\u043a\u0441\u043d\u044b\u0435 \u0448\u0430\u0440\u0438\u043a\u0438 \u0441 \u043d\u0430\u0434\u043f\u0438\u0441\u044c\u044e \u00abHappy Birthday!\u00bb, \u043e\u043a\u0440\u0443\u0436\u0451\u043d\u043d\u043e\u0439 \u043a\u0440\u043e\u0448\u0435\u0447\u043d\u044b\u043c\u0438 \u0437\u0432\u0435\u0437\u0434\u0430\u043c\u0438 \u0438 \u0441\u0435\u0440\u0434\u0435\u0447\u043a\u0430\u043c\u0438 &#8212; \u0438\u0434\u0435\u0430\u043b\u044c\u043d\u043e \u043f\u043e\u0434\u043e\u0439\u0434\u0443\u0442 \u0432 \u043a\u0430\u0447\u0435\u0441\u0442\u0432\u0435 \u0434\u0435\u043a\u043e\u0440\u0430. \u0418\u043d\u0444\u043e\u0440\u043c\u0430\u0446\u0438\u044f \u043e \u0442\u043e\u0432\u0430\u0440\u0435: \u0448\u0438\u0440\u0438\u043d\u0430 12 \u0441\u043c<\/p>\n","protected":false},"featured_media":3026,"template":"","meta":[],"product_brand":[],"product_cat":[31,76],"product_tag":[],"class_list":{"0":"post-741","1":"product","2":"type-product","3":"status-publish","4":"has-post-thumbnail","6":"product_cat-ohupallid","7":"product_cat-koik-tooted","9":"first","10":"instock","11":"featured","12":"shipping-taxable","13":"purchasable","14":"product-type-simple"},"yoast_head":"<!-- This site is optimized with the Yoast SEO plugin v27.4 - https:\/\/yoast.com\/product\/yoast-seo-wordpress\/ -->\n<title>\u201c\u0412\u043e\u0437\u0434\u0443\u0448\u043d\u044b\u0435 \u0448\u0430\u0440\u044b Happy Birthday\u201d | Bonfortuno<\/title>\n<meta name=\"robots\" content=\"index, follow, max-snippet:-1, max-image-preview:large, max-video-preview:-1\" \/>\n<link rel=\"canonical\" href=\"https:\/\/bonfortuno.eu\/toode\/ohupallid-happy-birthday-2\/\" \/>\n<meta property=\"og:locale\" content=\"ru_RU\" \/>\n<meta property=\"og:type\" content=\"article\" \/>\n<meta property=\"og:title\" content=\"[:et]\u201c\u00d5hupallid Happy Birthday\u201d[:ru]\u201c\u0412\u043e\u0437\u0434\u0443\u0448\u043d\u044b\u0435 \u0448\u0430\u0440\u044b Happy Birthday\u201d[:en]\u201cHappy Birthday Balloons\u201d[:] | Bonfortuno\" \/>\n<meta property=\"og:description\" content=\"[:et]Meie Happy Birthday \u00f5hupallid annavad peole erilist meeleolu! Valige sinine, kollane, roheline, roosa v\u00f5i lilla v\u00e4rv. Lateksist \u00f5hupallid pealkirjaga &quot;Happy Birthday&quot;, mida \u00fcmbritsevad v\u00e4ikesed t\u00e4hed ja s\u00fcdamed. Sobib peoruumi dekoreerimiseks. Tootekirjeldus: laius 12 cm[:ru]\u041d\u0430\u0448\u0438 \u044f\u0440\u043a\u0438\u0435 \u0432\u043e\u0437\u0434\u0443\u0448\u043d\u044b\u0435 \u0448\u0430\u0440\u044b \u043f\u0440\u0438\u0434\u0430\u0434\u0443\u0442 \u0432\u0435\u0447\u0435\u0440\u0438\u043d\u043a\u0435 \u043e\u0441\u043e\u0431\u043e\u0435 \u043d\u0430\u0441\u0442\u0440\u043e\u0435\u043d\u0438\u0435! \u0412\u044b\u0431\u0435\u0440\u0438\u0442\u0435 \u0441\u0438\u043d\u0438\u0439, \u0436\u0451\u043b\u0442\u044b\u0439, \u0437\u0435\u043b\u0451\u043d\u044b\u0439, \u0440\u043e\u0437\u043e\u0432\u044b\u0439 \u0438\u043b\u0438 \u0444\u0438\u043e\u043b\u0435\u0442\u043e\u0432\u044b\u0439. \u041b\u0430\u0442\u0435\u043a\u0441\u043d\u044b\u0435 \u0448\u0430\u0440\u0438\u043a\u0438 \u0441 \u043d\u0430\u0434\u043f\u0438\u0441\u044c\u044e \u00abHappy Birthday!\u00bb, \u043e\u043a\u0440\u0443\u0436\u0451\u043d\u043d\u043e\u0439 \u043a\u0440\u043e\u0448\u0435\u0447\u043d\u044b\u043c\u0438 \u0437\u0432\u0435\u0437\u0434\u0430\u043c\u0438 \u0438 \u0441\u0435\u0440\u0434\u0435\u0447\u043a\u0430\u043c\u0438 - \u0438\u0434\u0435\u0430\u043b\u044c\u043d\u043e \u043f\u043e\u0434\u043e\u0439\u0434\u0443\u0442 \u0432 \u043a\u0430\u0447\u0435\u0441\u0442\u0432\u0435 \u0434\u0435\u043a\u043e\u0440\u0430. \u0418\u043d\u0444\u043e\u0440\u043c\u0430\u0446\u0438\u044f \u043e \u0442\u043e\u0432\u0430\u0440\u0435: \u0448\u0438\u0440\u0438\u043d\u0430 12 \u0441\u043c[:en]Our Bright Happy Birthday Balloons will bring a special party mood! Choose blue, yellow, green, pink or purple. These latex balloons feature a &quot;Happy Birthday&quot; headline, surrounded by tiny stars and hearts. Perfect for complementing the decor at any birthday celebration, can be mixed in with other balloons! Product details: 12 cm in wide[:]\" \/>\n<meta property=\"og:url\" content=\"https:\/\/bonfortuno.eu\/toode\/ohupallid-happy-birthday-2\/\" \/>\n<meta property=\"og:site_name\" content=\"Bonfortuno\" \/>\n<meta property=\"article:modified_time\" content=\"2025-02-11T20:25:16+00:00\" \/>\n<meta property=\"og:image\" content=\"https:\/\/bonfortuno.eu\/wp-content\/uploads\/2021\/02\/happy-birthday-500x500-1.jpg\" \/>\n\t<meta property=\"og:image:width\" content=\"500\" \/>\n\t<meta property=\"og:image:height\" content=\"500\" \/>\n\t<meta property=\"og:image:type\" content=\"image\/jpeg\" \/>\n<meta name=\"twitter:card\" content=\"summary_large_image\" \/>\n<script type=\"application\/ld+json\" class=\"yoast-schema-graph\">{\"@context\":\"https:\\\/\\\/schema.org\",\"@graph\":[{\"@type\":\"WebPage\",\"@id\":\"https:\\\/\\\/bonfortuno.eu\\\/toode\\\/ohupallid-happy-birthday-2\\\/\",\"url\":\"https:\\\/\\\/bonfortuno.eu\\\/toode\\\/ohupallid-happy-birthday-2\\\/\",\"name\":\"[:et]\u201c\u00d5hupallid Happy Birthday\u201d[:ru]\u201c\u0412\u043e\u0437\u0434\u0443\u0448\u043d\u044b\u0435 \u0448\u0430\u0440\u044b Happy Birthday\u201d[:en]\u201cHappy Birthday Balloons\u201d[:] | Bonfortuno\",\"isPartOf\":{\"@id\":\"https:\\\/\\\/bonfortuno.eu\\\/ru\\\/#website\"},\"primaryImageOfPage\":{\"@id\":\"https:\\\/\\\/bonfortuno.eu\\\/toode\\\/ohupallid-happy-birthday-2\\\/#primaryimage\"},\"image\":{\"@id\":\"https:\\\/\\\/bonfortuno.eu\\\/toode\\\/ohupallid-happy-birthday-2\\\/#primaryimage\"},\"thumbnailUrl\":\"https:\\\/\\\/bonfortuno.eu\\\/wp-content\\\/uploads\\\/2021\\\/02\\\/happy-birthday-500x500-1.jpg\",\"datePublished\":\"2018-07-05T20:40:22+00:00\",\"dateModified\":\"2025-02-11T20:25:16+00:00\",\"breadcrumb\":{\"@id\":\"https:\\\/\\\/bonfortuno.eu\\\/toode\\\/ohupallid-happy-birthday-2\\\/#breadcrumb\"},\"inLanguage\":\"ru-RU\",\"potentialAction\":[{\"@type\":\"ReadAction\",\"target\":[\"https:\\\/\\\/bonfortuno.eu\\\/toode\\\/ohupallid-happy-birthday-2\\\/\"]}]},{\"@type\":\"ImageObject\",\"inLanguage\":\"ru-RU\",\"@id\":\"https:\\\/\\\/bonfortuno.eu\\\/toode\\\/ohupallid-happy-birthday-2\\\/#primaryimage\",\"url\":\"https:\\\/\\\/bonfortuno.eu\\\/wp-content\\\/uploads\\\/2021\\\/02\\\/happy-birthday-500x500-1.jpg\",\"contentUrl\":\"https:\\\/\\\/bonfortuno.eu\\\/wp-content\\\/uploads\\\/2021\\\/02\\\/happy-birthday-500x500-1.jpg\",\"width\":500,\"height\":500},{\"@type\":\"BreadcrumbList\",\"@id\":\"https:\\\/\\\/bonfortuno.eu\\\/toode\\\/ohupallid-happy-birthday-2\\\/#breadcrumb\",\"itemListElement\":[{\"@type\":\"ListItem\",\"position\":1,\"name\":\"\u0413\u043b\u0430\u0432\u043d\u0430\u044f \u0441\u0442\u0440\u0430\u043d\u0438\u0446\u0430\",\"item\":\"https:\\\/\\\/bonfortuno.eu\\\/\"},{\"@type\":\"ListItem\",\"position\":2,\"name\":\"\u041c\u0430\u0433\u0430\u0437\u0438\u043d\",\"item\":\"https:\\\/\\\/bonfortuno.eu\\\/\"},{\"@type\":\"ListItem\",\"position\":3,\"name\":\"\u201c\u00d5hupallid Happy Birthday\u201d\"}]},{\"@type\":\"WebSite\",\"@id\":\"https:\\\/\\\/bonfortuno.eu\\\/ru\\\/#website\",\"url\":\"https:\\\/\\\/bonfortuno.eu\\\/ru\\\/\",\"name\":\"Bonfortuno\",\"description\":\"\u0414\u043e\u0431\u0440\u043e \u043f\u043e\u0436\u0430\u043b\u043e\u0432\u0430\u0442\u044c \u0432 \u043c\u0438\u0440 \u0441\u0432\u0435\u0436\u0438\u0445 \u0446\u0432\u0435\u0442\u043e\u0432\",\"potentialAction\":[{\"@type\":\"SearchAction\",\"target\":{\"@type\":\"EntryPoint\",\"urlTemplate\":\"https:\\\/\\\/bonfortuno.eu\\\/ru\\\/?s={search_term_string}\"},\"query-input\":{\"@type\":\"PropertyValueSpecification\",\"valueRequired\":true,\"valueName\":\"search_term_string\"}}],\"inLanguage\":\"ru-RU\"}]}<\/script>\n<!-- \/ Yoast SEO plugin. -->","yoast_head_json":{"title":"[:et]\u201c\u00d5hupallid Happy Birthday\u201d[:ru]\u201c\u0412\u043e\u0437\u0434\u0443\u0448\u043d\u044b\u0435 \u0448\u0430\u0440\u044b Happy Birthday\u201d[:en]\u201cHappy Birthday Balloons\u201d[:] | Bonfortuno","robots":{"index":"index","follow":"follow","max-snippet":"max-snippet:-1","max-image-preview":"max-image-preview:large","max-video-preview":"max-video-preview:-1"},"canonical":"https:\/\/bonfortuno.eu\/toode\/ohupallid-happy-birthday-2\/","og_locale":"ru_RU","og_type":"article","og_title":"[:et]\u201c\u00d5hupallid Happy Birthday\u201d[:ru]\u201c\u0412\u043e\u0437\u0434\u0443\u0448\u043d\u044b\u0435 \u0448\u0430\u0440\u044b Happy Birthday\u201d[:en]\u201cHappy Birthday Balloons\u201d[:] | Bonfortuno","og_description":"[:et]Meie Happy Birthday \u00f5hupallid annavad peole erilist meeleolu! Valige sinine, kollane, roheline, roosa v\u00f5i lilla v\u00e4rv. Lateksist \u00f5hupallid pealkirjaga \"Happy Birthday\", mida \u00fcmbritsevad v\u00e4ikesed t\u00e4hed ja s\u00fcdamed. Sobib peoruumi dekoreerimiseks. Tootekirjeldus: laius 12 cm[:ru]\u041d\u0430\u0448\u0438 \u044f\u0440\u043a\u0438\u0435 \u0432\u043e\u0437\u0434\u0443\u0448\u043d\u044b\u0435 \u0448\u0430\u0440\u044b \u043f\u0440\u0438\u0434\u0430\u0434\u0443\u0442 \u0432\u0435\u0447\u0435\u0440\u0438\u043d\u043a\u0435 \u043e\u0441\u043e\u0431\u043e\u0435 \u043d\u0430\u0441\u0442\u0440\u043e\u0435\u043d\u0438\u0435! \u0412\u044b\u0431\u0435\u0440\u0438\u0442\u0435 \u0441\u0438\u043d\u0438\u0439, \u0436\u0451\u043b\u0442\u044b\u0439, \u0437\u0435\u043b\u0451\u043d\u044b\u0439, \u0440\u043e\u0437\u043e\u0432\u044b\u0439 \u0438\u043b\u0438 \u0444\u0438\u043e\u043b\u0435\u0442\u043e\u0432\u044b\u0439. \u041b\u0430\u0442\u0435\u043a\u0441\u043d\u044b\u0435 \u0448\u0430\u0440\u0438\u043a\u0438 \u0441 \u043d\u0430\u0434\u043f\u0438\u0441\u044c\u044e \u00abHappy Birthday!\u00bb, \u043e\u043a\u0440\u0443\u0436\u0451\u043d\u043d\u043e\u0439 \u043a\u0440\u043e\u0448\u0435\u0447\u043d\u044b\u043c\u0438 \u0437\u0432\u0435\u0437\u0434\u0430\u043c\u0438 \u0438 \u0441\u0435\u0440\u0434\u0435\u0447\u043a\u0430\u043c\u0438 - \u0438\u0434\u0435\u0430\u043b\u044c\u043d\u043e \u043f\u043e\u0434\u043e\u0439\u0434\u0443\u0442 \u0432 \u043a\u0430\u0447\u0435\u0441\u0442\u0432\u0435 \u0434\u0435\u043a\u043e\u0440\u0430. \u0418\u043d\u0444\u043e\u0440\u043c\u0430\u0446\u0438\u044f \u043e \u0442\u043e\u0432\u0430\u0440\u0435: \u0448\u0438\u0440\u0438\u043d\u0430 12 \u0441\u043c[:en]Our Bright Happy Birthday Balloons will bring a special party mood! Choose blue, yellow, green, pink or purple. These latex balloons feature a \"Happy Birthday\" headline, surrounded by tiny stars and hearts. Perfect for complementing the decor at any birthday celebration, can be mixed in with other balloons! Product details: 12 cm in wide[:]","og_url":"https:\/\/bonfortuno.eu\/toode\/ohupallid-happy-birthday-2\/","og_site_name":"Bonfortuno","article_modified_time":"2025-02-11T20:25:16+00:00","og_image":[{"width":500,"height":500,"url":"https:\/\/bonfortuno.eu\/wp-content\/uploads\/2021\/02\/happy-birthday-500x500-1.jpg","type":"image\/jpeg"}],"twitter_card":"summary_large_image","schema":{"@context":"https:\/\/schema.org","@graph":[{"@type":"WebPage","@id":"https:\/\/bonfortuno.eu\/toode\/ohupallid-happy-birthday-2\/","url":"https:\/\/bonfortuno.eu\/toode\/ohupallid-happy-birthday-2\/","name":"[:et]\u201c\u00d5hupallid Happy Birthday\u201d[:ru]\u201c\u0412\u043e\u0437\u0434\u0443\u0448\u043d\u044b\u0435 \u0448\u0430\u0440\u044b Happy Birthday\u201d[:en]\u201cHappy Birthday Balloons\u201d[:] | Bonfortuno","isPartOf":{"@id":"https:\/\/bonfortuno.eu\/ru\/#website"},"primaryImageOfPage":{"@id":"https:\/\/bonfortuno.eu\/toode\/ohupallid-happy-birthday-2\/#primaryimage"},"image":{"@id":"https:\/\/bonfortuno.eu\/toode\/ohupallid-happy-birthday-2\/#primaryimage"},"thumbnailUrl":"https:\/\/bonfortuno.eu\/wp-content\/uploads\/2021\/02\/happy-birthday-500x500-1.jpg","datePublished":"2018-07-05T20:40:22+00:00","dateModified":"2025-02-11T20:25:16+00:00","breadcrumb":{"@id":"https:\/\/bonfortuno.eu\/toode\/ohupallid-happy-birthday-2\/#breadcrumb"},"inLanguage":"ru-RU","potentialAction":[{"@type":"ReadAction","target":["https:\/\/bonfortuno.eu\/toode\/ohupallid-happy-birthday-2\/"]}]},{"@type":"ImageObject","inLanguage":"ru-RU","@id":"https:\/\/bonfortuno.eu\/toode\/ohupallid-happy-birthday-2\/#primaryimage","url":"https:\/\/bonfortuno.eu\/wp-content\/uploads\/2021\/02\/happy-birthday-500x500-1.jpg","contentUrl":"https:\/\/bonfortuno.eu\/wp-content\/uploads\/2021\/02\/happy-birthday-500x500-1.jpg","width":500,"height":500},{"@type":"BreadcrumbList","@id":"https:\/\/bonfortuno.eu\/toode\/ohupallid-happy-birthday-2\/#breadcrumb","itemListElement":[{"@type":"ListItem","position":1,"name":"\u0413\u043b\u0430\u0432\u043d\u0430\u044f \u0441\u0442\u0440\u0430\u043d\u0438\u0446\u0430","item":"https:\/\/bonfortuno.eu\/"},{"@type":"ListItem","position":2,"name":"\u041c\u0430\u0433\u0430\u0437\u0438\u043d","item":"https:\/\/bonfortuno.eu\/"},{"@type":"ListItem","position":3,"name":"\u201c\u00d5hupallid Happy Birthday\u201d"}]},{"@type":"WebSite","@id":"https:\/\/bonfortuno.eu\/ru\/#website","url":"https:\/\/bonfortuno.eu\/ru\/","name":"Bonfortuno","description":"\u0414\u043e\u0431\u0440\u043e \u043f\u043e\u0436\u0430\u043b\u043e\u0432\u0430\u0442\u044c \u0432 \u043c\u0438\u0440 \u0441\u0432\u0435\u0436\u0438\u0445 \u0446\u0432\u0435\u0442\u043e\u0432","potentialAction":[{"@type":"SearchAction","target":{"@type":"EntryPoint","urlTemplate":"https:\/\/bonfortuno.eu\/ru\/?s={search_term_string}"},"query-input":{"@type":"PropertyValueSpecification","valueRequired":true,"valueName":"search_term_string"}}],"inLanguage":"ru-RU"}]}},"_links":{"self":[{"href":"https:\/\/bonfortuno.eu\/ru\/wp-json\/wp\/v2\/product\/741","targetHints":{"allow":["GET"]}}],"collection":[{"href":"https:\/\/bonfortuno.eu\/ru\/wp-json\/wp\/v2\/product"}],"about":[{"href":"https:\/\/bonfortuno.eu\/ru\/wp-json\/wp\/v2\/types\/product"}],"wp:featuredmedia":[{"embeddable":true,"href":"https:\/\/bonfortuno.eu\/ru\/wp-json\/wp\/v2\/media\/3026"}],"wp:attachment":[{"href":"https:\/\/bonfortuno.eu\/ru\/wp-json\/wp\/v2\/media?parent=741"}],"wp:term":[{"taxonomy":"product_brand","embeddable":true,"href":"https:\/\/bonfortuno.eu\/ru\/wp-json\/wp\/v2\/product_brand?post=741"},{"taxonomy":"product_cat","embeddable":true,"href":"https:\/\/bonfortuno.eu\/ru\/wp-json\/wp\/v2\/product_cat?post=741"},{"taxonomy":"product_tag","embeddable":true,"href":"https:\/\/bonfortuno.eu\/ru\/wp-json\/wp\/v2\/product_tag?post=741"}],"curies":[{"name":"wp","href":"https:\/\/api.w.org\/{rel}","templated":true}]}}