{"id":790,"date":"2018-07-06T17:28:18","date_gmt":"2018-07-06T14:28:18","guid":{"rendered":"https:\/\/bonfortuno.eu\/?post_type=product&#038;p=790"},"modified":"2022-12-22T10:43:49","modified_gmt":"2022-12-22T08:43:49","slug":"ohupall-micky-mouse","status":"publish","type":"product","link":"https:\/\/bonfortuno.eu\/ru\/toode\/ohupall-micky-mouse\/","title":{"rendered":"&#187;\u0412\u043e\u0437\u0434\u0443\u0448\u043d\u044b\u0439 \u0448\u0430\u0440\u0438\u043a Micky Mouse&#187;"},"content":{"rendered":"","protected":false},"excerpt":{"rendered":"<p style=\"text-align: justify;\">\u042e\u0445\u0445\u0443\u0443! Micky Mouse \u0437\u0434\u0435\u0441\u044c, \u0447\u0442\u043e\u0431\u044b \u043f\u043e\u0436\u0435\u043b\u0430\u0442\u044c \u0438\u043c\u0435\u043d\u0438\u043d\u043d\u0438\u043a\u0443 \u043e\u0442\u043b\u0438\u0447\u043d\u043e\u0433\u043e \u0434\u043d\u044f \u200b\u200b\u0440\u043e\u0436\u0434\u0435\u043d\u0438\u044f! \u0421 \u0432\u043e\u0437\u0434\u0443\u0448\u043d\u044b\u043c\u0438 \u0448\u0430\u0440\u0430\u043c\u0438 \u043e\u0442 Bonfortuno \u043f\u0440\u0430\u0437\u0434\u043d\u0438\u043a \u0441\u0442\u0430\u043d\u0435\u0442 \u0433\u043e\u0440\u0430\u0437\u0434\u043e \u0432\u0435\u0441\u0435\u043b\u0435\u0435! \u0418\u043d\u0444\u043e\u0440\u043c\u0430\u0446\u0438\u044f \u043e \u0442\u043e\u0432\u0430\u0440\u0435: \u0448\u0438\u0440\u0438\u043d\u0430 40 \u0441\u043c<\/p>\n","protected":false},"featured_media":2638,"template":"","meta":[],"product_brand":[],"product_cat":[31,76],"product_tag":[],"class_list":{"0":"post-790","1":"product","2":"type-product","3":"status-publish","4":"has-post-thumbnail","6":"product_cat-ohupallid","7":"product_cat-koik-tooted","9":"first","10":"instock","11":"featured","12":"shipping-taxable","13":"purchasable","14":"product-type-simple"},"yoast_head":"<!-- This site is optimized with the Yoast SEO plugin v27.3 - https:\/\/yoast.com\/product\/yoast-seo-wordpress\/ -->\n<title>&quot;\u0412\u043e\u0437\u0434\u0443\u0448\u043d\u044b\u0439 \u0448\u0430\u0440\u0438\u043a Micky Mouse&quot; | Bonfortuno<\/title>\n<meta name=\"robots\" content=\"index, follow, max-snippet:-1, max-image-preview:large, max-video-preview:-1\" \/>\n<link rel=\"canonical\" href=\"https:\/\/bonfortuno.eu\/toode\/ohupall-micky-mouse\/\" \/>\n<meta property=\"og:locale\" content=\"ru_RU\" \/>\n<meta property=\"og:type\" content=\"article\" \/>\n<meta property=\"og:title\" content=\"[:et]&quot;\u00d5hupall Micky Mouse&quot;[:ru]&quot;\u0412\u043e\u0437\u0434\u0443\u0448\u043d\u044b\u0439 \u0448\u0430\u0440\u0438\u043a Micky Mouse&quot;[:en]\u201cMicky Mouse Balloon\u201d[:] | Bonfortuno\" \/>\n<meta property=\"og:description\" content=\"[:et]Yoo hoo! Micky Mouse on siin, et soovida s\u00fcnnip\u00e4evalapsele m\u00f5nusat p\u00e4eva toredas seltskonnas! Bonfortuno \u00f5hupallidega on pidu palju l\u00f5busam! Tootekirjeldus: laius 40 cm[:ru]\u042e\u0445\u0445\u0443\u0443! Micky Mouse \u0437\u0434\u0435\u0441\u044c, \u0447\u0442\u043e\u0431\u044b \u043f\u043e\u0436\u0435\u043b\u0430\u0442\u044c \u0438\u043c\u0435\u043d\u0438\u043d\u043d\u0438\u043a\u0443 \u043e\u0442\u043b\u0438\u0447\u043d\u043e\u0433\u043e \u0434\u043d\u044f \u200b\u200b\u0440\u043e\u0436\u0434\u0435\u043d\u0438\u044f! \u0421 \u0432\u043e\u0437\u0434\u0443\u0448\u043d\u044b\u043c\u0438 \u0448\u0430\u0440\u0430\u043c\u0438 \u043e\u0442 Bonfortuno \u043f\u0440\u0430\u0437\u0434\u043d\u0438\u043a \u0441\u0442\u0430\u043d\u0435\u0442 \u0433\u043e\u0440\u0430\u0437\u0434\u043e \u0432\u0435\u0441\u0435\u043b\u0435\u0435! \u0418\u043d\u0444\u043e\u0440\u043c\u0430\u0446\u0438\u044f \u043e \u0442\u043e\u0432\u0430\u0440\u0435: \u0448\u0438\u0440\u0438\u043d\u0430 40 \u0441\u043c[:en]Yoo hoo! Minnie Mouse is here to wish the birthday girl or boy a magical day with Minnie Mouse Birthday balloons! Product details: 40 cm in wide[:]\" \/>\n<meta property=\"og:url\" content=\"https:\/\/bonfortuno.eu\/toode\/ohupall-micky-mouse\/\" \/>\n<meta property=\"og:site_name\" content=\"Bonfortuno\" \/>\n<meta property=\"article:modified_time\" content=\"2022-12-22T08:43:49+00:00\" \/>\n<meta property=\"og:image\" content=\"https:\/\/bonfortuno.eu\/wp-content\/uploads\/2020\/05\/\u043c\u0438\u043a\u043a\u0438-\u043c\u0430\u0443\u0441.jpg\" \/>\n\t<meta property=\"og:image:width\" content=\"400\" \/>\n\t<meta property=\"og:image:height\" content=\"400\" \/>\n\t<meta property=\"og:image:type\" content=\"image\/jpeg\" \/>\n<meta name=\"twitter:card\" content=\"summary_large_image\" \/>\n<script type=\"application\/ld+json\" class=\"yoast-schema-graph\">{\"@context\":\"https:\\\/\\\/schema.org\",\"@graph\":[{\"@type\":\"WebPage\",\"@id\":\"https:\\\/\\\/bonfortuno.eu\\\/toode\\\/ohupall-micky-mouse\\\/\",\"url\":\"https:\\\/\\\/bonfortuno.eu\\\/toode\\\/ohupall-micky-mouse\\\/\",\"name\":\"[:et]\\\"\u00d5hupall Micky Mouse\\\"[:ru]\\\"\u0412\u043e\u0437\u0434\u0443\u0448\u043d\u044b\u0439 \u0448\u0430\u0440\u0438\u043a Micky Mouse\\\"[:en]\u201cMicky Mouse Balloon\u201d[:] | Bonfortuno\",\"isPartOf\":{\"@id\":\"https:\\\/\\\/bonfortuno.eu\\\/ru\\\/#website\"},\"primaryImageOfPage\":{\"@id\":\"https:\\\/\\\/bonfortuno.eu\\\/toode\\\/ohupall-micky-mouse\\\/#primaryimage\"},\"image\":{\"@id\":\"https:\\\/\\\/bonfortuno.eu\\\/toode\\\/ohupall-micky-mouse\\\/#primaryimage\"},\"thumbnailUrl\":\"https:\\\/\\\/bonfortuno.eu\\\/wp-content\\\/uploads\\\/2020\\\/05\\\/\u043c\u0438\u043a\u043a\u0438-\u043c\u0430\u0443\u0441.jpg\",\"datePublished\":\"2018-07-06T14:28:18+00:00\",\"dateModified\":\"2022-12-22T08:43:49+00:00\",\"breadcrumb\":{\"@id\":\"https:\\\/\\\/bonfortuno.eu\\\/toode\\\/ohupall-micky-mouse\\\/#breadcrumb\"},\"inLanguage\":\"ru-RU\",\"potentialAction\":[{\"@type\":\"ReadAction\",\"target\":[\"https:\\\/\\\/bonfortuno.eu\\\/toode\\\/ohupall-micky-mouse\\\/\"]}]},{\"@type\":\"ImageObject\",\"inLanguage\":\"ru-RU\",\"@id\":\"https:\\\/\\\/bonfortuno.eu\\\/toode\\\/ohupall-micky-mouse\\\/#primaryimage\",\"url\":\"https:\\\/\\\/bonfortuno.eu\\\/wp-content\\\/uploads\\\/2020\\\/05\\\/\u043c\u0438\u043a\u043a\u0438-\u043c\u0430\u0443\u0441.jpg\",\"contentUrl\":\"https:\\\/\\\/bonfortuno.eu\\\/wp-content\\\/uploads\\\/2020\\\/05\\\/\u043c\u0438\u043a\u043a\u0438-\u043c\u0430\u0443\u0441.jpg\",\"width\":400,\"height\":400},{\"@type\":\"BreadcrumbList\",\"@id\":\"https:\\\/\\\/bonfortuno.eu\\\/toode\\\/ohupall-micky-mouse\\\/#breadcrumb\",\"itemListElement\":[{\"@type\":\"ListItem\",\"position\":1,\"name\":\"\u0413\u043b\u0430\u0432\u043d\u0430\u044f \u0441\u0442\u0440\u0430\u043d\u0438\u0446\u0430\",\"item\":\"https:\\\/\\\/bonfortuno.eu\\\/\"},{\"@type\":\"ListItem\",\"position\":2,\"name\":\"\u041c\u0430\u0433\u0430\u0437\u0438\u043d\",\"item\":\"https:\\\/\\\/bonfortuno.eu\\\/\"},{\"@type\":\"ListItem\",\"position\":3,\"name\":\"&#8220;\u00d5hupall Micky Mouse&#8221;\"}]},{\"@type\":\"WebSite\",\"@id\":\"https:\\\/\\\/bonfortuno.eu\\\/ru\\\/#website\",\"url\":\"https:\\\/\\\/bonfortuno.eu\\\/ru\\\/\",\"name\":\"Bonfortuno\",\"description\":\"\u0414\u043e\u0431\u0440\u043e \u043f\u043e\u0436\u0430\u043b\u043e\u0432\u0430\u0442\u044c \u0432 \u043c\u0438\u0440 \u0441\u0432\u0435\u0436\u0438\u0445 \u0446\u0432\u0435\u0442\u043e\u0432\",\"potentialAction\":[{\"@type\":\"SearchAction\",\"target\":{\"@type\":\"EntryPoint\",\"urlTemplate\":\"https:\\\/\\\/bonfortuno.eu\\\/ru\\\/?s={search_term_string}\"},\"query-input\":{\"@type\":\"PropertyValueSpecification\",\"valueRequired\":true,\"valueName\":\"search_term_string\"}}],\"inLanguage\":\"ru-RU\"}]}<\/script>\n<!-- \/ Yoast SEO plugin. -->","yoast_head_json":{"title":"[:et]\"\u00d5hupall Micky Mouse\"[:ru]\"\u0412\u043e\u0437\u0434\u0443\u0448\u043d\u044b\u0439 \u0448\u0430\u0440\u0438\u043a Micky Mouse\"[:en]\u201cMicky Mouse Balloon\u201d[:] | Bonfortuno","robots":{"index":"index","follow":"follow","max-snippet":"max-snippet:-1","max-image-preview":"max-image-preview:large","max-video-preview":"max-video-preview:-1"},"canonical":"https:\/\/bonfortuno.eu\/toode\/ohupall-micky-mouse\/","og_locale":"ru_RU","og_type":"article","og_title":"[:et]\"\u00d5hupall Micky Mouse\"[:ru]\"\u0412\u043e\u0437\u0434\u0443\u0448\u043d\u044b\u0439 \u0448\u0430\u0440\u0438\u043a Micky Mouse\"[:en]\u201cMicky Mouse Balloon\u201d[:] | Bonfortuno","og_description":"[:et]Yoo hoo! Micky Mouse on siin, et soovida s\u00fcnnip\u00e4evalapsele m\u00f5nusat p\u00e4eva toredas seltskonnas! Bonfortuno \u00f5hupallidega on pidu palju l\u00f5busam! Tootekirjeldus: laius 40 cm[:ru]\u042e\u0445\u0445\u0443\u0443! Micky Mouse \u0437\u0434\u0435\u0441\u044c, \u0447\u0442\u043e\u0431\u044b \u043f\u043e\u0436\u0435\u043b\u0430\u0442\u044c \u0438\u043c\u0435\u043d\u0438\u043d\u043d\u0438\u043a\u0443 \u043e\u0442\u043b\u0438\u0447\u043d\u043e\u0433\u043e \u0434\u043d\u044f \u200b\u200b\u0440\u043e\u0436\u0434\u0435\u043d\u0438\u044f! \u0421 \u0432\u043e\u0437\u0434\u0443\u0448\u043d\u044b\u043c\u0438 \u0448\u0430\u0440\u0430\u043c\u0438 \u043e\u0442 Bonfortuno \u043f\u0440\u0430\u0437\u0434\u043d\u0438\u043a \u0441\u0442\u0430\u043d\u0435\u0442 \u0433\u043e\u0440\u0430\u0437\u0434\u043e \u0432\u0435\u0441\u0435\u043b\u0435\u0435! \u0418\u043d\u0444\u043e\u0440\u043c\u0430\u0446\u0438\u044f \u043e \u0442\u043e\u0432\u0430\u0440\u0435: \u0448\u0438\u0440\u0438\u043d\u0430 40 \u0441\u043c[:en]Yoo hoo! Minnie Mouse is here to wish the birthday girl or boy a magical day with Minnie Mouse Birthday balloons! Product details: 40 cm in wide[:]","og_url":"https:\/\/bonfortuno.eu\/toode\/ohupall-micky-mouse\/","og_site_name":"Bonfortuno","article_modified_time":"2022-12-22T08:43:49+00:00","og_image":[{"width":400,"height":400,"url":"https:\/\/bonfortuno.eu\/wp-content\/uploads\/2020\/05\/\u043c\u0438\u043a\u043a\u0438-\u043c\u0430\u0443\u0441.jpg","type":"image\/jpeg"}],"twitter_card":"summary_large_image","schema":{"@context":"https:\/\/schema.org","@graph":[{"@type":"WebPage","@id":"https:\/\/bonfortuno.eu\/toode\/ohupall-micky-mouse\/","url":"https:\/\/bonfortuno.eu\/toode\/ohupall-micky-mouse\/","name":"[:et]\"\u00d5hupall Micky Mouse\"[:ru]\"\u0412\u043e\u0437\u0434\u0443\u0448\u043d\u044b\u0439 \u0448\u0430\u0440\u0438\u043a Micky Mouse\"[:en]\u201cMicky Mouse Balloon\u201d[:] | Bonfortuno","isPartOf":{"@id":"https:\/\/bonfortuno.eu\/ru\/#website"},"primaryImageOfPage":{"@id":"https:\/\/bonfortuno.eu\/toode\/ohupall-micky-mouse\/#primaryimage"},"image":{"@id":"https:\/\/bonfortuno.eu\/toode\/ohupall-micky-mouse\/#primaryimage"},"thumbnailUrl":"https:\/\/bonfortuno.eu\/wp-content\/uploads\/2020\/05\/\u043c\u0438\u043a\u043a\u0438-\u043c\u0430\u0443\u0441.jpg","datePublished":"2018-07-06T14:28:18+00:00","dateModified":"2022-12-22T08:43:49+00:00","breadcrumb":{"@id":"https:\/\/bonfortuno.eu\/toode\/ohupall-micky-mouse\/#breadcrumb"},"inLanguage":"ru-RU","potentialAction":[{"@type":"ReadAction","target":["https:\/\/bonfortuno.eu\/toode\/ohupall-micky-mouse\/"]}]},{"@type":"ImageObject","inLanguage":"ru-RU","@id":"https:\/\/bonfortuno.eu\/toode\/ohupall-micky-mouse\/#primaryimage","url":"https:\/\/bonfortuno.eu\/wp-content\/uploads\/2020\/05\/\u043c\u0438\u043a\u043a\u0438-\u043c\u0430\u0443\u0441.jpg","contentUrl":"https:\/\/bonfortuno.eu\/wp-content\/uploads\/2020\/05\/\u043c\u0438\u043a\u043a\u0438-\u043c\u0430\u0443\u0441.jpg","width":400,"height":400},{"@type":"BreadcrumbList","@id":"https:\/\/bonfortuno.eu\/toode\/ohupall-micky-mouse\/#breadcrumb","itemListElement":[{"@type":"ListItem","position":1,"name":"\u0413\u043b\u0430\u0432\u043d\u0430\u044f \u0441\u0442\u0440\u0430\u043d\u0438\u0446\u0430","item":"https:\/\/bonfortuno.eu\/"},{"@type":"ListItem","position":2,"name":"\u041c\u0430\u0433\u0430\u0437\u0438\u043d","item":"https:\/\/bonfortuno.eu\/"},{"@type":"ListItem","position":3,"name":"&#8220;\u00d5hupall Micky Mouse&#8221;"}]},{"@type":"WebSite","@id":"https:\/\/bonfortuno.eu\/ru\/#website","url":"https:\/\/bonfortuno.eu\/ru\/","name":"Bonfortuno","description":"\u0414\u043e\u0431\u0440\u043e \u043f\u043e\u0436\u0430\u043b\u043e\u0432\u0430\u0442\u044c \u0432 \u043c\u0438\u0440 \u0441\u0432\u0435\u0436\u0438\u0445 \u0446\u0432\u0435\u0442\u043e\u0432","potentialAction":[{"@type":"SearchAction","target":{"@type":"EntryPoint","urlTemplate":"https:\/\/bonfortuno.eu\/ru\/?s={search_term_string}"},"query-input":{"@type":"PropertyValueSpecification","valueRequired":true,"valueName":"search_term_string"}}],"inLanguage":"ru-RU"}]}},"_links":{"self":[{"href":"https:\/\/bonfortuno.eu\/ru\/wp-json\/wp\/v2\/product\/790","targetHints":{"allow":["GET"]}}],"collection":[{"href":"https:\/\/bonfortuno.eu\/ru\/wp-json\/wp\/v2\/product"}],"about":[{"href":"https:\/\/bonfortuno.eu\/ru\/wp-json\/wp\/v2\/types\/product"}],"wp:featuredmedia":[{"embeddable":true,"href":"https:\/\/bonfortuno.eu\/ru\/wp-json\/wp\/v2\/media\/2638"}],"wp:attachment":[{"href":"https:\/\/bonfortuno.eu\/ru\/wp-json\/wp\/v2\/media?parent=790"}],"wp:term":[{"taxonomy":"product_brand","embeddable":true,"href":"https:\/\/bonfortuno.eu\/ru\/wp-json\/wp\/v2\/product_brand?post=790"},{"taxonomy":"product_cat","embeddable":true,"href":"https:\/\/bonfortuno.eu\/ru\/wp-json\/wp\/v2\/product_cat?post=790"},{"taxonomy":"product_tag","embeddable":true,"href":"https:\/\/bonfortuno.eu\/ru\/wp-json\/wp\/v2\/product_tag?post=790"}],"curies":[{"name":"wp","href":"https:\/\/api.w.org\/{rel}","templated":true}]}}