{"id":848,"date":"2018-07-09T15:03:01","date_gmt":"2018-07-09T12:03:01","guid":{"rendered":"https:\/\/bonfortuno.eu\/?post_type=product&#038;p=848"},"modified":"2021-07-26T11:12:51","modified_gmt":"2021-07-26T08:12:51","slug":"71-valget-roosi","status":"publish","type":"product","link":"https:\/\/bonfortuno.eu\/ru\/toode\/71-valget-roosi\/","title":{"rendered":"\u201c71 \u0411\u0435\u043b\u0430\u044f \u0420\u043e\u0437\u0430&#187;"},"content":{"rendered":"","protected":false},"excerpt":{"rendered":"<p style=\"text-align: justify;\">\u0411\u0435\u043b\u044b\u0435 \u0440\u043e\u0437\u044b \u0442\u0440\u0430\u0434\u0438\u0446\u0438\u043e\u043d\u043d\u043e \u0441\u0432\u044f\u0437\u0430\u043d\u044b \u0441 \u0431\u0440\u0430\u043a\u0430\u043c\u0438 \u0438 \u043d\u043e\u0432\u044b\u043c\u0438 \u043d\u0430\u0447\u0430\u043b\u0430\u043c\u0438, \u043d\u043e \u0438\u0445 \u0442\u0438\u0445\u0430\u044f \u043a\u0440\u0430\u0441\u043e\u0442\u0430 \u0442\u0430\u043a\u0436\u0435 \u0441\u0434\u0435\u043b\u0430\u043b\u0430 \u0438\u0445 \u0441\u0438\u043c\u0432\u043e\u043b\u043e\u043c \u0432\u043e\u0441\u043f\u043e\u043c\u0438\u043d\u0430\u043d\u0438\u0439. \u0411\u0443\u0434\u044c \u0442\u043e \u0440\u0430\u0434\u043e\u0441\u0442\u043d\u044b\u0439 \u0438\u043b\u0438 \u043f\u0435\u0447\u0430\u043b\u044c\u043d\u044b\u0439 \u043f\u043e\u0432\u043e\u0434, \u0431\u0443\u043a\u0435\u0442 \u0438\u0437 \u0431\u0435\u043b\u044b\u0445 \u0440\u043e\u0437 &#8212; \u044d\u0442\u043e \u043f\u0440\u0435\u043a\u0440\u0430\u0441\u043d\u044b\u0439 \u0441\u043f\u043e\u0441\u043e\u0431 \u0441\u043a\u0430\u0437\u0430\u0442\u044c: \u00ab\u042f \u0434\u0443\u043c\u0430\u044e \u043e \u0442\u0435\u0431\u0435\u00bb. \u0412 \u0431\u0443\u043a\u0435\u0442\u0435 71 \u043f\u0440\u0435\u043a\u0440\u0430\u0441\u043d\u044b\u0445 \u0431\u0435\u043b\u044b\u0445 \u0440\u043e\u0437.<\/p>\n","protected":false},"featured_media":659,"template":"","meta":[],"product_brand":[],"product_cat":[76,30,32],"product_tag":[39,78],"class_list":{"0":"post-848","1":"product","2":"type-product","3":"status-publish","4":"has-post-thumbnail","6":"product_cat-koik-tooted","7":"product_cat-lillekimbud","8":"product_cat-roosid","9":"product_tag-roosid","10":"product_tag-suur","12":"first","13":"instock","14":"featured","15":"shipping-taxable","16":"purchasable","17":"product-type-simple"},"yoast_head":"<!-- This site is optimized with the Yoast SEO plugin v27.3 - https:\/\/yoast.com\/product\/yoast-seo-wordpress\/ -->\n<title>\u201c71 \u0411\u0435\u043b\u0430\u044f \u0420\u043e\u0437\u0430&quot; | Bonfortuno<\/title>\n<meta name=\"robots\" content=\"index, follow, max-snippet:-1, max-image-preview:large, max-video-preview:-1\" \/>\n<link rel=\"canonical\" href=\"https:\/\/bonfortuno.eu\/toode\/71-valget-roosi\/\" \/>\n<meta property=\"og:locale\" content=\"ru_RU\" \/>\n<meta property=\"og:type\" content=\"article\" \/>\n<meta property=\"og:title\" content=\"[:et]&quot;71 Valget Roosi&quot;[:ru]\u201c71 \u0411\u0435\u043b\u0430\u044f \u0420\u043e\u0437\u0430&quot;[:en]\u201c71 White Roses\u201d [:] | Bonfortuno\" \/>\n<meta property=\"og:description\" content=\"[:et]Valged roosid on traditsiooniliselt seotud abielude ja uute alustega, kuid t\u00e4nu nende tagasihoidlikule ilule ka meeldivate m\u00e4lestustega. Olgu see kurb v\u00f5i pidulik s\u00fcndmus valge roosi kimp on suurep\u00e4rane v\u00f5imalus \u00f6elda: &quot;Ma m\u00f5tlen sinust&quot;. Selles kimbus on 71 elegantset v\u00e4rsket roosi.[:ru]\u0411\u0435\u043b\u044b\u0435 \u0440\u043e\u0437\u044b \u0442\u0440\u0430\u0434\u0438\u0446\u0438\u043e\u043d\u043d\u043e \u0441\u0432\u044f\u0437\u0430\u043d\u044b \u0441 \u0431\u0440\u0430\u043a\u0430\u043c\u0438 \u0438 \u043d\u043e\u0432\u044b\u043c\u0438 \u043d\u0430\u0447\u0430\u043b\u0430\u043c\u0438, \u043d\u043e \u0438\u0445 \u0442\u0438\u0445\u0430\u044f \u043a\u0440\u0430\u0441\u043e\u0442\u0430 \u0442\u0430\u043a\u0436\u0435 \u0441\u0434\u0435\u043b\u0430\u043b\u0430 \u0438\u0445 \u0441\u0438\u043c\u0432\u043e\u043b\u043e\u043c \u0432\u043e\u0441\u043f\u043e\u043c\u0438\u043d\u0430\u043d\u0438\u0439. \u0411\u0443\u0434\u044c \u0442\u043e \u0440\u0430\u0434\u043e\u0441\u0442\u043d\u044b\u0439 \u0438\u043b\u0438 \u043f\u0435\u0447\u0430\u043b\u044c\u043d\u044b\u0439 \u043f\u043e\u0432\u043e\u0434, \u0431\u0443\u043a\u0435\u0442 \u0438\u0437 \u0431\u0435\u043b\u044b\u0445 \u0440\u043e\u0437 - \u044d\u0442\u043e \u043f\u0440\u0435\u043a\u0440\u0430\u0441\u043d\u044b\u0439 \u0441\u043f\u043e\u0441\u043e\u0431 \u0441\u043a\u0430\u0437\u0430\u0442\u044c: \u00ab\u042f \u0434\u0443\u043c\u0430\u044e \u043e \u0442\u0435\u0431\u0435\u00bb. \u0412 \u0431\u0443\u043a\u0435\u0442\u0435 71 \u043f\u0440\u0435\u043a\u0440\u0430\u0441\u043d\u044b\u0445 \u0431\u0435\u043b\u044b\u0445 \u0440\u043e\u0437.[:en]White roses are traditionally associated with marriages and new beginnings, but their quiet beauty has also made them a gesture of remembrance. When the occasion calls for reverence, whether stately or somber, a bouquet of white rose is a perfect way to say, \u201cI\u2019m thinking of you.\u201d This bouquet has 71 roses.[:]\" \/>\n<meta property=\"og:url\" content=\"https:\/\/bonfortuno.eu\/toode\/71-valget-roosi\/\" \/>\n<meta property=\"og:site_name\" content=\"Bonfortuno\" \/>\n<meta property=\"article:modified_time\" content=\"2021-07-26T08:12:51+00:00\" \/>\n<meta property=\"og:image\" content=\"https:\/\/bonfortuno.eu\/wp-content\/uploads\/2018\/07\/97.jpg\" \/>\n\t<meta property=\"og:image:width\" content=\"786\" \/>\n\t<meta property=\"og:image:height\" content=\"800\" \/>\n\t<meta property=\"og:image:type\" content=\"image\/jpeg\" \/>\n<meta name=\"twitter:card\" content=\"summary_large_image\" \/>\n<script type=\"application\/ld+json\" class=\"yoast-schema-graph\">{\"@context\":\"https:\\\/\\\/schema.org\",\"@graph\":[{\"@type\":\"WebPage\",\"@id\":\"https:\\\/\\\/bonfortuno.eu\\\/toode\\\/71-valget-roosi\\\/\",\"url\":\"https:\\\/\\\/bonfortuno.eu\\\/toode\\\/71-valget-roosi\\\/\",\"name\":\"[:et]\\\"71 Valget Roosi\\\"[:ru]\u201c71 \u0411\u0435\u043b\u0430\u044f \u0420\u043e\u0437\u0430\\\"[:en]\u201c71 White Roses\u201d [:] | Bonfortuno\",\"isPartOf\":{\"@id\":\"https:\\\/\\\/bonfortuno.eu\\\/ru\\\/#website\"},\"primaryImageOfPage\":{\"@id\":\"https:\\\/\\\/bonfortuno.eu\\\/toode\\\/71-valget-roosi\\\/#primaryimage\"},\"image\":{\"@id\":\"https:\\\/\\\/bonfortuno.eu\\\/toode\\\/71-valget-roosi\\\/#primaryimage\"},\"thumbnailUrl\":\"https:\\\/\\\/bonfortuno.eu\\\/wp-content\\\/uploads\\\/2018\\\/07\\\/97.jpg\",\"datePublished\":\"2018-07-09T12:03:01+00:00\",\"dateModified\":\"2021-07-26T08:12:51+00:00\",\"breadcrumb\":{\"@id\":\"https:\\\/\\\/bonfortuno.eu\\\/toode\\\/71-valget-roosi\\\/#breadcrumb\"},\"inLanguage\":\"ru-RU\",\"potentialAction\":[{\"@type\":\"ReadAction\",\"target\":[\"https:\\\/\\\/bonfortuno.eu\\\/toode\\\/71-valget-roosi\\\/\"]}]},{\"@type\":\"ImageObject\",\"inLanguage\":\"ru-RU\",\"@id\":\"https:\\\/\\\/bonfortuno.eu\\\/toode\\\/71-valget-roosi\\\/#primaryimage\",\"url\":\"https:\\\/\\\/bonfortuno.eu\\\/wp-content\\\/uploads\\\/2018\\\/07\\\/97.jpg\",\"contentUrl\":\"https:\\\/\\\/bonfortuno.eu\\\/wp-content\\\/uploads\\\/2018\\\/07\\\/97.jpg\",\"width\":786,\"height\":800,\"caption\":\"roosid\"},{\"@type\":\"BreadcrumbList\",\"@id\":\"https:\\\/\\\/bonfortuno.eu\\\/toode\\\/71-valget-roosi\\\/#breadcrumb\",\"itemListElement\":[{\"@type\":\"ListItem\",\"position\":1,\"name\":\"\u0413\u043b\u0430\u0432\u043d\u0430\u044f \u0441\u0442\u0440\u0430\u043d\u0438\u0446\u0430\",\"item\":\"https:\\\/\\\/bonfortuno.eu\\\/\"},{\"@type\":\"ListItem\",\"position\":2,\"name\":\"\u041c\u0430\u0433\u0430\u0437\u0438\u043d\",\"item\":\"https:\\\/\\\/bonfortuno.eu\\\/\"},{\"@type\":\"ListItem\",\"position\":3,\"name\":\"&#8220;71 Valget Roosi&#8221;\"}]},{\"@type\":\"WebSite\",\"@id\":\"https:\\\/\\\/bonfortuno.eu\\\/ru\\\/#website\",\"url\":\"https:\\\/\\\/bonfortuno.eu\\\/ru\\\/\",\"name\":\"Bonfortuno\",\"description\":\"\u0414\u043e\u0431\u0440\u043e \u043f\u043e\u0436\u0430\u043b\u043e\u0432\u0430\u0442\u044c \u0432 \u043c\u0438\u0440 \u0441\u0432\u0435\u0436\u0438\u0445 \u0446\u0432\u0435\u0442\u043e\u0432\",\"potentialAction\":[{\"@type\":\"SearchAction\",\"target\":{\"@type\":\"EntryPoint\",\"urlTemplate\":\"https:\\\/\\\/bonfortuno.eu\\\/ru\\\/?s={search_term_string}\"},\"query-input\":{\"@type\":\"PropertyValueSpecification\",\"valueRequired\":true,\"valueName\":\"search_term_string\"}}],\"inLanguage\":\"ru-RU\"}]}<\/script>\n<!-- \/ Yoast SEO plugin. -->","yoast_head_json":{"title":"[:et]\"71 Valget Roosi\"[:ru]\u201c71 \u0411\u0435\u043b\u0430\u044f \u0420\u043e\u0437\u0430\"[:en]\u201c71 White Roses\u201d [:] | Bonfortuno","robots":{"index":"index","follow":"follow","max-snippet":"max-snippet:-1","max-image-preview":"max-image-preview:large","max-video-preview":"max-video-preview:-1"},"canonical":"https:\/\/bonfortuno.eu\/toode\/71-valget-roosi\/","og_locale":"ru_RU","og_type":"article","og_title":"[:et]\"71 Valget Roosi\"[:ru]\u201c71 \u0411\u0435\u043b\u0430\u044f \u0420\u043e\u0437\u0430\"[:en]\u201c71 White Roses\u201d [:] | Bonfortuno","og_description":"[:et]Valged roosid on traditsiooniliselt seotud abielude ja uute alustega, kuid t\u00e4nu nende tagasihoidlikule ilule ka meeldivate m\u00e4lestustega. Olgu see kurb v\u00f5i pidulik s\u00fcndmus valge roosi kimp on suurep\u00e4rane v\u00f5imalus \u00f6elda: \"Ma m\u00f5tlen sinust\". Selles kimbus on 71 elegantset v\u00e4rsket roosi.[:ru]\u0411\u0435\u043b\u044b\u0435 \u0440\u043e\u0437\u044b \u0442\u0440\u0430\u0434\u0438\u0446\u0438\u043e\u043d\u043d\u043e \u0441\u0432\u044f\u0437\u0430\u043d\u044b \u0441 \u0431\u0440\u0430\u043a\u0430\u043c\u0438 \u0438 \u043d\u043e\u0432\u044b\u043c\u0438 \u043d\u0430\u0447\u0430\u043b\u0430\u043c\u0438, \u043d\u043e \u0438\u0445 \u0442\u0438\u0445\u0430\u044f \u043a\u0440\u0430\u0441\u043e\u0442\u0430 \u0442\u0430\u043a\u0436\u0435 \u0441\u0434\u0435\u043b\u0430\u043b\u0430 \u0438\u0445 \u0441\u0438\u043c\u0432\u043e\u043b\u043e\u043c \u0432\u043e\u0441\u043f\u043e\u043c\u0438\u043d\u0430\u043d\u0438\u0439. \u0411\u0443\u0434\u044c \u0442\u043e \u0440\u0430\u0434\u043e\u0441\u0442\u043d\u044b\u0439 \u0438\u043b\u0438 \u043f\u0435\u0447\u0430\u043b\u044c\u043d\u044b\u0439 \u043f\u043e\u0432\u043e\u0434, \u0431\u0443\u043a\u0435\u0442 \u0438\u0437 \u0431\u0435\u043b\u044b\u0445 \u0440\u043e\u0437 - \u044d\u0442\u043e \u043f\u0440\u0435\u043a\u0440\u0430\u0441\u043d\u044b\u0439 \u0441\u043f\u043e\u0441\u043e\u0431 \u0441\u043a\u0430\u0437\u0430\u0442\u044c: \u00ab\u042f \u0434\u0443\u043c\u0430\u044e \u043e \u0442\u0435\u0431\u0435\u00bb. \u0412 \u0431\u0443\u043a\u0435\u0442\u0435 71 \u043f\u0440\u0435\u043a\u0440\u0430\u0441\u043d\u044b\u0445 \u0431\u0435\u043b\u044b\u0445 \u0440\u043e\u0437.[:en]White roses are traditionally associated with marriages and new beginnings, but their quiet beauty has also made them a gesture of remembrance. When the occasion calls for reverence, whether stately or somber, a bouquet of white rose is a perfect way to say, \u201cI\u2019m thinking of you.\u201d This bouquet has 71 roses.[:]","og_url":"https:\/\/bonfortuno.eu\/toode\/71-valget-roosi\/","og_site_name":"Bonfortuno","article_modified_time":"2021-07-26T08:12:51+00:00","og_image":[{"width":786,"height":800,"url":"https:\/\/bonfortuno.eu\/wp-content\/uploads\/2018\/07\/97.jpg","type":"image\/jpeg"}],"twitter_card":"summary_large_image","schema":{"@context":"https:\/\/schema.org","@graph":[{"@type":"WebPage","@id":"https:\/\/bonfortuno.eu\/toode\/71-valget-roosi\/","url":"https:\/\/bonfortuno.eu\/toode\/71-valget-roosi\/","name":"[:et]\"71 Valget Roosi\"[:ru]\u201c71 \u0411\u0435\u043b\u0430\u044f \u0420\u043e\u0437\u0430\"[:en]\u201c71 White Roses\u201d [:] | Bonfortuno","isPartOf":{"@id":"https:\/\/bonfortuno.eu\/ru\/#website"},"primaryImageOfPage":{"@id":"https:\/\/bonfortuno.eu\/toode\/71-valget-roosi\/#primaryimage"},"image":{"@id":"https:\/\/bonfortuno.eu\/toode\/71-valget-roosi\/#primaryimage"},"thumbnailUrl":"https:\/\/bonfortuno.eu\/wp-content\/uploads\/2018\/07\/97.jpg","datePublished":"2018-07-09T12:03:01+00:00","dateModified":"2021-07-26T08:12:51+00:00","breadcrumb":{"@id":"https:\/\/bonfortuno.eu\/toode\/71-valget-roosi\/#breadcrumb"},"inLanguage":"ru-RU","potentialAction":[{"@type":"ReadAction","target":["https:\/\/bonfortuno.eu\/toode\/71-valget-roosi\/"]}]},{"@type":"ImageObject","inLanguage":"ru-RU","@id":"https:\/\/bonfortuno.eu\/toode\/71-valget-roosi\/#primaryimage","url":"https:\/\/bonfortuno.eu\/wp-content\/uploads\/2018\/07\/97.jpg","contentUrl":"https:\/\/bonfortuno.eu\/wp-content\/uploads\/2018\/07\/97.jpg","width":786,"height":800,"caption":"roosid"},{"@type":"BreadcrumbList","@id":"https:\/\/bonfortuno.eu\/toode\/71-valget-roosi\/#breadcrumb","itemListElement":[{"@type":"ListItem","position":1,"name":"\u0413\u043b\u0430\u0432\u043d\u0430\u044f \u0441\u0442\u0440\u0430\u043d\u0438\u0446\u0430","item":"https:\/\/bonfortuno.eu\/"},{"@type":"ListItem","position":2,"name":"\u041c\u0430\u0433\u0430\u0437\u0438\u043d","item":"https:\/\/bonfortuno.eu\/"},{"@type":"ListItem","position":3,"name":"&#8220;71 Valget Roosi&#8221;"}]},{"@type":"WebSite","@id":"https:\/\/bonfortuno.eu\/ru\/#website","url":"https:\/\/bonfortuno.eu\/ru\/","name":"Bonfortuno","description":"\u0414\u043e\u0431\u0440\u043e \u043f\u043e\u0436\u0430\u043b\u043e\u0432\u0430\u0442\u044c \u0432 \u043c\u0438\u0440 \u0441\u0432\u0435\u0436\u0438\u0445 \u0446\u0432\u0435\u0442\u043e\u0432","potentialAction":[{"@type":"SearchAction","target":{"@type":"EntryPoint","urlTemplate":"https:\/\/bonfortuno.eu\/ru\/?s={search_term_string}"},"query-input":{"@type":"PropertyValueSpecification","valueRequired":true,"valueName":"search_term_string"}}],"inLanguage":"ru-RU"}]}},"_links":{"self":[{"href":"https:\/\/bonfortuno.eu\/ru\/wp-json\/wp\/v2\/product\/848","targetHints":{"allow":["GET"]}}],"collection":[{"href":"https:\/\/bonfortuno.eu\/ru\/wp-json\/wp\/v2\/product"}],"about":[{"href":"https:\/\/bonfortuno.eu\/ru\/wp-json\/wp\/v2\/types\/product"}],"wp:featuredmedia":[{"embeddable":true,"href":"https:\/\/bonfortuno.eu\/ru\/wp-json\/wp\/v2\/media\/659"}],"wp:attachment":[{"href":"https:\/\/bonfortuno.eu\/ru\/wp-json\/wp\/v2\/media?parent=848"}],"wp:term":[{"taxonomy":"product_brand","embeddable":true,"href":"https:\/\/bonfortuno.eu\/ru\/wp-json\/wp\/v2\/product_brand?post=848"},{"taxonomy":"product_cat","embeddable":true,"href":"https:\/\/bonfortuno.eu\/ru\/wp-json\/wp\/v2\/product_cat?post=848"},{"taxonomy":"product_tag","embeddable":true,"href":"https:\/\/bonfortuno.eu\/ru\/wp-json\/wp\/v2\/product_tag?post=848"}],"curies":[{"name":"wp","href":"https:\/\/api.w.org\/{rel}","templated":true}]}}